{"id":44129,"date":"2025-12-11T12:57:59","date_gmt":"2025-12-11T11:57:59","guid":{"rendered":"https:\/\/naturalpoland.com\/produkty\/uncategorized\/l-%eb%85%b8%eb%a5%b4%eb%b0%9c%eb%a6%b0\/"},"modified":"2025-12-18T13:17:24","modified_gmt":"2025-12-18T12:17:24","slug":"l-%eb%85%b8%eb%a5%b4%eb%b0%9c%eb%a6%b0","status":"publish","type":"product","link":"https:\/\/naturalpoland.com\/ko\/je-pum\/ui-yak-pum-won-ryo\/a-mi-no-san\/l-%eb%85%b8%eb%a5%b4%eb%b0%9c%eb%a6%b0\/","title":{"rendered":"L-\ub178\ub974\ubc1c\ub9b0"},"content":{"rendered":"<p>L-\ub178\ub974\ubc1c\ub9b0\uc740 <strong>\uc0b0\ud654\uc9c8\uc18c \ub300\uc0ac<\/strong> (NO), <strong>\ud608\uad00 \uae30\ub2a5<\/strong> \ubc0f <strong>\uc2e0\uccb4 \ud65c\ub3d9 \ub2a5\ub825<\/strong>\uc744 \uc9c0\uc6d0\ud558\ub294 \uac74\uac15 \ubcf4\uc870 \uc2dd\ud488\uc758 \uc131\ubd84\uc785\ub2c8\ub2e4. \uc6b4\ub3d9\uc120\uc218\uc6a9 \uc81c\ud615\uc5d0\uc11c\ub294 <g id=\"gid_3\">\uadfc\uc721 \ud68c\ubcf5 \ubc0f \uad00\ub958\ub97c \uc9c0\uc6d0\ud558\ub294<\/g> \ubb3c\uc9c8\ub85c \uc0ac\uc6a9\ub418\uba70, <g id=\"gid_4\"><g id=\"gid_5\">L-\uc544\ub974\uae30\ub2cc<\/g><\/g> \ubc0f <g id=\"gid_6\"><g id=\"gid_7\">\uc2dc\ud2b8\ub8f0\ub9b0<\/g><\/g>\uacfc \uc2dc\ub108\uc9c0 \ud6a8\uacfc\ub97c \ub0c5\ub2c8\ub2e4. \uc21c\ub3c4\uc640 \uc548\uc815\uc131 \ub355\ubd84\uc5d0 \uc774 \uc6d0\ub8cc\ub294 \ub300\uc0ac \uad00\ub828 \ub274\ud2b8\ub77c\uc288\ud2f0\uceec \uc81c\ud488 \ubc0f \uc77c\ubd80 \uc758\uc57d\ud488 \uc751\uc6a9 \ubd84\uc57c\uc5d0\uc11c\ub3c4 \ud65c\uc6a9\ub420 \uc218 \uc788\uc2b5\ub2c8\ub2e4.  <\/p>\n","protected":false},"excerpt":{"rendered":"<p><strong>L-\ub178\ub974\ubc1c\ub9b0<\/strong>\uc740 \uc758\uc57d\ud488 \ud488\uc9c8 \ud45c\uc900\uc5d0 \ub530\ub978 \uace0\uae09 \ud569\uc131 \uacf5\uc815\uc744 \ud1b5\ud574 \uc5bb\uc5b4\uc9c0\ub294 \uace0\ub3c4\ub85c \uc815\uc81c\ub41c \uc544\ubbf8\ub178\uc0b0\uc785\ub2c8\ub2e4. \uc774 \uc6d0\ub8cc\ub294 \ud2b9\uc720\uc758 \ud5a5\uacfc \ub9db\uc744 \uc9c0\ub2cc \ubbf8\uc138\ud55c \ud770\uc0c9 \ubd84\ub9d0 \ud615\ud0dc\ub85c \uc81c\uacf5\ub429\ub2c8\ub2e4. <\/p>\n","protected":false},"featured_media":44130,"template":"","meta":{"_acf_changed":false},"product_brand":[],"product_cat":[8142],"product_tag":[],"class_list":{"0":"post-44129","1":"product","2":"type-product","3":"status-publish","4":"has-post-thumbnail","6":"product_cat-a-mi-no-san","8":"first","9":"instock","10":"shipping-taxable","11":"product-type-simple"},"acf":[],"yoast_head":"<!-- This site is optimized with the Yoast SEO plugin v27.6 - https:\/\/yoast.com\/product\/yoast-seo-wordpress\/ -->\n<title>L-\ub178\ub974\ubc1c\ub9b0 - Hurtowy Dystrybutor<\/title>\n<meta name=\"description\" content=\"L-\ub178\ub974\ubc1c\ub9b0\uc740 \uc2e0\uccb4 \ud65c\ub3d9 \ub2a5\ub825, \uc0b0\ud654\uc9c8\uc18c(NO) \ub300\uc0ac \ubc0f \uc2e0\uccb4 \ud68c\ubcf5\uc744 \uc9c0\uc6d0\ud558\ub294 \uac74\uac15 \ubcf4\uc870 \uc2dd\ud488\uc5d0 \uc0ac\uc6a9\ub418\ub294 \uc544\ubbf8\ub178\uc0b0\uc785\ub2c8\ub2e4.\" \/>\n<meta name=\"robots\" content=\"index, follow, max-snippet:-1, max-image-preview:large, max-video-preview:-1\" \/>\n<link rel=\"canonical\" href=\"https:\/\/naturalpoland.com\/ko\/je-pum\/ui-yak-pum-won-ryo\/a-mi-no-san\/l-%eb%85%b8%eb%a5%b4%eb%b0%9c%eb%a6%b0\/\" \/>\n<meta property=\"og:locale\" content=\"ko_KR\" \/>\n<meta property=\"og:type\" content=\"article\" \/>\n<meta property=\"og:title\" content=\"L-\ub178\ub974\ubc1c\ub9b0 - Hurtowy Dystrybutor\" \/>\n<meta property=\"og:description\" content=\"L-\ub178\ub974\ubc1c\ub9b0\uc740 \uc2e0\uccb4 \ud65c\ub3d9 \ub2a5\ub825, \uc0b0\ud654\uc9c8\uc18c(NO) \ub300\uc0ac \ubc0f \uc2e0\uccb4 \ud68c\ubcf5\uc744 \uc9c0\uc6d0\ud558\ub294 \uac74\uac15 \ubcf4\uc870 \uc2dd\ud488\uc5d0 \uc0ac\uc6a9\ub418\ub294 \uc544\ubbf8\ub178\uc0b0\uc785\ub2c8\ub2e4.\" \/>\n<meta property=\"og:url\" content=\"https:\/\/naturalpoland.com\/ko\/je-pum\/ui-yak-pum-won-ryo\/a-mi-no-san\/l-%eb%85%b8%eb%a5%b4%eb%b0%9c%eb%a6%b0\/\" \/>\n<meta property=\"og:site_name\" content=\"NATURAL POLAND - Hurtowy Dystrybutor Surowc\u00f3w\" \/>\n<meta property=\"article:publisher\" content=\"https:\/\/www.facebook.com\/naturalpoland.b2b\" \/>\n<meta property=\"article:modified_time\" content=\"2025-12-18T12:17:24+00:00\" \/>\n<meta property=\"og:image\" content=\"https:\/\/naturalpoland.com\/wp-content\/uploads\/l-norwalina.webp\" \/>\n\t<meta property=\"og:image:width\" content=\"1024\" \/>\n\t<meta property=\"og:image:height\" content=\"1024\" \/>\n\t<meta property=\"og:image:type\" content=\"image\/webp\" \/>\n<script type=\"application\/ld+json\" class=\"yoast-schema-graph\">{\"@context\":\"https:\\\/\\\/schema.org\",\"@graph\":[{\"@type\":\"WebPage\",\"@id\":\"https:\\\/\\\/naturalpoland.com\\\/ko\\\/je-pum\\\/ui-yak-pum-won-ryo\\\/a-mi-no-san\\\/l-%eb%85%b8%eb%a5%b4%eb%b0%9c%eb%a6%b0\\\/\",\"url\":\"https:\\\/\\\/naturalpoland.com\\\/ko\\\/je-pum\\\/ui-yak-pum-won-ryo\\\/a-mi-no-san\\\/l-%eb%85%b8%eb%a5%b4%eb%b0%9c%eb%a6%b0\\\/\",\"name\":\"L-\ub178\ub974\ubc1c\ub9b0 - Hurtowy Dystrybutor\",\"isPartOf\":{\"@id\":\"https:\\\/\\\/naturalpoland.com\\\/ko\\\/#website\"},\"primaryImageOfPage\":{\"@id\":\"https:\\\/\\\/naturalpoland.com\\\/ko\\\/je-pum\\\/ui-yak-pum-won-ryo\\\/a-mi-no-san\\\/l-%eb%85%b8%eb%a5%b4%eb%b0%9c%eb%a6%b0\\\/#primaryimage\"},\"image\":{\"@id\":\"https:\\\/\\\/naturalpoland.com\\\/ko\\\/je-pum\\\/ui-yak-pum-won-ryo\\\/a-mi-no-san\\\/l-%eb%85%b8%eb%a5%b4%eb%b0%9c%eb%a6%b0\\\/#primaryimage\"},\"thumbnailUrl\":\"https:\\\/\\\/naturalpoland.com\\\/wp-content\\\/uploads\\\/l-norwalina.webp\",\"datePublished\":\"2025-12-11T11:57:59+00:00\",\"dateModified\":\"2025-12-18T12:17:24+00:00\",\"description\":\"L-\ub178\ub974\ubc1c\ub9b0\uc740 \uc2e0\uccb4 \ud65c\ub3d9 \ub2a5\ub825, \uc0b0\ud654\uc9c8\uc18c(NO) \ub300\uc0ac \ubc0f \uc2e0\uccb4 \ud68c\ubcf5\uc744 \uc9c0\uc6d0\ud558\ub294 \uac74\uac15 \ubcf4\uc870 \uc2dd\ud488\uc5d0 \uc0ac\uc6a9\ub418\ub294 \uc544\ubbf8\ub178\uc0b0\uc785\ub2c8\ub2e4.\",\"breadcrumb\":{\"@id\":\"https:\\\/\\\/naturalpoland.com\\\/ko\\\/je-pum\\\/ui-yak-pum-won-ryo\\\/a-mi-no-san\\\/l-%eb%85%b8%eb%a5%b4%eb%b0%9c%eb%a6%b0\\\/#breadcrumb\"},\"inLanguage\":\"ko-KR\",\"potentialAction\":[{\"@type\":\"ReadAction\",\"target\":[\"https:\\\/\\\/naturalpoland.com\\\/ko\\\/je-pum\\\/ui-yak-pum-won-ryo\\\/a-mi-no-san\\\/l-%eb%85%b8%eb%a5%b4%eb%b0%9c%eb%a6%b0\\\/\"]}]},{\"@type\":\"ImageObject\",\"inLanguage\":\"ko-KR\",\"@id\":\"https:\\\/\\\/naturalpoland.com\\\/ko\\\/je-pum\\\/ui-yak-pum-won-ryo\\\/a-mi-no-san\\\/l-%eb%85%b8%eb%a5%b4%eb%b0%9c%eb%a6%b0\\\/#primaryimage\",\"url\":\"https:\\\/\\\/naturalpoland.com\\\/wp-content\\\/uploads\\\/l-norwalina.webp\",\"contentUrl\":\"https:\\\/\\\/naturalpoland.com\\\/wp-content\\\/uploads\\\/l-norwalina.webp\",\"width\":1024,\"height\":1024,\"caption\":\"l-\ub178\ub974\ubc1c\ub9b0\"},{\"@type\":\"BreadcrumbList\",\"@id\":\"https:\\\/\\\/naturalpoland.com\\\/ko\\\/je-pum\\\/ui-yak-pum-won-ryo\\\/a-mi-no-san\\\/l-%eb%85%b8%eb%a5%b4%eb%b0%9c%eb%a6%b0\\\/#breadcrumb\",\"itemListElement\":[{\"@type\":\"ListItem\",\"position\":1,\"name\":\"\ud648\",\"item\":\"https:\\\/\\\/naturalpoland.com\\\/ko\\\/\"},{\"@type\":\"ListItem\",\"position\":2,\"name\":\"\uc81c\ud488\",\"item\":\"https:\\\/\\\/naturalpoland.com\\\/ko\\\/%ec%a0%9c%ed%92%88\\\/\"},{\"@type\":\"ListItem\",\"position\":3,\"name\":\"L-\ub178\ub974\ubc1c\ub9b0\"}]},{\"@type\":\"WebSite\",\"@id\":\"https:\\\/\\\/naturalpoland.com\\\/ko\\\/#website\",\"url\":\"https:\\\/\\\/naturalpoland.com\\\/ko\\\/\",\"name\":\"NATURAL POLAND - Hurtowy Dystrybutor Surowc\u00f3w\",\"description\":\"Surowce dla przemys\u0142u spo\u017cywczego, kosmetycznego i farmaceutycznego\",\"publisher\":{\"@id\":\"https:\\\/\\\/naturalpoland.com\\\/ko\\\/#organization\"},\"potentialAction\":[{\"@type\":\"SearchAction\",\"target\":{\"@type\":\"EntryPoint\",\"urlTemplate\":\"https:\\\/\\\/naturalpoland.com\\\/ko\\\/?s={search_term_string}\"},\"query-input\":{\"@type\":\"PropertyValueSpecification\",\"valueRequired\":true,\"valueName\":\"search_term_string\"}}],\"inLanguage\":\"ko-KR\"},{\"@type\":\"Organization\",\"@id\":\"https:\\\/\\\/naturalpoland.com\\\/ko\\\/#organization\",\"name\":\"Natural Poland\",\"url\":\"https:\\\/\\\/naturalpoland.com\\\/ko\\\/\",\"logo\":{\"@type\":\"ImageObject\",\"inLanguage\":\"ko-KR\",\"@id\":\"https:\\\/\\\/naturalpoland.com\\\/ko\\\/#\\\/schema\\\/logo\\\/image\\\/\",\"url\":\"https:\\\/\\\/naturalpoland.com\\\/wp-content\\\/uploads\\\/2021\\\/05\\\/natural-poland-icon.png\",\"contentUrl\":\"https:\\\/\\\/naturalpoland.com\\\/wp-content\\\/uploads\\\/2021\\\/05\\\/natural-poland-icon.png\",\"width\":512,\"height\":512,\"caption\":\"Natural Poland\"},\"image\":{\"@id\":\"https:\\\/\\\/naturalpoland.com\\\/ko\\\/#\\\/schema\\\/logo\\\/image\\\/\"},\"sameAs\":[\"https:\\\/\\\/www.facebook.com\\\/naturalpoland.b2b\",\"https:\\\/\\\/pl.linkedin.com\\\/company\\\/natural-poland\",\"https:\\\/\\\/www.youtube.com\\\/channel\\\/UCgeGGkvOMahZo-xu_MSEWxg\"]}]}<\/script>\n<!-- \/ Yoast SEO plugin. -->","yoast_head_json":{"title":"L-\ub178\ub974\ubc1c\ub9b0 - Hurtowy Dystrybutor","description":"L-\ub178\ub974\ubc1c\ub9b0\uc740 \uc2e0\uccb4 \ud65c\ub3d9 \ub2a5\ub825, \uc0b0\ud654\uc9c8\uc18c(NO) \ub300\uc0ac \ubc0f \uc2e0\uccb4 \ud68c\ubcf5\uc744 \uc9c0\uc6d0\ud558\ub294 \uac74\uac15 \ubcf4\uc870 \uc2dd\ud488\uc5d0 \uc0ac\uc6a9\ub418\ub294 \uc544\ubbf8\ub178\uc0b0\uc785\ub2c8\ub2e4.","robots":{"index":"index","follow":"follow","max-snippet":"max-snippet:-1","max-image-preview":"max-image-preview:large","max-video-preview":"max-video-preview:-1"},"canonical":"https:\/\/naturalpoland.com\/ko\/je-pum\/ui-yak-pum-won-ryo\/a-mi-no-san\/l-%eb%85%b8%eb%a5%b4%eb%b0%9c%eb%a6%b0\/","og_locale":"ko_KR","og_type":"article","og_title":"L-\ub178\ub974\ubc1c\ub9b0 - Hurtowy Dystrybutor","og_description":"L-\ub178\ub974\ubc1c\ub9b0\uc740 \uc2e0\uccb4 \ud65c\ub3d9 \ub2a5\ub825, \uc0b0\ud654\uc9c8\uc18c(NO) \ub300\uc0ac \ubc0f \uc2e0\uccb4 \ud68c\ubcf5\uc744 \uc9c0\uc6d0\ud558\ub294 \uac74\uac15 \ubcf4\uc870 \uc2dd\ud488\uc5d0 \uc0ac\uc6a9\ub418\ub294 \uc544\ubbf8\ub178\uc0b0\uc785\ub2c8\ub2e4.","og_url":"https:\/\/naturalpoland.com\/ko\/je-pum\/ui-yak-pum-won-ryo\/a-mi-no-san\/l-%eb%85%b8%eb%a5%b4%eb%b0%9c%eb%a6%b0\/","og_site_name":"NATURAL POLAND - Hurtowy Dystrybutor Surowc\u00f3w","article_publisher":"https:\/\/www.facebook.com\/naturalpoland.b2b","article_modified_time":"2025-12-18T12:17:24+00:00","og_image":[{"width":1024,"height":1024,"url":"https:\/\/naturalpoland.com\/wp-content\/uploads\/l-norwalina.webp","type":"image\/webp"}],"schema":{"@context":"https:\/\/schema.org","@graph":[{"@type":"WebPage","@id":"https:\/\/naturalpoland.com\/ko\/je-pum\/ui-yak-pum-won-ryo\/a-mi-no-san\/l-%eb%85%b8%eb%a5%b4%eb%b0%9c%eb%a6%b0\/","url":"https:\/\/naturalpoland.com\/ko\/je-pum\/ui-yak-pum-won-ryo\/a-mi-no-san\/l-%eb%85%b8%eb%a5%b4%eb%b0%9c%eb%a6%b0\/","name":"L-\ub178\ub974\ubc1c\ub9b0 - Hurtowy Dystrybutor","isPartOf":{"@id":"https:\/\/naturalpoland.com\/ko\/#website"},"primaryImageOfPage":{"@id":"https:\/\/naturalpoland.com\/ko\/je-pum\/ui-yak-pum-won-ryo\/a-mi-no-san\/l-%eb%85%b8%eb%a5%b4%eb%b0%9c%eb%a6%b0\/#primaryimage"},"image":{"@id":"https:\/\/naturalpoland.com\/ko\/je-pum\/ui-yak-pum-won-ryo\/a-mi-no-san\/l-%eb%85%b8%eb%a5%b4%eb%b0%9c%eb%a6%b0\/#primaryimage"},"thumbnailUrl":"https:\/\/naturalpoland.com\/wp-content\/uploads\/l-norwalina.webp","datePublished":"2025-12-11T11:57:59+00:00","dateModified":"2025-12-18T12:17:24+00:00","description":"L-\ub178\ub974\ubc1c\ub9b0\uc740 \uc2e0\uccb4 \ud65c\ub3d9 \ub2a5\ub825, \uc0b0\ud654\uc9c8\uc18c(NO) \ub300\uc0ac \ubc0f \uc2e0\uccb4 \ud68c\ubcf5\uc744 \uc9c0\uc6d0\ud558\ub294 \uac74\uac15 \ubcf4\uc870 \uc2dd\ud488\uc5d0 \uc0ac\uc6a9\ub418\ub294 \uc544\ubbf8\ub178\uc0b0\uc785\ub2c8\ub2e4.","breadcrumb":{"@id":"https:\/\/naturalpoland.com\/ko\/je-pum\/ui-yak-pum-won-ryo\/a-mi-no-san\/l-%eb%85%b8%eb%a5%b4%eb%b0%9c%eb%a6%b0\/#breadcrumb"},"inLanguage":"ko-KR","potentialAction":[{"@type":"ReadAction","target":["https:\/\/naturalpoland.com\/ko\/je-pum\/ui-yak-pum-won-ryo\/a-mi-no-san\/l-%eb%85%b8%eb%a5%b4%eb%b0%9c%eb%a6%b0\/"]}]},{"@type":"ImageObject","inLanguage":"ko-KR","@id":"https:\/\/naturalpoland.com\/ko\/je-pum\/ui-yak-pum-won-ryo\/a-mi-no-san\/l-%eb%85%b8%eb%a5%b4%eb%b0%9c%eb%a6%b0\/#primaryimage","url":"https:\/\/naturalpoland.com\/wp-content\/uploads\/l-norwalina.webp","contentUrl":"https:\/\/naturalpoland.com\/wp-content\/uploads\/l-norwalina.webp","width":1024,"height":1024,"caption":"l-\ub178\ub974\ubc1c\ub9b0"},{"@type":"BreadcrumbList","@id":"https:\/\/naturalpoland.com\/ko\/je-pum\/ui-yak-pum-won-ryo\/a-mi-no-san\/l-%eb%85%b8%eb%a5%b4%eb%b0%9c%eb%a6%b0\/#breadcrumb","itemListElement":[{"@type":"ListItem","position":1,"name":"\ud648","item":"https:\/\/naturalpoland.com\/ko\/"},{"@type":"ListItem","position":2,"name":"\uc81c\ud488","item":"https:\/\/naturalpoland.com\/ko\/%ec%a0%9c%ed%92%88\/"},{"@type":"ListItem","position":3,"name":"L-\ub178\ub974\ubc1c\ub9b0"}]},{"@type":"WebSite","@id":"https:\/\/naturalpoland.com\/ko\/#website","url":"https:\/\/naturalpoland.com\/ko\/","name":"NATURAL POLAND - Hurtowy Dystrybutor Surowc\u00f3w","description":"Surowce dla przemys\u0142u spo\u017cywczego, kosmetycznego i farmaceutycznego","publisher":{"@id":"https:\/\/naturalpoland.com\/ko\/#organization"},"potentialAction":[{"@type":"SearchAction","target":{"@type":"EntryPoint","urlTemplate":"https:\/\/naturalpoland.com\/ko\/?s={search_term_string}"},"query-input":{"@type":"PropertyValueSpecification","valueRequired":true,"valueName":"search_term_string"}}],"inLanguage":"ko-KR"},{"@type":"Organization","@id":"https:\/\/naturalpoland.com\/ko\/#organization","name":"Natural Poland","url":"https:\/\/naturalpoland.com\/ko\/","logo":{"@type":"ImageObject","inLanguage":"ko-KR","@id":"https:\/\/naturalpoland.com\/ko\/#\/schema\/logo\/image\/","url":"https:\/\/naturalpoland.com\/wp-content\/uploads\/2021\/05\/natural-poland-icon.png","contentUrl":"https:\/\/naturalpoland.com\/wp-content\/uploads\/2021\/05\/natural-poland-icon.png","width":512,"height":512,"caption":"Natural Poland"},"image":{"@id":"https:\/\/naturalpoland.com\/ko\/#\/schema\/logo\/image\/"},"sameAs":["https:\/\/www.facebook.com\/naturalpoland.b2b","https:\/\/pl.linkedin.com\/company\/natural-poland","https:\/\/www.youtube.com\/channel\/UCgeGGkvOMahZo-xu_MSEWxg"]}]}},"_links":{"self":[{"href":"https:\/\/naturalpoland.com\/ko\/wp-json\/wp\/v2\/product\/44129","targetHints":{"allow":["GET"]}}],"collection":[{"href":"https:\/\/naturalpoland.com\/ko\/wp-json\/wp\/v2\/product"}],"about":[{"href":"https:\/\/naturalpoland.com\/ko\/wp-json\/wp\/v2\/types\/product"}],"wp:featuredmedia":[{"embeddable":true,"href":"https:\/\/naturalpoland.com\/ko\/wp-json\/wp\/v2\/media\/44130"}],"wp:attachment":[{"href":"https:\/\/naturalpoland.com\/ko\/wp-json\/wp\/v2\/media?parent=44129"}],"wp:term":[{"taxonomy":"product_brand","embeddable":true,"href":"https:\/\/naturalpoland.com\/ko\/wp-json\/wp\/v2\/product_brand?post=44129"},{"taxonomy":"product_cat","embeddable":true,"href":"https:\/\/naturalpoland.com\/ko\/wp-json\/wp\/v2\/product_cat?post=44129"},{"taxonomy":"product_tag","embeddable":true,"href":"https:\/\/naturalpoland.com\/ko\/wp-json\/wp\/v2\/product_tag?post=44129"}],"curies":[{"name":"wp","href":"https:\/\/api.w.org\/{rel}","templated":true}]}}