{"id":44175,"date":"2025-12-16T13:46:15","date_gmt":"2025-12-16T12:46:15","guid":{"rendered":"https:\/\/naturalpoland.com\/produkty\/uncategorized\/%ec%a0%95%ed%96%a5-%ec%b6%94%ec%b6%9c%eb%ac%bc\/"},"modified":"2025-12-18T13:31:31","modified_gmt":"2025-12-18T12:31:31","slug":"%ec%a0%95%ed%96%a5-%ec%b6%94%ec%b6%9c%eb%ac%bc","status":"publish","type":"product","link":"https:\/\/naturalpoland.com\/ko\/je-pum\/sig-mul-chu-chul-mul\/%ec%a0%95%ed%96%a5-%ec%b6%94%ec%b6%9c%eb%ac%bc\/","title":{"rendered":"\uc815\ud5a5 \ucd94\ucd9c\ubb3c"},"content":{"rendered":"<h2>\uc815\ud5a5 \ucd94\ucd9c\ubb3c\uc758 \ud2b9\uc131 \ubc0f \ud6a8\ub2a5<\/h2>\n<p>\uc815\ud5a5 \ucd94\ucd9c\ubb3c\uc740 <strong>\ud398\ub180 \ud654\ud569\ubb3c<\/strong>, <strong>\ud50c\ub77c\ubcf4\ub178\uc774\ub4dc<\/strong>, <strong>\ud398\ub2d0\ud504\ub85c\ud30c\ub178\uc774\ub4dc \uc720\ub3c4\uccb4<\/strong>\ub97c \ud568\uc720\ud558\uace0 \uc788\uc73c\uba70, \uc774\ub294 \ud56d\uc0b0\ud654 \uc791\uc6a9\uacfc \uc0b0\ud654 \uc2a4\ud2b8\ub808\uc2a4\uc758 \ubd80\uc815\uc801\uc778 \uc601\ud5a5\uc744 \uc904\uc774\ub294 \ub2a5\ub825\uc5d0 \uae30\uc5ec\ud569\ub2c8\ub2e4. \uc774\ub85c \uc778\ud574 \uc774 \uc6d0\ub8cc\ub294 \ud658\uacbd \uc694\uc778\uc73c\ub85c\ubd80\ud130 \ud53c\ubd80 \ubcf4\ud638\ub97c \ub3d5\ub294 \uc81c\ud615\uc5d0 \ud65c\uc6a9\ub429\ub2c8\ub2e4. <\/p>\n<p>\ud654\uc7a5\ud488\uc5d0\uc11c \uc815\ud5a5 \ucd94\ucd9c\ubb3c\uc740 \ub2e4\uc74c\uacfc \uac19\uc740 \ud6a8\ub2a5\uc744 \ubcf4\uc785\ub2c8\ub2e4:<\/p>\n<ul>\n<li>\uc815\ud654 \uc791\uc6a9 \ubc0f \ud53c\ubd80 \uade0\ud615 \uc720\uc9c0 \uc9c0\uc6d0,<\/li>\n<li>\uc9c0\uc131 \ubc0f \ubb38\uc81c\uc131 \ud53c\ubd80 \uad00\ub9ac\uc5d0 \uc911\uc694\ud55c \uc870\uc808 \ud2b9\uc131,<\/li>\n<li>\ud53c\ubd80 \ubc0f \ub450\ud53c\uc758 \uac74\uac15\ud55c \ubbf8\uc138 \ud658\uacbd \uc720\uc9c0 \uc9c0\uc6d0,<\/li>\n<li>\uc138\uc548 \ubc0f \ud1a0\ub2dd \uc81c\ud488\uc6a9 \uc81c\ud615\uc5d0\uc11c \ubcf4\uc870 \uc791\uc6a9.<\/li>\n<\/ul>\n<p>\uc774 \ucd94\ucd9c\ubb3c\uc758 \ud6a8\ub2a5 \ud504\ub85c\ud544\uc740 \ubcf4\ud638 \ubc0f \uc870\uc808 \ud65c\uc131\uc758 \uc870\ud569\uc774 \ud544\uc694\ud55c \uc81c\ud615\uc5d0\uc11c \uae30\ub2a5\uc131 \uc131\ubd84\uc73c\ub85c \ud65c\uc6a9\ub418\uac8c \ud569\ub2c8\ub2e4.<\/p>\n<h2>\uc815\ud5a5 \ucd94\ucd9c\ubb3c\uc758 \ud65c\uc6a9<\/h2>\n<p>\uc815\ud5a5 \ucd94\ucd9c\ubb3c\uc740 \ub2e4\uc74c\uacfc \uac19\uc740 \ud654\uc7a5\ud488 \uc6d0\ub8cc\ub85c \uc0ac\uc6a9\ub429\ub2c8\ub2e4:<\/p>\n<ul>\n<li>\uc5bc\uad74 \ubc0f \ubc14\ub514 \ud53c\ubd80 \uad00\ub9ac\uc6a9 \ud06c\ub9bc \ubc0f \uc5d0\uba40\uc83c,<\/li>\n<li>\uc815\ud654 \ubc0f \uade0\ud615 \uc870\uc808 \uc791\uc6a9\uc744 \ud558\ub294 \ud1a0\ub108 \ubc0f \uc138\ub7fc,<\/li>\n<li>\ubb38\uc81c\uc131 \ud53c\ubd80 \uad00\ub9ac\uc6a9 \ud654\uc7a5\ud488,<\/li>\n<li>\ub450\ud53c \ubc0f \ubaa8\ubc1c \uad00\ub9ac \uc81c\ud488 (\uc0f4\ud478, \ud5e4\uc5b4 \ud1a0\ub2c9),<\/li>\n<li>\uc138\uc815\uc81c \ubc0f \uae30\ub2a5\uc131 \ud654\uc7a5\ud488.<\/li>\n<\/ul>\n","protected":false},"excerpt":{"rendered":"<p><strong>\uc815\ud5a5 \ucd94\ucd9c\ubb3c<\/strong>\uc740 <strong>\uc815\ud5a5\ub098\ubb34 \uaf43\ubd09\uc624\ub9ac<\/strong> (<em>Syzygium aromaticum<\/em>)\uc5d0\uc11c \uc5bb\uc5b4\uc9c0\ub294 \uc2dd\ubb3c\uc131 \uae30\ub2a5\uc131 \uc6d0\ub8cc\ub85c, \ub192\uc740 \ud398\ub180 \ud654\ud569\ubb3c \ud568\ub7c9\uacfc \uac15\ub825\ud55c \uc0dd\ubb3c\ud559\uc801 \ud2b9\uc131\uc73c\ub85c \uc798 \uc54c\ub824\uc838 \uc788\uc2b5\ub2c8\ub2e4.<\/p>\n","protected":false},"featured_media":44176,"template":"","meta":{"_acf_changed":false},"product_brand":[],"product_cat":[8134],"product_tag":[],"class_list":{"0":"post-44175","1":"product","2":"type-product","3":"status-publish","4":"has-post-thumbnail","6":"product_cat-sig-mul-chu-chul-mul","7":"pa_czesc-rosliny-8988","9":"first","10":"instock","11":"shipping-taxable","12":"product-type-simple"},"acf":[],"yoast_head":"<!-- This site is optimized with the Yoast SEO plugin v27.5 - https:\/\/yoast.com\/product\/yoast-seo-wordpress\/ -->\n<title>\uc815\ud5a5 \ucd94\ucd9c\ubb3c - Hurtowy Dystrybutor<\/title>\n<meta name=\"description\" content=\"\uc815\ud5a5 \ucd94\ucd9c\ubb3c\uc740 \ud56d\uc0b0\ud654 \ubc0f \uc815\ud654 \uc791\uc6a9\uc744 \ud558\ub294 \ud654\uc7a5\ud488 \uc6d0\ub8cc\ub85c, \ud06c\ub9bc, \ud1a0\ub108, \ubb38\uc81c\uc131 \ud53c\ubd80\uc6a9 \uc81c\ud488\uc5d0 \uc0ac\uc6a9\ub429\ub2c8\ub2e4.\" \/>\n<meta name=\"robots\" content=\"index, follow, max-snippet:-1, max-image-preview:large, max-video-preview:-1\" \/>\n<link rel=\"canonical\" href=\"https:\/\/naturalpoland.com\/ko\/je-pum\/sig-mul-chu-chul-mul\/%ec%a0%95%ed%96%a5-%ec%b6%94%ec%b6%9c%eb%ac%bc\/\" \/>\n<meta property=\"og:locale\" content=\"ko_KR\" \/>\n<meta property=\"og:type\" content=\"article\" \/>\n<meta property=\"og:title\" content=\"\uc815\ud5a5 \ucd94\ucd9c\ubb3c - Hurtowy Dystrybutor\" \/>\n<meta property=\"og:description\" content=\"\uc815\ud5a5 \ucd94\ucd9c\ubb3c\uc740 \ud56d\uc0b0\ud654 \ubc0f \uc815\ud654 \uc791\uc6a9\uc744 \ud558\ub294 \ud654\uc7a5\ud488 \uc6d0\ub8cc\ub85c, \ud06c\ub9bc, \ud1a0\ub108, \ubb38\uc81c\uc131 \ud53c\ubd80\uc6a9 \uc81c\ud488\uc5d0 \uc0ac\uc6a9\ub429\ub2c8\ub2e4.\" \/>\n<meta property=\"og:url\" content=\"https:\/\/naturalpoland.com\/ko\/je-pum\/sig-mul-chu-chul-mul\/%ec%a0%95%ed%96%a5-%ec%b6%94%ec%b6%9c%eb%ac%bc\/\" \/>\n<meta property=\"og:site_name\" content=\"NATURAL POLAND - Hurtowy Dystrybutor Surowc\u00f3w\" \/>\n<meta property=\"article:publisher\" content=\"https:\/\/www.facebook.com\/naturalpoland.b2b\" \/>\n<meta property=\"article:modified_time\" content=\"2025-12-18T12:31:31+00:00\" \/>\n<meta property=\"og:image\" content=\"https:\/\/naturalpoland.com\/wp-content\/uploads\/ekstrakt-z-gozdzikow.webp\" \/>\n\t<meta property=\"og:image:width\" content=\"1024\" \/>\n\t<meta property=\"og:image:height\" content=\"1024\" \/>\n\t<meta property=\"og:image:type\" content=\"image\/webp\" \/>\n<script type=\"application\/ld+json\" class=\"yoast-schema-graph\">{\"@context\":\"https:\\\/\\\/schema.org\",\"@graph\":[{\"@type\":\"WebPage\",\"@id\":\"https:\\\/\\\/naturalpoland.com\\\/ko\\\/je-pum\\\/sig-mul-chu-chul-mul\\\/%ec%a0%95%ed%96%a5-%ec%b6%94%ec%b6%9c%eb%ac%bc\\\/\",\"url\":\"https:\\\/\\\/naturalpoland.com\\\/ko\\\/je-pum\\\/sig-mul-chu-chul-mul\\\/%ec%a0%95%ed%96%a5-%ec%b6%94%ec%b6%9c%eb%ac%bc\\\/\",\"name\":\"\uc815\ud5a5 \ucd94\ucd9c\ubb3c - Hurtowy Dystrybutor\",\"isPartOf\":{\"@id\":\"https:\\\/\\\/naturalpoland.com\\\/ko\\\/#website\"},\"primaryImageOfPage\":{\"@id\":\"https:\\\/\\\/naturalpoland.com\\\/ko\\\/je-pum\\\/sig-mul-chu-chul-mul\\\/%ec%a0%95%ed%96%a5-%ec%b6%94%ec%b6%9c%eb%ac%bc\\\/#primaryimage\"},\"image\":{\"@id\":\"https:\\\/\\\/naturalpoland.com\\\/ko\\\/je-pum\\\/sig-mul-chu-chul-mul\\\/%ec%a0%95%ed%96%a5-%ec%b6%94%ec%b6%9c%eb%ac%bc\\\/#primaryimage\"},\"thumbnailUrl\":\"https:\\\/\\\/naturalpoland.com\\\/wp-content\\\/uploads\\\/ekstrakt-z-gozdzikow.webp\",\"datePublished\":\"2025-12-16T12:46:15+00:00\",\"dateModified\":\"2025-12-18T12:31:31+00:00\",\"description\":\"\uc815\ud5a5 \ucd94\ucd9c\ubb3c\uc740 \ud56d\uc0b0\ud654 \ubc0f \uc815\ud654 \uc791\uc6a9\uc744 \ud558\ub294 \ud654\uc7a5\ud488 \uc6d0\ub8cc\ub85c, \ud06c\ub9bc, \ud1a0\ub108, \ubb38\uc81c\uc131 \ud53c\ubd80\uc6a9 \uc81c\ud488\uc5d0 \uc0ac\uc6a9\ub429\ub2c8\ub2e4.\",\"breadcrumb\":{\"@id\":\"https:\\\/\\\/naturalpoland.com\\\/ko\\\/je-pum\\\/sig-mul-chu-chul-mul\\\/%ec%a0%95%ed%96%a5-%ec%b6%94%ec%b6%9c%eb%ac%bc\\\/#breadcrumb\"},\"inLanguage\":\"ko-KR\",\"potentialAction\":[{\"@type\":\"ReadAction\",\"target\":[\"https:\\\/\\\/naturalpoland.com\\\/ko\\\/je-pum\\\/sig-mul-chu-chul-mul\\\/%ec%a0%95%ed%96%a5-%ec%b6%94%ec%b6%9c%eb%ac%bc\\\/\"]}]},{\"@type\":\"ImageObject\",\"inLanguage\":\"ko-KR\",\"@id\":\"https:\\\/\\\/naturalpoland.com\\\/ko\\\/je-pum\\\/sig-mul-chu-chul-mul\\\/%ec%a0%95%ed%96%a5-%ec%b6%94%ec%b6%9c%eb%ac%bc\\\/#primaryimage\",\"url\":\"https:\\\/\\\/naturalpoland.com\\\/wp-content\\\/uploads\\\/ekstrakt-z-gozdzikow.webp\",\"contentUrl\":\"https:\\\/\\\/naturalpoland.com\\\/wp-content\\\/uploads\\\/ekstrakt-z-gozdzikow.webp\",\"width\":1024,\"height\":1024,\"caption\":\"\uc815\ud5a5 \ucd94\ucd9c\ubb3c\"},{\"@type\":\"BreadcrumbList\",\"@id\":\"https:\\\/\\\/naturalpoland.com\\\/ko\\\/je-pum\\\/sig-mul-chu-chul-mul\\\/%ec%a0%95%ed%96%a5-%ec%b6%94%ec%b6%9c%eb%ac%bc\\\/#breadcrumb\",\"itemListElement\":[{\"@type\":\"ListItem\",\"position\":1,\"name\":\"\ud648\",\"item\":\"https:\\\/\\\/naturalpoland.com\\\/ko\\\/\"},{\"@type\":\"ListItem\",\"position\":2,\"name\":\"\uc81c\ud488\",\"item\":\"https:\\\/\\\/naturalpoland.com\\\/ko\\\/%ec%a0%9c%ed%92%88\\\/\"},{\"@type\":\"ListItem\",\"position\":3,\"name\":\"\uc815\ud5a5 \ucd94\ucd9c\ubb3c\"}]},{\"@type\":\"WebSite\",\"@id\":\"https:\\\/\\\/naturalpoland.com\\\/ko\\\/#website\",\"url\":\"https:\\\/\\\/naturalpoland.com\\\/ko\\\/\",\"name\":\"NATURAL POLAND - Hurtowy Dystrybutor Surowc\u00f3w\",\"description\":\"Surowce dla przemys\u0142u spo\u017cywczego, kosmetycznego i farmaceutycznego\",\"publisher\":{\"@id\":\"https:\\\/\\\/naturalpoland.com\\\/ko\\\/#organization\"},\"potentialAction\":[{\"@type\":\"SearchAction\",\"target\":{\"@type\":\"EntryPoint\",\"urlTemplate\":\"https:\\\/\\\/naturalpoland.com\\\/ko\\\/?s={search_term_string}\"},\"query-input\":{\"@type\":\"PropertyValueSpecification\",\"valueRequired\":true,\"valueName\":\"search_term_string\"}}],\"inLanguage\":\"ko-KR\"},{\"@type\":\"Organization\",\"@id\":\"https:\\\/\\\/naturalpoland.com\\\/ko\\\/#organization\",\"name\":\"Natural Poland\",\"url\":\"https:\\\/\\\/naturalpoland.com\\\/ko\\\/\",\"logo\":{\"@type\":\"ImageObject\",\"inLanguage\":\"ko-KR\",\"@id\":\"https:\\\/\\\/naturalpoland.com\\\/ko\\\/#\\\/schema\\\/logo\\\/image\\\/\",\"url\":\"https:\\\/\\\/naturalpoland.com\\\/wp-content\\\/uploads\\\/2021\\\/05\\\/natural-poland-icon.png\",\"contentUrl\":\"https:\\\/\\\/naturalpoland.com\\\/wp-content\\\/uploads\\\/2021\\\/05\\\/natural-poland-icon.png\",\"width\":512,\"height\":512,\"caption\":\"Natural Poland\"},\"image\":{\"@id\":\"https:\\\/\\\/naturalpoland.com\\\/ko\\\/#\\\/schema\\\/logo\\\/image\\\/\"},\"sameAs\":[\"https:\\\/\\\/www.facebook.com\\\/naturalpoland.b2b\",\"https:\\\/\\\/pl.linkedin.com\\\/company\\\/natural-poland\",\"https:\\\/\\\/www.youtube.com\\\/channel\\\/UCgeGGkvOMahZo-xu_MSEWxg\"]}]}<\/script>\n<!-- \/ Yoast SEO plugin. -->","yoast_head_json":{"title":"\uc815\ud5a5 \ucd94\ucd9c\ubb3c - Hurtowy Dystrybutor","description":"\uc815\ud5a5 \ucd94\ucd9c\ubb3c\uc740 \ud56d\uc0b0\ud654 \ubc0f \uc815\ud654 \uc791\uc6a9\uc744 \ud558\ub294 \ud654\uc7a5\ud488 \uc6d0\ub8cc\ub85c, \ud06c\ub9bc, \ud1a0\ub108, \ubb38\uc81c\uc131 \ud53c\ubd80\uc6a9 \uc81c\ud488\uc5d0 \uc0ac\uc6a9\ub429\ub2c8\ub2e4.","robots":{"index":"index","follow":"follow","max-snippet":"max-snippet:-1","max-image-preview":"max-image-preview:large","max-video-preview":"max-video-preview:-1"},"canonical":"https:\/\/naturalpoland.com\/ko\/je-pum\/sig-mul-chu-chul-mul\/%ec%a0%95%ed%96%a5-%ec%b6%94%ec%b6%9c%eb%ac%bc\/","og_locale":"ko_KR","og_type":"article","og_title":"\uc815\ud5a5 \ucd94\ucd9c\ubb3c - Hurtowy Dystrybutor","og_description":"\uc815\ud5a5 \ucd94\ucd9c\ubb3c\uc740 \ud56d\uc0b0\ud654 \ubc0f \uc815\ud654 \uc791\uc6a9\uc744 \ud558\ub294 \ud654\uc7a5\ud488 \uc6d0\ub8cc\ub85c, \ud06c\ub9bc, \ud1a0\ub108, \ubb38\uc81c\uc131 \ud53c\ubd80\uc6a9 \uc81c\ud488\uc5d0 \uc0ac\uc6a9\ub429\ub2c8\ub2e4.","og_url":"https:\/\/naturalpoland.com\/ko\/je-pum\/sig-mul-chu-chul-mul\/%ec%a0%95%ed%96%a5-%ec%b6%94%ec%b6%9c%eb%ac%bc\/","og_site_name":"NATURAL POLAND - Hurtowy Dystrybutor Surowc\u00f3w","article_publisher":"https:\/\/www.facebook.com\/naturalpoland.b2b","article_modified_time":"2025-12-18T12:31:31+00:00","og_image":[{"width":1024,"height":1024,"url":"https:\/\/naturalpoland.com\/wp-content\/uploads\/ekstrakt-z-gozdzikow.webp","type":"image\/webp"}],"schema":{"@context":"https:\/\/schema.org","@graph":[{"@type":"WebPage","@id":"https:\/\/naturalpoland.com\/ko\/je-pum\/sig-mul-chu-chul-mul\/%ec%a0%95%ed%96%a5-%ec%b6%94%ec%b6%9c%eb%ac%bc\/","url":"https:\/\/naturalpoland.com\/ko\/je-pum\/sig-mul-chu-chul-mul\/%ec%a0%95%ed%96%a5-%ec%b6%94%ec%b6%9c%eb%ac%bc\/","name":"\uc815\ud5a5 \ucd94\ucd9c\ubb3c - Hurtowy Dystrybutor","isPartOf":{"@id":"https:\/\/naturalpoland.com\/ko\/#website"},"primaryImageOfPage":{"@id":"https:\/\/naturalpoland.com\/ko\/je-pum\/sig-mul-chu-chul-mul\/%ec%a0%95%ed%96%a5-%ec%b6%94%ec%b6%9c%eb%ac%bc\/#primaryimage"},"image":{"@id":"https:\/\/naturalpoland.com\/ko\/je-pum\/sig-mul-chu-chul-mul\/%ec%a0%95%ed%96%a5-%ec%b6%94%ec%b6%9c%eb%ac%bc\/#primaryimage"},"thumbnailUrl":"https:\/\/naturalpoland.com\/wp-content\/uploads\/ekstrakt-z-gozdzikow.webp","datePublished":"2025-12-16T12:46:15+00:00","dateModified":"2025-12-18T12:31:31+00:00","description":"\uc815\ud5a5 \ucd94\ucd9c\ubb3c\uc740 \ud56d\uc0b0\ud654 \ubc0f \uc815\ud654 \uc791\uc6a9\uc744 \ud558\ub294 \ud654\uc7a5\ud488 \uc6d0\ub8cc\ub85c, \ud06c\ub9bc, \ud1a0\ub108, \ubb38\uc81c\uc131 \ud53c\ubd80\uc6a9 \uc81c\ud488\uc5d0 \uc0ac\uc6a9\ub429\ub2c8\ub2e4.","breadcrumb":{"@id":"https:\/\/naturalpoland.com\/ko\/je-pum\/sig-mul-chu-chul-mul\/%ec%a0%95%ed%96%a5-%ec%b6%94%ec%b6%9c%eb%ac%bc\/#breadcrumb"},"inLanguage":"ko-KR","potentialAction":[{"@type":"ReadAction","target":["https:\/\/naturalpoland.com\/ko\/je-pum\/sig-mul-chu-chul-mul\/%ec%a0%95%ed%96%a5-%ec%b6%94%ec%b6%9c%eb%ac%bc\/"]}]},{"@type":"ImageObject","inLanguage":"ko-KR","@id":"https:\/\/naturalpoland.com\/ko\/je-pum\/sig-mul-chu-chul-mul\/%ec%a0%95%ed%96%a5-%ec%b6%94%ec%b6%9c%eb%ac%bc\/#primaryimage","url":"https:\/\/naturalpoland.com\/wp-content\/uploads\/ekstrakt-z-gozdzikow.webp","contentUrl":"https:\/\/naturalpoland.com\/wp-content\/uploads\/ekstrakt-z-gozdzikow.webp","width":1024,"height":1024,"caption":"\uc815\ud5a5 \ucd94\ucd9c\ubb3c"},{"@type":"BreadcrumbList","@id":"https:\/\/naturalpoland.com\/ko\/je-pum\/sig-mul-chu-chul-mul\/%ec%a0%95%ed%96%a5-%ec%b6%94%ec%b6%9c%eb%ac%bc\/#breadcrumb","itemListElement":[{"@type":"ListItem","position":1,"name":"\ud648","item":"https:\/\/naturalpoland.com\/ko\/"},{"@type":"ListItem","position":2,"name":"\uc81c\ud488","item":"https:\/\/naturalpoland.com\/ko\/%ec%a0%9c%ed%92%88\/"},{"@type":"ListItem","position":3,"name":"\uc815\ud5a5 \ucd94\ucd9c\ubb3c"}]},{"@type":"WebSite","@id":"https:\/\/naturalpoland.com\/ko\/#website","url":"https:\/\/naturalpoland.com\/ko\/","name":"NATURAL POLAND - Hurtowy Dystrybutor Surowc\u00f3w","description":"Surowce dla przemys\u0142u spo\u017cywczego, kosmetycznego i farmaceutycznego","publisher":{"@id":"https:\/\/naturalpoland.com\/ko\/#organization"},"potentialAction":[{"@type":"SearchAction","target":{"@type":"EntryPoint","urlTemplate":"https:\/\/naturalpoland.com\/ko\/?s={search_term_string}"},"query-input":{"@type":"PropertyValueSpecification","valueRequired":true,"valueName":"search_term_string"}}],"inLanguage":"ko-KR"},{"@type":"Organization","@id":"https:\/\/naturalpoland.com\/ko\/#organization","name":"Natural Poland","url":"https:\/\/naturalpoland.com\/ko\/","logo":{"@type":"ImageObject","inLanguage":"ko-KR","@id":"https:\/\/naturalpoland.com\/ko\/#\/schema\/logo\/image\/","url":"https:\/\/naturalpoland.com\/wp-content\/uploads\/2021\/05\/natural-poland-icon.png","contentUrl":"https:\/\/naturalpoland.com\/wp-content\/uploads\/2021\/05\/natural-poland-icon.png","width":512,"height":512,"caption":"Natural Poland"},"image":{"@id":"https:\/\/naturalpoland.com\/ko\/#\/schema\/logo\/image\/"},"sameAs":["https:\/\/www.facebook.com\/naturalpoland.b2b","https:\/\/pl.linkedin.com\/company\/natural-poland","https:\/\/www.youtube.com\/channel\/UCgeGGkvOMahZo-xu_MSEWxg"]}]}},"_links":{"self":[{"href":"https:\/\/naturalpoland.com\/ko\/wp-json\/wp\/v2\/product\/44175","targetHints":{"allow":["GET"]}}],"collection":[{"href":"https:\/\/naturalpoland.com\/ko\/wp-json\/wp\/v2\/product"}],"about":[{"href":"https:\/\/naturalpoland.com\/ko\/wp-json\/wp\/v2\/types\/product"}],"wp:featuredmedia":[{"embeddable":true,"href":"https:\/\/naturalpoland.com\/ko\/wp-json\/wp\/v2\/media\/44176"}],"wp:attachment":[{"href":"https:\/\/naturalpoland.com\/ko\/wp-json\/wp\/v2\/media?parent=44175"}],"wp:term":[{"taxonomy":"product_brand","embeddable":true,"href":"https:\/\/naturalpoland.com\/ko\/wp-json\/wp\/v2\/product_brand?post=44175"},{"taxonomy":"product_cat","embeddable":true,"href":"https:\/\/naturalpoland.com\/ko\/wp-json\/wp\/v2\/product_cat?post=44175"},{"taxonomy":"product_tag","embeddable":true,"href":"https:\/\/naturalpoland.com\/ko\/wp-json\/wp\/v2\/product_tag?post=44175"}],"curies":[{"name":"wp","href":"https:\/\/api.w.org\/{rel}","templated":true}]}}