{"id":44308,"date":"2021-06-14T16:56:14","date_gmt":"2021-06-14T14:56:14","guid":{"rendered":"https:\/\/naturalpoland.com\/produkty\/uncategorized\/%ea%b7%b8%eb%9d%bc%eb%b9%84%ec%98%ac%eb%9d%bc-%ec%b6%94%ec%b6%9c%eb%ac%bc\/"},"modified":"2025-12-22T11:38:54","modified_gmt":"2025-12-22T10:38:54","slug":"%ea%b7%b8%eb%9d%bc%eb%b9%84%ec%98%ac%eb%9d%bc-%ec%b6%94%ec%b6%9c%eb%ac%bc","status":"publish","type":"product","link":"https:\/\/naturalpoland.com\/ko\/je-pum\/sig-mul-chu-chul-mul\/%ea%b7%b8%eb%9d%bc%eb%b9%84%ec%98%ac%eb%9d%bc-%ec%b6%94%ec%b6%9c%eb%ac%bc\/","title":{"rendered":"\uadf8\ub77c\ube44\uc62c\ub77c \ucd94\ucd9c\ubb3c"},"content":{"rendered":"<h2>\uadf8\ub77c\ube44\uc62c\ub77c \ucd94\ucd9c\ubb3c\uc758 \ud6a8\ub2a5<\/h2>\n<p>\uadf8\ub77c\ube44\uc62c\ub77c \ucd94\ucd9c\ubb3c\uc740 <strong>\uc544\uc138\ud1a0\uac8c\ub2cc<\/strong>\uacfc \uac19\uc740 \uc0dd\uccb4 \ud65c\uc131 \ud654\ud569\ubb3c\uacfc \ube44\ud0c0\ubbfc C, B, E, K, \uadf8\ub9ac\uace0 \ub9c8\uadf8\ub124\uc298, \uc778, \uce7c\ub968, \ucca0, \uc544\uc5f0 \ub4f1\uc758 \ubbf8\ub124\ub784\uc744 \ud568\uc720\ud558\uace0 \uc788\uc2b5\ub2c8\ub2e4. \uc774 \ud654\ud569\ubb3c\ub4e4\uc740 \uba74\uc5ed\ub825 \uac15\ud654\ubd80\ud130 \uac10\uc5fc \uc608\ubc29\uae4c\uc9c0 \ub2e4\uc591\ud55c \uc218\uc900\uc5d0\uc11c \uc2e0\uccb4 \uae30\ub2a5\uc744 \uc9c0\uc6d0\ud569\ub2c8\ub2e4.  <\/p>\n<h2>\uadf8\ub77c\ube44\uc62c\ub77c \ucd94\ucd9c\ubb3c\uc758 \uc791\uc6a9<\/h2>\n<p>\uadf8\ub77c\ube44\uc62c\ub77c \ucd94\ucd9c\ubb3c\uc758 \uac00\uc7a5 \uc911\uc694\ud55c \ud2b9\uc9d5\uc740 <strong>\ud56d\uc554 \ud2b9\uc131<\/strong>\uc785\ub2c8\ub2e4. \ucd94\ucd9c\ubb3c\uc5d0 \ub2e4\ub7c9 \ud568\uc720\ub41c \uc544\uc138\ud1a0\uac8c\ub2cc\uc740 \uac74\uac15\ud55c \uc138\ud3ec\uc5d0 \ud574\ub97c \ub07c\uce58\uc9c0 \uc54a\uace0 \uc554\uc138\ud3ec\ub97c \uc120\ud0dd\uc801\uc73c\ub85c \ud30c\uad34\ud558\ub294 \ub2a5\ub825\uc744 \ubcf4\uc5ec\uc90d\ub2c8\ub2e4. \uadf8\ub77c\ube44\uc62c\ub77c\ub294 \uc720\ubc29\uc554, \uc804\ub9bd\uc120\uc554, \ucdcc\uc7a5\uc554, \ud3d0\uc554, \ub300\uc7a5\uc554 \ub4f1 \ub2e4\uc591\ud55c \uc554 \ud1f4\uce58\uc5d0 \ub192\uc740 \ud6a8\uacfc\ub97c \ubcf4\uc785\ub2c8\ub2e4. \uc791\uc6a9 \uba54\ucee4\ub2c8\uc998\uc740 \uc554\uc138\ud3ec\ub9c9\uc5d0 \uc874\uc7ac\ud558\ub294 \ud6a8\uc18c\ub97c \uc5b5\uc81c\ud558\uc5ec \uc554\uc138\ud3ec\uc758 \ucd94\uac00\uc801\uc778 \uc131\uc7a5\uc744 \ub9c9\ub294 \uac83\uc785\ub2c8\ub2e4. \ud558\uc9c0\ub9cc \uadf8\ub77c\ube44\uc62c\ub77c\ub97c \ud65c\uc6a9\ud55c \ud6a8\uacfc\uc801\uc778 \uc2e0\uc57d \uac1c\ubc1c\uc744 \uc704\ud55c \uc5f0\uad6c\ub294 \uc5ec\uc804\ud788 \uc9c4\ud589 \uc911\uc785\ub2c8\ub2e4.    <\/p>\n<p>\uadf8\ub77c\ube44\uc62c\ub77c \ucd94\ucd9c\ubb3c\uc740 \ub610\ud55c \uac15\ub825\ud55c <strong>\ud56d\uade0 \ubc0f \ud56d\uae30\uc0dd\ucda9 \ud2b9\uc131<\/strong>\uc744 \uac00\uc9c0\uace0 \uc788\uc2b5\ub2c8\ub2e4. \uadf8\ub77c\ube44\uc62c\ub77c \uc528\uc557\uc740 \uc804\ud1b5\uc801\uc73c\ub85c \uae30\uc0dd\ucda9 \ud1f4\uce58\uc5d0 \uc0ac\uc6a9\ub418\uc5c8\uc73c\uba70, \uacfc\uc77c\uacfc \uc78e \ucd94\ucd9c\ubb3c\uc740 \uc138\uade0\uc131 \ubc0f \uacf0\ud321\uc774\uc131 \uac10\uc5fc\uacfc \uac74\uc120, \uc2b5\uc9c4\uacfc \uac19\uc740 \ud53c\ubd80 \uc9c8\ud658 \uce58\ub8cc\uc5d0 \ud65c\uc6a9\ub418\uc5c8\uc2b5\ub2c8\ub2e4. \ucd94\ucd9c\ubb3c \uc0ac\uc6a9\uc740 \ub0b4\ubd80 \ubc0f \uc678\ubd80 \uac10\uc5fc\uc744 \uc81c\uac70\ud558\uace0 \uba74\uc5ed \uccb4\uacc4\ub97c \uac15\ud654\ud558\ub294 \ub370 \ub3c4\uc6c0\uc744 \uc90d\ub2c8\ub2e4.  <\/p>\n<p>\uadf8\ub77c\ube44\uc62c\ub77c\ub294 \ub610\ud55c <strong>\uc21c\ud658\uacc4<\/strong>\uc5d0 \uc720\uc775\ud558\uac8c \uc791\uc6a9\ud558\uc5ec \ud608\uc555\uc744 \ub0ae\ucd94\uace0 \uc2ec\uc7a5 \uae30\ub2a5\uc744 \uc9c0\uc6d0\ud569\ub2c8\ub2e4. \uc2dd\ubb3c\uc5d0 \ud568\uc720\ub41c \ud654\ud569\ubb3c\uc740 \ud608\uad00\uc744 \ud655\uc7a5\ud558\uc5ec \uc2ec\ubc15\uc218\ub97c \uac10\uc18c\uc2dc\ud0b5\ub2c8\ub2e4. \ucd94\ucd9c\ubb3c\uc740 \ub610\ud55c \ud608\ub2f9 \uc218\uce58 \uc870\uc808\uc744 \uc9c0\uc6d0\ud558\ub294 <strong>\ud56d\ub2f9\ub1e8 \uc791\uc6a9<\/strong>\uc744 \ubcf4\uc5ec\uc90d\ub2c8\ub2e4.  <\/p>\n<p>\uadf8\ub77c\ube44\uc62c\ub77c \ud5c8\ube0c\uc758 <strong>\uc9c4\uc815 \ubc0f \ud56d\ubd88\uc548 \ud2b9\uc131<\/strong>\uc73c\ub85c \uc778\ud574, \ucd94\ucd9c\ubb3c\uc740 \uc2a4\ud2b8\ub808\uc2a4, \uc2e0\uacbd \uae34\uc7a5 \ubc0f \ubd88\uba74\uc99d\uc5d0 \ub300\ud56d\ud558\ub294 \uc790\uc5f0\uc801\uc778 \ubcf4\uc870\uc81c\ub85c \uc0ac\uc6a9\ub420 \uc218 \uc788\uc2b5\ub2c8\ub2e4. \uc815\uae30\uc801\uc778 \uc12d\ucde8\ub294 \uc218\uba74\uc758 \uc9c8\uc744 \uac1c\uc120\ud558\uace0 \uc2e0\uacbd\uacfc\ubbfc\uc744 \uc644\ud654\ud558\uba70 \ub9c8\uc74c\uc744 \uc9c4\uc815\uc2dc\ud0a4\ub294 \ub370 \ub3c4\uc6c0\uc774 \ub429\ub2c8\ub2e4. <\/p>\n<p>\uc774\ub294 <strong>\ud56d\uc5fc \ubc0f \uc9c4\ud1b5 \uc791\uc6a9<\/strong>\uc744 \ub098\ud0c0\ub0b4\ubbc0\ub85c, \ubd80\uc791\uc6a9 \uc5c6\uc774 \uc644\ud654\ub97c \uc81c\uacf5\ud558\ub294 \uc18c\uc5fc\uc81c\uc5d0 \ub300\ud55c \uc790\uc5f0\uc801\uc778 \ub300\uc548\uc73c\ub85c \uc0ac\uc6a9\ub420 \uc218 \uc788\uc2b5\ub2c8\ub2e4.<\/p>\n<p>&nbsp;<\/p>\n","protected":false},"excerpt":{"rendered":"<p><strong>\uadf8\ub77c\ube44\uc62c\ub77c \ucd94\ucd9c\ubb3c<\/strong>\uc740 \uac00\uc2dc\uc5ec\uc9c0(<em>Annona muricata<\/em>)\ub77c\uace0\ub3c4 \uc54c\ub824\uc9c4 \uadf8\ub77c\ube44\uc62c\ub77c \uc5f4\ub9e4\uc5d0\uc11c \uc5bb\uc5b4\uc9d1\ub2c8\ub2e4. \uc774\uac83\uc740 \uc911\ub0a8\ubbf8\uac00 \uc6d0\uc0b0\uc9c0\uc778 \uc5f4\ub300 \ub098\ubb34\ub85c, \ub6f0\uc5b4\ub09c \uac74\uac15 \ud6a8\ub2a5\uc744 \uac00\uc9c0\uace0 \uc788\uc2b5\ub2c8\ub2e4. <\/p>\n","protected":false},"featured_media":44310,"template":"","meta":{"_acf_changed":false},"product_brand":[],"product_cat":[8134],"product_tag":[],"class_list":{"0":"post-44308","1":"product","2":"type-product","3":"status-publish","4":"has-post-thumbnail","6":"product_cat-sig-mul-chu-chul-mul","7":"pa_czesc-rosliny-8225","9":"first","10":"instock","11":"shipping-taxable","12":"product-type-simple"},"acf":[],"yoast_head":"<!-- This site is optimized with the Yoast SEO plugin v27.5 - https:\/\/yoast.com\/product\/yoast-seo-wordpress\/ -->\n<title>NATURAL POLAND &#8211; Hurtowy Dystrybutor Surowc\u00f3w<\/title>\n<meta name=\"description\" content=\"\uadf8\ub77c\ube44\uc62c\ub77c \ucd94\ucd9c\ubb3c\uc740 \ud56d\uc554, \ud56d\uade0, \uc9c4\uc815 \ubc0f \uba74\uc5ed\ub825 \uac15\ud654 \ub4f1 \uad11\ubc94\uc704\ud55c \ud6a8\ub2a5\uc744 \uc9c0\ub2cc \ud2b9\ubcc4\ud55c \uc81c\ud488\uc785\ub2c8\ub2e4.\" \/>\n<meta name=\"robots\" content=\"index, follow, max-snippet:-1, max-image-preview:large, max-video-preview:-1\" \/>\n<link rel=\"canonical\" href=\"https:\/\/naturalpoland.com\/ko\/je-pum\/sig-mul-chu-chul-mul\/%ea%b7%b8%eb%9d%bc%eb%b9%84%ec%98%ac%eb%9d%bc-%ec%b6%94%ec%b6%9c%eb%ac%bc\/\" \/>\n<meta property=\"og:locale\" content=\"ko_KR\" \/>\n<meta property=\"og:type\" content=\"article\" \/>\n<meta property=\"og:description\" content=\"\uadf8\ub77c\ube44\uc62c\ub77c \ucd94\ucd9c\ubb3c\uc740 \ud56d\uc554, \ud56d\uade0, \uc9c4\uc815 \ubc0f \uba74\uc5ed\ub825 \uac15\ud654 \ub4f1 \uad11\ubc94\uc704\ud55c \ud6a8\ub2a5\uc744 \uc9c0\ub2cc \ud2b9\ubcc4\ud55c \uc81c\ud488\uc785\ub2c8\ub2e4.\" \/>\n<meta property=\"og:url\" content=\"https:\/\/naturalpoland.com\/ko\/je-pum\/sig-mul-chu-chul-mul\/%ea%b7%b8%eb%9d%bc%eb%b9%84%ec%98%ac%eb%9d%bc-%ec%b6%94%ec%b6%9c%eb%ac%bc\/\" \/>\n<meta property=\"og:site_name\" content=\"NATURAL POLAND - Hurtowy Dystrybutor Surowc\u00f3w\" \/>\n<meta property=\"article:publisher\" content=\"https:\/\/www.facebook.com\/naturalpoland.b2b\" \/>\n<meta property=\"article:modified_time\" content=\"2025-12-22T10:38:54+00:00\" \/>\n<meta property=\"og:image\" content=\"https:\/\/naturalpoland.com\/wp-content\/uploads\/ekstrakt-z-gravioli.webp\" \/>\n\t<meta property=\"og:image:width\" content=\"619\" \/>\n\t<meta property=\"og:image:height\" content=\"619\" \/>\n\t<meta property=\"og:image:type\" content=\"image\/webp\" \/>\n<script type=\"application\/ld+json\" class=\"yoast-schema-graph\">{\"@context\":\"https:\\\/\\\/schema.org\",\"@graph\":[{\"@type\":\"WebPage\",\"@id\":\"https:\\\/\\\/naturalpoland.com\\\/ko\\\/je-pum\\\/sig-mul-chu-chul-mul\\\/%ea%b7%b8%eb%9d%bc%eb%b9%84%ec%98%ac%eb%9d%bc-%ec%b6%94%ec%b6%9c%eb%ac%bc\\\/\",\"url\":\"https:\\\/\\\/naturalpoland.com\\\/ko\\\/je-pum\\\/sig-mul-chu-chul-mul\\\/%ea%b7%b8%eb%9d%bc%eb%b9%84%ec%98%ac%eb%9d%bc-%ec%b6%94%ec%b6%9c%eb%ac%bc\\\/\",\"name\":\"\",\"isPartOf\":{\"@id\":\"https:\\\/\\\/naturalpoland.com\\\/ko\\\/#website\"},\"primaryImageOfPage\":{\"@id\":\"https:\\\/\\\/naturalpoland.com\\\/ko\\\/je-pum\\\/sig-mul-chu-chul-mul\\\/%ea%b7%b8%eb%9d%bc%eb%b9%84%ec%98%ac%eb%9d%bc-%ec%b6%94%ec%b6%9c%eb%ac%bc\\\/#primaryimage\"},\"image\":{\"@id\":\"https:\\\/\\\/naturalpoland.com\\\/ko\\\/je-pum\\\/sig-mul-chu-chul-mul\\\/%ea%b7%b8%eb%9d%bc%eb%b9%84%ec%98%ac%eb%9d%bc-%ec%b6%94%ec%b6%9c%eb%ac%bc\\\/#primaryimage\"},\"thumbnailUrl\":\"https:\\\/\\\/naturalpoland.com\\\/wp-content\\\/uploads\\\/ekstrakt-z-gravioli.webp\",\"datePublished\":\"2021-06-14T14:56:14+00:00\",\"dateModified\":\"2025-12-22T10:38:54+00:00\",\"description\":\"\uadf8\ub77c\ube44\uc62c\ub77c \ucd94\ucd9c\ubb3c\uc740 \ud56d\uc554, \ud56d\uade0, \uc9c4\uc815 \ubc0f \uba74\uc5ed\ub825 \uac15\ud654 \ub4f1 \uad11\ubc94\uc704\ud55c \ud6a8\ub2a5\uc744 \uc9c0\ub2cc \ud2b9\ubcc4\ud55c \uc81c\ud488\uc785\ub2c8\ub2e4.\",\"breadcrumb\":{\"@id\":\"https:\\\/\\\/naturalpoland.com\\\/ko\\\/je-pum\\\/sig-mul-chu-chul-mul\\\/%ea%b7%b8%eb%9d%bc%eb%b9%84%ec%98%ac%eb%9d%bc-%ec%b6%94%ec%b6%9c%eb%ac%bc\\\/#breadcrumb\"},\"inLanguage\":\"ko-KR\",\"potentialAction\":[{\"@type\":\"ReadAction\",\"target\":[\"https:\\\/\\\/naturalpoland.com\\\/ko\\\/je-pum\\\/sig-mul-chu-chul-mul\\\/%ea%b7%b8%eb%9d%bc%eb%b9%84%ec%98%ac%eb%9d%bc-%ec%b6%94%ec%b6%9c%eb%ac%bc\\\/\"]}]},{\"@type\":\"ImageObject\",\"inLanguage\":\"ko-KR\",\"@id\":\"https:\\\/\\\/naturalpoland.com\\\/ko\\\/je-pum\\\/sig-mul-chu-chul-mul\\\/%ea%b7%b8%eb%9d%bc%eb%b9%84%ec%98%ac%eb%9d%bc-%ec%b6%94%ec%b6%9c%eb%ac%bc\\\/#primaryimage\",\"url\":\"https:\\\/\\\/naturalpoland.com\\\/wp-content\\\/uploads\\\/ekstrakt-z-gravioli.webp\",\"contentUrl\":\"https:\\\/\\\/naturalpoland.com\\\/wp-content\\\/uploads\\\/ekstrakt-z-gravioli.webp\",\"width\":619,\"height\":619,\"caption\":\"\ud669\uac08\uc0c9 \ubd84\ub9d0 \ud615\ud0dc\uc758 \uadf8\ub77c\ube44\uc62c\ub77c \uc5f4\ub9e4 \ucd94\ucd9c\ubb3c\"},{\"@type\":\"BreadcrumbList\",\"@id\":\"https:\\\/\\\/naturalpoland.com\\\/ko\\\/je-pum\\\/sig-mul-chu-chul-mul\\\/%ea%b7%b8%eb%9d%bc%eb%b9%84%ec%98%ac%eb%9d%bc-%ec%b6%94%ec%b6%9c%eb%ac%bc\\\/#breadcrumb\",\"itemListElement\":[{\"@type\":\"ListItem\",\"position\":1,\"name\":\"\ud648\",\"item\":\"https:\\\/\\\/naturalpoland.com\\\/ko\\\/\"},{\"@type\":\"ListItem\",\"position\":2,\"name\":\"\uc81c\ud488\",\"item\":\"https:\\\/\\\/naturalpoland.com\\\/ko\\\/%ec%a0%9c%ed%92%88\\\/\"},{\"@type\":\"ListItem\",\"position\":3,\"name\":\"\uadf8\ub77c\ube44\uc62c\ub77c \ucd94\ucd9c\ubb3c\"}]},{\"@type\":\"WebSite\",\"@id\":\"https:\\\/\\\/naturalpoland.com\\\/ko\\\/#website\",\"url\":\"https:\\\/\\\/naturalpoland.com\\\/ko\\\/\",\"name\":\"NATURAL POLAND - Hurtowy Dystrybutor Surowc\u00f3w\",\"description\":\"Surowce dla przemys\u0142u spo\u017cywczego, kosmetycznego i farmaceutycznego\",\"publisher\":{\"@id\":\"https:\\\/\\\/naturalpoland.com\\\/ko\\\/#organization\"},\"potentialAction\":[{\"@type\":\"SearchAction\",\"target\":{\"@type\":\"EntryPoint\",\"urlTemplate\":\"https:\\\/\\\/naturalpoland.com\\\/ko\\\/?s={search_term_string}\"},\"query-input\":{\"@type\":\"PropertyValueSpecification\",\"valueRequired\":true,\"valueName\":\"search_term_string\"}}],\"inLanguage\":\"ko-KR\"},{\"@type\":\"Organization\",\"@id\":\"https:\\\/\\\/naturalpoland.com\\\/ko\\\/#organization\",\"name\":\"Natural Poland\",\"url\":\"https:\\\/\\\/naturalpoland.com\\\/ko\\\/\",\"logo\":{\"@type\":\"ImageObject\",\"inLanguage\":\"ko-KR\",\"@id\":\"https:\\\/\\\/naturalpoland.com\\\/ko\\\/#\\\/schema\\\/logo\\\/image\\\/\",\"url\":\"https:\\\/\\\/naturalpoland.com\\\/wp-content\\\/uploads\\\/2021\\\/05\\\/natural-poland-icon.png\",\"contentUrl\":\"https:\\\/\\\/naturalpoland.com\\\/wp-content\\\/uploads\\\/2021\\\/05\\\/natural-poland-icon.png\",\"width\":512,\"height\":512,\"caption\":\"Natural Poland\"},\"image\":{\"@id\":\"https:\\\/\\\/naturalpoland.com\\\/ko\\\/#\\\/schema\\\/logo\\\/image\\\/\"},\"sameAs\":[\"https:\\\/\\\/www.facebook.com\\\/naturalpoland.b2b\",\"https:\\\/\\\/pl.linkedin.com\\\/company\\\/natural-poland\",\"https:\\\/\\\/www.youtube.com\\\/channel\\\/UCgeGGkvOMahZo-xu_MSEWxg\"]}]}<\/script>\n<!-- \/ Yoast SEO plugin. -->","yoast_head_json":{"title":"NATURAL POLAND &#8211; Hurtowy Dystrybutor Surowc\u00f3w","description":"\uadf8\ub77c\ube44\uc62c\ub77c \ucd94\ucd9c\ubb3c\uc740 \ud56d\uc554, \ud56d\uade0, \uc9c4\uc815 \ubc0f \uba74\uc5ed\ub825 \uac15\ud654 \ub4f1 \uad11\ubc94\uc704\ud55c \ud6a8\ub2a5\uc744 \uc9c0\ub2cc \ud2b9\ubcc4\ud55c \uc81c\ud488\uc785\ub2c8\ub2e4.","robots":{"index":"index","follow":"follow","max-snippet":"max-snippet:-1","max-image-preview":"max-image-preview:large","max-video-preview":"max-video-preview:-1"},"canonical":"https:\/\/naturalpoland.com\/ko\/je-pum\/sig-mul-chu-chul-mul\/%ea%b7%b8%eb%9d%bc%eb%b9%84%ec%98%ac%eb%9d%bc-%ec%b6%94%ec%b6%9c%eb%ac%bc\/","og_locale":"ko_KR","og_type":"article","og_description":"\uadf8\ub77c\ube44\uc62c\ub77c \ucd94\ucd9c\ubb3c\uc740 \ud56d\uc554, \ud56d\uade0, \uc9c4\uc815 \ubc0f \uba74\uc5ed\ub825 \uac15\ud654 \ub4f1 \uad11\ubc94\uc704\ud55c \ud6a8\ub2a5\uc744 \uc9c0\ub2cc \ud2b9\ubcc4\ud55c \uc81c\ud488\uc785\ub2c8\ub2e4.","og_url":"https:\/\/naturalpoland.com\/ko\/je-pum\/sig-mul-chu-chul-mul\/%ea%b7%b8%eb%9d%bc%eb%b9%84%ec%98%ac%eb%9d%bc-%ec%b6%94%ec%b6%9c%eb%ac%bc\/","og_site_name":"NATURAL POLAND - Hurtowy Dystrybutor Surowc\u00f3w","article_publisher":"https:\/\/www.facebook.com\/naturalpoland.b2b","article_modified_time":"2025-12-22T10:38:54+00:00","og_image":[{"width":619,"height":619,"url":"https:\/\/naturalpoland.com\/wp-content\/uploads\/ekstrakt-z-gravioli.webp","type":"image\/webp"}],"schema":{"@context":"https:\/\/schema.org","@graph":[{"@type":"WebPage","@id":"https:\/\/naturalpoland.com\/ko\/je-pum\/sig-mul-chu-chul-mul\/%ea%b7%b8%eb%9d%bc%eb%b9%84%ec%98%ac%eb%9d%bc-%ec%b6%94%ec%b6%9c%eb%ac%bc\/","url":"https:\/\/naturalpoland.com\/ko\/je-pum\/sig-mul-chu-chul-mul\/%ea%b7%b8%eb%9d%bc%eb%b9%84%ec%98%ac%eb%9d%bc-%ec%b6%94%ec%b6%9c%eb%ac%bc\/","name":"","isPartOf":{"@id":"https:\/\/naturalpoland.com\/ko\/#website"},"primaryImageOfPage":{"@id":"https:\/\/naturalpoland.com\/ko\/je-pum\/sig-mul-chu-chul-mul\/%ea%b7%b8%eb%9d%bc%eb%b9%84%ec%98%ac%eb%9d%bc-%ec%b6%94%ec%b6%9c%eb%ac%bc\/#primaryimage"},"image":{"@id":"https:\/\/naturalpoland.com\/ko\/je-pum\/sig-mul-chu-chul-mul\/%ea%b7%b8%eb%9d%bc%eb%b9%84%ec%98%ac%eb%9d%bc-%ec%b6%94%ec%b6%9c%eb%ac%bc\/#primaryimage"},"thumbnailUrl":"https:\/\/naturalpoland.com\/wp-content\/uploads\/ekstrakt-z-gravioli.webp","datePublished":"2021-06-14T14:56:14+00:00","dateModified":"2025-12-22T10:38:54+00:00","description":"\uadf8\ub77c\ube44\uc62c\ub77c \ucd94\ucd9c\ubb3c\uc740 \ud56d\uc554, \ud56d\uade0, \uc9c4\uc815 \ubc0f \uba74\uc5ed\ub825 \uac15\ud654 \ub4f1 \uad11\ubc94\uc704\ud55c \ud6a8\ub2a5\uc744 \uc9c0\ub2cc \ud2b9\ubcc4\ud55c \uc81c\ud488\uc785\ub2c8\ub2e4.","breadcrumb":{"@id":"https:\/\/naturalpoland.com\/ko\/je-pum\/sig-mul-chu-chul-mul\/%ea%b7%b8%eb%9d%bc%eb%b9%84%ec%98%ac%eb%9d%bc-%ec%b6%94%ec%b6%9c%eb%ac%bc\/#breadcrumb"},"inLanguage":"ko-KR","potentialAction":[{"@type":"ReadAction","target":["https:\/\/naturalpoland.com\/ko\/je-pum\/sig-mul-chu-chul-mul\/%ea%b7%b8%eb%9d%bc%eb%b9%84%ec%98%ac%eb%9d%bc-%ec%b6%94%ec%b6%9c%eb%ac%bc\/"]}]},{"@type":"ImageObject","inLanguage":"ko-KR","@id":"https:\/\/naturalpoland.com\/ko\/je-pum\/sig-mul-chu-chul-mul\/%ea%b7%b8%eb%9d%bc%eb%b9%84%ec%98%ac%eb%9d%bc-%ec%b6%94%ec%b6%9c%eb%ac%bc\/#primaryimage","url":"https:\/\/naturalpoland.com\/wp-content\/uploads\/ekstrakt-z-gravioli.webp","contentUrl":"https:\/\/naturalpoland.com\/wp-content\/uploads\/ekstrakt-z-gravioli.webp","width":619,"height":619,"caption":"\ud669\uac08\uc0c9 \ubd84\ub9d0 \ud615\ud0dc\uc758 \uadf8\ub77c\ube44\uc62c\ub77c \uc5f4\ub9e4 \ucd94\ucd9c\ubb3c"},{"@type":"BreadcrumbList","@id":"https:\/\/naturalpoland.com\/ko\/je-pum\/sig-mul-chu-chul-mul\/%ea%b7%b8%eb%9d%bc%eb%b9%84%ec%98%ac%eb%9d%bc-%ec%b6%94%ec%b6%9c%eb%ac%bc\/#breadcrumb","itemListElement":[{"@type":"ListItem","position":1,"name":"\ud648","item":"https:\/\/naturalpoland.com\/ko\/"},{"@type":"ListItem","position":2,"name":"\uc81c\ud488","item":"https:\/\/naturalpoland.com\/ko\/%ec%a0%9c%ed%92%88\/"},{"@type":"ListItem","position":3,"name":"\uadf8\ub77c\ube44\uc62c\ub77c \ucd94\ucd9c\ubb3c"}]},{"@type":"WebSite","@id":"https:\/\/naturalpoland.com\/ko\/#website","url":"https:\/\/naturalpoland.com\/ko\/","name":"NATURAL POLAND - Hurtowy Dystrybutor Surowc\u00f3w","description":"Surowce dla przemys\u0142u spo\u017cywczego, kosmetycznego i farmaceutycznego","publisher":{"@id":"https:\/\/naturalpoland.com\/ko\/#organization"},"potentialAction":[{"@type":"SearchAction","target":{"@type":"EntryPoint","urlTemplate":"https:\/\/naturalpoland.com\/ko\/?s={search_term_string}"},"query-input":{"@type":"PropertyValueSpecification","valueRequired":true,"valueName":"search_term_string"}}],"inLanguage":"ko-KR"},{"@type":"Organization","@id":"https:\/\/naturalpoland.com\/ko\/#organization","name":"Natural Poland","url":"https:\/\/naturalpoland.com\/ko\/","logo":{"@type":"ImageObject","inLanguage":"ko-KR","@id":"https:\/\/naturalpoland.com\/ko\/#\/schema\/logo\/image\/","url":"https:\/\/naturalpoland.com\/wp-content\/uploads\/2021\/05\/natural-poland-icon.png","contentUrl":"https:\/\/naturalpoland.com\/wp-content\/uploads\/2021\/05\/natural-poland-icon.png","width":512,"height":512,"caption":"Natural Poland"},"image":{"@id":"https:\/\/naturalpoland.com\/ko\/#\/schema\/logo\/image\/"},"sameAs":["https:\/\/www.facebook.com\/naturalpoland.b2b","https:\/\/pl.linkedin.com\/company\/natural-poland","https:\/\/www.youtube.com\/channel\/UCgeGGkvOMahZo-xu_MSEWxg"]}]}},"_links":{"self":[{"href":"https:\/\/naturalpoland.com\/ko\/wp-json\/wp\/v2\/product\/44308","targetHints":{"allow":["GET"]}}],"collection":[{"href":"https:\/\/naturalpoland.com\/ko\/wp-json\/wp\/v2\/product"}],"about":[{"href":"https:\/\/naturalpoland.com\/ko\/wp-json\/wp\/v2\/types\/product"}],"wp:featuredmedia":[{"embeddable":true,"href":"https:\/\/naturalpoland.com\/ko\/wp-json\/wp\/v2\/media\/44310"}],"wp:attachment":[{"href":"https:\/\/naturalpoland.com\/ko\/wp-json\/wp\/v2\/media?parent=44308"}],"wp:term":[{"taxonomy":"product_brand","embeddable":true,"href":"https:\/\/naturalpoland.com\/ko\/wp-json\/wp\/v2\/product_brand?post=44308"},{"taxonomy":"product_cat","embeddable":true,"href":"https:\/\/naturalpoland.com\/ko\/wp-json\/wp\/v2\/product_cat?post=44308"},{"taxonomy":"product_tag","embeddable":true,"href":"https:\/\/naturalpoland.com\/ko\/wp-json\/wp\/v2\/product_tag?post=44308"}],"curies":[{"name":"wp","href":"https:\/\/api.w.org\/{rel}","templated":true}]}}