{"id":44320,"date":"2021-05-21T10:53:52","date_gmt":"2021-05-21T08:53:52","guid":{"rendered":"https:\/\/naturalpoland.com\/produkty\/uncategorized\/%ec%97%90%ed%8b%b8-%ec%95%84%ec%8a%a4%ec%bd%94%eb%a5%b4%eb%b8%8c%ec%82%b0\/"},"modified":"2025-12-22T11:41:04","modified_gmt":"2025-12-22T10:41:04","slug":"%ec%97%90%ed%8b%b8-%ec%95%84%ec%8a%a4%ec%bd%94%eb%a5%b4%eb%b8%8c%ec%82%b0","status":"publish","type":"product","link":"https:\/\/naturalpoland.com\/ko\/je-pum\/hwa-jang-pum-won-ryo\/hwa-jang-pum-won-ryo-ko\/%ec%97%90%ed%8b%b8-%ec%95%84%ec%8a%a4%ec%bd%94%eb%a5%b4%eb%b8%8c%ec%82%b0\/","title":{"rendered":"\uc5d0\ud2f8 \uc544\uc2a4\ucf54\ub974\ube0c\uc0b0"},"content":{"rendered":"<p>\uc5d0\ud2f8 \uc544\uc2a4\ucf54\ub974\ube0c\uc0b0\uc740 \ud53c\ubd80, \ubaa8\ubc1c, \uc190\ud1b1 \uad00\ub9ac\uc5d0 \ud0c1\uc6d4\ud558\uba70 \uc131\uc7a5\uc744 \ucd09\uc9c4\ud569\ub2c8\ub2e4. \ud53c\ubd80 \uae4a\uc219\uc774 \uce68\ud22c\ud558\uc5ec \uac15\ud654\ud558\uace0 \uc601\uc591\uc744 \uacf5\uae09\ud558\uba70, \uc80a\uc74c\uc744 \ub418\ucc3e\uace0 \ub178\ud654\ub97c \ubc29\uc9c0\ud569\ub2c8\ub2e4. \ub610\ud55c, \uc5fc\uc99d \uce58\uc720\ub97c \ub3d5\ub294 \ud2b9\uc131\uc73c\ub85c \uc5ec\ub4dc\ub984 \ud53c\ubd80\uc5d0\ub3c4 \ud6a8\uacfc\uc801\uc785\ub2c8\ub2e4. \uc0c9\uc18c \uce68\ucc29\uc744 \uc81c\uac70\ud558\uace0 \uc0c8\ub85c\uc6b4 \uc0dd\uc131\uc744 \ub9c9\ub294 \ubbf8\ubc31 \ud6a8\uacfc\ub3c4 \ub6f0\uc5b4\ub0a9\ub2c8\ub2e4.    <\/p>\n","protected":false},"excerpt":{"rendered":"<p><strong>3-O-\uc5d0\ud2f8-L-\uc544\uc2a4\ucf54\ub974\ube0c\uc0b0<\/strong> <strong>(3-O-Ethyl-L-ascorbic acid)<\/strong>\uc740 \ube44\ud0c0\ubbfc C\uc758 \ud55c \ud615\ud0dc\uc785\ub2c8\ub2e4. \uc774 \ubb3c\uc9c8\uc740 \uace0\uc628\uc5d0 \uac15\ud558\uba70 \ubb3c\uc5d0 \uc6a9\ud574\ub429\ub2c8\ub2e4.<\/p>\n","protected":false},"featured_media":44323,"template":"","meta":{"_acf_changed":false},"product_brand":[],"product_cat":[8145,8160],"product_tag":[],"class_list":{"0":"post-44320","1":"product","2":"type-product","3":"status-publish","4":"has-post-thumbnail","6":"product_cat-bi-ta-min","7":"product_cat-hwa-jang-pum-won-ryo-ko","9":"first","10":"instock","11":"shipping-taxable","12":"product-type-simple"},"acf":[],"yoast_head":"<!-- This site is optimized with the Yoast SEO plugin v27.5 - https:\/\/yoast.com\/product\/yoast-seo-wordpress\/ -->\n<title>\uc5d0\ud2f8 \uc544\uc2a4\ucf54\ub974\ube0c\uc0b0 - Hurtowy Dystrybutor<\/title>\n<meta name=\"robots\" content=\"index, follow, max-snippet:-1, max-image-preview:large, max-video-preview:-1\" \/>\n<link rel=\"canonical\" href=\"https:\/\/naturalpoland.com\/ko\/je-pum\/hwa-jang-pum-won-ryo\/hwa-jang-pum-won-ryo-ko\/%ec%97%90%ed%8b%b8-%ec%95%84%ec%8a%a4%ec%bd%94%eb%a5%b4%eb%b8%8c%ec%82%b0\/\" \/>\n<meta property=\"og:locale\" content=\"ko_KR\" \/>\n<meta property=\"og:type\" content=\"article\" \/>\n<meta property=\"og:title\" content=\"\uc5d0\ud2f8 \uc544\uc2a4\ucf54\ub974\ube0c\uc0b0 - Hurtowy Dystrybutor\" \/>\n<meta property=\"og:description\" content=\"3-O-\uc5d0\ud2f8-L-\uc544\uc2a4\ucf54\ub974\ube0c\uc0b0 (3-O-Ethyl-L-ascorbic acid)\uc740 \ube44\ud0c0\ubbfc C\uc758 \ud55c \ud615\ud0dc\uc785\ub2c8\ub2e4. \uc774 \ubb3c\uc9c8\uc740 \uace0\uc628\uc5d0 \uac15\ud558\uba70 \ubb3c\uc5d0 \uc6a9\ud574\ub429\ub2c8\ub2e4.\" \/>\n<meta property=\"og:url\" content=\"https:\/\/naturalpoland.com\/ko\/je-pum\/hwa-jang-pum-won-ryo\/hwa-jang-pum-won-ryo-ko\/%ec%97%90%ed%8b%b8-%ec%95%84%ec%8a%a4%ec%bd%94%eb%a5%b4%eb%b8%8c%ec%82%b0\/\" \/>\n<meta property=\"og:site_name\" content=\"NATURAL POLAND - Hurtowy Dystrybutor Surowc\u00f3w\" \/>\n<meta property=\"article:publisher\" content=\"https:\/\/www.facebook.com\/naturalpoland.b2b\" \/>\n<meta property=\"article:modified_time\" content=\"2025-12-22T10:41:04+00:00\" \/>\n<meta property=\"og:image\" content=\"https:\/\/naturalpoland.com\/wp-content\/uploads\/2021\/05\/kwas-etyloaskorbinowy.jpg\" \/>\n\t<meta property=\"og:image:width\" content=\"800\" \/>\n\t<meta property=\"og:image:height\" content=\"800\" \/>\n\t<meta property=\"og:image:type\" content=\"image\/jpeg\" \/>\n<script type=\"application\/ld+json\" class=\"yoast-schema-graph\">{\"@context\":\"https:\\\/\\\/schema.org\",\"@graph\":[{\"@type\":\"WebPage\",\"@id\":\"https:\\\/\\\/naturalpoland.com\\\/ko\\\/je-pum\\\/hwa-jang-pum-won-ryo\\\/hwa-jang-pum-won-ryo-ko\\\/%ec%97%90%ed%8b%b8-%ec%95%84%ec%8a%a4%ec%bd%94%eb%a5%b4%eb%b8%8c%ec%82%b0\\\/\",\"url\":\"https:\\\/\\\/naturalpoland.com\\\/ko\\\/je-pum\\\/hwa-jang-pum-won-ryo\\\/hwa-jang-pum-won-ryo-ko\\\/%ec%97%90%ed%8b%b8-%ec%95%84%ec%8a%a4%ec%bd%94%eb%a5%b4%eb%b8%8c%ec%82%b0\\\/\",\"name\":\"\uc5d0\ud2f8 \uc544\uc2a4\ucf54\ub974\ube0c\uc0b0 - Hurtowy Dystrybutor\",\"isPartOf\":{\"@id\":\"https:\\\/\\\/naturalpoland.com\\\/ko\\\/#website\"},\"primaryImageOfPage\":{\"@id\":\"https:\\\/\\\/naturalpoland.com\\\/ko\\\/je-pum\\\/hwa-jang-pum-won-ryo\\\/hwa-jang-pum-won-ryo-ko\\\/%ec%97%90%ed%8b%b8-%ec%95%84%ec%8a%a4%ec%bd%94%eb%a5%b4%eb%b8%8c%ec%82%b0\\\/#primaryimage\"},\"image\":{\"@id\":\"https:\\\/\\\/naturalpoland.com\\\/ko\\\/je-pum\\\/hwa-jang-pum-won-ryo\\\/hwa-jang-pum-won-ryo-ko\\\/%ec%97%90%ed%8b%b8-%ec%95%84%ec%8a%a4%ec%bd%94%eb%a5%b4%eb%b8%8c%ec%82%b0\\\/#primaryimage\"},\"thumbnailUrl\":\"https:\\\/\\\/naturalpoland.com\\\/wp-content\\\/uploads\\\/2021\\\/05\\\/kwas-etyloaskorbinowy.jpg\",\"datePublished\":\"2021-05-21T08:53:52+00:00\",\"dateModified\":\"2025-12-22T10:41:04+00:00\",\"breadcrumb\":{\"@id\":\"https:\\\/\\\/naturalpoland.com\\\/ko\\\/je-pum\\\/hwa-jang-pum-won-ryo\\\/hwa-jang-pum-won-ryo-ko\\\/%ec%97%90%ed%8b%b8-%ec%95%84%ec%8a%a4%ec%bd%94%eb%a5%b4%eb%b8%8c%ec%82%b0\\\/#breadcrumb\"},\"inLanguage\":\"ko-KR\",\"potentialAction\":[{\"@type\":\"ReadAction\",\"target\":[\"https:\\\/\\\/naturalpoland.com\\\/ko\\\/je-pum\\\/hwa-jang-pum-won-ryo\\\/hwa-jang-pum-won-ryo-ko\\\/%ec%97%90%ed%8b%b8-%ec%95%84%ec%8a%a4%ec%bd%94%eb%a5%b4%eb%b8%8c%ec%82%b0\\\/\"]}]},{\"@type\":\"ImageObject\",\"inLanguage\":\"ko-KR\",\"@id\":\"https:\\\/\\\/naturalpoland.com\\\/ko\\\/je-pum\\\/hwa-jang-pum-won-ryo\\\/hwa-jang-pum-won-ryo-ko\\\/%ec%97%90%ed%8b%b8-%ec%95%84%ec%8a%a4%ec%bd%94%eb%a5%b4%eb%b8%8c%ec%82%b0\\\/#primaryimage\",\"url\":\"https:\\\/\\\/naturalpoland.com\\\/wp-content\\\/uploads\\\/2021\\\/05\\\/kwas-etyloaskorbinowy.jpg\",\"contentUrl\":\"https:\\\/\\\/naturalpoland.com\\\/wp-content\\\/uploads\\\/2021\\\/05\\\/kwas-etyloaskorbinowy.jpg\",\"width\":800,\"height\":800,\"caption\":\"\uc5d0\ud2f8\uc544\uc2a4\ucf54\ub974\ube0c\uc0b0\"},{\"@type\":\"BreadcrumbList\",\"@id\":\"https:\\\/\\\/naturalpoland.com\\\/ko\\\/je-pum\\\/hwa-jang-pum-won-ryo\\\/hwa-jang-pum-won-ryo-ko\\\/%ec%97%90%ed%8b%b8-%ec%95%84%ec%8a%a4%ec%bd%94%eb%a5%b4%eb%b8%8c%ec%82%b0\\\/#breadcrumb\",\"itemListElement\":[{\"@type\":\"ListItem\",\"position\":1,\"name\":\"\ud648\",\"item\":\"https:\\\/\\\/naturalpoland.com\\\/ko\\\/\"},{\"@type\":\"ListItem\",\"position\":2,\"name\":\"\uc81c\ud488\",\"item\":\"https:\\\/\\\/naturalpoland.com\\\/ko\\\/%ec%a0%9c%ed%92%88\\\/\"},{\"@type\":\"ListItem\",\"position\":3,\"name\":\"\uc5d0\ud2f8 \uc544\uc2a4\ucf54\ub974\ube0c\uc0b0\"}]},{\"@type\":\"WebSite\",\"@id\":\"https:\\\/\\\/naturalpoland.com\\\/ko\\\/#website\",\"url\":\"https:\\\/\\\/naturalpoland.com\\\/ko\\\/\",\"name\":\"NATURAL POLAND - Hurtowy Dystrybutor Surowc\u00f3w\",\"description\":\"Surowce dla przemys\u0142u spo\u017cywczego, kosmetycznego i farmaceutycznego\",\"publisher\":{\"@id\":\"https:\\\/\\\/naturalpoland.com\\\/ko\\\/#organization\"},\"potentialAction\":[{\"@type\":\"SearchAction\",\"target\":{\"@type\":\"EntryPoint\",\"urlTemplate\":\"https:\\\/\\\/naturalpoland.com\\\/ko\\\/?s={search_term_string}\"},\"query-input\":{\"@type\":\"PropertyValueSpecification\",\"valueRequired\":true,\"valueName\":\"search_term_string\"}}],\"inLanguage\":\"ko-KR\"},{\"@type\":\"Organization\",\"@id\":\"https:\\\/\\\/naturalpoland.com\\\/ko\\\/#organization\",\"name\":\"Natural Poland\",\"url\":\"https:\\\/\\\/naturalpoland.com\\\/ko\\\/\",\"logo\":{\"@type\":\"ImageObject\",\"inLanguage\":\"ko-KR\",\"@id\":\"https:\\\/\\\/naturalpoland.com\\\/ko\\\/#\\\/schema\\\/logo\\\/image\\\/\",\"url\":\"https:\\\/\\\/naturalpoland.com\\\/wp-content\\\/uploads\\\/2021\\\/05\\\/natural-poland-icon.png\",\"contentUrl\":\"https:\\\/\\\/naturalpoland.com\\\/wp-content\\\/uploads\\\/2021\\\/05\\\/natural-poland-icon.png\",\"width\":512,\"height\":512,\"caption\":\"Natural Poland\"},\"image\":{\"@id\":\"https:\\\/\\\/naturalpoland.com\\\/ko\\\/#\\\/schema\\\/logo\\\/image\\\/\"},\"sameAs\":[\"https:\\\/\\\/www.facebook.com\\\/naturalpoland.b2b\",\"https:\\\/\\\/pl.linkedin.com\\\/company\\\/natural-poland\",\"https:\\\/\\\/www.youtube.com\\\/channel\\\/UCgeGGkvOMahZo-xu_MSEWxg\"]}]}<\/script>\n<!-- \/ Yoast SEO plugin. -->","yoast_head_json":{"title":"\uc5d0\ud2f8 \uc544\uc2a4\ucf54\ub974\ube0c\uc0b0 - Hurtowy Dystrybutor","robots":{"index":"index","follow":"follow","max-snippet":"max-snippet:-1","max-image-preview":"max-image-preview:large","max-video-preview":"max-video-preview:-1"},"canonical":"https:\/\/naturalpoland.com\/ko\/je-pum\/hwa-jang-pum-won-ryo\/hwa-jang-pum-won-ryo-ko\/%ec%97%90%ed%8b%b8-%ec%95%84%ec%8a%a4%ec%bd%94%eb%a5%b4%eb%b8%8c%ec%82%b0\/","og_locale":"ko_KR","og_type":"article","og_title":"\uc5d0\ud2f8 \uc544\uc2a4\ucf54\ub974\ube0c\uc0b0 - Hurtowy Dystrybutor","og_description":"3-O-\uc5d0\ud2f8-L-\uc544\uc2a4\ucf54\ub974\ube0c\uc0b0 (3-O-Ethyl-L-ascorbic acid)\uc740 \ube44\ud0c0\ubbfc C\uc758 \ud55c \ud615\ud0dc\uc785\ub2c8\ub2e4. \uc774 \ubb3c\uc9c8\uc740 \uace0\uc628\uc5d0 \uac15\ud558\uba70 \ubb3c\uc5d0 \uc6a9\ud574\ub429\ub2c8\ub2e4.","og_url":"https:\/\/naturalpoland.com\/ko\/je-pum\/hwa-jang-pum-won-ryo\/hwa-jang-pum-won-ryo-ko\/%ec%97%90%ed%8b%b8-%ec%95%84%ec%8a%a4%ec%bd%94%eb%a5%b4%eb%b8%8c%ec%82%b0\/","og_site_name":"NATURAL POLAND - Hurtowy Dystrybutor Surowc\u00f3w","article_publisher":"https:\/\/www.facebook.com\/naturalpoland.b2b","article_modified_time":"2025-12-22T10:41:04+00:00","og_image":[{"width":800,"height":800,"url":"https:\/\/naturalpoland.com\/wp-content\/uploads\/2021\/05\/kwas-etyloaskorbinowy.jpg","type":"image\/jpeg"}],"schema":{"@context":"https:\/\/schema.org","@graph":[{"@type":"WebPage","@id":"https:\/\/naturalpoland.com\/ko\/je-pum\/hwa-jang-pum-won-ryo\/hwa-jang-pum-won-ryo-ko\/%ec%97%90%ed%8b%b8-%ec%95%84%ec%8a%a4%ec%bd%94%eb%a5%b4%eb%b8%8c%ec%82%b0\/","url":"https:\/\/naturalpoland.com\/ko\/je-pum\/hwa-jang-pum-won-ryo\/hwa-jang-pum-won-ryo-ko\/%ec%97%90%ed%8b%b8-%ec%95%84%ec%8a%a4%ec%bd%94%eb%a5%b4%eb%b8%8c%ec%82%b0\/","name":"\uc5d0\ud2f8 \uc544\uc2a4\ucf54\ub974\ube0c\uc0b0 - Hurtowy Dystrybutor","isPartOf":{"@id":"https:\/\/naturalpoland.com\/ko\/#website"},"primaryImageOfPage":{"@id":"https:\/\/naturalpoland.com\/ko\/je-pum\/hwa-jang-pum-won-ryo\/hwa-jang-pum-won-ryo-ko\/%ec%97%90%ed%8b%b8-%ec%95%84%ec%8a%a4%ec%bd%94%eb%a5%b4%eb%b8%8c%ec%82%b0\/#primaryimage"},"image":{"@id":"https:\/\/naturalpoland.com\/ko\/je-pum\/hwa-jang-pum-won-ryo\/hwa-jang-pum-won-ryo-ko\/%ec%97%90%ed%8b%b8-%ec%95%84%ec%8a%a4%ec%bd%94%eb%a5%b4%eb%b8%8c%ec%82%b0\/#primaryimage"},"thumbnailUrl":"https:\/\/naturalpoland.com\/wp-content\/uploads\/2021\/05\/kwas-etyloaskorbinowy.jpg","datePublished":"2021-05-21T08:53:52+00:00","dateModified":"2025-12-22T10:41:04+00:00","breadcrumb":{"@id":"https:\/\/naturalpoland.com\/ko\/je-pum\/hwa-jang-pum-won-ryo\/hwa-jang-pum-won-ryo-ko\/%ec%97%90%ed%8b%b8-%ec%95%84%ec%8a%a4%ec%bd%94%eb%a5%b4%eb%b8%8c%ec%82%b0\/#breadcrumb"},"inLanguage":"ko-KR","potentialAction":[{"@type":"ReadAction","target":["https:\/\/naturalpoland.com\/ko\/je-pum\/hwa-jang-pum-won-ryo\/hwa-jang-pum-won-ryo-ko\/%ec%97%90%ed%8b%b8-%ec%95%84%ec%8a%a4%ec%bd%94%eb%a5%b4%eb%b8%8c%ec%82%b0\/"]}]},{"@type":"ImageObject","inLanguage":"ko-KR","@id":"https:\/\/naturalpoland.com\/ko\/je-pum\/hwa-jang-pum-won-ryo\/hwa-jang-pum-won-ryo-ko\/%ec%97%90%ed%8b%b8-%ec%95%84%ec%8a%a4%ec%bd%94%eb%a5%b4%eb%b8%8c%ec%82%b0\/#primaryimage","url":"https:\/\/naturalpoland.com\/wp-content\/uploads\/2021\/05\/kwas-etyloaskorbinowy.jpg","contentUrl":"https:\/\/naturalpoland.com\/wp-content\/uploads\/2021\/05\/kwas-etyloaskorbinowy.jpg","width":800,"height":800,"caption":"\uc5d0\ud2f8\uc544\uc2a4\ucf54\ub974\ube0c\uc0b0"},{"@type":"BreadcrumbList","@id":"https:\/\/naturalpoland.com\/ko\/je-pum\/hwa-jang-pum-won-ryo\/hwa-jang-pum-won-ryo-ko\/%ec%97%90%ed%8b%b8-%ec%95%84%ec%8a%a4%ec%bd%94%eb%a5%b4%eb%b8%8c%ec%82%b0\/#breadcrumb","itemListElement":[{"@type":"ListItem","position":1,"name":"\ud648","item":"https:\/\/naturalpoland.com\/ko\/"},{"@type":"ListItem","position":2,"name":"\uc81c\ud488","item":"https:\/\/naturalpoland.com\/ko\/%ec%a0%9c%ed%92%88\/"},{"@type":"ListItem","position":3,"name":"\uc5d0\ud2f8 \uc544\uc2a4\ucf54\ub974\ube0c\uc0b0"}]},{"@type":"WebSite","@id":"https:\/\/naturalpoland.com\/ko\/#website","url":"https:\/\/naturalpoland.com\/ko\/","name":"NATURAL POLAND - Hurtowy Dystrybutor Surowc\u00f3w","description":"Surowce dla przemys\u0142u spo\u017cywczego, kosmetycznego i farmaceutycznego","publisher":{"@id":"https:\/\/naturalpoland.com\/ko\/#organization"},"potentialAction":[{"@type":"SearchAction","target":{"@type":"EntryPoint","urlTemplate":"https:\/\/naturalpoland.com\/ko\/?s={search_term_string}"},"query-input":{"@type":"PropertyValueSpecification","valueRequired":true,"valueName":"search_term_string"}}],"inLanguage":"ko-KR"},{"@type":"Organization","@id":"https:\/\/naturalpoland.com\/ko\/#organization","name":"Natural Poland","url":"https:\/\/naturalpoland.com\/ko\/","logo":{"@type":"ImageObject","inLanguage":"ko-KR","@id":"https:\/\/naturalpoland.com\/ko\/#\/schema\/logo\/image\/","url":"https:\/\/naturalpoland.com\/wp-content\/uploads\/2021\/05\/natural-poland-icon.png","contentUrl":"https:\/\/naturalpoland.com\/wp-content\/uploads\/2021\/05\/natural-poland-icon.png","width":512,"height":512,"caption":"Natural Poland"},"image":{"@id":"https:\/\/naturalpoland.com\/ko\/#\/schema\/logo\/image\/"},"sameAs":["https:\/\/www.facebook.com\/naturalpoland.b2b","https:\/\/pl.linkedin.com\/company\/natural-poland","https:\/\/www.youtube.com\/channel\/UCgeGGkvOMahZo-xu_MSEWxg"]}]}},"_links":{"self":[{"href":"https:\/\/naturalpoland.com\/ko\/wp-json\/wp\/v2\/product\/44320","targetHints":{"allow":["GET"]}}],"collection":[{"href":"https:\/\/naturalpoland.com\/ko\/wp-json\/wp\/v2\/product"}],"about":[{"href":"https:\/\/naturalpoland.com\/ko\/wp-json\/wp\/v2\/types\/product"}],"wp:featuredmedia":[{"embeddable":true,"href":"https:\/\/naturalpoland.com\/ko\/wp-json\/wp\/v2\/media\/44323"}],"wp:attachment":[{"href":"https:\/\/naturalpoland.com\/ko\/wp-json\/wp\/v2\/media?parent=44320"}],"wp:term":[{"taxonomy":"product_brand","embeddable":true,"href":"https:\/\/naturalpoland.com\/ko\/wp-json\/wp\/v2\/product_brand?post=44320"},{"taxonomy":"product_cat","embeddable":true,"href":"https:\/\/naturalpoland.com\/ko\/wp-json\/wp\/v2\/product_cat?post=44320"},{"taxonomy":"product_tag","embeddable":true,"href":"https:\/\/naturalpoland.com\/ko\/wp-json\/wp\/v2\/product_tag?post=44320"}],"curies":[{"name":"wp","href":"https:\/\/api.w.org\/{rel}","templated":true}]}}