{"id":44324,"date":"2021-06-17T12:12:42","date_gmt":"2021-06-17T10:12:42","guid":{"rendered":"https:\/\/naturalpoland.com\/produkty\/uncategorized\/%ec%b9%b4%ec%b9%b4%ec%98%a4-%ec%b6%94%ec%b6%9c%eb%ac%bc\/"},"modified":"2025-12-22T11:41:14","modified_gmt":"2025-12-22T10:41:14","slug":"%ec%b9%b4%ec%b9%b4%ec%98%a4-%ec%b6%94%ec%b6%9c%eb%ac%bc","status":"publish","type":"product","link":"https:\/\/naturalpoland.com\/ko\/je-pum\/sig-mul-chu-chul-mul\/%ec%b9%b4%ec%b9%b4%ec%98%a4-%ec%b6%94%ec%b6%9c%eb%ac%bc\/","title":{"rendered":"\uce74\uce74\uc624 \ucd94\ucd9c\ubb3c"},"content":{"rendered":"<p>\uce74\uce74\uc624 \ucd94\ucd9c\ubb3c\uc740 \ud2b9\uc720\uc758 \ud5a5\uacfc \ub9db\uc744 \uc9c0\ub2cc \ubbf8\uc138\ud55c \ud669\uac08\uc0c9 \ubd84\ub9d0 \ud615\ud0dc\ub85c \uc81c\uacf5\ub429\ub2c8\ub2e4. \uc8fc\uc694 \ud65c\uc131 \uc131\ubd84\uc740 <a href=\"https:\/\/naturalpoland.com\/artykuly\/surowce-kosmetyczne\/jakie-role-odgrywaja-polifenole-w-ochronie-skory\/\">\ud3f4\ub9ac\ud398\ub180<\/a>, <a href=\"https:\/\/naturalpoland.com\/artykuly\/produkty-naturalne\/czym-sa-i-jak-dzialaja-flawonoidy\/\">\ud50c\ub77c\ubcf4\ub178\uc774\ub4dc<\/a>, \uce74\ud398\uc778, \ud14c\uc624\ube0c\ub85c\ubbfc \ubc0f \ube44\ud0c0\ubbfc (A, E, B\uad70)\uacfc \ubbf8\ub124\ub784 (\uce7c\uc298, \ucca0, \ub9c8\uadf8\ub124\uc298, \uc778)\uc785\ub2c8\ub2e4. <\/p>\n<h2>\uce74\uce74\uc624 \ucd94\ucd9c\ubb3c\uc758 \ud2b9\uc131 \ubc0f \ud6a8\ub2a5:<\/h2>\n<p><strong>\ubcf4\uc2b5 \ubc0f \uc601\uc591 \uacf5\uae09<\/strong><\/p>\n<p>\uce74\uce74\uc624 \ucd94\ucd9c\ubb3c\uc740 \ud53c\ubd80\uc5d0 \uc9d1\uc911\uc801\uc73c\ub85c \uc218\ubd84\uc744 \uacf5\uae09\ud558\uace0 \ud544\uc218 \uc601\uc591\uc18c\ub97c \uacf5\uae09\ud558\uc5ec \uc601\uc591\uc744 \uc90d\ub2c8\ub2e4. \uc815\uae30\uc801\uc778 \uc0ac\uc6a9\uc740 \ud53c\ubd80\uc758 \uc801\uc808\ud55c \uc218\ubd84 \uc218\uc900\uc744 \uc720\uc9c0\ud558\ub294 \ub370 \ub3c4\uc6c0\uc774 \ub429\ub2c8\ub2e4. <\/p>\n<p><strong>\ubd80\uae30 \ubc0f \ub2e4\ud06c\uc11c\ud074 \uac10\uc18c<\/strong><\/p>\n<p>\ubbf8\uc138 \ud608\uc561 \uc21c\ud658 \uac1c\uc120 \ub2a5\ub825 \ub355\ubd84\uc5d0 \uce74\uce74\uc624 \ucd94\ucd9c\ubb3c\uc740 \ud608\uad00 \ud22c\uacfc\uc131\uacfc \uc218\ubd84 \uc190\uc2e4\uc744 \uc904\uc5ec\uc8fc\uba70, \uc774\ub294 \ubd80\uae30 \ubc0f \ub208 \ubc11 \ub2e4\ud06c\uc11c\ud074\uc744 \ud6a8\uacfc\uc801\uc73c\ub85c \uc904\uc5ec\uc90d\ub2c8\ub2e4.<\/p>\n<p><strong>\uc9c0\ubc29 \ubd84\ud574 \uc791\uc6a9<\/strong><\/p>\n<p>\uce74\uce74\uc624 \ucd94\ucd9c\ubb3c\uc740 \uc9c0\ubc29 \uc870\uc9c1\uc758 \uc2e0\uc9c4\ub300\uc0ac\ub97c \ucd09\uc9c4\ud558\uc5ec \uc140\ub8f0\ub77c\uc774\ud2b8 \uac10\uc18c \ubc0f \ubab8\ub9e4 \uad00\ub9ac\uc5d0 \uae30\uc5ec\ud569\ub2c8\ub2e4. \uadf8 \uc9c0\ubc29 \ubd84\ud574 \uc791\uc6a9\uc740 \uc9c0\ubc29 \ubd84\ud574 \uacfc\uc815\uc744 \uc9c0\uc6d0\ud558\uba70, \uc774\ub294 \uc2ac\ub9ac\ubc0d \ubc0f \uc548\ud2f0\uc140\ub8f0\ub77c\uc774\ud2b8 \uc81c\ud488\uc758 \uc774\uc0c1\uc801\uc778 \uc131\ubd84\uc73c\ub85c \ub9cc\ub4ed\ub2c8\ub2e4. <\/p>\n<p><strong>\uc815\ud654 \ubc0f \ud574\ub3c5<\/strong><\/p>\n<p>\uce74\uce74\uc624 \ucd94\ucd9c\ubb3c\uc5d0 \ud568\uc720\ub41c \ud654\ud569\ubb3c\uc740 \ud608\uc561 \ubc0f \ub9bc\ud504 \uc21c\ud658\uc744 \ucd09\uc9c4\ud558\uc5ec \uccb4\ub0b4 \ub3c5\uc18c \uc81c\uac70\ub97c \uc6a9\uc774\ud558\uac8c \ud569\ub2c8\ub2e4. \uc774\ub97c \ud1b5\ud574 \ud53c\ubd80\ub294 \ub354\uc6b1 \uae68\ub057\ud558\uace0, \ube5b\ub098\uba70, \uac74\uac15\ud574\uc9d1\ub2c8\ub2e4. <\/p>\n<p><strong>\uc790\uc678\uc120 \ucc28\ub2e8<\/strong><\/p>\n<p>\uce74\uce74\uc624 \ucd94\ucd9c\ubb3c\uc740 \uad11\ubcf4\ud638 \uc791\uc6a9\uc744 \ub098\ud0c0\ub0b4\uc5b4 \ud53c\ubd80\uc640 \ubaa8\ubc1c\uc744 \uc720\ud574\ud55c \uc790\uc678\uc120\uc73c\ub85c\ubd80\ud130 \ubcf4\ud638\ud569\ub2c8\ub2e4. \uc774\ub294 \uc5fc\uc0c9 \ubaa8\ubc1c\uc758 \uc0c9\uc0c1 \uc720\uc9c0 \ubc0f \ud53c\ubd80 \uad11\ub178\ud654 \ubc29\uc9c0\uc5d0 \ud2b9\ud788 \uc911\uc694\ud569\ub2c8\ub2e4. <\/p>\n<p>&nbsp;<\/p>\n<h2>\ud654\uc7a5\ud488\uc5d0\uc11c\uc758 \ud65c\uc6a9<\/h2>\n<p>\uce74\uce74\uc624 \ucd94\ucd9c\ubb3c\uc740 \uc218\uc131\uc0c1\uc5d0 \uc6a9\ud574\ub418\uc5b4 \ub2e4\uc591\ud55c \ud654\uc7a5\ud488 \uc81c\ud615\uc5d0 \uc27d\uac8c \uc801\uc6a9\ud560 \uc218 \uc788\uc2b5\ub2c8\ub2e4. \ub85c\uc158, \uc138\ub7fc, \ud1a0\ub108, \uc0f4\ud478, \ucee8\ub514\uc154\ub108 \ubc0f \ud398\uc774\uc2a4 \ub9c8\uc2a4\ud06c\uc758 \ud65c\uc131 \uc131\ubd84\uc73c\ub85c \ud65c\uc6a9\ub420 \uc218 \uc788\uc2b5\ub2c8\ub2e4. <\/p>\n","protected":false},"excerpt":{"rendered":"<p>\uc800\ud76c\ub294 \uace0\ud488\uc9c8\uc758 \uce74\uce74\uc624 \ucf69 \ucd94\ucd9c\ubb3c(Theobroma cacao L.)\uc744 \uc81c\uacf5\ud569\ub2c8\ub2e4. \uc774 \uc81c\ud488\uc740 \uc911\uad6d\uc0b0\uc774\uba70 \uc218\uc131 \ucd94\ucd9c \uacf5\uc815\uc744 \ud1b5\ud574 \uc5bb\uc5b4\uc9d1\ub2c8\ub2e4. <\/p>\n","protected":false},"featured_media":44325,"template":"","meta":{"_acf_changed":false},"product_brand":[],"product_cat":[8134],"product_tag":[],"class_list":{"0":"post-44324","1":"product","2":"type-product","3":"status-publish","4":"has-post-thumbnail","6":"product_cat-sig-mul-chu-chul-mul","7":"pa_certyfikaty-8218","8":"pa_certyfikaty-8219","9":"pa_czesc-rosliny-9679","11":"first","12":"instock","13":"shipping-taxable","14":"product-type-simple"},"acf":[],"yoast_head":"<!-- This site is optimized with the Yoast SEO plugin v27.5 - https:\/\/yoast.com\/product\/yoast-seo-wordpress\/ -->\n<title>NATURAL POLAND &#8211; Hurtowy Dystrybutor Surowc\u00f3w<\/title>\n<meta name=\"description\" content=\"\uce74\uce74\uc624 \ucf69 \ucd94\ucd9c\ubb3c\uc740 \uc2ec\uc7a5 \uc9c8\ud658 \ubc0f \uc54c\uce20\ud558\uc774\uba38\ubcd1 \uc704\ud5d8 \uac10\uc18c\uc5d0 \uae30\uc5ec\ud558\ub294 \ud50c\ub77c\ubcf4\ub180\uc744 \ub2e4\ub7c9 \ud568\uc720\ud558\uace0 \uc788\uc2b5\ub2c8\ub2e4.\" \/>\n<meta name=\"robots\" content=\"index, follow, max-snippet:-1, max-image-preview:large, max-video-preview:-1\" \/>\n<link rel=\"canonical\" href=\"https:\/\/naturalpoland.com\/ko\/je-pum\/sig-mul-chu-chul-mul\/%ec%b9%b4%ec%b9%b4%ec%98%a4-%ec%b6%94%ec%b6%9c%eb%ac%bc\/\" \/>\n<meta property=\"og:locale\" content=\"ko_KR\" \/>\n<meta property=\"og:type\" content=\"article\" \/>\n<meta property=\"og:description\" content=\"\uce74\uce74\uc624 \ucf69 \ucd94\ucd9c\ubb3c\uc740 \uc2ec\uc7a5 \uc9c8\ud658 \ubc0f \uc54c\uce20\ud558\uc774\uba38\ubcd1 \uc704\ud5d8 \uac10\uc18c\uc5d0 \uae30\uc5ec\ud558\ub294 \ud50c\ub77c\ubcf4\ub180\uc744 \ub2e4\ub7c9 \ud568\uc720\ud558\uace0 \uc788\uc2b5\ub2c8\ub2e4.\" \/>\n<meta property=\"og:url\" content=\"https:\/\/naturalpoland.com\/ko\/je-pum\/sig-mul-chu-chul-mul\/%ec%b9%b4%ec%b9%b4%ec%98%a4-%ec%b6%94%ec%b6%9c%eb%ac%bc\/\" \/>\n<meta property=\"og:site_name\" content=\"NATURAL POLAND - Hurtowy Dystrybutor Surowc\u00f3w\" \/>\n<meta property=\"article:publisher\" content=\"https:\/\/www.facebook.com\/naturalpoland.b2b\" \/>\n<meta property=\"article:modified_time\" content=\"2025-12-22T10:41:14+00:00\" \/>\n<meta property=\"og:image\" content=\"https:\/\/naturalpoland.com\/wp-content\/uploads\/ekstrakt-z-kakao.jpg\" \/>\n\t<meta property=\"og:image:width\" content=\"650\" \/>\n\t<meta property=\"og:image:height\" content=\"572\" \/>\n\t<meta property=\"og:image:type\" content=\"image\/jpeg\" \/>\n<script type=\"application\/ld+json\" class=\"yoast-schema-graph\">{\"@context\":\"https:\\\/\\\/schema.org\",\"@graph\":[{\"@type\":\"WebPage\",\"@id\":\"https:\\\/\\\/naturalpoland.com\\\/ko\\\/je-pum\\\/sig-mul-chu-chul-mul\\\/%ec%b9%b4%ec%b9%b4%ec%98%a4-%ec%b6%94%ec%b6%9c%eb%ac%bc\\\/\",\"url\":\"https:\\\/\\\/naturalpoland.com\\\/ko\\\/je-pum\\\/sig-mul-chu-chul-mul\\\/%ec%b9%b4%ec%b9%b4%ec%98%a4-%ec%b6%94%ec%b6%9c%eb%ac%bc\\\/\",\"name\":\"\",\"isPartOf\":{\"@id\":\"https:\\\/\\\/naturalpoland.com\\\/ko\\\/#website\"},\"primaryImageOfPage\":{\"@id\":\"https:\\\/\\\/naturalpoland.com\\\/ko\\\/je-pum\\\/sig-mul-chu-chul-mul\\\/%ec%b9%b4%ec%b9%b4%ec%98%a4-%ec%b6%94%ec%b6%9c%eb%ac%bc\\\/#primaryimage\"},\"image\":{\"@id\":\"https:\\\/\\\/naturalpoland.com\\\/ko\\\/je-pum\\\/sig-mul-chu-chul-mul\\\/%ec%b9%b4%ec%b9%b4%ec%98%a4-%ec%b6%94%ec%b6%9c%eb%ac%bc\\\/#primaryimage\"},\"thumbnailUrl\":\"https:\\\/\\\/naturalpoland.com\\\/wp-content\\\/uploads\\\/ekstrakt-z-kakao.jpg\",\"datePublished\":\"2021-06-17T10:12:42+00:00\",\"dateModified\":\"2025-12-22T10:41:14+00:00\",\"description\":\"\uce74\uce74\uc624 \ucf69 \ucd94\ucd9c\ubb3c\uc740 \uc2ec\uc7a5 \uc9c8\ud658 \ubc0f \uc54c\uce20\ud558\uc774\uba38\ubcd1 \uc704\ud5d8 \uac10\uc18c\uc5d0 \uae30\uc5ec\ud558\ub294 \ud50c\ub77c\ubcf4\ub180\uc744 \ub2e4\ub7c9 \ud568\uc720\ud558\uace0 \uc788\uc2b5\ub2c8\ub2e4.\",\"breadcrumb\":{\"@id\":\"https:\\\/\\\/naturalpoland.com\\\/ko\\\/je-pum\\\/sig-mul-chu-chul-mul\\\/%ec%b9%b4%ec%b9%b4%ec%98%a4-%ec%b6%94%ec%b6%9c%eb%ac%bc\\\/#breadcrumb\"},\"inLanguage\":\"ko-KR\",\"potentialAction\":[{\"@type\":\"ReadAction\",\"target\":[\"https:\\\/\\\/naturalpoland.com\\\/ko\\\/je-pum\\\/sig-mul-chu-chul-mul\\\/%ec%b9%b4%ec%b9%b4%ec%98%a4-%ec%b6%94%ec%b6%9c%eb%ac%bc\\\/\"]}]},{\"@type\":\"ImageObject\",\"inLanguage\":\"ko-KR\",\"@id\":\"https:\\\/\\\/naturalpoland.com\\\/ko\\\/je-pum\\\/sig-mul-chu-chul-mul\\\/%ec%b9%b4%ec%b9%b4%ec%98%a4-%ec%b6%94%ec%b6%9c%eb%ac%bc\\\/#primaryimage\",\"url\":\"https:\\\/\\\/naturalpoland.com\\\/wp-content\\\/uploads\\\/ekstrakt-z-kakao.jpg\",\"contentUrl\":\"https:\\\/\\\/naturalpoland.com\\\/wp-content\\\/uploads\\\/ekstrakt-z-kakao.jpg\",\"width\":650,\"height\":572,\"caption\":\"\uce74\uce74\uc624 \ucd94\ucd9c\ubb3c\"},{\"@type\":\"BreadcrumbList\",\"@id\":\"https:\\\/\\\/naturalpoland.com\\\/ko\\\/je-pum\\\/sig-mul-chu-chul-mul\\\/%ec%b9%b4%ec%b9%b4%ec%98%a4-%ec%b6%94%ec%b6%9c%eb%ac%bc\\\/#breadcrumb\",\"itemListElement\":[{\"@type\":\"ListItem\",\"position\":1,\"name\":\"\ud648\",\"item\":\"https:\\\/\\\/naturalpoland.com\\\/ko\\\/\"},{\"@type\":\"ListItem\",\"position\":2,\"name\":\"\uc81c\ud488\",\"item\":\"https:\\\/\\\/naturalpoland.com\\\/ko\\\/%ec%a0%9c%ed%92%88\\\/\"},{\"@type\":\"ListItem\",\"position\":3,\"name\":\"\uce74\uce74\uc624 \ucd94\ucd9c\ubb3c\"}]},{\"@type\":\"WebSite\",\"@id\":\"https:\\\/\\\/naturalpoland.com\\\/ko\\\/#website\",\"url\":\"https:\\\/\\\/naturalpoland.com\\\/ko\\\/\",\"name\":\"NATURAL POLAND - Hurtowy Dystrybutor Surowc\u00f3w\",\"description\":\"Surowce dla przemys\u0142u spo\u017cywczego, kosmetycznego i farmaceutycznego\",\"publisher\":{\"@id\":\"https:\\\/\\\/naturalpoland.com\\\/ko\\\/#organization\"},\"potentialAction\":[{\"@type\":\"SearchAction\",\"target\":{\"@type\":\"EntryPoint\",\"urlTemplate\":\"https:\\\/\\\/naturalpoland.com\\\/ko\\\/?s={search_term_string}\"},\"query-input\":{\"@type\":\"PropertyValueSpecification\",\"valueRequired\":true,\"valueName\":\"search_term_string\"}}],\"inLanguage\":\"ko-KR\"},{\"@type\":\"Organization\",\"@id\":\"https:\\\/\\\/naturalpoland.com\\\/ko\\\/#organization\",\"name\":\"Natural Poland\",\"url\":\"https:\\\/\\\/naturalpoland.com\\\/ko\\\/\",\"logo\":{\"@type\":\"ImageObject\",\"inLanguage\":\"ko-KR\",\"@id\":\"https:\\\/\\\/naturalpoland.com\\\/ko\\\/#\\\/schema\\\/logo\\\/image\\\/\",\"url\":\"https:\\\/\\\/naturalpoland.com\\\/wp-content\\\/uploads\\\/2021\\\/05\\\/natural-poland-icon.png\",\"contentUrl\":\"https:\\\/\\\/naturalpoland.com\\\/wp-content\\\/uploads\\\/2021\\\/05\\\/natural-poland-icon.png\",\"width\":512,\"height\":512,\"caption\":\"Natural Poland\"},\"image\":{\"@id\":\"https:\\\/\\\/naturalpoland.com\\\/ko\\\/#\\\/schema\\\/logo\\\/image\\\/\"},\"sameAs\":[\"https:\\\/\\\/www.facebook.com\\\/naturalpoland.b2b\",\"https:\\\/\\\/pl.linkedin.com\\\/company\\\/natural-poland\",\"https:\\\/\\\/www.youtube.com\\\/channel\\\/UCgeGGkvOMahZo-xu_MSEWxg\"]}]}<\/script>\n<!-- \/ Yoast SEO plugin. -->","yoast_head_json":{"title":"NATURAL POLAND &#8211; Hurtowy Dystrybutor Surowc\u00f3w","description":"\uce74\uce74\uc624 \ucf69 \ucd94\ucd9c\ubb3c\uc740 \uc2ec\uc7a5 \uc9c8\ud658 \ubc0f \uc54c\uce20\ud558\uc774\uba38\ubcd1 \uc704\ud5d8 \uac10\uc18c\uc5d0 \uae30\uc5ec\ud558\ub294 \ud50c\ub77c\ubcf4\ub180\uc744 \ub2e4\ub7c9 \ud568\uc720\ud558\uace0 \uc788\uc2b5\ub2c8\ub2e4.","robots":{"index":"index","follow":"follow","max-snippet":"max-snippet:-1","max-image-preview":"max-image-preview:large","max-video-preview":"max-video-preview:-1"},"canonical":"https:\/\/naturalpoland.com\/ko\/je-pum\/sig-mul-chu-chul-mul\/%ec%b9%b4%ec%b9%b4%ec%98%a4-%ec%b6%94%ec%b6%9c%eb%ac%bc\/","og_locale":"ko_KR","og_type":"article","og_description":"\uce74\uce74\uc624 \ucf69 \ucd94\ucd9c\ubb3c\uc740 \uc2ec\uc7a5 \uc9c8\ud658 \ubc0f \uc54c\uce20\ud558\uc774\uba38\ubcd1 \uc704\ud5d8 \uac10\uc18c\uc5d0 \uae30\uc5ec\ud558\ub294 \ud50c\ub77c\ubcf4\ub180\uc744 \ub2e4\ub7c9 \ud568\uc720\ud558\uace0 \uc788\uc2b5\ub2c8\ub2e4.","og_url":"https:\/\/naturalpoland.com\/ko\/je-pum\/sig-mul-chu-chul-mul\/%ec%b9%b4%ec%b9%b4%ec%98%a4-%ec%b6%94%ec%b6%9c%eb%ac%bc\/","og_site_name":"NATURAL POLAND - Hurtowy Dystrybutor Surowc\u00f3w","article_publisher":"https:\/\/www.facebook.com\/naturalpoland.b2b","article_modified_time":"2025-12-22T10:41:14+00:00","og_image":[{"width":650,"height":572,"url":"https:\/\/naturalpoland.com\/wp-content\/uploads\/ekstrakt-z-kakao.jpg","type":"image\/jpeg"}],"schema":{"@context":"https:\/\/schema.org","@graph":[{"@type":"WebPage","@id":"https:\/\/naturalpoland.com\/ko\/je-pum\/sig-mul-chu-chul-mul\/%ec%b9%b4%ec%b9%b4%ec%98%a4-%ec%b6%94%ec%b6%9c%eb%ac%bc\/","url":"https:\/\/naturalpoland.com\/ko\/je-pum\/sig-mul-chu-chul-mul\/%ec%b9%b4%ec%b9%b4%ec%98%a4-%ec%b6%94%ec%b6%9c%eb%ac%bc\/","name":"","isPartOf":{"@id":"https:\/\/naturalpoland.com\/ko\/#website"},"primaryImageOfPage":{"@id":"https:\/\/naturalpoland.com\/ko\/je-pum\/sig-mul-chu-chul-mul\/%ec%b9%b4%ec%b9%b4%ec%98%a4-%ec%b6%94%ec%b6%9c%eb%ac%bc\/#primaryimage"},"image":{"@id":"https:\/\/naturalpoland.com\/ko\/je-pum\/sig-mul-chu-chul-mul\/%ec%b9%b4%ec%b9%b4%ec%98%a4-%ec%b6%94%ec%b6%9c%eb%ac%bc\/#primaryimage"},"thumbnailUrl":"https:\/\/naturalpoland.com\/wp-content\/uploads\/ekstrakt-z-kakao.jpg","datePublished":"2021-06-17T10:12:42+00:00","dateModified":"2025-12-22T10:41:14+00:00","description":"\uce74\uce74\uc624 \ucf69 \ucd94\ucd9c\ubb3c\uc740 \uc2ec\uc7a5 \uc9c8\ud658 \ubc0f \uc54c\uce20\ud558\uc774\uba38\ubcd1 \uc704\ud5d8 \uac10\uc18c\uc5d0 \uae30\uc5ec\ud558\ub294 \ud50c\ub77c\ubcf4\ub180\uc744 \ub2e4\ub7c9 \ud568\uc720\ud558\uace0 \uc788\uc2b5\ub2c8\ub2e4.","breadcrumb":{"@id":"https:\/\/naturalpoland.com\/ko\/je-pum\/sig-mul-chu-chul-mul\/%ec%b9%b4%ec%b9%b4%ec%98%a4-%ec%b6%94%ec%b6%9c%eb%ac%bc\/#breadcrumb"},"inLanguage":"ko-KR","potentialAction":[{"@type":"ReadAction","target":["https:\/\/naturalpoland.com\/ko\/je-pum\/sig-mul-chu-chul-mul\/%ec%b9%b4%ec%b9%b4%ec%98%a4-%ec%b6%94%ec%b6%9c%eb%ac%bc\/"]}]},{"@type":"ImageObject","inLanguage":"ko-KR","@id":"https:\/\/naturalpoland.com\/ko\/je-pum\/sig-mul-chu-chul-mul\/%ec%b9%b4%ec%b9%b4%ec%98%a4-%ec%b6%94%ec%b6%9c%eb%ac%bc\/#primaryimage","url":"https:\/\/naturalpoland.com\/wp-content\/uploads\/ekstrakt-z-kakao.jpg","contentUrl":"https:\/\/naturalpoland.com\/wp-content\/uploads\/ekstrakt-z-kakao.jpg","width":650,"height":572,"caption":"\uce74\uce74\uc624 \ucd94\ucd9c\ubb3c"},{"@type":"BreadcrumbList","@id":"https:\/\/naturalpoland.com\/ko\/je-pum\/sig-mul-chu-chul-mul\/%ec%b9%b4%ec%b9%b4%ec%98%a4-%ec%b6%94%ec%b6%9c%eb%ac%bc\/#breadcrumb","itemListElement":[{"@type":"ListItem","position":1,"name":"\ud648","item":"https:\/\/naturalpoland.com\/ko\/"},{"@type":"ListItem","position":2,"name":"\uc81c\ud488","item":"https:\/\/naturalpoland.com\/ko\/%ec%a0%9c%ed%92%88\/"},{"@type":"ListItem","position":3,"name":"\uce74\uce74\uc624 \ucd94\ucd9c\ubb3c"}]},{"@type":"WebSite","@id":"https:\/\/naturalpoland.com\/ko\/#website","url":"https:\/\/naturalpoland.com\/ko\/","name":"NATURAL POLAND - Hurtowy Dystrybutor Surowc\u00f3w","description":"Surowce dla przemys\u0142u spo\u017cywczego, kosmetycznego i farmaceutycznego","publisher":{"@id":"https:\/\/naturalpoland.com\/ko\/#organization"},"potentialAction":[{"@type":"SearchAction","target":{"@type":"EntryPoint","urlTemplate":"https:\/\/naturalpoland.com\/ko\/?s={search_term_string}"},"query-input":{"@type":"PropertyValueSpecification","valueRequired":true,"valueName":"search_term_string"}}],"inLanguage":"ko-KR"},{"@type":"Organization","@id":"https:\/\/naturalpoland.com\/ko\/#organization","name":"Natural Poland","url":"https:\/\/naturalpoland.com\/ko\/","logo":{"@type":"ImageObject","inLanguage":"ko-KR","@id":"https:\/\/naturalpoland.com\/ko\/#\/schema\/logo\/image\/","url":"https:\/\/naturalpoland.com\/wp-content\/uploads\/2021\/05\/natural-poland-icon.png","contentUrl":"https:\/\/naturalpoland.com\/wp-content\/uploads\/2021\/05\/natural-poland-icon.png","width":512,"height":512,"caption":"Natural Poland"},"image":{"@id":"https:\/\/naturalpoland.com\/ko\/#\/schema\/logo\/image\/"},"sameAs":["https:\/\/www.facebook.com\/naturalpoland.b2b","https:\/\/pl.linkedin.com\/company\/natural-poland","https:\/\/www.youtube.com\/channel\/UCgeGGkvOMahZo-xu_MSEWxg"]}]}},"_links":{"self":[{"href":"https:\/\/naturalpoland.com\/ko\/wp-json\/wp\/v2\/product\/44324","targetHints":{"allow":["GET"]}}],"collection":[{"href":"https:\/\/naturalpoland.com\/ko\/wp-json\/wp\/v2\/product"}],"about":[{"href":"https:\/\/naturalpoland.com\/ko\/wp-json\/wp\/v2\/types\/product"}],"wp:featuredmedia":[{"embeddable":true,"href":"https:\/\/naturalpoland.com\/ko\/wp-json\/wp\/v2\/media\/44325"}],"wp:attachment":[{"href":"https:\/\/naturalpoland.com\/ko\/wp-json\/wp\/v2\/media?parent=44324"}],"wp:term":[{"taxonomy":"product_brand","embeddable":true,"href":"https:\/\/naturalpoland.com\/ko\/wp-json\/wp\/v2\/product_brand?post=44324"},{"taxonomy":"product_cat","embeddable":true,"href":"https:\/\/naturalpoland.com\/ko\/wp-json\/wp\/v2\/product_cat?post=44324"},{"taxonomy":"product_tag","embeddable":true,"href":"https:\/\/naturalpoland.com\/ko\/wp-json\/wp\/v2\/product_tag?post=44324"}],"curies":[{"name":"wp","href":"https:\/\/api.w.org\/{rel}","templated":true}]}}