{"id":44387,"date":"2023-05-12T16:23:45","date_gmt":"2023-05-12T14:23:45","guid":{"rendered":"https:\/\/naturalpoland.com\/produkty\/uncategorized\/%eb%b3%b5%eb%a0%b9-poria-cocos\/"},"modified":"2025-12-22T11:57:44","modified_gmt":"2025-12-22T10:57:44","slug":"%eb%b3%b5%eb%a0%b9-poria-cocos","status":"publish","type":"product","link":"https:\/\/naturalpoland.com\/ko\/je-pum\/ui-yak-pum-won-ryo\/beo-seot-chu-chul-mul\/%eb%b3%b5%eb%a0%b9-poria-cocos\/","title":{"rendered":"\ubcf5\ub839 (Poria cocos)"},"content":{"rendered":"<p><em>Poria cocos<\/em>\ub294 2000\ub144 \uc774\uc0c1 \uc804\ud1b5 \uc911\uad6d \uc758\ud559\uc5d0\uc11c &#8220;\uc2b5\uc744 \uc81c\uac70\ud558\ub294&#8221; \uc6d0\ub8cc\ub85c \uc0ac\uc6a9\ub418\uc5b4 \uc654\uc2b5\ub2c8\ub2e4. \ubd80\uc885, \uc694\ub85c \uc9c8\ud658, \uc18c\ud654 \ubb38\uc81c \uce58\ub8cc\ubfd0\ub9cc \uc544\ub2c8\ub77c \ud53c\ub85c\uc640 \uc815\uc2e0\uc801 \ubd88\uc548\uc5d0 \ub300\ud55c \uc544\ub2f5\ud1a0\uac90\uc73c\ub85c\ub3c4 \ud65c\uc6a9\ub429\ub2c8\ub2e4. <\/p>\n<h2><em>Poria cocos<\/em> \ucd94\ucd9c\ubb3c\uc758 \ud65c\uc6a9<\/h2>\n<p>\ud604\ub300 \uacfc\ud559 \uc5f0\uad6c\uc5d0 \ub530\ub974\uba74 \ud3ec\ub9ac\uc544 \ucd94\ucd9c\ubb3c\uc740 \ub2e4\uc74c \uc81c\uc81c\uc5d0 \ud65c\uc6a9\ub420 \uc218 \uc788\uc2b5\ub2c8\ub2e4:<\/p>\n<ul>\n<li>\uc544\ub2f5\ud1a0\uac90<\/li>\n<li>\uae30\uc5b5\ub825 \ubc0f \uc9d1\uc911\ub825 \uac1c\uc120<\/li>\n<li>\uc218\uba74 \ubcf4\uc870<\/li>\n<li>\uc54c\uce20\ud558\uc774\uba38\ubcd1 \uc608\ubc29<\/li>\n<li>\uc2e0\uc7a5 \uac15\ud654 \ubc0f \uc774\ub1e8 \uc791\uc6a9<\/li>\n<li>\uc18c\ud654 \uac1c\uc120, \uc124\uc0ac \ubc0f \ubcc0\ube44 \uc644\ud654<\/li>\n<li>\uba74\uc5ed\ub825 \uac15\ud654<\/li>\n<\/ul>\n","protected":false},"excerpt":{"rendered":"<p><strong><em>Poria cocos<\/em> (\ubcf5\ub839)<\/strong>\uc740 \ub0a8\uc544\uc2dc\uc544 \ubc0f \ub3d9\ub0a8\uc544\uc2dc\uc544\uc758 \uc544\uc5f4\ub300 \uc9c0\uc5ed\uc774 \uc6d0\uc0b0\uc9c0\uc778 \ubaa9\uc7ac \ubd80\ud6c4\uade0\uc73c\ub85c, \uad34\uacbd(\ub369\uc774\uc904\uae30)\ucc98\ub7fc \ub545\uc18d\uc5d0\uc11c \uc790\ub78d\ub2c8\ub2e4. \ud3ec\ub9ac\uc544 \ubc84\uc12f\uc740 \uc2dd\uc6a9\uc774\uba70 \uc678\ud615\uc740 \uac10\uc790\ub098 \ucf54\ucf54\ub11b\uacfc \uc720\uc0ac\ud569\ub2c8\ub2e4. <\/p>\n","protected":false},"featured_media":44388,"template":"","meta":{"_acf_changed":false},"product_brand":[],"product_cat":[8144],"product_tag":[],"class_list":{"0":"post-44387","1":"product","2":"type-product","3":"status-publish","4":"has-post-thumbnail","6":"product_cat-beo-seot-chu-chul-mul","8":"first","9":"instock","10":"shipping-taxable","11":"product-type-simple"},"acf":[],"yoast_head":"<!-- This site is optimized with the Yoast SEO plugin v27.5 - https:\/\/yoast.com\/product\/yoast-seo-wordpress\/ -->\n<title>\ubcf5\ub839 (Poria cocos) - Hurtowy Dystrybutor<\/title>\n<meta name=\"robots\" content=\"index, follow, max-snippet:-1, max-image-preview:large, max-video-preview:-1\" \/>\n<link rel=\"canonical\" href=\"https:\/\/naturalpoland.com\/ko\/je-pum\/ui-yak-pum-won-ryo\/beo-seot-chu-chul-mul\/%eb%b3%b5%eb%a0%b9-poria-cocos\/\" \/>\n<meta property=\"og:locale\" content=\"ko_KR\" \/>\n<meta property=\"og:type\" content=\"article\" \/>\n<meta property=\"og:title\" content=\"\ubcf5\ub839 (Poria cocos) - Hurtowy Dystrybutor\" \/>\n<meta property=\"og:description\" content=\"Poria cocos (\ubcf5\ub839)\uc740 \ub0a8\uc544\uc2dc\uc544 \ubc0f \ub3d9\ub0a8\uc544\uc2dc\uc544\uc758 \uc544\uc5f4\ub300 \uc9c0\uc5ed\uc774 \uc6d0\uc0b0\uc9c0\uc778 \ubaa9\uc7ac \ubd80\ud6c4\uade0\uc73c\ub85c, \uad34\uacbd(\ub369\uc774\uc904\uae30)\ucc98\ub7fc \ub545\uc18d\uc5d0\uc11c \uc790\ub78d\ub2c8\ub2e4. \ud3ec\ub9ac\uc544 \ubc84\uc12f\uc740 \uc2dd\uc6a9\uc774\uba70 \uc678\ud615\uc740 \uac10\uc790\ub098 \ucf54\ucf54\ub11b\uacfc \uc720\uc0ac\ud569\ub2c8\ub2e4.\" \/>\n<meta property=\"og:url\" content=\"https:\/\/naturalpoland.com\/ko\/je-pum\/ui-yak-pum-won-ryo\/beo-seot-chu-chul-mul\/%eb%b3%b5%eb%a0%b9-poria-cocos\/\" \/>\n<meta property=\"og:site_name\" content=\"NATURAL POLAND - Hurtowy Dystrybutor Surowc\u00f3w\" \/>\n<meta property=\"article:publisher\" content=\"https:\/\/www.facebook.com\/naturalpoland.b2b\" \/>\n<meta property=\"article:modified_time\" content=\"2025-12-22T10:57:44+00:00\" \/>\n<meta property=\"og:image\" content=\"https:\/\/naturalpoland.com\/wp-content\/uploads\/poria-cocos.jpg\" \/>\n\t<meta property=\"og:image:width\" content=\"600\" \/>\n\t<meta property=\"og:image:height\" content=\"600\" \/>\n\t<meta property=\"og:image:type\" content=\"image\/jpeg\" \/>\n<script type=\"application\/ld+json\" class=\"yoast-schema-graph\">{\"@context\":\"https:\\\/\\\/schema.org\",\"@graph\":[{\"@type\":\"WebPage\",\"@id\":\"https:\\\/\\\/naturalpoland.com\\\/ko\\\/je-pum\\\/ui-yak-pum-won-ryo\\\/beo-seot-chu-chul-mul\\\/%eb%b3%b5%eb%a0%b9-poria-cocos\\\/\",\"url\":\"https:\\\/\\\/naturalpoland.com\\\/ko\\\/je-pum\\\/ui-yak-pum-won-ryo\\\/beo-seot-chu-chul-mul\\\/%eb%b3%b5%eb%a0%b9-poria-cocos\\\/\",\"name\":\"\ubcf5\ub839 (Poria cocos) - Hurtowy Dystrybutor\",\"isPartOf\":{\"@id\":\"https:\\\/\\\/naturalpoland.com\\\/ko\\\/#website\"},\"primaryImageOfPage\":{\"@id\":\"https:\\\/\\\/naturalpoland.com\\\/ko\\\/je-pum\\\/ui-yak-pum-won-ryo\\\/beo-seot-chu-chul-mul\\\/%eb%b3%b5%eb%a0%b9-poria-cocos\\\/#primaryimage\"},\"image\":{\"@id\":\"https:\\\/\\\/naturalpoland.com\\\/ko\\\/je-pum\\\/ui-yak-pum-won-ryo\\\/beo-seot-chu-chul-mul\\\/%eb%b3%b5%eb%a0%b9-poria-cocos\\\/#primaryimage\"},\"thumbnailUrl\":\"https:\\\/\\\/naturalpoland.com\\\/wp-content\\\/uploads\\\/poria-cocos.jpg\",\"datePublished\":\"2023-05-12T14:23:45+00:00\",\"dateModified\":\"2025-12-22T10:57:44+00:00\",\"breadcrumb\":{\"@id\":\"https:\\\/\\\/naturalpoland.com\\\/ko\\\/je-pum\\\/ui-yak-pum-won-ryo\\\/beo-seot-chu-chul-mul\\\/%eb%b3%b5%eb%a0%b9-poria-cocos\\\/#breadcrumb\"},\"inLanguage\":\"ko-KR\",\"potentialAction\":[{\"@type\":\"ReadAction\",\"target\":[\"https:\\\/\\\/naturalpoland.com\\\/ko\\\/je-pum\\\/ui-yak-pum-won-ryo\\\/beo-seot-chu-chul-mul\\\/%eb%b3%b5%eb%a0%b9-poria-cocos\\\/\"]}]},{\"@type\":\"ImageObject\",\"inLanguage\":\"ko-KR\",\"@id\":\"https:\\\/\\\/naturalpoland.com\\\/ko\\\/je-pum\\\/ui-yak-pum-won-ryo\\\/beo-seot-chu-chul-mul\\\/%eb%b3%b5%eb%a0%b9-poria-cocos\\\/#primaryimage\",\"url\":\"https:\\\/\\\/naturalpoland.com\\\/wp-content\\\/uploads\\\/poria-cocos.jpg\",\"contentUrl\":\"https:\\\/\\\/naturalpoland.com\\\/wp-content\\\/uploads\\\/poria-cocos.jpg\",\"width\":600,\"height\":600,\"caption\":\"\ud3ec\ub9ac\uc544 \ucf54\ucf54\uc2a4\"},{\"@type\":\"BreadcrumbList\",\"@id\":\"https:\\\/\\\/naturalpoland.com\\\/ko\\\/je-pum\\\/ui-yak-pum-won-ryo\\\/beo-seot-chu-chul-mul\\\/%eb%b3%b5%eb%a0%b9-poria-cocos\\\/#breadcrumb\",\"itemListElement\":[{\"@type\":\"ListItem\",\"position\":1,\"name\":\"\ud648\",\"item\":\"https:\\\/\\\/naturalpoland.com\\\/ko\\\/\"},{\"@type\":\"ListItem\",\"position\":2,\"name\":\"\uc81c\ud488\",\"item\":\"https:\\\/\\\/naturalpoland.com\\\/ko\\\/%ec%a0%9c%ed%92%88\\\/\"},{\"@type\":\"ListItem\",\"position\":3,\"name\":\"\ubcf5\ub839 (Poria cocos)\"}]},{\"@type\":\"WebSite\",\"@id\":\"https:\\\/\\\/naturalpoland.com\\\/ko\\\/#website\",\"url\":\"https:\\\/\\\/naturalpoland.com\\\/ko\\\/\",\"name\":\"NATURAL POLAND - Hurtowy Dystrybutor Surowc\u00f3w\",\"description\":\"Surowce dla przemys\u0142u spo\u017cywczego, kosmetycznego i farmaceutycznego\",\"publisher\":{\"@id\":\"https:\\\/\\\/naturalpoland.com\\\/ko\\\/#organization\"},\"potentialAction\":[{\"@type\":\"SearchAction\",\"target\":{\"@type\":\"EntryPoint\",\"urlTemplate\":\"https:\\\/\\\/naturalpoland.com\\\/ko\\\/?s={search_term_string}\"},\"query-input\":{\"@type\":\"PropertyValueSpecification\",\"valueRequired\":true,\"valueName\":\"search_term_string\"}}],\"inLanguage\":\"ko-KR\"},{\"@type\":\"Organization\",\"@id\":\"https:\\\/\\\/naturalpoland.com\\\/ko\\\/#organization\",\"name\":\"Natural Poland\",\"url\":\"https:\\\/\\\/naturalpoland.com\\\/ko\\\/\",\"logo\":{\"@type\":\"ImageObject\",\"inLanguage\":\"ko-KR\",\"@id\":\"https:\\\/\\\/naturalpoland.com\\\/ko\\\/#\\\/schema\\\/logo\\\/image\\\/\",\"url\":\"https:\\\/\\\/naturalpoland.com\\\/wp-content\\\/uploads\\\/2021\\\/05\\\/natural-poland-icon.png\",\"contentUrl\":\"https:\\\/\\\/naturalpoland.com\\\/wp-content\\\/uploads\\\/2021\\\/05\\\/natural-poland-icon.png\",\"width\":512,\"height\":512,\"caption\":\"Natural Poland\"},\"image\":{\"@id\":\"https:\\\/\\\/naturalpoland.com\\\/ko\\\/#\\\/schema\\\/logo\\\/image\\\/\"},\"sameAs\":[\"https:\\\/\\\/www.facebook.com\\\/naturalpoland.b2b\",\"https:\\\/\\\/pl.linkedin.com\\\/company\\\/natural-poland\",\"https:\\\/\\\/www.youtube.com\\\/channel\\\/UCgeGGkvOMahZo-xu_MSEWxg\"]}]}<\/script>\n<!-- \/ Yoast SEO plugin. -->","yoast_head_json":{"title":"\ubcf5\ub839 (Poria cocos) - Hurtowy Dystrybutor","robots":{"index":"index","follow":"follow","max-snippet":"max-snippet:-1","max-image-preview":"max-image-preview:large","max-video-preview":"max-video-preview:-1"},"canonical":"https:\/\/naturalpoland.com\/ko\/je-pum\/ui-yak-pum-won-ryo\/beo-seot-chu-chul-mul\/%eb%b3%b5%eb%a0%b9-poria-cocos\/","og_locale":"ko_KR","og_type":"article","og_title":"\ubcf5\ub839 (Poria cocos) - Hurtowy Dystrybutor","og_description":"Poria cocos (\ubcf5\ub839)\uc740 \ub0a8\uc544\uc2dc\uc544 \ubc0f \ub3d9\ub0a8\uc544\uc2dc\uc544\uc758 \uc544\uc5f4\ub300 \uc9c0\uc5ed\uc774 \uc6d0\uc0b0\uc9c0\uc778 \ubaa9\uc7ac \ubd80\ud6c4\uade0\uc73c\ub85c, \uad34\uacbd(\ub369\uc774\uc904\uae30)\ucc98\ub7fc \ub545\uc18d\uc5d0\uc11c \uc790\ub78d\ub2c8\ub2e4. \ud3ec\ub9ac\uc544 \ubc84\uc12f\uc740 \uc2dd\uc6a9\uc774\uba70 \uc678\ud615\uc740 \uac10\uc790\ub098 \ucf54\ucf54\ub11b\uacfc \uc720\uc0ac\ud569\ub2c8\ub2e4.","og_url":"https:\/\/naturalpoland.com\/ko\/je-pum\/ui-yak-pum-won-ryo\/beo-seot-chu-chul-mul\/%eb%b3%b5%eb%a0%b9-poria-cocos\/","og_site_name":"NATURAL POLAND - Hurtowy Dystrybutor Surowc\u00f3w","article_publisher":"https:\/\/www.facebook.com\/naturalpoland.b2b","article_modified_time":"2025-12-22T10:57:44+00:00","og_image":[{"width":600,"height":600,"url":"https:\/\/naturalpoland.com\/wp-content\/uploads\/poria-cocos.jpg","type":"image\/jpeg"}],"schema":{"@context":"https:\/\/schema.org","@graph":[{"@type":"WebPage","@id":"https:\/\/naturalpoland.com\/ko\/je-pum\/ui-yak-pum-won-ryo\/beo-seot-chu-chul-mul\/%eb%b3%b5%eb%a0%b9-poria-cocos\/","url":"https:\/\/naturalpoland.com\/ko\/je-pum\/ui-yak-pum-won-ryo\/beo-seot-chu-chul-mul\/%eb%b3%b5%eb%a0%b9-poria-cocos\/","name":"\ubcf5\ub839 (Poria cocos) - Hurtowy Dystrybutor","isPartOf":{"@id":"https:\/\/naturalpoland.com\/ko\/#website"},"primaryImageOfPage":{"@id":"https:\/\/naturalpoland.com\/ko\/je-pum\/ui-yak-pum-won-ryo\/beo-seot-chu-chul-mul\/%eb%b3%b5%eb%a0%b9-poria-cocos\/#primaryimage"},"image":{"@id":"https:\/\/naturalpoland.com\/ko\/je-pum\/ui-yak-pum-won-ryo\/beo-seot-chu-chul-mul\/%eb%b3%b5%eb%a0%b9-poria-cocos\/#primaryimage"},"thumbnailUrl":"https:\/\/naturalpoland.com\/wp-content\/uploads\/poria-cocos.jpg","datePublished":"2023-05-12T14:23:45+00:00","dateModified":"2025-12-22T10:57:44+00:00","breadcrumb":{"@id":"https:\/\/naturalpoland.com\/ko\/je-pum\/ui-yak-pum-won-ryo\/beo-seot-chu-chul-mul\/%eb%b3%b5%eb%a0%b9-poria-cocos\/#breadcrumb"},"inLanguage":"ko-KR","potentialAction":[{"@type":"ReadAction","target":["https:\/\/naturalpoland.com\/ko\/je-pum\/ui-yak-pum-won-ryo\/beo-seot-chu-chul-mul\/%eb%b3%b5%eb%a0%b9-poria-cocos\/"]}]},{"@type":"ImageObject","inLanguage":"ko-KR","@id":"https:\/\/naturalpoland.com\/ko\/je-pum\/ui-yak-pum-won-ryo\/beo-seot-chu-chul-mul\/%eb%b3%b5%eb%a0%b9-poria-cocos\/#primaryimage","url":"https:\/\/naturalpoland.com\/wp-content\/uploads\/poria-cocos.jpg","contentUrl":"https:\/\/naturalpoland.com\/wp-content\/uploads\/poria-cocos.jpg","width":600,"height":600,"caption":"\ud3ec\ub9ac\uc544 \ucf54\ucf54\uc2a4"},{"@type":"BreadcrumbList","@id":"https:\/\/naturalpoland.com\/ko\/je-pum\/ui-yak-pum-won-ryo\/beo-seot-chu-chul-mul\/%eb%b3%b5%eb%a0%b9-poria-cocos\/#breadcrumb","itemListElement":[{"@type":"ListItem","position":1,"name":"\ud648","item":"https:\/\/naturalpoland.com\/ko\/"},{"@type":"ListItem","position":2,"name":"\uc81c\ud488","item":"https:\/\/naturalpoland.com\/ko\/%ec%a0%9c%ed%92%88\/"},{"@type":"ListItem","position":3,"name":"\ubcf5\ub839 (Poria cocos)"}]},{"@type":"WebSite","@id":"https:\/\/naturalpoland.com\/ko\/#website","url":"https:\/\/naturalpoland.com\/ko\/","name":"NATURAL POLAND - Hurtowy Dystrybutor Surowc\u00f3w","description":"Surowce dla przemys\u0142u spo\u017cywczego, kosmetycznego i farmaceutycznego","publisher":{"@id":"https:\/\/naturalpoland.com\/ko\/#organization"},"potentialAction":[{"@type":"SearchAction","target":{"@type":"EntryPoint","urlTemplate":"https:\/\/naturalpoland.com\/ko\/?s={search_term_string}"},"query-input":{"@type":"PropertyValueSpecification","valueRequired":true,"valueName":"search_term_string"}}],"inLanguage":"ko-KR"},{"@type":"Organization","@id":"https:\/\/naturalpoland.com\/ko\/#organization","name":"Natural Poland","url":"https:\/\/naturalpoland.com\/ko\/","logo":{"@type":"ImageObject","inLanguage":"ko-KR","@id":"https:\/\/naturalpoland.com\/ko\/#\/schema\/logo\/image\/","url":"https:\/\/naturalpoland.com\/wp-content\/uploads\/2021\/05\/natural-poland-icon.png","contentUrl":"https:\/\/naturalpoland.com\/wp-content\/uploads\/2021\/05\/natural-poland-icon.png","width":512,"height":512,"caption":"Natural Poland"},"image":{"@id":"https:\/\/naturalpoland.com\/ko\/#\/schema\/logo\/image\/"},"sameAs":["https:\/\/www.facebook.com\/naturalpoland.b2b","https:\/\/pl.linkedin.com\/company\/natural-poland","https:\/\/www.youtube.com\/channel\/UCgeGGkvOMahZo-xu_MSEWxg"]}]}},"_links":{"self":[{"href":"https:\/\/naturalpoland.com\/ko\/wp-json\/wp\/v2\/product\/44387","targetHints":{"allow":["GET"]}}],"collection":[{"href":"https:\/\/naturalpoland.com\/ko\/wp-json\/wp\/v2\/product"}],"about":[{"href":"https:\/\/naturalpoland.com\/ko\/wp-json\/wp\/v2\/types\/product"}],"wp:featuredmedia":[{"embeddable":true,"href":"https:\/\/naturalpoland.com\/ko\/wp-json\/wp\/v2\/media\/44388"}],"wp:attachment":[{"href":"https:\/\/naturalpoland.com\/ko\/wp-json\/wp\/v2\/media?parent=44387"}],"wp:term":[{"taxonomy":"product_brand","embeddable":true,"href":"https:\/\/naturalpoland.com\/ko\/wp-json\/wp\/v2\/product_brand?post=44387"},{"taxonomy":"product_cat","embeddable":true,"href":"https:\/\/naturalpoland.com\/ko\/wp-json\/wp\/v2\/product_cat?post=44387"},{"taxonomy":"product_tag","embeddable":true,"href":"https:\/\/naturalpoland.com\/ko\/wp-json\/wp\/v2\/product_tag?post=44387"}],"curies":[{"name":"wp","href":"https:\/\/api.w.org\/{rel}","templated":true}]}}