{"id":44393,"date":"2023-05-12T15:17:11","date_gmt":"2023-05-12T13:17:11","guid":{"rendered":"https:\/\/naturalpoland.com\/produkty\/uncategorized\/%ec%b0%a8%ea%b0%80%eb%b2%84%ec%84%af-chaga\/"},"modified":"2025-12-22T11:58:21","modified_gmt":"2025-12-22T10:58:21","slug":"%ec%b0%a8%ea%b0%80%eb%b2%84%ec%84%af-chaga","status":"publish","type":"product","link":"https:\/\/naturalpoland.com\/ko\/je-pum\/ui-yak-pum-won-ryo\/beo-seot-chu-chul-mul\/%ec%b0%a8%ea%b0%80%eb%b2%84%ec%84%af-chaga\/","title":{"rendered":"\ucc28\uac00\ubc84\uc12f (Chaga)"},"content":{"rendered":"<p>\ucc28\uac00\ubc84\uc12f\uc740 \ubd81\ubc18\uad6c\uc5d0\uc11c \uc790\uc5f0\uc801\uc73c\ub85c \uc790\uc0dd\ud558\uba70, \ud2b9\ud788 \uc2dc\ubca0\ub9ac\uc544, \uc911\uad6d \ubd81\ubd80, \uce90\ub098\ub2e4, \uc2a4\uce78\ub514\ub098\ube44\uc544 \uad6d\uac00\uc758 \uc790\uc791\ub098\ubb34\uc5d0\uc11c \ubc1c\uacac\ub429\ub2c8\ub2e4. \uc774 \uc9c0\uc5ed \uc6d0\uc8fc\ubbfc\ub4e4\uc740 \uc804\ud1b5\uc801\uc73c\ub85c \ubbfc\uac04\uc694\ubc95\uacfc \ubcf4\ud638 \uc758\uc2dd\uc5d0 \uc0ac\uc6a9\ud588\uc73c\uba70, \uc774\ub85c \uc778\ud574 &#8220;\ubd81\ubc29\ub9bc\uc758 \uc120\ubb3c&#8221;\uc774\ub77c\ub294 \ubcc4\uba85\uc744 \uc5bb\uc5c8\uc2b5\ub2c8\ub2e4. <\/p>\n<h2>\ucc28\uac00 \ucd94\ucd9c\ubb3c\uc758 \ud6a8\ub2a5<\/h2>\n<p>\ud604\ub300 \uc5f0\uad6c\ub294 \ucc28\uac00 \ucd94\ucd9c\ubb3c\uc758 \ud0c1\uc6d4\ud55c \ud6a8\ub2a5\uc744 \ud655\uc778\ud569\ub2c8\ub2e4. \ud2b9\ud788 <strong>\ub2e4\ub2f9\ub958<\/strong>, <strong>\uc720\uae30\uc0b0<\/strong>, <strong>\uba5c\ub77c\ub2cc<\/strong>, <strong>\ud56d\uc0b0\ud654\uc81c<\/strong>\uac00 \ud48d\ubd80\ud569\ub2c8\ub2e4. \uc774\ub7ec\ud55c \ud654\ud569\ubb3c\uc740 \uba74\uc5ed \uc870\uc808, \uc801\uc751\uc6d0\uc131 \ubc0f \uac15\ub825\ud55c \ud56d\uc0b0\ud654 \uc791\uc6a9\uc744 \ub2f4\ub2f9\ud569\ub2c8\ub2e4. \ubcf8 \ucd94\ucd9c\ubb3c\uc740 \uc2e0\uccb4\uc758 \uc790\uc5f0 \uba74\uc5ed\ub825\uc744 \uc9c0\uc6d0\ud558\uace0, \uc0b0\ud654 \uc2a4\ud2b8\ub808\uc2a4\ub85c\ubd80\ud130 \uc138\ud3ec\ub97c \ubcf4\ud638\ud558\uba70, \ud56d\ubc14\uc774\ub7ec\uc2a4 \ubc0f \ud56d\uc5fc\uc99d \uc791\uc6a9\uc744 \ub098\ud0c0\ub0c5\ub2c8\ub2e4.  <\/p>\n<h2>\uc801\uc6a9<\/h2>\n<p>\ucc28\uac00 \ucd94\ucd9c\ubb3c\uc758 \ud65c\uc6a9 \ubc94\uc704\ub294 \ub113\uc2b5\ub2c8\ub2e4. \ud608\ub2f9 \ubc0f \ucf5c\ub808\uc2a4\ud14c\ub864 \uc218\uce58 \uc870\uc808\uc744 \ub3d5\uace0, \uac04 \uae30\ub2a5\uc744 \uc9c0\uc6d0\ud558\uba70, \uc2e0\uacbd \ubcf4\ud638 \uc791\uc6a9\uc744 \ud1b5\ud574 \uae30\uc5b5\ub825\uacfc \uc9d1\uc911\ub825\uc744 \ud5a5\uc0c1\uc2dc\ud0ac \uc218 \uc788\uc2b5\ub2c8\ub2e4. \ud2b9\ud788 \uc8fc\ubaa9\ud560 \uc810\uc740 \ud56d\uc554 \uc7a0\uc7ac\ub825\uc785\ub2c8\ub2e4. \uc774\ub294 \uc2e0\uccb4\uc758 \uc790\uc5f0 \ubc29\uc5b4 \uba54\ucee4\ub2c8\uc998\uc744 \uc9c0\uc6d0\ud558\ub294 \ud48d\ubd80\ud55c \uc0dd\uccb4 \ud65c\uc131 \ud654\ud569\ubb3c \ud568\ub7c9\uc5d0\uc11c \ube44\ub86f\ub429\ub2c8\ub2e4.  <\/p>\n<p>\ucd94\ucd9c\ubb3c\uc740 \ubc84\uc12f \uc790\uc2e4\uccb4\uc5d0\uc11c \uc5d0\ud0c4\uc62c-\uc218 \ucd94\ucd9c \ubc29\uc2dd\uc73c\ub85c \uc5bb\uc5b4\uc9c0\uba70, \ub9d0\ud1a0\ub371\uc2a4\ud2b8\ub9b0\uc774 \uc6b4\ubc18\uccb4\ub85c \ucca8\uac00\ub429\ub2c8\ub2e4. \ubcf8 \uc81c\ud488\uc740 GMO, \uc911\uae08\uc18d \ubc0f \ubbf8\uc0dd\ubb3c \uc624\uc5fc\uc73c\ub85c\ubd80\ud130 \uc790\uc720\ub86d\uc2b5\ub2c8\ub2e4. <\/p>\n","protected":false},"excerpt":{"rendered":"<p><strong>\ucc28\uac00 \ucd94\ucd9c\ubb3c<\/strong>\uc740 <strong>\uc774\ub178\ub178\ud22c\uc2a4 \uc624\ube14\ub9ac\ucfe0\uc2a4<\/strong>, \uc989 <strong>\ucc28\uac00\ubc84\uc12f<\/strong>\uc73c\ub85c\ub3c4 \uc54c\ub824\uc9c4 \ubc84\uc12f\uc758 \uc790\uc2e4\uccb4\uc5d0\uc11c \uc5bb\uc740 \uc6d0\ub8cc\uc785\ub2c8\ub2e4.<\/p>\n","protected":false},"featured_media":42133,"template":"","meta":{"_acf_changed":false},"product_brand":[],"product_cat":[8144],"product_tag":[],"class_list":{"0":"post-44393","1":"product","2":"type-product","3":"status-publish","4":"has-post-thumbnail","6":"product_cat-beo-seot-chu-chul-mul","7":"pa_czesc-rosliny-jasilche","8":"pa_metoda-pozyskiwania-9742","9":"pa_skladnik-aktywny-9743","11":"first","12":"instock","13":"shipping-taxable","14":"product-type-simple"},"acf":[],"yoast_head":"<!-- This site is optimized with the Yoast SEO plugin v27.5 - https:\/\/yoast.com\/product\/yoast-seo-wordpress\/ -->\n<title>\ucc28\uac00\ubc84\uc12f (Chaga) - Hurtowy Dystrybutor<\/title>\n<meta name=\"description\" content=\"\ucc28\uac00 \ucd94\ucd9c\ubb3c\uc740 \uc774\ub178\ub178\ud22c\uc2a4 \uc624\ube14\ub9ac\ucfe0\uc2a4(\ucc28\uac00\ubc84\uc12f)\uc758 \uc790\uc2e4\uccb4\ub97c \uc5d0\ud0c4\uc62c-\uc218 \ucd94\ucd9c \ubc29\uc2dd\uc73c\ub85c \uc5bb\uc740 \uc6d0\ub8cc\uc785\ub2c8\ub2e4.\" \/>\n<meta name=\"robots\" content=\"index, follow, max-snippet:-1, max-image-preview:large, max-video-preview:-1\" \/>\n<link rel=\"canonical\" href=\"https:\/\/naturalpoland.com\/ko\/je-pum\/ui-yak-pum-won-ryo\/beo-seot-chu-chul-mul\/%ec%b0%a8%ea%b0%80%eb%b2%84%ec%84%af-chaga\/\" \/>\n<meta property=\"og:locale\" content=\"ko_KR\" \/>\n<meta property=\"og:type\" content=\"article\" \/>\n<meta property=\"og:title\" content=\"\ucc28\uac00\ubc84\uc12f (Chaga) - Hurtowy Dystrybutor\" \/>\n<meta property=\"og:description\" content=\"\ucc28\uac00 \ucd94\ucd9c\ubb3c\uc740 \uc774\ub178\ub178\ud22c\uc2a4 \uc624\ube14\ub9ac\ucfe0\uc2a4(\ucc28\uac00\ubc84\uc12f)\uc758 \uc790\uc2e4\uccb4\ub97c \uc5d0\ud0c4\uc62c-\uc218 \ucd94\ucd9c \ubc29\uc2dd\uc73c\ub85c \uc5bb\uc740 \uc6d0\ub8cc\uc785\ub2c8\ub2e4.\" \/>\n<meta property=\"og:url\" content=\"https:\/\/naturalpoland.com\/ko\/je-pum\/ui-yak-pum-won-ryo\/beo-seot-chu-chul-mul\/%ec%b0%a8%ea%b0%80%eb%b2%84%ec%84%af-chaga\/\" \/>\n<meta property=\"og:site_name\" content=\"NATURAL POLAND - Hurtowy Dystrybutor Surowc\u00f3w\" \/>\n<meta property=\"article:publisher\" content=\"https:\/\/www.facebook.com\/naturalpoland.b2b\" \/>\n<meta property=\"article:modified_time\" content=\"2025-12-22T10:58:21+00:00\" \/>\n<meta property=\"og:image\" content=\"https:\/\/naturalpoland.com\/wp-content\/uploads\/ekstrakt-z-chaga.webp\" \/>\n\t<meta property=\"og:image:width\" content=\"1024\" \/>\n\t<meta property=\"og:image:height\" content=\"1024\" \/>\n\t<meta property=\"og:image:type\" content=\"image\/webp\" \/>\n<script type=\"application\/ld+json\" class=\"yoast-schema-graph\">{\"@context\":\"https:\\\/\\\/schema.org\",\"@graph\":[{\"@type\":\"WebPage\",\"@id\":\"https:\\\/\\\/naturalpoland.com\\\/ko\\\/je-pum\\\/ui-yak-pum-won-ryo\\\/beo-seot-chu-chul-mul\\\/%ec%b0%a8%ea%b0%80%eb%b2%84%ec%84%af-chaga\\\/\",\"url\":\"https:\\\/\\\/naturalpoland.com\\\/ko\\\/je-pum\\\/ui-yak-pum-won-ryo\\\/beo-seot-chu-chul-mul\\\/%ec%b0%a8%ea%b0%80%eb%b2%84%ec%84%af-chaga\\\/\",\"name\":\"\ucc28\uac00\ubc84\uc12f (Chaga) - Hurtowy Dystrybutor\",\"isPartOf\":{\"@id\":\"https:\\\/\\\/naturalpoland.com\\\/ko\\\/#website\"},\"primaryImageOfPage\":{\"@id\":\"https:\\\/\\\/naturalpoland.com\\\/ko\\\/je-pum\\\/ui-yak-pum-won-ryo\\\/beo-seot-chu-chul-mul\\\/%ec%b0%a8%ea%b0%80%eb%b2%84%ec%84%af-chaga\\\/#primaryimage\"},\"image\":{\"@id\":\"https:\\\/\\\/naturalpoland.com\\\/ko\\\/je-pum\\\/ui-yak-pum-won-ryo\\\/beo-seot-chu-chul-mul\\\/%ec%b0%a8%ea%b0%80%eb%b2%84%ec%84%af-chaga\\\/#primaryimage\"},\"thumbnailUrl\":\"https:\\\/\\\/naturalpoland.com\\\/wp-content\\\/uploads\\\/ekstrakt-z-chaga.webp\",\"datePublished\":\"2023-05-12T13:17:11+00:00\",\"dateModified\":\"2025-12-22T10:58:21+00:00\",\"description\":\"\ucc28\uac00 \ucd94\ucd9c\ubb3c\uc740 \uc774\ub178\ub178\ud22c\uc2a4 \uc624\ube14\ub9ac\ucfe0\uc2a4(\ucc28\uac00\ubc84\uc12f)\uc758 \uc790\uc2e4\uccb4\ub97c \uc5d0\ud0c4\uc62c-\uc218 \ucd94\ucd9c \ubc29\uc2dd\uc73c\ub85c \uc5bb\uc740 \uc6d0\ub8cc\uc785\ub2c8\ub2e4.\",\"breadcrumb\":{\"@id\":\"https:\\\/\\\/naturalpoland.com\\\/ko\\\/je-pum\\\/ui-yak-pum-won-ryo\\\/beo-seot-chu-chul-mul\\\/%ec%b0%a8%ea%b0%80%eb%b2%84%ec%84%af-chaga\\\/#breadcrumb\"},\"inLanguage\":\"ko-KR\",\"potentialAction\":[{\"@type\":\"ReadAction\",\"target\":[\"https:\\\/\\\/naturalpoland.com\\\/ko\\\/je-pum\\\/ui-yak-pum-won-ryo\\\/beo-seot-chu-chul-mul\\\/%ec%b0%a8%ea%b0%80%eb%b2%84%ec%84%af-chaga\\\/\"]}]},{\"@type\":\"ImageObject\",\"inLanguage\":\"ko-KR\",\"@id\":\"https:\\\/\\\/naturalpoland.com\\\/ko\\\/je-pum\\\/ui-yak-pum-won-ryo\\\/beo-seot-chu-chul-mul\\\/%ec%b0%a8%ea%b0%80%eb%b2%84%ec%84%af-chaga\\\/#primaryimage\",\"url\":\"https:\\\/\\\/naturalpoland.com\\\/wp-content\\\/uploads\\\/ekstrakt-z-chaga.webp\",\"contentUrl\":\"https:\\\/\\\/naturalpoland.com\\\/wp-content\\\/uploads\\\/ekstrakt-z-chaga.webp\",\"width\":1024,\"height\":1024,\"caption\":\"\ucc28\uac00\ubc84\uc12f \ubd84\ub9d0 \ucd94\ucd9c\ubb3c\"},{\"@type\":\"BreadcrumbList\",\"@id\":\"https:\\\/\\\/naturalpoland.com\\\/ko\\\/je-pum\\\/ui-yak-pum-won-ryo\\\/beo-seot-chu-chul-mul\\\/%ec%b0%a8%ea%b0%80%eb%b2%84%ec%84%af-chaga\\\/#breadcrumb\",\"itemListElement\":[{\"@type\":\"ListItem\",\"position\":1,\"name\":\"\ud648\",\"item\":\"https:\\\/\\\/naturalpoland.com\\\/ko\\\/\"},{\"@type\":\"ListItem\",\"position\":2,\"name\":\"\uc81c\ud488\",\"item\":\"https:\\\/\\\/naturalpoland.com\\\/ko\\\/%ec%a0%9c%ed%92%88\\\/\"},{\"@type\":\"ListItem\",\"position\":3,\"name\":\"\ucc28\uac00\ubc84\uc12f (Chaga)\"}]},{\"@type\":\"WebSite\",\"@id\":\"https:\\\/\\\/naturalpoland.com\\\/ko\\\/#website\",\"url\":\"https:\\\/\\\/naturalpoland.com\\\/ko\\\/\",\"name\":\"NATURAL POLAND - Hurtowy Dystrybutor Surowc\u00f3w\",\"description\":\"Surowce dla przemys\u0142u spo\u017cywczego, kosmetycznego i farmaceutycznego\",\"publisher\":{\"@id\":\"https:\\\/\\\/naturalpoland.com\\\/ko\\\/#organization\"},\"potentialAction\":[{\"@type\":\"SearchAction\",\"target\":{\"@type\":\"EntryPoint\",\"urlTemplate\":\"https:\\\/\\\/naturalpoland.com\\\/ko\\\/?s={search_term_string}\"},\"query-input\":{\"@type\":\"PropertyValueSpecification\",\"valueRequired\":true,\"valueName\":\"search_term_string\"}}],\"inLanguage\":\"ko-KR\"},{\"@type\":\"Organization\",\"@id\":\"https:\\\/\\\/naturalpoland.com\\\/ko\\\/#organization\",\"name\":\"Natural Poland\",\"url\":\"https:\\\/\\\/naturalpoland.com\\\/ko\\\/\",\"logo\":{\"@type\":\"ImageObject\",\"inLanguage\":\"ko-KR\",\"@id\":\"https:\\\/\\\/naturalpoland.com\\\/ko\\\/#\\\/schema\\\/logo\\\/image\\\/\",\"url\":\"https:\\\/\\\/naturalpoland.com\\\/wp-content\\\/uploads\\\/2021\\\/05\\\/natural-poland-icon.png\",\"contentUrl\":\"https:\\\/\\\/naturalpoland.com\\\/wp-content\\\/uploads\\\/2021\\\/05\\\/natural-poland-icon.png\",\"width\":512,\"height\":512,\"caption\":\"Natural Poland\"},\"image\":{\"@id\":\"https:\\\/\\\/naturalpoland.com\\\/ko\\\/#\\\/schema\\\/logo\\\/image\\\/\"},\"sameAs\":[\"https:\\\/\\\/www.facebook.com\\\/naturalpoland.b2b\",\"https:\\\/\\\/pl.linkedin.com\\\/company\\\/natural-poland\",\"https:\\\/\\\/www.youtube.com\\\/channel\\\/UCgeGGkvOMahZo-xu_MSEWxg\"]}]}<\/script>\n<!-- \/ Yoast SEO plugin. -->","yoast_head_json":{"title":"\ucc28\uac00\ubc84\uc12f (Chaga) - Hurtowy Dystrybutor","description":"\ucc28\uac00 \ucd94\ucd9c\ubb3c\uc740 \uc774\ub178\ub178\ud22c\uc2a4 \uc624\ube14\ub9ac\ucfe0\uc2a4(\ucc28\uac00\ubc84\uc12f)\uc758 \uc790\uc2e4\uccb4\ub97c \uc5d0\ud0c4\uc62c-\uc218 \ucd94\ucd9c \ubc29\uc2dd\uc73c\ub85c \uc5bb\uc740 \uc6d0\ub8cc\uc785\ub2c8\ub2e4.","robots":{"index":"index","follow":"follow","max-snippet":"max-snippet:-1","max-image-preview":"max-image-preview:large","max-video-preview":"max-video-preview:-1"},"canonical":"https:\/\/naturalpoland.com\/ko\/je-pum\/ui-yak-pum-won-ryo\/beo-seot-chu-chul-mul\/%ec%b0%a8%ea%b0%80%eb%b2%84%ec%84%af-chaga\/","og_locale":"ko_KR","og_type":"article","og_title":"\ucc28\uac00\ubc84\uc12f (Chaga) - Hurtowy Dystrybutor","og_description":"\ucc28\uac00 \ucd94\ucd9c\ubb3c\uc740 \uc774\ub178\ub178\ud22c\uc2a4 \uc624\ube14\ub9ac\ucfe0\uc2a4(\ucc28\uac00\ubc84\uc12f)\uc758 \uc790\uc2e4\uccb4\ub97c \uc5d0\ud0c4\uc62c-\uc218 \ucd94\ucd9c \ubc29\uc2dd\uc73c\ub85c \uc5bb\uc740 \uc6d0\ub8cc\uc785\ub2c8\ub2e4.","og_url":"https:\/\/naturalpoland.com\/ko\/je-pum\/ui-yak-pum-won-ryo\/beo-seot-chu-chul-mul\/%ec%b0%a8%ea%b0%80%eb%b2%84%ec%84%af-chaga\/","og_site_name":"NATURAL POLAND - Hurtowy Dystrybutor Surowc\u00f3w","article_publisher":"https:\/\/www.facebook.com\/naturalpoland.b2b","article_modified_time":"2025-12-22T10:58:21+00:00","og_image":[{"width":1024,"height":1024,"url":"https:\/\/naturalpoland.com\/wp-content\/uploads\/ekstrakt-z-chaga.webp","type":"image\/webp"}],"schema":{"@context":"https:\/\/schema.org","@graph":[{"@type":"WebPage","@id":"https:\/\/naturalpoland.com\/ko\/je-pum\/ui-yak-pum-won-ryo\/beo-seot-chu-chul-mul\/%ec%b0%a8%ea%b0%80%eb%b2%84%ec%84%af-chaga\/","url":"https:\/\/naturalpoland.com\/ko\/je-pum\/ui-yak-pum-won-ryo\/beo-seot-chu-chul-mul\/%ec%b0%a8%ea%b0%80%eb%b2%84%ec%84%af-chaga\/","name":"\ucc28\uac00\ubc84\uc12f (Chaga) - Hurtowy Dystrybutor","isPartOf":{"@id":"https:\/\/naturalpoland.com\/ko\/#website"},"primaryImageOfPage":{"@id":"https:\/\/naturalpoland.com\/ko\/je-pum\/ui-yak-pum-won-ryo\/beo-seot-chu-chul-mul\/%ec%b0%a8%ea%b0%80%eb%b2%84%ec%84%af-chaga\/#primaryimage"},"image":{"@id":"https:\/\/naturalpoland.com\/ko\/je-pum\/ui-yak-pum-won-ryo\/beo-seot-chu-chul-mul\/%ec%b0%a8%ea%b0%80%eb%b2%84%ec%84%af-chaga\/#primaryimage"},"thumbnailUrl":"https:\/\/naturalpoland.com\/wp-content\/uploads\/ekstrakt-z-chaga.webp","datePublished":"2023-05-12T13:17:11+00:00","dateModified":"2025-12-22T10:58:21+00:00","description":"\ucc28\uac00 \ucd94\ucd9c\ubb3c\uc740 \uc774\ub178\ub178\ud22c\uc2a4 \uc624\ube14\ub9ac\ucfe0\uc2a4(\ucc28\uac00\ubc84\uc12f)\uc758 \uc790\uc2e4\uccb4\ub97c \uc5d0\ud0c4\uc62c-\uc218 \ucd94\ucd9c \ubc29\uc2dd\uc73c\ub85c \uc5bb\uc740 \uc6d0\ub8cc\uc785\ub2c8\ub2e4.","breadcrumb":{"@id":"https:\/\/naturalpoland.com\/ko\/je-pum\/ui-yak-pum-won-ryo\/beo-seot-chu-chul-mul\/%ec%b0%a8%ea%b0%80%eb%b2%84%ec%84%af-chaga\/#breadcrumb"},"inLanguage":"ko-KR","potentialAction":[{"@type":"ReadAction","target":["https:\/\/naturalpoland.com\/ko\/je-pum\/ui-yak-pum-won-ryo\/beo-seot-chu-chul-mul\/%ec%b0%a8%ea%b0%80%eb%b2%84%ec%84%af-chaga\/"]}]},{"@type":"ImageObject","inLanguage":"ko-KR","@id":"https:\/\/naturalpoland.com\/ko\/je-pum\/ui-yak-pum-won-ryo\/beo-seot-chu-chul-mul\/%ec%b0%a8%ea%b0%80%eb%b2%84%ec%84%af-chaga\/#primaryimage","url":"https:\/\/naturalpoland.com\/wp-content\/uploads\/ekstrakt-z-chaga.webp","contentUrl":"https:\/\/naturalpoland.com\/wp-content\/uploads\/ekstrakt-z-chaga.webp","width":1024,"height":1024,"caption":"\ucc28\uac00\ubc84\uc12f \ubd84\ub9d0 \ucd94\ucd9c\ubb3c"},{"@type":"BreadcrumbList","@id":"https:\/\/naturalpoland.com\/ko\/je-pum\/ui-yak-pum-won-ryo\/beo-seot-chu-chul-mul\/%ec%b0%a8%ea%b0%80%eb%b2%84%ec%84%af-chaga\/#breadcrumb","itemListElement":[{"@type":"ListItem","position":1,"name":"\ud648","item":"https:\/\/naturalpoland.com\/ko\/"},{"@type":"ListItem","position":2,"name":"\uc81c\ud488","item":"https:\/\/naturalpoland.com\/ko\/%ec%a0%9c%ed%92%88\/"},{"@type":"ListItem","position":3,"name":"\ucc28\uac00\ubc84\uc12f (Chaga)"}]},{"@type":"WebSite","@id":"https:\/\/naturalpoland.com\/ko\/#website","url":"https:\/\/naturalpoland.com\/ko\/","name":"NATURAL POLAND - Hurtowy Dystrybutor Surowc\u00f3w","description":"Surowce dla przemys\u0142u spo\u017cywczego, kosmetycznego i farmaceutycznego","publisher":{"@id":"https:\/\/naturalpoland.com\/ko\/#organization"},"potentialAction":[{"@type":"SearchAction","target":{"@type":"EntryPoint","urlTemplate":"https:\/\/naturalpoland.com\/ko\/?s={search_term_string}"},"query-input":{"@type":"PropertyValueSpecification","valueRequired":true,"valueName":"search_term_string"}}],"inLanguage":"ko-KR"},{"@type":"Organization","@id":"https:\/\/naturalpoland.com\/ko\/#organization","name":"Natural Poland","url":"https:\/\/naturalpoland.com\/ko\/","logo":{"@type":"ImageObject","inLanguage":"ko-KR","@id":"https:\/\/naturalpoland.com\/ko\/#\/schema\/logo\/image\/","url":"https:\/\/naturalpoland.com\/wp-content\/uploads\/2021\/05\/natural-poland-icon.png","contentUrl":"https:\/\/naturalpoland.com\/wp-content\/uploads\/2021\/05\/natural-poland-icon.png","width":512,"height":512,"caption":"Natural Poland"},"image":{"@id":"https:\/\/naturalpoland.com\/ko\/#\/schema\/logo\/image\/"},"sameAs":["https:\/\/www.facebook.com\/naturalpoland.b2b","https:\/\/pl.linkedin.com\/company\/natural-poland","https:\/\/www.youtube.com\/channel\/UCgeGGkvOMahZo-xu_MSEWxg"]}]}},"_links":{"self":[{"href":"https:\/\/naturalpoland.com\/ko\/wp-json\/wp\/v2\/product\/44393","targetHints":{"allow":["GET"]}}],"collection":[{"href":"https:\/\/naturalpoland.com\/ko\/wp-json\/wp\/v2\/product"}],"about":[{"href":"https:\/\/naturalpoland.com\/ko\/wp-json\/wp\/v2\/types\/product"}],"wp:featuredmedia":[{"embeddable":true,"href":"https:\/\/naturalpoland.com\/ko\/wp-json\/wp\/v2\/media\/42133"}],"wp:attachment":[{"href":"https:\/\/naturalpoland.com\/ko\/wp-json\/wp\/v2\/media?parent=44393"}],"wp:term":[{"taxonomy":"product_brand","embeddable":true,"href":"https:\/\/naturalpoland.com\/ko\/wp-json\/wp\/v2\/product_brand?post=44393"},{"taxonomy":"product_cat","embeddable":true,"href":"https:\/\/naturalpoland.com\/ko\/wp-json\/wp\/v2\/product_cat?post=44393"},{"taxonomy":"product_tag","embeddable":true,"href":"https:\/\/naturalpoland.com\/ko\/wp-json\/wp\/v2\/product_tag?post=44393"}],"curies":[{"name":"wp","href":"https:\/\/api.w.org\/{rel}","templated":true}]}}