{"id":44398,"date":"2023-05-12T16:12:18","date_gmt":"2023-05-12T14:12:18","guid":{"rendered":"https:\/\/naturalpoland.com\/produkty\/uncategorized\/%eb%a7%88%ec%9d%b4%ed%83%80%ec%bc%80-%eb%b2%84%ec%84%af-grifola-frondosa\/"},"modified":"2025-12-22T11:58:33","modified_gmt":"2025-12-22T10:58:33","slug":"%eb%a7%88%ec%9d%b4%ed%83%80%ec%bc%80-%eb%b2%84%ec%84%af-grifola-frondosa","status":"publish","type":"product","link":"https:\/\/naturalpoland.com\/ko\/je-pum\/ui-yak-pum-won-ryo\/beo-seot-chu-chul-mul\/%eb%a7%88%ec%9d%b4%ed%83%80%ec%bc%80-%eb%b2%84%ec%84%af-grifola-frondosa\/","title":{"rendered":"\ub9c8\uc774\ud0c0\ucf00 \ubc84\uc12f (Grifola frondosa)"},"content":{"rendered":"<p><strong>\ub9c8\uc774\ud0c0\ucf00 \ucd94\ucd9c\ubb3c<\/strong>\uc740 \uc774 \ud76c\uadc0 \ubc84\uc12f\uc758 \uc790\uc2e4\uccb4\uc5d0\uc11c \ucd94\ucd9c\ub429\ub2c8\ub2e4. \ubcf8 \uc81c\ud488\uc740 \ub2e4\ub2f9\ub958 \ud568\ub7c9\uc5d0 \ub530\ub77c \ud45c\uc900\ud654\ub418\uc5c8\uc2b5\ub2c8\ub2e4. <\/p>\n<h2>\ub9c8\uc774\ud0c0\ucf00 \ubc84\uc12f \ucd94\ucd9c\ubb3c\uc758 \ud65c\uc6a9:<\/h2>\n<p><span style=\"font-size: 14.4px;\">\uc804\ud1b5 \uc911\uad6d \ubc0f \uc77c\ubcf8 \uc758\ud559\uc5d0\uc11c \ub9c8\uc774\ud0c0\ucf00 \ubc84\uc12f\uc740<\/span><strong style=\"font-size: 14.4px;\"> \uc7a5\uc218\uc758 \ubc84\uc12f<\/strong>\uc73c\ub85c \uc5ec\uaca8\uc84c\uc2b5\ub2c8\ub2e4.<span style=\"font-size: 14.4px;\">. \uc774 \ubc84\uc12f\uc758 \uce58\ub8cc\uc801 \ud2b9\uc131\uc740 \uc8fc\ub85c \ud65c\ub825 \uc99d\uc9c4 \ubc0f \uc2e0\uccb4 \uac15\ud654\uc5d0 \uae30\uc5ec\ud558\ub294 \uac15\uc7a5 \ubc0f \uc544\ub2f5\ud1a0\uac90 \ud6a8\uacfc\uc640 \uad00\ub828\uc774 \uc788\uc5c8\uc2b5\ub2c8\ub2e4. \ud604\ub300 \uc5f0\uad6c\ub294 \uadf8 \uac74\uac15 \uc99d\uc9c4 \ud2b9\uc131\uc744 \ud655\uc778\ud558\uba70, \uc544\ub2f5\ud1a0\uac90 \ud6a8\uacfc \ub610\ud55c \uc778\uc815\ud558\uace0 \uc788\uc2b5\ub2c8\ub2e4. <\/span><\/p>\n<p>\ub9c8\uc774\ud0c0\ucf00 \ucd94\ucd9c\ubb3c\uc740 \ub2e4\uc74c\uacfc \uac19\uc774 \uc0ac\uc6a9\ub429\ub2c8\ub2e4:<\/p>\n<ul>\n<li><strong>\ud3ec\ub3c4\ub2f9 \ubc0f \ucf5c\ub808\uc2a4\ud14c\ub864 \ub300\uc0ac \uc870\uc808<\/strong>\uc5d0 \uc0ac\uc6a9\ub418\uba70, \uc774\ub294 \ub300\uc0ac \uc99d\ud6c4\uad70 \uc608\ubc29\uc5d0 \ud2b9\ud788 \uc911\uc694\ud569\ub2c8\ub2e4. \ub9c8\uc774\ud0c0\ucf00\ub294 \ud608\ub2f9 \uc218\uce58\ub97c \ub0ae\ucd94\uace0 \uc815\uc0c1\uc801\uc778 \ucf5c\ub808\uc2a4\ud14c\ub864 \uc218\uce58 \uc720\uc9c0\uc5d0 \ub3c4\uc6c0\uc744 \uc90d\ub2c8\ub2e4. <\/li>\n<li><strong>\uba74\uc5ed\ub825 \uac15\ud654<\/strong>\uc5d0 \uc0ac\uc6a9\ub429\ub2c8\ub2e4 \u2013 \ub9c8\uc774\ud0c0\ucf00\uc5d0 \ud568\uc720\ub41c \ub2e4\ub2f9\ub958\ub294 \uba74\uc5ed \uc870\uc808 \uc791\uc6a9\uc744 \ud569\ub2c8\ub2e4.<\/li>\n<li><strong>\ud56d\uc554 \uce58\ub8cc \uc911<\/strong> \u2013 \uc5f0\uad6c\uc5d0 \ub530\ub974\uba74 \ub9c8\uc774\ud0c0\ucf00\ub294 \ud2b9\ud788 \uc720\ubc29\uc554\uc758 \uacbd\uc6b0 \ud56d\uc554 \uce58\ub8cc\uc5d0 \uc720\uc775\ud55c \ubcf4\uc870\uc81c\uac00 \ub420 \uc218 \uc788\uc2b5\ub2c8\ub2e4. \uadf8 \ud65c\uc131 \uc131\ubd84\uc740 \uce58\ub8cc\uc758 \ubd80\uc791\uc6a9\uc5d0 \ub300\ucc98\ud558\ub294 \uc2e0\uccb4\ub97c \uc9c0\uc6d0\ud569\ub2c8\ub2e4. <\/li>\n<li><strong>\uc544\ub2f5\ud1a0\uac90 \uc791\uc6a9<\/strong> \u2013 \ub9c8\uc774\ud0c0\ucf00\ub294 \uc2a4\ud2b8\ub808\uc2a4\uc5d0 \ub300\ud55c \uc2e0\uccb4 \uc801\uc751\uc744 \ub3d5\uace0 \uc778\uc9c0 \uae30\ub2a5, \uae30\uc5b5\ub825 \ubc0f \uae30\ubd84\uc744 \uac1c\uc120\ud569\ub2c8\ub2e4.<\/li>\n<\/ul>\n","protected":false},"excerpt":{"rendered":"<p><strong>\ub9c8\uc774\ud0c0\ucf00 \ubc84\uc12f (<\/strong><em><strong>Grifola frondosa)<\/strong><\/em>\uc740 <strong>\uc78e\uc0c8\ubc84\uc12f<\/strong>\uc73c\ub85c\ub3c4 \uc54c\ub824\uc838 \uc788\uc73c\uba70, \ub099\uc5fd\uc218 \ubfcc\ub9ac\uc640 \uc904\uae30\uc5d0\uc11c \uc790\ub77c\ub294 \uc2dd\uc6a9 \ubaa9\uc7ac \ubd80\ud6c4\uade0\uc785\ub2c8\ub2e4. \uc720\ub7fd\uc5d0\uc11c\ub294 \ud76c\uadc0 \ubcf4\ud638\uc885\uc774\uc9c0\ub9cc, \uc544\uc2dc\uc544\uc5d0\uc11c\ub294 \uc2dd\uc6a9\uc73c\ub85c \uc7ac\ubc30\ub418\uace0 \ud65c\uc6a9\ub429\ub2c8\ub2e4. <\/p>\n","protected":false},"featured_media":44400,"template":"","meta":{"_acf_changed":false},"product_brand":[],"product_cat":[8144],"product_tag":[],"class_list":{"0":"post-44398","1":"product","2":"type-product","3":"status-publish","4":"has-post-thumbnail","6":"product_cat-beo-seot-chu-chul-mul","7":"pa_czesc-rosliny-jasilche","8":"pa_skladnik-aktywny-9743","10":"first","11":"instock","12":"shipping-taxable","13":"product-type-simple"},"acf":[],"yoast_head":"<!-- This site is optimized with the Yoast SEO plugin v27.6 - https:\/\/yoast.com\/product\/yoast-seo-wordpress\/ -->\n<title>NATURAL POLAND &#8211; Hurtowy Dystrybutor Surowc\u00f3w<\/title>\n<meta name=\"robots\" content=\"index, follow, max-snippet:-1, max-image-preview:large, max-video-preview:-1\" \/>\n<link rel=\"canonical\" href=\"https:\/\/naturalpoland.com\/ko\/je-pum\/ui-yak-pum-won-ryo\/beo-seot-chu-chul-mul\/%eb%a7%88%ec%9d%b4%ed%83%80%ec%bc%80-%eb%b2%84%ec%84%af-grifola-frondosa\/\" \/>\n<meta property=\"og:locale\" content=\"ko_KR\" \/>\n<meta property=\"og:type\" content=\"article\" \/>\n<meta property=\"og:description\" content=\"\ub9c8\uc774\ud0c0\ucf00 \ubc84\uc12f (Grifola frondosa)\uc740 \uc78e\uc0c8\ubc84\uc12f\uc73c\ub85c\ub3c4 \uc54c\ub824\uc838 \uc788\uc73c\uba70, \ub099\uc5fd\uc218 \ubfcc\ub9ac\uc640 \uc904\uae30\uc5d0\uc11c \uc790\ub77c\ub294 \uc2dd\uc6a9 \ubaa9\uc7ac \ubd80\ud6c4\uade0\uc785\ub2c8\ub2e4. \uc720\ub7fd\uc5d0\uc11c\ub294 \ud76c\uadc0 \ubcf4\ud638\uc885\uc774\uc9c0\ub9cc, \uc544\uc2dc\uc544\uc5d0\uc11c\ub294 \uc2dd\uc6a9\uc73c\ub85c \uc7ac\ubc30\ub418\uace0 \ud65c\uc6a9\ub429\ub2c8\ub2e4.\" \/>\n<meta property=\"og:url\" content=\"https:\/\/naturalpoland.com\/ko\/je-pum\/ui-yak-pum-won-ryo\/beo-seot-chu-chul-mul\/%eb%a7%88%ec%9d%b4%ed%83%80%ec%bc%80-%eb%b2%84%ec%84%af-grifola-frondosa\/\" \/>\n<meta property=\"og:site_name\" content=\"NATURAL POLAND - Hurtowy Dystrybutor Surowc\u00f3w\" \/>\n<meta property=\"article:publisher\" content=\"https:\/\/www.facebook.com\/naturalpoland.b2b\" \/>\n<meta property=\"article:modified_time\" content=\"2025-12-22T10:58:33+00:00\" \/>\n<meta property=\"og:image\" content=\"https:\/\/naturalpoland.com\/wp-content\/uploads\/ekstrakt-z-maitake.webp\" \/>\n\t<meta property=\"og:image:width\" content=\"614\" \/>\n\t<meta property=\"og:image:height\" content=\"614\" \/>\n\t<meta property=\"og:image:type\" content=\"image\/webp\" \/>\n<script type=\"application\/ld+json\" class=\"yoast-schema-graph\">{\"@context\":\"https:\\\/\\\/schema.org\",\"@graph\":[{\"@type\":\"WebPage\",\"@id\":\"https:\\\/\\\/naturalpoland.com\\\/ko\\\/je-pum\\\/ui-yak-pum-won-ryo\\\/beo-seot-chu-chul-mul\\\/%eb%a7%88%ec%9d%b4%ed%83%80%ec%bc%80-%eb%b2%84%ec%84%af-grifola-frondosa\\\/\",\"url\":\"https:\\\/\\\/naturalpoland.com\\\/ko\\\/je-pum\\\/ui-yak-pum-won-ryo\\\/beo-seot-chu-chul-mul\\\/%eb%a7%88%ec%9d%b4%ed%83%80%ec%bc%80-%eb%b2%84%ec%84%af-grifola-frondosa\\\/\",\"name\":\"\",\"isPartOf\":{\"@id\":\"https:\\\/\\\/naturalpoland.com\\\/ko\\\/#website\"},\"primaryImageOfPage\":{\"@id\":\"https:\\\/\\\/naturalpoland.com\\\/ko\\\/je-pum\\\/ui-yak-pum-won-ryo\\\/beo-seot-chu-chul-mul\\\/%eb%a7%88%ec%9d%b4%ed%83%80%ec%bc%80-%eb%b2%84%ec%84%af-grifola-frondosa\\\/#primaryimage\"},\"image\":{\"@id\":\"https:\\\/\\\/naturalpoland.com\\\/ko\\\/je-pum\\\/ui-yak-pum-won-ryo\\\/beo-seot-chu-chul-mul\\\/%eb%a7%88%ec%9d%b4%ed%83%80%ec%bc%80-%eb%b2%84%ec%84%af-grifola-frondosa\\\/#primaryimage\"},\"thumbnailUrl\":\"https:\\\/\\\/naturalpoland.com\\\/wp-content\\\/uploads\\\/ekstrakt-z-maitake.webp\",\"datePublished\":\"2023-05-12T14:12:18+00:00\",\"dateModified\":\"2025-12-22T10:58:33+00:00\",\"breadcrumb\":{\"@id\":\"https:\\\/\\\/naturalpoland.com\\\/ko\\\/je-pum\\\/ui-yak-pum-won-ryo\\\/beo-seot-chu-chul-mul\\\/%eb%a7%88%ec%9d%b4%ed%83%80%ec%bc%80-%eb%b2%84%ec%84%af-grifola-frondosa\\\/#breadcrumb\"},\"inLanguage\":\"ko-KR\",\"potentialAction\":[{\"@type\":\"ReadAction\",\"target\":[\"https:\\\/\\\/naturalpoland.com\\\/ko\\\/je-pum\\\/ui-yak-pum-won-ryo\\\/beo-seot-chu-chul-mul\\\/%eb%a7%88%ec%9d%b4%ed%83%80%ec%bc%80-%eb%b2%84%ec%84%af-grifola-frondosa\\\/\"]}]},{\"@type\":\"ImageObject\",\"inLanguage\":\"ko-KR\",\"@id\":\"https:\\\/\\\/naturalpoland.com\\\/ko\\\/je-pum\\\/ui-yak-pum-won-ryo\\\/beo-seot-chu-chul-mul\\\/%eb%a7%88%ec%9d%b4%ed%83%80%ec%bc%80-%eb%b2%84%ec%84%af-grifola-frondosa\\\/#primaryimage\",\"url\":\"https:\\\/\\\/naturalpoland.com\\\/wp-content\\\/uploads\\\/ekstrakt-z-maitake.webp\",\"contentUrl\":\"https:\\\/\\\/naturalpoland.com\\\/wp-content\\\/uploads\\\/ekstrakt-z-maitake.webp\",\"width\":614,\"height\":614,\"caption\":\"\ub9c8\uc774\ud0c0\ucf00 \ubc84\uc12f \ucd94\ucd9c\ubb3c\"},{\"@type\":\"BreadcrumbList\",\"@id\":\"https:\\\/\\\/naturalpoland.com\\\/ko\\\/je-pum\\\/ui-yak-pum-won-ryo\\\/beo-seot-chu-chul-mul\\\/%eb%a7%88%ec%9d%b4%ed%83%80%ec%bc%80-%eb%b2%84%ec%84%af-grifola-frondosa\\\/#breadcrumb\",\"itemListElement\":[{\"@type\":\"ListItem\",\"position\":1,\"name\":\"\ud648\",\"item\":\"https:\\\/\\\/naturalpoland.com\\\/ko\\\/\"},{\"@type\":\"ListItem\",\"position\":2,\"name\":\"\uc81c\ud488\",\"item\":\"https:\\\/\\\/naturalpoland.com\\\/ko\\\/%ec%a0%9c%ed%92%88\\\/\"},{\"@type\":\"ListItem\",\"position\":3,\"name\":\"\ub9c8\uc774\ud0c0\ucf00 \ubc84\uc12f (Grifola frondosa)\"}]},{\"@type\":\"WebSite\",\"@id\":\"https:\\\/\\\/naturalpoland.com\\\/ko\\\/#website\",\"url\":\"https:\\\/\\\/naturalpoland.com\\\/ko\\\/\",\"name\":\"NATURAL POLAND - Hurtowy Dystrybutor Surowc\u00f3w\",\"description\":\"Surowce dla przemys\u0142u spo\u017cywczego, kosmetycznego i farmaceutycznego\",\"publisher\":{\"@id\":\"https:\\\/\\\/naturalpoland.com\\\/ko\\\/#organization\"},\"potentialAction\":[{\"@type\":\"SearchAction\",\"target\":{\"@type\":\"EntryPoint\",\"urlTemplate\":\"https:\\\/\\\/naturalpoland.com\\\/ko\\\/?s={search_term_string}\"},\"query-input\":{\"@type\":\"PropertyValueSpecification\",\"valueRequired\":true,\"valueName\":\"search_term_string\"}}],\"inLanguage\":\"ko-KR\"},{\"@type\":\"Organization\",\"@id\":\"https:\\\/\\\/naturalpoland.com\\\/ko\\\/#organization\",\"name\":\"Natural Poland\",\"url\":\"https:\\\/\\\/naturalpoland.com\\\/ko\\\/\",\"logo\":{\"@type\":\"ImageObject\",\"inLanguage\":\"ko-KR\",\"@id\":\"https:\\\/\\\/naturalpoland.com\\\/ko\\\/#\\\/schema\\\/logo\\\/image\\\/\",\"url\":\"https:\\\/\\\/naturalpoland.com\\\/wp-content\\\/uploads\\\/2021\\\/05\\\/natural-poland-icon.png\",\"contentUrl\":\"https:\\\/\\\/naturalpoland.com\\\/wp-content\\\/uploads\\\/2021\\\/05\\\/natural-poland-icon.png\",\"width\":512,\"height\":512,\"caption\":\"Natural Poland\"},\"image\":{\"@id\":\"https:\\\/\\\/naturalpoland.com\\\/ko\\\/#\\\/schema\\\/logo\\\/image\\\/\"},\"sameAs\":[\"https:\\\/\\\/www.facebook.com\\\/naturalpoland.b2b\",\"https:\\\/\\\/pl.linkedin.com\\\/company\\\/natural-poland\",\"https:\\\/\\\/www.youtube.com\\\/channel\\\/UCgeGGkvOMahZo-xu_MSEWxg\"]}]}<\/script>\n<!-- \/ Yoast SEO plugin. -->","yoast_head_json":{"title":"NATURAL POLAND &#8211; Hurtowy Dystrybutor Surowc\u00f3w","robots":{"index":"index","follow":"follow","max-snippet":"max-snippet:-1","max-image-preview":"max-image-preview:large","max-video-preview":"max-video-preview:-1"},"canonical":"https:\/\/naturalpoland.com\/ko\/je-pum\/ui-yak-pum-won-ryo\/beo-seot-chu-chul-mul\/%eb%a7%88%ec%9d%b4%ed%83%80%ec%bc%80-%eb%b2%84%ec%84%af-grifola-frondosa\/","og_locale":"ko_KR","og_type":"article","og_description":"\ub9c8\uc774\ud0c0\ucf00 \ubc84\uc12f (Grifola frondosa)\uc740 \uc78e\uc0c8\ubc84\uc12f\uc73c\ub85c\ub3c4 \uc54c\ub824\uc838 \uc788\uc73c\uba70, \ub099\uc5fd\uc218 \ubfcc\ub9ac\uc640 \uc904\uae30\uc5d0\uc11c \uc790\ub77c\ub294 \uc2dd\uc6a9 \ubaa9\uc7ac \ubd80\ud6c4\uade0\uc785\ub2c8\ub2e4. \uc720\ub7fd\uc5d0\uc11c\ub294 \ud76c\uadc0 \ubcf4\ud638\uc885\uc774\uc9c0\ub9cc, \uc544\uc2dc\uc544\uc5d0\uc11c\ub294 \uc2dd\uc6a9\uc73c\ub85c \uc7ac\ubc30\ub418\uace0 \ud65c\uc6a9\ub429\ub2c8\ub2e4.","og_url":"https:\/\/naturalpoland.com\/ko\/je-pum\/ui-yak-pum-won-ryo\/beo-seot-chu-chul-mul\/%eb%a7%88%ec%9d%b4%ed%83%80%ec%bc%80-%eb%b2%84%ec%84%af-grifola-frondosa\/","og_site_name":"NATURAL POLAND - Hurtowy Dystrybutor Surowc\u00f3w","article_publisher":"https:\/\/www.facebook.com\/naturalpoland.b2b","article_modified_time":"2025-12-22T10:58:33+00:00","og_image":[{"width":614,"height":614,"url":"https:\/\/naturalpoland.com\/wp-content\/uploads\/ekstrakt-z-maitake.webp","type":"image\/webp"}],"schema":{"@context":"https:\/\/schema.org","@graph":[{"@type":"WebPage","@id":"https:\/\/naturalpoland.com\/ko\/je-pum\/ui-yak-pum-won-ryo\/beo-seot-chu-chul-mul\/%eb%a7%88%ec%9d%b4%ed%83%80%ec%bc%80-%eb%b2%84%ec%84%af-grifola-frondosa\/","url":"https:\/\/naturalpoland.com\/ko\/je-pum\/ui-yak-pum-won-ryo\/beo-seot-chu-chul-mul\/%eb%a7%88%ec%9d%b4%ed%83%80%ec%bc%80-%eb%b2%84%ec%84%af-grifola-frondosa\/","name":"","isPartOf":{"@id":"https:\/\/naturalpoland.com\/ko\/#website"},"primaryImageOfPage":{"@id":"https:\/\/naturalpoland.com\/ko\/je-pum\/ui-yak-pum-won-ryo\/beo-seot-chu-chul-mul\/%eb%a7%88%ec%9d%b4%ed%83%80%ec%bc%80-%eb%b2%84%ec%84%af-grifola-frondosa\/#primaryimage"},"image":{"@id":"https:\/\/naturalpoland.com\/ko\/je-pum\/ui-yak-pum-won-ryo\/beo-seot-chu-chul-mul\/%eb%a7%88%ec%9d%b4%ed%83%80%ec%bc%80-%eb%b2%84%ec%84%af-grifola-frondosa\/#primaryimage"},"thumbnailUrl":"https:\/\/naturalpoland.com\/wp-content\/uploads\/ekstrakt-z-maitake.webp","datePublished":"2023-05-12T14:12:18+00:00","dateModified":"2025-12-22T10:58:33+00:00","breadcrumb":{"@id":"https:\/\/naturalpoland.com\/ko\/je-pum\/ui-yak-pum-won-ryo\/beo-seot-chu-chul-mul\/%eb%a7%88%ec%9d%b4%ed%83%80%ec%bc%80-%eb%b2%84%ec%84%af-grifola-frondosa\/#breadcrumb"},"inLanguage":"ko-KR","potentialAction":[{"@type":"ReadAction","target":["https:\/\/naturalpoland.com\/ko\/je-pum\/ui-yak-pum-won-ryo\/beo-seot-chu-chul-mul\/%eb%a7%88%ec%9d%b4%ed%83%80%ec%bc%80-%eb%b2%84%ec%84%af-grifola-frondosa\/"]}]},{"@type":"ImageObject","inLanguage":"ko-KR","@id":"https:\/\/naturalpoland.com\/ko\/je-pum\/ui-yak-pum-won-ryo\/beo-seot-chu-chul-mul\/%eb%a7%88%ec%9d%b4%ed%83%80%ec%bc%80-%eb%b2%84%ec%84%af-grifola-frondosa\/#primaryimage","url":"https:\/\/naturalpoland.com\/wp-content\/uploads\/ekstrakt-z-maitake.webp","contentUrl":"https:\/\/naturalpoland.com\/wp-content\/uploads\/ekstrakt-z-maitake.webp","width":614,"height":614,"caption":"\ub9c8\uc774\ud0c0\ucf00 \ubc84\uc12f \ucd94\ucd9c\ubb3c"},{"@type":"BreadcrumbList","@id":"https:\/\/naturalpoland.com\/ko\/je-pum\/ui-yak-pum-won-ryo\/beo-seot-chu-chul-mul\/%eb%a7%88%ec%9d%b4%ed%83%80%ec%bc%80-%eb%b2%84%ec%84%af-grifola-frondosa\/#breadcrumb","itemListElement":[{"@type":"ListItem","position":1,"name":"\ud648","item":"https:\/\/naturalpoland.com\/ko\/"},{"@type":"ListItem","position":2,"name":"\uc81c\ud488","item":"https:\/\/naturalpoland.com\/ko\/%ec%a0%9c%ed%92%88\/"},{"@type":"ListItem","position":3,"name":"\ub9c8\uc774\ud0c0\ucf00 \ubc84\uc12f (Grifola frondosa)"}]},{"@type":"WebSite","@id":"https:\/\/naturalpoland.com\/ko\/#website","url":"https:\/\/naturalpoland.com\/ko\/","name":"NATURAL POLAND - Hurtowy Dystrybutor Surowc\u00f3w","description":"Surowce dla przemys\u0142u spo\u017cywczego, kosmetycznego i farmaceutycznego","publisher":{"@id":"https:\/\/naturalpoland.com\/ko\/#organization"},"potentialAction":[{"@type":"SearchAction","target":{"@type":"EntryPoint","urlTemplate":"https:\/\/naturalpoland.com\/ko\/?s={search_term_string}"},"query-input":{"@type":"PropertyValueSpecification","valueRequired":true,"valueName":"search_term_string"}}],"inLanguage":"ko-KR"},{"@type":"Organization","@id":"https:\/\/naturalpoland.com\/ko\/#organization","name":"Natural Poland","url":"https:\/\/naturalpoland.com\/ko\/","logo":{"@type":"ImageObject","inLanguage":"ko-KR","@id":"https:\/\/naturalpoland.com\/ko\/#\/schema\/logo\/image\/","url":"https:\/\/naturalpoland.com\/wp-content\/uploads\/2021\/05\/natural-poland-icon.png","contentUrl":"https:\/\/naturalpoland.com\/wp-content\/uploads\/2021\/05\/natural-poland-icon.png","width":512,"height":512,"caption":"Natural Poland"},"image":{"@id":"https:\/\/naturalpoland.com\/ko\/#\/schema\/logo\/image\/"},"sameAs":["https:\/\/www.facebook.com\/naturalpoland.b2b","https:\/\/pl.linkedin.com\/company\/natural-poland","https:\/\/www.youtube.com\/channel\/UCgeGGkvOMahZo-xu_MSEWxg"]}]}},"_links":{"self":[{"href":"https:\/\/naturalpoland.com\/ko\/wp-json\/wp\/v2\/product\/44398","targetHints":{"allow":["GET"]}}],"collection":[{"href":"https:\/\/naturalpoland.com\/ko\/wp-json\/wp\/v2\/product"}],"about":[{"href":"https:\/\/naturalpoland.com\/ko\/wp-json\/wp\/v2\/types\/product"}],"wp:featuredmedia":[{"embeddable":true,"href":"https:\/\/naturalpoland.com\/ko\/wp-json\/wp\/v2\/media\/44400"}],"wp:attachment":[{"href":"https:\/\/naturalpoland.com\/ko\/wp-json\/wp\/v2\/media?parent=44398"}],"wp:term":[{"taxonomy":"product_brand","embeddable":true,"href":"https:\/\/naturalpoland.com\/ko\/wp-json\/wp\/v2\/product_brand?post=44398"},{"taxonomy":"product_cat","embeddable":true,"href":"https:\/\/naturalpoland.com\/ko\/wp-json\/wp\/v2\/product_cat?post=44398"},{"taxonomy":"product_tag","embeddable":true,"href":"https:\/\/naturalpoland.com\/ko\/wp-json\/wp\/v2\/product_tag?post=44398"}],"curies":[{"name":"wp","href":"https:\/\/api.w.org\/{rel}","templated":true}]}}