{"id":44401,"date":"2023-05-12T16:17:55","date_gmt":"2023-05-12T14:17:55","guid":{"rendered":"https:\/\/naturalpoland.com\/produkty\/uncategorized\/%ec%a0%80%eb%a0%b9-polyporus-umbellatus\/"},"modified":"2025-12-22T11:58:38","modified_gmt":"2025-12-22T10:58:38","slug":"%ec%a0%80%eb%a0%b9-polyporus-umbellatus","status":"publish","type":"product","link":"https:\/\/naturalpoland.com\/ko\/je-pum\/ui-yak-pum-won-ryo\/beo-seot-chu-chul-mul\/%ec%a0%80%eb%a0%b9-polyporus-umbellatus\/","title":{"rendered":"\uc800\ub839 (Polyporus umbellatus)"},"content":{"rendered":"<p><em>Polyporus<\/em> <em>umbellatus<\/em>\uc758 \uc804\ud1b5\uc801\uc778 \uc6a9\ub3c4\ub294 \uc8fc\ub85c &#8220;\uc218\ubd84 \ubc30\ucd9c&#8221; \uc791\uc6a9\uc744 \ud3ec\ud568\ud569\ub2c8\ub2e4. \uc774\ub294 \ubd80\uc885, \ud54d\ub1e8, \ub0c9\ub300\ud558, \uc124\uc0ac \ub4f1 \uccb4\ub0b4 \uc218\ubd84 \uc815\uccb4\ub85c \uc778\ud55c \uc9c8\ud658 \uce58\ub8cc\uc5d0 \ud65c\uc6a9\ub429\ub2c8\ub2e4. \ud604\ub300 \uc5f0\uad6c \ub610\ud55c \uc774\ub7ec\ud55c \uc6a9\ub3c4\ub4e4\uc744 \ub4b7\ubc1b\uce68\ud569\ub2c8\ub2e4.  <\/p>\n<h2><em>Polyporus umbellatus<\/em> \ucd94\ucd9c\ubb3c \ud65c\uc6a9<\/h2>\n<p><em>Polyporus umbellatus <\/em>\ucd94\ucd9c\ubb3c\uc740 \ub2e4\uc74c \uc81c\uc81c\uc5d0 \uc0ac\uc6a9\ub420 \uc218 \uc788\uc2b5\ub2c8\ub2e4:<\/p>\n<ul>\n<li>\uc2e0\uc7a5 \uacb0\uc11d \ubc0f \uc694\ub85c\uacc4 \uc5fc\uc99d \uce58\ub8cc \ubcf4\uc870<\/li>\n<li>\ud608\uc555 \uac15\ud558 \ubc0f \ubd80\uc885 \uac10\uc18c<\/li>\n<li>\uccb4\ub0b4 \uc218\ubd84 \ubc0f \ub9bc\ud504 \ubc30\ucd9c \ucd09\uc9c4<\/li>\n<li>\uc124\uc0ac \uc644\ud654<\/li>\n<li>\uba74\uc5ed\ub825 \uac15\ud654<\/li>\n<li>\ubaa8\ubc1c \ubc0f \ud53c\ubd80 \uac15\ud654<\/li>\n<li>\uac04 \ubc0f \uc2e0\uc7a5 \uae30\ub2a5 \ubcf4\uc870<\/li>\n<li>\uc554 \uce58\ub8cc \ubcf4\uc870<\/li>\n<\/ul>\n","protected":false},"excerpt":{"rendered":"<p><strong><em>Polyporus umbellatus<\/em> (\uc800\ub839)<\/strong>\uc740 \ud76c\uadc0 \uc2dd\uc6a9 \ubc84\uc12f\uc73c\ub85c, \uc720\ub7fd\uc758 \uc5ec\ub7ec \uad6d\uac00\uc5d0\uc11c \uba78\uc885 \uc704\uae30\uc885 \ubaa9\ub85d\uc5d0 \ub4f1\uc7ac\ub418\uc5b4 \uc788\uc73c\uba70 \ud3f4\ub780\ub4dc\uc5d0\uc11c\ub294 2014\ub144\ubd80\ud130 \ubd80\ubd84\uc801\uc73c\ub85c \ubcf4\ud638\ubc1b\uace0 \uc788\uc2b5\ub2c8\ub2e4. \ub610\ud55c \uc544\uc2dc\uc544\uc5d0\uc11c\ub3c4 \ubc1c\uacac\ub418\uba70, 2\ucc9c\ub144 \uc774\uc0c1 \uc804\ud1b5 \uc911\uad6d \uc758\ud559\uc5d0\uc11c \uc0ac\uc6a9\ub418\uc5b4 \uc654\uc2b5\ub2c8\ub2e4.  <\/p>\n","protected":false},"featured_media":44402,"template":"","meta":{"_acf_changed":false},"product_brand":[],"product_cat":[8144],"product_tag":[],"class_list":{"0":"post-44401","1":"product","2":"type-product","3":"status-publish","4":"has-post-thumbnail","6":"product_cat-beo-seot-chu-chul-mul","8":"first","9":"instock","10":"shipping-taxable","11":"product-type-simple"},"acf":[],"yoast_head":"<!-- This site is optimized with the Yoast SEO plugin v27.5 - https:\/\/yoast.com\/product\/yoast-seo-wordpress\/ -->\n<title>\uc800\ub839 (Polyporus umbellatus) - Hurtowy Dystrybutor<\/title>\n<meta name=\"robots\" content=\"index, follow, max-snippet:-1, max-image-preview:large, max-video-preview:-1\" \/>\n<link rel=\"canonical\" href=\"https:\/\/naturalpoland.com\/ko\/je-pum\/ui-yak-pum-won-ryo\/beo-seot-chu-chul-mul\/%ec%a0%80%eb%a0%b9-polyporus-umbellatus\/\" \/>\n<meta property=\"og:locale\" content=\"ko_KR\" \/>\n<meta property=\"og:type\" content=\"article\" \/>\n<meta property=\"og:title\" content=\"\uc800\ub839 (Polyporus umbellatus) - Hurtowy Dystrybutor\" \/>\n<meta property=\"og:description\" content=\"Polyporus umbellatus (\uc800\ub839)\uc740 \ud76c\uadc0 \uc2dd\uc6a9 \ubc84\uc12f\uc73c\ub85c, \uc720\ub7fd\uc758 \uc5ec\ub7ec \uad6d\uac00\uc5d0\uc11c \uba78\uc885 \uc704\uae30\uc885 \ubaa9\ub85d\uc5d0 \ub4f1\uc7ac\ub418\uc5b4 \uc788\uc73c\uba70 \ud3f4\ub780\ub4dc\uc5d0\uc11c\ub294 2014\ub144\ubd80\ud130 \ubd80\ubd84\uc801\uc73c\ub85c \ubcf4\ud638\ubc1b\uace0 \uc788\uc2b5\ub2c8\ub2e4. \ub610\ud55c \uc544\uc2dc\uc544\uc5d0\uc11c\ub3c4 \ubc1c\uacac\ub418\uba70, 2\ucc9c\ub144 \uc774\uc0c1 \uc804\ud1b5 \uc911\uad6d \uc758\ud559\uc5d0\uc11c \uc0ac\uc6a9\ub418\uc5b4 \uc654\uc2b5\ub2c8\ub2e4.\" \/>\n<meta property=\"og:url\" content=\"https:\/\/naturalpoland.com\/ko\/je-pum\/ui-yak-pum-won-ryo\/beo-seot-chu-chul-mul\/%ec%a0%80%eb%a0%b9-polyporus-umbellatus\/\" \/>\n<meta property=\"og:site_name\" content=\"NATURAL POLAND - Hurtowy Dystrybutor Surowc\u00f3w\" \/>\n<meta property=\"article:publisher\" content=\"https:\/\/www.facebook.com\/naturalpoland.b2b\" \/>\n<meta property=\"article:modified_time\" content=\"2025-12-22T10:58:38+00:00\" \/>\n<meta property=\"og:image\" content=\"https:\/\/naturalpoland.com\/wp-content\/uploads\/Polyporus-umbellatus.jpg\" \/>\n\t<meta property=\"og:image:width\" content=\"600\" \/>\n\t<meta property=\"og:image:height\" content=\"600\" \/>\n\t<meta property=\"og:image:type\" content=\"image\/jpeg\" \/>\n<script type=\"application\/ld+json\" class=\"yoast-schema-graph\">{\"@context\":\"https:\\\/\\\/schema.org\",\"@graph\":[{\"@type\":\"WebPage\",\"@id\":\"https:\\\/\\\/naturalpoland.com\\\/ko\\\/je-pum\\\/ui-yak-pum-won-ryo\\\/beo-seot-chu-chul-mul\\\/%ec%a0%80%eb%a0%b9-polyporus-umbellatus\\\/\",\"url\":\"https:\\\/\\\/naturalpoland.com\\\/ko\\\/je-pum\\\/ui-yak-pum-won-ryo\\\/beo-seot-chu-chul-mul\\\/%ec%a0%80%eb%a0%b9-polyporus-umbellatus\\\/\",\"name\":\"\uc800\ub839 (Polyporus umbellatus) - Hurtowy Dystrybutor\",\"isPartOf\":{\"@id\":\"https:\\\/\\\/naturalpoland.com\\\/ko\\\/#website\"},\"primaryImageOfPage\":{\"@id\":\"https:\\\/\\\/naturalpoland.com\\\/ko\\\/je-pum\\\/ui-yak-pum-won-ryo\\\/beo-seot-chu-chul-mul\\\/%ec%a0%80%eb%a0%b9-polyporus-umbellatus\\\/#primaryimage\"},\"image\":{\"@id\":\"https:\\\/\\\/naturalpoland.com\\\/ko\\\/je-pum\\\/ui-yak-pum-won-ryo\\\/beo-seot-chu-chul-mul\\\/%ec%a0%80%eb%a0%b9-polyporus-umbellatus\\\/#primaryimage\"},\"thumbnailUrl\":\"https:\\\/\\\/naturalpoland.com\\\/wp-content\\\/uploads\\\/Polyporus-umbellatus.jpg\",\"datePublished\":\"2023-05-12T14:17:55+00:00\",\"dateModified\":\"2025-12-22T10:58:38+00:00\",\"breadcrumb\":{\"@id\":\"https:\\\/\\\/naturalpoland.com\\\/ko\\\/je-pum\\\/ui-yak-pum-won-ryo\\\/beo-seot-chu-chul-mul\\\/%ec%a0%80%eb%a0%b9-polyporus-umbellatus\\\/#breadcrumb\"},\"inLanguage\":\"ko-KR\",\"potentialAction\":[{\"@type\":\"ReadAction\",\"target\":[\"https:\\\/\\\/naturalpoland.com\\\/ko\\\/je-pum\\\/ui-yak-pum-won-ryo\\\/beo-seot-chu-chul-mul\\\/%ec%a0%80%eb%a0%b9-polyporus-umbellatus\\\/\"]}]},{\"@type\":\"ImageObject\",\"inLanguage\":\"ko-KR\",\"@id\":\"https:\\\/\\\/naturalpoland.com\\\/ko\\\/je-pum\\\/ui-yak-pum-won-ryo\\\/beo-seot-chu-chul-mul\\\/%ec%a0%80%eb%a0%b9-polyporus-umbellatus\\\/#primaryimage\",\"url\":\"https:\\\/\\\/naturalpoland.com\\\/wp-content\\\/uploads\\\/Polyporus-umbellatus.jpg\",\"contentUrl\":\"https:\\\/\\\/naturalpoland.com\\\/wp-content\\\/uploads\\\/Polyporus-umbellatus.jpg\",\"width\":600,\"height\":600,\"caption\":\"Polyporus umbellatus\"},{\"@type\":\"BreadcrumbList\",\"@id\":\"https:\\\/\\\/naturalpoland.com\\\/ko\\\/je-pum\\\/ui-yak-pum-won-ryo\\\/beo-seot-chu-chul-mul\\\/%ec%a0%80%eb%a0%b9-polyporus-umbellatus\\\/#breadcrumb\",\"itemListElement\":[{\"@type\":\"ListItem\",\"position\":1,\"name\":\"\ud648\",\"item\":\"https:\\\/\\\/naturalpoland.com\\\/ko\\\/\"},{\"@type\":\"ListItem\",\"position\":2,\"name\":\"\uc81c\ud488\",\"item\":\"https:\\\/\\\/naturalpoland.com\\\/ko\\\/%ec%a0%9c%ed%92%88\\\/\"},{\"@type\":\"ListItem\",\"position\":3,\"name\":\"\uc800\ub839 (Polyporus umbellatus)\"}]},{\"@type\":\"WebSite\",\"@id\":\"https:\\\/\\\/naturalpoland.com\\\/ko\\\/#website\",\"url\":\"https:\\\/\\\/naturalpoland.com\\\/ko\\\/\",\"name\":\"NATURAL POLAND - Hurtowy Dystrybutor Surowc\u00f3w\",\"description\":\"Surowce dla przemys\u0142u spo\u017cywczego, kosmetycznego i farmaceutycznego\",\"publisher\":{\"@id\":\"https:\\\/\\\/naturalpoland.com\\\/ko\\\/#organization\"},\"potentialAction\":[{\"@type\":\"SearchAction\",\"target\":{\"@type\":\"EntryPoint\",\"urlTemplate\":\"https:\\\/\\\/naturalpoland.com\\\/ko\\\/?s={search_term_string}\"},\"query-input\":{\"@type\":\"PropertyValueSpecification\",\"valueRequired\":true,\"valueName\":\"search_term_string\"}}],\"inLanguage\":\"ko-KR\"},{\"@type\":\"Organization\",\"@id\":\"https:\\\/\\\/naturalpoland.com\\\/ko\\\/#organization\",\"name\":\"Natural Poland\",\"url\":\"https:\\\/\\\/naturalpoland.com\\\/ko\\\/\",\"logo\":{\"@type\":\"ImageObject\",\"inLanguage\":\"ko-KR\",\"@id\":\"https:\\\/\\\/naturalpoland.com\\\/ko\\\/#\\\/schema\\\/logo\\\/image\\\/\",\"url\":\"https:\\\/\\\/naturalpoland.com\\\/wp-content\\\/uploads\\\/2021\\\/05\\\/natural-poland-icon.png\",\"contentUrl\":\"https:\\\/\\\/naturalpoland.com\\\/wp-content\\\/uploads\\\/2021\\\/05\\\/natural-poland-icon.png\",\"width\":512,\"height\":512,\"caption\":\"Natural Poland\"},\"image\":{\"@id\":\"https:\\\/\\\/naturalpoland.com\\\/ko\\\/#\\\/schema\\\/logo\\\/image\\\/\"},\"sameAs\":[\"https:\\\/\\\/www.facebook.com\\\/naturalpoland.b2b\",\"https:\\\/\\\/pl.linkedin.com\\\/company\\\/natural-poland\",\"https:\\\/\\\/www.youtube.com\\\/channel\\\/UCgeGGkvOMahZo-xu_MSEWxg\"]}]}<\/script>\n<!-- \/ Yoast SEO plugin. -->","yoast_head_json":{"title":"\uc800\ub839 (Polyporus umbellatus) - Hurtowy Dystrybutor","robots":{"index":"index","follow":"follow","max-snippet":"max-snippet:-1","max-image-preview":"max-image-preview:large","max-video-preview":"max-video-preview:-1"},"canonical":"https:\/\/naturalpoland.com\/ko\/je-pum\/ui-yak-pum-won-ryo\/beo-seot-chu-chul-mul\/%ec%a0%80%eb%a0%b9-polyporus-umbellatus\/","og_locale":"ko_KR","og_type":"article","og_title":"\uc800\ub839 (Polyporus umbellatus) - Hurtowy Dystrybutor","og_description":"Polyporus umbellatus (\uc800\ub839)\uc740 \ud76c\uadc0 \uc2dd\uc6a9 \ubc84\uc12f\uc73c\ub85c, \uc720\ub7fd\uc758 \uc5ec\ub7ec \uad6d\uac00\uc5d0\uc11c \uba78\uc885 \uc704\uae30\uc885 \ubaa9\ub85d\uc5d0 \ub4f1\uc7ac\ub418\uc5b4 \uc788\uc73c\uba70 \ud3f4\ub780\ub4dc\uc5d0\uc11c\ub294 2014\ub144\ubd80\ud130 \ubd80\ubd84\uc801\uc73c\ub85c \ubcf4\ud638\ubc1b\uace0 \uc788\uc2b5\ub2c8\ub2e4. \ub610\ud55c \uc544\uc2dc\uc544\uc5d0\uc11c\ub3c4 \ubc1c\uacac\ub418\uba70, 2\ucc9c\ub144 \uc774\uc0c1 \uc804\ud1b5 \uc911\uad6d \uc758\ud559\uc5d0\uc11c \uc0ac\uc6a9\ub418\uc5b4 \uc654\uc2b5\ub2c8\ub2e4.","og_url":"https:\/\/naturalpoland.com\/ko\/je-pum\/ui-yak-pum-won-ryo\/beo-seot-chu-chul-mul\/%ec%a0%80%eb%a0%b9-polyporus-umbellatus\/","og_site_name":"NATURAL POLAND - Hurtowy Dystrybutor Surowc\u00f3w","article_publisher":"https:\/\/www.facebook.com\/naturalpoland.b2b","article_modified_time":"2025-12-22T10:58:38+00:00","og_image":[{"width":600,"height":600,"url":"https:\/\/naturalpoland.com\/wp-content\/uploads\/Polyporus-umbellatus.jpg","type":"image\/jpeg"}],"schema":{"@context":"https:\/\/schema.org","@graph":[{"@type":"WebPage","@id":"https:\/\/naturalpoland.com\/ko\/je-pum\/ui-yak-pum-won-ryo\/beo-seot-chu-chul-mul\/%ec%a0%80%eb%a0%b9-polyporus-umbellatus\/","url":"https:\/\/naturalpoland.com\/ko\/je-pum\/ui-yak-pum-won-ryo\/beo-seot-chu-chul-mul\/%ec%a0%80%eb%a0%b9-polyporus-umbellatus\/","name":"\uc800\ub839 (Polyporus umbellatus) - Hurtowy Dystrybutor","isPartOf":{"@id":"https:\/\/naturalpoland.com\/ko\/#website"},"primaryImageOfPage":{"@id":"https:\/\/naturalpoland.com\/ko\/je-pum\/ui-yak-pum-won-ryo\/beo-seot-chu-chul-mul\/%ec%a0%80%eb%a0%b9-polyporus-umbellatus\/#primaryimage"},"image":{"@id":"https:\/\/naturalpoland.com\/ko\/je-pum\/ui-yak-pum-won-ryo\/beo-seot-chu-chul-mul\/%ec%a0%80%eb%a0%b9-polyporus-umbellatus\/#primaryimage"},"thumbnailUrl":"https:\/\/naturalpoland.com\/wp-content\/uploads\/Polyporus-umbellatus.jpg","datePublished":"2023-05-12T14:17:55+00:00","dateModified":"2025-12-22T10:58:38+00:00","breadcrumb":{"@id":"https:\/\/naturalpoland.com\/ko\/je-pum\/ui-yak-pum-won-ryo\/beo-seot-chu-chul-mul\/%ec%a0%80%eb%a0%b9-polyporus-umbellatus\/#breadcrumb"},"inLanguage":"ko-KR","potentialAction":[{"@type":"ReadAction","target":["https:\/\/naturalpoland.com\/ko\/je-pum\/ui-yak-pum-won-ryo\/beo-seot-chu-chul-mul\/%ec%a0%80%eb%a0%b9-polyporus-umbellatus\/"]}]},{"@type":"ImageObject","inLanguage":"ko-KR","@id":"https:\/\/naturalpoland.com\/ko\/je-pum\/ui-yak-pum-won-ryo\/beo-seot-chu-chul-mul\/%ec%a0%80%eb%a0%b9-polyporus-umbellatus\/#primaryimage","url":"https:\/\/naturalpoland.com\/wp-content\/uploads\/Polyporus-umbellatus.jpg","contentUrl":"https:\/\/naturalpoland.com\/wp-content\/uploads\/Polyporus-umbellatus.jpg","width":600,"height":600,"caption":"Polyporus umbellatus"},{"@type":"BreadcrumbList","@id":"https:\/\/naturalpoland.com\/ko\/je-pum\/ui-yak-pum-won-ryo\/beo-seot-chu-chul-mul\/%ec%a0%80%eb%a0%b9-polyporus-umbellatus\/#breadcrumb","itemListElement":[{"@type":"ListItem","position":1,"name":"\ud648","item":"https:\/\/naturalpoland.com\/ko\/"},{"@type":"ListItem","position":2,"name":"\uc81c\ud488","item":"https:\/\/naturalpoland.com\/ko\/%ec%a0%9c%ed%92%88\/"},{"@type":"ListItem","position":3,"name":"\uc800\ub839 (Polyporus umbellatus)"}]},{"@type":"WebSite","@id":"https:\/\/naturalpoland.com\/ko\/#website","url":"https:\/\/naturalpoland.com\/ko\/","name":"NATURAL POLAND - Hurtowy Dystrybutor Surowc\u00f3w","description":"Surowce dla przemys\u0142u spo\u017cywczego, kosmetycznego i farmaceutycznego","publisher":{"@id":"https:\/\/naturalpoland.com\/ko\/#organization"},"potentialAction":[{"@type":"SearchAction","target":{"@type":"EntryPoint","urlTemplate":"https:\/\/naturalpoland.com\/ko\/?s={search_term_string}"},"query-input":{"@type":"PropertyValueSpecification","valueRequired":true,"valueName":"search_term_string"}}],"inLanguage":"ko-KR"},{"@type":"Organization","@id":"https:\/\/naturalpoland.com\/ko\/#organization","name":"Natural Poland","url":"https:\/\/naturalpoland.com\/ko\/","logo":{"@type":"ImageObject","inLanguage":"ko-KR","@id":"https:\/\/naturalpoland.com\/ko\/#\/schema\/logo\/image\/","url":"https:\/\/naturalpoland.com\/wp-content\/uploads\/2021\/05\/natural-poland-icon.png","contentUrl":"https:\/\/naturalpoland.com\/wp-content\/uploads\/2021\/05\/natural-poland-icon.png","width":512,"height":512,"caption":"Natural Poland"},"image":{"@id":"https:\/\/naturalpoland.com\/ko\/#\/schema\/logo\/image\/"},"sameAs":["https:\/\/www.facebook.com\/naturalpoland.b2b","https:\/\/pl.linkedin.com\/company\/natural-poland","https:\/\/www.youtube.com\/channel\/UCgeGGkvOMahZo-xu_MSEWxg"]}]}},"_links":{"self":[{"href":"https:\/\/naturalpoland.com\/ko\/wp-json\/wp\/v2\/product\/44401","targetHints":{"allow":["GET"]}}],"collection":[{"href":"https:\/\/naturalpoland.com\/ko\/wp-json\/wp\/v2\/product"}],"about":[{"href":"https:\/\/naturalpoland.com\/ko\/wp-json\/wp\/v2\/types\/product"}],"wp:featuredmedia":[{"embeddable":true,"href":"https:\/\/naturalpoland.com\/ko\/wp-json\/wp\/v2\/media\/44402"}],"wp:attachment":[{"href":"https:\/\/naturalpoland.com\/ko\/wp-json\/wp\/v2\/media?parent=44401"}],"wp:term":[{"taxonomy":"product_brand","embeddable":true,"href":"https:\/\/naturalpoland.com\/ko\/wp-json\/wp\/v2\/product_brand?post=44401"},{"taxonomy":"product_cat","embeddable":true,"href":"https:\/\/naturalpoland.com\/ko\/wp-json\/wp\/v2\/product_cat?post=44401"},{"taxonomy":"product_tag","embeddable":true,"href":"https:\/\/naturalpoland.com\/ko\/wp-json\/wp\/v2\/product_tag?post=44401"}],"curies":[{"name":"wp","href":"https:\/\/api.w.org\/{rel}","templated":true}]}}