{"id":44407,"date":"2023-03-06T14:56:55","date_gmt":"2023-03-06T13:56:55","guid":{"rendered":"https:\/\/naturalpoland.com\/produkty\/uncategorized\/%eb%85%b8%eb%a3%a8%ea%b6%81%eb%8e%85%ec%9d%b4%eb%b2%84%ec%84%af-lions-mane\/"},"modified":"2025-12-22T11:59:22","modified_gmt":"2025-12-22T10:59:22","slug":"%eb%85%b8%eb%a3%a8%ea%b6%81%eb%8e%85%ec%9d%b4%eb%b2%84%ec%84%af-lions-mane","status":"publish","type":"product","link":"https:\/\/naturalpoland.com\/ko\/je-pum\/ui-yak-pum-won-ryo\/beo-seot-chu-chul-mul\/%eb%85%b8%eb%a3%a8%ea%b6%81%eb%8e%85%ec%9d%b4%eb%b2%84%ec%84%af-lions-mane\/","title":{"rendered":"\ub178\ub8e8\uad81\ub385\uc774\ubc84\uc12f \u2013 Lion\u2019s Mane"},"content":{"rendered":"<p>\ub178\ub8e8\uad81\ub385\uc774\ubc84\uc12f\uc5d0 \ud568\uc720\ub41c \ud14c\ub974\ud398\ub178\uc774\ub4dc(\ud5e4\ub9ac\uc138\ub17c \ubc0f \uc5d0\ub9ac\ub098\uc2e0)\ub294 \uc2e0\uacbd \uc131\uc7a5 \uc778\uc790(NGF) \ud569\uc131\uc744 \ucd09\uc9c4\ud558\ub294 \uac83\uc73c\ub85c \ubc1d\ud600\uc84c\uc2b5\ub2c8\ub2e4. \uc774\ub294 \ub1cc\uc758 \uc0c8\ub85c\uc6b4 \uc2dc\ub0c5\uc2a4 \uc5f0\uacb0 \ud615\uc131\uc5d0 \uc601\ud5a5\uc744 \ubbf8\uccd0 \uc2e0\uacbd\ud1f4\ud589\uc131 \uc9c8\ud658\uc758 \ubc1c\ubcd1\uc744 \uc5b5\uc81c\ud560 \uc218 \uc788\uc2b5\ub2c8\ub2e4. Lion&#8217;s Mane\uc740 \ub610\ud55c \uc7a0\uc7ac\uc801\uc778 \ud56d\uc6b0\uc6b8 \ubc0f \ud56d\ubd88\uc548 \ud6a8\uacfc\ub97c \uac00\uc9c8 \uc218 \uc788\uc2b5\ub2c8\ub2e4. <\/p>\n<h2>\ub178\ub8e8\uad81\ub385\uc774\ubc84\uc12f \u2013 Lion\u2019s Mane\uc758 \ud6a8\ub2a5<\/h2>\n<ul>\n<li>\ub204\ud2b8\ub85c\ud53d \ud6a8\uacfc\uac00 \uc788\uc73c\uba70, \uc2e0\uacbd \uc138\ud3ec \uc0dd\uc131 \ubc0f \uc7ac\uc0dd, \ub1cc\uc758 \uc2e0\uacbd \uac00\uc18c\uc131 \uc99d\uac00\uc5d0 \uc601\ud5a5\uc744 \ubbf8\uce69\ub2c8\ub2e4.<\/li>\n<li>\uae30\uc5b5\ub825 \ubc0f \uc778\uc9c0 \ub2a5\ub825 \ud5a5\uc0c1<\/li>\n<li>\uae30\ubd84 \uac1c\uc120 \ubc0f \ubd88\uc548 \uac10\uc18c\uc5d0 \uc601\ud5a5\uc744 \uc904 \uc218 \uc788\uc2b5\ub2c8\ub2e4.<\/li>\n<li>\uc5fc\uc99d\uc744 \uac10\uc18c\uc2dc\ud0a4\uace0, \ub2e4\ub2f9\ub958 \ud568\ub7c9 \ub355\ubd84\uc5d0 \uc704 \uc810\ub9c9\uc744 \ubcf4\ud638\ud569\ub2c8\ub2e4.<\/li>\n<\/ul>\n<h2>Hericium erinaceus \ucd94\ucd9c\ubb3c \ud65c\uc6a9<\/h2>\n<ul>\n<li>\uc2e0\uacbd\uacc4 \uc9c0\uc6d0 \ubc0f \uc778\uc9c0 \uae30\ub2a5 \ud5a5\uc0c1 \uac74\uac15 \ubcf4\uc870 \uc2dd\ud488<\/li>\n<li>\ud56d\uc5fc\uc99d \ubc0f \ud56d\uc0b0\ud654 \ud2b9\uc131\uc744 \uac00\uc9c4 \uc81c\uc57d \uc81c\ud488<\/li>\n<li>\ubcf4\ud638 \ubc0f \uc7ac\uc0dd \ud6a8\uacfc\uac00 \uc788\ub294 \uc2a4\ud0a8\ucf00\uc5b4 \uc81c\ud488<\/li>\n<\/ul>\n<p>&nbsp;<\/p>\n","protected":false},"excerpt":{"rendered":"<p><strong>Hericium erinaceus \ubc84\uc12f \ucd94\ucd9c\ubb3c (\ub178\ub8e8\uad81\ub385\uc774\ubc84\uc12f) \u2013 Lion\u2019s Mane<\/strong>\uc740 \uc804\ud1b5 \uc911\uad6d \uc758\ud559\uc758 \ud65c\ub825 \ubc84\uc12f \uc911 \ud558\ub098\uc785\ub2c8\ub2e4. \ubc84\uc12f\uacfc \ubc1c\ud6a8\ub41c \uade0\uc0ac\uccb4 \ubaa8\ub450 \ub2e4\ub2f9\ub958, \ub2e8\ubc31\uc9c8, \ub809\ud2f4, \ud398\ub180 \ubc0f \ud14c\ub974\ud398\ub178\uc774\ub4dc\ub97c \ud3ec\ud568\ud55c \uc5ec\ub7ec \uc885\ub958\uc758 \uc0dd\uccb4 \ud65c\uc131 \ubd84\uc790\ub97c \uc0dd\uc131\ud569\ub2c8\ub2e4.<\/p>\n","protected":false},"featured_media":44408,"template":"","meta":{"_acf_changed":false},"product_brand":[],"product_cat":[8144],"product_tag":[],"class_list":{"0":"post-44407","1":"product","2":"type-product","3":"status-publish","4":"has-post-thumbnail","6":"product_cat-beo-seot-chu-chul-mul","7":"pa_czesc-rosliny-jasilche","8":"pa_skladnik-aktywny-9743","10":"first","11":"instock","12":"shipping-taxable","13":"product-type-simple"},"acf":[],"yoast_head":"<!-- This site is optimized with the Yoast SEO plugin v27.5 - https:\/\/yoast.com\/product\/yoast-seo-wordpress\/ -->\n<title>NATURAL POLAND &#8211; Hurtowy Dystrybutor Surowc\u00f3w<\/title>\n<meta name=\"description\" content=\"\ub178\ub8e8\uad81\ub385\uc774\ubc84\uc12f \ub610\ub294 Lion&#039;s Mane\uc73c\ub85c\ub3c4 \uc54c\ub824\uc9c4 Hericium erinaceus \ubc84\uc12f \ucd94\ucd9c\ubb3c\uc740 \uc774 \ubc84\uc12f\uc758 \uc790\uc2e4\uccb4\uc5d0\uc11c \uc5bb\uc5b4\uc9d1\ub2c8\ub2e4.\" \/>\n<meta name=\"robots\" content=\"index, follow, max-snippet:-1, max-image-preview:large, max-video-preview:-1\" \/>\n<link rel=\"canonical\" href=\"https:\/\/naturalpoland.com\/ko\/je-pum\/ui-yak-pum-won-ryo\/beo-seot-chu-chul-mul\/%eb%85%b8%eb%a3%a8%ea%b6%81%eb%8e%85%ec%9d%b4%eb%b2%84%ec%84%af-lions-mane\/\" \/>\n<meta property=\"og:locale\" content=\"ko_KR\" \/>\n<meta property=\"og:type\" content=\"article\" \/>\n<meta property=\"og:description\" content=\"\ub178\ub8e8\uad81\ub385\uc774\ubc84\uc12f \ub610\ub294 Lion&#039;s Mane\uc73c\ub85c\ub3c4 \uc54c\ub824\uc9c4 Hericium erinaceus \ubc84\uc12f \ucd94\ucd9c\ubb3c\uc740 \uc774 \ubc84\uc12f\uc758 \uc790\uc2e4\uccb4\uc5d0\uc11c \uc5bb\uc5b4\uc9d1\ub2c8\ub2e4.\" \/>\n<meta property=\"og:url\" content=\"https:\/\/naturalpoland.com\/ko\/je-pum\/ui-yak-pum-won-ryo\/beo-seot-chu-chul-mul\/%eb%85%b8%eb%a3%a8%ea%b6%81%eb%8e%85%ec%9d%b4%eb%b2%84%ec%84%af-lions-mane\/\" \/>\n<meta property=\"og:site_name\" content=\"NATURAL POLAND - Hurtowy Dystrybutor Surowc\u00f3w\" \/>\n<meta property=\"article:publisher\" content=\"https:\/\/www.facebook.com\/naturalpoland.b2b\" \/>\n<meta property=\"article:modified_time\" content=\"2025-12-22T10:59:22+00:00\" \/>\n<meta property=\"og:image\" content=\"https:\/\/naturalpoland.com\/wp-content\/uploads\/soplowka-jezowata-Lions-mane.jpg\" \/>\n\t<meta property=\"og:image:width\" content=\"650\" \/>\n\t<meta property=\"og:image:height\" content=\"650\" \/>\n\t<meta property=\"og:image:type\" content=\"image\/jpeg\" \/>\n<script type=\"application\/ld+json\" class=\"yoast-schema-graph\">{\"@context\":\"https:\\\/\\\/schema.org\",\"@graph\":[{\"@type\":\"WebPage\",\"@id\":\"https:\\\/\\\/naturalpoland.com\\\/ko\\\/je-pum\\\/ui-yak-pum-won-ryo\\\/beo-seot-chu-chul-mul\\\/%eb%85%b8%eb%a3%a8%ea%b6%81%eb%8e%85%ec%9d%b4%eb%b2%84%ec%84%af-lions-mane\\\/\",\"url\":\"https:\\\/\\\/naturalpoland.com\\\/ko\\\/je-pum\\\/ui-yak-pum-won-ryo\\\/beo-seot-chu-chul-mul\\\/%eb%85%b8%eb%a3%a8%ea%b6%81%eb%8e%85%ec%9d%b4%eb%b2%84%ec%84%af-lions-mane\\\/\",\"name\":\"\",\"isPartOf\":{\"@id\":\"https:\\\/\\\/naturalpoland.com\\\/ko\\\/#website\"},\"primaryImageOfPage\":{\"@id\":\"https:\\\/\\\/naturalpoland.com\\\/ko\\\/je-pum\\\/ui-yak-pum-won-ryo\\\/beo-seot-chu-chul-mul\\\/%eb%85%b8%eb%a3%a8%ea%b6%81%eb%8e%85%ec%9d%b4%eb%b2%84%ec%84%af-lions-mane\\\/#primaryimage\"},\"image\":{\"@id\":\"https:\\\/\\\/naturalpoland.com\\\/ko\\\/je-pum\\\/ui-yak-pum-won-ryo\\\/beo-seot-chu-chul-mul\\\/%eb%85%b8%eb%a3%a8%ea%b6%81%eb%8e%85%ec%9d%b4%eb%b2%84%ec%84%af-lions-mane\\\/#primaryimage\"},\"thumbnailUrl\":\"https:\\\/\\\/naturalpoland.com\\\/wp-content\\\/uploads\\\/soplowka-jezowata-Lions-mane.jpg\",\"datePublished\":\"2023-03-06T13:56:55+00:00\",\"dateModified\":\"2025-12-22T10:59:22+00:00\",\"description\":\"\ub178\ub8e8\uad81\ub385\uc774\ubc84\uc12f \ub610\ub294 Lion's Mane\uc73c\ub85c\ub3c4 \uc54c\ub824\uc9c4 Hericium erinaceus \ubc84\uc12f \ucd94\ucd9c\ubb3c\uc740 \uc774 \ubc84\uc12f\uc758 \uc790\uc2e4\uccb4\uc5d0\uc11c \uc5bb\uc5b4\uc9d1\ub2c8\ub2e4.\",\"breadcrumb\":{\"@id\":\"https:\\\/\\\/naturalpoland.com\\\/ko\\\/je-pum\\\/ui-yak-pum-won-ryo\\\/beo-seot-chu-chul-mul\\\/%eb%85%b8%eb%a3%a8%ea%b6%81%eb%8e%85%ec%9d%b4%eb%b2%84%ec%84%af-lions-mane\\\/#breadcrumb\"},\"inLanguage\":\"ko-KR\",\"potentialAction\":[{\"@type\":\"ReadAction\",\"target\":[\"https:\\\/\\\/naturalpoland.com\\\/ko\\\/je-pum\\\/ui-yak-pum-won-ryo\\\/beo-seot-chu-chul-mul\\\/%eb%85%b8%eb%a3%a8%ea%b6%81%eb%8e%85%ec%9d%b4%eb%b2%84%ec%84%af-lions-mane\\\/\"]}]},{\"@type\":\"ImageObject\",\"inLanguage\":\"ko-KR\",\"@id\":\"https:\\\/\\\/naturalpoland.com\\\/ko\\\/je-pum\\\/ui-yak-pum-won-ryo\\\/beo-seot-chu-chul-mul\\\/%eb%85%b8%eb%a3%a8%ea%b6%81%eb%8e%85%ec%9d%b4%eb%b2%84%ec%84%af-lions-mane\\\/#primaryimage\",\"url\":\"https:\\\/\\\/naturalpoland.com\\\/wp-content\\\/uploads\\\/soplowka-jezowata-Lions-mane.jpg\",\"contentUrl\":\"https:\\\/\\\/naturalpoland.com\\\/wp-content\\\/uploads\\\/soplowka-jezowata-Lions-mane.jpg\",\"width\":650,\"height\":650,\"caption\":\"\ub178\ub8e8\uad81\ub385\uc774\ubc84\uc12f \u2013 Lion\u2019s Mane (Hericium erinaceus)\"},{\"@type\":\"BreadcrumbList\",\"@id\":\"https:\\\/\\\/naturalpoland.com\\\/ko\\\/je-pum\\\/ui-yak-pum-won-ryo\\\/beo-seot-chu-chul-mul\\\/%eb%85%b8%eb%a3%a8%ea%b6%81%eb%8e%85%ec%9d%b4%eb%b2%84%ec%84%af-lions-mane\\\/#breadcrumb\",\"itemListElement\":[{\"@type\":\"ListItem\",\"position\":1,\"name\":\"\ud648\",\"item\":\"https:\\\/\\\/naturalpoland.com\\\/ko\\\/\"},{\"@type\":\"ListItem\",\"position\":2,\"name\":\"\uc81c\ud488\",\"item\":\"https:\\\/\\\/naturalpoland.com\\\/ko\\\/%ec%a0%9c%ed%92%88\\\/\"},{\"@type\":\"ListItem\",\"position\":3,\"name\":\"\ub178\ub8e8\uad81\ub385\uc774\ubc84\uc12f \u2013 Lion\u2019s Mane\"}]},{\"@type\":\"WebSite\",\"@id\":\"https:\\\/\\\/naturalpoland.com\\\/ko\\\/#website\",\"url\":\"https:\\\/\\\/naturalpoland.com\\\/ko\\\/\",\"name\":\"NATURAL POLAND - Hurtowy Dystrybutor Surowc\u00f3w\",\"description\":\"Surowce dla przemys\u0142u spo\u017cywczego, kosmetycznego i farmaceutycznego\",\"publisher\":{\"@id\":\"https:\\\/\\\/naturalpoland.com\\\/ko\\\/#organization\"},\"potentialAction\":[{\"@type\":\"SearchAction\",\"target\":{\"@type\":\"EntryPoint\",\"urlTemplate\":\"https:\\\/\\\/naturalpoland.com\\\/ko\\\/?s={search_term_string}\"},\"query-input\":{\"@type\":\"PropertyValueSpecification\",\"valueRequired\":true,\"valueName\":\"search_term_string\"}}],\"inLanguage\":\"ko-KR\"},{\"@type\":\"Organization\",\"@id\":\"https:\\\/\\\/naturalpoland.com\\\/ko\\\/#organization\",\"name\":\"Natural Poland\",\"url\":\"https:\\\/\\\/naturalpoland.com\\\/ko\\\/\",\"logo\":{\"@type\":\"ImageObject\",\"inLanguage\":\"ko-KR\",\"@id\":\"https:\\\/\\\/naturalpoland.com\\\/ko\\\/#\\\/schema\\\/logo\\\/image\\\/\",\"url\":\"https:\\\/\\\/naturalpoland.com\\\/wp-content\\\/uploads\\\/2021\\\/05\\\/natural-poland-icon.png\",\"contentUrl\":\"https:\\\/\\\/naturalpoland.com\\\/wp-content\\\/uploads\\\/2021\\\/05\\\/natural-poland-icon.png\",\"width\":512,\"height\":512,\"caption\":\"Natural Poland\"},\"image\":{\"@id\":\"https:\\\/\\\/naturalpoland.com\\\/ko\\\/#\\\/schema\\\/logo\\\/image\\\/\"},\"sameAs\":[\"https:\\\/\\\/www.facebook.com\\\/naturalpoland.b2b\",\"https:\\\/\\\/pl.linkedin.com\\\/company\\\/natural-poland\",\"https:\\\/\\\/www.youtube.com\\\/channel\\\/UCgeGGkvOMahZo-xu_MSEWxg\"]}]}<\/script>\n<!-- \/ Yoast SEO plugin. -->","yoast_head_json":{"title":"NATURAL POLAND &#8211; Hurtowy Dystrybutor Surowc\u00f3w","description":"\ub178\ub8e8\uad81\ub385\uc774\ubc84\uc12f \ub610\ub294 Lion's Mane\uc73c\ub85c\ub3c4 \uc54c\ub824\uc9c4 Hericium erinaceus \ubc84\uc12f \ucd94\ucd9c\ubb3c\uc740 \uc774 \ubc84\uc12f\uc758 \uc790\uc2e4\uccb4\uc5d0\uc11c \uc5bb\uc5b4\uc9d1\ub2c8\ub2e4.","robots":{"index":"index","follow":"follow","max-snippet":"max-snippet:-1","max-image-preview":"max-image-preview:large","max-video-preview":"max-video-preview:-1"},"canonical":"https:\/\/naturalpoland.com\/ko\/je-pum\/ui-yak-pum-won-ryo\/beo-seot-chu-chul-mul\/%eb%85%b8%eb%a3%a8%ea%b6%81%eb%8e%85%ec%9d%b4%eb%b2%84%ec%84%af-lions-mane\/","og_locale":"ko_KR","og_type":"article","og_description":"\ub178\ub8e8\uad81\ub385\uc774\ubc84\uc12f \ub610\ub294 Lion's Mane\uc73c\ub85c\ub3c4 \uc54c\ub824\uc9c4 Hericium erinaceus \ubc84\uc12f \ucd94\ucd9c\ubb3c\uc740 \uc774 \ubc84\uc12f\uc758 \uc790\uc2e4\uccb4\uc5d0\uc11c \uc5bb\uc5b4\uc9d1\ub2c8\ub2e4.","og_url":"https:\/\/naturalpoland.com\/ko\/je-pum\/ui-yak-pum-won-ryo\/beo-seot-chu-chul-mul\/%eb%85%b8%eb%a3%a8%ea%b6%81%eb%8e%85%ec%9d%b4%eb%b2%84%ec%84%af-lions-mane\/","og_site_name":"NATURAL POLAND - Hurtowy Dystrybutor Surowc\u00f3w","article_publisher":"https:\/\/www.facebook.com\/naturalpoland.b2b","article_modified_time":"2025-12-22T10:59:22+00:00","og_image":[{"width":650,"height":650,"url":"https:\/\/naturalpoland.com\/wp-content\/uploads\/soplowka-jezowata-Lions-mane.jpg","type":"image\/jpeg"}],"schema":{"@context":"https:\/\/schema.org","@graph":[{"@type":"WebPage","@id":"https:\/\/naturalpoland.com\/ko\/je-pum\/ui-yak-pum-won-ryo\/beo-seot-chu-chul-mul\/%eb%85%b8%eb%a3%a8%ea%b6%81%eb%8e%85%ec%9d%b4%eb%b2%84%ec%84%af-lions-mane\/","url":"https:\/\/naturalpoland.com\/ko\/je-pum\/ui-yak-pum-won-ryo\/beo-seot-chu-chul-mul\/%eb%85%b8%eb%a3%a8%ea%b6%81%eb%8e%85%ec%9d%b4%eb%b2%84%ec%84%af-lions-mane\/","name":"","isPartOf":{"@id":"https:\/\/naturalpoland.com\/ko\/#website"},"primaryImageOfPage":{"@id":"https:\/\/naturalpoland.com\/ko\/je-pum\/ui-yak-pum-won-ryo\/beo-seot-chu-chul-mul\/%eb%85%b8%eb%a3%a8%ea%b6%81%eb%8e%85%ec%9d%b4%eb%b2%84%ec%84%af-lions-mane\/#primaryimage"},"image":{"@id":"https:\/\/naturalpoland.com\/ko\/je-pum\/ui-yak-pum-won-ryo\/beo-seot-chu-chul-mul\/%eb%85%b8%eb%a3%a8%ea%b6%81%eb%8e%85%ec%9d%b4%eb%b2%84%ec%84%af-lions-mane\/#primaryimage"},"thumbnailUrl":"https:\/\/naturalpoland.com\/wp-content\/uploads\/soplowka-jezowata-Lions-mane.jpg","datePublished":"2023-03-06T13:56:55+00:00","dateModified":"2025-12-22T10:59:22+00:00","description":"\ub178\ub8e8\uad81\ub385\uc774\ubc84\uc12f \ub610\ub294 Lion's Mane\uc73c\ub85c\ub3c4 \uc54c\ub824\uc9c4 Hericium erinaceus \ubc84\uc12f \ucd94\ucd9c\ubb3c\uc740 \uc774 \ubc84\uc12f\uc758 \uc790\uc2e4\uccb4\uc5d0\uc11c \uc5bb\uc5b4\uc9d1\ub2c8\ub2e4.","breadcrumb":{"@id":"https:\/\/naturalpoland.com\/ko\/je-pum\/ui-yak-pum-won-ryo\/beo-seot-chu-chul-mul\/%eb%85%b8%eb%a3%a8%ea%b6%81%eb%8e%85%ec%9d%b4%eb%b2%84%ec%84%af-lions-mane\/#breadcrumb"},"inLanguage":"ko-KR","potentialAction":[{"@type":"ReadAction","target":["https:\/\/naturalpoland.com\/ko\/je-pum\/ui-yak-pum-won-ryo\/beo-seot-chu-chul-mul\/%eb%85%b8%eb%a3%a8%ea%b6%81%eb%8e%85%ec%9d%b4%eb%b2%84%ec%84%af-lions-mane\/"]}]},{"@type":"ImageObject","inLanguage":"ko-KR","@id":"https:\/\/naturalpoland.com\/ko\/je-pum\/ui-yak-pum-won-ryo\/beo-seot-chu-chul-mul\/%eb%85%b8%eb%a3%a8%ea%b6%81%eb%8e%85%ec%9d%b4%eb%b2%84%ec%84%af-lions-mane\/#primaryimage","url":"https:\/\/naturalpoland.com\/wp-content\/uploads\/soplowka-jezowata-Lions-mane.jpg","contentUrl":"https:\/\/naturalpoland.com\/wp-content\/uploads\/soplowka-jezowata-Lions-mane.jpg","width":650,"height":650,"caption":"\ub178\ub8e8\uad81\ub385\uc774\ubc84\uc12f \u2013 Lion\u2019s Mane (Hericium erinaceus)"},{"@type":"BreadcrumbList","@id":"https:\/\/naturalpoland.com\/ko\/je-pum\/ui-yak-pum-won-ryo\/beo-seot-chu-chul-mul\/%eb%85%b8%eb%a3%a8%ea%b6%81%eb%8e%85%ec%9d%b4%eb%b2%84%ec%84%af-lions-mane\/#breadcrumb","itemListElement":[{"@type":"ListItem","position":1,"name":"\ud648","item":"https:\/\/naturalpoland.com\/ko\/"},{"@type":"ListItem","position":2,"name":"\uc81c\ud488","item":"https:\/\/naturalpoland.com\/ko\/%ec%a0%9c%ed%92%88\/"},{"@type":"ListItem","position":3,"name":"\ub178\ub8e8\uad81\ub385\uc774\ubc84\uc12f \u2013 Lion\u2019s Mane"}]},{"@type":"WebSite","@id":"https:\/\/naturalpoland.com\/ko\/#website","url":"https:\/\/naturalpoland.com\/ko\/","name":"NATURAL POLAND - Hurtowy Dystrybutor Surowc\u00f3w","description":"Surowce dla przemys\u0142u spo\u017cywczego, kosmetycznego i farmaceutycznego","publisher":{"@id":"https:\/\/naturalpoland.com\/ko\/#organization"},"potentialAction":[{"@type":"SearchAction","target":{"@type":"EntryPoint","urlTemplate":"https:\/\/naturalpoland.com\/ko\/?s={search_term_string}"},"query-input":{"@type":"PropertyValueSpecification","valueRequired":true,"valueName":"search_term_string"}}],"inLanguage":"ko-KR"},{"@type":"Organization","@id":"https:\/\/naturalpoland.com\/ko\/#organization","name":"Natural Poland","url":"https:\/\/naturalpoland.com\/ko\/","logo":{"@type":"ImageObject","inLanguage":"ko-KR","@id":"https:\/\/naturalpoland.com\/ko\/#\/schema\/logo\/image\/","url":"https:\/\/naturalpoland.com\/wp-content\/uploads\/2021\/05\/natural-poland-icon.png","contentUrl":"https:\/\/naturalpoland.com\/wp-content\/uploads\/2021\/05\/natural-poland-icon.png","width":512,"height":512,"caption":"Natural Poland"},"image":{"@id":"https:\/\/naturalpoland.com\/ko\/#\/schema\/logo\/image\/"},"sameAs":["https:\/\/www.facebook.com\/naturalpoland.b2b","https:\/\/pl.linkedin.com\/company\/natural-poland","https:\/\/www.youtube.com\/channel\/UCgeGGkvOMahZo-xu_MSEWxg"]}]}},"_links":{"self":[{"href":"https:\/\/naturalpoland.com\/ko\/wp-json\/wp\/v2\/product\/44407","targetHints":{"allow":["GET"]}}],"collection":[{"href":"https:\/\/naturalpoland.com\/ko\/wp-json\/wp\/v2\/product"}],"about":[{"href":"https:\/\/naturalpoland.com\/ko\/wp-json\/wp\/v2\/types\/product"}],"wp:featuredmedia":[{"embeddable":true,"href":"https:\/\/naturalpoland.com\/ko\/wp-json\/wp\/v2\/media\/44408"}],"wp:attachment":[{"href":"https:\/\/naturalpoland.com\/ko\/wp-json\/wp\/v2\/media?parent=44407"}],"wp:term":[{"taxonomy":"product_brand","embeddable":true,"href":"https:\/\/naturalpoland.com\/ko\/wp-json\/wp\/v2\/product_brand?post=44407"},{"taxonomy":"product_cat","embeddable":true,"href":"https:\/\/naturalpoland.com\/ko\/wp-json\/wp\/v2\/product_cat?post=44407"},{"taxonomy":"product_tag","embeddable":true,"href":"https:\/\/naturalpoland.com\/ko\/wp-json\/wp\/v2\/product_tag?post=44407"}],"curies":[{"name":"wp","href":"https:\/\/api.w.org\/{rel}","templated":true}]}}