{"id":44409,"date":"2023-03-16T11:45:33","date_gmt":"2023-03-16T10:45:33","guid":{"rendered":"https:\/\/naturalpoland.com\/produkty\/uncategorized\/%ed%9d%b0%eb%aa%a9%ec%9d%b4%eb%b2%84%ec%84%af-%ec%b6%94%ec%b6%9c%eb%ac%bc\/"},"modified":"2025-12-22T11:59:26","modified_gmt":"2025-12-22T10:59:26","slug":"%ed%9d%b0%eb%aa%a9%ec%9d%b4%eb%b2%84%ec%84%af-%ec%b6%94%ec%b6%9c%eb%ac%bc","status":"publish","type":"product","link":"https:\/\/naturalpoland.com\/ko\/je-pum\/ui-yak-pum-won-ryo\/beo-seot-chu-chul-mul\/%ed%9d%b0%eb%aa%a9%ec%9d%b4%eb%b2%84%ec%84%af-%ec%b6%94%ec%b6%9c%eb%ac%bc\/","title":{"rendered":"\ud770\ubaa9\uc774\ubc84\uc12f \ucd94\ucd9c\ubb3c"},"content":{"rendered":"<p>\uc774 \ud770\ubaa9\uc774\ubc84\uc12f \ucd94\ucd9c\ubb3c\uc740 \ud2b9\ud788 \ub2e4\ub2f9\ub958 \ud568\ub7c9\uc73c\ub85c \ub192\uc774 \ud3c9\uac00\ub429\ub2c8\ub2e4. \uacfc\ud559 \uc5f0\uad6c\uc5d0 \ub530\ub974\uba74, \uc774 \ub2e4\ub2f9\ub958\ub294 \ud53c\ubd80 \uac74\uac15\uacfc \uc804\ubc18\uc801\uc778 \uc2e0\uccb4 \uba74\uc5ed\ub825\uc5d0 \ud0c1\uc6d4\ud55c \ud6a8\uacfc\ub97c \ubcf4\uc785\ub2c8\ub2e4. \ub2e4\ub2f9\ub958\ub294 \ubcf4\uc2b5 \uc791\uc6a9\uc744 \ub2f4\ub2f9\ud558\ub294 \ud575\uc2ec \ud65c\uc131 \uc131\ubd84\uc73c\ub85c, \ud569\uc131 <a href=\"https:\/\/naturalpoland.com\/produkty\/produkty-dla-przemyslu-kosmetycznego\/surowce-kosmetyczne\/roztwor-kwasu-hialuronowego-1\/\">\ud788\uc54c\ub8e8\ub860\uc0b0<\/a>\uc758 \ucc9c\uc5f0 \ub300\uc548\uc774 \ub429\ub2c8\ub2e4. \ub610\ud55c, \ud770\ubaa9\uc774\ubc84\uc12f\uc758 \ub2e4\ub2f9\ub958\ub294 \ud53c\ubd80 \ubcf4\uc2b5\uacfc \ud0c4\ub825\uc744 \ucd5c\uc801\ud654\ud568\uc73c\ub85c\uc368 \ub178\ud654 \ubc29\uc9c0 \ud6a8\uacfc\ub97c \ub098\ud0c0\ub0b4\uba70, \uc774\ub294 \uc8fc\ub984 \uac10\uc18c\uc640 \uc804\ubc18\uc801\uc778 \ud53c\ubd80 \uc0c1\ud0dc \uac1c\uc120\uc5d0 \uae30\uc5ec\ud569\ub2c8\ub2e4.  <\/p>\n<p>\uc801\uc751\uc131 \ud2b9\uc131 \ub355\ubd84\uc5d0 \ud770\ubaa9\uc774\ubc84\uc12f \ucd94\ucd9c\ubb3c\uc740 \uba74\uc5ed\ub825\uc744 \uc9c0\uc6d0\ud558\uba70 \ud658\uacbd\uc801 \ubc0f \uc0dd\ub9ac\uc801 \uc2a4\ud2b8\ub808\uc2a4\uc5d0 \ub300\ud55c \uc2e0\uccb4\uc758 \uc801\uc751\ub825\uc744 \ud5a5\uc0c1\uc2dc\ud0b5\ub2c8\ub2e4. \uc774\ub294 \uba74\uc5ed \uccb4\uacc4\uc5d0 \ub300\ud55c \uc870\uc808 \uc791\uc6a9\uacfc \uad00\ub828\uc774 \uc788\uc73c\uba70, \uc9c8\ubcd1\uc5d0 \ub300\ud55c \uc800\ud56d\ub825 \uc99d\uac00 \ubc0f \ube60\ub978 \ud68c\ubcf5 \ub2a5\ub825\uc5d0 \uc9c1\uc811\uc801\uc778 \uc601\ud5a5\uc744 \ubbf8\uce60 \uc218 \uc788\uc2b5\ub2c8\ub2e4. <\/p>\n<h2>\ud770\ubaa9\uc774\ubc84\uc12f \ucd94\ucd9c\ubb3c \ud65c\uc6a9<\/h2>\n<p>\uc758\ud559\uc801 \ud65c\uc6a9 \uce21\uba74\uc5d0\uc11c \ud770\ubaa9\uc774\ubc84\uc12f\uc740 \ucf5c\ub808\uc2a4\ud14c\ub864 \ubc0f \ud608\ub2f9 \uc218\uce58\uc5d0 \ubbf8\uce58\ub294 \uc601\ud5a5\uc5d0 \ub300\ud574 \uc5f0\uad6c\ub418\uace0 \uc788\uc2b5\ub2c8\ub2e4. \uc774 \ucd94\ucd9c\ubb3c\uc740 \uc81c2\ud615 \ub2f9\ub1e8\ubcd1 \ubc0f \uace0\ucf5c\ub808\uc2a4\ud14c\ub864\ud608\uc99d\uacfc \uac19\uc740 \uc0dd\ud65c \uc2b5\uad00\ubcd1\uc758 \uc608\ubc29 \ubc0f \uce58\ub8cc\uc5d0 \uae30\uc5ec\ud560 \uc218 \uc788\uc2b5\ub2c8\ub2e4. \ub610\ud55c \uc7a5 \uac74\uac15 \ubc0f \uc2e0\uccb4 \ud574\ub3c5 \uacfc\uc815\uc5d0\ub3c4 \uc720\uc775\ud55c \ud6a8\uacfc\ub97c \ubcf4\uc785\ub2c8\ub2e4.  <\/p>\n<p>\uac74\uac15 \ubcf4\uc870 \uc2dd\ud488 \uc0dd\uc0b0 \uc2dc, \ud770\ubaa9\uc774\ubc84\uc12f \ucd94\ucd9c\ubb3c\uc740 \ub2e4\uc74c\uacfc \uac19\uc740 \ubd84\uc57c\uc5d0\uc11c \uc790\uc5f0\uc801\uc778 \uc9c0\uc6d0\uc744 \ucc3e\ub294 \uc0ac\ub78c\ub4e4\uc744 \uc704\ud55c \ud3ec\ubbac\ub7ec\ub97c \ub9cc\ub4dc\ub294 \ub370 \ud65c\uc6a9\ub420 \uc218 \uc788\uc2b5\ub2c8\ub2e4:<\/p>\n<ul>\n<li>\ud53c\ubd80 \uac74\uac15,<\/li>\n<li>\uba74\uc5ed\ub825,<\/li>\n<li>\uc2a4\ud2b8\ub808\uc2a4 \uad00\ub9ac,<\/li>\n<li>\ub300\uc0ac \uc9c0\ud45c \uac1c\uc120.<\/li>\n<\/ul>\n<p>\uadf8\uac83\uc758 \ub2e4\uc7ac\ub2e4\ub2a5\ud568\uacfc \uac15\ub825\ud55c \uc0dd\ubb3c\ud559\uc801 \uc791\uc6a9\uc740 \uac74\uac15\uacfc \uc6f0\ube59\uc744 \uc9c0\uc6d0\ud558\ub294 \ud601\uc2e0\uc801\uc778 \uc81c\ud488\uc744 \uc704\ud55c \ub9e4\ub825\uc801\uc778 \uc131\ubd84\uc73c\ub85c \ub9cc\ub4ed\ub2c8\ub2e4.<\/p>\n<p>\ud770\ubaa9\uc774\ubc84\uc12f \ucd94\ucd9c\ubb3c\uc740 \ucd5c\uace0 \uc218\uc900\uc758 \uc21c\ub3c4\uc640 \uc548\uc804 \uae30\uc900\uc744 \uc900\uc218\ud558\uc5ec \uc0dd\uc0b0\ub429\ub2c8\ub2e4. \uc774 \uc81c\ud488\uc740 GMO, \uc911\uae08\uc18d \ubc0f \uacf0\ud321\uc774 \ub3c5\uc18c\ub85c\ubd80\ud130 \uc790\uc720\ub86d\uc2b5\ub2c8\ub2e4. \uc774\ub294 \ub192\uc740 \ud488\uc9c8\uacfc \uc548\uc804\ud55c \uc0ac\uc6a9\uc744 \ubcf4\uc7a5\ud569\ub2c8\ub2e4.  <\/p>\n","protected":false},"excerpt":{"rendered":"<p>\uc544\uc2dc\uc544\uac00 \uc6d0\uc0b0\uc9c0\uc778 \ud2b8\ub808\uba5c\ub77c \ubc84\uc12f(<em>Tremella fuciformis<\/em>, \ud770\ubaa9\uc774\ubc84\uc12f)\uc740 \uc218\ucc9c \ub144 \ub3d9\uc548 \uc911\uad6d \uc804\ud1b5 \uc758\ud559\uc5d0\uc11c \ub192\uc774 \ud3c9\uac00\ub418\uc5b4 \uc654\uc73c\uba70, \ud604\uc7ac\ub294 \ud654\uc7a5\ud488 \ubc0f \uc81c\uc57d \uc0b0\uc5c5\uc5d0\uc11c\ub3c4 \uad00\uc2ec\uc774 \uc99d\uac00\ud558\uace0 \uc788\uc2b5\ub2c8\ub2e4.<\/p>\n","protected":false},"featured_media":44410,"template":"","meta":{"_acf_changed":false},"product_brand":[],"product_cat":[8144],"product_tag":[],"class_list":{"0":"post-44409","1":"product","2":"type-product","3":"status-publish","4":"has-post-thumbnail","6":"product_cat-beo-seot-chu-chul-mul","7":"pa_czesc-rosliny-jasilche","9":"first","10":"instock","11":"shipping-taxable","12":"product-type-simple"},"acf":[],"yoast_head":"<!-- This site is optimized with the Yoast SEO plugin v27.5 - https:\/\/yoast.com\/product\/yoast-seo-wordpress\/ -->\n<title>\ud770\ubaa9\uc774\ubc84\uc12f \ucd94\ucd9c\ubb3c - Hurtowy Dystrybutor<\/title>\n<meta name=\"description\" content=\"\ud770\ubaa9\uc774\ubc84\uc12f \ucd94\ucd9c\ubb3c\uc740 \ud48d\ubd80\ud55c \uc0dd\ubb3c\ud559\uc801 \ud2b9\uc131\uc744 \uc9c0\ub2c8\uace0 \uc788\uc73c\uba70, \uc544\uc2dc\uc544 \uc804\ud1b5 \uc758\ud559\uc5d0\uc11c \uc624\ub79c \uc0ac\uc6a9 \uc5ed\uc0ac\ub97c \uac00\uc9c4 \uc131\ubd84\uc785\ub2c8\ub2e4.\" \/>\n<meta name=\"robots\" content=\"index, follow, max-snippet:-1, max-image-preview:large, max-video-preview:-1\" \/>\n<link rel=\"canonical\" href=\"https:\/\/naturalpoland.com\/ko\/je-pum\/ui-yak-pum-won-ryo\/beo-seot-chu-chul-mul\/%ed%9d%b0%eb%aa%a9%ec%9d%b4%eb%b2%84%ec%84%af-%ec%b6%94%ec%b6%9c%eb%ac%bc\/\" \/>\n<meta property=\"og:locale\" content=\"ko_KR\" \/>\n<meta property=\"og:type\" content=\"article\" \/>\n<meta property=\"og:title\" content=\"\ud770\ubaa9\uc774\ubc84\uc12f \ucd94\ucd9c\ubb3c - Hurtowy Dystrybutor\" \/>\n<meta property=\"og:description\" content=\"\ud770\ubaa9\uc774\ubc84\uc12f \ucd94\ucd9c\ubb3c\uc740 \ud48d\ubd80\ud55c \uc0dd\ubb3c\ud559\uc801 \ud2b9\uc131\uc744 \uc9c0\ub2c8\uace0 \uc788\uc73c\uba70, \uc544\uc2dc\uc544 \uc804\ud1b5 \uc758\ud559\uc5d0\uc11c \uc624\ub79c \uc0ac\uc6a9 \uc5ed\uc0ac\ub97c \uac00\uc9c4 \uc131\ubd84\uc785\ub2c8\ub2e4.\" \/>\n<meta property=\"og:url\" content=\"https:\/\/naturalpoland.com\/ko\/je-pum\/ui-yak-pum-won-ryo\/beo-seot-chu-chul-mul\/%ed%9d%b0%eb%aa%a9%ec%9d%b4%eb%b2%84%ec%84%af-%ec%b6%94%ec%b6%9c%eb%ac%bc\/\" \/>\n<meta property=\"og:site_name\" content=\"NATURAL POLAND - Hurtowy Dystrybutor Surowc\u00f3w\" \/>\n<meta property=\"article:publisher\" content=\"https:\/\/www.facebook.com\/naturalpoland.b2b\" \/>\n<meta property=\"article:modified_time\" content=\"2025-12-22T10:59:26+00:00\" \/>\n<meta property=\"og:image\" content=\"https:\/\/naturalpoland.com\/wp-content\/uploads\/grzyb-tremella.jpg\" \/>\n\t<meta property=\"og:image:width\" content=\"600\" \/>\n\t<meta property=\"og:image:height\" content=\"600\" \/>\n\t<meta property=\"og:image:type\" content=\"image\/jpeg\" \/>\n<script type=\"application\/ld+json\" class=\"yoast-schema-graph\">{\"@context\":\"https:\\\/\\\/schema.org\",\"@graph\":[{\"@type\":\"WebPage\",\"@id\":\"https:\\\/\\\/naturalpoland.com\\\/ko\\\/je-pum\\\/ui-yak-pum-won-ryo\\\/beo-seot-chu-chul-mul\\\/%ed%9d%b0%eb%aa%a9%ec%9d%b4%eb%b2%84%ec%84%af-%ec%b6%94%ec%b6%9c%eb%ac%bc\\\/\",\"url\":\"https:\\\/\\\/naturalpoland.com\\\/ko\\\/je-pum\\\/ui-yak-pum-won-ryo\\\/beo-seot-chu-chul-mul\\\/%ed%9d%b0%eb%aa%a9%ec%9d%b4%eb%b2%84%ec%84%af-%ec%b6%94%ec%b6%9c%eb%ac%bc\\\/\",\"name\":\"\ud770\ubaa9\uc774\ubc84\uc12f \ucd94\ucd9c\ubb3c - Hurtowy Dystrybutor\",\"isPartOf\":{\"@id\":\"https:\\\/\\\/naturalpoland.com\\\/ko\\\/#website\"},\"primaryImageOfPage\":{\"@id\":\"https:\\\/\\\/naturalpoland.com\\\/ko\\\/je-pum\\\/ui-yak-pum-won-ryo\\\/beo-seot-chu-chul-mul\\\/%ed%9d%b0%eb%aa%a9%ec%9d%b4%eb%b2%84%ec%84%af-%ec%b6%94%ec%b6%9c%eb%ac%bc\\\/#primaryimage\"},\"image\":{\"@id\":\"https:\\\/\\\/naturalpoland.com\\\/ko\\\/je-pum\\\/ui-yak-pum-won-ryo\\\/beo-seot-chu-chul-mul\\\/%ed%9d%b0%eb%aa%a9%ec%9d%b4%eb%b2%84%ec%84%af-%ec%b6%94%ec%b6%9c%eb%ac%bc\\\/#primaryimage\"},\"thumbnailUrl\":\"https:\\\/\\\/naturalpoland.com\\\/wp-content\\\/uploads\\\/grzyb-tremella.jpg\",\"datePublished\":\"2023-03-16T10:45:33+00:00\",\"dateModified\":\"2025-12-22T10:59:26+00:00\",\"description\":\"\ud770\ubaa9\uc774\ubc84\uc12f \ucd94\ucd9c\ubb3c\uc740 \ud48d\ubd80\ud55c \uc0dd\ubb3c\ud559\uc801 \ud2b9\uc131\uc744 \uc9c0\ub2c8\uace0 \uc788\uc73c\uba70, \uc544\uc2dc\uc544 \uc804\ud1b5 \uc758\ud559\uc5d0\uc11c \uc624\ub79c \uc0ac\uc6a9 \uc5ed\uc0ac\ub97c \uac00\uc9c4 \uc131\ubd84\uc785\ub2c8\ub2e4.\",\"breadcrumb\":{\"@id\":\"https:\\\/\\\/naturalpoland.com\\\/ko\\\/je-pum\\\/ui-yak-pum-won-ryo\\\/beo-seot-chu-chul-mul\\\/%ed%9d%b0%eb%aa%a9%ec%9d%b4%eb%b2%84%ec%84%af-%ec%b6%94%ec%b6%9c%eb%ac%bc\\\/#breadcrumb\"},\"inLanguage\":\"ko-KR\",\"potentialAction\":[{\"@type\":\"ReadAction\",\"target\":[\"https:\\\/\\\/naturalpoland.com\\\/ko\\\/je-pum\\\/ui-yak-pum-won-ryo\\\/beo-seot-chu-chul-mul\\\/%ed%9d%b0%eb%aa%a9%ec%9d%b4%eb%b2%84%ec%84%af-%ec%b6%94%ec%b6%9c%eb%ac%bc\\\/\"]}]},{\"@type\":\"ImageObject\",\"inLanguage\":\"ko-KR\",\"@id\":\"https:\\\/\\\/naturalpoland.com\\\/ko\\\/je-pum\\\/ui-yak-pum-won-ryo\\\/beo-seot-chu-chul-mul\\\/%ed%9d%b0%eb%aa%a9%ec%9d%b4%eb%b2%84%ec%84%af-%ec%b6%94%ec%b6%9c%eb%ac%bc\\\/#primaryimage\",\"url\":\"https:\\\/\\\/naturalpoland.com\\\/wp-content\\\/uploads\\\/grzyb-tremella.jpg\",\"contentUrl\":\"https:\\\/\\\/naturalpoland.com\\\/wp-content\\\/uploads\\\/grzyb-tremella.jpg\",\"width\":600,\"height\":600,\"caption\":\"\ud770\ubaa9\uc774\ubc84\uc12f\"},{\"@type\":\"BreadcrumbList\",\"@id\":\"https:\\\/\\\/naturalpoland.com\\\/ko\\\/je-pum\\\/ui-yak-pum-won-ryo\\\/beo-seot-chu-chul-mul\\\/%ed%9d%b0%eb%aa%a9%ec%9d%b4%eb%b2%84%ec%84%af-%ec%b6%94%ec%b6%9c%eb%ac%bc\\\/#breadcrumb\",\"itemListElement\":[{\"@type\":\"ListItem\",\"position\":1,\"name\":\"\ud648\",\"item\":\"https:\\\/\\\/naturalpoland.com\\\/ko\\\/\"},{\"@type\":\"ListItem\",\"position\":2,\"name\":\"\uc81c\ud488\",\"item\":\"https:\\\/\\\/naturalpoland.com\\\/ko\\\/%ec%a0%9c%ed%92%88\\\/\"},{\"@type\":\"ListItem\",\"position\":3,\"name\":\"\ud770\ubaa9\uc774\ubc84\uc12f \ucd94\ucd9c\ubb3c\"}]},{\"@type\":\"WebSite\",\"@id\":\"https:\\\/\\\/naturalpoland.com\\\/ko\\\/#website\",\"url\":\"https:\\\/\\\/naturalpoland.com\\\/ko\\\/\",\"name\":\"NATURAL POLAND - Hurtowy Dystrybutor Surowc\u00f3w\",\"description\":\"Surowce dla przemys\u0142u spo\u017cywczego, kosmetycznego i farmaceutycznego\",\"publisher\":{\"@id\":\"https:\\\/\\\/naturalpoland.com\\\/ko\\\/#organization\"},\"potentialAction\":[{\"@type\":\"SearchAction\",\"target\":{\"@type\":\"EntryPoint\",\"urlTemplate\":\"https:\\\/\\\/naturalpoland.com\\\/ko\\\/?s={search_term_string}\"},\"query-input\":{\"@type\":\"PropertyValueSpecification\",\"valueRequired\":true,\"valueName\":\"search_term_string\"}}],\"inLanguage\":\"ko-KR\"},{\"@type\":\"Organization\",\"@id\":\"https:\\\/\\\/naturalpoland.com\\\/ko\\\/#organization\",\"name\":\"Natural Poland\",\"url\":\"https:\\\/\\\/naturalpoland.com\\\/ko\\\/\",\"logo\":{\"@type\":\"ImageObject\",\"inLanguage\":\"ko-KR\",\"@id\":\"https:\\\/\\\/naturalpoland.com\\\/ko\\\/#\\\/schema\\\/logo\\\/image\\\/\",\"url\":\"https:\\\/\\\/naturalpoland.com\\\/wp-content\\\/uploads\\\/2021\\\/05\\\/natural-poland-icon.png\",\"contentUrl\":\"https:\\\/\\\/naturalpoland.com\\\/wp-content\\\/uploads\\\/2021\\\/05\\\/natural-poland-icon.png\",\"width\":512,\"height\":512,\"caption\":\"Natural Poland\"},\"image\":{\"@id\":\"https:\\\/\\\/naturalpoland.com\\\/ko\\\/#\\\/schema\\\/logo\\\/image\\\/\"},\"sameAs\":[\"https:\\\/\\\/www.facebook.com\\\/naturalpoland.b2b\",\"https:\\\/\\\/pl.linkedin.com\\\/company\\\/natural-poland\",\"https:\\\/\\\/www.youtube.com\\\/channel\\\/UCgeGGkvOMahZo-xu_MSEWxg\"]}]}<\/script>\n<!-- \/ Yoast SEO plugin. -->","yoast_head_json":{"title":"\ud770\ubaa9\uc774\ubc84\uc12f \ucd94\ucd9c\ubb3c - Hurtowy Dystrybutor","description":"\ud770\ubaa9\uc774\ubc84\uc12f \ucd94\ucd9c\ubb3c\uc740 \ud48d\ubd80\ud55c \uc0dd\ubb3c\ud559\uc801 \ud2b9\uc131\uc744 \uc9c0\ub2c8\uace0 \uc788\uc73c\uba70, \uc544\uc2dc\uc544 \uc804\ud1b5 \uc758\ud559\uc5d0\uc11c \uc624\ub79c \uc0ac\uc6a9 \uc5ed\uc0ac\ub97c \uac00\uc9c4 \uc131\ubd84\uc785\ub2c8\ub2e4.","robots":{"index":"index","follow":"follow","max-snippet":"max-snippet:-1","max-image-preview":"max-image-preview:large","max-video-preview":"max-video-preview:-1"},"canonical":"https:\/\/naturalpoland.com\/ko\/je-pum\/ui-yak-pum-won-ryo\/beo-seot-chu-chul-mul\/%ed%9d%b0%eb%aa%a9%ec%9d%b4%eb%b2%84%ec%84%af-%ec%b6%94%ec%b6%9c%eb%ac%bc\/","og_locale":"ko_KR","og_type":"article","og_title":"\ud770\ubaa9\uc774\ubc84\uc12f \ucd94\ucd9c\ubb3c - Hurtowy Dystrybutor","og_description":"\ud770\ubaa9\uc774\ubc84\uc12f \ucd94\ucd9c\ubb3c\uc740 \ud48d\ubd80\ud55c \uc0dd\ubb3c\ud559\uc801 \ud2b9\uc131\uc744 \uc9c0\ub2c8\uace0 \uc788\uc73c\uba70, \uc544\uc2dc\uc544 \uc804\ud1b5 \uc758\ud559\uc5d0\uc11c \uc624\ub79c \uc0ac\uc6a9 \uc5ed\uc0ac\ub97c \uac00\uc9c4 \uc131\ubd84\uc785\ub2c8\ub2e4.","og_url":"https:\/\/naturalpoland.com\/ko\/je-pum\/ui-yak-pum-won-ryo\/beo-seot-chu-chul-mul\/%ed%9d%b0%eb%aa%a9%ec%9d%b4%eb%b2%84%ec%84%af-%ec%b6%94%ec%b6%9c%eb%ac%bc\/","og_site_name":"NATURAL POLAND - Hurtowy Dystrybutor Surowc\u00f3w","article_publisher":"https:\/\/www.facebook.com\/naturalpoland.b2b","article_modified_time":"2025-12-22T10:59:26+00:00","og_image":[{"width":600,"height":600,"url":"https:\/\/naturalpoland.com\/wp-content\/uploads\/grzyb-tremella.jpg","type":"image\/jpeg"}],"schema":{"@context":"https:\/\/schema.org","@graph":[{"@type":"WebPage","@id":"https:\/\/naturalpoland.com\/ko\/je-pum\/ui-yak-pum-won-ryo\/beo-seot-chu-chul-mul\/%ed%9d%b0%eb%aa%a9%ec%9d%b4%eb%b2%84%ec%84%af-%ec%b6%94%ec%b6%9c%eb%ac%bc\/","url":"https:\/\/naturalpoland.com\/ko\/je-pum\/ui-yak-pum-won-ryo\/beo-seot-chu-chul-mul\/%ed%9d%b0%eb%aa%a9%ec%9d%b4%eb%b2%84%ec%84%af-%ec%b6%94%ec%b6%9c%eb%ac%bc\/","name":"\ud770\ubaa9\uc774\ubc84\uc12f \ucd94\ucd9c\ubb3c - Hurtowy Dystrybutor","isPartOf":{"@id":"https:\/\/naturalpoland.com\/ko\/#website"},"primaryImageOfPage":{"@id":"https:\/\/naturalpoland.com\/ko\/je-pum\/ui-yak-pum-won-ryo\/beo-seot-chu-chul-mul\/%ed%9d%b0%eb%aa%a9%ec%9d%b4%eb%b2%84%ec%84%af-%ec%b6%94%ec%b6%9c%eb%ac%bc\/#primaryimage"},"image":{"@id":"https:\/\/naturalpoland.com\/ko\/je-pum\/ui-yak-pum-won-ryo\/beo-seot-chu-chul-mul\/%ed%9d%b0%eb%aa%a9%ec%9d%b4%eb%b2%84%ec%84%af-%ec%b6%94%ec%b6%9c%eb%ac%bc\/#primaryimage"},"thumbnailUrl":"https:\/\/naturalpoland.com\/wp-content\/uploads\/grzyb-tremella.jpg","datePublished":"2023-03-16T10:45:33+00:00","dateModified":"2025-12-22T10:59:26+00:00","description":"\ud770\ubaa9\uc774\ubc84\uc12f \ucd94\ucd9c\ubb3c\uc740 \ud48d\ubd80\ud55c \uc0dd\ubb3c\ud559\uc801 \ud2b9\uc131\uc744 \uc9c0\ub2c8\uace0 \uc788\uc73c\uba70, \uc544\uc2dc\uc544 \uc804\ud1b5 \uc758\ud559\uc5d0\uc11c \uc624\ub79c \uc0ac\uc6a9 \uc5ed\uc0ac\ub97c \uac00\uc9c4 \uc131\ubd84\uc785\ub2c8\ub2e4.","breadcrumb":{"@id":"https:\/\/naturalpoland.com\/ko\/je-pum\/ui-yak-pum-won-ryo\/beo-seot-chu-chul-mul\/%ed%9d%b0%eb%aa%a9%ec%9d%b4%eb%b2%84%ec%84%af-%ec%b6%94%ec%b6%9c%eb%ac%bc\/#breadcrumb"},"inLanguage":"ko-KR","potentialAction":[{"@type":"ReadAction","target":["https:\/\/naturalpoland.com\/ko\/je-pum\/ui-yak-pum-won-ryo\/beo-seot-chu-chul-mul\/%ed%9d%b0%eb%aa%a9%ec%9d%b4%eb%b2%84%ec%84%af-%ec%b6%94%ec%b6%9c%eb%ac%bc\/"]}]},{"@type":"ImageObject","inLanguage":"ko-KR","@id":"https:\/\/naturalpoland.com\/ko\/je-pum\/ui-yak-pum-won-ryo\/beo-seot-chu-chul-mul\/%ed%9d%b0%eb%aa%a9%ec%9d%b4%eb%b2%84%ec%84%af-%ec%b6%94%ec%b6%9c%eb%ac%bc\/#primaryimage","url":"https:\/\/naturalpoland.com\/wp-content\/uploads\/grzyb-tremella.jpg","contentUrl":"https:\/\/naturalpoland.com\/wp-content\/uploads\/grzyb-tremella.jpg","width":600,"height":600,"caption":"\ud770\ubaa9\uc774\ubc84\uc12f"},{"@type":"BreadcrumbList","@id":"https:\/\/naturalpoland.com\/ko\/je-pum\/ui-yak-pum-won-ryo\/beo-seot-chu-chul-mul\/%ed%9d%b0%eb%aa%a9%ec%9d%b4%eb%b2%84%ec%84%af-%ec%b6%94%ec%b6%9c%eb%ac%bc\/#breadcrumb","itemListElement":[{"@type":"ListItem","position":1,"name":"\ud648","item":"https:\/\/naturalpoland.com\/ko\/"},{"@type":"ListItem","position":2,"name":"\uc81c\ud488","item":"https:\/\/naturalpoland.com\/ko\/%ec%a0%9c%ed%92%88\/"},{"@type":"ListItem","position":3,"name":"\ud770\ubaa9\uc774\ubc84\uc12f \ucd94\ucd9c\ubb3c"}]},{"@type":"WebSite","@id":"https:\/\/naturalpoland.com\/ko\/#website","url":"https:\/\/naturalpoland.com\/ko\/","name":"NATURAL POLAND - Hurtowy Dystrybutor Surowc\u00f3w","description":"Surowce dla przemys\u0142u spo\u017cywczego, kosmetycznego i farmaceutycznego","publisher":{"@id":"https:\/\/naturalpoland.com\/ko\/#organization"},"potentialAction":[{"@type":"SearchAction","target":{"@type":"EntryPoint","urlTemplate":"https:\/\/naturalpoland.com\/ko\/?s={search_term_string}"},"query-input":{"@type":"PropertyValueSpecification","valueRequired":true,"valueName":"search_term_string"}}],"inLanguage":"ko-KR"},{"@type":"Organization","@id":"https:\/\/naturalpoland.com\/ko\/#organization","name":"Natural Poland","url":"https:\/\/naturalpoland.com\/ko\/","logo":{"@type":"ImageObject","inLanguage":"ko-KR","@id":"https:\/\/naturalpoland.com\/ko\/#\/schema\/logo\/image\/","url":"https:\/\/naturalpoland.com\/wp-content\/uploads\/2021\/05\/natural-poland-icon.png","contentUrl":"https:\/\/naturalpoland.com\/wp-content\/uploads\/2021\/05\/natural-poland-icon.png","width":512,"height":512,"caption":"Natural Poland"},"image":{"@id":"https:\/\/naturalpoland.com\/ko\/#\/schema\/logo\/image\/"},"sameAs":["https:\/\/www.facebook.com\/naturalpoland.b2b","https:\/\/pl.linkedin.com\/company\/natural-poland","https:\/\/www.youtube.com\/channel\/UCgeGGkvOMahZo-xu_MSEWxg"]}]}},"_links":{"self":[{"href":"https:\/\/naturalpoland.com\/ko\/wp-json\/wp\/v2\/product\/44409","targetHints":{"allow":["GET"]}}],"collection":[{"href":"https:\/\/naturalpoland.com\/ko\/wp-json\/wp\/v2\/product"}],"about":[{"href":"https:\/\/naturalpoland.com\/ko\/wp-json\/wp\/v2\/types\/product"}],"wp:featuredmedia":[{"embeddable":true,"href":"https:\/\/naturalpoland.com\/ko\/wp-json\/wp\/v2\/media\/44410"}],"wp:attachment":[{"href":"https:\/\/naturalpoland.com\/ko\/wp-json\/wp\/v2\/media?parent=44409"}],"wp:term":[{"taxonomy":"product_brand","embeddable":true,"href":"https:\/\/naturalpoland.com\/ko\/wp-json\/wp\/v2\/product_brand?post=44409"},{"taxonomy":"product_cat","embeddable":true,"href":"https:\/\/naturalpoland.com\/ko\/wp-json\/wp\/v2\/product_cat?post=44409"},{"taxonomy":"product_tag","embeddable":true,"href":"https:\/\/naturalpoland.com\/ko\/wp-json\/wp\/v2\/product_tag?post=44409"}],"curies":[{"name":"wp","href":"https:\/\/api.w.org\/{rel}","templated":true}]}}