{"id":44430,"date":"2024-05-20T13:51:41","date_gmt":"2024-05-20T11:51:41","guid":{"rendered":"https:\/\/naturalpoland.com\/produkty\/uncategorized\/%ec%97%b0%ea%bd%83-%ec%9e%8e-%ea%bd%83-%ed%95%98%ec%9d%b4%eb%93%9c%eb%a1%9c%ec%a1%b8\/"},"modified":"2025-12-22T12:04:43","modified_gmt":"2025-12-22T11:04:43","slug":"%ec%97%b0%ea%bd%83-%ec%9e%8e-%ea%bd%83-%ed%95%98%ec%9d%b4%eb%93%9c%eb%a1%9c%ec%a1%b8","status":"publish","type":"product","link":"https:\/\/naturalpoland.com\/ko\/je-pum\/hwa-jang-pum-won-ryo\/ha-i-deu-ro-sol\/%ec%97%b0%ea%bd%83-%ec%9e%8e-%ea%bd%83-%ed%95%98%ec%9d%b4%eb%93%9c%eb%a1%9c%ec%a1%b8\/","title":{"rendered":"\uc5f0\uaf43 \uc78e\/\uaf43 \ud558\uc774\ub4dc\ub85c\uc878"},"content":{"rendered":"<p>\uc5f0\uaf43 \uc78e\/\uaf43 \ud558\uc774\ub4dc\ub85c\uc878\uc740 \ube44\ud0c0\ubbfc(\ud2b9\ud788 \ube44\ud0c0\ubbfc C), \ubbf8\ub124\ub784, \ud56d\uc0b0\ud654\uc81c \ubc0f \uae30\ud0c0 \uc0dd\uccb4 \ud65c\uc131 \ud654\ud569\ubb3c\uacfc \uac19\uc740 \ucc9c\uc5f0 \uc601\uc591 \uc131\ubd84\uc774 \ud48d\ubd80\ud558\uc5ec \ud53c\ubd80 \uac74\uac15\uacfc \ud65c\ub825\uc744 \uc99d\uc9c4\uc2dc\ud0b5\ub2c8\ub2e4. \uac00\ubccd\uace0 \uc218\ubd84\uac10 \uc788\ub294 \uc81c\ud615\uc73c\ub85c \ubcf4\uc2b5 \ubc0f \ud1a0\ub2dd \uc81c\ud488\uc758 \uc131\ubd84\uc73c\ub85c \uc774\uc0c1\uc801\uc785\ub2c8\ub2e4. <\/p>\n<h3>\uc5f0\uaf43 \uc78e \ub610\ub294 \uaf43 \ud558\uc774\ub4dc\ub85c\uc878\uc758 \ud6a8\ub2a5<\/h3>\n<p>\uc5f0\uaf43 \uc78e\/\uaf43 \ud558\uc774\ub4dc\ub85c\uc878\uc740 \ud53c\ubd80\uc5d0 \uc9d1\uc911\uc801\uc778 \uc218\ubd84\uc744 \uacf5\uae09\ud569\ub2c8\ub2e4. \ud53c\ubd80 \ud45c\uba74\uc5d0 \ubd80\ub4dc\ub7ec\uc6b4 \ubcf4\ud638\ub9c9\uc744 \ud615\uc131\ud558\uc5ec \uc218\ubd84 \uc720\uc9c0\uc5d0 \ub3c4\uc6c0\uc744 \uc90d\ub2c8\ub2e4. <\/p>\n<p>\uc9c4\uc815 \ud6a8\ub2a5 \ub355\ubd84\uc5d0 \uc774 \ud558\uc774\ub4dc\ub85c\uc878\uc740 \ubbfc\uac10\ud558\uace0 \uc790\uadf9\ubc1b\uc740 \ud53c\ubd80 \uad00\ub9ac\uc5d0 \uc774\uc0c1\uc801\uc785\ub2c8\ub2e4. \ubd89\uc740 \uae30\uc640 \uc790\uadf9 \uc644\ud654\uc5d0 \ub3c4\uc6c0\uc744 \uc904 \uc218 \uc788\uc2b5\ub2c8\ub2e4. <\/p>\n<p>\uc5f0\uaf43 \uc78e\/\uaf43 \ud558\uc774\ub4dc\ub85c\uc878\uc740 \ud53c\ubd80\ub97c \uc0c1\ucf8c\ud558\uac8c \ud558\uace0, \uae68\ub057\ud558\uace0 \uac00\ubcbc\uc6b4 \ub290\ub08c\uc744 \ub0a8\uae41\ub2c8\ub2e4. \ud2b9\ud788 \ub530\ub73b\ud55c \uc5ec\ub984\ub0a0 \ud53c\ubd80\uc5d0 \ud65c\ub825\uc744 \ubd88\uc5b4\ub123\ub294 \ud1a0\ub108\ub85c \uc88b\uc2b5\ub2c8\ub2e4. <\/p>\n<h3>\ud654\uc7a5\ud488\uc5d0\uc11c\uc758 \ud65c\uc6a9<\/h3>\n<p>\uc5f0\uaf43 \uc78e\/\uaf43 \ud558\uc774\ub4dc\ub85c\uc878\uc740 \ub2e4\uc591\ud55c \ud654\uc7a5\ud488\uc5d0 \ud65c\uc6a9\ub429\ub2c8\ub2e4. \ud1a0\ub108, \ud398\uc774\uc2a4 \ubbf8\uc2a4\ud2b8, \ubcf4\uc2b5 \uc138\ub7fc \ub4f1\uc758 \uc131\ubd84\uc73c\ub85c \uc0ac\uc6a9\ub420 \uc218 \uc788\uc2b5\ub2c8\ub2e4. \uc560\ud504\ud130 \uc120 \uc81c\ud488\uc5d0\uc11c\ub294 \uc9c4\uc815 \ubc0f \uc0c1\ucf8c\ud55c \ud6a8\ub2a5\uc774 \ud2b9\ud788 \uc911\uc694\ud569\ub2c8\ub2e4. \ub610\ud55c, \ud56d\uc0b0\ud654 \ud6a8\ub2a5\uc73c\ub85c \ud53c\ubd80\ub97c \uc870\uae30 \ub178\ud654\ub85c\ubd80\ud130 \ubcf4\ud638\ud558\ub294 \ub370 \ub3c4\uc6c0\uc744 \uc90d\ub2c8\ub2e4.   <\/p>\n","protected":false},"excerpt":{"rendered":"<p>\uc5f0\uaf43 \uc78e\/\uaf43 \ud558\uc774\ub4dc\ub85c\uc878\uc740 \uc778\ub958 \uc5ed\uc0ac\uc0c1 \uac00\uc7a5 \uc2dc\uc801\uc774\uace0 \uc0c1\uc9d5\uc801\uc778 \uc2dd\ubb3c \uc911 \ud558\ub098\uc778 \uc5f0\uaf43\uc758 \uc78e\uc5d0\uc11c \ucd94\ucd9c\ub41c \ubd80\ub4dc\ub7ec\uc6b4 \uc218\uc131 \ucd94\ucd9c\ubb3c\uc785\ub2c8\ub2e4. \uc5f0\uaf43\uc740 \uc815\ud654 \ubc0f \uc9c4\uc815 \ud6a8\ub2a5\uc73c\ub85c \uc798 \uc54c\ub824\uc838 \uc788\uc2b5\ub2c8\ub2e4.<\/p>\n","protected":false},"featured_media":44431,"template":"","meta":{"_acf_changed":false},"product_brand":[],"product_cat":[8150],"product_tag":[],"class_list":{"0":"post-44430","1":"product","2":"type-product","3":"status-publish","4":"has-post-thumbnail","6":"product_cat-ha-i-deu-ro-sol","7":"pa_grupa-substancji-8209","9":"first","10":"instock","11":"shipping-taxable","12":"product-type-simple"},"acf":[],"yoast_head":"<!-- This site is optimized with the Yoast SEO plugin v27.5 - https:\/\/yoast.com\/product\/yoast-seo-wordpress\/ -->\n<title>NATURAL POLAND &#8211; Hurtowy Dystrybutor Surowc\u00f3w<\/title>\n<meta name=\"description\" content=\"\uc5f0\uaf43 \uc78e\/\uaf43 \ud558\uc774\ub4dc\ub85c\uc878\uc740 \ubcf4\uc2b5, \uc9c4\uc815 \ubc0f \uc0c1\ucf8c\ud55c \ud2b9\uc131\uc73c\ub85c \ub192\uc774 \ud3c9\uac00\ubc1b\ub294 \ub3c5\ud2b9\ud55c \ud654\uc7a5\ud488 \uc6d0\ub8cc\uc785\ub2c8\ub2e4.\" \/>\n<meta name=\"robots\" content=\"index, follow, max-snippet:-1, max-image-preview:large, max-video-preview:-1\" \/>\n<link rel=\"canonical\" href=\"https:\/\/naturalpoland.com\/ko\/je-pum\/hwa-jang-pum-won-ryo\/ha-i-deu-ro-sol\/%ec%97%b0%ea%bd%83-%ec%9e%8e-%ea%bd%83-%ed%95%98%ec%9d%b4%eb%93%9c%eb%a1%9c%ec%a1%b8\/\" \/>\n<meta property=\"og:locale\" content=\"ko_KR\" \/>\n<meta property=\"og:type\" content=\"article\" \/>\n<meta property=\"og:description\" content=\"\uc5f0\uaf43 \uc78e\/\uaf43 \ud558\uc774\ub4dc\ub85c\uc878\uc740 \ubcf4\uc2b5, \uc9c4\uc815 \ubc0f \uc0c1\ucf8c\ud55c \ud2b9\uc131\uc73c\ub85c \ub192\uc774 \ud3c9\uac00\ubc1b\ub294 \ub3c5\ud2b9\ud55c \ud654\uc7a5\ud488 \uc6d0\ub8cc\uc785\ub2c8\ub2e4.\" \/>\n<meta property=\"og:url\" content=\"https:\/\/naturalpoland.com\/ko\/je-pum\/hwa-jang-pum-won-ryo\/ha-i-deu-ro-sol\/%ec%97%b0%ea%bd%83-%ec%9e%8e-%ea%bd%83-%ed%95%98%ec%9d%b4%eb%93%9c%eb%a1%9c%ec%a1%b8\/\" \/>\n<meta property=\"og:site_name\" content=\"NATURAL POLAND - Hurtowy Dystrybutor Surowc\u00f3w\" \/>\n<meta property=\"article:publisher\" content=\"https:\/\/www.facebook.com\/naturalpoland.b2b\" \/>\n<meta property=\"article:modified_time\" content=\"2025-12-22T11:04:43+00:00\" \/>\n<meta property=\"og:image\" content=\"https:\/\/naturalpoland.com\/wp-content\/uploads\/hydrolat-z-lisci-lotosu.webp\" \/>\n\t<meta property=\"og:image:width\" content=\"611\" \/>\n\t<meta property=\"og:image:height\" content=\"611\" \/>\n\t<meta property=\"og:image:type\" content=\"image\/webp\" \/>\n<script type=\"application\/ld+json\" class=\"yoast-schema-graph\">{\"@context\":\"https:\\\/\\\/schema.org\",\"@graph\":[{\"@type\":\"WebPage\",\"@id\":\"https:\\\/\\\/naturalpoland.com\\\/ko\\\/je-pum\\\/hwa-jang-pum-won-ryo\\\/ha-i-deu-ro-sol\\\/%ec%97%b0%ea%bd%83-%ec%9e%8e-%ea%bd%83-%ed%95%98%ec%9d%b4%eb%93%9c%eb%a1%9c%ec%a1%b8\\\/\",\"url\":\"https:\\\/\\\/naturalpoland.com\\\/ko\\\/je-pum\\\/hwa-jang-pum-won-ryo\\\/ha-i-deu-ro-sol\\\/%ec%97%b0%ea%bd%83-%ec%9e%8e-%ea%bd%83-%ed%95%98%ec%9d%b4%eb%93%9c%eb%a1%9c%ec%a1%b8\\\/\",\"name\":\"\",\"isPartOf\":{\"@id\":\"https:\\\/\\\/naturalpoland.com\\\/ko\\\/#website\"},\"primaryImageOfPage\":{\"@id\":\"https:\\\/\\\/naturalpoland.com\\\/ko\\\/je-pum\\\/hwa-jang-pum-won-ryo\\\/ha-i-deu-ro-sol\\\/%ec%97%b0%ea%bd%83-%ec%9e%8e-%ea%bd%83-%ed%95%98%ec%9d%b4%eb%93%9c%eb%a1%9c%ec%a1%b8\\\/#primaryimage\"},\"image\":{\"@id\":\"https:\\\/\\\/naturalpoland.com\\\/ko\\\/je-pum\\\/hwa-jang-pum-won-ryo\\\/ha-i-deu-ro-sol\\\/%ec%97%b0%ea%bd%83-%ec%9e%8e-%ea%bd%83-%ed%95%98%ec%9d%b4%eb%93%9c%eb%a1%9c%ec%a1%b8\\\/#primaryimage\"},\"thumbnailUrl\":\"https:\\\/\\\/naturalpoland.com\\\/wp-content\\\/uploads\\\/hydrolat-z-lisci-lotosu.webp\",\"datePublished\":\"2024-05-20T11:51:41+00:00\",\"dateModified\":\"2025-12-22T11:04:43+00:00\",\"description\":\"\uc5f0\uaf43 \uc78e\\\/\uaf43 \ud558\uc774\ub4dc\ub85c\uc878\uc740 \ubcf4\uc2b5, \uc9c4\uc815 \ubc0f \uc0c1\ucf8c\ud55c \ud2b9\uc131\uc73c\ub85c \ub192\uc774 \ud3c9\uac00\ubc1b\ub294 \ub3c5\ud2b9\ud55c \ud654\uc7a5\ud488 \uc6d0\ub8cc\uc785\ub2c8\ub2e4.\",\"breadcrumb\":{\"@id\":\"https:\\\/\\\/naturalpoland.com\\\/ko\\\/je-pum\\\/hwa-jang-pum-won-ryo\\\/ha-i-deu-ro-sol\\\/%ec%97%b0%ea%bd%83-%ec%9e%8e-%ea%bd%83-%ed%95%98%ec%9d%b4%eb%93%9c%eb%a1%9c%ec%a1%b8\\\/#breadcrumb\"},\"inLanguage\":\"ko-KR\",\"potentialAction\":[{\"@type\":\"ReadAction\",\"target\":[\"https:\\\/\\\/naturalpoland.com\\\/ko\\\/je-pum\\\/hwa-jang-pum-won-ryo\\\/ha-i-deu-ro-sol\\\/%ec%97%b0%ea%bd%83-%ec%9e%8e-%ea%bd%83-%ed%95%98%ec%9d%b4%eb%93%9c%eb%a1%9c%ec%a1%b8\\\/\"]}]},{\"@type\":\"ImageObject\",\"inLanguage\":\"ko-KR\",\"@id\":\"https:\\\/\\\/naturalpoland.com\\\/ko\\\/je-pum\\\/hwa-jang-pum-won-ryo\\\/ha-i-deu-ro-sol\\\/%ec%97%b0%ea%bd%83-%ec%9e%8e-%ea%bd%83-%ed%95%98%ec%9d%b4%eb%93%9c%eb%a1%9c%ec%a1%b8\\\/#primaryimage\",\"url\":\"https:\\\/\\\/naturalpoland.com\\\/wp-content\\\/uploads\\\/hydrolat-z-lisci-lotosu.webp\",\"contentUrl\":\"https:\\\/\\\/naturalpoland.com\\\/wp-content\\\/uploads\\\/hydrolat-z-lisci-lotosu.webp\",\"width\":611,\"height\":611,\"caption\":\"\uc5f0\uaf43 \uaf43\uc78e \ud558\uc774\ub4dc\ub85c\uc878\"},{\"@type\":\"BreadcrumbList\",\"@id\":\"https:\\\/\\\/naturalpoland.com\\\/ko\\\/je-pum\\\/hwa-jang-pum-won-ryo\\\/ha-i-deu-ro-sol\\\/%ec%97%b0%ea%bd%83-%ec%9e%8e-%ea%bd%83-%ed%95%98%ec%9d%b4%eb%93%9c%eb%a1%9c%ec%a1%b8\\\/#breadcrumb\",\"itemListElement\":[{\"@type\":\"ListItem\",\"position\":1,\"name\":\"\ud648\",\"item\":\"https:\\\/\\\/naturalpoland.com\\\/ko\\\/\"},{\"@type\":\"ListItem\",\"position\":2,\"name\":\"\uc81c\ud488\",\"item\":\"https:\\\/\\\/naturalpoland.com\\\/ko\\\/%ec%a0%9c%ed%92%88\\\/\"},{\"@type\":\"ListItem\",\"position\":3,\"name\":\"\uc5f0\uaf43 \uc78e\\\/\uaf43 \ud558\uc774\ub4dc\ub85c\uc878\"}]},{\"@type\":\"WebSite\",\"@id\":\"https:\\\/\\\/naturalpoland.com\\\/ko\\\/#website\",\"url\":\"https:\\\/\\\/naturalpoland.com\\\/ko\\\/\",\"name\":\"NATURAL POLAND - Hurtowy Dystrybutor Surowc\u00f3w\",\"description\":\"Surowce dla przemys\u0142u spo\u017cywczego, kosmetycznego i farmaceutycznego\",\"publisher\":{\"@id\":\"https:\\\/\\\/naturalpoland.com\\\/ko\\\/#organization\"},\"potentialAction\":[{\"@type\":\"SearchAction\",\"target\":{\"@type\":\"EntryPoint\",\"urlTemplate\":\"https:\\\/\\\/naturalpoland.com\\\/ko\\\/?s={search_term_string}\"},\"query-input\":{\"@type\":\"PropertyValueSpecification\",\"valueRequired\":true,\"valueName\":\"search_term_string\"}}],\"inLanguage\":\"ko-KR\"},{\"@type\":\"Organization\",\"@id\":\"https:\\\/\\\/naturalpoland.com\\\/ko\\\/#organization\",\"name\":\"Natural Poland\",\"url\":\"https:\\\/\\\/naturalpoland.com\\\/ko\\\/\",\"logo\":{\"@type\":\"ImageObject\",\"inLanguage\":\"ko-KR\",\"@id\":\"https:\\\/\\\/naturalpoland.com\\\/ko\\\/#\\\/schema\\\/logo\\\/image\\\/\",\"url\":\"https:\\\/\\\/naturalpoland.com\\\/wp-content\\\/uploads\\\/2021\\\/05\\\/natural-poland-icon.png\",\"contentUrl\":\"https:\\\/\\\/naturalpoland.com\\\/wp-content\\\/uploads\\\/2021\\\/05\\\/natural-poland-icon.png\",\"width\":512,\"height\":512,\"caption\":\"Natural Poland\"},\"image\":{\"@id\":\"https:\\\/\\\/naturalpoland.com\\\/ko\\\/#\\\/schema\\\/logo\\\/image\\\/\"},\"sameAs\":[\"https:\\\/\\\/www.facebook.com\\\/naturalpoland.b2b\",\"https:\\\/\\\/pl.linkedin.com\\\/company\\\/natural-poland\",\"https:\\\/\\\/www.youtube.com\\\/channel\\\/UCgeGGkvOMahZo-xu_MSEWxg\"]}]}<\/script>\n<!-- \/ Yoast SEO plugin. -->","yoast_head_json":{"title":"NATURAL POLAND &#8211; Hurtowy Dystrybutor Surowc\u00f3w","description":"\uc5f0\uaf43 \uc78e\/\uaf43 \ud558\uc774\ub4dc\ub85c\uc878\uc740 \ubcf4\uc2b5, \uc9c4\uc815 \ubc0f \uc0c1\ucf8c\ud55c \ud2b9\uc131\uc73c\ub85c \ub192\uc774 \ud3c9\uac00\ubc1b\ub294 \ub3c5\ud2b9\ud55c \ud654\uc7a5\ud488 \uc6d0\ub8cc\uc785\ub2c8\ub2e4.","robots":{"index":"index","follow":"follow","max-snippet":"max-snippet:-1","max-image-preview":"max-image-preview:large","max-video-preview":"max-video-preview:-1"},"canonical":"https:\/\/naturalpoland.com\/ko\/je-pum\/hwa-jang-pum-won-ryo\/ha-i-deu-ro-sol\/%ec%97%b0%ea%bd%83-%ec%9e%8e-%ea%bd%83-%ed%95%98%ec%9d%b4%eb%93%9c%eb%a1%9c%ec%a1%b8\/","og_locale":"ko_KR","og_type":"article","og_description":"\uc5f0\uaf43 \uc78e\/\uaf43 \ud558\uc774\ub4dc\ub85c\uc878\uc740 \ubcf4\uc2b5, \uc9c4\uc815 \ubc0f \uc0c1\ucf8c\ud55c \ud2b9\uc131\uc73c\ub85c \ub192\uc774 \ud3c9\uac00\ubc1b\ub294 \ub3c5\ud2b9\ud55c \ud654\uc7a5\ud488 \uc6d0\ub8cc\uc785\ub2c8\ub2e4.","og_url":"https:\/\/naturalpoland.com\/ko\/je-pum\/hwa-jang-pum-won-ryo\/ha-i-deu-ro-sol\/%ec%97%b0%ea%bd%83-%ec%9e%8e-%ea%bd%83-%ed%95%98%ec%9d%b4%eb%93%9c%eb%a1%9c%ec%a1%b8\/","og_site_name":"NATURAL POLAND - Hurtowy Dystrybutor Surowc\u00f3w","article_publisher":"https:\/\/www.facebook.com\/naturalpoland.b2b","article_modified_time":"2025-12-22T11:04:43+00:00","og_image":[{"width":611,"height":611,"url":"https:\/\/naturalpoland.com\/wp-content\/uploads\/hydrolat-z-lisci-lotosu.webp","type":"image\/webp"}],"schema":{"@context":"https:\/\/schema.org","@graph":[{"@type":"WebPage","@id":"https:\/\/naturalpoland.com\/ko\/je-pum\/hwa-jang-pum-won-ryo\/ha-i-deu-ro-sol\/%ec%97%b0%ea%bd%83-%ec%9e%8e-%ea%bd%83-%ed%95%98%ec%9d%b4%eb%93%9c%eb%a1%9c%ec%a1%b8\/","url":"https:\/\/naturalpoland.com\/ko\/je-pum\/hwa-jang-pum-won-ryo\/ha-i-deu-ro-sol\/%ec%97%b0%ea%bd%83-%ec%9e%8e-%ea%bd%83-%ed%95%98%ec%9d%b4%eb%93%9c%eb%a1%9c%ec%a1%b8\/","name":"","isPartOf":{"@id":"https:\/\/naturalpoland.com\/ko\/#website"},"primaryImageOfPage":{"@id":"https:\/\/naturalpoland.com\/ko\/je-pum\/hwa-jang-pum-won-ryo\/ha-i-deu-ro-sol\/%ec%97%b0%ea%bd%83-%ec%9e%8e-%ea%bd%83-%ed%95%98%ec%9d%b4%eb%93%9c%eb%a1%9c%ec%a1%b8\/#primaryimage"},"image":{"@id":"https:\/\/naturalpoland.com\/ko\/je-pum\/hwa-jang-pum-won-ryo\/ha-i-deu-ro-sol\/%ec%97%b0%ea%bd%83-%ec%9e%8e-%ea%bd%83-%ed%95%98%ec%9d%b4%eb%93%9c%eb%a1%9c%ec%a1%b8\/#primaryimage"},"thumbnailUrl":"https:\/\/naturalpoland.com\/wp-content\/uploads\/hydrolat-z-lisci-lotosu.webp","datePublished":"2024-05-20T11:51:41+00:00","dateModified":"2025-12-22T11:04:43+00:00","description":"\uc5f0\uaf43 \uc78e\/\uaf43 \ud558\uc774\ub4dc\ub85c\uc878\uc740 \ubcf4\uc2b5, \uc9c4\uc815 \ubc0f \uc0c1\ucf8c\ud55c \ud2b9\uc131\uc73c\ub85c \ub192\uc774 \ud3c9\uac00\ubc1b\ub294 \ub3c5\ud2b9\ud55c \ud654\uc7a5\ud488 \uc6d0\ub8cc\uc785\ub2c8\ub2e4.","breadcrumb":{"@id":"https:\/\/naturalpoland.com\/ko\/je-pum\/hwa-jang-pum-won-ryo\/ha-i-deu-ro-sol\/%ec%97%b0%ea%bd%83-%ec%9e%8e-%ea%bd%83-%ed%95%98%ec%9d%b4%eb%93%9c%eb%a1%9c%ec%a1%b8\/#breadcrumb"},"inLanguage":"ko-KR","potentialAction":[{"@type":"ReadAction","target":["https:\/\/naturalpoland.com\/ko\/je-pum\/hwa-jang-pum-won-ryo\/ha-i-deu-ro-sol\/%ec%97%b0%ea%bd%83-%ec%9e%8e-%ea%bd%83-%ed%95%98%ec%9d%b4%eb%93%9c%eb%a1%9c%ec%a1%b8\/"]}]},{"@type":"ImageObject","inLanguage":"ko-KR","@id":"https:\/\/naturalpoland.com\/ko\/je-pum\/hwa-jang-pum-won-ryo\/ha-i-deu-ro-sol\/%ec%97%b0%ea%bd%83-%ec%9e%8e-%ea%bd%83-%ed%95%98%ec%9d%b4%eb%93%9c%eb%a1%9c%ec%a1%b8\/#primaryimage","url":"https:\/\/naturalpoland.com\/wp-content\/uploads\/hydrolat-z-lisci-lotosu.webp","contentUrl":"https:\/\/naturalpoland.com\/wp-content\/uploads\/hydrolat-z-lisci-lotosu.webp","width":611,"height":611,"caption":"\uc5f0\uaf43 \uaf43\uc78e \ud558\uc774\ub4dc\ub85c\uc878"},{"@type":"BreadcrumbList","@id":"https:\/\/naturalpoland.com\/ko\/je-pum\/hwa-jang-pum-won-ryo\/ha-i-deu-ro-sol\/%ec%97%b0%ea%bd%83-%ec%9e%8e-%ea%bd%83-%ed%95%98%ec%9d%b4%eb%93%9c%eb%a1%9c%ec%a1%b8\/#breadcrumb","itemListElement":[{"@type":"ListItem","position":1,"name":"\ud648","item":"https:\/\/naturalpoland.com\/ko\/"},{"@type":"ListItem","position":2,"name":"\uc81c\ud488","item":"https:\/\/naturalpoland.com\/ko\/%ec%a0%9c%ed%92%88\/"},{"@type":"ListItem","position":3,"name":"\uc5f0\uaf43 \uc78e\/\uaf43 \ud558\uc774\ub4dc\ub85c\uc878"}]},{"@type":"WebSite","@id":"https:\/\/naturalpoland.com\/ko\/#website","url":"https:\/\/naturalpoland.com\/ko\/","name":"NATURAL POLAND - Hurtowy Dystrybutor Surowc\u00f3w","description":"Surowce dla przemys\u0142u spo\u017cywczego, kosmetycznego i farmaceutycznego","publisher":{"@id":"https:\/\/naturalpoland.com\/ko\/#organization"},"potentialAction":[{"@type":"SearchAction","target":{"@type":"EntryPoint","urlTemplate":"https:\/\/naturalpoland.com\/ko\/?s={search_term_string}"},"query-input":{"@type":"PropertyValueSpecification","valueRequired":true,"valueName":"search_term_string"}}],"inLanguage":"ko-KR"},{"@type":"Organization","@id":"https:\/\/naturalpoland.com\/ko\/#organization","name":"Natural Poland","url":"https:\/\/naturalpoland.com\/ko\/","logo":{"@type":"ImageObject","inLanguage":"ko-KR","@id":"https:\/\/naturalpoland.com\/ko\/#\/schema\/logo\/image\/","url":"https:\/\/naturalpoland.com\/wp-content\/uploads\/2021\/05\/natural-poland-icon.png","contentUrl":"https:\/\/naturalpoland.com\/wp-content\/uploads\/2021\/05\/natural-poland-icon.png","width":512,"height":512,"caption":"Natural Poland"},"image":{"@id":"https:\/\/naturalpoland.com\/ko\/#\/schema\/logo\/image\/"},"sameAs":["https:\/\/www.facebook.com\/naturalpoland.b2b","https:\/\/pl.linkedin.com\/company\/natural-poland","https:\/\/www.youtube.com\/channel\/UCgeGGkvOMahZo-xu_MSEWxg"]}]}},"_links":{"self":[{"href":"https:\/\/naturalpoland.com\/ko\/wp-json\/wp\/v2\/product\/44430","targetHints":{"allow":["GET"]}}],"collection":[{"href":"https:\/\/naturalpoland.com\/ko\/wp-json\/wp\/v2\/product"}],"about":[{"href":"https:\/\/naturalpoland.com\/ko\/wp-json\/wp\/v2\/types\/product"}],"wp:featuredmedia":[{"embeddable":true,"href":"https:\/\/naturalpoland.com\/ko\/wp-json\/wp\/v2\/media\/44431"}],"wp:attachment":[{"href":"https:\/\/naturalpoland.com\/ko\/wp-json\/wp\/v2\/media?parent=44430"}],"wp:term":[{"taxonomy":"product_brand","embeddable":true,"href":"https:\/\/naturalpoland.com\/ko\/wp-json\/wp\/v2\/product_brand?post=44430"},{"taxonomy":"product_cat","embeddable":true,"href":"https:\/\/naturalpoland.com\/ko\/wp-json\/wp\/v2\/product_cat?post=44430"},{"taxonomy":"product_tag","embeddable":true,"href":"https:\/\/naturalpoland.com\/ko\/wp-json\/wp\/v2\/product_tag?post=44430"}],"curies":[{"name":"wp","href":"https:\/\/api.w.org\/{rel}","templated":true}]}}