{"id":44445,"date":"2021-05-11T13:49:22","date_gmt":"2021-05-11T11:49:22","guid":{"rendered":"https:\/\/naturalpoland.com\/produkty\/uncategorized\/%ec%95%84%eb%b3%b4%ec%b9%b4%eb%8f%84-%ec%98%a4%ec%9d%bc\/"},"modified":"2025-12-22T12:08:07","modified_gmt":"2025-12-22T11:08:07","slug":"%ec%95%84%eb%b3%b4%ec%b9%b4%eb%8f%84-%ec%98%a4%ec%9d%bc","status":"publish","type":"product","link":"https:\/\/naturalpoland.com\/ko\/je-pum\/sig-yong-mit-hwa-jang-pum-yong-o-il\/%ec%95%84%eb%b3%b4%ec%b9%b4%eb%8f%84-%ec%98%a4%ec%9d%bc\/","title":{"rendered":"\uc544\ubcf4\uce74\ub3c4 \uc624\uc77c"},"content":{"rendered":"<p>\uc544\ubcf4\uce74\ub3c4 \uc624\uc77c\uc740 \uacfc\uc721\uc5d0\uc11c \ucd94\ucd9c\ub429\ub2c8\ub2e4. \uc720\uc775\ud55c \uc131\ubd84\uc744 \ucd5c\ub300\ud55c \ubcf4\uc874\ud558\ub3c4\ub85d \uc555\ucc29\ub429\ub2c8\ub2e4. \ubd88\ud3ec\ud654 \uc9c0\ubc29\uc774 \ud48d\ubd80\ud558\uba70, \uc8fc\uc694 \uc131\ubd84\uc778 \uc62c\ub808\uc0b0\uc740 \uc2ec\ud608\uad00 \uc9c8\ud658 \uce58\ub8cc\uc5d0 \ud65c\uc6a9\ub429\ub2c8\ub2e4. \uc88b\uc740 \uc9c0\ubc29\uc758 \ub192\uc740 \ud568\ub7c9\uc740 \ud53c\ubd80\uc640 \ubaa8\ubc1c \uac74\uac15 \uac1c\uc120, \ubcf4\uc2b5\ub825 \uc99d\uc9c4, \uc678\ubaa8 \uac1c\uc120\uc5d0\ub3c4 \uae30\uc5ec\ud569\ub2c8\ub2e4.    <\/p>\n<h1>\uc544\ubcf4\uce74\ub3c4 \uc624\uc77c &#8211; \ud2b9\uc131 \ubc0f \ud654\uc7a5\ud488 \ud65c\uc6a9<\/h1>\n<p>\uc544\ubcf4\uce74\ub3c4\ub294 \uc138\uacc4\uc5d0\uc11c \uac00\uc7a5 \uac74\uac15\ud55c \uacfc\uc77c \uc911 \ud558\ub098\ub85c \uc5ec\uaca8\uc9d1\ub2c8\ub2e4. \ud558\uc9c0\ub9cc \uadf8 \ud2b9\ubcc4\ud55c \ud6a8\ub2a5\uc740 \uacfc\uc77c \uc790\uccb4\ub97c \uc12d\ucde8\ud558\ub294 \uac83 \uc678\uc5d0\ub3c4 \ub204\ub9b4 \uc218 \uc788\uc2b5\ub2c8\ub2e4. \uc544\ubcf4\uce74\ub3c4 \uc624\uc77c\uc740 \uc694\ub9ac, \uc790\uc5f0 \uc694\ubc95, \uadf8\ub9ac\uace0 \ud654\uc7a5\ud488\uc5d0 \ud65c\uc6a9\ub429\ub2c8\ub2e4.  <\/p>\n<h2>\uc544\ubcf4\uce74\ub3c4 \uc624\uc77c \u2013 \ud654\ud559 \uc131\ubd84<\/h2>\n<p>\ub300\ubd80\ubd84\uc758 \uc2dd\ubb3c\uc131 \uc624\uc77c\uacfc \ub2ec\ub9ac, \uc544\ubcf4\uce74\ub3c4 \uc624\uc77c\uc740 \uc528\uc557\uc774 \uc544\ub2cc \uacfc\uc721\uc5d0\uc11c \ucd94\ucd9c\ub429\ub2c8\ub2e4. \ub0c9\uc555\ucc29 \ubc29\uc2dd(\uac00\uc7a5 \ub9ce\uc740 \uac74\uac15 \ud6a8\ub2a5\uc744 \ubcf4\uc874)\uacfc \uace0\uc628 \uc815\uc81c, \ud6a8\uc18c \ub610\ub294 \uc720\uae30 \uc6a9\ub9e4\ub97c \uc774\uc6a9\ud55c \uc815\uc81c \ubc29\uc2dd\uc73c\ub85c \uc5bb\uc744 \uc218 \uc788\uc2b5\ub2c8\ub2e4. <\/p>\n<p>\uc544\ubcf4\uce74\ub3c4 \uc624\uc77c\uc5d0\ub294 \ub2e4\uc591\ud55c <strong><a href=\"https:\/\/naturalpoland.com\/ko\/ka-te-go-ri\/ui-yak-pum-won-ryo\/bi-ta-min\/\">\ube44\ud0c0\ubbfc<\/a><\/strong>(\ube44\ud0c0\ubbfc A, B\uad70(B1, B2, B3, B5, B6, B7), D, E, K)\uacfc \uc601\uc591\uc744 \uacf5\uae09\ud558\ub294 \ubbf8\ub124\ub784\uc774 \ud568\uc720\ub418\uc5b4 \uc788\uc2b5\ub2c8\ub2e4. \ub2e4\ub978 \uc624\uc77c\uacfc \ub9c8\ucc2c\uac00\uc9c0\ub85c \uadc0\uc911\ud55c \uc9c0\ubc29\uc0b0\ub3c4 \ud3ec\ud568\ud569\ub2c8\ub2e4. \ud3ec\ud654 \uc9c0\ubc29\uc0b0(\ud314\ubbf8\ud2b8\uc0b0, \uc2a4\ud14c\uc544\ub974\uc0b0)\uacfc \uc624\uba54\uac00-3, \uc624\uba54\uac00-6, \uc624\uba54\uac00-9 \uc9c0\ubc29\uc0b0(\uc62c\ub808\uc0b0, \ub9ac\ub180\ub808\uc0b0, \ub9ac\ub180\ub80c\uc0b0 \ub4f1)\uc774 \uc788\uc2b5\ub2c8\ub2e4. \ub610\ud55c \ub808\uc2dc\ud2f4, \ud53c\ud1a0\uc2a4\ud14c\ub864, \ub2e8\ubc31\uc9c8, <strong><a href=\"https:\/\/naturalpoland.pl\/produkty\/produkty-dla-przemyslu-kosmetycznego\/surowce-kosmetyczne\/skwalan-z-trzciny-cukrowej\/\">\uc2a4\ucfe0\uc54c\ub780<\/a><\/strong>\ub3c4 \ud568\uc720\ub418\uc5b4 \uc788\uc2b5\ub2c8\ub2e4.   <\/p>\n<h3>\uc9c0\ubc29\uc0b0 \ud568\ub7c9<\/h3>\n<table>\n<tbody>\n<tr>\n<th>\uc0b0 \uc774\ub984<\/th>\n<th>C-CHAIN<\/th>\n<th>\ubc94\uc704 (%)<\/th>\n<\/tr>\n<tr>\n<td>PALMITIC<\/td>\n<td>C16:0<\/td>\n<td>5.0 \u2013 25.0<\/td>\n<\/tr>\n<tr>\n<td>PALMITOLEIC<\/td>\n<td>C16:1<\/td>\n<td>1.0 \u2013 12.0<\/td>\n<\/tr>\n<tr>\n<td>STEARIC<\/td>\n<td>C18:0<\/td>\n<td>\u22643.0<\/td>\n<\/tr>\n<tr>\n<td>OLEIC<\/td>\n<td>C18:1<\/td>\n<td>50.0 \u2013 74.0<\/td>\n<\/tr>\n<tr>\n<td>LINOLEIC<\/td>\n<td>C18:2<\/td>\n<td>6.0 \u2013 20.0<\/td>\n<\/tr>\n<tr>\n<td>LINOLENIC<\/td>\n<td>C18:3<\/td>\n<td>&lt; 3.0<\/td>\n<\/tr>\n<\/tbody>\n<\/table>\n<h2>\uc544\ubcf4\uce74\ub3c4 \uc624\uc77c\uc758 \ubbf8\uc6a9 \ud2b9\uc131<\/h2>\n<p>\ud48d\ubd80\ud55c \uc0dd\uccb4 \ud65c\uc131 \uc131\ubd84 \ub355\ubd84\uc5d0 \uc544\ubcf4\uce74\ub3c4 \uc624\uc77c\uc740 \uc2dd\ud488 \uc0b0\uc5c5\ubfd0\ub9cc \uc544\ub2c8\ub77c \ub2e4\uc591\ud55c \ubd84\uc57c\uc5d0\uc11c \ud65c\uc6a9\ub429\ub2c8\ub2e4. \uc694\ub9ac\uc5d0\uc11c\ub294 \uc8fc\ub85c \ucf5c\ub808\uc2a4\ud14c\ub864 \uc218\uce58\ub97c \ub0ae\ucd94\uace0 \uc2ec\ud608\uad00 \uacc4\ud1b5\uc5d0 \uc720\uc775\ud55c \ud6a8\uacfc\uac00 \ub192\uc774 \ud3c9\uac00\ub418\uc9c0\ub9cc, \ud654\uc7a5\ud488 \ubd84\uc57c\uc5d0\uc11c\ub3c4 \uc778\uae30\uac00 \ub192\uc544\uc9c0\uace0 \uc788\uc2b5\ub2c8\ub2e4. <\/p>\n<p>\uc9c0\ubc29\uc0b0 \ud568\ub7c9 \ub355\ubd84\uc5d0 <strong>\uc544\ubcf4\uce74\ub3c4 \uc624\uc77c\uc740 \ud53c\ubd80\uc758 \uc790\uc5f0 \ubcf4\ud638\ub9c9\uc744 \uac15\ud654\ud558\uace0,<\/strong> \ud0c4\ub825\uc744 \uac1c\uc120\ud558\uba70, \uc790\uadf9\uc744 \uc644\ud654\ud558\uace0 \ud45c\ud53c \uc7ac\uc0dd\uc744 \ub3d5\uc2b5\ub2c8\ub2e4. \uc2a4\ucfe0\uc54c\ub780, \uac15\ub825\ud55c \ud56d\uc0b0\ud654 \ud1a0\ucf54\ud398\ub864, \ubca0\ud0c0-\uc2dc\ud1a0\uc2a4\ud14c\ub864 \ub4f1 \ub2e4\ub978 \uc131\ubd84\ub4e4\uc740 \uc544\ubcf4\uce74\ub3c4 \uc624\uc77c\uc758 \ubbf8\uc6a9 \ud6a8\uacfc\ub97c \ub354\uc6b1 \ud655\uc7a5\uc2dc\ud0b5\ub2c8\ub2e4. \ud56d\uade0 \ubc0f \ud56d\uc9c4\uade0 \ud2b9\uc131\uc744 \ubcf4\uc774\uba70, \ucf5c\ub77c\uac90 \uc0dd\uc131\uc744 \ucd09\uc9c4\ud558\uace0, \ud53c\ubd80\ub97c \ubd80\ub4dc\ub7fd\uac8c \ud558\uba70 \ubcf4\uc2b5\ud558\uace0, \uc720\ud574\ud55c \uc790\uc678\uc120\uc73c\ub85c\ubd80\ud130 \ubcf4\ud638\ud558\ub294 \uc5ed\ud560\ub3c4 \ud569\ub2c8\ub2e4.  <\/p>\n<h2>\ud654\uc7a5\ud488\uc73c\ub85c\uc11c\uc758 \uc544\ubcf4\uce74\ub3c4 \uc624\uc77c \ud65c\uc6a9<\/h2>\n<p>\ub2e4\ubc29\uba74\uc758 \ud6a8\ub2a5\uacfc \ud48d\ubd80\ud55c \ud65c\uc131 \uc131\ubd84 \ub355\ubd84\uc5d0 \uc544\ubcf4\uce74\ub3c4 \uc624\uc77c\uc740 \ud654\uc7a5\ud488 \ubd84\uc57c\uc5d0\uc11c \ud3ed\ub113\uac8c \ud65c\uc6a9\ub429\ub2c8\ub2e4.<\/p>\n<h3>\uc5bc\uad74\uc6a9 \uc544\ubcf4\uce74\ub3c4 \uc624\uc77c<\/h3>\n<p>\uc544\ubcf4\uce74\ub3c4 \uc624\uc77c \ud568\uc720 \ud654\uc7a5\ud488\uc740 \uc131\uc219\ud55c \ud53c\ubd80, \uc5ec\ub4dc\ub984\uc131 \ud53c\ubd80, \uac74\uc870\ud558\uace0 \uc790\uadf9\ubc1b\uc740 \ud53c\ubd80\ub97c \uac00\uc9c4 \ubd84\ub4e4\uc744 \ud3ec\ud568\ud558\uc5ec \ud2b9\ud788 \uc5bc\uad74 \uad00\ub9ac\uc5d0 \uad8c\uc7a5\ub429\ub2c8\ub2e4. \ud53c\ubd80\ub97c \ubcf4\uc2b5\ud558\uace0 \uc790\uadf9\uc744 \uc644\ud654\ud560 \ubfd0\ub9cc \uc544\ub2c8\ub77c, \ub192\uc740 \ud56d\uc0b0\ud654 \uc131\ubd84 \ud568\ub7c9 \ub355\ubd84\uc5d0 \ub178\ud654 \ubc29\uc9c0 \ud6a8\uacfc\ub3c4 \uc788\uc2b5\ub2c8\ub2e4. \ub610\ud55c, \uc544\ubcf4\uce74\ub3c4 \uc624\uc77c\uc758 \ud56d\uade0 \ubc0f \ud56d\uc5fc\uc99d \ud2b9\uc131\uc740 \uc5ec\ub4dc\ub984, \uc2b5\uc9c4, \uac74\uc120, \uc544\ud1a0\ud53c \ud53c\ubd80\uc5fc\uacfc \uac19\uc740 \ud53c\ubd80 \uc9c8\ud658 \uce58\ub8cc\ub97c \ub3d5\ub294 \ud6a8\uacfc\uc801\uc778 \uc218\ub2e8\uc774 \ub429\ub2c8\ub2e4.  <\/p>\n<h3>\ubc14\ub514 \ucf00\uc5b4\uc6a9 \uc544\ubcf4\uce74\ub3c4 \uc624\uc77c<\/h3>\n<p>\uc544\ubcf4\uce74\ub3c4 \uc624\uc77c \ud568\uc720 \uc81c\ud488\uc740 \ub9e4\uc77c \uc804\uc2e0 \uad00\ub9ac\uc5d0 \uc131\uacf5\uc801\uc73c\ub85c \uc0ac\uc6a9\ub420 \uc218 \uc788\uc2b5\ub2c8\ub2e4. \ubcf4\uc2b5 \ubc0f \ud53c\ubd80 \ubcf4\ud638\ub9c9 \uac15\ud654 \ud2b9\uc131 \uc678\uc5d0\ub3c4 \uc138\uc815 \ud2b9\uc131\ub3c4 \ub192\uc774 \ud3c9\uac00\ub429\ub2c8\ub2e4. \ubc14\ub514 \ud06c\ub9bc\uacfc \ubc84\ud130\ubfd0\ub9cc \uc544\ub2c8\ub77c \uc0e4\uc6cc \uc824\uc758 \uc131\ubd84\uc73c\ub85c\ub3c4 \uc0ac\uc6a9\ub420 \uc218 \uc788\uc2b5\ub2c8\ub2e4. \uc21c\ud558\uace0 \uc54c\ub808\ub974\uae30 \uc720\ubc1c\uc774 \uc801\uc740 \uc131\ubd84\uc73c\ub85c, \ubbfc\uac10\uc131 \ud53c\ubd80 \uad00\ub9ac\uc640 \uc784\uc0b0\ubd80 \ubaa8\ub450\uc5d0\uac8c \uc548\uc804\ud558\uac8c \uc0ac\uc6a9\ub420 \uc218 \uc788\uc2b5\ub2c8\ub2e4. \ud765\ubbf8\ub86d\uac8c\ub3c4, \ucd5c\uc2e0 \uc784\uc0c1 \ubcf4\uace0\uc11c\uc5d0 \ub530\ub974\uba74 \uc544\ubcf4\uce74\ub3c4 \uc624\uc77c\uc758 \ube44\ube44\ub204\ud654 \uc131\ubd84\uc774 \uace8\uad00\uc808\uc5fc \uc99d\uc0c1 \uc644\ud654\uc5d0 \uc7a0\uc7ac\ub825\uc774 \uc788\uc74c\uc744 \uc2dc\uc0ac\ud569\ub2c8\ub2e4.   <\/p>\n<h3>\ubaa8\ubc1c\uc6a9 \uc544\ubcf4\uce74\ub3c4 \uc624\uc77c<\/h3>\n<p>\uc544\ubcf4\uce74\ub3c4 \uc624\uc77c\uc740 \ud654\uc7a5\ud488 \ubd84\uc57c\uc5d0\uc11c \ud53c\ubd80 \uad00\ub9ac \uc81c\ud488\ubfd0\ub9cc \uc544\ub2c8\ub77c \ubaa8\ubc1c \uad00\ub9ac \uc81c\ud488\uc5d0\ub3c4 \uc0ac\uc6a9\ub429\ub2c8\ub2e4. \uc0f4\ud478, \ucee8\ub514\uc154\ub108, \ud5e4\uc5b4 \ub9c8\uc2a4\ud06c\uc758 \uc131\ubd84\uc73c\ub85c \ud3ec\ud568\ub420 \uc218 \uc788\uc2b5\ub2c8\ub2e4. \ubcf4\ud638 \ubc0f \ubcf4\uc2b5 \ud2b9\uc131 \uc678\uc5d0\ub3c4 \uc544\ubcf4\uce74\ub3c4 \uc624\uc77c\uc740 \ube44\ub4ec \ubc29\uc9c0 \ud6a8\uacfc\ub3c4 \uc788\uc73c\uba70, \ubaa8\ubc1c\uc5d0 \uc724\uae30\ub97c \ubd80\uc5ec\ud558\uace0 \ub450\ud53c\uc5d0 \uc601\uc591\uc744 \uacf5\uae09\ud558\uba70, \uac00\ubcbc\uc6b4 \uc9c8\uac10\uc73c\ub85c \ubaa8\ubc1c\uc744 \ubb34\uac81\uac8c \ud558\uc9c0 \uc54a\uc2b5\ub2c8\ub2e4.  <\/p>\n<hr>\n<p><small><br \/>\n<strong>\ucc38\uace0 \ubb38\ud5cc<\/strong><\/small><\/p>\n<ol>\n<li>Schafer N, Sobczyk M, Burczyk D \uc678. \uc5ec\ub4dc\ub984\uc131 \ud53c\ubd80 \uad00\ub9ac\uc5d0 \uc2dd\ubb3c\uc131 \uc624\uc77c \uc0ac\uc6a9 \uac00\ub2a5\uc131. <em>Aesthetic Cosmetology and Medicine<\/em> (2022), 2(11): 49-55. <\/li>\n<li>Walewska E. \uace8\uad00\uc808\uc5fc\uc5d0 \uc544\ubcf4\uce74\ub3c4 \ubc0f \ub300\ub450 \uc624\uc77c\uc758 \ube44\ube44\ub204\ud654 \uc131\ubd84 \uc0ac\uc6a9 \ud6a8\uacfc. <em>Medycyna Fakt\u00f3w <\/em>(2021), 2(51): 188-192.<\/li>\n<li>Mo\u017cd\u017ce\u0144 K, Barabasz-Krasny B, Szymacha K \uc678. \ud654\uc7a5\ud488 \ub9c8\uc2a4\ud06c\uc5d0 \uc0ac\uc6a9\ub418\ub294 \uc2dd\ubb3c. <em>Pol J Cosmet<\/em>ol (2016), 19(4): 372-379. <\/li>\n<li>https:\/\/informatormasarski.pl\/maszyny-i-technologie\/moda-a-moze-koniecznosc-wykorzystanie-odpadow-w-przemysle-miesnym\/<\/li>\n<\/ol>\n<p>&nbsp;<\/p>\n<hr>\n<p>&nbsp;<\/p>\n","protected":false},"excerpt":{"rendered":"<p>\uc544\ubcf4\uce74\ub3c4 \uc624\uc77c\uc740 \uc810\uc810 \uc778\uae30\ub97c \uc5bb\uace0 \uc788\uc2b5\ub2c8\ub2e4. \uc0dd\uc2dd \ubc0f \ud280\uae40\uc6a9 \uc2dd\uc6a9\uc720\ub85c \ud65c\uc6a9\ub429\ub2c8\ub2e4. \ub610\ud55c \uc720\uc544\uc6a9 \ubc0f \ud2b9\ubcc4\ud55c \uad00\ub9ac\uac00 \ud544\uc694\ud55c \ud53c\ubd80\uc6a9 \ud654\uc7a5\ud488\uc758 \ub9e4\uc6b0 \uc911\uc694\ud55c \uc131\ubd84\uc774\uae30\ub3c4 \ud569\ub2c8\ub2e4.  <\/p>\n","protected":false},"featured_media":44446,"template":"","meta":{"_acf_changed":false},"product_brand":[],"product_cat":[8135],"product_tag":[],"class_list":{"0":"post-44445","1":"product","2":"type-product","3":"status-publish","4":"has-post-thumbnail","6":"product_cat-sig-yong-mit-hwa-jang-pum-yong-o-il","7":"pa_grupa-substancji-8193","8":"pa_metoda-pozyskiwania-8179","10":"first","11":"instock","12":"shipping-taxable","13":"product-type-simple"},"acf":[],"yoast_head":"<!-- This site is optimized with the Yoast SEO plugin v27.5 - https:\/\/yoast.com\/product\/yoast-seo-wordpress\/ -->\n<title>\uc544\ubcf4\uce74\ub3c4 \uc624\uc77c - \uc6d0\uc790\uc7ac \ub3c4\ub9e4 \uc720\ud1b5\uc5c5\uccb4 - NATURAL POLAND - Hurtowy Dystrybutor Surowc\u00f3w<\/title>\n<meta name=\"description\" content=\"\uc544\ubcf4\uce74\ub3c4 \uc624\uc77c\uc740 \uc778\uae30\uac00 \ub192\uc544\uc9c0\uace0 \uc788\uc2b5\ub2c8\ub2e4. \uc0dd\uc2dd \ubc0f \ud280\uae40\uc6a9 \uc2dd\uc6a9\uc720\ub85c \ud65c\uc6a9\ub429\ub2c8\ub2e4.\" \/>\n<meta name=\"robots\" content=\"index, follow, max-snippet:-1, max-image-preview:large, max-video-preview:-1\" \/>\n<link rel=\"canonical\" href=\"https:\/\/naturalpoland.com\/ko\/je-pum\/sig-yong-mit-hwa-jang-pum-yong-o-il\/%ec%95%84%eb%b3%b4%ec%b9%b4%eb%8f%84-%ec%98%a4%ec%9d%bc\/\" \/>\n<meta property=\"og:locale\" content=\"ko_KR\" \/>\n<meta property=\"og:type\" content=\"article\" \/>\n<meta property=\"og:title\" content=\"\uc544\ubcf4\uce74\ub3c4 \uc624\uc77c - \uc6d0\uc790\uc7ac \ub3c4\ub9e4 \uc720\ud1b5\uc5c5\uccb4 - NATURAL POLAND - Hurtowy Dystrybutor Surowc\u00f3w\" \/>\n<meta property=\"og:description\" content=\"\uc544\ubcf4\uce74\ub3c4 \uc624\uc77c\uc740 \uc778\uae30\uac00 \ub192\uc544\uc9c0\uace0 \uc788\uc2b5\ub2c8\ub2e4. \uc0dd\uc2dd \ubc0f \ud280\uae40\uc6a9 \uc2dd\uc6a9\uc720\ub85c \ud65c\uc6a9\ub429\ub2c8\ub2e4.\" \/>\n<meta property=\"og:url\" content=\"https:\/\/naturalpoland.com\/ko\/je-pum\/sig-yong-mit-hwa-jang-pum-yong-o-il\/%ec%95%84%eb%b3%b4%ec%b9%b4%eb%8f%84-%ec%98%a4%ec%9d%bc\/\" \/>\n<meta property=\"og:site_name\" content=\"NATURAL POLAND - Hurtowy Dystrybutor Surowc\u00f3w\" \/>\n<meta property=\"article:publisher\" content=\"https:\/\/www.facebook.com\/naturalpoland.b2b\" \/>\n<meta property=\"article:modified_time\" content=\"2025-12-22T11:08:07+00:00\" \/>\n<meta property=\"og:image\" content=\"https:\/\/naturalpoland.com\/wp-content\/uploads\/2021\/05\/avocado-oil.jpg\" \/>\n\t<meta property=\"og:image:width\" content=\"2533\" \/>\n\t<meta property=\"og:image:height\" content=\"1980\" \/>\n\t<meta property=\"og:image:type\" content=\"image\/jpeg\" \/>\n<script type=\"application\/ld+json\" class=\"yoast-schema-graph\">{\"@context\":\"https:\\\/\\\/schema.org\",\"@graph\":[{\"@type\":\"WebPage\",\"@id\":\"https:\\\/\\\/naturalpoland.com\\\/ko\\\/je-pum\\\/sig-yong-mit-hwa-jang-pum-yong-o-il\\\/%ec%95%84%eb%b3%b4%ec%b9%b4%eb%8f%84-%ec%98%a4%ec%9d%bc\\\/\",\"url\":\"https:\\\/\\\/naturalpoland.com\\\/ko\\\/je-pum\\\/sig-yong-mit-hwa-jang-pum-yong-o-il\\\/%ec%95%84%eb%b3%b4%ec%b9%b4%eb%8f%84-%ec%98%a4%ec%9d%bc\\\/\",\"name\":\"\uc544\ubcf4\uce74\ub3c4 \uc624\uc77c - \uc6d0\uc790\uc7ac \ub3c4\ub9e4 \uc720\ud1b5\uc5c5\uccb4 - NATURAL POLAND - Hurtowy Dystrybutor Surowc\u00f3w\",\"isPartOf\":{\"@id\":\"https:\\\/\\\/naturalpoland.com\\\/ko\\\/#website\"},\"primaryImageOfPage\":{\"@id\":\"https:\\\/\\\/naturalpoland.com\\\/ko\\\/je-pum\\\/sig-yong-mit-hwa-jang-pum-yong-o-il\\\/%ec%95%84%eb%b3%b4%ec%b9%b4%eb%8f%84-%ec%98%a4%ec%9d%bc\\\/#primaryimage\"},\"image\":{\"@id\":\"https:\\\/\\\/naturalpoland.com\\\/ko\\\/je-pum\\\/sig-yong-mit-hwa-jang-pum-yong-o-il\\\/%ec%95%84%eb%b3%b4%ec%b9%b4%eb%8f%84-%ec%98%a4%ec%9d%bc\\\/#primaryimage\"},\"thumbnailUrl\":\"https:\\\/\\\/naturalpoland.com\\\/wp-content\\\/uploads\\\/2021\\\/05\\\/avocado-oil.jpg\",\"datePublished\":\"2021-05-11T11:49:22+00:00\",\"dateModified\":\"2025-12-22T11:08:07+00:00\",\"description\":\"\uc544\ubcf4\uce74\ub3c4 \uc624\uc77c\uc740 \uc778\uae30\uac00 \ub192\uc544\uc9c0\uace0 \uc788\uc2b5\ub2c8\ub2e4. \uc0dd\uc2dd \ubc0f \ud280\uae40\uc6a9 \uc2dd\uc6a9\uc720\ub85c \ud65c\uc6a9\ub429\ub2c8\ub2e4.\",\"breadcrumb\":{\"@id\":\"https:\\\/\\\/naturalpoland.com\\\/ko\\\/je-pum\\\/sig-yong-mit-hwa-jang-pum-yong-o-il\\\/%ec%95%84%eb%b3%b4%ec%b9%b4%eb%8f%84-%ec%98%a4%ec%9d%bc\\\/#breadcrumb\"},\"inLanguage\":\"ko-KR\",\"potentialAction\":[{\"@type\":\"ReadAction\",\"target\":[\"https:\\\/\\\/naturalpoland.com\\\/ko\\\/je-pum\\\/sig-yong-mit-hwa-jang-pum-yong-o-il\\\/%ec%95%84%eb%b3%b4%ec%b9%b4%eb%8f%84-%ec%98%a4%ec%9d%bc\\\/\"]}]},{\"@type\":\"ImageObject\",\"inLanguage\":\"ko-KR\",\"@id\":\"https:\\\/\\\/naturalpoland.com\\\/ko\\\/je-pum\\\/sig-yong-mit-hwa-jang-pum-yong-o-il\\\/%ec%95%84%eb%b3%b4%ec%b9%b4%eb%8f%84-%ec%98%a4%ec%9d%bc\\\/#primaryimage\",\"url\":\"https:\\\/\\\/naturalpoland.com\\\/wp-content\\\/uploads\\\/2021\\\/05\\\/avocado-oil.jpg\",\"contentUrl\":\"https:\\\/\\\/naturalpoland.com\\\/wp-content\\\/uploads\\\/2021\\\/05\\\/avocado-oil.jpg\",\"width\":2533,\"height\":1980,\"caption\":\"\uc544\ubcf4\uce74\ub3c4 \uc624\uc77c\"},{\"@type\":\"BreadcrumbList\",\"@id\":\"https:\\\/\\\/naturalpoland.com\\\/ko\\\/je-pum\\\/sig-yong-mit-hwa-jang-pum-yong-o-il\\\/%ec%95%84%eb%b3%b4%ec%b9%b4%eb%8f%84-%ec%98%a4%ec%9d%bc\\\/#breadcrumb\",\"itemListElement\":[{\"@type\":\"ListItem\",\"position\":1,\"name\":\"\ud648\",\"item\":\"https:\\\/\\\/naturalpoland.com\\\/ko\\\/\"},{\"@type\":\"ListItem\",\"position\":2,\"name\":\"\uc81c\ud488\",\"item\":\"https:\\\/\\\/naturalpoland.com\\\/ko\\\/%ec%a0%9c%ed%92%88\\\/\"},{\"@type\":\"ListItem\",\"position\":3,\"name\":\"\uc544\ubcf4\uce74\ub3c4 \uc624\uc77c\"}]},{\"@type\":\"WebSite\",\"@id\":\"https:\\\/\\\/naturalpoland.com\\\/ko\\\/#website\",\"url\":\"https:\\\/\\\/naturalpoland.com\\\/ko\\\/\",\"name\":\"NATURAL POLAND - Hurtowy Dystrybutor Surowc\u00f3w\",\"description\":\"Surowce dla przemys\u0142u spo\u017cywczego, kosmetycznego i farmaceutycznego\",\"publisher\":{\"@id\":\"https:\\\/\\\/naturalpoland.com\\\/ko\\\/#organization\"},\"potentialAction\":[{\"@type\":\"SearchAction\",\"target\":{\"@type\":\"EntryPoint\",\"urlTemplate\":\"https:\\\/\\\/naturalpoland.com\\\/ko\\\/?s={search_term_string}\"},\"query-input\":{\"@type\":\"PropertyValueSpecification\",\"valueRequired\":true,\"valueName\":\"search_term_string\"}}],\"inLanguage\":\"ko-KR\"},{\"@type\":\"Organization\",\"@id\":\"https:\\\/\\\/naturalpoland.com\\\/ko\\\/#organization\",\"name\":\"Natural Poland\",\"url\":\"https:\\\/\\\/naturalpoland.com\\\/ko\\\/\",\"logo\":{\"@type\":\"ImageObject\",\"inLanguage\":\"ko-KR\",\"@id\":\"https:\\\/\\\/naturalpoland.com\\\/ko\\\/#\\\/schema\\\/logo\\\/image\\\/\",\"url\":\"https:\\\/\\\/naturalpoland.com\\\/wp-content\\\/uploads\\\/2021\\\/05\\\/natural-poland-icon.png\",\"contentUrl\":\"https:\\\/\\\/naturalpoland.com\\\/wp-content\\\/uploads\\\/2021\\\/05\\\/natural-poland-icon.png\",\"width\":512,\"height\":512,\"caption\":\"Natural Poland\"},\"image\":{\"@id\":\"https:\\\/\\\/naturalpoland.com\\\/ko\\\/#\\\/schema\\\/logo\\\/image\\\/\"},\"sameAs\":[\"https:\\\/\\\/www.facebook.com\\\/naturalpoland.b2b\",\"https:\\\/\\\/pl.linkedin.com\\\/company\\\/natural-poland\",\"https:\\\/\\\/www.youtube.com\\\/channel\\\/UCgeGGkvOMahZo-xu_MSEWxg\"]}]}<\/script>\n<!-- \/ Yoast SEO plugin. -->","yoast_head_json":{"title":"\uc544\ubcf4\uce74\ub3c4 \uc624\uc77c - \uc6d0\uc790\uc7ac \ub3c4\ub9e4 \uc720\ud1b5\uc5c5\uccb4 - NATURAL POLAND - Hurtowy Dystrybutor Surowc\u00f3w","description":"\uc544\ubcf4\uce74\ub3c4 \uc624\uc77c\uc740 \uc778\uae30\uac00 \ub192\uc544\uc9c0\uace0 \uc788\uc2b5\ub2c8\ub2e4. \uc0dd\uc2dd \ubc0f \ud280\uae40\uc6a9 \uc2dd\uc6a9\uc720\ub85c \ud65c\uc6a9\ub429\ub2c8\ub2e4.","robots":{"index":"index","follow":"follow","max-snippet":"max-snippet:-1","max-image-preview":"max-image-preview:large","max-video-preview":"max-video-preview:-1"},"canonical":"https:\/\/naturalpoland.com\/ko\/je-pum\/sig-yong-mit-hwa-jang-pum-yong-o-il\/%ec%95%84%eb%b3%b4%ec%b9%b4%eb%8f%84-%ec%98%a4%ec%9d%bc\/","og_locale":"ko_KR","og_type":"article","og_title":"\uc544\ubcf4\uce74\ub3c4 \uc624\uc77c - \uc6d0\uc790\uc7ac \ub3c4\ub9e4 \uc720\ud1b5\uc5c5\uccb4 - NATURAL POLAND - Hurtowy Dystrybutor Surowc\u00f3w","og_description":"\uc544\ubcf4\uce74\ub3c4 \uc624\uc77c\uc740 \uc778\uae30\uac00 \ub192\uc544\uc9c0\uace0 \uc788\uc2b5\ub2c8\ub2e4. \uc0dd\uc2dd \ubc0f \ud280\uae40\uc6a9 \uc2dd\uc6a9\uc720\ub85c \ud65c\uc6a9\ub429\ub2c8\ub2e4.","og_url":"https:\/\/naturalpoland.com\/ko\/je-pum\/sig-yong-mit-hwa-jang-pum-yong-o-il\/%ec%95%84%eb%b3%b4%ec%b9%b4%eb%8f%84-%ec%98%a4%ec%9d%bc\/","og_site_name":"NATURAL POLAND - Hurtowy Dystrybutor Surowc\u00f3w","article_publisher":"https:\/\/www.facebook.com\/naturalpoland.b2b","article_modified_time":"2025-12-22T11:08:07+00:00","og_image":[{"width":2533,"height":1980,"url":"https:\/\/naturalpoland.com\/wp-content\/uploads\/2021\/05\/avocado-oil.jpg","type":"image\/jpeg"}],"schema":{"@context":"https:\/\/schema.org","@graph":[{"@type":"WebPage","@id":"https:\/\/naturalpoland.com\/ko\/je-pum\/sig-yong-mit-hwa-jang-pum-yong-o-il\/%ec%95%84%eb%b3%b4%ec%b9%b4%eb%8f%84-%ec%98%a4%ec%9d%bc\/","url":"https:\/\/naturalpoland.com\/ko\/je-pum\/sig-yong-mit-hwa-jang-pum-yong-o-il\/%ec%95%84%eb%b3%b4%ec%b9%b4%eb%8f%84-%ec%98%a4%ec%9d%bc\/","name":"\uc544\ubcf4\uce74\ub3c4 \uc624\uc77c - \uc6d0\uc790\uc7ac \ub3c4\ub9e4 \uc720\ud1b5\uc5c5\uccb4 - NATURAL POLAND - Hurtowy Dystrybutor Surowc\u00f3w","isPartOf":{"@id":"https:\/\/naturalpoland.com\/ko\/#website"},"primaryImageOfPage":{"@id":"https:\/\/naturalpoland.com\/ko\/je-pum\/sig-yong-mit-hwa-jang-pum-yong-o-il\/%ec%95%84%eb%b3%b4%ec%b9%b4%eb%8f%84-%ec%98%a4%ec%9d%bc\/#primaryimage"},"image":{"@id":"https:\/\/naturalpoland.com\/ko\/je-pum\/sig-yong-mit-hwa-jang-pum-yong-o-il\/%ec%95%84%eb%b3%b4%ec%b9%b4%eb%8f%84-%ec%98%a4%ec%9d%bc\/#primaryimage"},"thumbnailUrl":"https:\/\/naturalpoland.com\/wp-content\/uploads\/2021\/05\/avocado-oil.jpg","datePublished":"2021-05-11T11:49:22+00:00","dateModified":"2025-12-22T11:08:07+00:00","description":"\uc544\ubcf4\uce74\ub3c4 \uc624\uc77c\uc740 \uc778\uae30\uac00 \ub192\uc544\uc9c0\uace0 \uc788\uc2b5\ub2c8\ub2e4. \uc0dd\uc2dd \ubc0f \ud280\uae40\uc6a9 \uc2dd\uc6a9\uc720\ub85c \ud65c\uc6a9\ub429\ub2c8\ub2e4.","breadcrumb":{"@id":"https:\/\/naturalpoland.com\/ko\/je-pum\/sig-yong-mit-hwa-jang-pum-yong-o-il\/%ec%95%84%eb%b3%b4%ec%b9%b4%eb%8f%84-%ec%98%a4%ec%9d%bc\/#breadcrumb"},"inLanguage":"ko-KR","potentialAction":[{"@type":"ReadAction","target":["https:\/\/naturalpoland.com\/ko\/je-pum\/sig-yong-mit-hwa-jang-pum-yong-o-il\/%ec%95%84%eb%b3%b4%ec%b9%b4%eb%8f%84-%ec%98%a4%ec%9d%bc\/"]}]},{"@type":"ImageObject","inLanguage":"ko-KR","@id":"https:\/\/naturalpoland.com\/ko\/je-pum\/sig-yong-mit-hwa-jang-pum-yong-o-il\/%ec%95%84%eb%b3%b4%ec%b9%b4%eb%8f%84-%ec%98%a4%ec%9d%bc\/#primaryimage","url":"https:\/\/naturalpoland.com\/wp-content\/uploads\/2021\/05\/avocado-oil.jpg","contentUrl":"https:\/\/naturalpoland.com\/wp-content\/uploads\/2021\/05\/avocado-oil.jpg","width":2533,"height":1980,"caption":"\uc544\ubcf4\uce74\ub3c4 \uc624\uc77c"},{"@type":"BreadcrumbList","@id":"https:\/\/naturalpoland.com\/ko\/je-pum\/sig-yong-mit-hwa-jang-pum-yong-o-il\/%ec%95%84%eb%b3%b4%ec%b9%b4%eb%8f%84-%ec%98%a4%ec%9d%bc\/#breadcrumb","itemListElement":[{"@type":"ListItem","position":1,"name":"\ud648","item":"https:\/\/naturalpoland.com\/ko\/"},{"@type":"ListItem","position":2,"name":"\uc81c\ud488","item":"https:\/\/naturalpoland.com\/ko\/%ec%a0%9c%ed%92%88\/"},{"@type":"ListItem","position":3,"name":"\uc544\ubcf4\uce74\ub3c4 \uc624\uc77c"}]},{"@type":"WebSite","@id":"https:\/\/naturalpoland.com\/ko\/#website","url":"https:\/\/naturalpoland.com\/ko\/","name":"NATURAL POLAND - Hurtowy Dystrybutor Surowc\u00f3w","description":"Surowce dla przemys\u0142u spo\u017cywczego, kosmetycznego i farmaceutycznego","publisher":{"@id":"https:\/\/naturalpoland.com\/ko\/#organization"},"potentialAction":[{"@type":"SearchAction","target":{"@type":"EntryPoint","urlTemplate":"https:\/\/naturalpoland.com\/ko\/?s={search_term_string}"},"query-input":{"@type":"PropertyValueSpecification","valueRequired":true,"valueName":"search_term_string"}}],"inLanguage":"ko-KR"},{"@type":"Organization","@id":"https:\/\/naturalpoland.com\/ko\/#organization","name":"Natural Poland","url":"https:\/\/naturalpoland.com\/ko\/","logo":{"@type":"ImageObject","inLanguage":"ko-KR","@id":"https:\/\/naturalpoland.com\/ko\/#\/schema\/logo\/image\/","url":"https:\/\/naturalpoland.com\/wp-content\/uploads\/2021\/05\/natural-poland-icon.png","contentUrl":"https:\/\/naturalpoland.com\/wp-content\/uploads\/2021\/05\/natural-poland-icon.png","width":512,"height":512,"caption":"Natural Poland"},"image":{"@id":"https:\/\/naturalpoland.com\/ko\/#\/schema\/logo\/image\/"},"sameAs":["https:\/\/www.facebook.com\/naturalpoland.b2b","https:\/\/pl.linkedin.com\/company\/natural-poland","https:\/\/www.youtube.com\/channel\/UCgeGGkvOMahZo-xu_MSEWxg"]}]}},"_links":{"self":[{"href":"https:\/\/naturalpoland.com\/ko\/wp-json\/wp\/v2\/product\/44445","targetHints":{"allow":["GET"]}}],"collection":[{"href":"https:\/\/naturalpoland.com\/ko\/wp-json\/wp\/v2\/product"}],"about":[{"href":"https:\/\/naturalpoland.com\/ko\/wp-json\/wp\/v2\/types\/product"}],"wp:featuredmedia":[{"embeddable":true,"href":"https:\/\/naturalpoland.com\/ko\/wp-json\/wp\/v2\/media\/44446"}],"wp:attachment":[{"href":"https:\/\/naturalpoland.com\/ko\/wp-json\/wp\/v2\/media?parent=44445"}],"wp:term":[{"taxonomy":"product_brand","embeddable":true,"href":"https:\/\/naturalpoland.com\/ko\/wp-json\/wp\/v2\/product_brand?post=44445"},{"taxonomy":"product_cat","embeddable":true,"href":"https:\/\/naturalpoland.com\/ko\/wp-json\/wp\/v2\/product_cat?post=44445"},{"taxonomy":"product_tag","embeddable":true,"href":"https:\/\/naturalpoland.com\/ko\/wp-json\/wp\/v2\/product_tag?post=44445"}],"curies":[{"name":"wp","href":"https:\/\/api.w.org\/{rel}","templated":true}]}}