{"id":44452,"date":"2021-06-09T14:36:17","date_gmt":"2021-06-09T12:36:17","guid":{"rendered":"https:\/\/naturalpoland.com\/produkty\/uncategorized\/%eb%b3%b4%ec%8a%a4%ec%9b%b0%eb%a6%ac%ec%95%84-%ec%84%b8%eb%9d%bc%ed%83%80-%ec%b6%94%ec%b6%9c%eb%ac%bc\/"},"modified":"2025-12-22T12:08:51","modified_gmt":"2025-12-22T11:08:51","slug":"%eb%b3%b4%ec%8a%a4%ec%9b%b0%eb%a6%ac%ec%95%84-%ec%84%b8%eb%9d%bc%ed%83%80-%ec%b6%94%ec%b6%9c%eb%ac%bc","status":"publish","type":"product","link":"https:\/\/naturalpoland.com\/ko\/je-pum\/sig-mul-chu-chul-mul\/%eb%b3%b4%ec%8a%a4%ec%9b%b0%eb%a6%ac%ec%95%84-%ec%84%b8%eb%9d%bc%ed%83%80-%ec%b6%94%ec%b6%9c%eb%ac%bc\/","title":{"rendered":"\ubcf4\uc2a4\uc6f0\ub9ac\uc544 \uc138\ub77c\ud0c0 \ucd94\ucd9c\ubb3c"},"content":{"rendered":"<p>\ubcf4\uc2a4\uc6f0\ub9ac\uc544 \uc138\ub77c\ud0c0 \ucd94\ucd9c\ubb3c\uc740 \uc8fc\ub85c 5-\ub9ac\ud3ed\uc2dc\uac8c\ub098\uc81c(5-LOX) \ud6a8\uc18c \uc5b5\uc81c\ub97c \ud1b5\ud574 \uc791\uc6a9\ud558\uba70, \uc774\ub294 \uccb4\ub0b4 \uc5fc\uc99d \uacfc\uc815\uc758 \uc6d0\uc778\uc774 \ub418\ub294 \ub958\ucf54\ud2b8\ub9ac\uc5d4 \uc0dd\uc131\uc744 \uac10\uc18c\uc2dc\ud0b5\ub2c8\ub2e4. \uc774\ub97c \ud1b5\ud574 \ubcf4\uc2a4\uc6f0\ub9ac\uc544\ub294 \uc5fc\uc99d, \ud1b5\uc99d \ubc0f \ubd80\uae30 \uac10\uc18c\uc5d0 \ud6a8\uacfc\uc801\uc77c \uc218 \uc788\uc73c\uba70, \ud2b9\ud788 <strong>\uad00\uc808\uc5fc, \ub958\ub9c8\ud2f0\uc2a4 \uc9c8\ud658<\/strong> \ubc0f <strong>\ucc9c\uc2dd<\/strong>\uacfc \uac19\uc740 <strong>\ud638\ud761\uae30 \ubb38\uc81c<\/strong>\uc640 \uad00\ub828\ud558\uc5ec \uc720\uc6a9\ud569\ub2c8\ub2e4. \ub610\ud55c, \ubcf4\uc2a4\uc6f0\ub9ac\uc544\uc0b0\uc740 \uc5f0\uace8 \uc870\uc9c1 \ubcf4\ud638\uc5d0 \uc7a0\uc7ac\ub825\uc744 \ubcf4\uc774\uba70 \uad00\uc808 \uac74\uac15\uc744 \uc9c0\uc6d0\ud560 \uc218 \uc788\uc2b5\ub2c8\ub2e4.  <\/p>\n<p>\ubcf8 \uc81c\ud488\uc740 \ud770\uc0c9\uc5d0\uc11c \ud06c\ub9bc\uc0c9\uc744 \ub760\ub294 \ubbf8\uc138 \ubd84\ub9d0 \ud615\ud0dc\uc785\ub2c8\ub2e4. \uc2dd\ubb3c\uc131 \uc6d0\ub8cc \ud2b9\uc720\uc758 \uc740\uc740\ud55c \ud5a5\uc774 \ud2b9\uc9d5\uc785\ub2c8\ub2e4. <\/p>\n<h2>\ubcf4\uc2a4\uc6f0\ub9ac\uc544 \uc138\ub77c\ud0c0 \ucd94\ucd9c\ubb3c\uc758 \ud65c\uc6a9:<\/h2>\n<p>\ubcf4\uc2a4\uc6f0\ub9ac\uc544 \uc138\ub77c\ud0c0 \ucd94\ucd9c\ubb3c\uc740 \ucea1\uc290, \uc815\uc81c \ub610\ub294 \ubd84\ub9d0 \ud615\ud0dc\uc758 \uac74\uac15 \ubcf4\uc870 \uc2dd\ud488\uc5d0 \uc790\uc8fc \uc0ac\uc6a9\ub418\uba70, \uad00\uc808 \ubc0f \ud638\ud761\uae30 \uc9c8\ud658\uacfc \ub9cc\uc131 \uc5fc\uc99d \uce58\ub8cc\uc5d0 \ud65c\uc6a9\ub429\ub2c8\ub2e4. \ud56d\uc5fc\uc99d \ud2b9\uc131 \ub355\ubd84\uc5d0 \ubcf4\uc2a4\uc6f0\ub9ac\uc544\ub294 \uad00\uc808\uc5fc \ub610\ub294 \uae30\ud0c0 \ub958\ub9c8\ud2f0\uc2a4 \uc9c8\ud658\uc73c\ub85c \uace0\ud1b5\ubc1b\ub294 \uc0ac\ub78c\ub4e4\uc758 \ud1b5\uc99d \uac10\uc18c \ubc0f \uad00\uc808 \uc6b4\ub3d9\uc131 \uac1c\uc120\uc744 \ubaa9\ud45c\ub85c \ud558\ub294 \uc81c\uc81c\uc5d0 \uc790\uc8fc \uc0ac\uc6a9\ub429\ub2c8\ub2e4. <\/p>\n<p>\ubcf4\uc2a4\uc6f0\ub9ac\uc544\ub294 \uc2e0\uccb4 \ud65c\ub3d9\uc774 \ud65c\ubc1c\ud55c \uc0ac\ub78c\ub4e4\uc744 \uc704\ud55c \uc81c\uc81c\uc5d0 \ucc9c\uc5f0 \uc131\ubd84\uc73c\ub85c \uc0ac\uc6a9\ub420 \uc218 \uc788\uc73c\uba70, <strong>\uadfc\uc721 \ubc0f \uad00\uc808 \ud1b5\uc99d<\/strong>\uc744 \uacaa\ub294 \uacbd\uc6b0\uc5d0 \uc720\uc6a9\ud569\ub2c8\ub2e4.<\/p>\n","protected":false},"excerpt":{"rendered":"<p><strong>\ubcf4\uc2a4\uc6f0\ub9ac\uc544 \uc138\ub77c\ud0c0 \ucd94\ucd9c\ubb3c<\/strong>\uc740 <strong>\uc778\ub3c4 \uc720\ud5a5<\/strong>\uc73c\ub85c\ub3c4 \uc54c\ub824\uc838 \uc788\uc73c\uba70, <em>\ubcf4\uc2a4\uc6f0\ub9ac\uc544 \uc138\ub77c\ud0c0<\/em> \ub098\ubb34\uc758 \uc218\uc9c0\uc5d0\uc11c \ucd94\ucd9c\ud55c \ucc9c\uc5f0 \uc81c\ud488\uc785\ub2c8\ub2e4. \uc774 \ucd94\ucd9c\ubb3c\uc740 <strong>\ubcf4\uc2a4\uc6f0\ub9ac\uc544\uc0b0<\/strong> \ud568\ub7c9\uc5d0 \ub530\ub77c \ud45c\uc900\ud654\ub418\uc5b4 \uc788\uc73c\uba70, \uc774\uac83\uc774 \uac74\uac15 \ud6a8\ub2a5\uc744 \ub2f4\ub2f9\ud558\ub294 \uc8fc\uc694 \ud65c\uc131 \ud654\ud569\ubb3c\uc785\ub2c8\ub2e4. <\/p>\n","protected":false},"featured_media":44454,"template":"","meta":{"_acf_changed":false},"product_brand":[],"product_cat":[8134],"product_tag":[],"class_list":{"0":"post-44452","1":"product","2":"type-product","3":"status-publish","4":"has-post-thumbnail","6":"product_cat-sig-mul-chu-chul-mul","7":"pa_certyfikaty-8218","8":"pa_certyfikaty-8219","9":"pa_czesc-rosliny-9005","10":"pa_skladnik-aktywny-9782","12":"first","13":"instock","14":"shipping-taxable","15":"product-type-simple"},"acf":[],"yoast_head":"<!-- This site is optimized with the Yoast SEO plugin v27.5 - https:\/\/yoast.com\/product\/yoast-seo-wordpress\/ -->\n<title>NATURAL POLAND &#8211; Hurtowy Dystrybutor Surowc\u00f3w<\/title>\n<meta name=\"description\" content=\"\ubcf4\uc2a4\uc6f0\ub9ac\uc544 \uc138\ub77c\ud0c0 \ucd94\ucd9c\ubb3c\uc740 \uac74\uac15 \ubcf4\uc870 \uc2dd\ud488 \ubc0f \uad00\uc808\uacfc \ud638\ud761\uae30 \uac74\uac15\uc744 \uc9c0\uc6d0\ud558\ub294 \uc81c\ud488\uc5d0 \ud65c\uc6a9\ub429\ub2c8\ub2e4.\" \/>\n<meta name=\"robots\" content=\"index, follow, max-snippet:-1, max-image-preview:large, max-video-preview:-1\" \/>\n<link rel=\"canonical\" href=\"https:\/\/naturalpoland.com\/ko\/je-pum\/sig-mul-chu-chul-mul\/%eb%b3%b4%ec%8a%a4%ec%9b%b0%eb%a6%ac%ec%95%84-%ec%84%b8%eb%9d%bc%ed%83%80-%ec%b6%94%ec%b6%9c%eb%ac%bc\/\" \/>\n<meta property=\"og:locale\" content=\"ko_KR\" \/>\n<meta property=\"og:type\" content=\"article\" \/>\n<meta property=\"og:description\" content=\"\ubcf4\uc2a4\uc6f0\ub9ac\uc544 \uc138\ub77c\ud0c0 \ucd94\ucd9c\ubb3c\uc740 \uac74\uac15 \ubcf4\uc870 \uc2dd\ud488 \ubc0f \uad00\uc808\uacfc \ud638\ud761\uae30 \uac74\uac15\uc744 \uc9c0\uc6d0\ud558\ub294 \uc81c\ud488\uc5d0 \ud65c\uc6a9\ub429\ub2c8\ub2e4.\" \/>\n<meta property=\"og:url\" content=\"https:\/\/naturalpoland.com\/ko\/je-pum\/sig-mul-chu-chul-mul\/%eb%b3%b4%ec%8a%a4%ec%9b%b0%eb%a6%ac%ec%95%84-%ec%84%b8%eb%9d%bc%ed%83%80-%ec%b6%94%ec%b6%9c%eb%ac%bc\/\" \/>\n<meta property=\"og:site_name\" content=\"NATURAL POLAND - Hurtowy Dystrybutor Surowc\u00f3w\" \/>\n<meta property=\"article:publisher\" content=\"https:\/\/www.facebook.com\/naturalpoland.b2b\" \/>\n<meta property=\"article:modified_time\" content=\"2025-12-22T11:08:51+00:00\" \/>\n<meta property=\"og:image\" content=\"https:\/\/naturalpoland.com\/wp-content\/uploads\/boswellia_serrata_extract.webp\" \/>\n\t<meta property=\"og:image:width\" content=\"619\" \/>\n\t<meta property=\"og:image:height\" content=\"619\" \/>\n\t<meta property=\"og:image:type\" content=\"image\/webp\" \/>\n<script type=\"application\/ld+json\" class=\"yoast-schema-graph\">{\"@context\":\"https:\\\/\\\/schema.org\",\"@graph\":[{\"@type\":\"WebPage\",\"@id\":\"https:\\\/\\\/naturalpoland.com\\\/ko\\\/je-pum\\\/sig-mul-chu-chul-mul\\\/%eb%b3%b4%ec%8a%a4%ec%9b%b0%eb%a6%ac%ec%95%84-%ec%84%b8%eb%9d%bc%ed%83%80-%ec%b6%94%ec%b6%9c%eb%ac%bc\\\/\",\"url\":\"https:\\\/\\\/naturalpoland.com\\\/ko\\\/je-pum\\\/sig-mul-chu-chul-mul\\\/%eb%b3%b4%ec%8a%a4%ec%9b%b0%eb%a6%ac%ec%95%84-%ec%84%b8%eb%9d%bc%ed%83%80-%ec%b6%94%ec%b6%9c%eb%ac%bc\\\/\",\"name\":\"\",\"isPartOf\":{\"@id\":\"https:\\\/\\\/naturalpoland.com\\\/ko\\\/#website\"},\"primaryImageOfPage\":{\"@id\":\"https:\\\/\\\/naturalpoland.com\\\/ko\\\/je-pum\\\/sig-mul-chu-chul-mul\\\/%eb%b3%b4%ec%8a%a4%ec%9b%b0%eb%a6%ac%ec%95%84-%ec%84%b8%eb%9d%bc%ed%83%80-%ec%b6%94%ec%b6%9c%eb%ac%bc\\\/#primaryimage\"},\"image\":{\"@id\":\"https:\\\/\\\/naturalpoland.com\\\/ko\\\/je-pum\\\/sig-mul-chu-chul-mul\\\/%eb%b3%b4%ec%8a%a4%ec%9b%b0%eb%a6%ac%ec%95%84-%ec%84%b8%eb%9d%bc%ed%83%80-%ec%b6%94%ec%b6%9c%eb%ac%bc\\\/#primaryimage\"},\"thumbnailUrl\":\"https:\\\/\\\/naturalpoland.com\\\/wp-content\\\/uploads\\\/boswellia_serrata_extract.webp\",\"datePublished\":\"2021-06-09T12:36:17+00:00\",\"dateModified\":\"2025-12-22T11:08:51+00:00\",\"description\":\"\ubcf4\uc2a4\uc6f0\ub9ac\uc544 \uc138\ub77c\ud0c0 \ucd94\ucd9c\ubb3c\uc740 \uac74\uac15 \ubcf4\uc870 \uc2dd\ud488 \ubc0f \uad00\uc808\uacfc \ud638\ud761\uae30 \uac74\uac15\uc744 \uc9c0\uc6d0\ud558\ub294 \uc81c\ud488\uc5d0 \ud65c\uc6a9\ub429\ub2c8\ub2e4.\",\"breadcrumb\":{\"@id\":\"https:\\\/\\\/naturalpoland.com\\\/ko\\\/je-pum\\\/sig-mul-chu-chul-mul\\\/%eb%b3%b4%ec%8a%a4%ec%9b%b0%eb%a6%ac%ec%95%84-%ec%84%b8%eb%9d%bc%ed%83%80-%ec%b6%94%ec%b6%9c%eb%ac%bc\\\/#breadcrumb\"},\"inLanguage\":\"ko-KR\",\"potentialAction\":[{\"@type\":\"ReadAction\",\"target\":[\"https:\\\/\\\/naturalpoland.com\\\/ko\\\/je-pum\\\/sig-mul-chu-chul-mul\\\/%eb%b3%b4%ec%8a%a4%ec%9b%b0%eb%a6%ac%ec%95%84-%ec%84%b8%eb%9d%bc%ed%83%80-%ec%b6%94%ec%b6%9c%eb%ac%bc\\\/\"]}]},{\"@type\":\"ImageObject\",\"inLanguage\":\"ko-KR\",\"@id\":\"https:\\\/\\\/naturalpoland.com\\\/ko\\\/je-pum\\\/sig-mul-chu-chul-mul\\\/%eb%b3%b4%ec%8a%a4%ec%9b%b0%eb%a6%ac%ec%95%84-%ec%84%b8%eb%9d%bc%ed%83%80-%ec%b6%94%ec%b6%9c%eb%ac%bc\\\/#primaryimage\",\"url\":\"https:\\\/\\\/naturalpoland.com\\\/wp-content\\\/uploads\\\/boswellia_serrata_extract.webp\",\"contentUrl\":\"https:\\\/\\\/naturalpoland.com\\\/wp-content\\\/uploads\\\/boswellia_serrata_extract.webp\",\"width\":619,\"height\":619,\"caption\":\"\ubcf4\uc2a4\uc6f0\ub9ac\uc544 \uc138\ub77c\ud0c0 \ub098\ubb34\uc758 \uc218\uc9c0\uc5d0\uc11c \ucd94\ucd9c\ud55c \ubcf4\uc2a4\uc6f0\ub9ac\uc544 \uc138\ub77c\ud0c0 \ucd94\ucd9c\ubb3c\uc740 \ud770\uc0c9\uc5d0\uc11c \ud06c\ub9bc\uc0c9\uc744 \ub760\ub294 \ubbf8\uc138 \ubd84\ub9d0 \ud615\ud0dc\uc785\ub2c8\ub2e4.\"},{\"@type\":\"BreadcrumbList\",\"@id\":\"https:\\\/\\\/naturalpoland.com\\\/ko\\\/je-pum\\\/sig-mul-chu-chul-mul\\\/%eb%b3%b4%ec%8a%a4%ec%9b%b0%eb%a6%ac%ec%95%84-%ec%84%b8%eb%9d%bc%ed%83%80-%ec%b6%94%ec%b6%9c%eb%ac%bc\\\/#breadcrumb\",\"itemListElement\":[{\"@type\":\"ListItem\",\"position\":1,\"name\":\"\ud648\",\"item\":\"https:\\\/\\\/naturalpoland.com\\\/ko\\\/\"},{\"@type\":\"ListItem\",\"position\":2,\"name\":\"\uc81c\ud488\",\"item\":\"https:\\\/\\\/naturalpoland.com\\\/ko\\\/%ec%a0%9c%ed%92%88\\\/\"},{\"@type\":\"ListItem\",\"position\":3,\"name\":\"\ubcf4\uc2a4\uc6f0\ub9ac\uc544 \uc138\ub77c\ud0c0 \ucd94\ucd9c\ubb3c\"}]},{\"@type\":\"WebSite\",\"@id\":\"https:\\\/\\\/naturalpoland.com\\\/ko\\\/#website\",\"url\":\"https:\\\/\\\/naturalpoland.com\\\/ko\\\/\",\"name\":\"NATURAL POLAND - Hurtowy Dystrybutor Surowc\u00f3w\",\"description\":\"Surowce dla przemys\u0142u spo\u017cywczego, kosmetycznego i farmaceutycznego\",\"publisher\":{\"@id\":\"https:\\\/\\\/naturalpoland.com\\\/ko\\\/#organization\"},\"potentialAction\":[{\"@type\":\"SearchAction\",\"target\":{\"@type\":\"EntryPoint\",\"urlTemplate\":\"https:\\\/\\\/naturalpoland.com\\\/ko\\\/?s={search_term_string}\"},\"query-input\":{\"@type\":\"PropertyValueSpecification\",\"valueRequired\":true,\"valueName\":\"search_term_string\"}}],\"inLanguage\":\"ko-KR\"},{\"@type\":\"Organization\",\"@id\":\"https:\\\/\\\/naturalpoland.com\\\/ko\\\/#organization\",\"name\":\"Natural Poland\",\"url\":\"https:\\\/\\\/naturalpoland.com\\\/ko\\\/\",\"logo\":{\"@type\":\"ImageObject\",\"inLanguage\":\"ko-KR\",\"@id\":\"https:\\\/\\\/naturalpoland.com\\\/ko\\\/#\\\/schema\\\/logo\\\/image\\\/\",\"url\":\"https:\\\/\\\/naturalpoland.com\\\/wp-content\\\/uploads\\\/2021\\\/05\\\/natural-poland-icon.png\",\"contentUrl\":\"https:\\\/\\\/naturalpoland.com\\\/wp-content\\\/uploads\\\/2021\\\/05\\\/natural-poland-icon.png\",\"width\":512,\"height\":512,\"caption\":\"Natural Poland\"},\"image\":{\"@id\":\"https:\\\/\\\/naturalpoland.com\\\/ko\\\/#\\\/schema\\\/logo\\\/image\\\/\"},\"sameAs\":[\"https:\\\/\\\/www.facebook.com\\\/naturalpoland.b2b\",\"https:\\\/\\\/pl.linkedin.com\\\/company\\\/natural-poland\",\"https:\\\/\\\/www.youtube.com\\\/channel\\\/UCgeGGkvOMahZo-xu_MSEWxg\"]}]}<\/script>\n<!-- \/ Yoast SEO plugin. -->","yoast_head_json":{"title":"NATURAL POLAND &#8211; Hurtowy Dystrybutor Surowc\u00f3w","description":"\ubcf4\uc2a4\uc6f0\ub9ac\uc544 \uc138\ub77c\ud0c0 \ucd94\ucd9c\ubb3c\uc740 \uac74\uac15 \ubcf4\uc870 \uc2dd\ud488 \ubc0f \uad00\uc808\uacfc \ud638\ud761\uae30 \uac74\uac15\uc744 \uc9c0\uc6d0\ud558\ub294 \uc81c\ud488\uc5d0 \ud65c\uc6a9\ub429\ub2c8\ub2e4.","robots":{"index":"index","follow":"follow","max-snippet":"max-snippet:-1","max-image-preview":"max-image-preview:large","max-video-preview":"max-video-preview:-1"},"canonical":"https:\/\/naturalpoland.com\/ko\/je-pum\/sig-mul-chu-chul-mul\/%eb%b3%b4%ec%8a%a4%ec%9b%b0%eb%a6%ac%ec%95%84-%ec%84%b8%eb%9d%bc%ed%83%80-%ec%b6%94%ec%b6%9c%eb%ac%bc\/","og_locale":"ko_KR","og_type":"article","og_description":"\ubcf4\uc2a4\uc6f0\ub9ac\uc544 \uc138\ub77c\ud0c0 \ucd94\ucd9c\ubb3c\uc740 \uac74\uac15 \ubcf4\uc870 \uc2dd\ud488 \ubc0f \uad00\uc808\uacfc \ud638\ud761\uae30 \uac74\uac15\uc744 \uc9c0\uc6d0\ud558\ub294 \uc81c\ud488\uc5d0 \ud65c\uc6a9\ub429\ub2c8\ub2e4.","og_url":"https:\/\/naturalpoland.com\/ko\/je-pum\/sig-mul-chu-chul-mul\/%eb%b3%b4%ec%8a%a4%ec%9b%b0%eb%a6%ac%ec%95%84-%ec%84%b8%eb%9d%bc%ed%83%80-%ec%b6%94%ec%b6%9c%eb%ac%bc\/","og_site_name":"NATURAL POLAND - Hurtowy Dystrybutor Surowc\u00f3w","article_publisher":"https:\/\/www.facebook.com\/naturalpoland.b2b","article_modified_time":"2025-12-22T11:08:51+00:00","og_image":[{"width":619,"height":619,"url":"https:\/\/naturalpoland.com\/wp-content\/uploads\/boswellia_serrata_extract.webp","type":"image\/webp"}],"schema":{"@context":"https:\/\/schema.org","@graph":[{"@type":"WebPage","@id":"https:\/\/naturalpoland.com\/ko\/je-pum\/sig-mul-chu-chul-mul\/%eb%b3%b4%ec%8a%a4%ec%9b%b0%eb%a6%ac%ec%95%84-%ec%84%b8%eb%9d%bc%ed%83%80-%ec%b6%94%ec%b6%9c%eb%ac%bc\/","url":"https:\/\/naturalpoland.com\/ko\/je-pum\/sig-mul-chu-chul-mul\/%eb%b3%b4%ec%8a%a4%ec%9b%b0%eb%a6%ac%ec%95%84-%ec%84%b8%eb%9d%bc%ed%83%80-%ec%b6%94%ec%b6%9c%eb%ac%bc\/","name":"","isPartOf":{"@id":"https:\/\/naturalpoland.com\/ko\/#website"},"primaryImageOfPage":{"@id":"https:\/\/naturalpoland.com\/ko\/je-pum\/sig-mul-chu-chul-mul\/%eb%b3%b4%ec%8a%a4%ec%9b%b0%eb%a6%ac%ec%95%84-%ec%84%b8%eb%9d%bc%ed%83%80-%ec%b6%94%ec%b6%9c%eb%ac%bc\/#primaryimage"},"image":{"@id":"https:\/\/naturalpoland.com\/ko\/je-pum\/sig-mul-chu-chul-mul\/%eb%b3%b4%ec%8a%a4%ec%9b%b0%eb%a6%ac%ec%95%84-%ec%84%b8%eb%9d%bc%ed%83%80-%ec%b6%94%ec%b6%9c%eb%ac%bc\/#primaryimage"},"thumbnailUrl":"https:\/\/naturalpoland.com\/wp-content\/uploads\/boswellia_serrata_extract.webp","datePublished":"2021-06-09T12:36:17+00:00","dateModified":"2025-12-22T11:08:51+00:00","description":"\ubcf4\uc2a4\uc6f0\ub9ac\uc544 \uc138\ub77c\ud0c0 \ucd94\ucd9c\ubb3c\uc740 \uac74\uac15 \ubcf4\uc870 \uc2dd\ud488 \ubc0f \uad00\uc808\uacfc \ud638\ud761\uae30 \uac74\uac15\uc744 \uc9c0\uc6d0\ud558\ub294 \uc81c\ud488\uc5d0 \ud65c\uc6a9\ub429\ub2c8\ub2e4.","breadcrumb":{"@id":"https:\/\/naturalpoland.com\/ko\/je-pum\/sig-mul-chu-chul-mul\/%eb%b3%b4%ec%8a%a4%ec%9b%b0%eb%a6%ac%ec%95%84-%ec%84%b8%eb%9d%bc%ed%83%80-%ec%b6%94%ec%b6%9c%eb%ac%bc\/#breadcrumb"},"inLanguage":"ko-KR","potentialAction":[{"@type":"ReadAction","target":["https:\/\/naturalpoland.com\/ko\/je-pum\/sig-mul-chu-chul-mul\/%eb%b3%b4%ec%8a%a4%ec%9b%b0%eb%a6%ac%ec%95%84-%ec%84%b8%eb%9d%bc%ed%83%80-%ec%b6%94%ec%b6%9c%eb%ac%bc\/"]}]},{"@type":"ImageObject","inLanguage":"ko-KR","@id":"https:\/\/naturalpoland.com\/ko\/je-pum\/sig-mul-chu-chul-mul\/%eb%b3%b4%ec%8a%a4%ec%9b%b0%eb%a6%ac%ec%95%84-%ec%84%b8%eb%9d%bc%ed%83%80-%ec%b6%94%ec%b6%9c%eb%ac%bc\/#primaryimage","url":"https:\/\/naturalpoland.com\/wp-content\/uploads\/boswellia_serrata_extract.webp","contentUrl":"https:\/\/naturalpoland.com\/wp-content\/uploads\/boswellia_serrata_extract.webp","width":619,"height":619,"caption":"\ubcf4\uc2a4\uc6f0\ub9ac\uc544 \uc138\ub77c\ud0c0 \ub098\ubb34\uc758 \uc218\uc9c0\uc5d0\uc11c \ucd94\ucd9c\ud55c \ubcf4\uc2a4\uc6f0\ub9ac\uc544 \uc138\ub77c\ud0c0 \ucd94\ucd9c\ubb3c\uc740 \ud770\uc0c9\uc5d0\uc11c \ud06c\ub9bc\uc0c9\uc744 \ub760\ub294 \ubbf8\uc138 \ubd84\ub9d0 \ud615\ud0dc\uc785\ub2c8\ub2e4."},{"@type":"BreadcrumbList","@id":"https:\/\/naturalpoland.com\/ko\/je-pum\/sig-mul-chu-chul-mul\/%eb%b3%b4%ec%8a%a4%ec%9b%b0%eb%a6%ac%ec%95%84-%ec%84%b8%eb%9d%bc%ed%83%80-%ec%b6%94%ec%b6%9c%eb%ac%bc\/#breadcrumb","itemListElement":[{"@type":"ListItem","position":1,"name":"\ud648","item":"https:\/\/naturalpoland.com\/ko\/"},{"@type":"ListItem","position":2,"name":"\uc81c\ud488","item":"https:\/\/naturalpoland.com\/ko\/%ec%a0%9c%ed%92%88\/"},{"@type":"ListItem","position":3,"name":"\ubcf4\uc2a4\uc6f0\ub9ac\uc544 \uc138\ub77c\ud0c0 \ucd94\ucd9c\ubb3c"}]},{"@type":"WebSite","@id":"https:\/\/naturalpoland.com\/ko\/#website","url":"https:\/\/naturalpoland.com\/ko\/","name":"NATURAL POLAND - Hurtowy Dystrybutor Surowc\u00f3w","description":"Surowce dla przemys\u0142u spo\u017cywczego, kosmetycznego i farmaceutycznego","publisher":{"@id":"https:\/\/naturalpoland.com\/ko\/#organization"},"potentialAction":[{"@type":"SearchAction","target":{"@type":"EntryPoint","urlTemplate":"https:\/\/naturalpoland.com\/ko\/?s={search_term_string}"},"query-input":{"@type":"PropertyValueSpecification","valueRequired":true,"valueName":"search_term_string"}}],"inLanguage":"ko-KR"},{"@type":"Organization","@id":"https:\/\/naturalpoland.com\/ko\/#organization","name":"Natural Poland","url":"https:\/\/naturalpoland.com\/ko\/","logo":{"@type":"ImageObject","inLanguage":"ko-KR","@id":"https:\/\/naturalpoland.com\/ko\/#\/schema\/logo\/image\/","url":"https:\/\/naturalpoland.com\/wp-content\/uploads\/2021\/05\/natural-poland-icon.png","contentUrl":"https:\/\/naturalpoland.com\/wp-content\/uploads\/2021\/05\/natural-poland-icon.png","width":512,"height":512,"caption":"Natural Poland"},"image":{"@id":"https:\/\/naturalpoland.com\/ko\/#\/schema\/logo\/image\/"},"sameAs":["https:\/\/www.facebook.com\/naturalpoland.b2b","https:\/\/pl.linkedin.com\/company\/natural-poland","https:\/\/www.youtube.com\/channel\/UCgeGGkvOMahZo-xu_MSEWxg"]}]}},"_links":{"self":[{"href":"https:\/\/naturalpoland.com\/ko\/wp-json\/wp\/v2\/product\/44452","targetHints":{"allow":["GET"]}}],"collection":[{"href":"https:\/\/naturalpoland.com\/ko\/wp-json\/wp\/v2\/product"}],"about":[{"href":"https:\/\/naturalpoland.com\/ko\/wp-json\/wp\/v2\/types\/product"}],"wp:featuredmedia":[{"embeddable":true,"href":"https:\/\/naturalpoland.com\/ko\/wp-json\/wp\/v2\/media\/44454"}],"wp:attachment":[{"href":"https:\/\/naturalpoland.com\/ko\/wp-json\/wp\/v2\/media?parent=44452"}],"wp:term":[{"taxonomy":"product_brand","embeddable":true,"href":"https:\/\/naturalpoland.com\/ko\/wp-json\/wp\/v2\/product_brand?post=44452"},{"taxonomy":"product_cat","embeddable":true,"href":"https:\/\/naturalpoland.com\/ko\/wp-json\/wp\/v2\/product_cat?post=44452"},{"taxonomy":"product_tag","embeddable":true,"href":"https:\/\/naturalpoland.com\/ko\/wp-json\/wp\/v2\/product_tag?post=44452"}],"curies":[{"name":"wp","href":"https:\/\/api.w.org\/{rel}","templated":true}]}}