{"id":44464,"date":"2021-05-11T13:46:09","date_gmt":"2021-05-11T11:46:09","guid":{"rendered":"https:\/\/naturalpoland.com\/produkty\/uncategorized\/%ec%95%84%eb%a5%b4%eb%8b%88%ec%b9%b4-%ec%b9%a8%ec%b6%9c%ec%95%a1\/"},"modified":"2025-12-22T12:10:22","modified_gmt":"2025-12-22T11:10:22","slug":"%ec%95%84%eb%a5%b4%eb%8b%88%ec%b9%b4-%ec%b9%a8%ec%b6%9c%ec%95%a1","status":"publish","type":"product","link":"https:\/\/naturalpoland.com\/ko\/je-pum\/hwa-jang-pum-won-ryo\/ma-se-re-i-teu\/%ec%95%84%eb%a5%b4%eb%8b%88%ec%b9%b4-%ec%b9%a8%ec%b6%9c%ec%95%a1\/","title":{"rendered":"\uc544\ub974\ub2c8\uce74 \uce68\ucd9c\uc561"},"content":{"rendered":"<p>\uc544\ub974\ub2c8\uce74\ub294 \uad6d\ud654\uacfc\uc5d0 \uc18d\ud558\ub294 \ud5c8\ube0c\uc785\ub2c8\ub2e4. \ub0a8\uc544\uba54\ub9ac\uce74\uc640 \ub0a8\ubd80 \ubc0f \uc911\uc559 \uc720\ub7fd\uc5d0\uc11c \uc790\ub78d\ub2c8\ub2e4. \ub610\ud55c \ubca8\ubcb3 \uac19\uc740 \uaf43\uc78e\uc744 \uac00\uc9c4 \uc8fc\ud669\uc0c9-\ub178\ub780\uc0c9 \uaf43\uc744 \ud53c\uc6c1\ub2c8\ub2e4.  <\/p>\n<p>\ud398\ub180\uc0b0\uacfc \uace0\ub18d\ucd95 \ube44\ud0c0\ubbfc E\uac00 \ud568\uc720\ub418\uc5b4 \uc788\uc5b4 \uc544\ub974\ub2c8\uce74 \uce68\ucd9c\uc561\uc740 \ud6cc\ub96d\ud55c \ud56d\uc0b0\ud654\uc81c \uc5ed\ud560\uc744 \ud569\ub2c8\ub2e4. \ub610\ud55c \ud608\uc561 \uc21c\ud658 \ucd09\uc9c4\uc5d0\ub3c4 \ud0c1\uc6d4\ud569\ub2c8\ub2e4. \uc774 \uc81c\ud488\uc740 \ub2e4\ub978 \uc624\uc77c\uacfc \ud63c\ud569\ud558\uac70\ub098 DIY \ud654\uc7a5\ud488\uc758 \uc720\uc0c1 \uc131\ubd84\uc73c\ub85c \uc0ac\uc6a9\ud560 \uc218 \uc788\uc2b5\ub2c8\ub2e4.  <\/p>\n<p>\uc544\ub974\ub2c8\uce74 \uce68\ucd9c\uc561\uc740 \uc9c1\uc811 \ub9cc\ub4dc\ub294 \ud654\uc7a5\ud488\uc758 \ud6cc\ub96d\ud55c \uc131\ubd84\uc774 \ub420 \uac83\uc785\ub2c8\ub2e4.<\/p>\n","protected":false},"excerpt":{"rendered":"<p><strong>\uc0b0\uc545 \uc544\ub974\ub2c8\uce74 \uaf43 \uce68\ucd9c\uc561<\/strong>\uc740 \uac15\ub825\ud55c \uc7ac\uc0dd \ubc0f \ud56d\uc5fc\uc99d \ud2b9\uc131\uc73c\ub85c \uc54c\ub824\uc838 \uc788\uc2b5\ub2c8\ub2e4. \ub610\ud55c \uadfc\uc721\uc744 \uc774\uc644\uc2dc\ud0a4\uace0 \ubd80\uae30 \ubc0f \uba4d\uc744 \uc904\uc774\ub294 \ub370 \ub3c4\uc6c0\uc744 \uc90d\ub2c8\ub2e4. <\/p>\n","protected":false},"featured_media":44466,"template":"","meta":{"_acf_changed":false},"product_brand":[],"product_cat":[8152],"product_tag":[],"class_list":{"0":"post-44464","1":"product","2":"type-product","3":"status-publish","4":"has-post-thumbnail","6":"product_cat-ma-se-re-i-teu","8":"first","9":"instock","10":"shipping-taxable","11":"product-type-simple"},"acf":[],"yoast_head":"<!-- This site is optimized with the Yoast SEO plugin v27.6 - https:\/\/yoast.com\/product\/yoast-seo-wordpress\/ -->\n<title>NATURAL POLAND &#8211; Hurtowy Dystrybutor Surowc\u00f3w<\/title>\n<meta name=\"description\" content=\"\uc0b0\uc545 \uc544\ub974\ub2c8\uce74 \uaf43 \uce68\ucd9c\uc561\uc740 \uac15\ub825\ud55c \uc7ac\uc0dd \ubc0f \ud56d\uc5fc\uc99d \ud2b9\uc131\uc73c\ub85c \uc54c\ub824\uc838 \uc788\uc73c\uba70, \uadfc\uc721\uc744 \uc774\uc644\uc2dc\ud0a4\uace0 \ubd80\uae30\ub97c \uc904\uc5ec\uc90d\ub2c8\ub2e4.\" \/>\n<meta name=\"robots\" content=\"index, follow, max-snippet:-1, max-image-preview:large, max-video-preview:-1\" \/>\n<link rel=\"canonical\" href=\"https:\/\/naturalpoland.com\/ko\/je-pum\/hwa-jang-pum-won-ryo\/ma-se-re-i-teu\/%ec%95%84%eb%a5%b4%eb%8b%88%ec%b9%b4-%ec%b9%a8%ec%b6%9c%ec%95%a1\/\" \/>\n<meta property=\"og:locale\" content=\"ko_KR\" \/>\n<meta property=\"og:type\" content=\"article\" \/>\n<meta property=\"og:description\" content=\"\uc0b0\uc545 \uc544\ub974\ub2c8\uce74 \uaf43 \uce68\ucd9c\uc561\uc740 \uac15\ub825\ud55c \uc7ac\uc0dd \ubc0f \ud56d\uc5fc\uc99d \ud2b9\uc131\uc73c\ub85c \uc54c\ub824\uc838 \uc788\uc73c\uba70, \uadfc\uc721\uc744 \uc774\uc644\uc2dc\ud0a4\uace0 \ubd80\uae30\ub97c \uc904\uc5ec\uc90d\ub2c8\ub2e4.\" \/>\n<meta property=\"og:url\" content=\"https:\/\/naturalpoland.com\/ko\/je-pum\/hwa-jang-pum-won-ryo\/ma-se-re-i-teu\/%ec%95%84%eb%a5%b4%eb%8b%88%ec%b9%b4-%ec%b9%a8%ec%b6%9c%ec%95%a1\/\" \/>\n<meta property=\"og:site_name\" content=\"NATURAL POLAND - Hurtowy Dystrybutor Surowc\u00f3w\" \/>\n<meta property=\"article:publisher\" content=\"https:\/\/www.facebook.com\/naturalpoland.b2b\" \/>\n<meta property=\"article:modified_time\" content=\"2025-12-22T11:10:22+00:00\" \/>\n<meta property=\"og:image\" content=\"https:\/\/naturalpoland.com\/wp-content\/uploads\/macerat-z-arniki-gorskiej.webp\" \/>\n\t<meta property=\"og:image:width\" content=\"615\" \/>\n\t<meta property=\"og:image:height\" content=\"615\" \/>\n\t<meta property=\"og:image:type\" content=\"image\/webp\" \/>\n<script type=\"application\/ld+json\" class=\"yoast-schema-graph\">{\"@context\":\"https:\\\/\\\/schema.org\",\"@graph\":[{\"@type\":\"WebPage\",\"@id\":\"https:\\\/\\\/naturalpoland.com\\\/ko\\\/je-pum\\\/hwa-jang-pum-won-ryo\\\/ma-se-re-i-teu\\\/%ec%95%84%eb%a5%b4%eb%8b%88%ec%b9%b4-%ec%b9%a8%ec%b6%9c%ec%95%a1\\\/\",\"url\":\"https:\\\/\\\/naturalpoland.com\\\/ko\\\/je-pum\\\/hwa-jang-pum-won-ryo\\\/ma-se-re-i-teu\\\/%ec%95%84%eb%a5%b4%eb%8b%88%ec%b9%b4-%ec%b9%a8%ec%b6%9c%ec%95%a1\\\/\",\"name\":\"\",\"isPartOf\":{\"@id\":\"https:\\\/\\\/naturalpoland.com\\\/ko\\\/#website\"},\"primaryImageOfPage\":{\"@id\":\"https:\\\/\\\/naturalpoland.com\\\/ko\\\/je-pum\\\/hwa-jang-pum-won-ryo\\\/ma-se-re-i-teu\\\/%ec%95%84%eb%a5%b4%eb%8b%88%ec%b9%b4-%ec%b9%a8%ec%b6%9c%ec%95%a1\\\/#primaryimage\"},\"image\":{\"@id\":\"https:\\\/\\\/naturalpoland.com\\\/ko\\\/je-pum\\\/hwa-jang-pum-won-ryo\\\/ma-se-re-i-teu\\\/%ec%95%84%eb%a5%b4%eb%8b%88%ec%b9%b4-%ec%b9%a8%ec%b6%9c%ec%95%a1\\\/#primaryimage\"},\"thumbnailUrl\":\"https:\\\/\\\/naturalpoland.com\\\/wp-content\\\/uploads\\\/macerat-z-arniki-gorskiej.webp\",\"datePublished\":\"2021-05-11T11:46:09+00:00\",\"dateModified\":\"2025-12-22T11:10:22+00:00\",\"description\":\"\uc0b0\uc545 \uc544\ub974\ub2c8\uce74 \uaf43 \uce68\ucd9c\uc561\uc740 \uac15\ub825\ud55c \uc7ac\uc0dd \ubc0f \ud56d\uc5fc\uc99d \ud2b9\uc131\uc73c\ub85c \uc54c\ub824\uc838 \uc788\uc73c\uba70, \uadfc\uc721\uc744 \uc774\uc644\uc2dc\ud0a4\uace0 \ubd80\uae30\ub97c \uc904\uc5ec\uc90d\ub2c8\ub2e4.\",\"breadcrumb\":{\"@id\":\"https:\\\/\\\/naturalpoland.com\\\/ko\\\/je-pum\\\/hwa-jang-pum-won-ryo\\\/ma-se-re-i-teu\\\/%ec%95%84%eb%a5%b4%eb%8b%88%ec%b9%b4-%ec%b9%a8%ec%b6%9c%ec%95%a1\\\/#breadcrumb\"},\"inLanguage\":\"ko-KR\",\"potentialAction\":[{\"@type\":\"ReadAction\",\"target\":[\"https:\\\/\\\/naturalpoland.com\\\/ko\\\/je-pum\\\/hwa-jang-pum-won-ryo\\\/ma-se-re-i-teu\\\/%ec%95%84%eb%a5%b4%eb%8b%88%ec%b9%b4-%ec%b9%a8%ec%b6%9c%ec%95%a1\\\/\"]}]},{\"@type\":\"ImageObject\",\"inLanguage\":\"ko-KR\",\"@id\":\"https:\\\/\\\/naturalpoland.com\\\/ko\\\/je-pum\\\/hwa-jang-pum-won-ryo\\\/ma-se-re-i-teu\\\/%ec%95%84%eb%a5%b4%eb%8b%88%ec%b9%b4-%ec%b9%a8%ec%b6%9c%ec%95%a1\\\/#primaryimage\",\"url\":\"https:\\\/\\\/naturalpoland.com\\\/wp-content\\\/uploads\\\/macerat-z-arniki-gorskiej.webp\",\"contentUrl\":\"https:\\\/\\\/naturalpoland.com\\\/wp-content\\\/uploads\\\/macerat-z-arniki-gorskiej.webp\",\"width\":615,\"height\":615,\"caption\":\"\ubcd1\uc5d0 \ub2f4\uae34 \uc0b0\uc545 \uc544\ub974\ub2c8\uce74 \uaf43 \uce68\ucd9c\uc561\"},{\"@type\":\"BreadcrumbList\",\"@id\":\"https:\\\/\\\/naturalpoland.com\\\/ko\\\/je-pum\\\/hwa-jang-pum-won-ryo\\\/ma-se-re-i-teu\\\/%ec%95%84%eb%a5%b4%eb%8b%88%ec%b9%b4-%ec%b9%a8%ec%b6%9c%ec%95%a1\\\/#breadcrumb\",\"itemListElement\":[{\"@type\":\"ListItem\",\"position\":1,\"name\":\"\ud648\",\"item\":\"https:\\\/\\\/naturalpoland.com\\\/ko\\\/\"},{\"@type\":\"ListItem\",\"position\":2,\"name\":\"\uc81c\ud488\",\"item\":\"https:\\\/\\\/naturalpoland.com\\\/ko\\\/%ec%a0%9c%ed%92%88\\\/\"},{\"@type\":\"ListItem\",\"position\":3,\"name\":\"\uc544\ub974\ub2c8\uce74 \uce68\ucd9c\uc561\"}]},{\"@type\":\"WebSite\",\"@id\":\"https:\\\/\\\/naturalpoland.com\\\/ko\\\/#website\",\"url\":\"https:\\\/\\\/naturalpoland.com\\\/ko\\\/\",\"name\":\"NATURAL POLAND - Hurtowy Dystrybutor Surowc\u00f3w\",\"description\":\"Surowce dla przemys\u0142u spo\u017cywczego, kosmetycznego i farmaceutycznego\",\"publisher\":{\"@id\":\"https:\\\/\\\/naturalpoland.com\\\/ko\\\/#organization\"},\"potentialAction\":[{\"@type\":\"SearchAction\",\"target\":{\"@type\":\"EntryPoint\",\"urlTemplate\":\"https:\\\/\\\/naturalpoland.com\\\/ko\\\/?s={search_term_string}\"},\"query-input\":{\"@type\":\"PropertyValueSpecification\",\"valueRequired\":true,\"valueName\":\"search_term_string\"}}],\"inLanguage\":\"ko-KR\"},{\"@type\":\"Organization\",\"@id\":\"https:\\\/\\\/naturalpoland.com\\\/ko\\\/#organization\",\"name\":\"Natural Poland\",\"url\":\"https:\\\/\\\/naturalpoland.com\\\/ko\\\/\",\"logo\":{\"@type\":\"ImageObject\",\"inLanguage\":\"ko-KR\",\"@id\":\"https:\\\/\\\/naturalpoland.com\\\/ko\\\/#\\\/schema\\\/logo\\\/image\\\/\",\"url\":\"https:\\\/\\\/naturalpoland.com\\\/wp-content\\\/uploads\\\/2021\\\/05\\\/natural-poland-icon.png\",\"contentUrl\":\"https:\\\/\\\/naturalpoland.com\\\/wp-content\\\/uploads\\\/2021\\\/05\\\/natural-poland-icon.png\",\"width\":512,\"height\":512,\"caption\":\"Natural Poland\"},\"image\":{\"@id\":\"https:\\\/\\\/naturalpoland.com\\\/ko\\\/#\\\/schema\\\/logo\\\/image\\\/\"},\"sameAs\":[\"https:\\\/\\\/www.facebook.com\\\/naturalpoland.b2b\",\"https:\\\/\\\/pl.linkedin.com\\\/company\\\/natural-poland\",\"https:\\\/\\\/www.youtube.com\\\/channel\\\/UCgeGGkvOMahZo-xu_MSEWxg\"]}]}<\/script>\n<!-- \/ Yoast SEO plugin. -->","yoast_head_json":{"title":"NATURAL POLAND &#8211; Hurtowy Dystrybutor Surowc\u00f3w","description":"\uc0b0\uc545 \uc544\ub974\ub2c8\uce74 \uaf43 \uce68\ucd9c\uc561\uc740 \uac15\ub825\ud55c \uc7ac\uc0dd \ubc0f \ud56d\uc5fc\uc99d \ud2b9\uc131\uc73c\ub85c \uc54c\ub824\uc838 \uc788\uc73c\uba70, \uadfc\uc721\uc744 \uc774\uc644\uc2dc\ud0a4\uace0 \ubd80\uae30\ub97c \uc904\uc5ec\uc90d\ub2c8\ub2e4.","robots":{"index":"index","follow":"follow","max-snippet":"max-snippet:-1","max-image-preview":"max-image-preview:large","max-video-preview":"max-video-preview:-1"},"canonical":"https:\/\/naturalpoland.com\/ko\/je-pum\/hwa-jang-pum-won-ryo\/ma-se-re-i-teu\/%ec%95%84%eb%a5%b4%eb%8b%88%ec%b9%b4-%ec%b9%a8%ec%b6%9c%ec%95%a1\/","og_locale":"ko_KR","og_type":"article","og_description":"\uc0b0\uc545 \uc544\ub974\ub2c8\uce74 \uaf43 \uce68\ucd9c\uc561\uc740 \uac15\ub825\ud55c \uc7ac\uc0dd \ubc0f \ud56d\uc5fc\uc99d \ud2b9\uc131\uc73c\ub85c \uc54c\ub824\uc838 \uc788\uc73c\uba70, \uadfc\uc721\uc744 \uc774\uc644\uc2dc\ud0a4\uace0 \ubd80\uae30\ub97c \uc904\uc5ec\uc90d\ub2c8\ub2e4.","og_url":"https:\/\/naturalpoland.com\/ko\/je-pum\/hwa-jang-pum-won-ryo\/ma-se-re-i-teu\/%ec%95%84%eb%a5%b4%eb%8b%88%ec%b9%b4-%ec%b9%a8%ec%b6%9c%ec%95%a1\/","og_site_name":"NATURAL POLAND - Hurtowy Dystrybutor Surowc\u00f3w","article_publisher":"https:\/\/www.facebook.com\/naturalpoland.b2b","article_modified_time":"2025-12-22T11:10:22+00:00","og_image":[{"width":615,"height":615,"url":"https:\/\/naturalpoland.com\/wp-content\/uploads\/macerat-z-arniki-gorskiej.webp","type":"image\/webp"}],"schema":{"@context":"https:\/\/schema.org","@graph":[{"@type":"WebPage","@id":"https:\/\/naturalpoland.com\/ko\/je-pum\/hwa-jang-pum-won-ryo\/ma-se-re-i-teu\/%ec%95%84%eb%a5%b4%eb%8b%88%ec%b9%b4-%ec%b9%a8%ec%b6%9c%ec%95%a1\/","url":"https:\/\/naturalpoland.com\/ko\/je-pum\/hwa-jang-pum-won-ryo\/ma-se-re-i-teu\/%ec%95%84%eb%a5%b4%eb%8b%88%ec%b9%b4-%ec%b9%a8%ec%b6%9c%ec%95%a1\/","name":"","isPartOf":{"@id":"https:\/\/naturalpoland.com\/ko\/#website"},"primaryImageOfPage":{"@id":"https:\/\/naturalpoland.com\/ko\/je-pum\/hwa-jang-pum-won-ryo\/ma-se-re-i-teu\/%ec%95%84%eb%a5%b4%eb%8b%88%ec%b9%b4-%ec%b9%a8%ec%b6%9c%ec%95%a1\/#primaryimage"},"image":{"@id":"https:\/\/naturalpoland.com\/ko\/je-pum\/hwa-jang-pum-won-ryo\/ma-se-re-i-teu\/%ec%95%84%eb%a5%b4%eb%8b%88%ec%b9%b4-%ec%b9%a8%ec%b6%9c%ec%95%a1\/#primaryimage"},"thumbnailUrl":"https:\/\/naturalpoland.com\/wp-content\/uploads\/macerat-z-arniki-gorskiej.webp","datePublished":"2021-05-11T11:46:09+00:00","dateModified":"2025-12-22T11:10:22+00:00","description":"\uc0b0\uc545 \uc544\ub974\ub2c8\uce74 \uaf43 \uce68\ucd9c\uc561\uc740 \uac15\ub825\ud55c \uc7ac\uc0dd \ubc0f \ud56d\uc5fc\uc99d \ud2b9\uc131\uc73c\ub85c \uc54c\ub824\uc838 \uc788\uc73c\uba70, \uadfc\uc721\uc744 \uc774\uc644\uc2dc\ud0a4\uace0 \ubd80\uae30\ub97c \uc904\uc5ec\uc90d\ub2c8\ub2e4.","breadcrumb":{"@id":"https:\/\/naturalpoland.com\/ko\/je-pum\/hwa-jang-pum-won-ryo\/ma-se-re-i-teu\/%ec%95%84%eb%a5%b4%eb%8b%88%ec%b9%b4-%ec%b9%a8%ec%b6%9c%ec%95%a1\/#breadcrumb"},"inLanguage":"ko-KR","potentialAction":[{"@type":"ReadAction","target":["https:\/\/naturalpoland.com\/ko\/je-pum\/hwa-jang-pum-won-ryo\/ma-se-re-i-teu\/%ec%95%84%eb%a5%b4%eb%8b%88%ec%b9%b4-%ec%b9%a8%ec%b6%9c%ec%95%a1\/"]}]},{"@type":"ImageObject","inLanguage":"ko-KR","@id":"https:\/\/naturalpoland.com\/ko\/je-pum\/hwa-jang-pum-won-ryo\/ma-se-re-i-teu\/%ec%95%84%eb%a5%b4%eb%8b%88%ec%b9%b4-%ec%b9%a8%ec%b6%9c%ec%95%a1\/#primaryimage","url":"https:\/\/naturalpoland.com\/wp-content\/uploads\/macerat-z-arniki-gorskiej.webp","contentUrl":"https:\/\/naturalpoland.com\/wp-content\/uploads\/macerat-z-arniki-gorskiej.webp","width":615,"height":615,"caption":"\ubcd1\uc5d0 \ub2f4\uae34 \uc0b0\uc545 \uc544\ub974\ub2c8\uce74 \uaf43 \uce68\ucd9c\uc561"},{"@type":"BreadcrumbList","@id":"https:\/\/naturalpoland.com\/ko\/je-pum\/hwa-jang-pum-won-ryo\/ma-se-re-i-teu\/%ec%95%84%eb%a5%b4%eb%8b%88%ec%b9%b4-%ec%b9%a8%ec%b6%9c%ec%95%a1\/#breadcrumb","itemListElement":[{"@type":"ListItem","position":1,"name":"\ud648","item":"https:\/\/naturalpoland.com\/ko\/"},{"@type":"ListItem","position":2,"name":"\uc81c\ud488","item":"https:\/\/naturalpoland.com\/ko\/%ec%a0%9c%ed%92%88\/"},{"@type":"ListItem","position":3,"name":"\uc544\ub974\ub2c8\uce74 \uce68\ucd9c\uc561"}]},{"@type":"WebSite","@id":"https:\/\/naturalpoland.com\/ko\/#website","url":"https:\/\/naturalpoland.com\/ko\/","name":"NATURAL POLAND - Hurtowy Dystrybutor Surowc\u00f3w","description":"Surowce dla przemys\u0142u spo\u017cywczego, kosmetycznego i farmaceutycznego","publisher":{"@id":"https:\/\/naturalpoland.com\/ko\/#organization"},"potentialAction":[{"@type":"SearchAction","target":{"@type":"EntryPoint","urlTemplate":"https:\/\/naturalpoland.com\/ko\/?s={search_term_string}"},"query-input":{"@type":"PropertyValueSpecification","valueRequired":true,"valueName":"search_term_string"}}],"inLanguage":"ko-KR"},{"@type":"Organization","@id":"https:\/\/naturalpoland.com\/ko\/#organization","name":"Natural Poland","url":"https:\/\/naturalpoland.com\/ko\/","logo":{"@type":"ImageObject","inLanguage":"ko-KR","@id":"https:\/\/naturalpoland.com\/ko\/#\/schema\/logo\/image\/","url":"https:\/\/naturalpoland.com\/wp-content\/uploads\/2021\/05\/natural-poland-icon.png","contentUrl":"https:\/\/naturalpoland.com\/wp-content\/uploads\/2021\/05\/natural-poland-icon.png","width":512,"height":512,"caption":"Natural Poland"},"image":{"@id":"https:\/\/naturalpoland.com\/ko\/#\/schema\/logo\/image\/"},"sameAs":["https:\/\/www.facebook.com\/naturalpoland.b2b","https:\/\/pl.linkedin.com\/company\/natural-poland","https:\/\/www.youtube.com\/channel\/UCgeGGkvOMahZo-xu_MSEWxg"]}]}},"_links":{"self":[{"href":"https:\/\/naturalpoland.com\/ko\/wp-json\/wp\/v2\/product\/44464","targetHints":{"allow":["GET"]}}],"collection":[{"href":"https:\/\/naturalpoland.com\/ko\/wp-json\/wp\/v2\/product"}],"about":[{"href":"https:\/\/naturalpoland.com\/ko\/wp-json\/wp\/v2\/types\/product"}],"wp:featuredmedia":[{"embeddable":true,"href":"https:\/\/naturalpoland.com\/ko\/wp-json\/wp\/v2\/media\/44466"}],"wp:attachment":[{"href":"https:\/\/naturalpoland.com\/ko\/wp-json\/wp\/v2\/media?parent=44464"}],"wp:term":[{"taxonomy":"product_brand","embeddable":true,"href":"https:\/\/naturalpoland.com\/ko\/wp-json\/wp\/v2\/product_brand?post=44464"},{"taxonomy":"product_cat","embeddable":true,"href":"https:\/\/naturalpoland.com\/ko\/wp-json\/wp\/v2\/product_cat?post=44464"},{"taxonomy":"product_tag","embeddable":true,"href":"https:\/\/naturalpoland.com\/ko\/wp-json\/wp\/v2\/product_tag?post=44464"}],"curies":[{"name":"wp","href":"https:\/\/api.w.org\/{rel}","templated":true}]}}