{"id":44472,"date":"2021-05-11T13:50:33","date_gmt":"2021-05-11T11:50:33","guid":{"rendered":"https:\/\/naturalpoland.com\/produkty\/uncategorized\/%ed%96%84%ed%94%84%ec%94%a8%eb%93%9c-%ec%98%a4%ec%9d%bc\/"},"modified":"2025-12-22T12:11:33","modified_gmt":"2025-12-22T11:11:33","slug":"%ed%96%84%ed%94%84%ec%94%a8%eb%93%9c-%ec%98%a4%ec%9d%bc","status":"publish","type":"product","link":"https:\/\/naturalpoland.com\/ko\/je-pum\/sig-pum-won-ryo\/sig-yong-yu\/%ed%96%84%ed%94%84%ec%94%a8%eb%93%9c-%ec%98%a4%ec%9d%bc\/","title":{"rendered":"\ud584\ud504\uc528\ub4dc \uc624\uc77c"},"content":{"rendered":"<p>\ud584\ud504\uc528\ub4dc \uc624\uc77c\uc740 \ub2e4\uc6a9\ub3c4\ub85c \ud65c\uc6a9\ub429\ub2c8\ub2e4. \uac00\uc7a5 \uc77c\ubc18\uc801\uc778 \uc6a9\ub3c4 \uc911 \ud558\ub098\ub294 \ud1b5\uc99d \uc644\ud654, \uc5fc\uc99d \uac10\uc18c, \ucf5c\ub808\uc2a4\ud14c\ub864 \uc218\uce58 \uc800\ud558, \uadf8\ub9ac\uace0 \uc815\uc2e0 \uac74\uac15 \uac1c\uc120\uc785\ub2c8\ub2e4. <\/p>\n<p>\uc885\uc885 \uad6d\ub0b4\uc0b0 \uc791\ubb3c\uc5d0\uc11c \uc5bb\uc5b4\uc9c0\ub294 \uc774 \ucc9c\uc5f0 \uc81c\ud488\uc740 \uc624\uba54\uac00-3 \uc9c0\ubc29\uc0b0\ubfd0\ub9cc \uc544\ub2c8\ub77c \uc62c\ub808\uc0b0, \ud314\ubbf8\ud2b8\uc0b0, \ub2e8\ubc31\uc9c8, \uc544\ubbf8\ub178\uc0b0, \ube44\ud0c0\ubbfc A, D, K, E\uac00 \ud48d\ubd80\ud569\ub2c8\ub2e4. \uc774\ub7ec\ud55c \uc131\ubd84 \ub355\ubd84\uc5d0 \ud56d\uc0b0\ud654, \uc0b4\uade0, \uc7ac\uc0dd \ubc0f \uc790\uc678\uc120 \ucc28\ub2e8 \ud2b9\uc131\uc744 \uac00\uc9c0\uace0 \uc788\uc2b5\ub2c8\ub2e4. \uc131\uc778\uacfc \uc5b4\ub9b0\uc774 \ubaa8\ub450 \uc0ac\uc6a9\ud560 \uc218 \uc788\ub294 \uc81c\ud488\uc774\uba70, \ud53c\ubd80 \ubcf4\uc2b5\uc5d0 \ud0c1\uc6d4\ud569\ub2c8\ub2e4.  <\/p>\n<h3>\uc9c0\ubc29\uc0b0 \ud504\ub85c\ud544<\/h3>\n<table>\n<tbody>\n<tr>\n<td><strong>\uc9c0\ubc29\uc0b0<\/strong><\/td>\n<td><strong>\uacb0\ud569<\/strong><\/td>\n<td><strong>\uae30\uc900\uce58 (%)<\/strong><\/td>\n<\/tr>\n<tr>\n<td>\ud314\ubbf8\ud2b8\uc0b0<\/td>\n<td>C16:0<\/td>\n<td>4-8<\/td>\n<\/tr>\n<tr>\n<td>\uc2a4\ud14c\uc544\ub974\uc0b0<\/td>\n<td>C18:0<\/td>\n<td>0.05-3<\/td>\n<\/tr>\n<tr>\n<td>\uc62c\ub808\uc0b0<\/td>\n<td>C18:1<\/td>\n<td>5-12<\/td>\n<\/tr>\n<tr>\n<td>\ub9ac\ub180\ub808\uc0b0<\/td>\n<td>C18:2<\/td>\n<td>49-60<\/td>\n<\/tr>\n<tr>\n<td>\ub9ac\ub180\ub80c\uc0b0<\/td>\n<td>C18:3<\/td>\n<td>17-55<\/td>\n<\/tr>\n<tr>\n<td>\ub9ac\ub180\ub80c\uc0b0 {GLA}<\/td>\n<td>C18:3<\/td>\n<td>3-6<\/td>\n<\/tr>\n<\/tbody>\n<\/table>\n","protected":false},"excerpt":{"rendered":"<p>\uc800\ud76c\ub294 \uc2dd\ud488 \ub4f1\uae09\uc758 \ud584\ud504\uc528\ub4dc \uc624\uc77c \uc720\ud1b5\uc5c5\uccb4\uc785\ub2c8\ub2e4.<\/p>\n<p>\uc800\ud76c\uac00 \uc81c\uacf5\ud558\ub294 \ud584\ud504 \uc624\uc77c\uc740 \uc801\uc808\ud55c \uc591\uc758 \uce78\ub098\ube44\ub178\uc774\ub4dc, \ubbf8\ub7c9 \uc6d0\uc18c, \ube44\ud0c0\ubbfc, \ubd88\ud3ec\ud654 \uc9c0\ubc29\uc0b0\ubfd0\ub9cc \uc544\ub2c8\ub77c \uc2dd\ubb3c\uc131 \uc5d0\uc2a4\ud2b8\ub85c\uac90\uacfc \ud50c\ub77c\ubcf4\ub178\uc774\ub4dc\ub97c \ud568\uc720\ud558\uace0 \uc788\uc2b5\ub2c8\ub2e4. \ucc9c\uc5f0 \ub0c9\uc555\ucc29 \ube44\uc815\uc81c \ud584\ud504 \uc624\uc77c\uc740 \uc2e0\uccb4\uc5d0 \ub9ce\uc740 \uc720\uc775\ud55c \ud2b9\uc131\uc744 \uc81c\uacf5\ud569\ub2c8\ub2e4. \uac15\ub82c\ud55c \ub179\ud669\uc0c9\uc744 \ub760\uba70 \uace0\uc18c\ud55c \ub9db\uc774 \ud2b9\uc9d5\uc785\ub2c8\ub2e4.  <\/p>\n","protected":false},"featured_media":44473,"template":"","meta":{"_acf_changed":false},"product_brand":[],"product_cat":[8135,8174,8154],"product_tag":[],"class_list":{"0":"post-44472","1":"product","2":"type-product","3":"status-publish","4":"has-post-thumbnail","6":"product_cat-sig-yong-mit-hwa-jang-pum-yong-o-il","7":"product_cat-sig-yong-yu","8":"product_cat-hwa-jang-pum-o-il","9":"pa_czesc-rosliny-8177","10":"pa_metoda-pozyskiwania-8179","12":"first","13":"instock","14":"shipping-taxable","15":"product-type-simple"},"acf":[],"yoast_head":"<!-- This site is optimized with the Yoast SEO plugin v27.5 - https:\/\/yoast.com\/product\/yoast-seo-wordpress\/ -->\n<title>\ud584\ud504\uc528\ub4dc \uc624\uc77c - Hurtowy Dystrybutor<\/title>\n<meta name=\"robots\" content=\"index, follow, max-snippet:-1, max-image-preview:large, max-video-preview:-1\" \/>\n<link rel=\"canonical\" href=\"https:\/\/naturalpoland.com\/ko\/je-pum\/sig-pum-won-ryo\/sig-yong-yu\/%ed%96%84%ed%94%84%ec%94%a8%eb%93%9c-%ec%98%a4%ec%9d%bc\/\" \/>\n<meta property=\"og:locale\" content=\"ko_KR\" \/>\n<meta property=\"og:type\" content=\"article\" \/>\n<meta property=\"og:title\" content=\"\ud584\ud504\uc528\ub4dc \uc624\uc77c - Hurtowy Dystrybutor\" \/>\n<meta property=\"og:description\" content=\"\uc800\ud76c\ub294 \uc2dd\ud488 \ub4f1\uae09\uc758 \ud584\ud504\uc528\ub4dc \uc624\uc77c \uc720\ud1b5\uc5c5\uccb4\uc785\ub2c8\ub2e4. \uc800\ud76c\uac00 \uc81c\uacf5\ud558\ub294 \ud584\ud504 \uc624\uc77c\uc740 \uc801\uc808\ud55c \uc591\uc758 \uce78\ub098\ube44\ub178\uc774\ub4dc, \ubbf8\ub7c9 \uc6d0\uc18c, \ube44\ud0c0\ubbfc, \ubd88\ud3ec\ud654 \uc9c0\ubc29\uc0b0\ubfd0\ub9cc \uc544\ub2c8\ub77c \uc2dd\ubb3c\uc131 \uc5d0\uc2a4\ud2b8\ub85c\uac90\uacfc \ud50c\ub77c\ubcf4\ub178\uc774\ub4dc\ub97c \ud568\uc720\ud558\uace0 \uc788\uc2b5\ub2c8\ub2e4. \ucc9c\uc5f0 \ub0c9\uc555\ucc29 \ube44\uc815\uc81c \ud584\ud504 \uc624\uc77c\uc740 \uc2e0\uccb4\uc5d0 \ub9ce\uc740 \uc720\uc775\ud55c \ud2b9\uc131\uc744 \uc81c\uacf5\ud569\ub2c8\ub2e4. \uac15\ub82c\ud55c \ub179\ud669\uc0c9\uc744 \ub760\uba70 \uace0\uc18c\ud55c \ub9db\uc774 \ud2b9\uc9d5\uc785\ub2c8\ub2e4.\" \/>\n<meta property=\"og:url\" content=\"https:\/\/naturalpoland.com\/ko\/je-pum\/sig-pum-won-ryo\/sig-yong-yu\/%ed%96%84%ed%94%84%ec%94%a8%eb%93%9c-%ec%98%a4%ec%9d%bc\/\" \/>\n<meta property=\"og:site_name\" content=\"NATURAL POLAND - Hurtowy Dystrybutor Surowc\u00f3w\" \/>\n<meta property=\"article:publisher\" content=\"https:\/\/www.facebook.com\/naturalpoland.b2b\" \/>\n<meta property=\"article:modified_time\" content=\"2025-12-22T11:11:33+00:00\" \/>\n<meta property=\"og:image\" content=\"https:\/\/naturalpoland.com\/wp-content\/uploads\/2021\/05\/hemp-seed-oil.jpg\" \/>\n\t<meta property=\"og:image:width\" content=\"800\" \/>\n\t<meta property=\"og:image:height\" content=\"800\" \/>\n\t<meta property=\"og:image:type\" content=\"image\/jpeg\" \/>\n<script type=\"application\/ld+json\" class=\"yoast-schema-graph\">{\"@context\":\"https:\\\/\\\/schema.org\",\"@graph\":[{\"@type\":\"WebPage\",\"@id\":\"https:\\\/\\\/naturalpoland.com\\\/ko\\\/je-pum\\\/sig-pum-won-ryo\\\/sig-yong-yu\\\/%ed%96%84%ed%94%84%ec%94%a8%eb%93%9c-%ec%98%a4%ec%9d%bc\\\/\",\"url\":\"https:\\\/\\\/naturalpoland.com\\\/ko\\\/je-pum\\\/sig-pum-won-ryo\\\/sig-yong-yu\\\/%ed%96%84%ed%94%84%ec%94%a8%eb%93%9c-%ec%98%a4%ec%9d%bc\\\/\",\"name\":\"\ud584\ud504\uc528\ub4dc \uc624\uc77c - Hurtowy Dystrybutor\",\"isPartOf\":{\"@id\":\"https:\\\/\\\/naturalpoland.com\\\/ko\\\/#website\"},\"primaryImageOfPage\":{\"@id\":\"https:\\\/\\\/naturalpoland.com\\\/ko\\\/je-pum\\\/sig-pum-won-ryo\\\/sig-yong-yu\\\/%ed%96%84%ed%94%84%ec%94%a8%eb%93%9c-%ec%98%a4%ec%9d%bc\\\/#primaryimage\"},\"image\":{\"@id\":\"https:\\\/\\\/naturalpoland.com\\\/ko\\\/je-pum\\\/sig-pum-won-ryo\\\/sig-yong-yu\\\/%ed%96%84%ed%94%84%ec%94%a8%eb%93%9c-%ec%98%a4%ec%9d%bc\\\/#primaryimage\"},\"thumbnailUrl\":\"https:\\\/\\\/naturalpoland.com\\\/wp-content\\\/uploads\\\/2021\\\/05\\\/hemp-seed-oil.jpg\",\"datePublished\":\"2021-05-11T11:50:33+00:00\",\"dateModified\":\"2025-12-22T11:11:33+00:00\",\"breadcrumb\":{\"@id\":\"https:\\\/\\\/naturalpoland.com\\\/ko\\\/je-pum\\\/sig-pum-won-ryo\\\/sig-yong-yu\\\/%ed%96%84%ed%94%84%ec%94%a8%eb%93%9c-%ec%98%a4%ec%9d%bc\\\/#breadcrumb\"},\"inLanguage\":\"ko-KR\",\"potentialAction\":[{\"@type\":\"ReadAction\",\"target\":[\"https:\\\/\\\/naturalpoland.com\\\/ko\\\/je-pum\\\/sig-pum-won-ryo\\\/sig-yong-yu\\\/%ed%96%84%ed%94%84%ec%94%a8%eb%93%9c-%ec%98%a4%ec%9d%bc\\\/\"]}]},{\"@type\":\"ImageObject\",\"inLanguage\":\"ko-KR\",\"@id\":\"https:\\\/\\\/naturalpoland.com\\\/ko\\\/je-pum\\\/sig-pum-won-ryo\\\/sig-yong-yu\\\/%ed%96%84%ed%94%84%ec%94%a8%eb%93%9c-%ec%98%a4%ec%9d%bc\\\/#primaryimage\",\"url\":\"https:\\\/\\\/naturalpoland.com\\\/wp-content\\\/uploads\\\/2021\\\/05\\\/hemp-seed-oil.jpg\",\"contentUrl\":\"https:\\\/\\\/naturalpoland.com\\\/wp-content\\\/uploads\\\/2021\\\/05\\\/hemp-seed-oil.jpg\",\"width\":800,\"height\":800,\"caption\":\"\ud584\ud504\uc528\ub4dc \uc624\uc77c\"},{\"@type\":\"BreadcrumbList\",\"@id\":\"https:\\\/\\\/naturalpoland.com\\\/ko\\\/je-pum\\\/sig-pum-won-ryo\\\/sig-yong-yu\\\/%ed%96%84%ed%94%84%ec%94%a8%eb%93%9c-%ec%98%a4%ec%9d%bc\\\/#breadcrumb\",\"itemListElement\":[{\"@type\":\"ListItem\",\"position\":1,\"name\":\"\ud648\",\"item\":\"https:\\\/\\\/naturalpoland.com\\\/ko\\\/\"},{\"@type\":\"ListItem\",\"position\":2,\"name\":\"\uc81c\ud488\",\"item\":\"https:\\\/\\\/naturalpoland.com\\\/ko\\\/%ec%a0%9c%ed%92%88\\\/\"},{\"@type\":\"ListItem\",\"position\":3,\"name\":\"\ud584\ud504\uc528\ub4dc \uc624\uc77c\"}]},{\"@type\":\"WebSite\",\"@id\":\"https:\\\/\\\/naturalpoland.com\\\/ko\\\/#website\",\"url\":\"https:\\\/\\\/naturalpoland.com\\\/ko\\\/\",\"name\":\"NATURAL POLAND - Hurtowy Dystrybutor Surowc\u00f3w\",\"description\":\"Surowce dla przemys\u0142u spo\u017cywczego, kosmetycznego i farmaceutycznego\",\"publisher\":{\"@id\":\"https:\\\/\\\/naturalpoland.com\\\/ko\\\/#organization\"},\"potentialAction\":[{\"@type\":\"SearchAction\",\"target\":{\"@type\":\"EntryPoint\",\"urlTemplate\":\"https:\\\/\\\/naturalpoland.com\\\/ko\\\/?s={search_term_string}\"},\"query-input\":{\"@type\":\"PropertyValueSpecification\",\"valueRequired\":true,\"valueName\":\"search_term_string\"}}],\"inLanguage\":\"ko-KR\"},{\"@type\":\"Organization\",\"@id\":\"https:\\\/\\\/naturalpoland.com\\\/ko\\\/#organization\",\"name\":\"Natural Poland\",\"url\":\"https:\\\/\\\/naturalpoland.com\\\/ko\\\/\",\"logo\":{\"@type\":\"ImageObject\",\"inLanguage\":\"ko-KR\",\"@id\":\"https:\\\/\\\/naturalpoland.com\\\/ko\\\/#\\\/schema\\\/logo\\\/image\\\/\",\"url\":\"https:\\\/\\\/naturalpoland.com\\\/wp-content\\\/uploads\\\/2021\\\/05\\\/natural-poland-icon.png\",\"contentUrl\":\"https:\\\/\\\/naturalpoland.com\\\/wp-content\\\/uploads\\\/2021\\\/05\\\/natural-poland-icon.png\",\"width\":512,\"height\":512,\"caption\":\"Natural Poland\"},\"image\":{\"@id\":\"https:\\\/\\\/naturalpoland.com\\\/ko\\\/#\\\/schema\\\/logo\\\/image\\\/\"},\"sameAs\":[\"https:\\\/\\\/www.facebook.com\\\/naturalpoland.b2b\",\"https:\\\/\\\/pl.linkedin.com\\\/company\\\/natural-poland\",\"https:\\\/\\\/www.youtube.com\\\/channel\\\/UCgeGGkvOMahZo-xu_MSEWxg\"]}]}<\/script>\n<!-- \/ Yoast SEO plugin. -->","yoast_head_json":{"title":"\ud584\ud504\uc528\ub4dc \uc624\uc77c - Hurtowy Dystrybutor","robots":{"index":"index","follow":"follow","max-snippet":"max-snippet:-1","max-image-preview":"max-image-preview:large","max-video-preview":"max-video-preview:-1"},"canonical":"https:\/\/naturalpoland.com\/ko\/je-pum\/sig-pum-won-ryo\/sig-yong-yu\/%ed%96%84%ed%94%84%ec%94%a8%eb%93%9c-%ec%98%a4%ec%9d%bc\/","og_locale":"ko_KR","og_type":"article","og_title":"\ud584\ud504\uc528\ub4dc \uc624\uc77c - Hurtowy Dystrybutor","og_description":"\uc800\ud76c\ub294 \uc2dd\ud488 \ub4f1\uae09\uc758 \ud584\ud504\uc528\ub4dc \uc624\uc77c \uc720\ud1b5\uc5c5\uccb4\uc785\ub2c8\ub2e4. \uc800\ud76c\uac00 \uc81c\uacf5\ud558\ub294 \ud584\ud504 \uc624\uc77c\uc740 \uc801\uc808\ud55c \uc591\uc758 \uce78\ub098\ube44\ub178\uc774\ub4dc, \ubbf8\ub7c9 \uc6d0\uc18c, \ube44\ud0c0\ubbfc, \ubd88\ud3ec\ud654 \uc9c0\ubc29\uc0b0\ubfd0\ub9cc \uc544\ub2c8\ub77c \uc2dd\ubb3c\uc131 \uc5d0\uc2a4\ud2b8\ub85c\uac90\uacfc \ud50c\ub77c\ubcf4\ub178\uc774\ub4dc\ub97c \ud568\uc720\ud558\uace0 \uc788\uc2b5\ub2c8\ub2e4. \ucc9c\uc5f0 \ub0c9\uc555\ucc29 \ube44\uc815\uc81c \ud584\ud504 \uc624\uc77c\uc740 \uc2e0\uccb4\uc5d0 \ub9ce\uc740 \uc720\uc775\ud55c \ud2b9\uc131\uc744 \uc81c\uacf5\ud569\ub2c8\ub2e4. \uac15\ub82c\ud55c \ub179\ud669\uc0c9\uc744 \ub760\uba70 \uace0\uc18c\ud55c \ub9db\uc774 \ud2b9\uc9d5\uc785\ub2c8\ub2e4.","og_url":"https:\/\/naturalpoland.com\/ko\/je-pum\/sig-pum-won-ryo\/sig-yong-yu\/%ed%96%84%ed%94%84%ec%94%a8%eb%93%9c-%ec%98%a4%ec%9d%bc\/","og_site_name":"NATURAL POLAND - Hurtowy Dystrybutor Surowc\u00f3w","article_publisher":"https:\/\/www.facebook.com\/naturalpoland.b2b","article_modified_time":"2025-12-22T11:11:33+00:00","og_image":[{"width":800,"height":800,"url":"https:\/\/naturalpoland.com\/wp-content\/uploads\/2021\/05\/hemp-seed-oil.jpg","type":"image\/jpeg"}],"schema":{"@context":"https:\/\/schema.org","@graph":[{"@type":"WebPage","@id":"https:\/\/naturalpoland.com\/ko\/je-pum\/sig-pum-won-ryo\/sig-yong-yu\/%ed%96%84%ed%94%84%ec%94%a8%eb%93%9c-%ec%98%a4%ec%9d%bc\/","url":"https:\/\/naturalpoland.com\/ko\/je-pum\/sig-pum-won-ryo\/sig-yong-yu\/%ed%96%84%ed%94%84%ec%94%a8%eb%93%9c-%ec%98%a4%ec%9d%bc\/","name":"\ud584\ud504\uc528\ub4dc \uc624\uc77c - Hurtowy Dystrybutor","isPartOf":{"@id":"https:\/\/naturalpoland.com\/ko\/#website"},"primaryImageOfPage":{"@id":"https:\/\/naturalpoland.com\/ko\/je-pum\/sig-pum-won-ryo\/sig-yong-yu\/%ed%96%84%ed%94%84%ec%94%a8%eb%93%9c-%ec%98%a4%ec%9d%bc\/#primaryimage"},"image":{"@id":"https:\/\/naturalpoland.com\/ko\/je-pum\/sig-pum-won-ryo\/sig-yong-yu\/%ed%96%84%ed%94%84%ec%94%a8%eb%93%9c-%ec%98%a4%ec%9d%bc\/#primaryimage"},"thumbnailUrl":"https:\/\/naturalpoland.com\/wp-content\/uploads\/2021\/05\/hemp-seed-oil.jpg","datePublished":"2021-05-11T11:50:33+00:00","dateModified":"2025-12-22T11:11:33+00:00","breadcrumb":{"@id":"https:\/\/naturalpoland.com\/ko\/je-pum\/sig-pum-won-ryo\/sig-yong-yu\/%ed%96%84%ed%94%84%ec%94%a8%eb%93%9c-%ec%98%a4%ec%9d%bc\/#breadcrumb"},"inLanguage":"ko-KR","potentialAction":[{"@type":"ReadAction","target":["https:\/\/naturalpoland.com\/ko\/je-pum\/sig-pum-won-ryo\/sig-yong-yu\/%ed%96%84%ed%94%84%ec%94%a8%eb%93%9c-%ec%98%a4%ec%9d%bc\/"]}]},{"@type":"ImageObject","inLanguage":"ko-KR","@id":"https:\/\/naturalpoland.com\/ko\/je-pum\/sig-pum-won-ryo\/sig-yong-yu\/%ed%96%84%ed%94%84%ec%94%a8%eb%93%9c-%ec%98%a4%ec%9d%bc\/#primaryimage","url":"https:\/\/naturalpoland.com\/wp-content\/uploads\/2021\/05\/hemp-seed-oil.jpg","contentUrl":"https:\/\/naturalpoland.com\/wp-content\/uploads\/2021\/05\/hemp-seed-oil.jpg","width":800,"height":800,"caption":"\ud584\ud504\uc528\ub4dc \uc624\uc77c"},{"@type":"BreadcrumbList","@id":"https:\/\/naturalpoland.com\/ko\/je-pum\/sig-pum-won-ryo\/sig-yong-yu\/%ed%96%84%ed%94%84%ec%94%a8%eb%93%9c-%ec%98%a4%ec%9d%bc\/#breadcrumb","itemListElement":[{"@type":"ListItem","position":1,"name":"\ud648","item":"https:\/\/naturalpoland.com\/ko\/"},{"@type":"ListItem","position":2,"name":"\uc81c\ud488","item":"https:\/\/naturalpoland.com\/ko\/%ec%a0%9c%ed%92%88\/"},{"@type":"ListItem","position":3,"name":"\ud584\ud504\uc528\ub4dc \uc624\uc77c"}]},{"@type":"WebSite","@id":"https:\/\/naturalpoland.com\/ko\/#website","url":"https:\/\/naturalpoland.com\/ko\/","name":"NATURAL POLAND - Hurtowy Dystrybutor Surowc\u00f3w","description":"Surowce dla przemys\u0142u spo\u017cywczego, kosmetycznego i farmaceutycznego","publisher":{"@id":"https:\/\/naturalpoland.com\/ko\/#organization"},"potentialAction":[{"@type":"SearchAction","target":{"@type":"EntryPoint","urlTemplate":"https:\/\/naturalpoland.com\/ko\/?s={search_term_string}"},"query-input":{"@type":"PropertyValueSpecification","valueRequired":true,"valueName":"search_term_string"}}],"inLanguage":"ko-KR"},{"@type":"Organization","@id":"https:\/\/naturalpoland.com\/ko\/#organization","name":"Natural Poland","url":"https:\/\/naturalpoland.com\/ko\/","logo":{"@type":"ImageObject","inLanguage":"ko-KR","@id":"https:\/\/naturalpoland.com\/ko\/#\/schema\/logo\/image\/","url":"https:\/\/naturalpoland.com\/wp-content\/uploads\/2021\/05\/natural-poland-icon.png","contentUrl":"https:\/\/naturalpoland.com\/wp-content\/uploads\/2021\/05\/natural-poland-icon.png","width":512,"height":512,"caption":"Natural Poland"},"image":{"@id":"https:\/\/naturalpoland.com\/ko\/#\/schema\/logo\/image\/"},"sameAs":["https:\/\/www.facebook.com\/naturalpoland.b2b","https:\/\/pl.linkedin.com\/company\/natural-poland","https:\/\/www.youtube.com\/channel\/UCgeGGkvOMahZo-xu_MSEWxg"]}]}},"_links":{"self":[{"href":"https:\/\/naturalpoland.com\/ko\/wp-json\/wp\/v2\/product\/44472","targetHints":{"allow":["GET"]}}],"collection":[{"href":"https:\/\/naturalpoland.com\/ko\/wp-json\/wp\/v2\/product"}],"about":[{"href":"https:\/\/naturalpoland.com\/ko\/wp-json\/wp\/v2\/types\/product"}],"wp:featuredmedia":[{"embeddable":true,"href":"https:\/\/naturalpoland.com\/ko\/wp-json\/wp\/v2\/media\/44473"}],"wp:attachment":[{"href":"https:\/\/naturalpoland.com\/ko\/wp-json\/wp\/v2\/media?parent=44472"}],"wp:term":[{"taxonomy":"product_brand","embeddable":true,"href":"https:\/\/naturalpoland.com\/ko\/wp-json\/wp\/v2\/product_brand?post=44472"},{"taxonomy":"product_cat","embeddable":true,"href":"https:\/\/naturalpoland.com\/ko\/wp-json\/wp\/v2\/product_cat?post=44472"},{"taxonomy":"product_tag","embeddable":true,"href":"https:\/\/naturalpoland.com\/ko\/wp-json\/wp\/v2\/product_tag?post=44472"}],"curies":[{"name":"wp","href":"https:\/\/api.w.org\/{rel}","templated":true}]}}