{"id":44486,"date":"2021-05-11T13:50:55","date_gmt":"2021-05-11T11:50:55","guid":{"rendered":"https:\/\/naturalpoland.com\/produkty\/uncategorized\/%eb%9d%bc%ec%a6%88%eb%b2%a0%eb%a6%ac-%ec%94%a8-%ec%98%a4%ec%9d%bc\/"},"modified":"2025-12-22T12:18:01","modified_gmt":"2025-12-22T11:18:01","slug":"%eb%9d%bc%ec%a6%88%eb%b2%a0%eb%a6%ac-%ec%94%a8-%ec%98%a4%ec%9d%bc","status":"publish","type":"product","link":"https:\/\/naturalpoland.com\/ko\/je-pum\/sig-pum-won-ryo\/sig-yong-yu\/%eb%9d%bc%ec%a6%88%eb%b2%a0%eb%a6%ac-%ec%94%a8-%ec%98%a4%ec%9d%bc\/","title":{"rendered":"\ub77c\uc988\ubca0\ub9ac \uc528 \uc624\uc77c"},"content":{"rendered":"<p>\ub77c\uc988\ubca0\ub9ac \uc528 \uc624\uc77c\uc740 \ubaa8\ub4e0 \ud53c\ubd80 \ud0c0\uc785\uc5d0 \uc801\ud569\ud569\ub2c8\ub2e4. \uac74\uc131 \ud53c\ubd80\ub294 \ubb3c\ub860 \uc9c0\uc131 \ud53c\ubd80\uc5d0\ub3c4 \uc0ac\uc6a9 \uac00\ub2a5\ud558\uba70, \ub6f0\uc5b4\ub09c \ubcf4\uc2b5 \ud6a8\uacfc\ub85c \uc8fc\ub984 \uac1c\uc120\uc5d0 \ub3c4\uc6c0\uc744 \uc90d\ub2c8\ub2e4. \ud56d\uc0b0\ud654\uc81c\uc640 \ube44\ud0c0\ubbfc E\uac00 \ud48d\ubd80\ud558\uba70, \ud56d\uade0 \ubc0f \uc0b4\uade0 \uc791\uc6a9\ub3c4 \ub6f0\uc5b4\ub0a9\ub2c8\ub2e4.  <\/p>\n<h3>\uc9c0\ubc29\uc0b0 \ud568\ub7c9<\/h3>\n<table>\n<tbody>\n<tr>\n<th>\uc0b0 \uc774\ub984<\/th>\n<th>C-CHAIN<\/th>\n<th>\ubc94\uc704 (%)<\/th>\n<th>\uacb0\uacfc<\/th>\n<\/tr>\n<tr>\n<td>\ub808\uc2a4<\/td>\n<td>&lt; C16:0<\/td>\n<td>0.1-0.4<\/td>\n<td>0.2<\/td>\n<\/tr>\n<tr>\n<td>\ud314\ubbf8\ud2b8\uc0b0<\/td>\n<td>C16:0<\/td>\n<td>3.0-7.0<\/td>\n<td>4.4<\/td>\n<\/tr>\n<tr>\n<td>\ud314\ubbf8\ud1a8\ub808\uc0b0<\/td>\n<td>C16:1<\/td>\n<td><\/td>\n<td><\/td>\n<\/tr>\n<tr>\n<td>\uc2a4\ud14c\uc544\ub974\uc0b0<\/td>\n<td>C18:0<\/td>\n<td>1.0-4.0<\/td>\n<td>2.1<\/td>\n<\/tr>\n<tr>\n<td>\uc62c\ub808\uc0b0<\/td>\n<td>C18:1<\/td>\n<td>10.0-30.0<\/td>\n<td>20.3<\/td>\n<\/tr>\n<tr>\n<td>\ub9ac\ub180\ub808\uc0b0<\/td>\n<td>C18:2<\/td>\n<td>43.0-62.0<\/td>\n<td>56.2<\/td>\n<\/tr>\n<tr>\n<td>\ub9ac\ub180\ub80c\uc0b0<\/td>\n<td>C18:3<\/td>\n<td>9.0-30.0<\/td>\n<td>14.5<\/td>\n<\/tr>\n<tr>\n<td>\ub9ac\ub180\ub80c\uc0b0 (GLA)<\/td>\n<td>C18:3<\/td>\n<td><\/td>\n<td><\/td>\n<\/tr>\n<tr>\n<td>\uc774\ucf54\uc0b0\uc0b0<\/td>\n<td>C20:0<\/td>\n<td><\/td>\n<td><\/td>\n<\/tr>\n<tr>\n<td>\uc774\ucf54\uc13c\uc0b0<\/td>\n<td>C20:1<\/td>\n<td><\/td>\n<td><\/td>\n<\/tr>\n<tr>\n<td>\ub3c4\ucf54\uc0b0\uc0b0<\/td>\n<td>C22:0<\/td>\n<td><\/td>\n<td><\/td>\n<\/tr>\n<tr>\n<td>\uc5d0\ub8e8\ud06c\uc0b0<\/td>\n<td>C22:1<\/td>\n<td><\/td>\n<td><\/td>\n<\/tr>\n<tr>\n<td>\ud14c\ud2b8\ub77c\ucf54\uc0b0\uc0b0<\/td>\n<td>C24:0<\/td>\n<td><\/td>\n<td><\/td>\n<\/tr>\n<\/tbody>\n<\/table>\n","protected":false},"excerpt":{"rendered":"<p>\ub77c\uc988\ubca0\ub9ac \uc528 \uc624\uc77c, \ub0c9\uc555\ucc29, \ube44\uc815\uc81c. \ubcf8 \uc81c\ud488\uc740 \uc2dd\ud488 \ubc0f \ud654\uc7a5\ud488 \ub4f1\uae09\uc785\ub2c8\ub2e4. <\/p>\n","protected":false},"featured_media":44488,"template":"","meta":{"_acf_changed":false},"product_brand":[],"product_cat":[8135,8174,8154],"product_tag":[],"class_list":{"0":"post-44486","1":"product","2":"type-product","3":"status-publish","4":"has-post-thumbnail","6":"product_cat-sig-yong-mit-hwa-jang-pum-yong-o-il","7":"product_cat-sig-yong-yu","8":"product_cat-hwa-jang-pum-o-il","10":"first","11":"instock","12":"shipping-taxable","13":"product-type-simple"},"acf":[],"yoast_head":"<!-- This site is optimized with the Yoast SEO plugin v27.5 - https:\/\/yoast.com\/product\/yoast-seo-wordpress\/ -->\n<title>\ub77c\uc988\ubca0\ub9ac \uc528 \uc624\uc77c - Hurtowy Dystrybutor<\/title>\n<meta name=\"description\" content=\"\ub77c\uc988\ubca0\ub9ac \uc528 \uc624\uc77c, \ub0c9\uc555\ucc29, \ube44\uc815\uc81c. B2B \ub3c4\ub9e4 \uc720\ud1b5.\" \/>\n<meta name=\"robots\" content=\"index, follow, max-snippet:-1, max-image-preview:large, max-video-preview:-1\" \/>\n<link rel=\"canonical\" href=\"https:\/\/naturalpoland.com\/ko\/je-pum\/sig-pum-won-ryo\/sig-yong-yu\/%eb%9d%bc%ec%a6%88%eb%b2%a0%eb%a6%ac-%ec%94%a8-%ec%98%a4%ec%9d%bc\/\" \/>\n<meta property=\"og:locale\" content=\"ko_KR\" \/>\n<meta property=\"og:type\" content=\"article\" \/>\n<meta property=\"og:title\" content=\"\ub77c\uc988\ubca0\ub9ac \uc528 \uc624\uc77c - Hurtowy Dystrybutor\" \/>\n<meta property=\"og:description\" content=\"\ub77c\uc988\ubca0\ub9ac \uc528 \uc624\uc77c, \ub0c9\uc555\ucc29, \ube44\uc815\uc81c. B2B \ub3c4\ub9e4 \uc720\ud1b5.\" \/>\n<meta property=\"og:url\" content=\"https:\/\/naturalpoland.com\/ko\/je-pum\/sig-pum-won-ryo\/sig-yong-yu\/%eb%9d%bc%ec%a6%88%eb%b2%a0%eb%a6%ac-%ec%94%a8-%ec%98%a4%ec%9d%bc\/\" \/>\n<meta property=\"og:site_name\" content=\"NATURAL POLAND - Hurtowy Dystrybutor Surowc\u00f3w\" \/>\n<meta property=\"article:publisher\" content=\"https:\/\/www.facebook.com\/naturalpoland.b2b\" \/>\n<meta property=\"article:modified_time\" content=\"2025-12-22T11:18:01+00:00\" \/>\n<meta property=\"og:image\" content=\"https:\/\/naturalpoland.com\/wp-content\/uploads\/Olej-z-nasion-malin.jpg\" \/>\n\t<meta property=\"og:image:width\" content=\"650\" \/>\n\t<meta property=\"og:image:height\" content=\"650\" \/>\n\t<meta property=\"og:image:type\" content=\"image\/jpeg\" \/>\n<script type=\"application\/ld+json\" class=\"yoast-schema-graph\">{\"@context\":\"https:\\\/\\\/schema.org\",\"@graph\":[{\"@type\":\"WebPage\",\"@id\":\"https:\\\/\\\/naturalpoland.com\\\/ko\\\/je-pum\\\/sig-pum-won-ryo\\\/sig-yong-yu\\\/%eb%9d%bc%ec%a6%88%eb%b2%a0%eb%a6%ac-%ec%94%a8-%ec%98%a4%ec%9d%bc\\\/\",\"url\":\"https:\\\/\\\/naturalpoland.com\\\/ko\\\/je-pum\\\/sig-pum-won-ryo\\\/sig-yong-yu\\\/%eb%9d%bc%ec%a6%88%eb%b2%a0%eb%a6%ac-%ec%94%a8-%ec%98%a4%ec%9d%bc\\\/\",\"name\":\"\ub77c\uc988\ubca0\ub9ac \uc528 \uc624\uc77c - Hurtowy Dystrybutor\",\"isPartOf\":{\"@id\":\"https:\\\/\\\/naturalpoland.com\\\/ko\\\/#website\"},\"primaryImageOfPage\":{\"@id\":\"https:\\\/\\\/naturalpoland.com\\\/ko\\\/je-pum\\\/sig-pum-won-ryo\\\/sig-yong-yu\\\/%eb%9d%bc%ec%a6%88%eb%b2%a0%eb%a6%ac-%ec%94%a8-%ec%98%a4%ec%9d%bc\\\/#primaryimage\"},\"image\":{\"@id\":\"https:\\\/\\\/naturalpoland.com\\\/ko\\\/je-pum\\\/sig-pum-won-ryo\\\/sig-yong-yu\\\/%eb%9d%bc%ec%a6%88%eb%b2%a0%eb%a6%ac-%ec%94%a8-%ec%98%a4%ec%9d%bc\\\/#primaryimage\"},\"thumbnailUrl\":\"https:\\\/\\\/naturalpoland.com\\\/wp-content\\\/uploads\\\/Olej-z-nasion-malin.jpg\",\"datePublished\":\"2021-05-11T11:50:55+00:00\",\"dateModified\":\"2025-12-22T11:18:01+00:00\",\"description\":\"\ub77c\uc988\ubca0\ub9ac \uc528 \uc624\uc77c, \ub0c9\uc555\ucc29, \ube44\uc815\uc81c. B2B \ub3c4\ub9e4 \uc720\ud1b5.\",\"breadcrumb\":{\"@id\":\"https:\\\/\\\/naturalpoland.com\\\/ko\\\/je-pum\\\/sig-pum-won-ryo\\\/sig-yong-yu\\\/%eb%9d%bc%ec%a6%88%eb%b2%a0%eb%a6%ac-%ec%94%a8-%ec%98%a4%ec%9d%bc\\\/#breadcrumb\"},\"inLanguage\":\"ko-KR\",\"potentialAction\":[{\"@type\":\"ReadAction\",\"target\":[\"https:\\\/\\\/naturalpoland.com\\\/ko\\\/je-pum\\\/sig-pum-won-ryo\\\/sig-yong-yu\\\/%eb%9d%bc%ec%a6%88%eb%b2%a0%eb%a6%ac-%ec%94%a8-%ec%98%a4%ec%9d%bc\\\/\"]}]},{\"@type\":\"ImageObject\",\"inLanguage\":\"ko-KR\",\"@id\":\"https:\\\/\\\/naturalpoland.com\\\/ko\\\/je-pum\\\/sig-pum-won-ryo\\\/sig-yong-yu\\\/%eb%9d%bc%ec%a6%88%eb%b2%a0%eb%a6%ac-%ec%94%a8-%ec%98%a4%ec%9d%bc\\\/#primaryimage\",\"url\":\"https:\\\/\\\/naturalpoland.com\\\/wp-content\\\/uploads\\\/Olej-z-nasion-malin.jpg\",\"contentUrl\":\"https:\\\/\\\/naturalpoland.com\\\/wp-content\\\/uploads\\\/Olej-z-nasion-malin.jpg\",\"width\":650,\"height\":650,\"caption\":\"\ub77c\uc988\ubca0\ub9ac \uc528 \uc624\uc77c\"},{\"@type\":\"BreadcrumbList\",\"@id\":\"https:\\\/\\\/naturalpoland.com\\\/ko\\\/je-pum\\\/sig-pum-won-ryo\\\/sig-yong-yu\\\/%eb%9d%bc%ec%a6%88%eb%b2%a0%eb%a6%ac-%ec%94%a8-%ec%98%a4%ec%9d%bc\\\/#breadcrumb\",\"itemListElement\":[{\"@type\":\"ListItem\",\"position\":1,\"name\":\"\ud648\",\"item\":\"https:\\\/\\\/naturalpoland.com\\\/ko\\\/\"},{\"@type\":\"ListItem\",\"position\":2,\"name\":\"\uc81c\ud488\",\"item\":\"https:\\\/\\\/naturalpoland.com\\\/ko\\\/%ec%a0%9c%ed%92%88\\\/\"},{\"@type\":\"ListItem\",\"position\":3,\"name\":\"\ub77c\uc988\ubca0\ub9ac \uc528 \uc624\uc77c\"}]},{\"@type\":\"WebSite\",\"@id\":\"https:\\\/\\\/naturalpoland.com\\\/ko\\\/#website\",\"url\":\"https:\\\/\\\/naturalpoland.com\\\/ko\\\/\",\"name\":\"NATURAL POLAND - Hurtowy Dystrybutor Surowc\u00f3w\",\"description\":\"Surowce dla przemys\u0142u spo\u017cywczego, kosmetycznego i farmaceutycznego\",\"publisher\":{\"@id\":\"https:\\\/\\\/naturalpoland.com\\\/ko\\\/#organization\"},\"potentialAction\":[{\"@type\":\"SearchAction\",\"target\":{\"@type\":\"EntryPoint\",\"urlTemplate\":\"https:\\\/\\\/naturalpoland.com\\\/ko\\\/?s={search_term_string}\"},\"query-input\":{\"@type\":\"PropertyValueSpecification\",\"valueRequired\":true,\"valueName\":\"search_term_string\"}}],\"inLanguage\":\"ko-KR\"},{\"@type\":\"Organization\",\"@id\":\"https:\\\/\\\/naturalpoland.com\\\/ko\\\/#organization\",\"name\":\"Natural Poland\",\"url\":\"https:\\\/\\\/naturalpoland.com\\\/ko\\\/\",\"logo\":{\"@type\":\"ImageObject\",\"inLanguage\":\"ko-KR\",\"@id\":\"https:\\\/\\\/naturalpoland.com\\\/ko\\\/#\\\/schema\\\/logo\\\/image\\\/\",\"url\":\"https:\\\/\\\/naturalpoland.com\\\/wp-content\\\/uploads\\\/2021\\\/05\\\/natural-poland-icon.png\",\"contentUrl\":\"https:\\\/\\\/naturalpoland.com\\\/wp-content\\\/uploads\\\/2021\\\/05\\\/natural-poland-icon.png\",\"width\":512,\"height\":512,\"caption\":\"Natural Poland\"},\"image\":{\"@id\":\"https:\\\/\\\/naturalpoland.com\\\/ko\\\/#\\\/schema\\\/logo\\\/image\\\/\"},\"sameAs\":[\"https:\\\/\\\/www.facebook.com\\\/naturalpoland.b2b\",\"https:\\\/\\\/pl.linkedin.com\\\/company\\\/natural-poland\",\"https:\\\/\\\/www.youtube.com\\\/channel\\\/UCgeGGkvOMahZo-xu_MSEWxg\"]}]}<\/script>\n<!-- \/ Yoast SEO plugin. -->","yoast_head_json":{"title":"\ub77c\uc988\ubca0\ub9ac \uc528 \uc624\uc77c - Hurtowy Dystrybutor","description":"\ub77c\uc988\ubca0\ub9ac \uc528 \uc624\uc77c, \ub0c9\uc555\ucc29, \ube44\uc815\uc81c. B2B \ub3c4\ub9e4 \uc720\ud1b5.","robots":{"index":"index","follow":"follow","max-snippet":"max-snippet:-1","max-image-preview":"max-image-preview:large","max-video-preview":"max-video-preview:-1"},"canonical":"https:\/\/naturalpoland.com\/ko\/je-pum\/sig-pum-won-ryo\/sig-yong-yu\/%eb%9d%bc%ec%a6%88%eb%b2%a0%eb%a6%ac-%ec%94%a8-%ec%98%a4%ec%9d%bc\/","og_locale":"ko_KR","og_type":"article","og_title":"\ub77c\uc988\ubca0\ub9ac \uc528 \uc624\uc77c - Hurtowy Dystrybutor","og_description":"\ub77c\uc988\ubca0\ub9ac \uc528 \uc624\uc77c, \ub0c9\uc555\ucc29, \ube44\uc815\uc81c. B2B \ub3c4\ub9e4 \uc720\ud1b5.","og_url":"https:\/\/naturalpoland.com\/ko\/je-pum\/sig-pum-won-ryo\/sig-yong-yu\/%eb%9d%bc%ec%a6%88%eb%b2%a0%eb%a6%ac-%ec%94%a8-%ec%98%a4%ec%9d%bc\/","og_site_name":"NATURAL POLAND - Hurtowy Dystrybutor Surowc\u00f3w","article_publisher":"https:\/\/www.facebook.com\/naturalpoland.b2b","article_modified_time":"2025-12-22T11:18:01+00:00","og_image":[{"width":650,"height":650,"url":"https:\/\/naturalpoland.com\/wp-content\/uploads\/Olej-z-nasion-malin.jpg","type":"image\/jpeg"}],"schema":{"@context":"https:\/\/schema.org","@graph":[{"@type":"WebPage","@id":"https:\/\/naturalpoland.com\/ko\/je-pum\/sig-pum-won-ryo\/sig-yong-yu\/%eb%9d%bc%ec%a6%88%eb%b2%a0%eb%a6%ac-%ec%94%a8-%ec%98%a4%ec%9d%bc\/","url":"https:\/\/naturalpoland.com\/ko\/je-pum\/sig-pum-won-ryo\/sig-yong-yu\/%eb%9d%bc%ec%a6%88%eb%b2%a0%eb%a6%ac-%ec%94%a8-%ec%98%a4%ec%9d%bc\/","name":"\ub77c\uc988\ubca0\ub9ac \uc528 \uc624\uc77c - Hurtowy Dystrybutor","isPartOf":{"@id":"https:\/\/naturalpoland.com\/ko\/#website"},"primaryImageOfPage":{"@id":"https:\/\/naturalpoland.com\/ko\/je-pum\/sig-pum-won-ryo\/sig-yong-yu\/%eb%9d%bc%ec%a6%88%eb%b2%a0%eb%a6%ac-%ec%94%a8-%ec%98%a4%ec%9d%bc\/#primaryimage"},"image":{"@id":"https:\/\/naturalpoland.com\/ko\/je-pum\/sig-pum-won-ryo\/sig-yong-yu\/%eb%9d%bc%ec%a6%88%eb%b2%a0%eb%a6%ac-%ec%94%a8-%ec%98%a4%ec%9d%bc\/#primaryimage"},"thumbnailUrl":"https:\/\/naturalpoland.com\/wp-content\/uploads\/Olej-z-nasion-malin.jpg","datePublished":"2021-05-11T11:50:55+00:00","dateModified":"2025-12-22T11:18:01+00:00","description":"\ub77c\uc988\ubca0\ub9ac \uc528 \uc624\uc77c, \ub0c9\uc555\ucc29, \ube44\uc815\uc81c. B2B \ub3c4\ub9e4 \uc720\ud1b5.","breadcrumb":{"@id":"https:\/\/naturalpoland.com\/ko\/je-pum\/sig-pum-won-ryo\/sig-yong-yu\/%eb%9d%bc%ec%a6%88%eb%b2%a0%eb%a6%ac-%ec%94%a8-%ec%98%a4%ec%9d%bc\/#breadcrumb"},"inLanguage":"ko-KR","potentialAction":[{"@type":"ReadAction","target":["https:\/\/naturalpoland.com\/ko\/je-pum\/sig-pum-won-ryo\/sig-yong-yu\/%eb%9d%bc%ec%a6%88%eb%b2%a0%eb%a6%ac-%ec%94%a8-%ec%98%a4%ec%9d%bc\/"]}]},{"@type":"ImageObject","inLanguage":"ko-KR","@id":"https:\/\/naturalpoland.com\/ko\/je-pum\/sig-pum-won-ryo\/sig-yong-yu\/%eb%9d%bc%ec%a6%88%eb%b2%a0%eb%a6%ac-%ec%94%a8-%ec%98%a4%ec%9d%bc\/#primaryimage","url":"https:\/\/naturalpoland.com\/wp-content\/uploads\/Olej-z-nasion-malin.jpg","contentUrl":"https:\/\/naturalpoland.com\/wp-content\/uploads\/Olej-z-nasion-malin.jpg","width":650,"height":650,"caption":"\ub77c\uc988\ubca0\ub9ac \uc528 \uc624\uc77c"},{"@type":"BreadcrumbList","@id":"https:\/\/naturalpoland.com\/ko\/je-pum\/sig-pum-won-ryo\/sig-yong-yu\/%eb%9d%bc%ec%a6%88%eb%b2%a0%eb%a6%ac-%ec%94%a8-%ec%98%a4%ec%9d%bc\/#breadcrumb","itemListElement":[{"@type":"ListItem","position":1,"name":"\ud648","item":"https:\/\/naturalpoland.com\/ko\/"},{"@type":"ListItem","position":2,"name":"\uc81c\ud488","item":"https:\/\/naturalpoland.com\/ko\/%ec%a0%9c%ed%92%88\/"},{"@type":"ListItem","position":3,"name":"\ub77c\uc988\ubca0\ub9ac \uc528 \uc624\uc77c"}]},{"@type":"WebSite","@id":"https:\/\/naturalpoland.com\/ko\/#website","url":"https:\/\/naturalpoland.com\/ko\/","name":"NATURAL POLAND - Hurtowy Dystrybutor Surowc\u00f3w","description":"Surowce dla przemys\u0142u spo\u017cywczego, kosmetycznego i farmaceutycznego","publisher":{"@id":"https:\/\/naturalpoland.com\/ko\/#organization"},"potentialAction":[{"@type":"SearchAction","target":{"@type":"EntryPoint","urlTemplate":"https:\/\/naturalpoland.com\/ko\/?s={search_term_string}"},"query-input":{"@type":"PropertyValueSpecification","valueRequired":true,"valueName":"search_term_string"}}],"inLanguage":"ko-KR"},{"@type":"Organization","@id":"https:\/\/naturalpoland.com\/ko\/#organization","name":"Natural Poland","url":"https:\/\/naturalpoland.com\/ko\/","logo":{"@type":"ImageObject","inLanguage":"ko-KR","@id":"https:\/\/naturalpoland.com\/ko\/#\/schema\/logo\/image\/","url":"https:\/\/naturalpoland.com\/wp-content\/uploads\/2021\/05\/natural-poland-icon.png","contentUrl":"https:\/\/naturalpoland.com\/wp-content\/uploads\/2021\/05\/natural-poland-icon.png","width":512,"height":512,"caption":"Natural Poland"},"image":{"@id":"https:\/\/naturalpoland.com\/ko\/#\/schema\/logo\/image\/"},"sameAs":["https:\/\/www.facebook.com\/naturalpoland.b2b","https:\/\/pl.linkedin.com\/company\/natural-poland","https:\/\/www.youtube.com\/channel\/UCgeGGkvOMahZo-xu_MSEWxg"]}]}},"_links":{"self":[{"href":"https:\/\/naturalpoland.com\/ko\/wp-json\/wp\/v2\/product\/44486","targetHints":{"allow":["GET"]}}],"collection":[{"href":"https:\/\/naturalpoland.com\/ko\/wp-json\/wp\/v2\/product"}],"about":[{"href":"https:\/\/naturalpoland.com\/ko\/wp-json\/wp\/v2\/types\/product"}],"wp:featuredmedia":[{"embeddable":true,"href":"https:\/\/naturalpoland.com\/ko\/wp-json\/wp\/v2\/media\/44488"}],"wp:attachment":[{"href":"https:\/\/naturalpoland.com\/ko\/wp-json\/wp\/v2\/media?parent=44486"}],"wp:term":[{"taxonomy":"product_brand","embeddable":true,"href":"https:\/\/naturalpoland.com\/ko\/wp-json\/wp\/v2\/product_brand?post=44486"},{"taxonomy":"product_cat","embeddable":true,"href":"https:\/\/naturalpoland.com\/ko\/wp-json\/wp\/v2\/product_cat?post=44486"},{"taxonomy":"product_tag","embeddable":true,"href":"https:\/\/naturalpoland.com\/ko\/wp-json\/wp\/v2\/product_tag?post=44486"}],"curies":[{"name":"wp","href":"https:\/\/api.w.org\/{rel}","templated":true}]}}