{"id":44493,"date":"2021-05-21T10:15:00","date_gmt":"2021-05-21T08:15:00","guid":{"rendered":"https:\/\/naturalpoland.com\/produkty\/uncategorized\/%eb%b0%94%ec%bf%a0%ec%b9%98%ec%98%ac\/"},"modified":"2025-12-22T12:20:54","modified_gmt":"2025-12-22T11:20:54","slug":"%eb%b0%94%ec%bf%a0%ec%b9%98%ec%98%ac","status":"publish","type":"product","link":"https:\/\/naturalpoland.com\/ko\/je-pum\/hwa-jang-pum-won-ryo\/hwa-jang-pum-won-ryo-ko\/%eb%b0%94%ec%bf%a0%ec%b9%98%ec%98%ac\/","title":{"rendered":"\ubc14\ucfe0\uce58\uc62c"},"content":{"rendered":"<h2>\ubc14\ucfe0\uce58\uc62c\uc758 \ubbf8\uc6a9 \ud6a8\ub2a5:<\/h2>\n<p>\ubc14\ucfe0\uce58\uc62c\uc740 \ucf5c\ub77c\uac90\uacfc \uc5d8\ub77c\uc2a4\ud2f4 \uc0dd\uc131\uc744 \ucd09\uc9c4\ud558\uc5ec \uc8fc\ub984 \uac10\uc18c \ubc0f \ud53c\ubd80 \ud0c4\ub825 \uac1c\uc120\uc5d0 \uae30\uc5ec\ud558\ub294 \uac15\ub825\ud55c <strong>\ub178\ud654 \ubc29\uc9c0 \ud2b9\uc131<\/strong>\uc744 \ubcf4\uc785\ub2c8\ub2e4. \uc774\ub294 \ub178\ud654 \uc9d5\ud6c4\uc5d0 \ub9de\uc11c\ub294 \uc790\uc5f0\uc801\uc778 \ubc29\ubc95\uc744 \ucc3e\ub294 \uc131\uc219\ud55c \ud53c\ubd80\ub97c \uac00\uc9c4 \ubd84\ub4e4\uaed8 \ud2b9\ud788 \uc720\uc775\ud569\ub2c8\ub2e4. <\/p>\n<p>\ubc14\ucfe0\uce58\uc62c\uc740 \ud53c\ubd80 \uc138\ud3ec\uc758 <strong>\uc7ac\uc0dd\uc744 \ub3d5\uace0<\/strong>, \uce58\uc720 \ubc0f \ud68c\ubcf5 \uacfc\uc815\uc744 \uac00\uc18d\ud654\ud569\ub2c8\ub2e4. \uc0c9\uc18c \uce68\ucc29, \ud749\ud130 \ubc0f \uae30\ud0c0 \ud53c\ubd80 \uacb0\uc810\uc744 \uc904\uc774\ub294 \ub370 \ud6a8\uacfc\uc801\uc774\uba70, \uc804\ubc18\uc801\uc778 \ud53c\ubd80 \uc678\uad00\uacfc \uc9c8\uac10\uc744 \uac1c\uc120\ud569\ub2c8\ub2e4. \uc774 \uc6d0\ub8cc\ub294 \uc218\uc138\uae30 \ub3d9\uc548 \uc804\ud1b5 \uc911\uad6d \uc758\ud559\uc5d0\uc11c \ubaa8\ub4e0 \ud53c\ubd80 \uc9c8\ud658\uc758 \uce58\ub8cc\uc81c\ub85c \uc0ac\uc6a9\ub418\uc5b4 \uc654\uc2b5\ub2c8\ub2e4.  <\/p>\n<p><em>\uc601\uad6d \ud53c\ubd80\uacfc \uc800\ub110(British Journal of Dermatology)<\/em>\uc5d0 \ubc1c\ud45c\ub41c \uc5f0\uad6c\uc5d0 \ub530\ub974\uba74, \ubc14\ucfe0\uce58\uc62c\uc740 \uc8fc\ub984\uacfc \uc0c9\uc18c \uce68\ucc29\uc744 \uc644\ud654\ud558\uace0 \uae4a\uc740 \uc8fc\ub984\uc744 \uc605\uac8c \ud558\ub294 \ub180\ub77c\uc6b4 <strong>\ud56d\uc0b0\ud654 \ud2b9\uc131<\/strong>\uc744 \uac00\uc9c0\uace0 \uc788\uc2b5\ub2c8\ub2e4.<\/p>\n<h2>\uc801\uc6a9 \ubd84\uc57c:<\/h2>\n<p>\ubc14\ucfe0\uce58\uc62c\uc740 <strong>\ub178\ud654 \ubc29\uc9c0 \ud06c\ub9bc, \uc138\ub7fc, \ud398\uc774\uc2a4 \uc624\uc77c, \ubc24, \ub9c8\uc2a4\ud06c<\/strong> \ub4f1 \ub2e4\uc591\ud55c \ud654\uc7a5\ud488\uc5d0 \ub110\ub9ac \uc0ac\uc6a9\ub429\ub2c8\ub2e4. \uc7ac\uc0dd \ubc0f \ub178\ud654 \ubc29\uc9c0 \ud2b9\uc131 \ub355\ubd84\uc5d0 \uc790\uc5f0\uc801\uc774\uace0 \ud6a8\uacfc\uc801\uc778 \uc2a4\ud0a8\ucf00\uc5b4 \uc194\ub8e8\uc158\uc744 \ucc3e\ub294 \ubd84\ub4e4\uc5d0\uac8c \uc774\uc0c1\uc801\uc778 \uc131\ubd84\uc785\ub2c8\ub2e4. <\/p>\n<p>\uc9c4\uc815 \ud2b9\uc131 \ub355\ubd84\uc5d0 \ubc14\ucfe0\uce58\uc62c\uc740 \uc5ec\ub4dc\ub984, \uc2b5\uc9c4 \ubc0f \uae30\ud0c0 \ud53c\ubd80 \ubb38\uc81c \uce58\ub8cc\ub97c \uc704\ud55c <strong>\ud53c\ubd80\uacfc \uc81c\uc81c<\/strong>\uc5d0\ub3c4 \uc0ac\uc6a9\ub429\ub2c8\ub2e4. \uc5fc\uc99d\uc744 \uc904\uc774\uace0 \ud53c\ubd80 \uc7ac\uc0dd \uacfc\uc815\uc744 \ub3d5\uc2b5\ub2c8\ub2e4.<br \/>\n\ubc14\ucfe0\uce58\uc62c\uc740 \uad8c\uc7a5 \uc0ac\ud56d\uc5d0 \ub530\ub77c \ubcf4\uad00\ud558\uba74 \uc548\uc815\uc801\uc785\ub2c8\ub2e4. \uac15\ud55c \uc0b0\ud654\uc81c\uc640\uc758 \uc811\ucd09\uc744 \ud53c\ud574\uc57c \ud569\ub2c8\ub2e4. \uc774 \uc81c\ud488\uc740 \uad8c\uc7a5 \ubcf4\uad00 \uc870\uac74\uc5d0\uc11c \uc5f4\uacfc \ube5b\uc5d0 \uac15\ud569\ub2c8\ub2e4.   <\/p>\n","protected":false},"excerpt":{"rendered":"<p><strong>\ubc14\ucfe0\uce58\uc62c<\/strong>\uc740 \uc544\uc2dc\uc544, \uc544\ud504\ub9ac\uce74, \uc911\uc559 \uc720\ub7fd\uc5d0\uc11c \uc790\ub77c\ub294 \ubc14\ucfe0\uce58(<em>Psoralea corylifolia<\/em>)\uc758 \uc78e\uacfc \uc528\uc557\uc5d0\uc11c \ucd94\ucd9c\ud55c \ucc9c\uc5f0 \ud654\uc7a5\ud488 \uc131\ubd84\uc785\ub2c8\ub2e4. <strong><a href=\"https:\/\/naturalpoland.com\/produkty\/produkty-dla-przemyslu-kosmetycznego\/surowce-kosmetyczne\/retinol\/\">\ub808\ud2f0\ub180<\/a><\/strong>\uc758 \ucc9c\uc5f0 \ub300\uccb4\uc81c\ub85c \uc5ec\uaca8\uc9c0\uc9c0\ub9cc, \ub808\ud2f0\ub180\uacfc \ub2ec\ub9ac \uad11\uacfc\ubbfc\uc131 \ud2b9\uc131\uc774 \uc5c6\uc73c\uba70, \uc624\ud788\ub824 \ud587\ube5b\uc758 \uc720\ud574\ud55c \uc601\ud5a5\uc744 \uc644\ud654\ud558\uace0 \ud53c\ubd80\ub97c \ub354\uc6b1 \uac15\ud558\uac8c \ub9cc\ub4ed\ub2c8\ub2e4. <\/p>\n","protected":false},"featured_media":44495,"template":"","meta":{"_acf_changed":false},"product_brand":[],"product_cat":[8160],"product_tag":[],"class_list":{"0":"post-44493","1":"product","2":"type-product","3":"status-publish","4":"has-post-thumbnail","6":"product_cat-hwa-jang-pum-won-ryo-ko","7":"pa_grupa-substancji-8226","9":"first","10":"instock","11":"shipping-taxable","12":"product-type-simple"},"acf":[],"yoast_head":"<!-- This site is optimized with the Yoast SEO plugin v27.5 - https:\/\/yoast.com\/product\/yoast-seo-wordpress\/ -->\n<title>NATURAL POLAND &#8211; Hurtowy Dystrybutor Surowc\u00f3w<\/title>\n<meta name=\"description\" content=\"\ubc14\ucfe0\uce58\uc62c\uc740 \ub808\ud2f0\ub180\uc758 \ucc9c\uc5f0 \ub300\uccb4\uc81c\ub85c \uc5ec\uaca8\uc9c0\uc9c0\ub9cc, \ub808\ud2f0\ub180\uacfc \ub2ec\ub9ac \uad11\uacfc\ubbfc\uc131 \ud2b9\uc131\uc774 \uc5c6\uc2b5\ub2c8\ub2e4.\" \/>\n<meta name=\"robots\" content=\"index, follow, max-snippet:-1, max-image-preview:large, max-video-preview:-1\" \/>\n<link rel=\"canonical\" href=\"https:\/\/naturalpoland.com\/ko\/je-pum\/hwa-jang-pum-won-ryo\/hwa-jang-pum-won-ryo-ko\/%eb%b0%94%ec%bf%a0%ec%b9%98%ec%98%ac\/\" \/>\n<meta property=\"og:locale\" content=\"ko_KR\" \/>\n<meta property=\"og:type\" content=\"article\" \/>\n<meta property=\"og:description\" content=\"\ubc14\ucfe0\uce58\uc62c\uc740 \ub808\ud2f0\ub180\uc758 \ucc9c\uc5f0 \ub300\uccb4\uc81c\ub85c \uc5ec\uaca8\uc9c0\uc9c0\ub9cc, \ub808\ud2f0\ub180\uacfc \ub2ec\ub9ac \uad11\uacfc\ubbfc\uc131 \ud2b9\uc131\uc774 \uc5c6\uc2b5\ub2c8\ub2e4.\" \/>\n<meta property=\"og:url\" content=\"https:\/\/naturalpoland.com\/ko\/je-pum\/hwa-jang-pum-won-ryo\/hwa-jang-pum-won-ryo-ko\/%eb%b0%94%ec%bf%a0%ec%b9%98%ec%98%ac\/\" \/>\n<meta property=\"og:site_name\" content=\"NATURAL POLAND - Hurtowy Dystrybutor Surowc\u00f3w\" \/>\n<meta property=\"article:publisher\" content=\"https:\/\/www.facebook.com\/naturalpoland.b2b\" \/>\n<meta property=\"article:modified_time\" content=\"2025-12-22T11:20:54+00:00\" \/>\n<meta property=\"og:image\" content=\"https:\/\/naturalpoland.com\/wp-content\/uploads\/bakuchiol.png\" \/>\n\t<meta property=\"og:image:width\" content=\"650\" \/>\n\t<meta property=\"og:image:height\" content=\"650\" \/>\n\t<meta property=\"og:image:type\" content=\"image\/png\" \/>\n<script type=\"application\/ld+json\" class=\"yoast-schema-graph\">{\"@context\":\"https:\\\/\\\/schema.org\",\"@graph\":[{\"@type\":\"WebPage\",\"@id\":\"https:\\\/\\\/naturalpoland.com\\\/ko\\\/je-pum\\\/hwa-jang-pum-won-ryo\\\/hwa-jang-pum-won-ryo-ko\\\/%eb%b0%94%ec%bf%a0%ec%b9%98%ec%98%ac\\\/\",\"url\":\"https:\\\/\\\/naturalpoland.com\\\/ko\\\/je-pum\\\/hwa-jang-pum-won-ryo\\\/hwa-jang-pum-won-ryo-ko\\\/%eb%b0%94%ec%bf%a0%ec%b9%98%ec%98%ac\\\/\",\"name\":\"\",\"isPartOf\":{\"@id\":\"https:\\\/\\\/naturalpoland.com\\\/ko\\\/#website\"},\"primaryImageOfPage\":{\"@id\":\"https:\\\/\\\/naturalpoland.com\\\/ko\\\/je-pum\\\/hwa-jang-pum-won-ryo\\\/hwa-jang-pum-won-ryo-ko\\\/%eb%b0%94%ec%bf%a0%ec%b9%98%ec%98%ac\\\/#primaryimage\"},\"image\":{\"@id\":\"https:\\\/\\\/naturalpoland.com\\\/ko\\\/je-pum\\\/hwa-jang-pum-won-ryo\\\/hwa-jang-pum-won-ryo-ko\\\/%eb%b0%94%ec%bf%a0%ec%b9%98%ec%98%ac\\\/#primaryimage\"},\"thumbnailUrl\":\"https:\\\/\\\/naturalpoland.com\\\/wp-content\\\/uploads\\\/bakuchiol.png\",\"datePublished\":\"2021-05-21T08:15:00+00:00\",\"dateModified\":\"2025-12-22T11:20:54+00:00\",\"description\":\"\ubc14\ucfe0\uce58\uc62c\uc740 \ub808\ud2f0\ub180\uc758 \ucc9c\uc5f0 \ub300\uccb4\uc81c\ub85c \uc5ec\uaca8\uc9c0\uc9c0\ub9cc, \ub808\ud2f0\ub180\uacfc \ub2ec\ub9ac \uad11\uacfc\ubbfc\uc131 \ud2b9\uc131\uc774 \uc5c6\uc2b5\ub2c8\ub2e4.\",\"breadcrumb\":{\"@id\":\"https:\\\/\\\/naturalpoland.com\\\/ko\\\/je-pum\\\/hwa-jang-pum-won-ryo\\\/hwa-jang-pum-won-ryo-ko\\\/%eb%b0%94%ec%bf%a0%ec%b9%98%ec%98%ac\\\/#breadcrumb\"},\"inLanguage\":\"ko-KR\",\"potentialAction\":[{\"@type\":\"ReadAction\",\"target\":[\"https:\\\/\\\/naturalpoland.com\\\/ko\\\/je-pum\\\/hwa-jang-pum-won-ryo\\\/hwa-jang-pum-won-ryo-ko\\\/%eb%b0%94%ec%bf%a0%ec%b9%98%ec%98%ac\\\/\"]}]},{\"@type\":\"ImageObject\",\"inLanguage\":\"ko-KR\",\"@id\":\"https:\\\/\\\/naturalpoland.com\\\/ko\\\/je-pum\\\/hwa-jang-pum-won-ryo\\\/hwa-jang-pum-won-ryo-ko\\\/%eb%b0%94%ec%bf%a0%ec%b9%98%ec%98%ac\\\/#primaryimage\",\"url\":\"https:\\\/\\\/naturalpoland.com\\\/wp-content\\\/uploads\\\/bakuchiol.png\",\"contentUrl\":\"https:\\\/\\\/naturalpoland.com\\\/wp-content\\\/uploads\\\/bakuchiol.png\",\"width\":650,\"height\":650,\"caption\":\"\ubc14\ucfe0\uce58\uc62c\"},{\"@type\":\"BreadcrumbList\",\"@id\":\"https:\\\/\\\/naturalpoland.com\\\/ko\\\/je-pum\\\/hwa-jang-pum-won-ryo\\\/hwa-jang-pum-won-ryo-ko\\\/%eb%b0%94%ec%bf%a0%ec%b9%98%ec%98%ac\\\/#breadcrumb\",\"itemListElement\":[{\"@type\":\"ListItem\",\"position\":1,\"name\":\"\ud648\",\"item\":\"https:\\\/\\\/naturalpoland.com\\\/ko\\\/\"},{\"@type\":\"ListItem\",\"position\":2,\"name\":\"\uc81c\ud488\",\"item\":\"https:\\\/\\\/naturalpoland.com\\\/ko\\\/%ec%a0%9c%ed%92%88\\\/\"},{\"@type\":\"ListItem\",\"position\":3,\"name\":\"\ubc14\ucfe0\uce58\uc62c\"}]},{\"@type\":\"WebSite\",\"@id\":\"https:\\\/\\\/naturalpoland.com\\\/ko\\\/#website\",\"url\":\"https:\\\/\\\/naturalpoland.com\\\/ko\\\/\",\"name\":\"NATURAL POLAND - Hurtowy Dystrybutor Surowc\u00f3w\",\"description\":\"Surowce dla przemys\u0142u spo\u017cywczego, kosmetycznego i farmaceutycznego\",\"publisher\":{\"@id\":\"https:\\\/\\\/naturalpoland.com\\\/ko\\\/#organization\"},\"potentialAction\":[{\"@type\":\"SearchAction\",\"target\":{\"@type\":\"EntryPoint\",\"urlTemplate\":\"https:\\\/\\\/naturalpoland.com\\\/ko\\\/?s={search_term_string}\"},\"query-input\":{\"@type\":\"PropertyValueSpecification\",\"valueRequired\":true,\"valueName\":\"search_term_string\"}}],\"inLanguage\":\"ko-KR\"},{\"@type\":\"Organization\",\"@id\":\"https:\\\/\\\/naturalpoland.com\\\/ko\\\/#organization\",\"name\":\"Natural Poland\",\"url\":\"https:\\\/\\\/naturalpoland.com\\\/ko\\\/\",\"logo\":{\"@type\":\"ImageObject\",\"inLanguage\":\"ko-KR\",\"@id\":\"https:\\\/\\\/naturalpoland.com\\\/ko\\\/#\\\/schema\\\/logo\\\/image\\\/\",\"url\":\"https:\\\/\\\/naturalpoland.com\\\/wp-content\\\/uploads\\\/2021\\\/05\\\/natural-poland-icon.png\",\"contentUrl\":\"https:\\\/\\\/naturalpoland.com\\\/wp-content\\\/uploads\\\/2021\\\/05\\\/natural-poland-icon.png\",\"width\":512,\"height\":512,\"caption\":\"Natural Poland\"},\"image\":{\"@id\":\"https:\\\/\\\/naturalpoland.com\\\/ko\\\/#\\\/schema\\\/logo\\\/image\\\/\"},\"sameAs\":[\"https:\\\/\\\/www.facebook.com\\\/naturalpoland.b2b\",\"https:\\\/\\\/pl.linkedin.com\\\/company\\\/natural-poland\",\"https:\\\/\\\/www.youtube.com\\\/channel\\\/UCgeGGkvOMahZo-xu_MSEWxg\"]}]}<\/script>\n<!-- \/ Yoast SEO plugin. -->","yoast_head_json":{"title":"NATURAL POLAND &#8211; Hurtowy Dystrybutor Surowc\u00f3w","description":"\ubc14\ucfe0\uce58\uc62c\uc740 \ub808\ud2f0\ub180\uc758 \ucc9c\uc5f0 \ub300\uccb4\uc81c\ub85c \uc5ec\uaca8\uc9c0\uc9c0\ub9cc, \ub808\ud2f0\ub180\uacfc \ub2ec\ub9ac \uad11\uacfc\ubbfc\uc131 \ud2b9\uc131\uc774 \uc5c6\uc2b5\ub2c8\ub2e4.","robots":{"index":"index","follow":"follow","max-snippet":"max-snippet:-1","max-image-preview":"max-image-preview:large","max-video-preview":"max-video-preview:-1"},"canonical":"https:\/\/naturalpoland.com\/ko\/je-pum\/hwa-jang-pum-won-ryo\/hwa-jang-pum-won-ryo-ko\/%eb%b0%94%ec%bf%a0%ec%b9%98%ec%98%ac\/","og_locale":"ko_KR","og_type":"article","og_description":"\ubc14\ucfe0\uce58\uc62c\uc740 \ub808\ud2f0\ub180\uc758 \ucc9c\uc5f0 \ub300\uccb4\uc81c\ub85c \uc5ec\uaca8\uc9c0\uc9c0\ub9cc, \ub808\ud2f0\ub180\uacfc \ub2ec\ub9ac \uad11\uacfc\ubbfc\uc131 \ud2b9\uc131\uc774 \uc5c6\uc2b5\ub2c8\ub2e4.","og_url":"https:\/\/naturalpoland.com\/ko\/je-pum\/hwa-jang-pum-won-ryo\/hwa-jang-pum-won-ryo-ko\/%eb%b0%94%ec%bf%a0%ec%b9%98%ec%98%ac\/","og_site_name":"NATURAL POLAND - Hurtowy Dystrybutor Surowc\u00f3w","article_publisher":"https:\/\/www.facebook.com\/naturalpoland.b2b","article_modified_time":"2025-12-22T11:20:54+00:00","og_image":[{"width":650,"height":650,"url":"https:\/\/naturalpoland.com\/wp-content\/uploads\/bakuchiol.png","type":"image\/png"}],"schema":{"@context":"https:\/\/schema.org","@graph":[{"@type":"WebPage","@id":"https:\/\/naturalpoland.com\/ko\/je-pum\/hwa-jang-pum-won-ryo\/hwa-jang-pum-won-ryo-ko\/%eb%b0%94%ec%bf%a0%ec%b9%98%ec%98%ac\/","url":"https:\/\/naturalpoland.com\/ko\/je-pum\/hwa-jang-pum-won-ryo\/hwa-jang-pum-won-ryo-ko\/%eb%b0%94%ec%bf%a0%ec%b9%98%ec%98%ac\/","name":"","isPartOf":{"@id":"https:\/\/naturalpoland.com\/ko\/#website"},"primaryImageOfPage":{"@id":"https:\/\/naturalpoland.com\/ko\/je-pum\/hwa-jang-pum-won-ryo\/hwa-jang-pum-won-ryo-ko\/%eb%b0%94%ec%bf%a0%ec%b9%98%ec%98%ac\/#primaryimage"},"image":{"@id":"https:\/\/naturalpoland.com\/ko\/je-pum\/hwa-jang-pum-won-ryo\/hwa-jang-pum-won-ryo-ko\/%eb%b0%94%ec%bf%a0%ec%b9%98%ec%98%ac\/#primaryimage"},"thumbnailUrl":"https:\/\/naturalpoland.com\/wp-content\/uploads\/bakuchiol.png","datePublished":"2021-05-21T08:15:00+00:00","dateModified":"2025-12-22T11:20:54+00:00","description":"\ubc14\ucfe0\uce58\uc62c\uc740 \ub808\ud2f0\ub180\uc758 \ucc9c\uc5f0 \ub300\uccb4\uc81c\ub85c \uc5ec\uaca8\uc9c0\uc9c0\ub9cc, \ub808\ud2f0\ub180\uacfc \ub2ec\ub9ac \uad11\uacfc\ubbfc\uc131 \ud2b9\uc131\uc774 \uc5c6\uc2b5\ub2c8\ub2e4.","breadcrumb":{"@id":"https:\/\/naturalpoland.com\/ko\/je-pum\/hwa-jang-pum-won-ryo\/hwa-jang-pum-won-ryo-ko\/%eb%b0%94%ec%bf%a0%ec%b9%98%ec%98%ac\/#breadcrumb"},"inLanguage":"ko-KR","potentialAction":[{"@type":"ReadAction","target":["https:\/\/naturalpoland.com\/ko\/je-pum\/hwa-jang-pum-won-ryo\/hwa-jang-pum-won-ryo-ko\/%eb%b0%94%ec%bf%a0%ec%b9%98%ec%98%ac\/"]}]},{"@type":"ImageObject","inLanguage":"ko-KR","@id":"https:\/\/naturalpoland.com\/ko\/je-pum\/hwa-jang-pum-won-ryo\/hwa-jang-pum-won-ryo-ko\/%eb%b0%94%ec%bf%a0%ec%b9%98%ec%98%ac\/#primaryimage","url":"https:\/\/naturalpoland.com\/wp-content\/uploads\/bakuchiol.png","contentUrl":"https:\/\/naturalpoland.com\/wp-content\/uploads\/bakuchiol.png","width":650,"height":650,"caption":"\ubc14\ucfe0\uce58\uc62c"},{"@type":"BreadcrumbList","@id":"https:\/\/naturalpoland.com\/ko\/je-pum\/hwa-jang-pum-won-ryo\/hwa-jang-pum-won-ryo-ko\/%eb%b0%94%ec%bf%a0%ec%b9%98%ec%98%ac\/#breadcrumb","itemListElement":[{"@type":"ListItem","position":1,"name":"\ud648","item":"https:\/\/naturalpoland.com\/ko\/"},{"@type":"ListItem","position":2,"name":"\uc81c\ud488","item":"https:\/\/naturalpoland.com\/ko\/%ec%a0%9c%ed%92%88\/"},{"@type":"ListItem","position":3,"name":"\ubc14\ucfe0\uce58\uc62c"}]},{"@type":"WebSite","@id":"https:\/\/naturalpoland.com\/ko\/#website","url":"https:\/\/naturalpoland.com\/ko\/","name":"NATURAL POLAND - Hurtowy Dystrybutor Surowc\u00f3w","description":"Surowce dla przemys\u0142u spo\u017cywczego, kosmetycznego i farmaceutycznego","publisher":{"@id":"https:\/\/naturalpoland.com\/ko\/#organization"},"potentialAction":[{"@type":"SearchAction","target":{"@type":"EntryPoint","urlTemplate":"https:\/\/naturalpoland.com\/ko\/?s={search_term_string}"},"query-input":{"@type":"PropertyValueSpecification","valueRequired":true,"valueName":"search_term_string"}}],"inLanguage":"ko-KR"},{"@type":"Organization","@id":"https:\/\/naturalpoland.com\/ko\/#organization","name":"Natural Poland","url":"https:\/\/naturalpoland.com\/ko\/","logo":{"@type":"ImageObject","inLanguage":"ko-KR","@id":"https:\/\/naturalpoland.com\/ko\/#\/schema\/logo\/image\/","url":"https:\/\/naturalpoland.com\/wp-content\/uploads\/2021\/05\/natural-poland-icon.png","contentUrl":"https:\/\/naturalpoland.com\/wp-content\/uploads\/2021\/05\/natural-poland-icon.png","width":512,"height":512,"caption":"Natural Poland"},"image":{"@id":"https:\/\/naturalpoland.com\/ko\/#\/schema\/logo\/image\/"},"sameAs":["https:\/\/www.facebook.com\/naturalpoland.b2b","https:\/\/pl.linkedin.com\/company\/natural-poland","https:\/\/www.youtube.com\/channel\/UCgeGGkvOMahZo-xu_MSEWxg"]}]}},"_links":{"self":[{"href":"https:\/\/naturalpoland.com\/ko\/wp-json\/wp\/v2\/product\/44493","targetHints":{"allow":["GET"]}}],"collection":[{"href":"https:\/\/naturalpoland.com\/ko\/wp-json\/wp\/v2\/product"}],"about":[{"href":"https:\/\/naturalpoland.com\/ko\/wp-json\/wp\/v2\/types\/product"}],"wp:featuredmedia":[{"embeddable":true,"href":"https:\/\/naturalpoland.com\/ko\/wp-json\/wp\/v2\/media\/44495"}],"wp:attachment":[{"href":"https:\/\/naturalpoland.com\/ko\/wp-json\/wp\/v2\/media?parent=44493"}],"wp:term":[{"taxonomy":"product_brand","embeddable":true,"href":"https:\/\/naturalpoland.com\/ko\/wp-json\/wp\/v2\/product_brand?post=44493"},{"taxonomy":"product_cat","embeddable":true,"href":"https:\/\/naturalpoland.com\/ko\/wp-json\/wp\/v2\/product_cat?post=44493"},{"taxonomy":"product_tag","embeddable":true,"href":"https:\/\/naturalpoland.com\/ko\/wp-json\/wp\/v2\/product_tag?post=44493"}],"curies":[{"name":"wp","href":"https:\/\/api.w.org\/{rel}","templated":true}]}}