{"id":44501,"date":"2023-06-21T12:56:49","date_gmt":"2023-06-21T10:56:49","guid":{"rendered":"https:\/\/naturalpoland.com\/produkty\/uncategorized\/%ec%95%84%ec%a3%bc%ea%b0%80-%ed%88%ac%eb%a5%b4%ec%bc%80%ec%8a%a4%ed%83%80%eb%8b%88%ec%b9%b4-%ec%b6%94%ec%b6%9c%eb%ac%bc\/"},"modified":"2025-12-22T12:21:20","modified_gmt":"2025-12-22T11:21:20","slug":"%ec%95%84%ec%a3%bc%ea%b0%80-%ed%88%ac%eb%a5%b4%ec%bc%80%ec%8a%a4%ed%83%80%eb%8b%88%ec%b9%b4-%ec%b6%94%ec%b6%9c%eb%ac%bc","status":"publish","type":"product","link":"https:\/\/naturalpoland.com\/ko\/je-pum\/sig-mul-chu-chul-mul\/%ec%95%84%ec%a3%bc%ea%b0%80-%ed%88%ac%eb%a5%b4%ec%bc%80%ec%8a%a4%ed%83%80%eb%8b%88%ec%b9%b4-%ec%b6%94%ec%b6%9c%eb%ac%bc\/","title":{"rendered":"\uc544\uc8fc\uac00 \ud22c\ub974\ucf00\uc2a4\ud0c0\ub2c8\uce74 \ucd94\ucd9c\ubb3c"},"content":{"rendered":"<p>\uc544\uc8fc\uac00 \ud22c\ub974\ucf00\uc2a4\ud0c0\ub2c8\uce74 \ucd94\ucd9c\ubb3c\uc740 \ud798\uacfc \ud65c\ub825\uc758 \ub18d\ucd95\uc561\uc785\ub2c8\ub2e4. \uc774 \ucd94\ucd9c\ubb3c\uc5d0\ub294 \uadfc\uc721 \ud615\uc131\uc744 \ub3d5\ub294 \ub3d9\ud654 \uc791\uc6a9\uc744 \ud558\ub294 \ucc9c\uc5f0 \uc2dd\ubb3c\uc131 \uc2a4\ud14c\ub85c\uc774\ub4dc\uc778 \uc5d1\ub514\uc2a4\ud14c\ub85c\uc774\ub4dc\uac00 \ud568\uc720\ub418\uc5b4 \uc788\uc2b5\ub2c8\ub2e4. \ub610\ud55c, \uc544\uc8fc\uac00 \ud22c\ub974\ucf00\uc2a4\ud0c0\ub2c8\uce74\ub294 \uc2e0\uccb4 \ud65c\ub3d9 \ud6c4 \ud68c\ubcf5\uc744 \ucd09\uc9c4\ud558\ub294 \ud53c\ud1a0\uc5d1\ub514\uc190\uc744 \ud568\uc720\ud558\uc5ec \uc6b4\ub3d9\uc120\uc218 \ubc0f \ud65c\ub3d9\uc801\uc778 \uc0ac\ub78c\ub4e4\uc758 \uc2dd\ub2e8\uc5d0 \uc774\uc0c1\uc801\uc778 \ubcf4\ucda9\uc81c\uc785\ub2c8\ub2e4. \ub354\ubd88\uc5b4, \uc544\uc8fc\uac00 \ud22c\ub974\ucf00\uc2a4\ud0c0\ub2c8\uce74\ub294 \ud22c\ub974\ucf00\uc2a4\ud14c\ub860\uacfc \uc2dc\uc544\uc2a4\ud14c\ub860 \uac19\uc740 \ub3c5\ud2b9\ud55c \uc131\ubd84 \ub355\ubd84\uc5d0 \uba74\uc5ed \uccb4\uacc4\ub97c \uac15\ud654\ud558\ub294 \ub2a5\ub825\uc744 \uac00\uc9c0\uace0 \uc788\uc2b5\ub2c8\ub2e4.   <\/p>\n<h2>\ud22c\ub974\ucf00\uc2a4\ud14c\ub860\uc774\ub780 \ubb34\uc5c7\uc785\ub2c8\uae4c?<\/h2>\n<p>\ud22c\ub974\ucf00\uc2a4\ud14c\ub860\uc740 \uc544\uc8fc\uac00 \ud22c\ub974\ucf00\uc2a4\ud0c0\ub2c8\uce74\uc5d0 \uc790\uc5f0\uc801\uc73c\ub85c \uc874\uc7ac\ud558\ub294 \ud53c\ud1a0\uc5d1\ub514\uc2a4\ud14c\ub85c\uc774\ub4dc\uc785\ub2c8\ub2e4. \uc774\ub294 \ub3d9\ud654 \uc791\uc6a9\uc744 \ub098\ud0c0\ub0b4\ub294 \uac15\ub825\ud55c \uc0dd\uccb4 \ud65c\uc131 \ud654\ud569\ubb3c\uc785\ub2c8\ub2e4. \uc131\uc7a5 \ud638\ub974\ubaac\uacfc \uc720\uc0ac\ud558\uac8c \uc778\uccb4\uc5d0 \uc791\uc6a9\ud558\uc5ec \uc7ac\uc0dd \uacfc\uc815\uc744 \uac00\uc18d\ud654\ud558\uace0 \uadfc\uc721 \uc870\uc9c1 \ubc1c\ub2ec\uc744 \ucd09\uc9c4\ud569\ub2c8\ub2e4. \uc774\ub85c \uc778\ud574 \uc544\uc8fc\uac00 \ud22c\ub974\ucf00\uc2a4\ud0c0\ub2c8\uce74 \ucd94\ucd9c\ubb3c\uc740 \uc6b4\ub3d9\uc120\uc218\uc640 \ud65c\ub3d9\uc801\uc778 \uc0dd\ud65c\uc744 \ud558\ub294 \uc0ac\ub78c\ub4e4\uc5d0\uac8c \ud2b9\ud788 \ub192\uc774 \ud3c9\uac00\ub429\ub2c8\ub2e4.   <\/p>\n<p>\uc800\ud76c\ub294 <strong>\ucd5c\uc18c 10%\uc758 \ud22c\ub974\ucf00\uc2a4\ud14c\ub860 \ud568\ub7c9<\/strong>\uc73c\ub85c \ud45c\uc900\ud654\ud558\uc5ec \uac01 \uc81c\ud488 \ubcf5\uc6a9\ub7c9\uc774 \uc774 \ubb3c\uc9c8\uc758 \ucd5c\uc801\ub7c9\uc744 \uc81c\uacf5\ud558\ub3c4\ub85d \ubcf4\uc7a5\ud569\ub2c8\ub2e4. \uc774\ub294 \uc6d0\ud558\ub294 \ud6a8\uacfc\ub97c \uc5bb\uace0 \uc0ac\uc6a9 \uc548\uc804\uc131\uc744 \ubcf4\uc7a5\ud558\ub294 \ub370 \uc911\uc694\ud569\ub2c8\ub2e4. <\/p>\n<p>\ud558\uc9c0\ub9cc \ud22c\ub974\ucf00\uc2a4\ud14c\ub860\uc740 \uadfc\uc721\ub7c9 \uc99d\uac00 \uc9c0\uc6d0 \uc678\uc5d0\ub3c4 \ud6e8\uc52c \ub354 \uad11\ubc94\uc704\ud558\uac8c \ud65c\uc6a9\ub429\ub2c8\ub2e4. \uc774 \ud654\ud569\ubb3c\uc740 \uc804\ubc18\uc801\uc778 \uc2e0\uccb4 \ub2a5\ub825\uc5d0 \uc601\ud5a5\uc744 \ubbf8\uce58\uace0, \uc801\uc815 \uccb4\uc911 \uc720\uc9c0\uc5d0 \ub3c4\uc6c0\uc744 \uc8fc\uba70, \uba74\uc5ed \uccb4\uacc4\uc5d0\ub3c4 \uae0d\uc815\uc801\uc778 \uc601\ud5a5\uc744 \ubbf8\uce69\ub2c8\ub2e4. \ub610\ud55c \uc2ec\ud608\uad00\uacc4\ub97c \uc9c0\uc6d0\ud558\uace0 \uc218\uba74\uc758 \uc9c8, \uc815\uc2e0\uc801 \ud68c\ubcf5\ub825 \ubc0f \uc2a4\ud2b8\ub808\uc2a4 \uad00\ub9ac\ub97c \uac1c\uc120\ud558\ub294 \ub370 \uae30\uc5ec\ud560 \uc218 \uc788\uc2b5\ub2c8\ub2e4.  <\/p>\n<h2>\uc544\uc8fc\uac00 \ud22c\ub974\ucf00\uc2a4\ud0c0\ub2c8\uce74 \ucd94\ucd9c\ubb3c\uc758 \ud65c\uc6a9<\/h2>\n<p>\uc774 \ucd94\ucd9c\ubb3c\uc740 \uc804\ubc18\uc801\uc778 \uc6f0\ube59 \uac1c\uc120, \uc5d0\ub108\uc9c0 \uc99d\uc9c4, \uadf8\ub9ac\uace0 \uc0b0\ud654 \uc2a4\ud2b8\ub808\uc2a4 \ud6a8\uacfc\uc5d0 \ub300\ud56d\ud558\ub294 \ub370 \uae30\uc5ec\ud560 \uc218 \uc788\uc2b5\ub2c8\ub2e4.<\/p>\n<p>\uc774 \ucd94\ucd9c\ubb3c\uc740 \ubaa8\ub4e0 \uc0ac\ub78c\uc758 \uac74\uac15\uc744 \uc9c0\uc6d0\ud558\ub294 \ucc9c\uc5f0 \uac74\uac15 \ubcf4\uc870 \uc2dd\ud488\uc73c\ub85c \uc0ac\uc6a9\ub420 \uc218 \uc788\uc2b5\ub2c8\ub2e4. \uc2ec\ud608\uad00 \uae30\ub2a5\uc5d0 \uae0d\uc815\uc801\uc778 \uc601\ud5a5\uc744 \ubbf8\uce58\uace0, \uc18c\ud654\ub97c \ub3d5\uace0, \uc218\uba74\uc758 \uc9c8\uc744 \uac1c\uc120\ud558\ub294 \ub370 \uae30\uc5ec\ud560 \uc218 \uc788\uc2b5\ub2c8\ub2e4. <\/p>\n<p>\uc800\ud76c \uc544\uc8fc\uac00 \ud22c\ub974\ucf00\uc2a4\ud0c0\ub2c8\uce74 \ucd94\ucd9c\ubb3c\uc740 \ucd5c\uace0 \ud488\uc9c8 \uae30\uc900\uc73c\ub85c \uc0dd\uc0b0\ub429\ub2c8\ub2e4. \uac01 \uc81c\ud488 \ubc30\uce58\ub294 \ud65c\uc131 \uc131\ubd84 \uac80\uc0ac\ub97c \ud1b5\ud574 \ucca0\uc800\ud788 \ud655\uc778\ub418\uc5b4 \ud6a8\ub2a5\uacfc \uc548\uc804\uc131\uc744 \ubcf4\uc7a5\ud569\ub2c8\ub2e4. <\/p>\n","protected":false},"excerpt":{"rendered":"<p><span class=\"ui-provider gs b c d e f g h i j k l m n o p q r s t u v w x y z ab ac ae af ag ah ai aj ak\" dir=\"ltr\">\uc544\uc8fc\uac00 \ud22c\ub974\ucf00\uc2a4\ud0c0\ub2c8\uce74\ub294 \uc911\uc559\uc544\uc2dc\uc544\uc758 \uc2ec\uc7a5\ubd80\uc5d0\uc11c \uc720\ub798\ud55c \ud2b9\ubcc4\ud55c \ucd94\ucd9c\ubb3c\uc785\ub2c8\ub2e4. \uac00\uc7a5 \ud6a8\uacfc\uc801\uc778 \ucc9c\uc5f0 \ud65c\uc131 \uc131\ubd84 \uc911 \ud558\ub098\uc778 \ud22c\ub974\ucf00\uc2a4\ud14c\ub860\uc744 \ud3ec\ud568\ud558\uc5ec \ud48d\ubd80\ud55c \ud65c\uc131 \uc131\ubd84\uc744 \ud568\uc720\ud558\uace0 \uc788\uc2b5\ub2c8\ub2e4. \uc800\ud76c \uc81c\ud488\uc740 \uc774 \ub180\ub77c\uc6b4 \ubb3c\uc9c8\uc758 \uc6d0\ucc9c\uc774\uba70, \ucd5c\uc18c 10%\uc758 \ud568\ub7c9\uc744 \ubcf4\uc7a5\ud569\ub2c8\ub2e4.  <\/span><\/p>\n","protected":false},"featured_media":44502,"template":"","meta":{"_acf_changed":false},"product_brand":[],"product_cat":[8134],"product_tag":[],"class_list":{"0":"post-44501","1":"product","2":"type-product","3":"status-publish","4":"has-post-thumbnail","6":"product_cat-sig-mul-chu-chul-mul","7":"pa_certyfikaty-8218","8":"pa_certyfikaty-8219","9":"pa_czesc-rosliny-8912","10":"pa_skladnik-aktywny-9812","12":"first","13":"instock","14":"shipping-taxable","15":"product-type-simple"},"acf":[],"yoast_head":"<!-- This site is optimized with the Yoast SEO plugin v27.5 - https:\/\/yoast.com\/product\/yoast-seo-wordpress\/ -->\n<title>NATURAL POLAND &#8211; Hurtowy Dystrybutor Surowc\u00f3w<\/title>\n<meta name=\"description\" content=\"\uc800\ud76c \uc544\uc8fc\uac00 \ud22c\ub974\ucf00\uc2a4\ud0c0\ub2c8\uce74 \ucd94\ucd9c\ubb3c\uc740 \ucd5c\uace0 \ud488\uc9c8 \uae30\uc900\uc73c\ub85c \uc0dd\uc0b0\ub429\ub2c8\ub2e4. \uac01 \uc81c\ud488 \ubc30\uce58\ub294 \ud65c\uc131 \uc131\ubd84 \uac80\uc0ac\ub97c \ud1b5\ud574 \ucca0\uc800\ud788 \uad00\ub9ac\ub429\ub2c8\ub2e4.\" \/>\n<meta name=\"robots\" content=\"index, follow, max-snippet:-1, max-image-preview:large, max-video-preview:-1\" \/>\n<link rel=\"canonical\" href=\"https:\/\/naturalpoland.com\/ko\/je-pum\/sig-mul-chu-chul-mul\/%ec%95%84%ec%a3%bc%ea%b0%80-%ed%88%ac%eb%a5%b4%ec%bc%80%ec%8a%a4%ed%83%80%eb%8b%88%ec%b9%b4-%ec%b6%94%ec%b6%9c%eb%ac%bc\/\" \/>\n<meta property=\"og:locale\" content=\"ko_KR\" \/>\n<meta property=\"og:type\" content=\"article\" \/>\n<meta property=\"og:description\" content=\"\uc800\ud76c \uc544\uc8fc\uac00 \ud22c\ub974\ucf00\uc2a4\ud0c0\ub2c8\uce74 \ucd94\ucd9c\ubb3c\uc740 \ucd5c\uace0 \ud488\uc9c8 \uae30\uc900\uc73c\ub85c \uc0dd\uc0b0\ub429\ub2c8\ub2e4. \uac01 \uc81c\ud488 \ubc30\uce58\ub294 \ud65c\uc131 \uc131\ubd84 \uac80\uc0ac\ub97c \ud1b5\ud574 \ucca0\uc800\ud788 \uad00\ub9ac\ub429\ub2c8\ub2e4.\" \/>\n<meta property=\"og:url\" content=\"https:\/\/naturalpoland.com\/ko\/je-pum\/sig-mul-chu-chul-mul\/%ec%95%84%ec%a3%bc%ea%b0%80-%ed%88%ac%eb%a5%b4%ec%bc%80%ec%8a%a4%ed%83%80%eb%8b%88%ec%b9%b4-%ec%b6%94%ec%b6%9c%eb%ac%bc\/\" \/>\n<meta property=\"og:site_name\" content=\"NATURAL POLAND - Hurtowy Dystrybutor Surowc\u00f3w\" \/>\n<meta property=\"article:publisher\" content=\"https:\/\/www.facebook.com\/naturalpoland.b2b\" \/>\n<meta property=\"article:modified_time\" content=\"2025-12-22T11:21:20+00:00\" \/>\n<meta property=\"og:image\" content=\"https:\/\/naturalpoland.com\/wp-content\/uploads\/sjuga-turkestanica-ekstrakt.jpg\" \/>\n\t<meta property=\"og:image:width\" content=\"650\" \/>\n\t<meta property=\"og:image:height\" content=\"650\" \/>\n\t<meta property=\"og:image:type\" content=\"image\/jpeg\" \/>\n<script type=\"application\/ld+json\" class=\"yoast-schema-graph\">{\"@context\":\"https:\\\/\\\/schema.org\",\"@graph\":[{\"@type\":\"WebPage\",\"@id\":\"https:\\\/\\\/naturalpoland.com\\\/ko\\\/je-pum\\\/sig-mul-chu-chul-mul\\\/%ec%95%84%ec%a3%bc%ea%b0%80-%ed%88%ac%eb%a5%b4%ec%bc%80%ec%8a%a4%ed%83%80%eb%8b%88%ec%b9%b4-%ec%b6%94%ec%b6%9c%eb%ac%bc\\\/\",\"url\":\"https:\\\/\\\/naturalpoland.com\\\/ko\\\/je-pum\\\/sig-mul-chu-chul-mul\\\/%ec%95%84%ec%a3%bc%ea%b0%80-%ed%88%ac%eb%a5%b4%ec%bc%80%ec%8a%a4%ed%83%80%eb%8b%88%ec%b9%b4-%ec%b6%94%ec%b6%9c%eb%ac%bc\\\/\",\"name\":\"\",\"isPartOf\":{\"@id\":\"https:\\\/\\\/naturalpoland.com\\\/ko\\\/#website\"},\"primaryImageOfPage\":{\"@id\":\"https:\\\/\\\/naturalpoland.com\\\/ko\\\/je-pum\\\/sig-mul-chu-chul-mul\\\/%ec%95%84%ec%a3%bc%ea%b0%80-%ed%88%ac%eb%a5%b4%ec%bc%80%ec%8a%a4%ed%83%80%eb%8b%88%ec%b9%b4-%ec%b6%94%ec%b6%9c%eb%ac%bc\\\/#primaryimage\"},\"image\":{\"@id\":\"https:\\\/\\\/naturalpoland.com\\\/ko\\\/je-pum\\\/sig-mul-chu-chul-mul\\\/%ec%95%84%ec%a3%bc%ea%b0%80-%ed%88%ac%eb%a5%b4%ec%bc%80%ec%8a%a4%ed%83%80%eb%8b%88%ec%b9%b4-%ec%b6%94%ec%b6%9c%eb%ac%bc\\\/#primaryimage\"},\"thumbnailUrl\":\"https:\\\/\\\/naturalpoland.com\\\/wp-content\\\/uploads\\\/sjuga-turkestanica-ekstrakt.jpg\",\"datePublished\":\"2023-06-21T10:56:49+00:00\",\"dateModified\":\"2025-12-22T11:21:20+00:00\",\"description\":\"\uc800\ud76c \uc544\uc8fc\uac00 \ud22c\ub974\ucf00\uc2a4\ud0c0\ub2c8\uce74 \ucd94\ucd9c\ubb3c\uc740 \ucd5c\uace0 \ud488\uc9c8 \uae30\uc900\uc73c\ub85c \uc0dd\uc0b0\ub429\ub2c8\ub2e4. \uac01 \uc81c\ud488 \ubc30\uce58\ub294 \ud65c\uc131 \uc131\ubd84 \uac80\uc0ac\ub97c \ud1b5\ud574 \ucca0\uc800\ud788 \uad00\ub9ac\ub429\ub2c8\ub2e4.\",\"breadcrumb\":{\"@id\":\"https:\\\/\\\/naturalpoland.com\\\/ko\\\/je-pum\\\/sig-mul-chu-chul-mul\\\/%ec%95%84%ec%a3%bc%ea%b0%80-%ed%88%ac%eb%a5%b4%ec%bc%80%ec%8a%a4%ed%83%80%eb%8b%88%ec%b9%b4-%ec%b6%94%ec%b6%9c%eb%ac%bc\\\/#breadcrumb\"},\"inLanguage\":\"ko-KR\",\"potentialAction\":[{\"@type\":\"ReadAction\",\"target\":[\"https:\\\/\\\/naturalpoland.com\\\/ko\\\/je-pum\\\/sig-mul-chu-chul-mul\\\/%ec%95%84%ec%a3%bc%ea%b0%80-%ed%88%ac%eb%a5%b4%ec%bc%80%ec%8a%a4%ed%83%80%eb%8b%88%ec%b9%b4-%ec%b6%94%ec%b6%9c%eb%ac%bc\\\/\"]}]},{\"@type\":\"ImageObject\",\"inLanguage\":\"ko-KR\",\"@id\":\"https:\\\/\\\/naturalpoland.com\\\/ko\\\/je-pum\\\/sig-mul-chu-chul-mul\\\/%ec%95%84%ec%a3%bc%ea%b0%80-%ed%88%ac%eb%a5%b4%ec%bc%80%ec%8a%a4%ed%83%80%eb%8b%88%ec%b9%b4-%ec%b6%94%ec%b6%9c%eb%ac%bc\\\/#primaryimage\",\"url\":\"https:\\\/\\\/naturalpoland.com\\\/wp-content\\\/uploads\\\/sjuga-turkestanica-ekstrakt.jpg\",\"contentUrl\":\"https:\\\/\\\/naturalpoland.com\\\/wp-content\\\/uploads\\\/sjuga-turkestanica-ekstrakt.jpg\",\"width\":650,\"height\":650,\"caption\":\"\uc544\uc8fc\uac00 \ud22c\ub974\ucf00\uc2a4\ud0c0\ub2c8\uce74 \ucd94\ucd9c\ubb3c\"},{\"@type\":\"BreadcrumbList\",\"@id\":\"https:\\\/\\\/naturalpoland.com\\\/ko\\\/je-pum\\\/sig-mul-chu-chul-mul\\\/%ec%95%84%ec%a3%bc%ea%b0%80-%ed%88%ac%eb%a5%b4%ec%bc%80%ec%8a%a4%ed%83%80%eb%8b%88%ec%b9%b4-%ec%b6%94%ec%b6%9c%eb%ac%bc\\\/#breadcrumb\",\"itemListElement\":[{\"@type\":\"ListItem\",\"position\":1,\"name\":\"\ud648\",\"item\":\"https:\\\/\\\/naturalpoland.com\\\/ko\\\/\"},{\"@type\":\"ListItem\",\"position\":2,\"name\":\"\uc81c\ud488\",\"item\":\"https:\\\/\\\/naturalpoland.com\\\/ko\\\/%ec%a0%9c%ed%92%88\\\/\"},{\"@type\":\"ListItem\",\"position\":3,\"name\":\"\uc544\uc8fc\uac00 \ud22c\ub974\ucf00\uc2a4\ud0c0\ub2c8\uce74 \ucd94\ucd9c\ubb3c\"}]},{\"@type\":\"WebSite\",\"@id\":\"https:\\\/\\\/naturalpoland.com\\\/ko\\\/#website\",\"url\":\"https:\\\/\\\/naturalpoland.com\\\/ko\\\/\",\"name\":\"NATURAL POLAND - Hurtowy Dystrybutor Surowc\u00f3w\",\"description\":\"Surowce dla przemys\u0142u spo\u017cywczego, kosmetycznego i farmaceutycznego\",\"publisher\":{\"@id\":\"https:\\\/\\\/naturalpoland.com\\\/ko\\\/#organization\"},\"potentialAction\":[{\"@type\":\"SearchAction\",\"target\":{\"@type\":\"EntryPoint\",\"urlTemplate\":\"https:\\\/\\\/naturalpoland.com\\\/ko\\\/?s={search_term_string}\"},\"query-input\":{\"@type\":\"PropertyValueSpecification\",\"valueRequired\":true,\"valueName\":\"search_term_string\"}}],\"inLanguage\":\"ko-KR\"},{\"@type\":\"Organization\",\"@id\":\"https:\\\/\\\/naturalpoland.com\\\/ko\\\/#organization\",\"name\":\"Natural Poland\",\"url\":\"https:\\\/\\\/naturalpoland.com\\\/ko\\\/\",\"logo\":{\"@type\":\"ImageObject\",\"inLanguage\":\"ko-KR\",\"@id\":\"https:\\\/\\\/naturalpoland.com\\\/ko\\\/#\\\/schema\\\/logo\\\/image\\\/\",\"url\":\"https:\\\/\\\/naturalpoland.com\\\/wp-content\\\/uploads\\\/2021\\\/05\\\/natural-poland-icon.png\",\"contentUrl\":\"https:\\\/\\\/naturalpoland.com\\\/wp-content\\\/uploads\\\/2021\\\/05\\\/natural-poland-icon.png\",\"width\":512,\"height\":512,\"caption\":\"Natural Poland\"},\"image\":{\"@id\":\"https:\\\/\\\/naturalpoland.com\\\/ko\\\/#\\\/schema\\\/logo\\\/image\\\/\"},\"sameAs\":[\"https:\\\/\\\/www.facebook.com\\\/naturalpoland.b2b\",\"https:\\\/\\\/pl.linkedin.com\\\/company\\\/natural-poland\",\"https:\\\/\\\/www.youtube.com\\\/channel\\\/UCgeGGkvOMahZo-xu_MSEWxg\"]}]}<\/script>\n<!-- \/ Yoast SEO plugin. -->","yoast_head_json":{"title":"NATURAL POLAND &#8211; Hurtowy Dystrybutor Surowc\u00f3w","description":"\uc800\ud76c \uc544\uc8fc\uac00 \ud22c\ub974\ucf00\uc2a4\ud0c0\ub2c8\uce74 \ucd94\ucd9c\ubb3c\uc740 \ucd5c\uace0 \ud488\uc9c8 \uae30\uc900\uc73c\ub85c \uc0dd\uc0b0\ub429\ub2c8\ub2e4. \uac01 \uc81c\ud488 \ubc30\uce58\ub294 \ud65c\uc131 \uc131\ubd84 \uac80\uc0ac\ub97c \ud1b5\ud574 \ucca0\uc800\ud788 \uad00\ub9ac\ub429\ub2c8\ub2e4.","robots":{"index":"index","follow":"follow","max-snippet":"max-snippet:-1","max-image-preview":"max-image-preview:large","max-video-preview":"max-video-preview:-1"},"canonical":"https:\/\/naturalpoland.com\/ko\/je-pum\/sig-mul-chu-chul-mul\/%ec%95%84%ec%a3%bc%ea%b0%80-%ed%88%ac%eb%a5%b4%ec%bc%80%ec%8a%a4%ed%83%80%eb%8b%88%ec%b9%b4-%ec%b6%94%ec%b6%9c%eb%ac%bc\/","og_locale":"ko_KR","og_type":"article","og_description":"\uc800\ud76c \uc544\uc8fc\uac00 \ud22c\ub974\ucf00\uc2a4\ud0c0\ub2c8\uce74 \ucd94\ucd9c\ubb3c\uc740 \ucd5c\uace0 \ud488\uc9c8 \uae30\uc900\uc73c\ub85c \uc0dd\uc0b0\ub429\ub2c8\ub2e4. \uac01 \uc81c\ud488 \ubc30\uce58\ub294 \ud65c\uc131 \uc131\ubd84 \uac80\uc0ac\ub97c \ud1b5\ud574 \ucca0\uc800\ud788 \uad00\ub9ac\ub429\ub2c8\ub2e4.","og_url":"https:\/\/naturalpoland.com\/ko\/je-pum\/sig-mul-chu-chul-mul\/%ec%95%84%ec%a3%bc%ea%b0%80-%ed%88%ac%eb%a5%b4%ec%bc%80%ec%8a%a4%ed%83%80%eb%8b%88%ec%b9%b4-%ec%b6%94%ec%b6%9c%eb%ac%bc\/","og_site_name":"NATURAL POLAND - Hurtowy Dystrybutor Surowc\u00f3w","article_publisher":"https:\/\/www.facebook.com\/naturalpoland.b2b","article_modified_time":"2025-12-22T11:21:20+00:00","og_image":[{"width":650,"height":650,"url":"https:\/\/naturalpoland.com\/wp-content\/uploads\/sjuga-turkestanica-ekstrakt.jpg","type":"image\/jpeg"}],"schema":{"@context":"https:\/\/schema.org","@graph":[{"@type":"WebPage","@id":"https:\/\/naturalpoland.com\/ko\/je-pum\/sig-mul-chu-chul-mul\/%ec%95%84%ec%a3%bc%ea%b0%80-%ed%88%ac%eb%a5%b4%ec%bc%80%ec%8a%a4%ed%83%80%eb%8b%88%ec%b9%b4-%ec%b6%94%ec%b6%9c%eb%ac%bc\/","url":"https:\/\/naturalpoland.com\/ko\/je-pum\/sig-mul-chu-chul-mul\/%ec%95%84%ec%a3%bc%ea%b0%80-%ed%88%ac%eb%a5%b4%ec%bc%80%ec%8a%a4%ed%83%80%eb%8b%88%ec%b9%b4-%ec%b6%94%ec%b6%9c%eb%ac%bc\/","name":"","isPartOf":{"@id":"https:\/\/naturalpoland.com\/ko\/#website"},"primaryImageOfPage":{"@id":"https:\/\/naturalpoland.com\/ko\/je-pum\/sig-mul-chu-chul-mul\/%ec%95%84%ec%a3%bc%ea%b0%80-%ed%88%ac%eb%a5%b4%ec%bc%80%ec%8a%a4%ed%83%80%eb%8b%88%ec%b9%b4-%ec%b6%94%ec%b6%9c%eb%ac%bc\/#primaryimage"},"image":{"@id":"https:\/\/naturalpoland.com\/ko\/je-pum\/sig-mul-chu-chul-mul\/%ec%95%84%ec%a3%bc%ea%b0%80-%ed%88%ac%eb%a5%b4%ec%bc%80%ec%8a%a4%ed%83%80%eb%8b%88%ec%b9%b4-%ec%b6%94%ec%b6%9c%eb%ac%bc\/#primaryimage"},"thumbnailUrl":"https:\/\/naturalpoland.com\/wp-content\/uploads\/sjuga-turkestanica-ekstrakt.jpg","datePublished":"2023-06-21T10:56:49+00:00","dateModified":"2025-12-22T11:21:20+00:00","description":"\uc800\ud76c \uc544\uc8fc\uac00 \ud22c\ub974\ucf00\uc2a4\ud0c0\ub2c8\uce74 \ucd94\ucd9c\ubb3c\uc740 \ucd5c\uace0 \ud488\uc9c8 \uae30\uc900\uc73c\ub85c \uc0dd\uc0b0\ub429\ub2c8\ub2e4. \uac01 \uc81c\ud488 \ubc30\uce58\ub294 \ud65c\uc131 \uc131\ubd84 \uac80\uc0ac\ub97c \ud1b5\ud574 \ucca0\uc800\ud788 \uad00\ub9ac\ub429\ub2c8\ub2e4.","breadcrumb":{"@id":"https:\/\/naturalpoland.com\/ko\/je-pum\/sig-mul-chu-chul-mul\/%ec%95%84%ec%a3%bc%ea%b0%80-%ed%88%ac%eb%a5%b4%ec%bc%80%ec%8a%a4%ed%83%80%eb%8b%88%ec%b9%b4-%ec%b6%94%ec%b6%9c%eb%ac%bc\/#breadcrumb"},"inLanguage":"ko-KR","potentialAction":[{"@type":"ReadAction","target":["https:\/\/naturalpoland.com\/ko\/je-pum\/sig-mul-chu-chul-mul\/%ec%95%84%ec%a3%bc%ea%b0%80-%ed%88%ac%eb%a5%b4%ec%bc%80%ec%8a%a4%ed%83%80%eb%8b%88%ec%b9%b4-%ec%b6%94%ec%b6%9c%eb%ac%bc\/"]}]},{"@type":"ImageObject","inLanguage":"ko-KR","@id":"https:\/\/naturalpoland.com\/ko\/je-pum\/sig-mul-chu-chul-mul\/%ec%95%84%ec%a3%bc%ea%b0%80-%ed%88%ac%eb%a5%b4%ec%bc%80%ec%8a%a4%ed%83%80%eb%8b%88%ec%b9%b4-%ec%b6%94%ec%b6%9c%eb%ac%bc\/#primaryimage","url":"https:\/\/naturalpoland.com\/wp-content\/uploads\/sjuga-turkestanica-ekstrakt.jpg","contentUrl":"https:\/\/naturalpoland.com\/wp-content\/uploads\/sjuga-turkestanica-ekstrakt.jpg","width":650,"height":650,"caption":"\uc544\uc8fc\uac00 \ud22c\ub974\ucf00\uc2a4\ud0c0\ub2c8\uce74 \ucd94\ucd9c\ubb3c"},{"@type":"BreadcrumbList","@id":"https:\/\/naturalpoland.com\/ko\/je-pum\/sig-mul-chu-chul-mul\/%ec%95%84%ec%a3%bc%ea%b0%80-%ed%88%ac%eb%a5%b4%ec%bc%80%ec%8a%a4%ed%83%80%eb%8b%88%ec%b9%b4-%ec%b6%94%ec%b6%9c%eb%ac%bc\/#breadcrumb","itemListElement":[{"@type":"ListItem","position":1,"name":"\ud648","item":"https:\/\/naturalpoland.com\/ko\/"},{"@type":"ListItem","position":2,"name":"\uc81c\ud488","item":"https:\/\/naturalpoland.com\/ko\/%ec%a0%9c%ed%92%88\/"},{"@type":"ListItem","position":3,"name":"\uc544\uc8fc\uac00 \ud22c\ub974\ucf00\uc2a4\ud0c0\ub2c8\uce74 \ucd94\ucd9c\ubb3c"}]},{"@type":"WebSite","@id":"https:\/\/naturalpoland.com\/ko\/#website","url":"https:\/\/naturalpoland.com\/ko\/","name":"NATURAL POLAND - Hurtowy Dystrybutor Surowc\u00f3w","description":"Surowce dla przemys\u0142u spo\u017cywczego, kosmetycznego i farmaceutycznego","publisher":{"@id":"https:\/\/naturalpoland.com\/ko\/#organization"},"potentialAction":[{"@type":"SearchAction","target":{"@type":"EntryPoint","urlTemplate":"https:\/\/naturalpoland.com\/ko\/?s={search_term_string}"},"query-input":{"@type":"PropertyValueSpecification","valueRequired":true,"valueName":"search_term_string"}}],"inLanguage":"ko-KR"},{"@type":"Organization","@id":"https:\/\/naturalpoland.com\/ko\/#organization","name":"Natural Poland","url":"https:\/\/naturalpoland.com\/ko\/","logo":{"@type":"ImageObject","inLanguage":"ko-KR","@id":"https:\/\/naturalpoland.com\/ko\/#\/schema\/logo\/image\/","url":"https:\/\/naturalpoland.com\/wp-content\/uploads\/2021\/05\/natural-poland-icon.png","contentUrl":"https:\/\/naturalpoland.com\/wp-content\/uploads\/2021\/05\/natural-poland-icon.png","width":512,"height":512,"caption":"Natural Poland"},"image":{"@id":"https:\/\/naturalpoland.com\/ko\/#\/schema\/logo\/image\/"},"sameAs":["https:\/\/www.facebook.com\/naturalpoland.b2b","https:\/\/pl.linkedin.com\/company\/natural-poland","https:\/\/www.youtube.com\/channel\/UCgeGGkvOMahZo-xu_MSEWxg"]}]}},"_links":{"self":[{"href":"https:\/\/naturalpoland.com\/ko\/wp-json\/wp\/v2\/product\/44501","targetHints":{"allow":["GET"]}}],"collection":[{"href":"https:\/\/naturalpoland.com\/ko\/wp-json\/wp\/v2\/product"}],"about":[{"href":"https:\/\/naturalpoland.com\/ko\/wp-json\/wp\/v2\/types\/product"}],"wp:featuredmedia":[{"embeddable":true,"href":"https:\/\/naturalpoland.com\/ko\/wp-json\/wp\/v2\/media\/44502"}],"wp:attachment":[{"href":"https:\/\/naturalpoland.com\/ko\/wp-json\/wp\/v2\/media?parent=44501"}],"wp:term":[{"taxonomy":"product_brand","embeddable":true,"href":"https:\/\/naturalpoland.com\/ko\/wp-json\/wp\/v2\/product_brand?post=44501"},{"taxonomy":"product_cat","embeddable":true,"href":"https:\/\/naturalpoland.com\/ko\/wp-json\/wp\/v2\/product_cat?post=44501"},{"taxonomy":"product_tag","embeddable":true,"href":"https:\/\/naturalpoland.com\/ko\/wp-json\/wp\/v2\/product_tag?post=44501"}],"curies":[{"name":"wp","href":"https:\/\/api.w.org\/{rel}","templated":true}]}}