{"id":44503,"date":"2021-05-11T13:56:58","date_gmt":"2021-05-11T11:56:58","guid":{"rendered":"https:\/\/naturalpoland.com\/produkty\/uncategorized\/%eb%a7%90%eb%a6%b0-%ec%95%84%eb%a5%b4%eb%8b%88%ec%b9%b4-%ea%bd%83\/"},"modified":"2025-12-22T12:21:43","modified_gmt":"2025-12-22T11:21:43","slug":"%eb%a7%90%eb%a6%b0-%ec%95%84%eb%a5%b4%eb%8b%88%ec%b9%b4-%ea%bd%83","status":"publish","type":"product","link":"https:\/\/naturalpoland.com\/ko\/je-pum\/sig-pum-won-ryo\/saeng-san-yong-won-ryo\/%eb%a7%90%eb%a6%b0-%ec%95%84%eb%a5%b4%eb%8b%88%ec%b9%b4-%ea%bd%83\/","title":{"rendered":"\ub9d0\ub9b0 \uc544\ub974\ub2c8\uce74 \uaf43"},"content":{"rendered":"<p>\uc9c8\ubcd1\uc5d0 \ub3c4\uc6c0\uc744 \uc90d\ub2c8\ub2e4:<br \/>\n\ub9d0\ub9b0 \uc544\ub974\ub2c8\uce74 \uaf43\uc73c\ub85c \ub9cc\ub4e0 \ucc28\ub294 \uc787\ubab8 \uc9c8\ud658 \ubc0f \uad6c\uac15 \uc5fc\uc99d\uc5d0 \uac00\uae00\ub85c \uc0ac\uc6a9\ub420 \uc218 \uc788\uc2b5\ub2c8\ub2e4. \ub610\ud55c, \ubbfc\uac10\ud55c \ubd80\uc704\uc758 \uc138\ucc99\uc5d0\ub3c4 \uc0ac\uc6a9\ub420 \uc218 \uc788\uc2b5\ub2c8\ub2e4. \ucc28 \ud615\ud0dc\ub85c \uc12d\ucde8 \uc2dc \uc18c\ud654\ub97c \ub3d5\uace0 \ub2f4\uc999 \ubc0f \uc18c\ud654\uc561 \ubd84\ube44\ub97c \ucd09\uc9c4\ud560 \uc218 \uc788\uc2b5\ub2c8\ub2e4. \uc544\ub974\ub2c8\uce74\ub294 \ud608\uc561 \uc21c\ud658\uc744 \uac1c\uc120\ud558\uace0 \ud608\uad00\uc744 \uac15\ud654\ud569\ub2c8\ub2e4.   <\/p>\n","protected":false},"excerpt":{"rendered":"<p><strong>\ub9d0\ub9b0 \uc544\ub974\ub2c8\uce74 \uaf43<\/strong>\uc740 \ub2e4\ub978 \uc774\ub984\uc73c\ub85c\ub294 &#8216;\ud3ec\ubaa8\ub974\ub2c8\ud06c&#8217;\ub77c\uace0\ub3c4 \ubd88\ub9bd\ub2c8\ub2e4. \uc774 \uaf43\uc740 \ubd80\uae30\uc640 \uba4d\uc744 \ud6a8\uacfc\uc801\uc73c\ub85c \uc904\uc774\ub294 \uac83\uc73c\ub85c \uc54c\ub824\uc838 \uc788\uc2b5\ub2c8\ub2e4. \uc77c\ubc18\uc801\uc73c\ub85c \uc774 \ucd94\ucd9c\ubb3c\uc740 \ub208\uac00 \ud06c\ub9bc \ubc0f \ud0c0\ubc15\uc0c1 \uc5f0\uace0\uc5d0 \uc0ac\uc6a9\ub429\ub2c8\ub2e4. \uc774 \uaf43\uc740 \ucc28\ub97c \ub9cc\ub4dc\ub294 \ub370 \uc0ac\uc6a9\ub420 \uc218 \uc788\uc2b5\ub2c8\ub2e4. \uc77c\ubc18\uc801\uc73c\ub85c \ud56d\uc5fc\uc99d, \ud56d\ub958\ub9c8\ud2f0\uc2a4 \ubc0f \uc0b4\uade0 \uc791\uc6a9\uc73c\ub85c \uc778\ud574 \uc678\uc6a9\uc73c\ub85c \uc0ac\uc6a9\ub429\ub2c8\ub2e4.    <\/p>\n","protected":false},"featured_media":44504,"template":"","meta":[],"product_brand":[],"product_cat":[8175],"product_tag":[],"class_list":{"0":"post-44503","1":"product","2":"type-product","3":"status-publish","4":"has-post-thumbnail","6":"product_cat-saeng-san-yong-won-ryo","8":"first","9":"instock","10":"shipping-taxable","11":"product-type-simple"},"yoast_head":"<!-- This site is optimized with the Yoast SEO plugin v27.3 - https:\/\/yoast.com\/product\/yoast-seo-wordpress\/ -->\n<title>\ub9d0\ub9b0 \uc544\ub974\ub2c8\uce74 \uaf43 - Hurtowy Dystrybutor<\/title>\n<meta name=\"robots\" content=\"index, follow, max-snippet:-1, max-image-preview:large, max-video-preview:-1\" \/>\n<link rel=\"canonical\" href=\"https:\/\/naturalpoland.com\/ko\/je-pum\/sig-pum-won-ryo\/saeng-san-yong-won-ryo\/%eb%a7%90%eb%a6%b0-%ec%95%84%eb%a5%b4%eb%8b%88%ec%b9%b4-%ea%bd%83\/\" \/>\n<meta property=\"og:locale\" content=\"ko_KR\" \/>\n<meta property=\"og:type\" content=\"article\" \/>\n<meta property=\"og:title\" content=\"\ub9d0\ub9b0 \uc544\ub974\ub2c8\uce74 \uaf43 - Hurtowy Dystrybutor\" \/>\n<meta property=\"og:description\" content=\"\ub9d0\ub9b0 \uc544\ub974\ub2c8\uce74 \uaf43\uc740 \ub2e4\ub978 \uc774\ub984\uc73c\ub85c\ub294 &#039;\ud3ec\ubaa8\ub974\ub2c8\ud06c&#039;\ub77c\uace0\ub3c4 \ubd88\ub9bd\ub2c8\ub2e4. \uc774 \uaf43\uc740 \ubd80\uae30\uc640 \uba4d\uc744 \ud6a8\uacfc\uc801\uc73c\ub85c \uc904\uc774\ub294 \uac83\uc73c\ub85c \uc54c\ub824\uc838 \uc788\uc2b5\ub2c8\ub2e4. \uc77c\ubc18\uc801\uc73c\ub85c \uc774 \ucd94\ucd9c\ubb3c\uc740 \ub208\uac00 \ud06c\ub9bc \ubc0f \ud0c0\ubc15\uc0c1 \uc5f0\uace0\uc5d0 \uc0ac\uc6a9\ub429\ub2c8\ub2e4. \uc774 \uaf43\uc740 \ucc28\ub97c \ub9cc\ub4dc\ub294 \ub370 \uc0ac\uc6a9\ub420 \uc218 \uc788\uc2b5\ub2c8\ub2e4. \uc77c\ubc18\uc801\uc73c\ub85c \ud56d\uc5fc\uc99d, \ud56d\ub958\ub9c8\ud2f0\uc2a4 \ubc0f \uc0b4\uade0 \uc791\uc6a9\uc73c\ub85c \uc778\ud574 \uc678\uc6a9\uc73c\ub85c \uc0ac\uc6a9\ub429\ub2c8\ub2e4.\" \/>\n<meta property=\"og:url\" content=\"https:\/\/naturalpoland.com\/ko\/je-pum\/sig-pum-won-ryo\/saeng-san-yong-won-ryo\/%eb%a7%90%eb%a6%b0-%ec%95%84%eb%a5%b4%eb%8b%88%ec%b9%b4-%ea%bd%83\/\" \/>\n<meta property=\"og:site_name\" content=\"NATURAL POLAND - Hurtowy Dystrybutor Surowc\u00f3w\" \/>\n<meta property=\"article:publisher\" content=\"https:\/\/www.facebook.com\/naturalpoland.b2b\" \/>\n<meta property=\"article:modified_time\" content=\"2025-12-22T11:21:43+00:00\" \/>\n<meta property=\"og:image\" content=\"https:\/\/naturalpoland.com\/wp-content\/uploads\/2021\/05\/dried-flower-arnica.jpg\" \/>\n\t<meta property=\"og:image:width\" content=\"458\" \/>\n\t<meta property=\"og:image:height\" content=\"458\" \/>\n\t<meta property=\"og:image:type\" content=\"image\/jpeg\" \/>\n<script type=\"application\/ld+json\" class=\"yoast-schema-graph\">{\"@context\":\"https:\\\/\\\/schema.org\",\"@graph\":[{\"@type\":\"WebPage\",\"@id\":\"https:\\\/\\\/naturalpoland.com\\\/ko\\\/je-pum\\\/sig-pum-won-ryo\\\/saeng-san-yong-won-ryo\\\/%eb%a7%90%eb%a6%b0-%ec%95%84%eb%a5%b4%eb%8b%88%ec%b9%b4-%ea%bd%83\\\/\",\"url\":\"https:\\\/\\\/naturalpoland.com\\\/ko\\\/je-pum\\\/sig-pum-won-ryo\\\/saeng-san-yong-won-ryo\\\/%eb%a7%90%eb%a6%b0-%ec%95%84%eb%a5%b4%eb%8b%88%ec%b9%b4-%ea%bd%83\\\/\",\"name\":\"\ub9d0\ub9b0 \uc544\ub974\ub2c8\uce74 \uaf43 - Hurtowy Dystrybutor\",\"isPartOf\":{\"@id\":\"https:\\\/\\\/naturalpoland.com\\\/ko\\\/#website\"},\"primaryImageOfPage\":{\"@id\":\"https:\\\/\\\/naturalpoland.com\\\/ko\\\/je-pum\\\/sig-pum-won-ryo\\\/saeng-san-yong-won-ryo\\\/%eb%a7%90%eb%a6%b0-%ec%95%84%eb%a5%b4%eb%8b%88%ec%b9%b4-%ea%bd%83\\\/#primaryimage\"},\"image\":{\"@id\":\"https:\\\/\\\/naturalpoland.com\\\/ko\\\/je-pum\\\/sig-pum-won-ryo\\\/saeng-san-yong-won-ryo\\\/%eb%a7%90%eb%a6%b0-%ec%95%84%eb%a5%b4%eb%8b%88%ec%b9%b4-%ea%bd%83\\\/#primaryimage\"},\"thumbnailUrl\":\"https:\\\/\\\/naturalpoland.com\\\/wp-content\\\/uploads\\\/2021\\\/05\\\/dried-flower-arnica.jpg\",\"datePublished\":\"2021-05-11T11:56:58+00:00\",\"dateModified\":\"2025-12-22T11:21:43+00:00\",\"breadcrumb\":{\"@id\":\"https:\\\/\\\/naturalpoland.com\\\/ko\\\/je-pum\\\/sig-pum-won-ryo\\\/saeng-san-yong-won-ryo\\\/%eb%a7%90%eb%a6%b0-%ec%95%84%eb%a5%b4%eb%8b%88%ec%b9%b4-%ea%bd%83\\\/#breadcrumb\"},\"inLanguage\":\"ko-KR\",\"potentialAction\":[{\"@type\":\"ReadAction\",\"target\":[\"https:\\\/\\\/naturalpoland.com\\\/ko\\\/je-pum\\\/sig-pum-won-ryo\\\/saeng-san-yong-won-ryo\\\/%eb%a7%90%eb%a6%b0-%ec%95%84%eb%a5%b4%eb%8b%88%ec%b9%b4-%ea%bd%83\\\/\"]}]},{\"@type\":\"ImageObject\",\"inLanguage\":\"ko-KR\",\"@id\":\"https:\\\/\\\/naturalpoland.com\\\/ko\\\/je-pum\\\/sig-pum-won-ryo\\\/saeng-san-yong-won-ryo\\\/%eb%a7%90%eb%a6%b0-%ec%95%84%eb%a5%b4%eb%8b%88%ec%b9%b4-%ea%bd%83\\\/#primaryimage\",\"url\":\"https:\\\/\\\/naturalpoland.com\\\/wp-content\\\/uploads\\\/2021\\\/05\\\/dried-flower-arnica.jpg\",\"contentUrl\":\"https:\\\/\\\/naturalpoland.com\\\/wp-content\\\/uploads\\\/2021\\\/05\\\/dried-flower-arnica.jpg\",\"width\":458,\"height\":458,\"caption\":\"\ub9d0\ub9b0 \uc544\ub974\ub2c8\uce74 \uaf43\"},{\"@type\":\"BreadcrumbList\",\"@id\":\"https:\\\/\\\/naturalpoland.com\\\/ko\\\/je-pum\\\/sig-pum-won-ryo\\\/saeng-san-yong-won-ryo\\\/%eb%a7%90%eb%a6%b0-%ec%95%84%eb%a5%b4%eb%8b%88%ec%b9%b4-%ea%bd%83\\\/#breadcrumb\",\"itemListElement\":[{\"@type\":\"ListItem\",\"position\":1,\"name\":\"\ud648\",\"item\":\"https:\\\/\\\/naturalpoland.com\\\/ko\\\/\"},{\"@type\":\"ListItem\",\"position\":2,\"name\":\"\uc81c\ud488\",\"item\":\"https:\\\/\\\/naturalpoland.com\\\/ko\\\/%ec%a0%9c%ed%92%88\\\/\"},{\"@type\":\"ListItem\",\"position\":3,\"name\":\"\ub9d0\ub9b0 \uc544\ub974\ub2c8\uce74 \uaf43\"}]},{\"@type\":\"WebSite\",\"@id\":\"https:\\\/\\\/naturalpoland.com\\\/ko\\\/#website\",\"url\":\"https:\\\/\\\/naturalpoland.com\\\/ko\\\/\",\"name\":\"NATURAL POLAND - Hurtowy Dystrybutor Surowc\u00f3w\",\"description\":\"Surowce dla przemys\u0142u spo\u017cywczego, kosmetycznego i farmaceutycznego\",\"publisher\":{\"@id\":\"https:\\\/\\\/naturalpoland.com\\\/ko\\\/#organization\"},\"potentialAction\":[{\"@type\":\"SearchAction\",\"target\":{\"@type\":\"EntryPoint\",\"urlTemplate\":\"https:\\\/\\\/naturalpoland.com\\\/ko\\\/?s={search_term_string}\"},\"query-input\":{\"@type\":\"PropertyValueSpecification\",\"valueRequired\":true,\"valueName\":\"search_term_string\"}}],\"inLanguage\":\"ko-KR\"},{\"@type\":\"Organization\",\"@id\":\"https:\\\/\\\/naturalpoland.com\\\/ko\\\/#organization\",\"name\":\"Natural Poland\",\"url\":\"https:\\\/\\\/naturalpoland.com\\\/ko\\\/\",\"logo\":{\"@type\":\"ImageObject\",\"inLanguage\":\"ko-KR\",\"@id\":\"https:\\\/\\\/naturalpoland.com\\\/ko\\\/#\\\/schema\\\/logo\\\/image\\\/\",\"url\":\"https:\\\/\\\/naturalpoland.com\\\/wp-content\\\/uploads\\\/2021\\\/05\\\/natural-poland-icon.png\",\"contentUrl\":\"https:\\\/\\\/naturalpoland.com\\\/wp-content\\\/uploads\\\/2021\\\/05\\\/natural-poland-icon.png\",\"width\":512,\"height\":512,\"caption\":\"Natural Poland\"},\"image\":{\"@id\":\"https:\\\/\\\/naturalpoland.com\\\/ko\\\/#\\\/schema\\\/logo\\\/image\\\/\"},\"sameAs\":[\"https:\\\/\\\/www.facebook.com\\\/naturalpoland.b2b\",\"https:\\\/\\\/pl.linkedin.com\\\/company\\\/natural-poland\",\"https:\\\/\\\/www.youtube.com\\\/channel\\\/UCgeGGkvOMahZo-xu_MSEWxg\"]}]}<\/script>\n<!-- \/ Yoast SEO plugin. -->","yoast_head_json":{"title":"\ub9d0\ub9b0 \uc544\ub974\ub2c8\uce74 \uaf43 - Hurtowy Dystrybutor","robots":{"index":"index","follow":"follow","max-snippet":"max-snippet:-1","max-image-preview":"max-image-preview:large","max-video-preview":"max-video-preview:-1"},"canonical":"https:\/\/naturalpoland.com\/ko\/je-pum\/sig-pum-won-ryo\/saeng-san-yong-won-ryo\/%eb%a7%90%eb%a6%b0-%ec%95%84%eb%a5%b4%eb%8b%88%ec%b9%b4-%ea%bd%83\/","og_locale":"ko_KR","og_type":"article","og_title":"\ub9d0\ub9b0 \uc544\ub974\ub2c8\uce74 \uaf43 - Hurtowy Dystrybutor","og_description":"\ub9d0\ub9b0 \uc544\ub974\ub2c8\uce74 \uaf43\uc740 \ub2e4\ub978 \uc774\ub984\uc73c\ub85c\ub294 '\ud3ec\ubaa8\ub974\ub2c8\ud06c'\ub77c\uace0\ub3c4 \ubd88\ub9bd\ub2c8\ub2e4. \uc774 \uaf43\uc740 \ubd80\uae30\uc640 \uba4d\uc744 \ud6a8\uacfc\uc801\uc73c\ub85c \uc904\uc774\ub294 \uac83\uc73c\ub85c \uc54c\ub824\uc838 \uc788\uc2b5\ub2c8\ub2e4. \uc77c\ubc18\uc801\uc73c\ub85c \uc774 \ucd94\ucd9c\ubb3c\uc740 \ub208\uac00 \ud06c\ub9bc \ubc0f \ud0c0\ubc15\uc0c1 \uc5f0\uace0\uc5d0 \uc0ac\uc6a9\ub429\ub2c8\ub2e4. \uc774 \uaf43\uc740 \ucc28\ub97c \ub9cc\ub4dc\ub294 \ub370 \uc0ac\uc6a9\ub420 \uc218 \uc788\uc2b5\ub2c8\ub2e4. \uc77c\ubc18\uc801\uc73c\ub85c \ud56d\uc5fc\uc99d, \ud56d\ub958\ub9c8\ud2f0\uc2a4 \ubc0f \uc0b4\uade0 \uc791\uc6a9\uc73c\ub85c \uc778\ud574 \uc678\uc6a9\uc73c\ub85c \uc0ac\uc6a9\ub429\ub2c8\ub2e4.","og_url":"https:\/\/naturalpoland.com\/ko\/je-pum\/sig-pum-won-ryo\/saeng-san-yong-won-ryo\/%eb%a7%90%eb%a6%b0-%ec%95%84%eb%a5%b4%eb%8b%88%ec%b9%b4-%ea%bd%83\/","og_site_name":"NATURAL POLAND - Hurtowy Dystrybutor Surowc\u00f3w","article_publisher":"https:\/\/www.facebook.com\/naturalpoland.b2b","article_modified_time":"2025-12-22T11:21:43+00:00","og_image":[{"width":458,"height":458,"url":"https:\/\/naturalpoland.com\/wp-content\/uploads\/2021\/05\/dried-flower-arnica.jpg","type":"image\/jpeg"}],"schema":{"@context":"https:\/\/schema.org","@graph":[{"@type":"WebPage","@id":"https:\/\/naturalpoland.com\/ko\/je-pum\/sig-pum-won-ryo\/saeng-san-yong-won-ryo\/%eb%a7%90%eb%a6%b0-%ec%95%84%eb%a5%b4%eb%8b%88%ec%b9%b4-%ea%bd%83\/","url":"https:\/\/naturalpoland.com\/ko\/je-pum\/sig-pum-won-ryo\/saeng-san-yong-won-ryo\/%eb%a7%90%eb%a6%b0-%ec%95%84%eb%a5%b4%eb%8b%88%ec%b9%b4-%ea%bd%83\/","name":"\ub9d0\ub9b0 \uc544\ub974\ub2c8\uce74 \uaf43 - Hurtowy Dystrybutor","isPartOf":{"@id":"https:\/\/naturalpoland.com\/ko\/#website"},"primaryImageOfPage":{"@id":"https:\/\/naturalpoland.com\/ko\/je-pum\/sig-pum-won-ryo\/saeng-san-yong-won-ryo\/%eb%a7%90%eb%a6%b0-%ec%95%84%eb%a5%b4%eb%8b%88%ec%b9%b4-%ea%bd%83\/#primaryimage"},"image":{"@id":"https:\/\/naturalpoland.com\/ko\/je-pum\/sig-pum-won-ryo\/saeng-san-yong-won-ryo\/%eb%a7%90%eb%a6%b0-%ec%95%84%eb%a5%b4%eb%8b%88%ec%b9%b4-%ea%bd%83\/#primaryimage"},"thumbnailUrl":"https:\/\/naturalpoland.com\/wp-content\/uploads\/2021\/05\/dried-flower-arnica.jpg","datePublished":"2021-05-11T11:56:58+00:00","dateModified":"2025-12-22T11:21:43+00:00","breadcrumb":{"@id":"https:\/\/naturalpoland.com\/ko\/je-pum\/sig-pum-won-ryo\/saeng-san-yong-won-ryo\/%eb%a7%90%eb%a6%b0-%ec%95%84%eb%a5%b4%eb%8b%88%ec%b9%b4-%ea%bd%83\/#breadcrumb"},"inLanguage":"ko-KR","potentialAction":[{"@type":"ReadAction","target":["https:\/\/naturalpoland.com\/ko\/je-pum\/sig-pum-won-ryo\/saeng-san-yong-won-ryo\/%eb%a7%90%eb%a6%b0-%ec%95%84%eb%a5%b4%eb%8b%88%ec%b9%b4-%ea%bd%83\/"]}]},{"@type":"ImageObject","inLanguage":"ko-KR","@id":"https:\/\/naturalpoland.com\/ko\/je-pum\/sig-pum-won-ryo\/saeng-san-yong-won-ryo\/%eb%a7%90%eb%a6%b0-%ec%95%84%eb%a5%b4%eb%8b%88%ec%b9%b4-%ea%bd%83\/#primaryimage","url":"https:\/\/naturalpoland.com\/wp-content\/uploads\/2021\/05\/dried-flower-arnica.jpg","contentUrl":"https:\/\/naturalpoland.com\/wp-content\/uploads\/2021\/05\/dried-flower-arnica.jpg","width":458,"height":458,"caption":"\ub9d0\ub9b0 \uc544\ub974\ub2c8\uce74 \uaf43"},{"@type":"BreadcrumbList","@id":"https:\/\/naturalpoland.com\/ko\/je-pum\/sig-pum-won-ryo\/saeng-san-yong-won-ryo\/%eb%a7%90%eb%a6%b0-%ec%95%84%eb%a5%b4%eb%8b%88%ec%b9%b4-%ea%bd%83\/#breadcrumb","itemListElement":[{"@type":"ListItem","position":1,"name":"\ud648","item":"https:\/\/naturalpoland.com\/ko\/"},{"@type":"ListItem","position":2,"name":"\uc81c\ud488","item":"https:\/\/naturalpoland.com\/ko\/%ec%a0%9c%ed%92%88\/"},{"@type":"ListItem","position":3,"name":"\ub9d0\ub9b0 \uc544\ub974\ub2c8\uce74 \uaf43"}]},{"@type":"WebSite","@id":"https:\/\/naturalpoland.com\/ko\/#website","url":"https:\/\/naturalpoland.com\/ko\/","name":"NATURAL POLAND - Hurtowy Dystrybutor Surowc\u00f3w","description":"Surowce dla przemys\u0142u spo\u017cywczego, kosmetycznego i farmaceutycznego","publisher":{"@id":"https:\/\/naturalpoland.com\/ko\/#organization"},"potentialAction":[{"@type":"SearchAction","target":{"@type":"EntryPoint","urlTemplate":"https:\/\/naturalpoland.com\/ko\/?s={search_term_string}"},"query-input":{"@type":"PropertyValueSpecification","valueRequired":true,"valueName":"search_term_string"}}],"inLanguage":"ko-KR"},{"@type":"Organization","@id":"https:\/\/naturalpoland.com\/ko\/#organization","name":"Natural Poland","url":"https:\/\/naturalpoland.com\/ko\/","logo":{"@type":"ImageObject","inLanguage":"ko-KR","@id":"https:\/\/naturalpoland.com\/ko\/#\/schema\/logo\/image\/","url":"https:\/\/naturalpoland.com\/wp-content\/uploads\/2021\/05\/natural-poland-icon.png","contentUrl":"https:\/\/naturalpoland.com\/wp-content\/uploads\/2021\/05\/natural-poland-icon.png","width":512,"height":512,"caption":"Natural Poland"},"image":{"@id":"https:\/\/naturalpoland.com\/ko\/#\/schema\/logo\/image\/"},"sameAs":["https:\/\/www.facebook.com\/naturalpoland.b2b","https:\/\/pl.linkedin.com\/company\/natural-poland","https:\/\/www.youtube.com\/channel\/UCgeGGkvOMahZo-xu_MSEWxg"]}]}},"_links":{"self":[{"href":"https:\/\/naturalpoland.com\/ko\/wp-json\/wp\/v2\/product\/44503","targetHints":{"allow":["GET"]}}],"collection":[{"href":"https:\/\/naturalpoland.com\/ko\/wp-json\/wp\/v2\/product"}],"about":[{"href":"https:\/\/naturalpoland.com\/ko\/wp-json\/wp\/v2\/types\/product"}],"wp:featuredmedia":[{"embeddable":true,"href":"https:\/\/naturalpoland.com\/ko\/wp-json\/wp\/v2\/media\/44504"}],"wp:attachment":[{"href":"https:\/\/naturalpoland.com\/ko\/wp-json\/wp\/v2\/media?parent=44503"}],"wp:term":[{"taxonomy":"product_brand","embeddable":true,"href":"https:\/\/naturalpoland.com\/ko\/wp-json\/wp\/v2\/product_brand?post=44503"},{"taxonomy":"product_cat","embeddable":true,"href":"https:\/\/naturalpoland.com\/ko\/wp-json\/wp\/v2\/product_cat?post=44503"},{"taxonomy":"product_tag","embeddable":true,"href":"https:\/\/naturalpoland.com\/ko\/wp-json\/wp\/v2\/product_tag?post=44503"}],"curies":[{"name":"wp","href":"https:\/\/api.w.org\/{rel}","templated":true}]}}