{"id":44526,"date":"2021-05-11T13:52:33","date_gmt":"2021-05-11T11:52:33","guid":{"rendered":"https:\/\/naturalpoland.com\/produkty\/uncategorized\/%ec%98%ac%eb%a6%ac%eb%b8%8c-%ec%98%a4%ec%9d%bc\/"},"modified":"2025-12-22T12:32:43","modified_gmt":"2025-12-22T11:32:43","slug":"%ec%98%ac%eb%a6%ac%eb%b8%8c-%ec%98%a4%ec%9d%bc","status":"publish","type":"product","link":"https:\/\/naturalpoland.com\/ko\/je-pum\/sig-yong-mit-hwa-jang-pum-yong-o-il\/%ec%98%ac%eb%a6%ac%eb%b8%8c-%ec%98%a4%ec%9d%bc\/","title":{"rendered":"\uc62c\ub9ac\ube0c \uc624\uc77c"},"content":{"rendered":"<p>\uc80a\uc74c\uc758 \ube44\uacb0:<br \/>\n\uc62c\ub9ac\ube0c \uc624\uc77c \uc18d \ud56d\uc0b0\ud654 \uc131\ubd84\uc740 \ud65c\uc131 \uc0b0\uc18c\uc640 \uc2f8\uc6cc \ub178\ud654\ub97c \ub2a6\ucda5\ub2c8\ub2e4. \uc9c0\uc911\ud574 \uc2dd\ub2e8\uc758 \uae30\ubcf8\uc778 \ub2e8\uc77c \ubd88\ud3ec\ud654 \uc9c0\ubc29(\uc8fc\ub85c \uc62c\ub808\uc0b0)\uc740 \uc5fc\uc99d\uc744 \uc904\uc774\uace0 \uc554 \ubc1c\uc0dd \uc704\ud5d8\uc744 \ub0ae\ucd94\uba70, \uafb8\uc900\ud55c \uc12d\ucde8\ub294 \ub1cc\uc878\uc911 \uc704\ud5d8\uae4c\uc9c0 \uac10\uc18c\uc2dc\ud0b5\ub2c8\ub2e4.   <\/p>\n<p>&nbsp;<\/p>\n","protected":false},"excerpt":{"rendered":"<p><strong>\uc62c\ub9ac\ube0c \uc624\uc77c<\/strong>\uc740 \uac00\uc7a5 \uc778\uae30 \uc788\ub294 \uc624\uc77c \uc911 \ud558\ub098\uc785\ub2c8\ub2e4. \ud48d\ubd80\ud55c \uc131\ubd84 \ub355\ubd84\uc5d0 \uc694\ub9ac\uc640 \ud654\uc7a5\ud488\uc5d0 \uadc0\ud558\uac8c \uc0ac\uc6a9\ub429\ub2c8\ub2e4. 30\uac00\uc9c0 \uc774\uc0c1\uc758 \ub2e4\uc591\ud55c \ud398\ub180 \ud654\ud569\ubb3c\uc740 \uac15\ub825\ud55c \ud56d\uc0b0\ud654\uc81c\ub85c, \uc774 \uc81c\ud488\uc758 \ud070 \uc131\uacf5 \ube44\uacb0\uc785\ub2c8\ub2e4.   <\/p>\n","protected":false},"featured_media":44527,"template":"","meta":{"_acf_changed":false},"product_brand":[],"product_cat":[8135],"product_tag":[],"class_list":{"0":"post-44526","1":"product","2":"type-product","3":"status-publish","4":"has-post-thumbnail","6":"product_cat-sig-yong-mit-hwa-jang-pum-yong-o-il","8":"first","9":"instock","10":"shipping-taxable","11":"product-type-simple"},"acf":[],"yoast_head":"<!-- This site is optimized with the Yoast SEO plugin v27.5 - https:\/\/yoast.com\/product\/yoast-seo-wordpress\/ -->\n<title>\uc62c\ub9ac\ube0c \uc624\uc77c - Hurtowy Dystrybutor<\/title>\n<meta name=\"robots\" content=\"index, follow, max-snippet:-1, max-image-preview:large, max-video-preview:-1\" \/>\n<link rel=\"canonical\" href=\"https:\/\/naturalpoland.com\/ko\/je-pum\/sig-yong-mit-hwa-jang-pum-yong-o-il\/%ec%98%ac%eb%a6%ac%eb%b8%8c-%ec%98%a4%ec%9d%bc\/\" \/>\n<meta property=\"og:locale\" content=\"ko_KR\" \/>\n<meta property=\"og:type\" content=\"article\" \/>\n<meta property=\"og:title\" content=\"\uc62c\ub9ac\ube0c \uc624\uc77c - Hurtowy Dystrybutor\" \/>\n<meta property=\"og:description\" content=\"\uc62c\ub9ac\ube0c \uc624\uc77c\uc740 \uac00\uc7a5 \uc778\uae30 \uc788\ub294 \uc624\uc77c \uc911 \ud558\ub098\uc785\ub2c8\ub2e4. \ud48d\ubd80\ud55c \uc131\ubd84 \ub355\ubd84\uc5d0 \uc694\ub9ac\uc640 \ud654\uc7a5\ud488\uc5d0 \uadc0\ud558\uac8c \uc0ac\uc6a9\ub429\ub2c8\ub2e4. 30\uac00\uc9c0 \uc774\uc0c1\uc758 \ub2e4\uc591\ud55c \ud398\ub180 \ud654\ud569\ubb3c\uc740 \uac15\ub825\ud55c \ud56d\uc0b0\ud654\uc81c\ub85c, \uc774 \uc81c\ud488\uc758 \ud070 \uc131\uacf5 \ube44\uacb0\uc785\ub2c8\ub2e4.\" \/>\n<meta property=\"og:url\" content=\"https:\/\/naturalpoland.com\/ko\/je-pum\/sig-yong-mit-hwa-jang-pum-yong-o-il\/%ec%98%ac%eb%a6%ac%eb%b8%8c-%ec%98%a4%ec%9d%bc\/\" \/>\n<meta property=\"og:site_name\" content=\"NATURAL POLAND - Hurtowy Dystrybutor Surowc\u00f3w\" \/>\n<meta property=\"article:publisher\" content=\"https:\/\/www.facebook.com\/naturalpoland.b2b\" \/>\n<meta property=\"article:modified_time\" content=\"2025-12-22T11:32:43+00:00\" \/>\n<meta property=\"og:image\" content=\"https:\/\/naturalpoland.com\/wp-content\/uploads\/2021\/05\/olive-oil.jpg\" \/>\n\t<meta property=\"og:image:width\" content=\"649\" \/>\n\t<meta property=\"og:image:height\" content=\"433\" \/>\n\t<meta property=\"og:image:type\" content=\"image\/jpeg\" \/>\n<script type=\"application\/ld+json\" class=\"yoast-schema-graph\">{\"@context\":\"https:\\\/\\\/schema.org\",\"@graph\":[{\"@type\":\"WebPage\",\"@id\":\"https:\\\/\\\/naturalpoland.com\\\/ko\\\/je-pum\\\/sig-yong-mit-hwa-jang-pum-yong-o-il\\\/%ec%98%ac%eb%a6%ac%eb%b8%8c-%ec%98%a4%ec%9d%bc\\\/\",\"url\":\"https:\\\/\\\/naturalpoland.com\\\/ko\\\/je-pum\\\/sig-yong-mit-hwa-jang-pum-yong-o-il\\\/%ec%98%ac%eb%a6%ac%eb%b8%8c-%ec%98%a4%ec%9d%bc\\\/\",\"name\":\"\uc62c\ub9ac\ube0c \uc624\uc77c - Hurtowy Dystrybutor\",\"isPartOf\":{\"@id\":\"https:\\\/\\\/naturalpoland.com\\\/ko\\\/#website\"},\"primaryImageOfPage\":{\"@id\":\"https:\\\/\\\/naturalpoland.com\\\/ko\\\/je-pum\\\/sig-yong-mit-hwa-jang-pum-yong-o-il\\\/%ec%98%ac%eb%a6%ac%eb%b8%8c-%ec%98%a4%ec%9d%bc\\\/#primaryimage\"},\"image\":{\"@id\":\"https:\\\/\\\/naturalpoland.com\\\/ko\\\/je-pum\\\/sig-yong-mit-hwa-jang-pum-yong-o-il\\\/%ec%98%ac%eb%a6%ac%eb%b8%8c-%ec%98%a4%ec%9d%bc\\\/#primaryimage\"},\"thumbnailUrl\":\"https:\\\/\\\/naturalpoland.com\\\/wp-content\\\/uploads\\\/2021\\\/05\\\/olive-oil.jpg\",\"datePublished\":\"2021-05-11T11:52:33+00:00\",\"dateModified\":\"2025-12-22T11:32:43+00:00\",\"breadcrumb\":{\"@id\":\"https:\\\/\\\/naturalpoland.com\\\/ko\\\/je-pum\\\/sig-yong-mit-hwa-jang-pum-yong-o-il\\\/%ec%98%ac%eb%a6%ac%eb%b8%8c-%ec%98%a4%ec%9d%bc\\\/#breadcrumb\"},\"inLanguage\":\"ko-KR\",\"potentialAction\":[{\"@type\":\"ReadAction\",\"target\":[\"https:\\\/\\\/naturalpoland.com\\\/ko\\\/je-pum\\\/sig-yong-mit-hwa-jang-pum-yong-o-il\\\/%ec%98%ac%eb%a6%ac%eb%b8%8c-%ec%98%a4%ec%9d%bc\\\/\"]}]},{\"@type\":\"ImageObject\",\"inLanguage\":\"ko-KR\",\"@id\":\"https:\\\/\\\/naturalpoland.com\\\/ko\\\/je-pum\\\/sig-yong-mit-hwa-jang-pum-yong-o-il\\\/%ec%98%ac%eb%a6%ac%eb%b8%8c-%ec%98%a4%ec%9d%bc\\\/#primaryimage\",\"url\":\"https:\\\/\\\/naturalpoland.com\\\/wp-content\\\/uploads\\\/2021\\\/05\\\/olive-oil.jpg\",\"contentUrl\":\"https:\\\/\\\/naturalpoland.com\\\/wp-content\\\/uploads\\\/2021\\\/05\\\/olive-oil.jpg\",\"width\":649,\"height\":433,\"caption\":\"\uc62c\ub9ac\ube0c \uc624\uc77c\"},{\"@type\":\"BreadcrumbList\",\"@id\":\"https:\\\/\\\/naturalpoland.com\\\/ko\\\/je-pum\\\/sig-yong-mit-hwa-jang-pum-yong-o-il\\\/%ec%98%ac%eb%a6%ac%eb%b8%8c-%ec%98%a4%ec%9d%bc\\\/#breadcrumb\",\"itemListElement\":[{\"@type\":\"ListItem\",\"position\":1,\"name\":\"\ud648\",\"item\":\"https:\\\/\\\/naturalpoland.com\\\/ko\\\/\"},{\"@type\":\"ListItem\",\"position\":2,\"name\":\"\uc81c\ud488\",\"item\":\"https:\\\/\\\/naturalpoland.com\\\/ko\\\/%ec%a0%9c%ed%92%88\\\/\"},{\"@type\":\"ListItem\",\"position\":3,\"name\":\"\uc62c\ub9ac\ube0c \uc624\uc77c\"}]},{\"@type\":\"WebSite\",\"@id\":\"https:\\\/\\\/naturalpoland.com\\\/ko\\\/#website\",\"url\":\"https:\\\/\\\/naturalpoland.com\\\/ko\\\/\",\"name\":\"NATURAL POLAND - Hurtowy Dystrybutor Surowc\u00f3w\",\"description\":\"Surowce dla przemys\u0142u spo\u017cywczego, kosmetycznego i farmaceutycznego\",\"publisher\":{\"@id\":\"https:\\\/\\\/naturalpoland.com\\\/ko\\\/#organization\"},\"potentialAction\":[{\"@type\":\"SearchAction\",\"target\":{\"@type\":\"EntryPoint\",\"urlTemplate\":\"https:\\\/\\\/naturalpoland.com\\\/ko\\\/?s={search_term_string}\"},\"query-input\":{\"@type\":\"PropertyValueSpecification\",\"valueRequired\":true,\"valueName\":\"search_term_string\"}}],\"inLanguage\":\"ko-KR\"},{\"@type\":\"Organization\",\"@id\":\"https:\\\/\\\/naturalpoland.com\\\/ko\\\/#organization\",\"name\":\"Natural Poland\",\"url\":\"https:\\\/\\\/naturalpoland.com\\\/ko\\\/\",\"logo\":{\"@type\":\"ImageObject\",\"inLanguage\":\"ko-KR\",\"@id\":\"https:\\\/\\\/naturalpoland.com\\\/ko\\\/#\\\/schema\\\/logo\\\/image\\\/\",\"url\":\"https:\\\/\\\/naturalpoland.com\\\/wp-content\\\/uploads\\\/2021\\\/05\\\/natural-poland-icon.png\",\"contentUrl\":\"https:\\\/\\\/naturalpoland.com\\\/wp-content\\\/uploads\\\/2021\\\/05\\\/natural-poland-icon.png\",\"width\":512,\"height\":512,\"caption\":\"Natural Poland\"},\"image\":{\"@id\":\"https:\\\/\\\/naturalpoland.com\\\/ko\\\/#\\\/schema\\\/logo\\\/image\\\/\"},\"sameAs\":[\"https:\\\/\\\/www.facebook.com\\\/naturalpoland.b2b\",\"https:\\\/\\\/pl.linkedin.com\\\/company\\\/natural-poland\",\"https:\\\/\\\/www.youtube.com\\\/channel\\\/UCgeGGkvOMahZo-xu_MSEWxg\"]}]}<\/script>\n<!-- \/ Yoast SEO plugin. -->","yoast_head_json":{"title":"\uc62c\ub9ac\ube0c \uc624\uc77c - Hurtowy Dystrybutor","robots":{"index":"index","follow":"follow","max-snippet":"max-snippet:-1","max-image-preview":"max-image-preview:large","max-video-preview":"max-video-preview:-1"},"canonical":"https:\/\/naturalpoland.com\/ko\/je-pum\/sig-yong-mit-hwa-jang-pum-yong-o-il\/%ec%98%ac%eb%a6%ac%eb%b8%8c-%ec%98%a4%ec%9d%bc\/","og_locale":"ko_KR","og_type":"article","og_title":"\uc62c\ub9ac\ube0c \uc624\uc77c - Hurtowy Dystrybutor","og_description":"\uc62c\ub9ac\ube0c \uc624\uc77c\uc740 \uac00\uc7a5 \uc778\uae30 \uc788\ub294 \uc624\uc77c \uc911 \ud558\ub098\uc785\ub2c8\ub2e4. \ud48d\ubd80\ud55c \uc131\ubd84 \ub355\ubd84\uc5d0 \uc694\ub9ac\uc640 \ud654\uc7a5\ud488\uc5d0 \uadc0\ud558\uac8c \uc0ac\uc6a9\ub429\ub2c8\ub2e4. 30\uac00\uc9c0 \uc774\uc0c1\uc758 \ub2e4\uc591\ud55c \ud398\ub180 \ud654\ud569\ubb3c\uc740 \uac15\ub825\ud55c \ud56d\uc0b0\ud654\uc81c\ub85c, \uc774 \uc81c\ud488\uc758 \ud070 \uc131\uacf5 \ube44\uacb0\uc785\ub2c8\ub2e4.","og_url":"https:\/\/naturalpoland.com\/ko\/je-pum\/sig-yong-mit-hwa-jang-pum-yong-o-il\/%ec%98%ac%eb%a6%ac%eb%b8%8c-%ec%98%a4%ec%9d%bc\/","og_site_name":"NATURAL POLAND - Hurtowy Dystrybutor Surowc\u00f3w","article_publisher":"https:\/\/www.facebook.com\/naturalpoland.b2b","article_modified_time":"2025-12-22T11:32:43+00:00","og_image":[{"width":649,"height":433,"url":"https:\/\/naturalpoland.com\/wp-content\/uploads\/2021\/05\/olive-oil.jpg","type":"image\/jpeg"}],"schema":{"@context":"https:\/\/schema.org","@graph":[{"@type":"WebPage","@id":"https:\/\/naturalpoland.com\/ko\/je-pum\/sig-yong-mit-hwa-jang-pum-yong-o-il\/%ec%98%ac%eb%a6%ac%eb%b8%8c-%ec%98%a4%ec%9d%bc\/","url":"https:\/\/naturalpoland.com\/ko\/je-pum\/sig-yong-mit-hwa-jang-pum-yong-o-il\/%ec%98%ac%eb%a6%ac%eb%b8%8c-%ec%98%a4%ec%9d%bc\/","name":"\uc62c\ub9ac\ube0c \uc624\uc77c - Hurtowy Dystrybutor","isPartOf":{"@id":"https:\/\/naturalpoland.com\/ko\/#website"},"primaryImageOfPage":{"@id":"https:\/\/naturalpoland.com\/ko\/je-pum\/sig-yong-mit-hwa-jang-pum-yong-o-il\/%ec%98%ac%eb%a6%ac%eb%b8%8c-%ec%98%a4%ec%9d%bc\/#primaryimage"},"image":{"@id":"https:\/\/naturalpoland.com\/ko\/je-pum\/sig-yong-mit-hwa-jang-pum-yong-o-il\/%ec%98%ac%eb%a6%ac%eb%b8%8c-%ec%98%a4%ec%9d%bc\/#primaryimage"},"thumbnailUrl":"https:\/\/naturalpoland.com\/wp-content\/uploads\/2021\/05\/olive-oil.jpg","datePublished":"2021-05-11T11:52:33+00:00","dateModified":"2025-12-22T11:32:43+00:00","breadcrumb":{"@id":"https:\/\/naturalpoland.com\/ko\/je-pum\/sig-yong-mit-hwa-jang-pum-yong-o-il\/%ec%98%ac%eb%a6%ac%eb%b8%8c-%ec%98%a4%ec%9d%bc\/#breadcrumb"},"inLanguage":"ko-KR","potentialAction":[{"@type":"ReadAction","target":["https:\/\/naturalpoland.com\/ko\/je-pum\/sig-yong-mit-hwa-jang-pum-yong-o-il\/%ec%98%ac%eb%a6%ac%eb%b8%8c-%ec%98%a4%ec%9d%bc\/"]}]},{"@type":"ImageObject","inLanguage":"ko-KR","@id":"https:\/\/naturalpoland.com\/ko\/je-pum\/sig-yong-mit-hwa-jang-pum-yong-o-il\/%ec%98%ac%eb%a6%ac%eb%b8%8c-%ec%98%a4%ec%9d%bc\/#primaryimage","url":"https:\/\/naturalpoland.com\/wp-content\/uploads\/2021\/05\/olive-oil.jpg","contentUrl":"https:\/\/naturalpoland.com\/wp-content\/uploads\/2021\/05\/olive-oil.jpg","width":649,"height":433,"caption":"\uc62c\ub9ac\ube0c \uc624\uc77c"},{"@type":"BreadcrumbList","@id":"https:\/\/naturalpoland.com\/ko\/je-pum\/sig-yong-mit-hwa-jang-pum-yong-o-il\/%ec%98%ac%eb%a6%ac%eb%b8%8c-%ec%98%a4%ec%9d%bc\/#breadcrumb","itemListElement":[{"@type":"ListItem","position":1,"name":"\ud648","item":"https:\/\/naturalpoland.com\/ko\/"},{"@type":"ListItem","position":2,"name":"\uc81c\ud488","item":"https:\/\/naturalpoland.com\/ko\/%ec%a0%9c%ed%92%88\/"},{"@type":"ListItem","position":3,"name":"\uc62c\ub9ac\ube0c \uc624\uc77c"}]},{"@type":"WebSite","@id":"https:\/\/naturalpoland.com\/ko\/#website","url":"https:\/\/naturalpoland.com\/ko\/","name":"NATURAL POLAND - Hurtowy Dystrybutor Surowc\u00f3w","description":"Surowce dla przemys\u0142u spo\u017cywczego, kosmetycznego i farmaceutycznego","publisher":{"@id":"https:\/\/naturalpoland.com\/ko\/#organization"},"potentialAction":[{"@type":"SearchAction","target":{"@type":"EntryPoint","urlTemplate":"https:\/\/naturalpoland.com\/ko\/?s={search_term_string}"},"query-input":{"@type":"PropertyValueSpecification","valueRequired":true,"valueName":"search_term_string"}}],"inLanguage":"ko-KR"},{"@type":"Organization","@id":"https:\/\/naturalpoland.com\/ko\/#organization","name":"Natural Poland","url":"https:\/\/naturalpoland.com\/ko\/","logo":{"@type":"ImageObject","inLanguage":"ko-KR","@id":"https:\/\/naturalpoland.com\/ko\/#\/schema\/logo\/image\/","url":"https:\/\/naturalpoland.com\/wp-content\/uploads\/2021\/05\/natural-poland-icon.png","contentUrl":"https:\/\/naturalpoland.com\/wp-content\/uploads\/2021\/05\/natural-poland-icon.png","width":512,"height":512,"caption":"Natural Poland"},"image":{"@id":"https:\/\/naturalpoland.com\/ko\/#\/schema\/logo\/image\/"},"sameAs":["https:\/\/www.facebook.com\/naturalpoland.b2b","https:\/\/pl.linkedin.com\/company\/natural-poland","https:\/\/www.youtube.com\/channel\/UCgeGGkvOMahZo-xu_MSEWxg"]}]}},"_links":{"self":[{"href":"https:\/\/naturalpoland.com\/ko\/wp-json\/wp\/v2\/product\/44526","targetHints":{"allow":["GET"]}}],"collection":[{"href":"https:\/\/naturalpoland.com\/ko\/wp-json\/wp\/v2\/product"}],"about":[{"href":"https:\/\/naturalpoland.com\/ko\/wp-json\/wp\/v2\/types\/product"}],"wp:featuredmedia":[{"embeddable":true,"href":"https:\/\/naturalpoland.com\/ko\/wp-json\/wp\/v2\/media\/44527"}],"wp:attachment":[{"href":"https:\/\/naturalpoland.com\/ko\/wp-json\/wp\/v2\/media?parent=44526"}],"wp:term":[{"taxonomy":"product_brand","embeddable":true,"href":"https:\/\/naturalpoland.com\/ko\/wp-json\/wp\/v2\/product_brand?post=44526"},{"taxonomy":"product_cat","embeddable":true,"href":"https:\/\/naturalpoland.com\/ko\/wp-json\/wp\/v2\/product_cat?post=44526"},{"taxonomy":"product_tag","embeddable":true,"href":"https:\/\/naturalpoland.com\/ko\/wp-json\/wp\/v2\/product_tag?post=44526"}],"curies":[{"name":"wp","href":"https:\/\/api.w.org\/{rel}","templated":true}]}}