{"id":44556,"date":"2021-05-11T13:41:23","date_gmt":"2021-05-11T11:41:23","guid":{"rendered":"https:\/\/naturalpoland.com\/produkty\/uncategorized\/%ec%82%ac%ed%94%84%eb%9e%80-%ec%b6%94%ec%b6%9c%eb%ac%bc\/"},"modified":"2025-12-22T12:55:22","modified_gmt":"2025-12-22T11:55:22","slug":"%ec%82%ac%ed%94%84%eb%9e%80-%ec%b6%94%ec%b6%9c%eb%ac%bc","status":"publish","type":"product","link":"https:\/\/naturalpoland.com\/ko\/je-pum\/sig-mul-chu-chul-mul\/%ec%82%ac%ed%94%84%eb%9e%80-%ec%b6%94%ec%b6%9c%eb%ac%bc\/","title":{"rendered":"\uc0ac\ud504\ub780 \ucd94\ucd9c\ubb3c"},"content":{"rendered":"<p>\uc0ac\ud504\ub780\uc740 \uc138\uacc4\uc5d0\uc11c \uac00\uc7a5 \ube44\uc2fc \ud5a5\uc2e0\ub8cc \uc911 \ud558\ub098\uc774\ubbc0\ub85c, \uc0ac\ud504\ub780 \ucd94\ucd9c\ubb3c\uc774 \ub9e4\uc6b0 \uace0\uae09\uc2a4\ub7fd\uace0 \ub3c5\uc810\uc801\uc778 \uc6d0\ub8cc\ub77c\ub294 \uac83\uc740 \ub180\ub77c\uc6b4 \uc77c\uc774 \uc544\ub2d9\ub2c8\ub2e4. \uc774\ub294 \uadf8 \uc131\ubd84 \ub355\ubd84\uc785\ub2c8\ub2e4. \uc0ac\ud504\ub780\uc740 <strong>\ud06c\ub85c\uc2e0<\/strong>, <strong>\ud06c\ub85c\uc138\ud2f4<\/strong>, <strong>\uc0ac\ud504\ub77c\ub0a0<\/strong>\uc744 \ud48d\ubd80\ud558\uac8c \ud568\uc720\ud558\uace0 \uc788\uc2b5\ub2c8\ub2e4. \ub610\ud55c \ube44\ud0c0\ubbfc A, B1, B2, <a href=\"https:\/\/naturalpoland.com\/ko\/je-pum\/ui-yak-pum-won-ryo\/bi-ta-min\/bitamin-b3\/\">B3<\/a>, B6, C, \uc5fd\uc0b0, \ucca0, \uce7c\uc298, \ub9c8\uadf8\ub124\uc298, \uc544\uc5f0, \uce7c\ub968, \uc778, \ub098\ud2b8\ub968\uc758 \uacf5\uae09\uc6d0\uc774\uae30\ub3c4 \ud569\ub2c8\ub2e4. \ub530\ub77c\uc11c \uc0ac\ud504\ub780\uc774 &#8216;\uc2dd\ubb3c\uc131 \uae08&#8217;\uc774\ub77c\ub294 \uce6d\ud638\ub97c \ubc1b\uc744 \ub9cc\ud558\ub2e4\ub294 \uac83\uc740 \ub180\ub77c\uc6b4 \uc77c\uc774 \uc544\ub2d9\ub2c8\ub2e4.    <\/p>\n","protected":false},"excerpt":{"rendered":"<p>\ud48d\ubd80\ud55c \uc131\ubd84 \ub355\ubd84\uc5d0 \uc0ac\ud504\ub780 \ucd94\ucd9c\ubb3c\uc740 \uc601\uc591 \uacb0\ud54d \ubcf4\ucda9\uacfc \ud53c\ubd80 \ubc0f \ubaa8\ubc1c \uad00\ub9ac\uc5d0 \ud6a8\uacfc\uc801\uc785\ub2c8\ub2e4. \ub610\ud55c \uc6b0\uc6b8\uac10, \uc6d4\uacbd \uc804 \uc99d\ud6c4\uad70, \uc704\uada4\uc591 \uc644\ud654\uc5d0\ub3c4 \uc0ac\uc6a9\ub420 \uc218 \uc788\uc2b5\ub2c8\ub2e4. <\/p>\n","protected":false},"featured_media":44557,"template":"","meta":{"_acf_changed":false},"product_brand":[],"product_cat":[8134],"product_tag":[],"class_list":{"0":"post-44556","1":"product","2":"type-product","3":"status-publish","4":"has-post-thumbnail","6":"product_cat-sig-mul-chu-chul-mul","8":"first","9":"instock","10":"shipping-taxable","11":"product-type-simple"},"acf":[],"yoast_head":"<!-- This site is optimized with the Yoast SEO plugin v27.6 - https:\/\/yoast.com\/product\/yoast-seo-wordpress\/ -->\n<title>NATURAL POLAND &#8211; Hurtowy Dystrybutor Surowc\u00f3w<\/title>\n<meta name=\"robots\" content=\"index, follow, max-snippet:-1, max-image-preview:large, max-video-preview:-1\" \/>\n<link rel=\"canonical\" href=\"https:\/\/naturalpoland.com\/ko\/je-pum\/sig-mul-chu-chul-mul\/%ec%82%ac%ed%94%84%eb%9e%80-%ec%b6%94%ec%b6%9c%eb%ac%bc\/\" \/>\n<meta property=\"og:locale\" content=\"ko_KR\" \/>\n<meta property=\"og:type\" content=\"article\" \/>\n<meta property=\"og:description\" content=\"\ud48d\ubd80\ud55c \uc131\ubd84 \ub355\ubd84\uc5d0 \uc0ac\ud504\ub780 \ucd94\ucd9c\ubb3c\uc740 \uc601\uc591 \uacb0\ud54d \ubcf4\ucda9\uacfc \ud53c\ubd80 \ubc0f \ubaa8\ubc1c \uad00\ub9ac\uc5d0 \ud6a8\uacfc\uc801\uc785\ub2c8\ub2e4. \ub610\ud55c \uc6b0\uc6b8\uac10, \uc6d4\uacbd \uc804 \uc99d\ud6c4\uad70, \uc704\uada4\uc591 \uc644\ud654\uc5d0\ub3c4 \uc0ac\uc6a9\ub420 \uc218 \uc788\uc2b5\ub2c8\ub2e4.\" \/>\n<meta property=\"og:url\" content=\"https:\/\/naturalpoland.com\/ko\/je-pum\/sig-mul-chu-chul-mul\/%ec%82%ac%ed%94%84%eb%9e%80-%ec%b6%94%ec%b6%9c%eb%ac%bc\/\" \/>\n<meta property=\"og:site_name\" content=\"NATURAL POLAND - Hurtowy Dystrybutor Surowc\u00f3w\" \/>\n<meta property=\"article:publisher\" content=\"https:\/\/www.facebook.com\/naturalpoland.b2b\" \/>\n<meta property=\"article:modified_time\" content=\"2025-12-22T11:55:22+00:00\" \/>\n<meta property=\"og:image\" content=\"https:\/\/naturalpoland.com\/wp-content\/uploads\/2021\/05\/saffron-extract.jpg\" \/>\n\t<meta property=\"og:image:width\" content=\"640\" \/>\n\t<meta property=\"og:image:height\" content=\"428\" \/>\n\t<meta property=\"og:image:type\" content=\"image\/jpeg\" \/>\n<script type=\"application\/ld+json\" class=\"yoast-schema-graph\">{\"@context\":\"https:\\\/\\\/schema.org\",\"@graph\":[{\"@type\":\"WebPage\",\"@id\":\"https:\\\/\\\/naturalpoland.com\\\/ko\\\/je-pum\\\/sig-mul-chu-chul-mul\\\/%ec%82%ac%ed%94%84%eb%9e%80-%ec%b6%94%ec%b6%9c%eb%ac%bc\\\/\",\"url\":\"https:\\\/\\\/naturalpoland.com\\\/ko\\\/je-pum\\\/sig-mul-chu-chul-mul\\\/%ec%82%ac%ed%94%84%eb%9e%80-%ec%b6%94%ec%b6%9c%eb%ac%bc\\\/\",\"name\":\"\",\"isPartOf\":{\"@id\":\"https:\\\/\\\/naturalpoland.com\\\/ko\\\/#website\"},\"primaryImageOfPage\":{\"@id\":\"https:\\\/\\\/naturalpoland.com\\\/ko\\\/je-pum\\\/sig-mul-chu-chul-mul\\\/%ec%82%ac%ed%94%84%eb%9e%80-%ec%b6%94%ec%b6%9c%eb%ac%bc\\\/#primaryimage\"},\"image\":{\"@id\":\"https:\\\/\\\/naturalpoland.com\\\/ko\\\/je-pum\\\/sig-mul-chu-chul-mul\\\/%ec%82%ac%ed%94%84%eb%9e%80-%ec%b6%94%ec%b6%9c%eb%ac%bc\\\/#primaryimage\"},\"thumbnailUrl\":\"https:\\\/\\\/naturalpoland.com\\\/wp-content\\\/uploads\\\/2021\\\/05\\\/saffron-extract.jpg\",\"datePublished\":\"2021-05-11T11:41:23+00:00\",\"dateModified\":\"2025-12-22T11:55:22+00:00\",\"breadcrumb\":{\"@id\":\"https:\\\/\\\/naturalpoland.com\\\/ko\\\/je-pum\\\/sig-mul-chu-chul-mul\\\/%ec%82%ac%ed%94%84%eb%9e%80-%ec%b6%94%ec%b6%9c%eb%ac%bc\\\/#breadcrumb\"},\"inLanguage\":\"ko-KR\",\"potentialAction\":[{\"@type\":\"ReadAction\",\"target\":[\"https:\\\/\\\/naturalpoland.com\\\/ko\\\/je-pum\\\/sig-mul-chu-chul-mul\\\/%ec%82%ac%ed%94%84%eb%9e%80-%ec%b6%94%ec%b6%9c%eb%ac%bc\\\/\"]}]},{\"@type\":\"ImageObject\",\"inLanguage\":\"ko-KR\",\"@id\":\"https:\\\/\\\/naturalpoland.com\\\/ko\\\/je-pum\\\/sig-mul-chu-chul-mul\\\/%ec%82%ac%ed%94%84%eb%9e%80-%ec%b6%94%ec%b6%9c%eb%ac%bc\\\/#primaryimage\",\"url\":\"https:\\\/\\\/naturalpoland.com\\\/wp-content\\\/uploads\\\/2021\\\/05\\\/saffron-extract.jpg\",\"contentUrl\":\"https:\\\/\\\/naturalpoland.com\\\/wp-content\\\/uploads\\\/2021\\\/05\\\/saffron-extract.jpg\",\"width\":640,\"height\":428,\"caption\":\"\uc0ac\ud504\ub780 \ucd94\ucd9c\ubb3c\"},{\"@type\":\"BreadcrumbList\",\"@id\":\"https:\\\/\\\/naturalpoland.com\\\/ko\\\/je-pum\\\/sig-mul-chu-chul-mul\\\/%ec%82%ac%ed%94%84%eb%9e%80-%ec%b6%94%ec%b6%9c%eb%ac%bc\\\/#breadcrumb\",\"itemListElement\":[{\"@type\":\"ListItem\",\"position\":1,\"name\":\"\ud648\",\"item\":\"https:\\\/\\\/naturalpoland.com\\\/ko\\\/\"},{\"@type\":\"ListItem\",\"position\":2,\"name\":\"\uc81c\ud488\",\"item\":\"https:\\\/\\\/naturalpoland.com\\\/ko\\\/%ec%a0%9c%ed%92%88\\\/\"},{\"@type\":\"ListItem\",\"position\":3,\"name\":\"\uc0ac\ud504\ub780 \ucd94\ucd9c\ubb3c\"}]},{\"@type\":\"WebSite\",\"@id\":\"https:\\\/\\\/naturalpoland.com\\\/ko\\\/#website\",\"url\":\"https:\\\/\\\/naturalpoland.com\\\/ko\\\/\",\"name\":\"NATURAL POLAND - Hurtowy Dystrybutor Surowc\u00f3w\",\"description\":\"Surowce dla przemys\u0142u spo\u017cywczego, kosmetycznego i farmaceutycznego\",\"publisher\":{\"@id\":\"https:\\\/\\\/naturalpoland.com\\\/ko\\\/#organization\"},\"potentialAction\":[{\"@type\":\"SearchAction\",\"target\":{\"@type\":\"EntryPoint\",\"urlTemplate\":\"https:\\\/\\\/naturalpoland.com\\\/ko\\\/?s={search_term_string}\"},\"query-input\":{\"@type\":\"PropertyValueSpecification\",\"valueRequired\":true,\"valueName\":\"search_term_string\"}}],\"inLanguage\":\"ko-KR\"},{\"@type\":\"Organization\",\"@id\":\"https:\\\/\\\/naturalpoland.com\\\/ko\\\/#organization\",\"name\":\"Natural Poland\",\"url\":\"https:\\\/\\\/naturalpoland.com\\\/ko\\\/\",\"logo\":{\"@type\":\"ImageObject\",\"inLanguage\":\"ko-KR\",\"@id\":\"https:\\\/\\\/naturalpoland.com\\\/ko\\\/#\\\/schema\\\/logo\\\/image\\\/\",\"url\":\"https:\\\/\\\/naturalpoland.com\\\/wp-content\\\/uploads\\\/2021\\\/05\\\/natural-poland-icon.png\",\"contentUrl\":\"https:\\\/\\\/naturalpoland.com\\\/wp-content\\\/uploads\\\/2021\\\/05\\\/natural-poland-icon.png\",\"width\":512,\"height\":512,\"caption\":\"Natural Poland\"},\"image\":{\"@id\":\"https:\\\/\\\/naturalpoland.com\\\/ko\\\/#\\\/schema\\\/logo\\\/image\\\/\"},\"sameAs\":[\"https:\\\/\\\/www.facebook.com\\\/naturalpoland.b2b\",\"https:\\\/\\\/pl.linkedin.com\\\/company\\\/natural-poland\",\"https:\\\/\\\/www.youtube.com\\\/channel\\\/UCgeGGkvOMahZo-xu_MSEWxg\"]}]}<\/script>\n<!-- \/ Yoast SEO plugin. -->","yoast_head_json":{"title":"NATURAL POLAND &#8211; Hurtowy Dystrybutor Surowc\u00f3w","robots":{"index":"index","follow":"follow","max-snippet":"max-snippet:-1","max-image-preview":"max-image-preview:large","max-video-preview":"max-video-preview:-1"},"canonical":"https:\/\/naturalpoland.com\/ko\/je-pum\/sig-mul-chu-chul-mul\/%ec%82%ac%ed%94%84%eb%9e%80-%ec%b6%94%ec%b6%9c%eb%ac%bc\/","og_locale":"ko_KR","og_type":"article","og_description":"\ud48d\ubd80\ud55c \uc131\ubd84 \ub355\ubd84\uc5d0 \uc0ac\ud504\ub780 \ucd94\ucd9c\ubb3c\uc740 \uc601\uc591 \uacb0\ud54d \ubcf4\ucda9\uacfc \ud53c\ubd80 \ubc0f \ubaa8\ubc1c \uad00\ub9ac\uc5d0 \ud6a8\uacfc\uc801\uc785\ub2c8\ub2e4. \ub610\ud55c \uc6b0\uc6b8\uac10, \uc6d4\uacbd \uc804 \uc99d\ud6c4\uad70, \uc704\uada4\uc591 \uc644\ud654\uc5d0\ub3c4 \uc0ac\uc6a9\ub420 \uc218 \uc788\uc2b5\ub2c8\ub2e4.","og_url":"https:\/\/naturalpoland.com\/ko\/je-pum\/sig-mul-chu-chul-mul\/%ec%82%ac%ed%94%84%eb%9e%80-%ec%b6%94%ec%b6%9c%eb%ac%bc\/","og_site_name":"NATURAL POLAND - Hurtowy Dystrybutor Surowc\u00f3w","article_publisher":"https:\/\/www.facebook.com\/naturalpoland.b2b","article_modified_time":"2025-12-22T11:55:22+00:00","og_image":[{"width":640,"height":428,"url":"https:\/\/naturalpoland.com\/wp-content\/uploads\/2021\/05\/saffron-extract.jpg","type":"image\/jpeg"}],"schema":{"@context":"https:\/\/schema.org","@graph":[{"@type":"WebPage","@id":"https:\/\/naturalpoland.com\/ko\/je-pum\/sig-mul-chu-chul-mul\/%ec%82%ac%ed%94%84%eb%9e%80-%ec%b6%94%ec%b6%9c%eb%ac%bc\/","url":"https:\/\/naturalpoland.com\/ko\/je-pum\/sig-mul-chu-chul-mul\/%ec%82%ac%ed%94%84%eb%9e%80-%ec%b6%94%ec%b6%9c%eb%ac%bc\/","name":"","isPartOf":{"@id":"https:\/\/naturalpoland.com\/ko\/#website"},"primaryImageOfPage":{"@id":"https:\/\/naturalpoland.com\/ko\/je-pum\/sig-mul-chu-chul-mul\/%ec%82%ac%ed%94%84%eb%9e%80-%ec%b6%94%ec%b6%9c%eb%ac%bc\/#primaryimage"},"image":{"@id":"https:\/\/naturalpoland.com\/ko\/je-pum\/sig-mul-chu-chul-mul\/%ec%82%ac%ed%94%84%eb%9e%80-%ec%b6%94%ec%b6%9c%eb%ac%bc\/#primaryimage"},"thumbnailUrl":"https:\/\/naturalpoland.com\/wp-content\/uploads\/2021\/05\/saffron-extract.jpg","datePublished":"2021-05-11T11:41:23+00:00","dateModified":"2025-12-22T11:55:22+00:00","breadcrumb":{"@id":"https:\/\/naturalpoland.com\/ko\/je-pum\/sig-mul-chu-chul-mul\/%ec%82%ac%ed%94%84%eb%9e%80-%ec%b6%94%ec%b6%9c%eb%ac%bc\/#breadcrumb"},"inLanguage":"ko-KR","potentialAction":[{"@type":"ReadAction","target":["https:\/\/naturalpoland.com\/ko\/je-pum\/sig-mul-chu-chul-mul\/%ec%82%ac%ed%94%84%eb%9e%80-%ec%b6%94%ec%b6%9c%eb%ac%bc\/"]}]},{"@type":"ImageObject","inLanguage":"ko-KR","@id":"https:\/\/naturalpoland.com\/ko\/je-pum\/sig-mul-chu-chul-mul\/%ec%82%ac%ed%94%84%eb%9e%80-%ec%b6%94%ec%b6%9c%eb%ac%bc\/#primaryimage","url":"https:\/\/naturalpoland.com\/wp-content\/uploads\/2021\/05\/saffron-extract.jpg","contentUrl":"https:\/\/naturalpoland.com\/wp-content\/uploads\/2021\/05\/saffron-extract.jpg","width":640,"height":428,"caption":"\uc0ac\ud504\ub780 \ucd94\ucd9c\ubb3c"},{"@type":"BreadcrumbList","@id":"https:\/\/naturalpoland.com\/ko\/je-pum\/sig-mul-chu-chul-mul\/%ec%82%ac%ed%94%84%eb%9e%80-%ec%b6%94%ec%b6%9c%eb%ac%bc\/#breadcrumb","itemListElement":[{"@type":"ListItem","position":1,"name":"\ud648","item":"https:\/\/naturalpoland.com\/ko\/"},{"@type":"ListItem","position":2,"name":"\uc81c\ud488","item":"https:\/\/naturalpoland.com\/ko\/%ec%a0%9c%ed%92%88\/"},{"@type":"ListItem","position":3,"name":"\uc0ac\ud504\ub780 \ucd94\ucd9c\ubb3c"}]},{"@type":"WebSite","@id":"https:\/\/naturalpoland.com\/ko\/#website","url":"https:\/\/naturalpoland.com\/ko\/","name":"NATURAL POLAND - Hurtowy Dystrybutor Surowc\u00f3w","description":"Surowce dla przemys\u0142u spo\u017cywczego, kosmetycznego i farmaceutycznego","publisher":{"@id":"https:\/\/naturalpoland.com\/ko\/#organization"},"potentialAction":[{"@type":"SearchAction","target":{"@type":"EntryPoint","urlTemplate":"https:\/\/naturalpoland.com\/ko\/?s={search_term_string}"},"query-input":{"@type":"PropertyValueSpecification","valueRequired":true,"valueName":"search_term_string"}}],"inLanguage":"ko-KR"},{"@type":"Organization","@id":"https:\/\/naturalpoland.com\/ko\/#organization","name":"Natural Poland","url":"https:\/\/naturalpoland.com\/ko\/","logo":{"@type":"ImageObject","inLanguage":"ko-KR","@id":"https:\/\/naturalpoland.com\/ko\/#\/schema\/logo\/image\/","url":"https:\/\/naturalpoland.com\/wp-content\/uploads\/2021\/05\/natural-poland-icon.png","contentUrl":"https:\/\/naturalpoland.com\/wp-content\/uploads\/2021\/05\/natural-poland-icon.png","width":512,"height":512,"caption":"Natural Poland"},"image":{"@id":"https:\/\/naturalpoland.com\/ko\/#\/schema\/logo\/image\/"},"sameAs":["https:\/\/www.facebook.com\/naturalpoland.b2b","https:\/\/pl.linkedin.com\/company\/natural-poland","https:\/\/www.youtube.com\/channel\/UCgeGGkvOMahZo-xu_MSEWxg"]}]}},"_links":{"self":[{"href":"https:\/\/naturalpoland.com\/ko\/wp-json\/wp\/v2\/product\/44556","targetHints":{"allow":["GET"]}}],"collection":[{"href":"https:\/\/naturalpoland.com\/ko\/wp-json\/wp\/v2\/product"}],"about":[{"href":"https:\/\/naturalpoland.com\/ko\/wp-json\/wp\/v2\/types\/product"}],"wp:featuredmedia":[{"embeddable":true,"href":"https:\/\/naturalpoland.com\/ko\/wp-json\/wp\/v2\/media\/44557"}],"wp:attachment":[{"href":"https:\/\/naturalpoland.com\/ko\/wp-json\/wp\/v2\/media?parent=44556"}],"wp:term":[{"taxonomy":"product_brand","embeddable":true,"href":"https:\/\/naturalpoland.com\/ko\/wp-json\/wp\/v2\/product_brand?post=44556"},{"taxonomy":"product_cat","embeddable":true,"href":"https:\/\/naturalpoland.com\/ko\/wp-json\/wp\/v2\/product_cat?post=44556"},{"taxonomy":"product_tag","embeddable":true,"href":"https:\/\/naturalpoland.com\/ko\/wp-json\/wp\/v2\/product_tag?post=44556"}],"curies":[{"name":"wp","href":"https:\/\/api.w.org\/{rel}","templated":true}]}}