{"id":44560,"date":"2024-12-05T16:03:53","date_gmt":"2024-12-05T15:03:53","guid":{"rendered":"https:\/\/naturalpoland.com\/produkty\/uncategorized\/%ed%98%b8%eb%b0%95-%ec%b6%94%ec%b6%9c%eb%ac%bc\/"},"modified":"2025-12-22T12:55:47","modified_gmt":"2025-12-22T11:55:47","slug":"%ed%98%b8%eb%b0%95-%ec%b6%94%ec%b6%9c%eb%ac%bc","status":"publish","type":"product","link":"https:\/\/naturalpoland.com\/ko\/je-pum\/sig-mul-chu-chul-mul\/%ed%98%b8%eb%b0%95-%ec%b6%94%ec%b6%9c%eb%ac%bc\/","title":{"rendered":"\ud638\ubc15 \ucd94\ucd9c\ubb3c"},"content":{"rendered":"<h2>\ucd94\ucd9c\ubb3c\uc5d0 \ud568\uc720\ub41c \ud65c\uc131 \uc131\ubd84:<\/h2>\n<ul>\n<li><strong>\ucfe0\ub9c8\ub9b0<\/strong> \u2013 \ud56d\uc5fc \ubc0f \ud56d\uc0b0\ud654 \ud654\ud569\ubb3c.<\/li>\n<li><strong>\ud53c\ud1a0\uc2a4\ud14c\ub864<\/strong> \u2013 \uc18c\ud654\uae30 \uacc4\ud1b5\uc744 \uc9c4\uc815\uc2dc\ud0a4\uace0 \uac04\uc744 \ubcf4\ud638\ud569\ub2c8\ub2e4.<\/li>\n<li><strong>\ud3ec\ud654 \uc9c0\ubc29<\/strong> \u2013 \uc8fc\ub85c \ubcf4\uc2b5 \ubc0f \ubcf4\ud638 \ud2b9\uc131\uc744 \uac00\uc9c4 \ub77c\uc6b0\ub974\uc0b0\uacfc \ubbf8\ub9ac\uc2a4\ud2b8\uc0b0\uc744 \ud3ec\ud568\ud569\ub2c8\ub2e4.<\/li>\n<\/ul>\n<h2>\uc801\uc6a9 \ubd84\uc57c:<\/h2>\n<p>\ud638\ubc15 \ucd94\ucd9c\ubb3c\uc740 \ud53c\ubd80 \ubc0f \ubaa8\ubc1c \uad00\ub9ac \uc81c\ud488\uc5d0 \uc0ac\uc6a9\ub418\uba70, \uc18c\ud654\uae30 \ubc0f \ube44\ub1e8\uae30 \uacc4\ud1b5\uc758 \uae30\ub2a5\uc744 \ub3d5\ub294 \ucc9c\uc5f0 \ubcf4\ucda9\uc81c\ub85c\ub3c4 \ud65c\uc6a9\ub429\ub2c8\ub2e4.<\/p>\n","protected":false},"excerpt":{"rendered":"<p>\uc774 \ucd94\ucd9c\ubb3c\uc740 <em>Cucurbita pepo<\/em>(\uc77c\ubc18 \ud638\ubc15) \uc5f4\ub9e4\uc5d0\uc11c \uc5bb\uc5b4\uc9d1\ub2c8\ub2e4. \ub9c8\uadf8\ub124\uc298, \uc778, \uad6c\ub9ac, \ub9dd\uac04, \uc544\uc5f0, \ucca0\ubfd0\ub9cc \uc544\ub2c8\ub77c \ube44\ud0c0\ubbfc B\uad70, \ube44\ud0c0\ubbfc A, C, K\uac00 \ud48d\ubd80\ud558\uac8c \ud568\uc720\ub418\uc5b4 \uc788\uc2b5\ub2c8\ub2e4. <\/p>\n","protected":false},"featured_media":44561,"template":"","meta":{"_acf_changed":false},"product_brand":[],"product_cat":[8134],"product_tag":[],"class_list":{"0":"post-44560","1":"product","2":"type-product","3":"status-publish","4":"has-post-thumbnail","6":"product_cat-sig-mul-chu-chul-mul","7":"pa_czesc-rosliny-8225","9":"first","10":"instock","11":"shipping-taxable","12":"product-type-simple"},"acf":[],"yoast_head":"<!-- This site is optimized with the Yoast SEO plugin v27.5 - https:\/\/yoast.com\/product\/yoast-seo-wordpress\/ -->\n<title>\ud638\ubc15 \ucd94\ucd9c\ubb3c - \uc6d0\uc790\uc7ac \ub3c4\ub9e4 \uc720\ud1b5\uc5c5\uccb4 - NATURAL POLAND - Hurtowy Dystrybutor Surowc\u00f3w<\/title>\n<meta name=\"description\" content=\"\ud638\ubc15 \ucd94\ucd9c\ubb3c\uc740 \ud654\uc7a5\ud488 \ubc0f \uc57d\ud559\uc744 \ud3ec\ud568\ud55c \ub2e4\uc591\ud55c \ubd84\uc57c\uc5d0 \ud65c\uc6a9\ub429\ub2c8\ub2e4. \ub3c4\ub9e4 \uc8fc\ubb38\uc744 \ubc1b\uc2b5\ub2c8\ub2e4.\" \/>\n<meta name=\"robots\" content=\"index, follow, max-snippet:-1, max-image-preview:large, max-video-preview:-1\" \/>\n<link rel=\"canonical\" href=\"https:\/\/naturalpoland.com\/ko\/je-pum\/sig-mul-chu-chul-mul\/%ed%98%b8%eb%b0%95-%ec%b6%94%ec%b6%9c%eb%ac%bc\/\" \/>\n<meta property=\"og:locale\" content=\"ko_KR\" \/>\n<meta property=\"og:type\" content=\"article\" \/>\n<meta property=\"og:title\" content=\"\ud638\ubc15 \ucd94\ucd9c\ubb3c - \uc6d0\uc790\uc7ac \ub3c4\ub9e4 \uc720\ud1b5\uc5c5\uccb4 - NATURAL POLAND - Hurtowy Dystrybutor Surowc\u00f3w\" \/>\n<meta property=\"og:description\" content=\"\ud638\ubc15 \ucd94\ucd9c\ubb3c\uc740 \ud654\uc7a5\ud488 \ubc0f \uc57d\ud559\uc744 \ud3ec\ud568\ud55c \ub2e4\uc591\ud55c \ubd84\uc57c\uc5d0 \ud65c\uc6a9\ub429\ub2c8\ub2e4. \ub3c4\ub9e4 \uc8fc\ubb38\uc744 \ubc1b\uc2b5\ub2c8\ub2e4.\" \/>\n<meta property=\"og:url\" content=\"https:\/\/naturalpoland.com\/ko\/je-pum\/sig-mul-chu-chul-mul\/%ed%98%b8%eb%b0%95-%ec%b6%94%ec%b6%9c%eb%ac%bc\/\" \/>\n<meta property=\"og:site_name\" content=\"NATURAL POLAND - Hurtowy Dystrybutor Surowc\u00f3w\" \/>\n<meta property=\"article:publisher\" content=\"https:\/\/www.facebook.com\/naturalpoland.b2b\" \/>\n<meta property=\"article:modified_time\" content=\"2025-12-22T11:55:47+00:00\" \/>\n<meta property=\"og:image\" content=\"https:\/\/naturalpoland.com\/wp-content\/uploads\/ekstrakt-z-owocu-dyni.webp\" \/>\n\t<meta property=\"og:image:width\" content=\"350\" \/>\n\t<meta property=\"og:image:height\" content=\"350\" \/>\n\t<meta property=\"og:image:type\" content=\"image\/webp\" \/>\n<script type=\"application\/ld+json\" class=\"yoast-schema-graph\">{\"@context\":\"https:\\\/\\\/schema.org\",\"@graph\":[{\"@type\":\"WebPage\",\"@id\":\"https:\\\/\\\/naturalpoland.com\\\/ko\\\/je-pum\\\/sig-mul-chu-chul-mul\\\/%ed%98%b8%eb%b0%95-%ec%b6%94%ec%b6%9c%eb%ac%bc\\\/\",\"url\":\"https:\\\/\\\/naturalpoland.com\\\/ko\\\/je-pum\\\/sig-mul-chu-chul-mul\\\/%ed%98%b8%eb%b0%95-%ec%b6%94%ec%b6%9c%eb%ac%bc\\\/\",\"name\":\"\ud638\ubc15 \ucd94\ucd9c\ubb3c - \uc6d0\uc790\uc7ac \ub3c4\ub9e4 \uc720\ud1b5\uc5c5\uccb4 - NATURAL POLAND - Hurtowy Dystrybutor Surowc\u00f3w\",\"isPartOf\":{\"@id\":\"https:\\\/\\\/naturalpoland.com\\\/ko\\\/#website\"},\"primaryImageOfPage\":{\"@id\":\"https:\\\/\\\/naturalpoland.com\\\/ko\\\/je-pum\\\/sig-mul-chu-chul-mul\\\/%ed%98%b8%eb%b0%95-%ec%b6%94%ec%b6%9c%eb%ac%bc\\\/#primaryimage\"},\"image\":{\"@id\":\"https:\\\/\\\/naturalpoland.com\\\/ko\\\/je-pum\\\/sig-mul-chu-chul-mul\\\/%ed%98%b8%eb%b0%95-%ec%b6%94%ec%b6%9c%eb%ac%bc\\\/#primaryimage\"},\"thumbnailUrl\":\"https:\\\/\\\/naturalpoland.com\\\/wp-content\\\/uploads\\\/ekstrakt-z-owocu-dyni.webp\",\"datePublished\":\"2024-12-05T15:03:53+00:00\",\"dateModified\":\"2025-12-22T11:55:47+00:00\",\"description\":\"\ud638\ubc15 \ucd94\ucd9c\ubb3c\uc740 \ud654\uc7a5\ud488 \ubc0f \uc57d\ud559\uc744 \ud3ec\ud568\ud55c \ub2e4\uc591\ud55c \ubd84\uc57c\uc5d0 \ud65c\uc6a9\ub429\ub2c8\ub2e4. \ub3c4\ub9e4 \uc8fc\ubb38\uc744 \ubc1b\uc2b5\ub2c8\ub2e4.\",\"breadcrumb\":{\"@id\":\"https:\\\/\\\/naturalpoland.com\\\/ko\\\/je-pum\\\/sig-mul-chu-chul-mul\\\/%ed%98%b8%eb%b0%95-%ec%b6%94%ec%b6%9c%eb%ac%bc\\\/#breadcrumb\"},\"inLanguage\":\"ko-KR\",\"potentialAction\":[{\"@type\":\"ReadAction\",\"target\":[\"https:\\\/\\\/naturalpoland.com\\\/ko\\\/je-pum\\\/sig-mul-chu-chul-mul\\\/%ed%98%b8%eb%b0%95-%ec%b6%94%ec%b6%9c%eb%ac%bc\\\/\"]}]},{\"@type\":\"ImageObject\",\"inLanguage\":\"ko-KR\",\"@id\":\"https:\\\/\\\/naturalpoland.com\\\/ko\\\/je-pum\\\/sig-mul-chu-chul-mul\\\/%ed%98%b8%eb%b0%95-%ec%b6%94%ec%b6%9c%eb%ac%bc\\\/#primaryimage\",\"url\":\"https:\\\/\\\/naturalpoland.com\\\/wp-content\\\/uploads\\\/ekstrakt-z-owocu-dyni.webp\",\"contentUrl\":\"https:\\\/\\\/naturalpoland.com\\\/wp-content\\\/uploads\\\/ekstrakt-z-owocu-dyni.webp\",\"width\":350,\"height\":350,\"caption\":\"\ud638\ubc15 \ucd94\ucd9c\ubb3c\"},{\"@type\":\"BreadcrumbList\",\"@id\":\"https:\\\/\\\/naturalpoland.com\\\/ko\\\/je-pum\\\/sig-mul-chu-chul-mul\\\/%ed%98%b8%eb%b0%95-%ec%b6%94%ec%b6%9c%eb%ac%bc\\\/#breadcrumb\",\"itemListElement\":[{\"@type\":\"ListItem\",\"position\":1,\"name\":\"\ud648\",\"item\":\"https:\\\/\\\/naturalpoland.com\\\/ko\\\/\"},{\"@type\":\"ListItem\",\"position\":2,\"name\":\"\uc81c\ud488\",\"item\":\"https:\\\/\\\/naturalpoland.com\\\/ko\\\/%ec%a0%9c%ed%92%88\\\/\"},{\"@type\":\"ListItem\",\"position\":3,\"name\":\"\ud638\ubc15 \ucd94\ucd9c\ubb3c\"}]},{\"@type\":\"WebSite\",\"@id\":\"https:\\\/\\\/naturalpoland.com\\\/ko\\\/#website\",\"url\":\"https:\\\/\\\/naturalpoland.com\\\/ko\\\/\",\"name\":\"NATURAL POLAND - Hurtowy Dystrybutor Surowc\u00f3w\",\"description\":\"Surowce dla przemys\u0142u spo\u017cywczego, kosmetycznego i farmaceutycznego\",\"publisher\":{\"@id\":\"https:\\\/\\\/naturalpoland.com\\\/ko\\\/#organization\"},\"potentialAction\":[{\"@type\":\"SearchAction\",\"target\":{\"@type\":\"EntryPoint\",\"urlTemplate\":\"https:\\\/\\\/naturalpoland.com\\\/ko\\\/?s={search_term_string}\"},\"query-input\":{\"@type\":\"PropertyValueSpecification\",\"valueRequired\":true,\"valueName\":\"search_term_string\"}}],\"inLanguage\":\"ko-KR\"},{\"@type\":\"Organization\",\"@id\":\"https:\\\/\\\/naturalpoland.com\\\/ko\\\/#organization\",\"name\":\"Natural Poland\",\"url\":\"https:\\\/\\\/naturalpoland.com\\\/ko\\\/\",\"logo\":{\"@type\":\"ImageObject\",\"inLanguage\":\"ko-KR\",\"@id\":\"https:\\\/\\\/naturalpoland.com\\\/ko\\\/#\\\/schema\\\/logo\\\/image\\\/\",\"url\":\"https:\\\/\\\/naturalpoland.com\\\/wp-content\\\/uploads\\\/2021\\\/05\\\/natural-poland-icon.png\",\"contentUrl\":\"https:\\\/\\\/naturalpoland.com\\\/wp-content\\\/uploads\\\/2021\\\/05\\\/natural-poland-icon.png\",\"width\":512,\"height\":512,\"caption\":\"Natural Poland\"},\"image\":{\"@id\":\"https:\\\/\\\/naturalpoland.com\\\/ko\\\/#\\\/schema\\\/logo\\\/image\\\/\"},\"sameAs\":[\"https:\\\/\\\/www.facebook.com\\\/naturalpoland.b2b\",\"https:\\\/\\\/pl.linkedin.com\\\/company\\\/natural-poland\",\"https:\\\/\\\/www.youtube.com\\\/channel\\\/UCgeGGkvOMahZo-xu_MSEWxg\"]}]}<\/script>\n<!-- \/ Yoast SEO plugin. -->","yoast_head_json":{"title":"\ud638\ubc15 \ucd94\ucd9c\ubb3c - \uc6d0\uc790\uc7ac \ub3c4\ub9e4 \uc720\ud1b5\uc5c5\uccb4 - NATURAL POLAND - Hurtowy Dystrybutor Surowc\u00f3w","description":"\ud638\ubc15 \ucd94\ucd9c\ubb3c\uc740 \ud654\uc7a5\ud488 \ubc0f \uc57d\ud559\uc744 \ud3ec\ud568\ud55c \ub2e4\uc591\ud55c \ubd84\uc57c\uc5d0 \ud65c\uc6a9\ub429\ub2c8\ub2e4. \ub3c4\ub9e4 \uc8fc\ubb38\uc744 \ubc1b\uc2b5\ub2c8\ub2e4.","robots":{"index":"index","follow":"follow","max-snippet":"max-snippet:-1","max-image-preview":"max-image-preview:large","max-video-preview":"max-video-preview:-1"},"canonical":"https:\/\/naturalpoland.com\/ko\/je-pum\/sig-mul-chu-chul-mul\/%ed%98%b8%eb%b0%95-%ec%b6%94%ec%b6%9c%eb%ac%bc\/","og_locale":"ko_KR","og_type":"article","og_title":"\ud638\ubc15 \ucd94\ucd9c\ubb3c - \uc6d0\uc790\uc7ac \ub3c4\ub9e4 \uc720\ud1b5\uc5c5\uccb4 - NATURAL POLAND - Hurtowy Dystrybutor Surowc\u00f3w","og_description":"\ud638\ubc15 \ucd94\ucd9c\ubb3c\uc740 \ud654\uc7a5\ud488 \ubc0f \uc57d\ud559\uc744 \ud3ec\ud568\ud55c \ub2e4\uc591\ud55c \ubd84\uc57c\uc5d0 \ud65c\uc6a9\ub429\ub2c8\ub2e4. \ub3c4\ub9e4 \uc8fc\ubb38\uc744 \ubc1b\uc2b5\ub2c8\ub2e4.","og_url":"https:\/\/naturalpoland.com\/ko\/je-pum\/sig-mul-chu-chul-mul\/%ed%98%b8%eb%b0%95-%ec%b6%94%ec%b6%9c%eb%ac%bc\/","og_site_name":"NATURAL POLAND - Hurtowy Dystrybutor Surowc\u00f3w","article_publisher":"https:\/\/www.facebook.com\/naturalpoland.b2b","article_modified_time":"2025-12-22T11:55:47+00:00","og_image":[{"width":350,"height":350,"url":"https:\/\/naturalpoland.com\/wp-content\/uploads\/ekstrakt-z-owocu-dyni.webp","type":"image\/webp"}],"schema":{"@context":"https:\/\/schema.org","@graph":[{"@type":"WebPage","@id":"https:\/\/naturalpoland.com\/ko\/je-pum\/sig-mul-chu-chul-mul\/%ed%98%b8%eb%b0%95-%ec%b6%94%ec%b6%9c%eb%ac%bc\/","url":"https:\/\/naturalpoland.com\/ko\/je-pum\/sig-mul-chu-chul-mul\/%ed%98%b8%eb%b0%95-%ec%b6%94%ec%b6%9c%eb%ac%bc\/","name":"\ud638\ubc15 \ucd94\ucd9c\ubb3c - \uc6d0\uc790\uc7ac \ub3c4\ub9e4 \uc720\ud1b5\uc5c5\uccb4 - NATURAL POLAND - Hurtowy Dystrybutor Surowc\u00f3w","isPartOf":{"@id":"https:\/\/naturalpoland.com\/ko\/#website"},"primaryImageOfPage":{"@id":"https:\/\/naturalpoland.com\/ko\/je-pum\/sig-mul-chu-chul-mul\/%ed%98%b8%eb%b0%95-%ec%b6%94%ec%b6%9c%eb%ac%bc\/#primaryimage"},"image":{"@id":"https:\/\/naturalpoland.com\/ko\/je-pum\/sig-mul-chu-chul-mul\/%ed%98%b8%eb%b0%95-%ec%b6%94%ec%b6%9c%eb%ac%bc\/#primaryimage"},"thumbnailUrl":"https:\/\/naturalpoland.com\/wp-content\/uploads\/ekstrakt-z-owocu-dyni.webp","datePublished":"2024-12-05T15:03:53+00:00","dateModified":"2025-12-22T11:55:47+00:00","description":"\ud638\ubc15 \ucd94\ucd9c\ubb3c\uc740 \ud654\uc7a5\ud488 \ubc0f \uc57d\ud559\uc744 \ud3ec\ud568\ud55c \ub2e4\uc591\ud55c \ubd84\uc57c\uc5d0 \ud65c\uc6a9\ub429\ub2c8\ub2e4. \ub3c4\ub9e4 \uc8fc\ubb38\uc744 \ubc1b\uc2b5\ub2c8\ub2e4.","breadcrumb":{"@id":"https:\/\/naturalpoland.com\/ko\/je-pum\/sig-mul-chu-chul-mul\/%ed%98%b8%eb%b0%95-%ec%b6%94%ec%b6%9c%eb%ac%bc\/#breadcrumb"},"inLanguage":"ko-KR","potentialAction":[{"@type":"ReadAction","target":["https:\/\/naturalpoland.com\/ko\/je-pum\/sig-mul-chu-chul-mul\/%ed%98%b8%eb%b0%95-%ec%b6%94%ec%b6%9c%eb%ac%bc\/"]}]},{"@type":"ImageObject","inLanguage":"ko-KR","@id":"https:\/\/naturalpoland.com\/ko\/je-pum\/sig-mul-chu-chul-mul\/%ed%98%b8%eb%b0%95-%ec%b6%94%ec%b6%9c%eb%ac%bc\/#primaryimage","url":"https:\/\/naturalpoland.com\/wp-content\/uploads\/ekstrakt-z-owocu-dyni.webp","contentUrl":"https:\/\/naturalpoland.com\/wp-content\/uploads\/ekstrakt-z-owocu-dyni.webp","width":350,"height":350,"caption":"\ud638\ubc15 \ucd94\ucd9c\ubb3c"},{"@type":"BreadcrumbList","@id":"https:\/\/naturalpoland.com\/ko\/je-pum\/sig-mul-chu-chul-mul\/%ed%98%b8%eb%b0%95-%ec%b6%94%ec%b6%9c%eb%ac%bc\/#breadcrumb","itemListElement":[{"@type":"ListItem","position":1,"name":"\ud648","item":"https:\/\/naturalpoland.com\/ko\/"},{"@type":"ListItem","position":2,"name":"\uc81c\ud488","item":"https:\/\/naturalpoland.com\/ko\/%ec%a0%9c%ed%92%88\/"},{"@type":"ListItem","position":3,"name":"\ud638\ubc15 \ucd94\ucd9c\ubb3c"}]},{"@type":"WebSite","@id":"https:\/\/naturalpoland.com\/ko\/#website","url":"https:\/\/naturalpoland.com\/ko\/","name":"NATURAL POLAND - Hurtowy Dystrybutor Surowc\u00f3w","description":"Surowce dla przemys\u0142u spo\u017cywczego, kosmetycznego i farmaceutycznego","publisher":{"@id":"https:\/\/naturalpoland.com\/ko\/#organization"},"potentialAction":[{"@type":"SearchAction","target":{"@type":"EntryPoint","urlTemplate":"https:\/\/naturalpoland.com\/ko\/?s={search_term_string}"},"query-input":{"@type":"PropertyValueSpecification","valueRequired":true,"valueName":"search_term_string"}}],"inLanguage":"ko-KR"},{"@type":"Organization","@id":"https:\/\/naturalpoland.com\/ko\/#organization","name":"Natural Poland","url":"https:\/\/naturalpoland.com\/ko\/","logo":{"@type":"ImageObject","inLanguage":"ko-KR","@id":"https:\/\/naturalpoland.com\/ko\/#\/schema\/logo\/image\/","url":"https:\/\/naturalpoland.com\/wp-content\/uploads\/2021\/05\/natural-poland-icon.png","contentUrl":"https:\/\/naturalpoland.com\/wp-content\/uploads\/2021\/05\/natural-poland-icon.png","width":512,"height":512,"caption":"Natural Poland"},"image":{"@id":"https:\/\/naturalpoland.com\/ko\/#\/schema\/logo\/image\/"},"sameAs":["https:\/\/www.facebook.com\/naturalpoland.b2b","https:\/\/pl.linkedin.com\/company\/natural-poland","https:\/\/www.youtube.com\/channel\/UCgeGGkvOMahZo-xu_MSEWxg"]}]}},"_links":{"self":[{"href":"https:\/\/naturalpoland.com\/ko\/wp-json\/wp\/v2\/product\/44560","targetHints":{"allow":["GET"]}}],"collection":[{"href":"https:\/\/naturalpoland.com\/ko\/wp-json\/wp\/v2\/product"}],"about":[{"href":"https:\/\/naturalpoland.com\/ko\/wp-json\/wp\/v2\/types\/product"}],"wp:featuredmedia":[{"embeddable":true,"href":"https:\/\/naturalpoland.com\/ko\/wp-json\/wp\/v2\/media\/44561"}],"wp:attachment":[{"href":"https:\/\/naturalpoland.com\/ko\/wp-json\/wp\/v2\/media?parent=44560"}],"wp:term":[{"taxonomy":"product_brand","embeddable":true,"href":"https:\/\/naturalpoland.com\/ko\/wp-json\/wp\/v2\/product_brand?post=44560"},{"taxonomy":"product_cat","embeddable":true,"href":"https:\/\/naturalpoland.com\/ko\/wp-json\/wp\/v2\/product_cat?post=44560"},{"taxonomy":"product_tag","embeddable":true,"href":"https:\/\/naturalpoland.com\/ko\/wp-json\/wp\/v2\/product_tag?post=44560"}],"curies":[{"name":"wp","href":"https:\/\/api.w.org\/{rel}","templated":true}]}}