{"id":44573,"date":"2024-10-28T11:56:06","date_gmt":"2024-10-28T10:56:06","guid":{"rendered":"https:\/\/naturalpoland.com\/produkty\/uncategorized\/%ec%95%84%ed%94%84%eb%a6%ac%ec%b9%b4-%ec%9e%90%eb%91%90-%ec%b6%94%ec%b6%9c%eb%ac%bc\/"},"modified":"2025-12-22T12:58:56","modified_gmt":"2025-12-22T11:58:56","slug":"%ec%95%84%ed%94%84%eb%a6%ac%ec%b9%b4-%ec%9e%90%eb%91%90-%ec%b6%94%ec%b6%9c%eb%ac%bc","status":"publish","type":"product","link":"https:\/\/naturalpoland.com\/ko\/je-pum\/sig-mul-chu-chul-mul\/%ec%95%84%ed%94%84%eb%a6%ac%ec%b9%b4-%ec%9e%90%eb%91%90-%ec%b6%94%ec%b6%9c%eb%ac%bc\/","title":{"rendered":"\uc544\ud504\ub9ac\uce74 \uc790\ub450 \ucd94\ucd9c\ubb3c"},"content":{"rendered":"<h2>\uc801\uc6a9<\/h2>\n<p>\uc544\ud504\ub9ac\uce74 \uc790\ub450 \ucd94\ucd9c\ubb3c\uc740 <strong>\ubcf4\ucda9\uc81c<\/strong>\uc5d0 \uc0ac\uc6a9\ub418\uba70, \uc8fc\ub85c \uc804\ub9bd\uc120 \ubc0f \ube44\ub1e8\uae30\uacc4 \uae30\ub2a5 \uce58\ub8cc\ub97c \uc704\ud55c \ub0a8\uc131\uc6a9 \uc81c\ud488\uc5d0 \uc0ac\uc6a9\ub429\ub2c8\ub2e4. \uc774 \ucd94\ucd9c\ubb3c\uc740 \ube48\ub1e8 \ub610\ub294 \ubc30\ub1e8 \uc2dc\uc791\uc758 \uc5b4\ub824\uc6c0\uacfc \uac19\uc740 \uc804\ub9bd\uc120 \ube44\ub300\uc99d \uad00\ub828 \uc99d\uc0c1 \uc644\ud654\uc5d0 \ub3c4\uc6c0\uc774 \ub429\ub2c8\ub2e4. \uc544\ud504\ub9ac\uce74 \uc790\ub450 \uaecd\uc9c8\uc758 \ud53c\ud1a0\uc2a4\ud14c\ub864\uc740 \ub0a8\uc131\uc758 \ud638\ub974\ubaac \uade0\ud615\uacfc \ud608\uad00 \uac74\uac15\uc5d0\ub3c4 \uae0d\uc815\uc801\uc778 \uc601\ud5a5\uc744 \ubbf8\uce69\ub2c8\ub2e4.  <\/p>\n<p>\uc774 \ucd94\ucd9c\ubb3c\uc740 <strong>\ud5e4\uc5b4 \ucf54\uc2a4\uba54\ud2f1 \uc131\ubd84<\/strong>\uc73c\ub85c\ub3c4 \uc0ac\uc6a9\ub420 \uc218 \uc788\uc2b5\ub2c8\ub2e4. \uc601\uc591 \ubc0f \ubcf4\uc2b5 \ud2b9\uc131\uc744 \ub098\ud0c0\ub0b4\uba70, \ubaa8\ubc1c \ud0c4\ub825\uc744 \uac1c\uc120\ud558\uace0 \uc720\ud574\ud55c \ud658\uacbd \uc694\uc778\uc73c\ub85c\ubd80\ud130 \ubcf4\ud638\ud569\ub2c8\ub2e4. <\/p>\n","protected":false},"excerpt":{"rendered":"<p><strong>\uc544\ud504\ub9ac\uce74 \uc790\ub450<\/strong> (<em>Pygeum africanum<\/em>)\ub294 \uc218\uc138\uae30 \ub3d9\uc548 \ubbfc\uac04 \uc694\ubc95\uc5d0 \uc0ac\uc6a9\ub418\uc5b4 \uc628 \uc911\uc559\uc544\ud504\ub9ac\uce74 \uc9c0\uc5ed \uc6d0\uc0b0\uc758 \uc2dd\ubb3c\uc785\ub2c8\ub2e4. \ud53c\ud1a0\uc2a4\ud14c\ub864 \ud568\ub7c9\uc5d0 \ud45c\uc900\ud654\ub41c \uc774 \ub098\ubb34\uaecd\uc9c8 \ucd94\ucd9c\ubb3c\uc740 \uc8fc\ub85c \ubca0\ud0c0-\uc2dc\ud1a0\uc2a4\ud14c\ub864\uc744 \ud3ec\ud568\ud55c \ud65c\uc131 \ubb3c\uc9c8\uc758 \ud48d\ubd80\ud55c \uacf5\uae09\uc6d0\uc785\ub2c8\ub2e4. \uc774 \uc131\ubd84\uc740 \uac15\ub825\ud55c \ud56d\uc5fc\uc99d \uc791\uc6a9\uc744 \ub098\ud0c0\ub0b4\uba70 \ube44\ub1e8\uc0dd\uc2dd\uae30\uacc4 \uae30\ub2a5\uc5d0 \ub3c4\uc6c0\uc744 \uc90d\ub2c8\ub2e4.  <\/p>\n","protected":false},"featured_media":44574,"template":"","meta":{"_acf_changed":false},"product_brand":[],"product_cat":[8134],"product_tag":[],"class_list":{"0":"post-44573","1":"product","2":"type-product","3":"status-publish","4":"has-post-thumbnail","6":"product_cat-sig-mul-chu-chul-mul","7":"pa_czesc-rosliny-9842","8":"pa_skladnik-aktywny-9843","10":"first","11":"instock","12":"shipping-taxable","13":"product-type-simple"},"acf":[],"yoast_head":"<!-- This site is optimized with the Yoast SEO plugin v27.5 - https:\/\/yoast.com\/product\/yoast-seo-wordpress\/ -->\n<title>NATURAL POLAND &#8211; Hurtowy Dystrybutor Surowc\u00f3w<\/title>\n<meta name=\"description\" content=\"\uc544\ud504\ub9ac\uce74 \uc790\ub450 \ucd94\ucd9c\ubb3c\uc740 \ubcf4\ucda9\uc81c, \ud2b9\ud788 \ub0a8\uc131 \uc804\ub9bd\uc120 \uac74\uac15 \uc81c\ud488\uc5d0 \uc0ac\uc6a9\ub429\ub2c8\ub2e4.\" \/>\n<meta name=\"robots\" content=\"index, follow, max-snippet:-1, max-image-preview:large, max-video-preview:-1\" \/>\n<link rel=\"canonical\" href=\"https:\/\/naturalpoland.com\/ko\/je-pum\/sig-mul-chu-chul-mul\/%ec%95%84%ed%94%84%eb%a6%ac%ec%b9%b4-%ec%9e%90%eb%91%90-%ec%b6%94%ec%b6%9c%eb%ac%bc\/\" \/>\n<meta property=\"og:locale\" content=\"ko_KR\" \/>\n<meta property=\"og:type\" content=\"article\" \/>\n<meta property=\"og:description\" content=\"\uc544\ud504\ub9ac\uce74 \uc790\ub450 \ucd94\ucd9c\ubb3c\uc740 \ubcf4\ucda9\uc81c, \ud2b9\ud788 \ub0a8\uc131 \uc804\ub9bd\uc120 \uac74\uac15 \uc81c\ud488\uc5d0 \uc0ac\uc6a9\ub429\ub2c8\ub2e4.\" \/>\n<meta property=\"og:url\" content=\"https:\/\/naturalpoland.com\/ko\/je-pum\/sig-mul-chu-chul-mul\/%ec%95%84%ed%94%84%eb%a6%ac%ec%b9%b4-%ec%9e%90%eb%91%90-%ec%b6%94%ec%b6%9c%eb%ac%bc\/\" \/>\n<meta property=\"og:site_name\" content=\"NATURAL POLAND - Hurtowy Dystrybutor Surowc\u00f3w\" \/>\n<meta property=\"article:publisher\" content=\"https:\/\/www.facebook.com\/naturalpoland.b2b\" \/>\n<meta property=\"article:modified_time\" content=\"2025-12-22T11:58:56+00:00\" \/>\n<meta property=\"og:image\" content=\"https:\/\/naturalpoland.com\/wp-content\/uploads\/ekstrakt-z-kory-sliwy-afrykanskiej.webp\" \/>\n\t<meta property=\"og:image:width\" content=\"614\" \/>\n\t<meta property=\"og:image:height\" content=\"614\" \/>\n\t<meta property=\"og:image:type\" content=\"image\/webp\" \/>\n<script type=\"application\/ld+json\" class=\"yoast-schema-graph\">{\"@context\":\"https:\\\/\\\/schema.org\",\"@graph\":[{\"@type\":\"WebPage\",\"@id\":\"https:\\\/\\\/naturalpoland.com\\\/ko\\\/je-pum\\\/sig-mul-chu-chul-mul\\\/%ec%95%84%ed%94%84%eb%a6%ac%ec%b9%b4-%ec%9e%90%eb%91%90-%ec%b6%94%ec%b6%9c%eb%ac%bc\\\/\",\"url\":\"https:\\\/\\\/naturalpoland.com\\\/ko\\\/je-pum\\\/sig-mul-chu-chul-mul\\\/%ec%95%84%ed%94%84%eb%a6%ac%ec%b9%b4-%ec%9e%90%eb%91%90-%ec%b6%94%ec%b6%9c%eb%ac%bc\\\/\",\"name\":\"\",\"isPartOf\":{\"@id\":\"https:\\\/\\\/naturalpoland.com\\\/ko\\\/#website\"},\"primaryImageOfPage\":{\"@id\":\"https:\\\/\\\/naturalpoland.com\\\/ko\\\/je-pum\\\/sig-mul-chu-chul-mul\\\/%ec%95%84%ed%94%84%eb%a6%ac%ec%b9%b4-%ec%9e%90%eb%91%90-%ec%b6%94%ec%b6%9c%eb%ac%bc\\\/#primaryimage\"},\"image\":{\"@id\":\"https:\\\/\\\/naturalpoland.com\\\/ko\\\/je-pum\\\/sig-mul-chu-chul-mul\\\/%ec%95%84%ed%94%84%eb%a6%ac%ec%b9%b4-%ec%9e%90%eb%91%90-%ec%b6%94%ec%b6%9c%eb%ac%bc\\\/#primaryimage\"},\"thumbnailUrl\":\"https:\\\/\\\/naturalpoland.com\\\/wp-content\\\/uploads\\\/ekstrakt-z-kory-sliwy-afrykanskiej.webp\",\"datePublished\":\"2024-10-28T10:56:06+00:00\",\"dateModified\":\"2025-12-22T11:58:56+00:00\",\"description\":\"\uc544\ud504\ub9ac\uce74 \uc790\ub450 \ucd94\ucd9c\ubb3c\uc740 \ubcf4\ucda9\uc81c, \ud2b9\ud788 \ub0a8\uc131 \uc804\ub9bd\uc120 \uac74\uac15 \uc81c\ud488\uc5d0 \uc0ac\uc6a9\ub429\ub2c8\ub2e4.\",\"breadcrumb\":{\"@id\":\"https:\\\/\\\/naturalpoland.com\\\/ko\\\/je-pum\\\/sig-mul-chu-chul-mul\\\/%ec%95%84%ed%94%84%eb%a6%ac%ec%b9%b4-%ec%9e%90%eb%91%90-%ec%b6%94%ec%b6%9c%eb%ac%bc\\\/#breadcrumb\"},\"inLanguage\":\"ko-KR\",\"potentialAction\":[{\"@type\":\"ReadAction\",\"target\":[\"https:\\\/\\\/naturalpoland.com\\\/ko\\\/je-pum\\\/sig-mul-chu-chul-mul\\\/%ec%95%84%ed%94%84%eb%a6%ac%ec%b9%b4-%ec%9e%90%eb%91%90-%ec%b6%94%ec%b6%9c%eb%ac%bc\\\/\"]}]},{\"@type\":\"ImageObject\",\"inLanguage\":\"ko-KR\",\"@id\":\"https:\\\/\\\/naturalpoland.com\\\/ko\\\/je-pum\\\/sig-mul-chu-chul-mul\\\/%ec%95%84%ed%94%84%eb%a6%ac%ec%b9%b4-%ec%9e%90%eb%91%90-%ec%b6%94%ec%b6%9c%eb%ac%bc\\\/#primaryimage\",\"url\":\"https:\\\/\\\/naturalpoland.com\\\/wp-content\\\/uploads\\\/ekstrakt-z-kory-sliwy-afrykanskiej.webp\",\"contentUrl\":\"https:\\\/\\\/naturalpoland.com\\\/wp-content\\\/uploads\\\/ekstrakt-z-kory-sliwy-afrykanskiej.webp\",\"width\":614,\"height\":614,\"caption\":\"\uc544\ud504\ub9ac\uce74 \uc790\ub450 \uaecd\uc9c8 \ucd94\ucd9c\ubb3c\"},{\"@type\":\"BreadcrumbList\",\"@id\":\"https:\\\/\\\/naturalpoland.com\\\/ko\\\/je-pum\\\/sig-mul-chu-chul-mul\\\/%ec%95%84%ed%94%84%eb%a6%ac%ec%b9%b4-%ec%9e%90%eb%91%90-%ec%b6%94%ec%b6%9c%eb%ac%bc\\\/#breadcrumb\",\"itemListElement\":[{\"@type\":\"ListItem\",\"position\":1,\"name\":\"\ud648\",\"item\":\"https:\\\/\\\/naturalpoland.com\\\/ko\\\/\"},{\"@type\":\"ListItem\",\"position\":2,\"name\":\"\uc81c\ud488\",\"item\":\"https:\\\/\\\/naturalpoland.com\\\/ko\\\/%ec%a0%9c%ed%92%88\\\/\"},{\"@type\":\"ListItem\",\"position\":3,\"name\":\"\uc544\ud504\ub9ac\uce74 \uc790\ub450 \ucd94\ucd9c\ubb3c\"}]},{\"@type\":\"WebSite\",\"@id\":\"https:\\\/\\\/naturalpoland.com\\\/ko\\\/#website\",\"url\":\"https:\\\/\\\/naturalpoland.com\\\/ko\\\/\",\"name\":\"NATURAL POLAND - Hurtowy Dystrybutor Surowc\u00f3w\",\"description\":\"Surowce dla przemys\u0142u spo\u017cywczego, kosmetycznego i farmaceutycznego\",\"publisher\":{\"@id\":\"https:\\\/\\\/naturalpoland.com\\\/ko\\\/#organization\"},\"potentialAction\":[{\"@type\":\"SearchAction\",\"target\":{\"@type\":\"EntryPoint\",\"urlTemplate\":\"https:\\\/\\\/naturalpoland.com\\\/ko\\\/?s={search_term_string}\"},\"query-input\":{\"@type\":\"PropertyValueSpecification\",\"valueRequired\":true,\"valueName\":\"search_term_string\"}}],\"inLanguage\":\"ko-KR\"},{\"@type\":\"Organization\",\"@id\":\"https:\\\/\\\/naturalpoland.com\\\/ko\\\/#organization\",\"name\":\"Natural Poland\",\"url\":\"https:\\\/\\\/naturalpoland.com\\\/ko\\\/\",\"logo\":{\"@type\":\"ImageObject\",\"inLanguage\":\"ko-KR\",\"@id\":\"https:\\\/\\\/naturalpoland.com\\\/ko\\\/#\\\/schema\\\/logo\\\/image\\\/\",\"url\":\"https:\\\/\\\/naturalpoland.com\\\/wp-content\\\/uploads\\\/2021\\\/05\\\/natural-poland-icon.png\",\"contentUrl\":\"https:\\\/\\\/naturalpoland.com\\\/wp-content\\\/uploads\\\/2021\\\/05\\\/natural-poland-icon.png\",\"width\":512,\"height\":512,\"caption\":\"Natural Poland\"},\"image\":{\"@id\":\"https:\\\/\\\/naturalpoland.com\\\/ko\\\/#\\\/schema\\\/logo\\\/image\\\/\"},\"sameAs\":[\"https:\\\/\\\/www.facebook.com\\\/naturalpoland.b2b\",\"https:\\\/\\\/pl.linkedin.com\\\/company\\\/natural-poland\",\"https:\\\/\\\/www.youtube.com\\\/channel\\\/UCgeGGkvOMahZo-xu_MSEWxg\"]}]}<\/script>\n<!-- \/ Yoast SEO plugin. -->","yoast_head_json":{"title":"NATURAL POLAND &#8211; Hurtowy Dystrybutor Surowc\u00f3w","description":"\uc544\ud504\ub9ac\uce74 \uc790\ub450 \ucd94\ucd9c\ubb3c\uc740 \ubcf4\ucda9\uc81c, \ud2b9\ud788 \ub0a8\uc131 \uc804\ub9bd\uc120 \uac74\uac15 \uc81c\ud488\uc5d0 \uc0ac\uc6a9\ub429\ub2c8\ub2e4.","robots":{"index":"index","follow":"follow","max-snippet":"max-snippet:-1","max-image-preview":"max-image-preview:large","max-video-preview":"max-video-preview:-1"},"canonical":"https:\/\/naturalpoland.com\/ko\/je-pum\/sig-mul-chu-chul-mul\/%ec%95%84%ed%94%84%eb%a6%ac%ec%b9%b4-%ec%9e%90%eb%91%90-%ec%b6%94%ec%b6%9c%eb%ac%bc\/","og_locale":"ko_KR","og_type":"article","og_description":"\uc544\ud504\ub9ac\uce74 \uc790\ub450 \ucd94\ucd9c\ubb3c\uc740 \ubcf4\ucda9\uc81c, \ud2b9\ud788 \ub0a8\uc131 \uc804\ub9bd\uc120 \uac74\uac15 \uc81c\ud488\uc5d0 \uc0ac\uc6a9\ub429\ub2c8\ub2e4.","og_url":"https:\/\/naturalpoland.com\/ko\/je-pum\/sig-mul-chu-chul-mul\/%ec%95%84%ed%94%84%eb%a6%ac%ec%b9%b4-%ec%9e%90%eb%91%90-%ec%b6%94%ec%b6%9c%eb%ac%bc\/","og_site_name":"NATURAL POLAND - Hurtowy Dystrybutor Surowc\u00f3w","article_publisher":"https:\/\/www.facebook.com\/naturalpoland.b2b","article_modified_time":"2025-12-22T11:58:56+00:00","og_image":[{"width":614,"height":614,"url":"https:\/\/naturalpoland.com\/wp-content\/uploads\/ekstrakt-z-kory-sliwy-afrykanskiej.webp","type":"image\/webp"}],"schema":{"@context":"https:\/\/schema.org","@graph":[{"@type":"WebPage","@id":"https:\/\/naturalpoland.com\/ko\/je-pum\/sig-mul-chu-chul-mul\/%ec%95%84%ed%94%84%eb%a6%ac%ec%b9%b4-%ec%9e%90%eb%91%90-%ec%b6%94%ec%b6%9c%eb%ac%bc\/","url":"https:\/\/naturalpoland.com\/ko\/je-pum\/sig-mul-chu-chul-mul\/%ec%95%84%ed%94%84%eb%a6%ac%ec%b9%b4-%ec%9e%90%eb%91%90-%ec%b6%94%ec%b6%9c%eb%ac%bc\/","name":"","isPartOf":{"@id":"https:\/\/naturalpoland.com\/ko\/#website"},"primaryImageOfPage":{"@id":"https:\/\/naturalpoland.com\/ko\/je-pum\/sig-mul-chu-chul-mul\/%ec%95%84%ed%94%84%eb%a6%ac%ec%b9%b4-%ec%9e%90%eb%91%90-%ec%b6%94%ec%b6%9c%eb%ac%bc\/#primaryimage"},"image":{"@id":"https:\/\/naturalpoland.com\/ko\/je-pum\/sig-mul-chu-chul-mul\/%ec%95%84%ed%94%84%eb%a6%ac%ec%b9%b4-%ec%9e%90%eb%91%90-%ec%b6%94%ec%b6%9c%eb%ac%bc\/#primaryimage"},"thumbnailUrl":"https:\/\/naturalpoland.com\/wp-content\/uploads\/ekstrakt-z-kory-sliwy-afrykanskiej.webp","datePublished":"2024-10-28T10:56:06+00:00","dateModified":"2025-12-22T11:58:56+00:00","description":"\uc544\ud504\ub9ac\uce74 \uc790\ub450 \ucd94\ucd9c\ubb3c\uc740 \ubcf4\ucda9\uc81c, \ud2b9\ud788 \ub0a8\uc131 \uc804\ub9bd\uc120 \uac74\uac15 \uc81c\ud488\uc5d0 \uc0ac\uc6a9\ub429\ub2c8\ub2e4.","breadcrumb":{"@id":"https:\/\/naturalpoland.com\/ko\/je-pum\/sig-mul-chu-chul-mul\/%ec%95%84%ed%94%84%eb%a6%ac%ec%b9%b4-%ec%9e%90%eb%91%90-%ec%b6%94%ec%b6%9c%eb%ac%bc\/#breadcrumb"},"inLanguage":"ko-KR","potentialAction":[{"@type":"ReadAction","target":["https:\/\/naturalpoland.com\/ko\/je-pum\/sig-mul-chu-chul-mul\/%ec%95%84%ed%94%84%eb%a6%ac%ec%b9%b4-%ec%9e%90%eb%91%90-%ec%b6%94%ec%b6%9c%eb%ac%bc\/"]}]},{"@type":"ImageObject","inLanguage":"ko-KR","@id":"https:\/\/naturalpoland.com\/ko\/je-pum\/sig-mul-chu-chul-mul\/%ec%95%84%ed%94%84%eb%a6%ac%ec%b9%b4-%ec%9e%90%eb%91%90-%ec%b6%94%ec%b6%9c%eb%ac%bc\/#primaryimage","url":"https:\/\/naturalpoland.com\/wp-content\/uploads\/ekstrakt-z-kory-sliwy-afrykanskiej.webp","contentUrl":"https:\/\/naturalpoland.com\/wp-content\/uploads\/ekstrakt-z-kory-sliwy-afrykanskiej.webp","width":614,"height":614,"caption":"\uc544\ud504\ub9ac\uce74 \uc790\ub450 \uaecd\uc9c8 \ucd94\ucd9c\ubb3c"},{"@type":"BreadcrumbList","@id":"https:\/\/naturalpoland.com\/ko\/je-pum\/sig-mul-chu-chul-mul\/%ec%95%84%ed%94%84%eb%a6%ac%ec%b9%b4-%ec%9e%90%eb%91%90-%ec%b6%94%ec%b6%9c%eb%ac%bc\/#breadcrumb","itemListElement":[{"@type":"ListItem","position":1,"name":"\ud648","item":"https:\/\/naturalpoland.com\/ko\/"},{"@type":"ListItem","position":2,"name":"\uc81c\ud488","item":"https:\/\/naturalpoland.com\/ko\/%ec%a0%9c%ed%92%88\/"},{"@type":"ListItem","position":3,"name":"\uc544\ud504\ub9ac\uce74 \uc790\ub450 \ucd94\ucd9c\ubb3c"}]},{"@type":"WebSite","@id":"https:\/\/naturalpoland.com\/ko\/#website","url":"https:\/\/naturalpoland.com\/ko\/","name":"NATURAL POLAND - Hurtowy Dystrybutor Surowc\u00f3w","description":"Surowce dla przemys\u0142u spo\u017cywczego, kosmetycznego i farmaceutycznego","publisher":{"@id":"https:\/\/naturalpoland.com\/ko\/#organization"},"potentialAction":[{"@type":"SearchAction","target":{"@type":"EntryPoint","urlTemplate":"https:\/\/naturalpoland.com\/ko\/?s={search_term_string}"},"query-input":{"@type":"PropertyValueSpecification","valueRequired":true,"valueName":"search_term_string"}}],"inLanguage":"ko-KR"},{"@type":"Organization","@id":"https:\/\/naturalpoland.com\/ko\/#organization","name":"Natural Poland","url":"https:\/\/naturalpoland.com\/ko\/","logo":{"@type":"ImageObject","inLanguage":"ko-KR","@id":"https:\/\/naturalpoland.com\/ko\/#\/schema\/logo\/image\/","url":"https:\/\/naturalpoland.com\/wp-content\/uploads\/2021\/05\/natural-poland-icon.png","contentUrl":"https:\/\/naturalpoland.com\/wp-content\/uploads\/2021\/05\/natural-poland-icon.png","width":512,"height":512,"caption":"Natural Poland"},"image":{"@id":"https:\/\/naturalpoland.com\/ko\/#\/schema\/logo\/image\/"},"sameAs":["https:\/\/www.facebook.com\/naturalpoland.b2b","https:\/\/pl.linkedin.com\/company\/natural-poland","https:\/\/www.youtube.com\/channel\/UCgeGGkvOMahZo-xu_MSEWxg"]}]}},"_links":{"self":[{"href":"https:\/\/naturalpoland.com\/ko\/wp-json\/wp\/v2\/product\/44573","targetHints":{"allow":["GET"]}}],"collection":[{"href":"https:\/\/naturalpoland.com\/ko\/wp-json\/wp\/v2\/product"}],"about":[{"href":"https:\/\/naturalpoland.com\/ko\/wp-json\/wp\/v2\/types\/product"}],"wp:featuredmedia":[{"embeddable":true,"href":"https:\/\/naturalpoland.com\/ko\/wp-json\/wp\/v2\/media\/44574"}],"wp:attachment":[{"href":"https:\/\/naturalpoland.com\/ko\/wp-json\/wp\/v2\/media?parent=44573"}],"wp:term":[{"taxonomy":"product_brand","embeddable":true,"href":"https:\/\/naturalpoland.com\/ko\/wp-json\/wp\/v2\/product_brand?post=44573"},{"taxonomy":"product_cat","embeddable":true,"href":"https:\/\/naturalpoland.com\/ko\/wp-json\/wp\/v2\/product_cat?post=44573"},{"taxonomy":"product_tag","embeddable":true,"href":"https:\/\/naturalpoland.com\/ko\/wp-json\/wp\/v2\/product_tag?post=44573"}],"curies":[{"name":"wp","href":"https:\/\/api.w.org\/{rel}","templated":true}]}}