{"id":44594,"date":"2021-05-11T13:49:45","date_gmt":"2021-05-11T11:49:45","guid":{"rendered":"https:\/\/naturalpoland.com\/produkty\/uncategorized\/%eb%b0%80%eb%b0%b0%ec%95%84%ec%9c%a0\/"},"modified":"2026-02-19T14:47:37","modified_gmt":"2026-02-19T13:47:37","slug":"%eb%b0%80%eb%b0%b0%ec%95%84%ec%9c%a0","status":"publish","type":"product","link":"https:\/\/naturalpoland.com\/ko\/je-pum\/sig-pum-won-ryo\/sig-yong-yu\/%eb%b0%80%eb%b0%b0%ec%95%84%ec%9c%a0\/","title":{"rendered":"\ubc00\ubc30\uc544\uc720"},"content":{"rendered":"<h2>\ubc00\ubc30\uc544 \uc624\uc77c\uc758 \ud2b9\uc131 \ubc0f \ud6a8\ub2a5:<\/h2>\n<p>\ubc00\ubc30\uc544 \uc624\uc77c\uc740 \ud48d\ubd80\ud55c \uc9c0\ubc29\uc0b0 \ud504\ub85c\ud544\uc774 \ud2b9\uc9d5\uc785\ub2c8\ub2e4. \uadf8 \uc131\ubd84\uc740 <strong>\uc62c\ub808\uc0b0<\/strong>(C18:1 \u2013 35\u201365%)\uacfc <strong>\ud314\ubbf8\ud2b8\uc0b0<\/strong> \ubc0f <strong>\uc2a4\ud14c\uc544\ub974\uc0b0<\/strong>\uacfc \uac19\uc740 \ud3ec\ud654 \uc9c0\ubc29\uc0b0\uc774 \uade0\ud615 \uc7a1\ud78c \ube44\uc728\ub85c \uc874\uc7ac\ud569\ub2c8\ub2e4. \uc774 \uc624\uc77c\uc758 \uac00\uc7a5 \ud2b9\uc9d5\uc801\uc778 \uc131\ubd84 \uc911 \ud558\ub098\ub294 \ucc9c\uc5f0 <strong>\uace0\ud568\ub7c9 \ube44\ud0c0\ubbfc E(\ud1a0\ucf54\ud398\ub864)<\/strong>\ub85c, \uac15\ub825\ud55c \ud56d\uc0b0\ud654 \ud2b9\uc131\uc744 \ub2f4\ub2f9\ud569\ub2c8\ub2e4. \ud1a0\ucf54\ud398\ub864\uc740 \uc9c0\uc9c8\uc744 \uc0b0\ud654\ub85c\ubd80\ud130 \ubcf4\ud638\ud558\uace0 \uc138\ud3ec\ub97c \uc0b0\ud654 \uc2a4\ud2b8\ub808\uc2a4\ub85c\ubd80\ud130 \ubcf4\ud638\ud569\ub2c8\ub2e4. <strong>\ube44\ud0c0\ubbfc A, D<\/strong> \ubc0f <strong>\ube44\ud0c0\ubbfc B\uad70<\/strong>\uc758 \uc874\uc7ac\ub294 \uc0dd\ubb3c\ud559\uc801 \uac00\uce58\ub97c \ub354\uc6b1 \ub192\uc785\ub2c8\ub2e4.    <\/p>\n<p><strong>\ud654\uc7a5\ud488 \uc6a9\ub3c4<\/strong>\uc5d0\uc11c \uc624\uc77c\uc740 \ub2e4\uc74c\uacfc \uac19\uc740 \ud6a8\ub2a5\uc744 \ub098\ud0c0\ub0c5\ub2c8\ub2e4:<\/p>\n<ul>\n<li>\uc7ac\uc0dd \ubc0f \uc601\uc591 \uacf5\uae09,<\/li>\n<li>\ud53c\ubd80 \ud0c4\ub825 \uac1c\uc120,<\/li>\n<li>\ud45c\ud53c\ub97c \ud1b5\ud55c \uc218\ubd84 \uc190\uc2e4 \uac10\uc18c,<\/li>\n<li>\uc790\uadf9 \ubc0f \uc5fc\uc99d \uc644\ud654.<\/li>\n<\/ul>\n<p><strong>\uc5f0\ud654 \ud2b9\uc131<\/strong> \ub355\ubd84\uc5d0 \ud53c\ubd80 \ud45c\uba74\uc5d0 \ubd80\ub4dc\ub7ec\uc6b4 \ubcf4\ud638\ub9c9\uc744 \ud615\uc131\ud558\uc5ec \ud53c\ubd80\uc758 \ubd80\ub4dc\ub7ec\uc6c0\uacfc \ub9e4\ub044\ub7ec\uc6c0\uc744 \uac1c\uc120\ud569\ub2c8\ub2e4. \uac74\uc870\ud558\uace0 \uc131\uc219\ud55c \ud53c\ubd80 \ubc0f \uc9d1\uc911 \uc7ac\uc0dd\uc774 \ud544\uc694\ud55c \ud53c\ubd80\ub97c \uc704\ud55c \ud654\uc7a5\ud488\uc5d0 \uc790\uc8fc \uc0ac\uc6a9\ub429\ub2c8\ub2e4. <\/p>\n<p><strong>\uc2dd\ud488 \uc6a9\ub3c4<\/strong>\uc5d0\uc11c \ubc00\ubc30\uc544 \uc624\uc77c\uc740 \ubd88\ud3ec\ud654 \uc9c0\ubc29\uc0b0\uacfc \ud56d\uc0b0\ud654\uc81c\uc758 \ucc9c\uc5f0 \uacf5\uae09\uc6d0\uc785\ub2c8\ub2e4. \uc2dd\ub2e8\uc5d0 \ud3ec\ud568\ub420 \uacbd\uc6b0 <strong>\uc815\uc0c1\uc801\uc778 \uc9c0\uc9c8 \ub300\uc0ac \uc720\uc9c0<\/strong> \ubc0f <strong>\uc790\uc720 \ub77c\ub514\uce7c\ub85c\ubd80\ud130 \uc138\ud3ec \ubcf4\ud638<\/strong>\uc5d0 \uae30\uc5ec\ud560 \uc218 \uc788\uc2b5\ub2c8\ub2e4. \ub192\uc740 \uc601\uc591\uac00\ub85c \uc778\ud574 <strong>\uac74\uac15\uae30\ub2a5\uc2dd\ud488 \uc131\ubd84<\/strong> \ubc0f <strong>\uae30\ub2a5\uc131 \uc624\uc77c<\/strong>\ub85c \uc0ac\uc6a9\ub429\ub2c8\ub2e4.  <\/p>\n<h2>\ubc00\ubc30\uc544 \uc624\uc77c\uc758 \uc6a9\ub3c4:<\/h2>\n<p>\ubc00\ubc30\uc544 \uc624\uc77c\uc740 \ub2e4\uc74c \ubd84\uc57c\uc5d0\uc11c \ud3ed\ub113\uac8c \uc0ac\uc6a9\ub429\ub2c8\ub2e4:<\/p>\n<p><strong>\ud654\uc7a5\ud488:<\/strong><\/p>\n<ul>\n<li>\uc7ac\uc0dd \ud06c\ub9bc \ubc0f \ubc24,<\/li>\n<li>\uc548\ud2f0\uc5d0\uc774\uc9d5 \uc81c\ud488,<\/li>\n<li>\ub9c8\uc0ac\uc9c0 \uc624\uc77c,<\/li>\n<li>\uac74\uc870\ud558\uace0 \ubbfc\uac10\ud55c \ud53c\ubd80 \uad00\ub9ac \ud654\uc7a5\ud488,<\/li>\n<li>\uac74\uc870\ud558\uace0 \uc190\uc0c1\ub41c \ubaa8\ubc1c\uc6a9 \uc81c\ud488.<\/li>\n<\/ul>\n<p><strong>\uc2dd\ud488<\/strong> \ubc0f <strong>\uac74\uac15\uae30\ub2a5\uc2dd\ud488<\/strong> \uc0b0\uc5c5:<\/p>\n<ul>\n<li>\uae30\ub2a5\uc131 \uc624\uc77c\ub85c,<\/li>\n<li>\uc624\uc77c \ucea1\uc290\uc5d0,<\/li>\n<li>\ube44\ud0c0\ubbfc E \uac15\ud654 \uc2dd\ud488\uc5d0,<\/li>\n<li>\ud63c\ud569 \uc624\uc77c\uc758 \uc131\ubd84\uc73c\ub85c.<\/li>\n<\/ul>\n","protected":false},"excerpt":{"rendered":"<p><strong>\ubc00\ubc30\uc544 \uc624\uc77c<\/strong>\uc740 \ubc00 \uc54c\uace1\uc758 \ubc30\uc544\uc5d0\uc11c \ucd94\ucd9c\ud55c \ub0c9\uc555\ucc29 \uc2dd\ubb3c\uc131 \uc624\uc77c\uc785\ub2c8\ub2e4. \uc6d0\ub8cc\ub294 \uc2dd\ud488 \ubc0f \ud654\uc7a5\ud488 \ub4f1\uae09\uc785\ub2c8\ub2e4. \uc624\uc77c\uc740 \ud669\uae08\uc0c9\uc5d0\uc11c \uc624\ub80c\uc9c0\uc0c9\uc744 \ub760\uba70 \ud2b9\uc720\uc758 \uc740\uc740\ud55c \uacac\uacfc\ub958 \ud5a5\uc774 \uc788\uc2b5\ub2c8\ub2e4.  <\/p>\n","protected":false},"featured_media":44596,"template":"","meta":{"_acf_changed":false},"product_brand":[],"product_cat":[8135,8174,8154],"product_tag":[],"class_list":{"0":"post-44594","1":"product","2":"type-product","3":"status-publish","4":"has-post-thumbnail","6":"product_cat-sig-yong-mit-hwa-jang-pum-yong-o-il","7":"product_cat-sig-yong-yu","8":"product_cat-hwa-jang-pum-o-il","10":"first","11":"instock","12":"shipping-taxable","13":"product-type-simple"},"acf":[],"yoast_head":"<!-- This site is optimized with the Yoast SEO plugin v27.5 - https:\/\/yoast.com\/product\/yoast-seo-wordpress\/ -->\n<title>\ubc00\ubc30\uc544\uc720 - Hurtowy Dystrybutor<\/title>\n<meta name=\"description\" content=\"\ub0c9\uc555\ucc29 \ubc00\ubc30\uc544 \uc624\uc77c \u2013 \uc7ac\uc0dd \ud654\uc7a5\ud488 \ubc0f \uac74\uac15\uae30\ub2a5\uc2dd\ud488\uc744 \uc704\ud55c \ucc9c\uc5f0 \ube44\ud0c0\ubbfc E\uc640 \uc9c0\ubc29\uc0b0 \uacf5\uae09\uc6d0.\" \/>\n<meta name=\"robots\" content=\"index, follow, max-snippet:-1, max-image-preview:large, max-video-preview:-1\" \/>\n<link rel=\"canonical\" href=\"https:\/\/naturalpoland.com\/ko\/je-pum\/sig-pum-won-ryo\/sig-yong-yu\/%eb%b0%80%eb%b0%b0%ec%95%84%ec%9c%a0\/\" \/>\n<meta property=\"og:locale\" content=\"ko_KR\" \/>\n<meta property=\"og:type\" content=\"article\" \/>\n<meta property=\"og:title\" content=\"\ubc00\ubc30\uc544\uc720 - Hurtowy Dystrybutor\" \/>\n<meta property=\"og:description\" content=\"\ub0c9\uc555\ucc29 \ubc00\ubc30\uc544 \uc624\uc77c \u2013 \uc7ac\uc0dd \ud654\uc7a5\ud488 \ubc0f \uac74\uac15\uae30\ub2a5\uc2dd\ud488\uc744 \uc704\ud55c \ucc9c\uc5f0 \ube44\ud0c0\ubbfc E\uc640 \uc9c0\ubc29\uc0b0 \uacf5\uae09\uc6d0.\" \/>\n<meta property=\"og:url\" content=\"https:\/\/naturalpoland.com\/ko\/je-pum\/sig-pum-won-ryo\/sig-yong-yu\/%eb%b0%80%eb%b0%b0%ec%95%84%ec%9c%a0\/\" \/>\n<meta property=\"og:site_name\" content=\"NATURAL POLAND - Hurtowy Dystrybutor Surowc\u00f3w\" \/>\n<meta property=\"article:publisher\" content=\"https:\/\/www.facebook.com\/naturalpoland.b2b\" \/>\n<meta property=\"article:modified_time\" content=\"2026-02-19T13:47:37+00:00\" \/>\n<meta property=\"og:image\" content=\"https:\/\/naturalpoland.com\/wp-content\/uploads\/olej-z-kielkow-pszenicy.jpg\" \/>\n\t<meta property=\"og:image:width\" content=\"650\" \/>\n\t<meta property=\"og:image:height\" content=\"650\" \/>\n\t<meta property=\"og:image:type\" content=\"image\/jpeg\" \/>\n<script type=\"application\/ld+json\" class=\"yoast-schema-graph\">{\"@context\":\"https:\\\/\\\/schema.org\",\"@graph\":[{\"@type\":\"WebPage\",\"@id\":\"https:\\\/\\\/naturalpoland.com\\\/ko\\\/je-pum\\\/sig-pum-won-ryo\\\/sig-yong-yu\\\/%eb%b0%80%eb%b0%b0%ec%95%84%ec%9c%a0\\\/\",\"url\":\"https:\\\/\\\/naturalpoland.com\\\/ko\\\/je-pum\\\/sig-pum-won-ryo\\\/sig-yong-yu\\\/%eb%b0%80%eb%b0%b0%ec%95%84%ec%9c%a0\\\/\",\"name\":\"\ubc00\ubc30\uc544\uc720 - Hurtowy Dystrybutor\",\"isPartOf\":{\"@id\":\"https:\\\/\\\/naturalpoland.com\\\/ko\\\/#website\"},\"primaryImageOfPage\":{\"@id\":\"https:\\\/\\\/naturalpoland.com\\\/ko\\\/je-pum\\\/sig-pum-won-ryo\\\/sig-yong-yu\\\/%eb%b0%80%eb%b0%b0%ec%95%84%ec%9c%a0\\\/#primaryimage\"},\"image\":{\"@id\":\"https:\\\/\\\/naturalpoland.com\\\/ko\\\/je-pum\\\/sig-pum-won-ryo\\\/sig-yong-yu\\\/%eb%b0%80%eb%b0%b0%ec%95%84%ec%9c%a0\\\/#primaryimage\"},\"thumbnailUrl\":\"https:\\\/\\\/naturalpoland.com\\\/wp-content\\\/uploads\\\/olej-z-kielkow-pszenicy.jpg\",\"datePublished\":\"2021-05-11T11:49:45+00:00\",\"dateModified\":\"2026-02-19T13:47:37+00:00\",\"description\":\"\ub0c9\uc555\ucc29 \ubc00\ubc30\uc544 \uc624\uc77c \u2013 \uc7ac\uc0dd \ud654\uc7a5\ud488 \ubc0f \uac74\uac15\uae30\ub2a5\uc2dd\ud488\uc744 \uc704\ud55c \ucc9c\uc5f0 \ube44\ud0c0\ubbfc E\uc640 \uc9c0\ubc29\uc0b0 \uacf5\uae09\uc6d0.\",\"breadcrumb\":{\"@id\":\"https:\\\/\\\/naturalpoland.com\\\/ko\\\/je-pum\\\/sig-pum-won-ryo\\\/sig-yong-yu\\\/%eb%b0%80%eb%b0%b0%ec%95%84%ec%9c%a0\\\/#breadcrumb\"},\"inLanguage\":\"ko-KR\",\"potentialAction\":[{\"@type\":\"ReadAction\",\"target\":[\"https:\\\/\\\/naturalpoland.com\\\/ko\\\/je-pum\\\/sig-pum-won-ryo\\\/sig-yong-yu\\\/%eb%b0%80%eb%b0%b0%ec%95%84%ec%9c%a0\\\/\"]}]},{\"@type\":\"ImageObject\",\"inLanguage\":\"ko-KR\",\"@id\":\"https:\\\/\\\/naturalpoland.com\\\/ko\\\/je-pum\\\/sig-pum-won-ryo\\\/sig-yong-yu\\\/%eb%b0%80%eb%b0%b0%ec%95%84%ec%9c%a0\\\/#primaryimage\",\"url\":\"https:\\\/\\\/naturalpoland.com\\\/wp-content\\\/uploads\\\/olej-z-kielkow-pszenicy.jpg\",\"contentUrl\":\"https:\\\/\\\/naturalpoland.com\\\/wp-content\\\/uploads\\\/olej-z-kielkow-pszenicy.jpg\",\"width\":650,\"height\":650,\"caption\":\"\ubc00\ubc30\uc544\uc720\"},{\"@type\":\"BreadcrumbList\",\"@id\":\"https:\\\/\\\/naturalpoland.com\\\/ko\\\/je-pum\\\/sig-pum-won-ryo\\\/sig-yong-yu\\\/%eb%b0%80%eb%b0%b0%ec%95%84%ec%9c%a0\\\/#breadcrumb\",\"itemListElement\":[{\"@type\":\"ListItem\",\"position\":1,\"name\":\"\ud648\",\"item\":\"https:\\\/\\\/naturalpoland.com\\\/ko\\\/\"},{\"@type\":\"ListItem\",\"position\":2,\"name\":\"\uc81c\ud488\",\"item\":\"https:\\\/\\\/naturalpoland.com\\\/ko\\\/%ec%a0%9c%ed%92%88\\\/\"},{\"@type\":\"ListItem\",\"position\":3,\"name\":\"\ubc00\ubc30\uc544\uc720\"}]},{\"@type\":\"WebSite\",\"@id\":\"https:\\\/\\\/naturalpoland.com\\\/ko\\\/#website\",\"url\":\"https:\\\/\\\/naturalpoland.com\\\/ko\\\/\",\"name\":\"NATURAL POLAND - Hurtowy Dystrybutor Surowc\u00f3w\",\"description\":\"Surowce dla przemys\u0142u spo\u017cywczego, kosmetycznego i farmaceutycznego\",\"publisher\":{\"@id\":\"https:\\\/\\\/naturalpoland.com\\\/ko\\\/#organization\"},\"potentialAction\":[{\"@type\":\"SearchAction\",\"target\":{\"@type\":\"EntryPoint\",\"urlTemplate\":\"https:\\\/\\\/naturalpoland.com\\\/ko\\\/?s={search_term_string}\"},\"query-input\":{\"@type\":\"PropertyValueSpecification\",\"valueRequired\":true,\"valueName\":\"search_term_string\"}}],\"inLanguage\":\"ko-KR\"},{\"@type\":\"Organization\",\"@id\":\"https:\\\/\\\/naturalpoland.com\\\/ko\\\/#organization\",\"name\":\"Natural Poland\",\"url\":\"https:\\\/\\\/naturalpoland.com\\\/ko\\\/\",\"logo\":{\"@type\":\"ImageObject\",\"inLanguage\":\"ko-KR\",\"@id\":\"https:\\\/\\\/naturalpoland.com\\\/ko\\\/#\\\/schema\\\/logo\\\/image\\\/\",\"url\":\"https:\\\/\\\/naturalpoland.com\\\/wp-content\\\/uploads\\\/2021\\\/05\\\/natural-poland-icon.png\",\"contentUrl\":\"https:\\\/\\\/naturalpoland.com\\\/wp-content\\\/uploads\\\/2021\\\/05\\\/natural-poland-icon.png\",\"width\":512,\"height\":512,\"caption\":\"Natural Poland\"},\"image\":{\"@id\":\"https:\\\/\\\/naturalpoland.com\\\/ko\\\/#\\\/schema\\\/logo\\\/image\\\/\"},\"sameAs\":[\"https:\\\/\\\/www.facebook.com\\\/naturalpoland.b2b\",\"https:\\\/\\\/pl.linkedin.com\\\/company\\\/natural-poland\",\"https:\\\/\\\/www.youtube.com\\\/channel\\\/UCgeGGkvOMahZo-xu_MSEWxg\"]}]}<\/script>\n<!-- \/ Yoast SEO plugin. -->","yoast_head_json":{"title":"\ubc00\ubc30\uc544\uc720 - Hurtowy Dystrybutor","description":"\ub0c9\uc555\ucc29 \ubc00\ubc30\uc544 \uc624\uc77c \u2013 \uc7ac\uc0dd \ud654\uc7a5\ud488 \ubc0f \uac74\uac15\uae30\ub2a5\uc2dd\ud488\uc744 \uc704\ud55c \ucc9c\uc5f0 \ube44\ud0c0\ubbfc E\uc640 \uc9c0\ubc29\uc0b0 \uacf5\uae09\uc6d0.","robots":{"index":"index","follow":"follow","max-snippet":"max-snippet:-1","max-image-preview":"max-image-preview:large","max-video-preview":"max-video-preview:-1"},"canonical":"https:\/\/naturalpoland.com\/ko\/je-pum\/sig-pum-won-ryo\/sig-yong-yu\/%eb%b0%80%eb%b0%b0%ec%95%84%ec%9c%a0\/","og_locale":"ko_KR","og_type":"article","og_title":"\ubc00\ubc30\uc544\uc720 - Hurtowy Dystrybutor","og_description":"\ub0c9\uc555\ucc29 \ubc00\ubc30\uc544 \uc624\uc77c \u2013 \uc7ac\uc0dd \ud654\uc7a5\ud488 \ubc0f \uac74\uac15\uae30\ub2a5\uc2dd\ud488\uc744 \uc704\ud55c \ucc9c\uc5f0 \ube44\ud0c0\ubbfc E\uc640 \uc9c0\ubc29\uc0b0 \uacf5\uae09\uc6d0.","og_url":"https:\/\/naturalpoland.com\/ko\/je-pum\/sig-pum-won-ryo\/sig-yong-yu\/%eb%b0%80%eb%b0%b0%ec%95%84%ec%9c%a0\/","og_site_name":"NATURAL POLAND - Hurtowy Dystrybutor Surowc\u00f3w","article_publisher":"https:\/\/www.facebook.com\/naturalpoland.b2b","article_modified_time":"2026-02-19T13:47:37+00:00","og_image":[{"width":650,"height":650,"url":"https:\/\/naturalpoland.com\/wp-content\/uploads\/olej-z-kielkow-pszenicy.jpg","type":"image\/jpeg"}],"schema":{"@context":"https:\/\/schema.org","@graph":[{"@type":"WebPage","@id":"https:\/\/naturalpoland.com\/ko\/je-pum\/sig-pum-won-ryo\/sig-yong-yu\/%eb%b0%80%eb%b0%b0%ec%95%84%ec%9c%a0\/","url":"https:\/\/naturalpoland.com\/ko\/je-pum\/sig-pum-won-ryo\/sig-yong-yu\/%eb%b0%80%eb%b0%b0%ec%95%84%ec%9c%a0\/","name":"\ubc00\ubc30\uc544\uc720 - Hurtowy Dystrybutor","isPartOf":{"@id":"https:\/\/naturalpoland.com\/ko\/#website"},"primaryImageOfPage":{"@id":"https:\/\/naturalpoland.com\/ko\/je-pum\/sig-pum-won-ryo\/sig-yong-yu\/%eb%b0%80%eb%b0%b0%ec%95%84%ec%9c%a0\/#primaryimage"},"image":{"@id":"https:\/\/naturalpoland.com\/ko\/je-pum\/sig-pum-won-ryo\/sig-yong-yu\/%eb%b0%80%eb%b0%b0%ec%95%84%ec%9c%a0\/#primaryimage"},"thumbnailUrl":"https:\/\/naturalpoland.com\/wp-content\/uploads\/olej-z-kielkow-pszenicy.jpg","datePublished":"2021-05-11T11:49:45+00:00","dateModified":"2026-02-19T13:47:37+00:00","description":"\ub0c9\uc555\ucc29 \ubc00\ubc30\uc544 \uc624\uc77c \u2013 \uc7ac\uc0dd \ud654\uc7a5\ud488 \ubc0f \uac74\uac15\uae30\ub2a5\uc2dd\ud488\uc744 \uc704\ud55c \ucc9c\uc5f0 \ube44\ud0c0\ubbfc E\uc640 \uc9c0\ubc29\uc0b0 \uacf5\uae09\uc6d0.","breadcrumb":{"@id":"https:\/\/naturalpoland.com\/ko\/je-pum\/sig-pum-won-ryo\/sig-yong-yu\/%eb%b0%80%eb%b0%b0%ec%95%84%ec%9c%a0\/#breadcrumb"},"inLanguage":"ko-KR","potentialAction":[{"@type":"ReadAction","target":["https:\/\/naturalpoland.com\/ko\/je-pum\/sig-pum-won-ryo\/sig-yong-yu\/%eb%b0%80%eb%b0%b0%ec%95%84%ec%9c%a0\/"]}]},{"@type":"ImageObject","inLanguage":"ko-KR","@id":"https:\/\/naturalpoland.com\/ko\/je-pum\/sig-pum-won-ryo\/sig-yong-yu\/%eb%b0%80%eb%b0%b0%ec%95%84%ec%9c%a0\/#primaryimage","url":"https:\/\/naturalpoland.com\/wp-content\/uploads\/olej-z-kielkow-pszenicy.jpg","contentUrl":"https:\/\/naturalpoland.com\/wp-content\/uploads\/olej-z-kielkow-pszenicy.jpg","width":650,"height":650,"caption":"\ubc00\ubc30\uc544\uc720"},{"@type":"BreadcrumbList","@id":"https:\/\/naturalpoland.com\/ko\/je-pum\/sig-pum-won-ryo\/sig-yong-yu\/%eb%b0%80%eb%b0%b0%ec%95%84%ec%9c%a0\/#breadcrumb","itemListElement":[{"@type":"ListItem","position":1,"name":"\ud648","item":"https:\/\/naturalpoland.com\/ko\/"},{"@type":"ListItem","position":2,"name":"\uc81c\ud488","item":"https:\/\/naturalpoland.com\/ko\/%ec%a0%9c%ed%92%88\/"},{"@type":"ListItem","position":3,"name":"\ubc00\ubc30\uc544\uc720"}]},{"@type":"WebSite","@id":"https:\/\/naturalpoland.com\/ko\/#website","url":"https:\/\/naturalpoland.com\/ko\/","name":"NATURAL POLAND - Hurtowy Dystrybutor Surowc\u00f3w","description":"Surowce dla przemys\u0142u spo\u017cywczego, kosmetycznego i farmaceutycznego","publisher":{"@id":"https:\/\/naturalpoland.com\/ko\/#organization"},"potentialAction":[{"@type":"SearchAction","target":{"@type":"EntryPoint","urlTemplate":"https:\/\/naturalpoland.com\/ko\/?s={search_term_string}"},"query-input":{"@type":"PropertyValueSpecification","valueRequired":true,"valueName":"search_term_string"}}],"inLanguage":"ko-KR"},{"@type":"Organization","@id":"https:\/\/naturalpoland.com\/ko\/#organization","name":"Natural Poland","url":"https:\/\/naturalpoland.com\/ko\/","logo":{"@type":"ImageObject","inLanguage":"ko-KR","@id":"https:\/\/naturalpoland.com\/ko\/#\/schema\/logo\/image\/","url":"https:\/\/naturalpoland.com\/wp-content\/uploads\/2021\/05\/natural-poland-icon.png","contentUrl":"https:\/\/naturalpoland.com\/wp-content\/uploads\/2021\/05\/natural-poland-icon.png","width":512,"height":512,"caption":"Natural Poland"},"image":{"@id":"https:\/\/naturalpoland.com\/ko\/#\/schema\/logo\/image\/"},"sameAs":["https:\/\/www.facebook.com\/naturalpoland.b2b","https:\/\/pl.linkedin.com\/company\/natural-poland","https:\/\/www.youtube.com\/channel\/UCgeGGkvOMahZo-xu_MSEWxg"]}]}},"_links":{"self":[{"href":"https:\/\/naturalpoland.com\/ko\/wp-json\/wp\/v2\/product\/44594","targetHints":{"allow":["GET"]}}],"collection":[{"href":"https:\/\/naturalpoland.com\/ko\/wp-json\/wp\/v2\/product"}],"about":[{"href":"https:\/\/naturalpoland.com\/ko\/wp-json\/wp\/v2\/types\/product"}],"wp:featuredmedia":[{"embeddable":true,"href":"https:\/\/naturalpoland.com\/ko\/wp-json\/wp\/v2\/media\/44596"}],"wp:attachment":[{"href":"https:\/\/naturalpoland.com\/ko\/wp-json\/wp\/v2\/media?parent=44594"}],"wp:term":[{"taxonomy":"product_brand","embeddable":true,"href":"https:\/\/naturalpoland.com\/ko\/wp-json\/wp\/v2\/product_brand?post=44594"},{"taxonomy":"product_cat","embeddable":true,"href":"https:\/\/naturalpoland.com\/ko\/wp-json\/wp\/v2\/product_cat?post=44594"},{"taxonomy":"product_tag","embeddable":true,"href":"https:\/\/naturalpoland.com\/ko\/wp-json\/wp\/v2\/product_tag?post=44594"}],"curies":[{"name":"wp","href":"https:\/\/api.w.org\/{rel}","templated":true}]}}