{"id":44600,"date":"2021-05-11T13:49:20","date_gmt":"2021-05-11T11:49:20","guid":{"rendered":"https:\/\/naturalpoland.com\/produkty\/uncategorized\/%ec%96%b4%ec%9c%a0\/"},"modified":"2025-12-22T13:02:42","modified_gmt":"2025-12-22T12:02:42","slug":"%ec%96%b4%ec%9c%a0","status":"publish","type":"product","link":"https:\/\/naturalpoland.com\/ko\/je-pum\/sig-yong-mit-hwa-jang-pum-yong-o-il\/%ec%96%b4%ec%9c%a0\/","title":{"rendered":"\uc5b4\uc720"},"content":{"rendered":"<p>\uc5b4\uc720\ub294 \ud48d\ubd80\ud55c \uc131\ubd84\uc73c\ub85c \uc88b\uc740 \ud3c9\ud310\uc744 \uc5bb\uace0 \uc788\uc2b5\ub2c8\ub2e4. \uc624\uba54\uac00-3 \uc9c0\ubc29\uc0b0, DHA, \ub3c4\ucf54\uc0ac\ud39c\ud0c0\uc5d4\uc0b0(DPA), EPA \ud568\ub7c9\uc774 \ub192\uc2b5\ub2c8\ub2e4. \uc774 \uc9c0\ubc29\uc0b0\ub4e4\uc740 \uc2e0\uacbd\uacc4\uc758 \uc815\uc0c1\uc801\uc778 \uae30\ub2a5, \uae30\uc5b5\ub825, \uc9d1\uc911\ub825\uc744 \uc9c0\uc6d0\ud558\uba70 \uba74\uc5ed\ub825\uc744 \ub192\uc5ec\uc90d\ub2c8\ub2e4. \ub610\ud55c \uc131\uc7a5 \ubc1c\ub2ec\uc5d0 \ub9e4\uc6b0 \uc911\uc694\ud558\ubbc0\ub85c, \uc5b4\ub9b0\uc774 \uc2dd\ub2e8\uc5d0 \ud3ec\ud568\uc2dc\ud0a4\ub294 \uac83\uc774 \uc88b\uc2b5\ub2c8\ub2e4.   <\/p>\n","protected":false},"excerpt":{"rendered":"<p>\uc5b4\uc720\ub294 \uc8fc\ub85c <strong>\ub300\uad6c \uac04\uc720<\/strong> \ud615\ud0dc\ub85c, \uac74\uac15 \ubcf4\uc870 \uc2dd\ud488(\ucea1\uc290, \uc561\uc0c1 \ub610\ub294 \uc74c\uc2dd \ucca8\uac00\uc81c)\uc73c\ub85c \uc12d\ucde8\ud560 \uc218 \uc788\uc2b5\ub2c8\ub2e4. \ub54c\ub85c\ub294 \ud654\uc7a5\ud488 \uc131\ubd84\uc73c\ub85c\ub3c4 \uc0ac\uc6a9\ub429\ub2c8\ub2e4. \uc678\ubd80 \uc0ac\uc6a9 \uc2dc\uc5d0\ub294 \ub2e4\uc18c \uac15\ud55c \ub0c4\uc0c8 \ub54c\ubb38\uc5d0 \uac15\ud55c \ud5a5\ub8cc\uc640 \ud63c\ud569\ud574\uc57c \ud569\ub2c8\ub2e4.  <\/p>\n","protected":false},"featured_media":44602,"template":"","meta":{"_acf_changed":false},"product_brand":[],"product_cat":[8135],"product_tag":[],"class_list":{"0":"post-44600","1":"product","2":"type-product","3":"status-publish","4":"has-post-thumbnail","6":"product_cat-sig-yong-mit-hwa-jang-pum-yong-o-il","8":"first","9":"instock","10":"shipping-taxable","11":"product-type-simple"},"acf":[],"yoast_head":"<!-- This site is optimized with the Yoast SEO plugin v27.5 - https:\/\/yoast.com\/product\/yoast-seo-wordpress\/ -->\n<title>\uc5b4\uc720 - Hurtowy Dystrybutor<\/title>\n<meta name=\"robots\" content=\"index, follow, max-snippet:-1, max-image-preview:large, max-video-preview:-1\" \/>\n<link rel=\"canonical\" href=\"https:\/\/naturalpoland.com\/ko\/je-pum\/sig-yong-mit-hwa-jang-pum-yong-o-il\/%ec%96%b4%ec%9c%a0\/\" \/>\n<meta property=\"og:locale\" content=\"ko_KR\" \/>\n<meta property=\"og:type\" content=\"article\" \/>\n<meta property=\"og:title\" content=\"\uc5b4\uc720 - Hurtowy Dystrybutor\" \/>\n<meta property=\"og:description\" content=\"\uc5b4\uc720\ub294 \uc8fc\ub85c \ub300\uad6c \uac04\uc720 \ud615\ud0dc\ub85c, \uac74\uac15 \ubcf4\uc870 \uc2dd\ud488(\ucea1\uc290, \uc561\uc0c1 \ub610\ub294 \uc74c\uc2dd \ucca8\uac00\uc81c)\uc73c\ub85c \uc12d\ucde8\ud560 \uc218 \uc788\uc2b5\ub2c8\ub2e4. \ub54c\ub85c\ub294 \ud654\uc7a5\ud488 \uc131\ubd84\uc73c\ub85c\ub3c4 \uc0ac\uc6a9\ub429\ub2c8\ub2e4. \uc678\ubd80 \uc0ac\uc6a9 \uc2dc\uc5d0\ub294 \ub2e4\uc18c \uac15\ud55c \ub0c4\uc0c8 \ub54c\ubb38\uc5d0 \uac15\ud55c \ud5a5\ub8cc\uc640 \ud63c\ud569\ud574\uc57c \ud569\ub2c8\ub2e4.\" \/>\n<meta property=\"og:url\" content=\"https:\/\/naturalpoland.com\/ko\/je-pum\/sig-yong-mit-hwa-jang-pum-yong-o-il\/%ec%96%b4%ec%9c%a0\/\" \/>\n<meta property=\"og:site_name\" content=\"NATURAL POLAND - Hurtowy Dystrybutor Surowc\u00f3w\" \/>\n<meta property=\"article:publisher\" content=\"https:\/\/www.facebook.com\/naturalpoland.b2b\" \/>\n<meta property=\"article:modified_time\" content=\"2025-12-22T12:02:42+00:00\" \/>\n<meta property=\"og:image\" content=\"https:\/\/naturalpoland.com\/wp-content\/uploads\/olej-rybi.jpg\" \/>\n\t<meta property=\"og:image:width\" content=\"650\" \/>\n\t<meta property=\"og:image:height\" content=\"650\" \/>\n\t<meta property=\"og:image:type\" content=\"image\/jpeg\" \/>\n<script type=\"application\/ld+json\" class=\"yoast-schema-graph\">{\"@context\":\"https:\\\/\\\/schema.org\",\"@graph\":[{\"@type\":\"WebPage\",\"@id\":\"https:\\\/\\\/naturalpoland.com\\\/ko\\\/je-pum\\\/sig-yong-mit-hwa-jang-pum-yong-o-il\\\/%ec%96%b4%ec%9c%a0\\\/\",\"url\":\"https:\\\/\\\/naturalpoland.com\\\/ko\\\/je-pum\\\/sig-yong-mit-hwa-jang-pum-yong-o-il\\\/%ec%96%b4%ec%9c%a0\\\/\",\"name\":\"\uc5b4\uc720 - Hurtowy Dystrybutor\",\"isPartOf\":{\"@id\":\"https:\\\/\\\/naturalpoland.com\\\/ko\\\/#website\"},\"primaryImageOfPage\":{\"@id\":\"https:\\\/\\\/naturalpoland.com\\\/ko\\\/je-pum\\\/sig-yong-mit-hwa-jang-pum-yong-o-il\\\/%ec%96%b4%ec%9c%a0\\\/#primaryimage\"},\"image\":{\"@id\":\"https:\\\/\\\/naturalpoland.com\\\/ko\\\/je-pum\\\/sig-yong-mit-hwa-jang-pum-yong-o-il\\\/%ec%96%b4%ec%9c%a0\\\/#primaryimage\"},\"thumbnailUrl\":\"https:\\\/\\\/naturalpoland.com\\\/wp-content\\\/uploads\\\/olej-rybi.jpg\",\"datePublished\":\"2021-05-11T11:49:20+00:00\",\"dateModified\":\"2025-12-22T12:02:42+00:00\",\"breadcrumb\":{\"@id\":\"https:\\\/\\\/naturalpoland.com\\\/ko\\\/je-pum\\\/sig-yong-mit-hwa-jang-pum-yong-o-il\\\/%ec%96%b4%ec%9c%a0\\\/#breadcrumb\"},\"inLanguage\":\"ko-KR\",\"potentialAction\":[{\"@type\":\"ReadAction\",\"target\":[\"https:\\\/\\\/naturalpoland.com\\\/ko\\\/je-pum\\\/sig-yong-mit-hwa-jang-pum-yong-o-il\\\/%ec%96%b4%ec%9c%a0\\\/\"]}]},{\"@type\":\"ImageObject\",\"inLanguage\":\"ko-KR\",\"@id\":\"https:\\\/\\\/naturalpoland.com\\\/ko\\\/je-pum\\\/sig-yong-mit-hwa-jang-pum-yong-o-il\\\/%ec%96%b4%ec%9c%a0\\\/#primaryimage\",\"url\":\"https:\\\/\\\/naturalpoland.com\\\/wp-content\\\/uploads\\\/olej-rybi.jpg\",\"contentUrl\":\"https:\\\/\\\/naturalpoland.com\\\/wp-content\\\/uploads\\\/olej-rybi.jpg\",\"width\":650,\"height\":650,\"caption\":\"\uc5b4\uc720\"},{\"@type\":\"BreadcrumbList\",\"@id\":\"https:\\\/\\\/naturalpoland.com\\\/ko\\\/je-pum\\\/sig-yong-mit-hwa-jang-pum-yong-o-il\\\/%ec%96%b4%ec%9c%a0\\\/#breadcrumb\",\"itemListElement\":[{\"@type\":\"ListItem\",\"position\":1,\"name\":\"\ud648\",\"item\":\"https:\\\/\\\/naturalpoland.com\\\/ko\\\/\"},{\"@type\":\"ListItem\",\"position\":2,\"name\":\"\uc81c\ud488\",\"item\":\"https:\\\/\\\/naturalpoland.com\\\/ko\\\/%ec%a0%9c%ed%92%88\\\/\"},{\"@type\":\"ListItem\",\"position\":3,\"name\":\"\uc5b4\uc720\"}]},{\"@type\":\"WebSite\",\"@id\":\"https:\\\/\\\/naturalpoland.com\\\/ko\\\/#website\",\"url\":\"https:\\\/\\\/naturalpoland.com\\\/ko\\\/\",\"name\":\"NATURAL POLAND - Hurtowy Dystrybutor Surowc\u00f3w\",\"description\":\"Surowce dla przemys\u0142u spo\u017cywczego, kosmetycznego i farmaceutycznego\",\"publisher\":{\"@id\":\"https:\\\/\\\/naturalpoland.com\\\/ko\\\/#organization\"},\"potentialAction\":[{\"@type\":\"SearchAction\",\"target\":{\"@type\":\"EntryPoint\",\"urlTemplate\":\"https:\\\/\\\/naturalpoland.com\\\/ko\\\/?s={search_term_string}\"},\"query-input\":{\"@type\":\"PropertyValueSpecification\",\"valueRequired\":true,\"valueName\":\"search_term_string\"}}],\"inLanguage\":\"ko-KR\"},{\"@type\":\"Organization\",\"@id\":\"https:\\\/\\\/naturalpoland.com\\\/ko\\\/#organization\",\"name\":\"Natural Poland\",\"url\":\"https:\\\/\\\/naturalpoland.com\\\/ko\\\/\",\"logo\":{\"@type\":\"ImageObject\",\"inLanguage\":\"ko-KR\",\"@id\":\"https:\\\/\\\/naturalpoland.com\\\/ko\\\/#\\\/schema\\\/logo\\\/image\\\/\",\"url\":\"https:\\\/\\\/naturalpoland.com\\\/wp-content\\\/uploads\\\/2021\\\/05\\\/natural-poland-icon.png\",\"contentUrl\":\"https:\\\/\\\/naturalpoland.com\\\/wp-content\\\/uploads\\\/2021\\\/05\\\/natural-poland-icon.png\",\"width\":512,\"height\":512,\"caption\":\"Natural Poland\"},\"image\":{\"@id\":\"https:\\\/\\\/naturalpoland.com\\\/ko\\\/#\\\/schema\\\/logo\\\/image\\\/\"},\"sameAs\":[\"https:\\\/\\\/www.facebook.com\\\/naturalpoland.b2b\",\"https:\\\/\\\/pl.linkedin.com\\\/company\\\/natural-poland\",\"https:\\\/\\\/www.youtube.com\\\/channel\\\/UCgeGGkvOMahZo-xu_MSEWxg\"]}]}<\/script>\n<!-- \/ Yoast SEO plugin. -->","yoast_head_json":{"title":"\uc5b4\uc720 - Hurtowy Dystrybutor","robots":{"index":"index","follow":"follow","max-snippet":"max-snippet:-1","max-image-preview":"max-image-preview:large","max-video-preview":"max-video-preview:-1"},"canonical":"https:\/\/naturalpoland.com\/ko\/je-pum\/sig-yong-mit-hwa-jang-pum-yong-o-il\/%ec%96%b4%ec%9c%a0\/","og_locale":"ko_KR","og_type":"article","og_title":"\uc5b4\uc720 - Hurtowy Dystrybutor","og_description":"\uc5b4\uc720\ub294 \uc8fc\ub85c \ub300\uad6c \uac04\uc720 \ud615\ud0dc\ub85c, \uac74\uac15 \ubcf4\uc870 \uc2dd\ud488(\ucea1\uc290, \uc561\uc0c1 \ub610\ub294 \uc74c\uc2dd \ucca8\uac00\uc81c)\uc73c\ub85c \uc12d\ucde8\ud560 \uc218 \uc788\uc2b5\ub2c8\ub2e4. \ub54c\ub85c\ub294 \ud654\uc7a5\ud488 \uc131\ubd84\uc73c\ub85c\ub3c4 \uc0ac\uc6a9\ub429\ub2c8\ub2e4. \uc678\ubd80 \uc0ac\uc6a9 \uc2dc\uc5d0\ub294 \ub2e4\uc18c \uac15\ud55c \ub0c4\uc0c8 \ub54c\ubb38\uc5d0 \uac15\ud55c \ud5a5\ub8cc\uc640 \ud63c\ud569\ud574\uc57c \ud569\ub2c8\ub2e4.","og_url":"https:\/\/naturalpoland.com\/ko\/je-pum\/sig-yong-mit-hwa-jang-pum-yong-o-il\/%ec%96%b4%ec%9c%a0\/","og_site_name":"NATURAL POLAND - Hurtowy Dystrybutor Surowc\u00f3w","article_publisher":"https:\/\/www.facebook.com\/naturalpoland.b2b","article_modified_time":"2025-12-22T12:02:42+00:00","og_image":[{"width":650,"height":650,"url":"https:\/\/naturalpoland.com\/wp-content\/uploads\/olej-rybi.jpg","type":"image\/jpeg"}],"schema":{"@context":"https:\/\/schema.org","@graph":[{"@type":"WebPage","@id":"https:\/\/naturalpoland.com\/ko\/je-pum\/sig-yong-mit-hwa-jang-pum-yong-o-il\/%ec%96%b4%ec%9c%a0\/","url":"https:\/\/naturalpoland.com\/ko\/je-pum\/sig-yong-mit-hwa-jang-pum-yong-o-il\/%ec%96%b4%ec%9c%a0\/","name":"\uc5b4\uc720 - Hurtowy Dystrybutor","isPartOf":{"@id":"https:\/\/naturalpoland.com\/ko\/#website"},"primaryImageOfPage":{"@id":"https:\/\/naturalpoland.com\/ko\/je-pum\/sig-yong-mit-hwa-jang-pum-yong-o-il\/%ec%96%b4%ec%9c%a0\/#primaryimage"},"image":{"@id":"https:\/\/naturalpoland.com\/ko\/je-pum\/sig-yong-mit-hwa-jang-pum-yong-o-il\/%ec%96%b4%ec%9c%a0\/#primaryimage"},"thumbnailUrl":"https:\/\/naturalpoland.com\/wp-content\/uploads\/olej-rybi.jpg","datePublished":"2021-05-11T11:49:20+00:00","dateModified":"2025-12-22T12:02:42+00:00","breadcrumb":{"@id":"https:\/\/naturalpoland.com\/ko\/je-pum\/sig-yong-mit-hwa-jang-pum-yong-o-il\/%ec%96%b4%ec%9c%a0\/#breadcrumb"},"inLanguage":"ko-KR","potentialAction":[{"@type":"ReadAction","target":["https:\/\/naturalpoland.com\/ko\/je-pum\/sig-yong-mit-hwa-jang-pum-yong-o-il\/%ec%96%b4%ec%9c%a0\/"]}]},{"@type":"ImageObject","inLanguage":"ko-KR","@id":"https:\/\/naturalpoland.com\/ko\/je-pum\/sig-yong-mit-hwa-jang-pum-yong-o-il\/%ec%96%b4%ec%9c%a0\/#primaryimage","url":"https:\/\/naturalpoland.com\/wp-content\/uploads\/olej-rybi.jpg","contentUrl":"https:\/\/naturalpoland.com\/wp-content\/uploads\/olej-rybi.jpg","width":650,"height":650,"caption":"\uc5b4\uc720"},{"@type":"BreadcrumbList","@id":"https:\/\/naturalpoland.com\/ko\/je-pum\/sig-yong-mit-hwa-jang-pum-yong-o-il\/%ec%96%b4%ec%9c%a0\/#breadcrumb","itemListElement":[{"@type":"ListItem","position":1,"name":"\ud648","item":"https:\/\/naturalpoland.com\/ko\/"},{"@type":"ListItem","position":2,"name":"\uc81c\ud488","item":"https:\/\/naturalpoland.com\/ko\/%ec%a0%9c%ed%92%88\/"},{"@type":"ListItem","position":3,"name":"\uc5b4\uc720"}]},{"@type":"WebSite","@id":"https:\/\/naturalpoland.com\/ko\/#website","url":"https:\/\/naturalpoland.com\/ko\/","name":"NATURAL POLAND - Hurtowy Dystrybutor Surowc\u00f3w","description":"Surowce dla przemys\u0142u spo\u017cywczego, kosmetycznego i farmaceutycznego","publisher":{"@id":"https:\/\/naturalpoland.com\/ko\/#organization"},"potentialAction":[{"@type":"SearchAction","target":{"@type":"EntryPoint","urlTemplate":"https:\/\/naturalpoland.com\/ko\/?s={search_term_string}"},"query-input":{"@type":"PropertyValueSpecification","valueRequired":true,"valueName":"search_term_string"}}],"inLanguage":"ko-KR"},{"@type":"Organization","@id":"https:\/\/naturalpoland.com\/ko\/#organization","name":"Natural Poland","url":"https:\/\/naturalpoland.com\/ko\/","logo":{"@type":"ImageObject","inLanguage":"ko-KR","@id":"https:\/\/naturalpoland.com\/ko\/#\/schema\/logo\/image\/","url":"https:\/\/naturalpoland.com\/wp-content\/uploads\/2021\/05\/natural-poland-icon.png","contentUrl":"https:\/\/naturalpoland.com\/wp-content\/uploads\/2021\/05\/natural-poland-icon.png","width":512,"height":512,"caption":"Natural Poland"},"image":{"@id":"https:\/\/naturalpoland.com\/ko\/#\/schema\/logo\/image\/"},"sameAs":["https:\/\/www.facebook.com\/naturalpoland.b2b","https:\/\/pl.linkedin.com\/company\/natural-poland","https:\/\/www.youtube.com\/channel\/UCgeGGkvOMahZo-xu_MSEWxg"]}]}},"_links":{"self":[{"href":"https:\/\/naturalpoland.com\/ko\/wp-json\/wp\/v2\/product\/44600","targetHints":{"allow":["GET"]}}],"collection":[{"href":"https:\/\/naturalpoland.com\/ko\/wp-json\/wp\/v2\/product"}],"about":[{"href":"https:\/\/naturalpoland.com\/ko\/wp-json\/wp\/v2\/types\/product"}],"wp:featuredmedia":[{"embeddable":true,"href":"https:\/\/naturalpoland.com\/ko\/wp-json\/wp\/v2\/media\/44602"}],"wp:attachment":[{"href":"https:\/\/naturalpoland.com\/ko\/wp-json\/wp\/v2\/media?parent=44600"}],"wp:term":[{"taxonomy":"product_brand","embeddable":true,"href":"https:\/\/naturalpoland.com\/ko\/wp-json\/wp\/v2\/product_brand?post=44600"},{"taxonomy":"product_cat","embeddable":true,"href":"https:\/\/naturalpoland.com\/ko\/wp-json\/wp\/v2\/product_cat?post=44600"},{"taxonomy":"product_tag","embeddable":true,"href":"https:\/\/naturalpoland.com\/ko\/wp-json\/wp\/v2\/product_tag?post=44600"}],"curies":[{"name":"wp","href":"https:\/\/api.w.org\/{rel}","templated":true}]}}