{"id":44623,"date":"2021-05-11T13:49:21","date_gmt":"2021-05-11T11:49:21","guid":{"rendered":"https:\/\/naturalpoland.com\/produkty\/uncategorized\/%ed%94%bc%eb%a7%88%ec%9e%90%ec%9c%a0\/"},"modified":"2025-12-22T13:09:11","modified_gmt":"2025-12-22T12:09:11","slug":"%ed%94%bc%eb%a7%88%ec%9e%90%ec%9c%a0","status":"publish","type":"product","link":"https:\/\/naturalpoland.com\/ko\/je-pum\/sig-yong-mit-hwa-jang-pum-yong-o-il\/%ed%94%bc%eb%a7%88%ec%9e%90%ec%9c%a0\/","title":{"rendered":"\ud53c\ub9c8\uc790\uc720"},"content":{"rendered":"<h2>\ud53c\ub9c8\uc790\uc720 &#8211; \ud6a8\ub2a5 \ubc0f \ud65c\uc6a9<\/h2>\n<p>\uadf8 \uc601\uc591 \ud2b9\uc131\uc73c\ub85c \uc778\ud574 <strong>\ud53c\ub9c8\uc790\uc720\ub294 \ud654\uc7a5\ud488\uc5d0 \ub110\ub9ac \ud65c\uc6a9\ub429\ub2c8\ub2e4<\/strong>. \uc190\ud1b1, \ubaa8\ubc1c, \ub208\uc379, \uc18d\ub208\uc379\uc744 \uac15\ud654\ud558\ub294 \ub370 \uc774\uc0c1\uc801\uc778 \uc81c\ud488\uc785\ub2c8\ub2e4. \ub2e4\ub9cc, \uacfc\ub3c4\ud55c \ud0c8\ubaa8\ub97c \uacaa\ub294 \ubd84\ub4e4\uc740 \ud53c\ub9c8\uc790\uc720 \uc0ac\uc6a9 \uc2dc \uc8fc\uc758\ud574\uc57c \ud569\ub2c8\ub2e4. \uc774 \uacbd\uc6b0 \ud53c\ub9c8\uc790\uc720 \uc694\ubc95\uc774 \uc624\ud788\ub824 \ud574\ub85c\uc6b8 \uc218 \uc788\uae30 \ub54c\ubb38\uc785\ub2c8\ub2e4.  <\/p>\n<p>\ub610\ud55c \ud53c\ub9c8\uc790\uc720\ub294 \ud53c\ubd80\uc5d0 <strong>\uc720\uc775\ud55c \uc601\ud5a5\uc744 \ubbf8\uccd0<\/strong> \ud53c\ubd80\ub97c \ub9e4\ub044\ub7fd\uac8c \ud558\uace0 \ubcf4\uc2b5 \ubc0f \uc7ac\uc0dd \ud6a8\uacfc\ub97c \uc81c\uacf5\ud569\ub2c8\ub2e4. \ud53c\ub9c8\uc790\uc720\ub294 \ud329\uc774\ub098 \ub9c8\uc2a4\ud06c \ud615\ud0dc\ub85c \ud53c\ubd80\uc5d0 \uc9c1\uc811 \ubc14\ub97c \uc218 \uc788\uc2b5\ub2c8\ub2e4. <strong>\uc7ac\uc0dd \ud2b9\uc131<\/strong> \ub355\ubd84\uc5d0 \uc791\uc740 \uc0c1\ucc98, \ucc30\uacfc\uc0c1 \ub610\ub294 \ubca0\uc778 \uc0c1\ucc98\uc5d0\ub3c4 \uc0ac\uc6a9\ud560 \uc218 \uc788\ub2e4\ub294 \uc810\uc774 \ud070 \uc7a5\uc810\uc785\ub2c8\ub2e4.  <\/p>\n<p>\uc774 \uc601\uc591\uc81c\ub294 <strong>\uac74\uac15\uc0c1\uc758 \uc774\uc810<\/strong>\ub3c4 \uac00\uc9c0\uace0 \uc788\uc2b5\ub2c8\ub2e4. \uc5bc\ub9c8 \uc804\uae4c\uc9c0\ub9cc \ud574\ub3c4 \ud53c\ub9c8\uc790\uc720\ub294 \uac70\uc758 \ubaa8\ub4e0 \uac00\uc815\uc5d0\uc11c \uc911\uc694\ud55c \uc704\uce58\ub97c \ucc28\uc9c0\ud588\uc2b5\ub2c8\ub2e4. \ubcc0\ube44\uc5d0 \ub300\ud55c \uc644\ud558\uc81c\ub85c \uc774\uc0c1\uc801\uc774\uc5c8\uc73c\uba70, \ucc1c\uc9c8\ub85c \uc0ac\uc6a9\ud558\uba74 \ub450\ud1b5, \ud5c8\ub9ac \ud1b5\uc99d, \uc2ec\uc9c0\uc5b4 \uadfc\uc721\ud1b5\uacfc \uad00\ub828\ub41c \ubd88\ud3b8\ud568\ub3c4 \uc644\ud654\ud560 \uc218 \uc788\uc2b5\ub2c8\ub2e4.   <\/p>\n<h2>\ud53c\ub9c8\uc790\uc720 &#8211; \uae08\uae30 \uc0ac\ud56d<\/h2>\n<p>\ud53c\ub9c8\uc790\uc720 \uc0ac\uc6a9\uc758 \ub9c9\ub300\ud55c \uc774\uc810\uc5d0\ub3c4 \ubd88\uad6c\ud558\uace0 \uae08\uae30 \uc0ac\ud56d\uc744 \uc720\ub150\ud574\uc57c \ud569\ub2c8\ub2e4. \uc8fc\ub85c \uc784\uc2e0 \ubc0f \uc218\uc720 \uc911\uc778 \uacbd\uc6b0, \uadf8\ub9ac\uace0 \uc7a5 \ud3d0\uc0c9\uc774\ub098 \uc7a5 \ubb34\ub825\uc99d\uacfc \uac19\uc740 \uc18c\ud654\uae30 \uacc4\ud1b5 \ubb38\uc81c, \ub9f9\uc7a5\uc5fc, \uc2ec\ud55c \ud0c8\uc218 \uc99d\uc0c1\uc774 \uc788\ub294 \uacbd\uc6b0\uc785\ub2c8\ub2e4. <\/p>\n","protected":false},"excerpt":{"rendered":"<p>Natural Poland\ub294 \uc544\uc8fc\uae4c\ub9ac \uc528\uc557\uc5d0\uc11c \ub0c9\uc555\ucc29\ud55c <strong>\ud53c\ub9c8\uc790\uc720<\/strong>\uc758 \ub3c4\ub9e4 \uc720\ud1b5\uc5c5\uccb4\uc785\ub2c8\ub2e4. \uc624\ub298\ub0a0 \ud53c\ub9c8\uc790\uc720\ub294 \ud53c\ubd80 \ubc0f \ubaa8\ubc1c \uad00\ub9ac\uc640 \uac74\uac15 \uad00\ub9ac \uc2dc\uc220\uc5d0 \ub110\ub9ac \ud65c\uc6a9\ub429\ub2c8\ub2e4. <\/p>\n","protected":false},"featured_media":44624,"template":"","meta":{"_acf_changed":false},"product_brand":[],"product_cat":[8135],"product_tag":[],"class_list":{"0":"post-44623","1":"product","2":"type-product","3":"status-publish","4":"has-post-thumbnail","6":"product_cat-sig-yong-mit-hwa-jang-pum-yong-o-il","8":"first","9":"instock","10":"shipping-taxable","11":"product-type-simple"},"acf":[],"yoast_head":"<!-- This site is optimized with the Yoast SEO plugin v27.5 - https:\/\/yoast.com\/product\/yoast-seo-wordpress\/ -->\n<title>NATURAL POLAND &#8211; Hurtowy Dystrybutor Surowc\u00f3w<\/title>\n<meta name=\"description\" content=\"\ud53c\ub9c8\uc790\uc720\ub294 \ubcf4\uc2b5, \uc7ac\uc0dd \ubc0f \uac15\ud654 \uc131\ubd84\uc73c\ub85c \ud654\uc7a5\ud488\uc5d0 \ub110\ub9ac \uc0ac\uc6a9\ub418\uba70, \ud2b9\ud788 \ubaa8\ubc1c, \ub208\uc379, \uc18d\ub208\uc379 \uad00\ub9ac\uc5d0 \ud6a8\uacfc\uc801\uc785\ub2c8\ub2e4.\" \/>\n<meta name=\"robots\" content=\"index, follow, max-snippet:-1, max-image-preview:large, max-video-preview:-1\" \/>\n<link rel=\"canonical\" href=\"https:\/\/naturalpoland.com\/ko\/je-pum\/sig-yong-mit-hwa-jang-pum-yong-o-il\/%ed%94%bc%eb%a7%88%ec%9e%90%ec%9c%a0\/\" \/>\n<meta property=\"og:locale\" content=\"ko_KR\" \/>\n<meta property=\"og:type\" content=\"article\" \/>\n<meta property=\"og:description\" content=\"\ud53c\ub9c8\uc790\uc720\ub294 \ubcf4\uc2b5, \uc7ac\uc0dd \ubc0f \uac15\ud654 \uc131\ubd84\uc73c\ub85c \ud654\uc7a5\ud488\uc5d0 \ub110\ub9ac \uc0ac\uc6a9\ub418\uba70, \ud2b9\ud788 \ubaa8\ubc1c, \ub208\uc379, \uc18d\ub208\uc379 \uad00\ub9ac\uc5d0 \ud6a8\uacfc\uc801\uc785\ub2c8\ub2e4.\" \/>\n<meta property=\"og:url\" content=\"https:\/\/naturalpoland.com\/ko\/je-pum\/sig-yong-mit-hwa-jang-pum-yong-o-il\/%ed%94%bc%eb%a7%88%ec%9e%90%ec%9c%a0\/\" \/>\n<meta property=\"og:site_name\" content=\"NATURAL POLAND - Hurtowy Dystrybutor Surowc\u00f3w\" \/>\n<meta property=\"article:publisher\" content=\"https:\/\/www.facebook.com\/naturalpoland.b2b\" \/>\n<meta property=\"article:modified_time\" content=\"2025-12-22T12:09:11+00:00\" \/>\n<meta property=\"og:image\" content=\"https:\/\/naturalpoland.com\/wp-content\/uploads\/2021\/05\/castor-oil.jpg\" \/>\n\t<meta property=\"og:image:width\" content=\"976\" \/>\n\t<meta property=\"og:image:height\" content=\"650\" \/>\n\t<meta property=\"og:image:type\" content=\"image\/jpeg\" \/>\n<script type=\"application\/ld+json\" class=\"yoast-schema-graph\">{\"@context\":\"https:\\\/\\\/schema.org\",\"@graph\":[{\"@type\":\"WebPage\",\"@id\":\"https:\\\/\\\/naturalpoland.com\\\/ko\\\/je-pum\\\/sig-yong-mit-hwa-jang-pum-yong-o-il\\\/%ed%94%bc%eb%a7%88%ec%9e%90%ec%9c%a0\\\/\",\"url\":\"https:\\\/\\\/naturalpoland.com\\\/ko\\\/je-pum\\\/sig-yong-mit-hwa-jang-pum-yong-o-il\\\/%ed%94%bc%eb%a7%88%ec%9e%90%ec%9c%a0\\\/\",\"name\":\"\",\"isPartOf\":{\"@id\":\"https:\\\/\\\/naturalpoland.com\\\/ko\\\/#website\"},\"primaryImageOfPage\":{\"@id\":\"https:\\\/\\\/naturalpoland.com\\\/ko\\\/je-pum\\\/sig-yong-mit-hwa-jang-pum-yong-o-il\\\/%ed%94%bc%eb%a7%88%ec%9e%90%ec%9c%a0\\\/#primaryimage\"},\"image\":{\"@id\":\"https:\\\/\\\/naturalpoland.com\\\/ko\\\/je-pum\\\/sig-yong-mit-hwa-jang-pum-yong-o-il\\\/%ed%94%bc%eb%a7%88%ec%9e%90%ec%9c%a0\\\/#primaryimage\"},\"thumbnailUrl\":\"https:\\\/\\\/naturalpoland.com\\\/wp-content\\\/uploads\\\/2021\\\/05\\\/castor-oil.jpg\",\"datePublished\":\"2021-05-11T11:49:21+00:00\",\"dateModified\":\"2025-12-22T12:09:11+00:00\",\"description\":\"\ud53c\ub9c8\uc790\uc720\ub294 \ubcf4\uc2b5, \uc7ac\uc0dd \ubc0f \uac15\ud654 \uc131\ubd84\uc73c\ub85c \ud654\uc7a5\ud488\uc5d0 \ub110\ub9ac \uc0ac\uc6a9\ub418\uba70, \ud2b9\ud788 \ubaa8\ubc1c, \ub208\uc379, \uc18d\ub208\uc379 \uad00\ub9ac\uc5d0 \ud6a8\uacfc\uc801\uc785\ub2c8\ub2e4.\",\"breadcrumb\":{\"@id\":\"https:\\\/\\\/naturalpoland.com\\\/ko\\\/je-pum\\\/sig-yong-mit-hwa-jang-pum-yong-o-il\\\/%ed%94%bc%eb%a7%88%ec%9e%90%ec%9c%a0\\\/#breadcrumb\"},\"inLanguage\":\"ko-KR\",\"potentialAction\":[{\"@type\":\"ReadAction\",\"target\":[\"https:\\\/\\\/naturalpoland.com\\\/ko\\\/je-pum\\\/sig-yong-mit-hwa-jang-pum-yong-o-il\\\/%ed%94%bc%eb%a7%88%ec%9e%90%ec%9c%a0\\\/\"]}]},{\"@type\":\"ImageObject\",\"inLanguage\":\"ko-KR\",\"@id\":\"https:\\\/\\\/naturalpoland.com\\\/ko\\\/je-pum\\\/sig-yong-mit-hwa-jang-pum-yong-o-il\\\/%ed%94%bc%eb%a7%88%ec%9e%90%ec%9c%a0\\\/#primaryimage\",\"url\":\"https:\\\/\\\/naturalpoland.com\\\/wp-content\\\/uploads\\\/2021\\\/05\\\/castor-oil.jpg\",\"contentUrl\":\"https:\\\/\\\/naturalpoland.com\\\/wp-content\\\/uploads\\\/2021\\\/05\\\/castor-oil.jpg\",\"width\":976,\"height\":650,\"caption\":\"\ud53c\ub9c8\uc790\uc720\"},{\"@type\":\"BreadcrumbList\",\"@id\":\"https:\\\/\\\/naturalpoland.com\\\/ko\\\/je-pum\\\/sig-yong-mit-hwa-jang-pum-yong-o-il\\\/%ed%94%bc%eb%a7%88%ec%9e%90%ec%9c%a0\\\/#breadcrumb\",\"itemListElement\":[{\"@type\":\"ListItem\",\"position\":1,\"name\":\"\ud648\",\"item\":\"https:\\\/\\\/naturalpoland.com\\\/ko\\\/\"},{\"@type\":\"ListItem\",\"position\":2,\"name\":\"\uc81c\ud488\",\"item\":\"https:\\\/\\\/naturalpoland.com\\\/ko\\\/%ec%a0%9c%ed%92%88\\\/\"},{\"@type\":\"ListItem\",\"position\":3,\"name\":\"\ud53c\ub9c8\uc790\uc720\"}]},{\"@type\":\"WebSite\",\"@id\":\"https:\\\/\\\/naturalpoland.com\\\/ko\\\/#website\",\"url\":\"https:\\\/\\\/naturalpoland.com\\\/ko\\\/\",\"name\":\"NATURAL POLAND - Hurtowy Dystrybutor Surowc\u00f3w\",\"description\":\"Surowce dla przemys\u0142u spo\u017cywczego, kosmetycznego i farmaceutycznego\",\"publisher\":{\"@id\":\"https:\\\/\\\/naturalpoland.com\\\/ko\\\/#organization\"},\"potentialAction\":[{\"@type\":\"SearchAction\",\"target\":{\"@type\":\"EntryPoint\",\"urlTemplate\":\"https:\\\/\\\/naturalpoland.com\\\/ko\\\/?s={search_term_string}\"},\"query-input\":{\"@type\":\"PropertyValueSpecification\",\"valueRequired\":true,\"valueName\":\"search_term_string\"}}],\"inLanguage\":\"ko-KR\"},{\"@type\":\"Organization\",\"@id\":\"https:\\\/\\\/naturalpoland.com\\\/ko\\\/#organization\",\"name\":\"Natural Poland\",\"url\":\"https:\\\/\\\/naturalpoland.com\\\/ko\\\/\",\"logo\":{\"@type\":\"ImageObject\",\"inLanguage\":\"ko-KR\",\"@id\":\"https:\\\/\\\/naturalpoland.com\\\/ko\\\/#\\\/schema\\\/logo\\\/image\\\/\",\"url\":\"https:\\\/\\\/naturalpoland.com\\\/wp-content\\\/uploads\\\/2021\\\/05\\\/natural-poland-icon.png\",\"contentUrl\":\"https:\\\/\\\/naturalpoland.com\\\/wp-content\\\/uploads\\\/2021\\\/05\\\/natural-poland-icon.png\",\"width\":512,\"height\":512,\"caption\":\"Natural Poland\"},\"image\":{\"@id\":\"https:\\\/\\\/naturalpoland.com\\\/ko\\\/#\\\/schema\\\/logo\\\/image\\\/\"},\"sameAs\":[\"https:\\\/\\\/www.facebook.com\\\/naturalpoland.b2b\",\"https:\\\/\\\/pl.linkedin.com\\\/company\\\/natural-poland\",\"https:\\\/\\\/www.youtube.com\\\/channel\\\/UCgeGGkvOMahZo-xu_MSEWxg\"]}]}<\/script>\n<!-- \/ Yoast SEO plugin. -->","yoast_head_json":{"title":"NATURAL POLAND &#8211; Hurtowy Dystrybutor Surowc\u00f3w","description":"\ud53c\ub9c8\uc790\uc720\ub294 \ubcf4\uc2b5, \uc7ac\uc0dd \ubc0f \uac15\ud654 \uc131\ubd84\uc73c\ub85c \ud654\uc7a5\ud488\uc5d0 \ub110\ub9ac \uc0ac\uc6a9\ub418\uba70, \ud2b9\ud788 \ubaa8\ubc1c, \ub208\uc379, \uc18d\ub208\uc379 \uad00\ub9ac\uc5d0 \ud6a8\uacfc\uc801\uc785\ub2c8\ub2e4.","robots":{"index":"index","follow":"follow","max-snippet":"max-snippet:-1","max-image-preview":"max-image-preview:large","max-video-preview":"max-video-preview:-1"},"canonical":"https:\/\/naturalpoland.com\/ko\/je-pum\/sig-yong-mit-hwa-jang-pum-yong-o-il\/%ed%94%bc%eb%a7%88%ec%9e%90%ec%9c%a0\/","og_locale":"ko_KR","og_type":"article","og_description":"\ud53c\ub9c8\uc790\uc720\ub294 \ubcf4\uc2b5, \uc7ac\uc0dd \ubc0f \uac15\ud654 \uc131\ubd84\uc73c\ub85c \ud654\uc7a5\ud488\uc5d0 \ub110\ub9ac \uc0ac\uc6a9\ub418\uba70, \ud2b9\ud788 \ubaa8\ubc1c, \ub208\uc379, \uc18d\ub208\uc379 \uad00\ub9ac\uc5d0 \ud6a8\uacfc\uc801\uc785\ub2c8\ub2e4.","og_url":"https:\/\/naturalpoland.com\/ko\/je-pum\/sig-yong-mit-hwa-jang-pum-yong-o-il\/%ed%94%bc%eb%a7%88%ec%9e%90%ec%9c%a0\/","og_site_name":"NATURAL POLAND - Hurtowy Dystrybutor Surowc\u00f3w","article_publisher":"https:\/\/www.facebook.com\/naturalpoland.b2b","article_modified_time":"2025-12-22T12:09:11+00:00","og_image":[{"width":976,"height":650,"url":"https:\/\/naturalpoland.com\/wp-content\/uploads\/2021\/05\/castor-oil.jpg","type":"image\/jpeg"}],"schema":{"@context":"https:\/\/schema.org","@graph":[{"@type":"WebPage","@id":"https:\/\/naturalpoland.com\/ko\/je-pum\/sig-yong-mit-hwa-jang-pum-yong-o-il\/%ed%94%bc%eb%a7%88%ec%9e%90%ec%9c%a0\/","url":"https:\/\/naturalpoland.com\/ko\/je-pum\/sig-yong-mit-hwa-jang-pum-yong-o-il\/%ed%94%bc%eb%a7%88%ec%9e%90%ec%9c%a0\/","name":"","isPartOf":{"@id":"https:\/\/naturalpoland.com\/ko\/#website"},"primaryImageOfPage":{"@id":"https:\/\/naturalpoland.com\/ko\/je-pum\/sig-yong-mit-hwa-jang-pum-yong-o-il\/%ed%94%bc%eb%a7%88%ec%9e%90%ec%9c%a0\/#primaryimage"},"image":{"@id":"https:\/\/naturalpoland.com\/ko\/je-pum\/sig-yong-mit-hwa-jang-pum-yong-o-il\/%ed%94%bc%eb%a7%88%ec%9e%90%ec%9c%a0\/#primaryimage"},"thumbnailUrl":"https:\/\/naturalpoland.com\/wp-content\/uploads\/2021\/05\/castor-oil.jpg","datePublished":"2021-05-11T11:49:21+00:00","dateModified":"2025-12-22T12:09:11+00:00","description":"\ud53c\ub9c8\uc790\uc720\ub294 \ubcf4\uc2b5, \uc7ac\uc0dd \ubc0f \uac15\ud654 \uc131\ubd84\uc73c\ub85c \ud654\uc7a5\ud488\uc5d0 \ub110\ub9ac \uc0ac\uc6a9\ub418\uba70, \ud2b9\ud788 \ubaa8\ubc1c, \ub208\uc379, \uc18d\ub208\uc379 \uad00\ub9ac\uc5d0 \ud6a8\uacfc\uc801\uc785\ub2c8\ub2e4.","breadcrumb":{"@id":"https:\/\/naturalpoland.com\/ko\/je-pum\/sig-yong-mit-hwa-jang-pum-yong-o-il\/%ed%94%bc%eb%a7%88%ec%9e%90%ec%9c%a0\/#breadcrumb"},"inLanguage":"ko-KR","potentialAction":[{"@type":"ReadAction","target":["https:\/\/naturalpoland.com\/ko\/je-pum\/sig-yong-mit-hwa-jang-pum-yong-o-il\/%ed%94%bc%eb%a7%88%ec%9e%90%ec%9c%a0\/"]}]},{"@type":"ImageObject","inLanguage":"ko-KR","@id":"https:\/\/naturalpoland.com\/ko\/je-pum\/sig-yong-mit-hwa-jang-pum-yong-o-il\/%ed%94%bc%eb%a7%88%ec%9e%90%ec%9c%a0\/#primaryimage","url":"https:\/\/naturalpoland.com\/wp-content\/uploads\/2021\/05\/castor-oil.jpg","contentUrl":"https:\/\/naturalpoland.com\/wp-content\/uploads\/2021\/05\/castor-oil.jpg","width":976,"height":650,"caption":"\ud53c\ub9c8\uc790\uc720"},{"@type":"BreadcrumbList","@id":"https:\/\/naturalpoland.com\/ko\/je-pum\/sig-yong-mit-hwa-jang-pum-yong-o-il\/%ed%94%bc%eb%a7%88%ec%9e%90%ec%9c%a0\/#breadcrumb","itemListElement":[{"@type":"ListItem","position":1,"name":"\ud648","item":"https:\/\/naturalpoland.com\/ko\/"},{"@type":"ListItem","position":2,"name":"\uc81c\ud488","item":"https:\/\/naturalpoland.com\/ko\/%ec%a0%9c%ed%92%88\/"},{"@type":"ListItem","position":3,"name":"\ud53c\ub9c8\uc790\uc720"}]},{"@type":"WebSite","@id":"https:\/\/naturalpoland.com\/ko\/#website","url":"https:\/\/naturalpoland.com\/ko\/","name":"NATURAL POLAND - Hurtowy Dystrybutor Surowc\u00f3w","description":"Surowce dla przemys\u0142u spo\u017cywczego, kosmetycznego i farmaceutycznego","publisher":{"@id":"https:\/\/naturalpoland.com\/ko\/#organization"},"potentialAction":[{"@type":"SearchAction","target":{"@type":"EntryPoint","urlTemplate":"https:\/\/naturalpoland.com\/ko\/?s={search_term_string}"},"query-input":{"@type":"PropertyValueSpecification","valueRequired":true,"valueName":"search_term_string"}}],"inLanguage":"ko-KR"},{"@type":"Organization","@id":"https:\/\/naturalpoland.com\/ko\/#organization","name":"Natural Poland","url":"https:\/\/naturalpoland.com\/ko\/","logo":{"@type":"ImageObject","inLanguage":"ko-KR","@id":"https:\/\/naturalpoland.com\/ko\/#\/schema\/logo\/image\/","url":"https:\/\/naturalpoland.com\/wp-content\/uploads\/2021\/05\/natural-poland-icon.png","contentUrl":"https:\/\/naturalpoland.com\/wp-content\/uploads\/2021\/05\/natural-poland-icon.png","width":512,"height":512,"caption":"Natural Poland"},"image":{"@id":"https:\/\/naturalpoland.com\/ko\/#\/schema\/logo\/image\/"},"sameAs":["https:\/\/www.facebook.com\/naturalpoland.b2b","https:\/\/pl.linkedin.com\/company\/natural-poland","https:\/\/www.youtube.com\/channel\/UCgeGGkvOMahZo-xu_MSEWxg"]}]}},"_links":{"self":[{"href":"https:\/\/naturalpoland.com\/ko\/wp-json\/wp\/v2\/product\/44623","targetHints":{"allow":["GET"]}}],"collection":[{"href":"https:\/\/naturalpoland.com\/ko\/wp-json\/wp\/v2\/product"}],"about":[{"href":"https:\/\/naturalpoland.com\/ko\/wp-json\/wp\/v2\/types\/product"}],"wp:featuredmedia":[{"embeddable":true,"href":"https:\/\/naturalpoland.com\/ko\/wp-json\/wp\/v2\/media\/44624"}],"wp:attachment":[{"href":"https:\/\/naturalpoland.com\/ko\/wp-json\/wp\/v2\/media?parent=44623"}],"wp:term":[{"taxonomy":"product_brand","embeddable":true,"href":"https:\/\/naturalpoland.com\/ko\/wp-json\/wp\/v2\/product_brand?post=44623"},{"taxonomy":"product_cat","embeddable":true,"href":"https:\/\/naturalpoland.com\/ko\/wp-json\/wp\/v2\/product_cat?post=44623"},{"taxonomy":"product_tag","embeddable":true,"href":"https:\/\/naturalpoland.com\/ko\/wp-json\/wp\/v2\/product_tag?post=44623"}],"curies":[{"name":"wp","href":"https:\/\/api.w.org\/{rel}","templated":true}]}}