{"id":44640,"date":"2021-07-26T14:21:50","date_gmt":"2021-07-26T12:21:50","guid":{"rendered":"https:\/\/naturalpoland.com\/produkty\/uncategorized\/%ed%94%bc%ed%86%a0%ea%b8%80%eb%a6%ac%ec%bd%94%ea%b2%90\/"},"modified":"2025-12-22T13:17:14","modified_gmt":"2025-12-22T12:17:14","slug":"%ed%94%bc%ed%86%a0%ea%b8%80%eb%a6%ac%ec%bd%94%ea%b2%90","status":"publish","type":"product","link":"https:\/\/naturalpoland.com\/ko\/je-pum\/hwa-jang-pum-won-ryo\/hwa-jang-pum-won-ryo-ko\/%ed%94%bc%ed%86%a0%ea%b8%80%eb%a6%ac%ec%bd%94%ea%b2%90\/","title":{"rendered":"\ud53c\ud1a0\uae00\ub9ac\ucf54\uac90"},"content":{"rendered":"<p>\ud53c\ud1a0\uae00\ub9ac\ucf54\uac90\uc740 \uc218\ub9cc \uac1c\uc758 \ud3ec\ub3c4\ub2f9 \ubd84\uc790\ub85c \uad6c\uc131\ub41c \uc2dd\ubb3c\uc131 \ub2e4\ub2f9\ub958\uc785\ub2c8\ub2e4. \uc774\ub294 \uc2dd\ubb3c\uc5d0\uc11c\ub9cc \ubc1c\uacac\ub418\ub294 \ud654\ud569\ubb3c\uc774\uba70, \ub530\ub77c\uc11c \uadf8 \uc774\ub984\uc5d0 &#8220;\ud53c\ud1a0(fito)&#8221;\ub77c\ub294 \uc811\ub450\uc0ac\uac00 \ubd99\uc2b5\ub2c8\ub2e4. \uc774\ub294 \uc2dd\ubb3c \uc138\ud3ec\uc758 \ubbf8\ud1a0\ucf58\ub4dc\ub9ac\uc544\uc5d0 \uc800\uc7a5\ub418\ub294 \uc800\uc7a5 \ubb3c\uc9c8\uc785\ub2c8\ub2e4.  <\/p>\n<h2>\ud53c\ud1a0\uae00\ub9ac\ucf54\uac90 \u2013 \ud2b9\uc131<\/h2>\n<p>\ud53c\ud1a0\uae00\ub9ac\ucf54\uac90\uc740 \ub2e4\ub978 \ub2e4\ub2f9\ub958\uc640 \ub9c8\ucc2c\uac00\uc9c0\ub85c \ud654\uc7a5\ud488\uc5d0 \ud65c\uc6a9\ub420 \uc218 \uc788\ub294 \uc5ec\ub7ec \uc7a5\uc810\uc744 \uac00\uc9c0\uace0 \uc788\uc2b5\ub2c8\ub2e4.<\/p>\n<p>\uc778\uccb4\uc5d0\uc11c \uae00\ub9ac\ucf54\uac90\uc740 \ud3ec\ub3c4\ub2f9 \ud615\ud0dc\uc758 \uc5d0\ub108\uc9c0 \uc800\uc7a5\uace0 \uc5ed\ud560\uc744 \ud569\ub2c8\ub2e4. \uc774 \ub2e8\ub2f9\ub958\ub294 \uc138\ud3ec\uc758 \uc0dd\uba85 \uae30\ub2a5\uc744 \ub098\ud0c0\ub0b4\ub294 \uae30\ubcf8 \uacfc\uc815 \uc911 \ud558\ub098\uc778 \uc138\ud3ec \ud638\ud761\uc758 \uae30\uc9c8\uc785\ub2c8\ub2e4. \uae00\ub9ac\uce78(\ub2e4\ub2f9\ub958)\uc740 \ub610\ud55c \uc138\ud3ec \ud45c\uba74\uc5d0 \uc874\uc7ac\ud558\uba70, \uc18c\uc704 \uc138\ud3ec \uac04 \ud1b5\uc2e0 \ubc18\uc751\uc5d0 \ucc38\uc5ec\ud569\ub2c8\ub2e4.   <\/p>\n<p>\uc548\ud0c0\uae5d\uac8c\ub3c4 \ub098\uc774\uac00 \ub4e4\uba74\uc11c \uc138\ud3ec \uc7ac\uc0dd\uc774 \ub290\ub824\uc9c0\uace0, \ud53c\ubd80 \ud0c4\ub825\uacfc \uc80a\uc740 \uc678\ubaa8\ub97c \ub2f4\ub2f9\ud558\ub294 \uc131\ubd84(\uc608: <a href=\"https:\/\/naturalpoland.com\/ko\/je-pum\/hwa-jang-pum-won-ryo\/hwa-jang-pum-won-ryo-ko\/sodyum-haiaruroniteu\/\">\ud788\uc54c\ub8e8\ub860\uc0b0<\/a>, <a href=\"https:\/\/naturalpoland.com\/ko\/je-pum\/ui-yak-pum-won-ryo\/geon-gang-gi-neung-sig-pum-cheom-ga-mul\/%ec%bd%9c%eb%9d%bc%ea%b2%90\/\">\ucf5c\ub77c\uac90<\/a>)\uc758 \uc0dd\uc131 \uc18d\ub3c4\ub3c4 \uac10\uc18c\ud569\ub2c8\ub2e4. \ud53c\ud1a0\uae00\ub9ac\ucf54\uac90\uc740 \uc131\uc219\ud55c \ud53c\ubd80\ub97c \uc704\ud55c \ud654\uc7a5\ud488\uc5d0 \uc124\ud0d5\uc758 \ucd94\uac00\uc801\uc778 \uacf5\uae09\uc6d0\uc73c\ub85c\uc11c \uc0ac\uc6a9\ub420 \uc218 \uc788\uc73c\uba70, \uc774\ub97c \ud1b5\ud574 \ub178\ud654\ub41c \uc138\ud3ec\uac00 \uc0c8\ub86d\uace0 \uc80a\uc740 \uc138\ud3ec\ucc98\ub7fc \uae30\ub2a5\ud558\uace0 \u201c\uc18c\ud1b5\u201d\ud560 \uc218 \uc788\ub3c4\ub85d \ub3d5\uc2b5\ub2c8\ub2e4. \uc774\ub7ec\ud55c \ubc29\uc2dd\uc73c\ub85c <strong>\uc601\uc591 \uacf5\uae09 \ubc0f \uc8fc\ub984 \uac1c\uc120 \ud6a8\uacfc<\/strong>\uac00 \uc788\ub294 \ud06c\ub9bc\uacfc \ud1a0\ub108 \ub4f1\uc5d0 \ud65c\uc6a9\ub429\ub2c8\ub2e4.   <\/p>\n<p>\ud53c\ud1a0\uae00\ub9ac\ucf54\uac90\uc758 \ud2b9\uc131\uc5d0\ub294 <strong>\ubcf4\uc2b5 \uc791\uc6a9<\/strong>\ub3c4 \ud3ec\ud568\ub429\ub2c8\ub2e4. \uc774 \uc6d0\ub8cc\ub294 \ubb3c \ubd84\uc790\ub97c \ub04c\uc5b4\ub2f9\uae30\uace0 \uacb0\ud569\ud558\uc5ec \ud45c\ud53c\uc758 \uac01\uc9c8\uce35 \ub0b4\uc5d0 \uc720\uc9c0\uc2dc\ud0a4\ub294 \uc5ed\ud560\uc744 \ud558\ub294 \ud734\uba55\ud134\ud2b8(\ubcf4\uc2b5\uc81c) \uadf8\ub8f9\uc5d0 \uc18d\ud569\ub2c8\ub2e4. \uacfc\ub3c4\ud55c \uc218\ubd84 \uc190\uc2e4\uc744 \ub9c9\ub294 \ubcf4\ud638\ub9c9\uc744 \ud615\uc131\ud569\ub2c8\ub2e4. \uc774\ub97c \ud1b5\ud574 \ud53c\ubd80\uc5d0 \uc218\ubd84\uc744 \uacf5\uae09\ud558\uace0 \ubd80\ub4dc\ub7fd\uac8c \ud558\uba70 \uc9c4\uc815\uc2dc\ud0b5\ub2c8\ub2e4.   <\/p>\n<h2>\ud53c\ud1a0\uae00\ub9ac\ucf54\uac90 &#8211; \ud654\uc7a5\ud488\uc5d0\uc11c\uc758 \ud65c\uc6a9<\/h2>\n<p>\ud53c\ud1a0\uae00\ub9ac\ucf54\uac90\uc740 \ud2b9\ud788 <strong>\ud06c\ub9bc<\/strong> \ubc0f <strong>\uc138\uc548\uc81c<\/strong> \ub4f1\uc5d0 \ud65c\uc6a9\ub420 \uc218 \uc788\uc2b5\ub2c8\ub2e4. \ud53c\ud1a0\uae00\ub9ac\ucf54\uac90\uc744 \ud568\uc720\ud55c \ud654\uc7a5\ud488\uc740 \uac74\uc870\ud558\uace0 \uc790\uadf9\ubc1b\uc73c\uba70 \ud0c8\uc218\ub41c \ud53c\ubd80 \uad00\ub9ac\uc5d0 \ud2b9\ud788 \uad8c\uc7a5\ub420 \uc218 \uc788\uc2b5\ub2c8\ub2e4. <\/p>\n<p>\ud53c\ubd80 \ubcf4\uc2b5 \uc791\uc6a9 \uc678\uc5d0\ub3c4, <strong>\uc218\ubd84 \uacb0\ud569 \ud2b9\uc131<\/strong>\uc740 \ud654\uc7a5\ud488 \uc81c\ud615\uc758 \uc548\uc815\uc131\uc5d0\ub3c4 \uc720\uc775\ud558\uc5ec \ud06c\ub9bc\uc774 \ub9c8\ub974\uac70\ub098 \uacb0\uc815\ud654\ub418\uc9c0 \uc54a\ub3c4\ub85d \ub3d5\uc2b5\ub2c8\ub2e4.<\/p>\n<p>\uc774 \uc6d0\ub8cc\ub294 <strong>\ud5e4\uc5b4 \uc81c\ud488<\/strong>\uc5d0\ub3c4 \ud65c\uc6a9\ub420 \uc218 \uc788\uc2b5\ub2c8\ub2e4. \ubaa8\ubc1c\uc758 \uc218\ubd84 \uc190\uc2e4\uc744 \ubc29\uc9c0\ud558\ub294 \uac83\uc740 \uac74\uc870\ud558\uace0 \uacf1\uc2ac\uac70\ub9ac\ub294 \ubaa8\ubc1c \uad00\ub9ac\uc5d0 \ud2b9\ud788 \uc911\uc694\ud569\ub2c8\ub2e4. \ub610\ud55c \uae00\ub9ac\ucf54\uac90\uc740 \ub450\ud53c\uc640 \ubaa8\uadfc\uc5d0 \uc601\uc591\uc744 \uacf5\uae09\ud558\uc5ec \ud0c8\ubaa8 \ubc29\uc9c0 \uc0f4\ud478 \ubc0f \uae30\ud0c0 \ud5e4\uc5b4 \uc81c\ud488\uc758 \uc131\ubd84\uc73c\ub85c\ub3c4 \uc0ac\uc6a9\ub429\ub2c8\ub2e4.  <\/p>\n<p>\ucd5c\uadfc \ud53c\ud1a0\uae00\ub9ac\ucf54\uac90\uc740 <strong>\uc5ec\uc131 \uccad\uacb0\uc81c \ubc0f \ud06c\ub9bc<\/strong>\uacfc \uac19\uc740 \uc758\ub8cc \uae30\uae30\uc5d0\uc11c \uc778\uae30 \uc788\ub294 \uc131\ubd84\uc785\ub2c8\ub2e4. \ubcf4\uc2b5 \ud2b9\uc131 \ub355\ubd84\uc5d0 \uc790\uadf9, \ud654\ub048\uac70\ub9bc, \uac00\ub824\uc6c0\uc99d\uc744 \uc644\ud654\ud558\ub294 \ub370 \ub3c4\uc6c0\uc744 \uc90d\ub2c8\ub2e4. \ud53c\ud1a0\uae00\ub9ac\ucf54\uac90\uc774 \ud568\uc720\ub41c \uc5ec\uc131 \uccad\uacb0\uc81c\ub294 \uc810\uc561 \ubd84\ube44 \ubd80\uc871\uc73c\ub85c \uc778\ud55c \uac74\uc870\ud568\uacfc \uc131\uad00\uacc4 \uc911 \ubd88\ud3b8\ud568\uc744 \uc904\uc5ec\uc90d\ub2c8\ub2e4. \uc0c1\ud53c \uc190\uc0c1\uc744 \uc608\ubc29\ud560 \ubfd0\ub9cc \uc544\ub2c8\ub77c \uc190\uc0c1 \ud6c4(\uc608: \ubd80\uc778\uacfc \uc2dc\uc220 \ud6c4) \uc810\ub9c9 \uc7ac\uc0dd\uc5d0\ub3c4 \ub3c4\uc6c0\uc744 \uc90d\ub2c8\ub2e4.   <\/p>\n<p>\ub610\ud55c \uc5ec\uc131 \uccad\uacb0\uc81c\uc5d0 \ud568\uc720\ub41c \ud53c\ud1a0\uae00\ub9ac\ucf54\uac90\uc740 \uc678\uc74c\ubd80 \ubbf8\uc0dd\ubb3c\uad70\uc744 \uad6c\uc131\ud558\ub294 \uc720\uc0b0\uade0\uc758 \ud3ec\ub3c4\ub2f9 \uacf5\uae09\uc6d0\uc774 \ub429\ub2c8\ub2e4. \uc790\uc5f0\uc801\uc778 \ubbf8\uc0dd\ubb3c\uad70\uc740 \uc6d0\uce58 \uc54a\ub294 \ubc15\ud14c\ub9ac\uc544\uc758 \uc9c8 \ub0b4 \uc815\ucc29\uc744 \ubc29\uc9c0\ud558\ubbc0\ub85c \ud2b9\ud788 \uc911\uc694\ud55c \uae30\ub2a5\uc744 \uc218\ud589\ud569\ub2c8\ub2e4. \ud3d0\uacbd\uae30, \uacfc\ub3c4\ud55c \uac74\uc870\ud568, \ud56d\uc0dd\uc81c \uc0ac\uc6a9 \uc2dc \ubc15\ud14c\ub9ac\uc544 \uc218\uac00 \ud604\uc800\ud788 \uac10\uc18c\ud569\ub2c8\ub2e4. \uad50\ub780\ub41c \ubbf8\uc0dd\ubb3c\uad70\uc740 \uc5ec\uc131 \uc9c8\ud658\uc744 \uc720\ubc1c\ud558\ub294 \ubcd1\uc6d0\uade0\uc758 \uc99d\uc2dd\uacfc \uc0c1\ud53c\uc758 \ubcf4\ud638 \uae30\ub2a5 \uc800\ud558\uc5d0 \uc601\ud5a5\uc744 \ubbf8\uce60 \uc218 \uc788\uc2b5\ub2c8\ub2e4. \ud53c\ud1a0\uae00\ub9ac\ucf54\uac90\uc774 \ud568\uc720\ub41c \uc5ec\uc131 \uccad\uacb0\uc81c\ub294 \ubcf4\uc2b5 \ud6a8\uacfc\ub97c \uc81c\uacf5\ud558\uace0 \uc720\uc0b0\uade0 \uc99d\uc2dd\uc744 \ucd09\uc9c4\ud558\uba70 \ubbf8\uc0dd\ubb3c\uad70\uc744 \uc0dd\ub9ac\uc801 \uc0c1\ud0dc\ub85c \ub418\ub3cc\ub9ac\ub294 \ub370 \ub3c4\uc6c0\uc744 \uc90d\ub2c8\ub2e4. \uac10\uc5fc \uc7ac\ubc1c \uc704\ud5d8\uc744 \uc904\uc774\uace0 \ud3b8\uc548\ud568\uc744 \uc120\uc0ac\ud569\ub2c8\ub2e4.     <\/p>\n<p>\ud3d0\uacbd\uae30 \uc804\ud6c4 \uc5ec\uc131\uc5d0\uac8c \uc774\ub7ec\ud55c \uc81c\ud488 \uc0ac\uc6a9\uc758 \uc911\uc694\ud55c \uc774\uc810\uc740 \ud53c\ud1a0\uae00\ub9ac\ucf54\uac90\uc774 \ud53c\ubd80 \ud0c4\ub825 \uac1c\uc120\uc5d0 \ubbf8\uce58\ub294 \uc601\ud5a5\uc785\ub2c8\ub2e4.<\/p>\n<h2>\ud53c\ud1a0\uae00\ub9ac\ucf54\uac90\uc740 \uc548\uc804\ud55c\uac00\uc694?<\/h2>\n<p>\uae00\ub9ac\ucf54\uac90\uacfc \uac19\uc740 \ub2e4\ub2f9\ub958\ub97c \ud568\uc720\ud55c \ud654\uc7a5\ud488\uc740 \uc548\uc804\ud558\uba70 \uc54c\ub808\ub974\uae30 \uc720\ubc1c \uac00\ub2a5\uc131\uc774 \uc5c6\ub294 \uac83\uc73c\ub85c \uac04\uc8fc\ub429\ub2c8\ub2e4. \uc124\ud0d5\uc740 &#8220;\uc2e0\uccb4\uc758 \ucc9c\uc5f0 \uc5f0\ub8cc&#8221;\uc774\uae30 \ub54c\ubb38\uc785\ub2c8\ub2e4. \ub530\ub77c\uc11c \ubbfc\uac10\uc131 \ud53c\ubd80\ub97c \uac00\uc9c4 \uc0ac\ub78c\uacfc \uc784\uc0b0\ubd80\uc5d0\uac8c \uad8c\uc7a5\ud560 \uc218 \uc788\uc2b5\ub2c8\ub2e4. <\/p>\n<p>\ub610\ud55c \ud53c\ud1a0\uae00\ub9ac\ucf54\uac90\uc740 \uc2dd\ubb3c\uc5d0\uc11c \ucd94\ucd9c\ub418\ubbc0\ub85c \ub3d9\ubb3c\uc5d0\uac8c \uc5b4\ub5a0\ud55c \ubd80\uc815\uc801\uc778 \uc601\ud5a5\ub3c4 \ubbf8\uce58\uc9c0 \uc54a\uc2b5\ub2c8\ub2e4. \ub530\ub77c\uc11c \ube44\uac74 \ubc0f \ucc44\uc2dd\uc8fc\uc758\uc790\uc5d0\uac8c \uc801\ud569\ud569\ub2c8\ub2e4. \uc774\ub294 \uac04\uc5d0 \uc800\uc7a5\ub418\ub294 \ub3d9\ubb3c\uc131 \uae00\ub9ac\ucf54\uac90\uc758 \uc88b\uc740 \ub300\uccb4\uc81c\uac00 \ub420 \uc218 \uc788\uc2b5\ub2c8\ub2e4.  <\/p>\n<hr>\n<p><strong>\ucc38\uace0 \ubb38\ud5cc<\/strong>:<\/p>\n<ol class=\"wp-block-list\" type=\"1\">\n<li>Anna Sobieska, \uae00\ub9ac\uce78 \ud06c\ub9bc\uc758 \uc548\ud2f0\uc5d0\uc774\uc9d5 \uc81c\uc81c\ub85c\uc11c\uc758 \uc5ed\ud560, biotechnologia.pl<\/li>\n<li>Role of female intimate hygiene in vulvovaginal health: Global hygiene practices and product usage<\/li>\n<li>https:\/\/veriphyskincare.com\/blogs\/blog\/the-role-of-phytoglycogen-in-your-skin<\/li>\n<\/ol>\n<hr>\n<p><strong>\uae30\uc0ac \uc791\uc131\uc790:<\/strong><\/p>\n<h5 class=\"author-name uppercase pt-half\">\uce74\ud0c0\ub974\uc9c0\ub098 \ucf54\ud53c\uce5c\uc2a4\uce74<\/h5>\n<p class=\"author-desc small\">\uc57d\uad6d\uc5d0\uc11c \uac74\uac15 \ubc0f \uc2a4\ud0a8\ucf00\uc5b4 \ubb38\uc81c\uc5d0 \ub300\ud574 \uc870\uc5b8\ud55c \uacbd\ud5d8\uc774 \uc788\ub294 \uc57d\uc0ac \uae30\uc220\uc790\uc785\ub2c8\ub2e4. \ud1a0\ub8ec\uc758 \ub2c8\ucf5c\ub77c\uc6b0\uc2a4 \ucf54\ud398\ub974\ub2c8\ucfe0\uc2a4 \ub300\ud559\uad50\uc5d0\uc11c \uc0dd\uba85\uacf5\ud559\uc744 \uc804\uacf5\ud588\uc2b5\ub2c8\ub2e4. \uce74\ud53c\ub77c\uc774\ud130\ub85c\uc11c \uac74\uac15, \ud5c8\ube0c \ubc0f \uc2a4\ud0a8\ucf00\uc5b4 \uad00\ub828 \uc8fc\uc81c\ub97c \uc804\ubb38\uc73c\ub85c \ud569\ub2c8\ub2e4. \uc5f4\uc815\uc801\uc73c\ub85c \uc57d\ucd08 \uc694\ubc95 \ubc0f \uc790\uc5f0 \uc2a4\ud0a8\ucf00\uc5b4 \ubc29\ubc95\uc744 \ud0d0\uad6c\ud558\uba70, \uc2b5\ub4dd\ud55c \uc9c0\uc2dd\uc744 \uac04\ub2e8\ud558\uace0 \uc811\uadfc\ud558\uae30 \uc26c\uc6b4 \ubc29\uc2dd\uc73c\ub85c \uae30\uaebc\uc774 \uc804\ub2ec\ud569\ub2c8\ub2e4.   <\/p>\n","protected":false},"excerpt":{"rendered":"<p>\ub2f9\uc0ac\ub294 \ub3d9\ubb3c\uc131 \uae00\ub9ac\ucf54\uac90\uacfc \uc720\uc0ac\ud55c \uad6c\uc870\ub97c \uac00\uc9c4 \uc2dd\ubb3c\uc131 \uae00\ub9ac\ucf54\uac90\uc778 <strong>\ud53c\ud1a0\uae00\ub9ac\ucf54\uac90<\/strong> (<strong>Phytoglycogen<\/strong>)\uc758 \ub3c4\ub9e4 \uc720\ud1b5\uc5c5\uccb4\uc785\ub2c8\ub2e4.<\/p>\n<p>\ud53c\ud1a0\uae00\ub9ac\ucf54\uac90\uc740 \uad11\ubc94\uc704\ud558\uac8c \ud65c\uc6a9\ub418\ub294 \uace0\ub3c4\ub85c \ubd84\uc9c0\ub41c \ub2e4\ub2f9\ub958\uc785\ub2c8\ub2e4. \ud2b9\uc720\uc758 \ub0c4\uc0c8\uac00 \ub098\ub294 \ud770\uc0c9 \ub610\ub294 \ub178\ub780\uc0c9 \ubd84\ub9d0 \ud615\ud0dc\ub85c \uc874\uc7ac\ud558\uba70, \ubb3c\uc5d0 \uc6a9\ud574\ub429\ub2c8\ub2e4.  <\/p>\n","protected":false},"featured_media":44641,"template":"","meta":{"_acf_changed":false},"product_brand":[],"product_cat":[8138,8160],"product_tag":[],"class_list":{"0":"post-44640","1":"product","2":"type-product","3":"status-publish","4":"has-post-thumbnail","6":"product_cat-sig-mul-seong-je-pum","7":"product_cat-hwa-jang-pum-won-ryo-ko","9":"first","10":"instock","11":"shipping-taxable","12":"product-type-simple"},"acf":[],"yoast_head":"<!-- This site is optimized with the Yoast SEO plugin v27.5 - https:\/\/yoast.com\/product\/yoast-seo-wordpress\/ -->\n<title>NATURAL POLAND &#8211; Hurtowy Dystrybutor Surowc\u00f3w<\/title>\n<meta name=\"description\" content=\"\ud53c\ud1a0\uae00\ub9ac\ucf54\uac90\uc740 \uc218\ub9cc \uac1c\uc758 \ud3ec\ub3c4\ub2f9 \ubd84\uc790\ub85c \uad6c\uc131\ub41c \uc2dd\ubb3c\uc131 \ub2e4\ub2f9\ub958\uc785\ub2c8\ub2e4. \uc774\ub294 \uc2dd\ubb3c\uc5d0\uc11c\ub9cc \ubc1c\uacac\ub418\ub294 \ud654\ud569\ubb3c\uc785\ub2c8\ub2e4.\" \/>\n<meta name=\"robots\" content=\"index, follow, max-snippet:-1, max-image-preview:large, max-video-preview:-1\" \/>\n<link rel=\"canonical\" href=\"https:\/\/naturalpoland.com\/ko\/je-pum\/hwa-jang-pum-won-ryo\/hwa-jang-pum-won-ryo-ko\/%ed%94%bc%ed%86%a0%ea%b8%80%eb%a6%ac%ec%bd%94%ea%b2%90\/\" \/>\n<meta property=\"og:locale\" content=\"ko_KR\" \/>\n<meta property=\"og:type\" content=\"article\" \/>\n<meta property=\"og:description\" content=\"\ud53c\ud1a0\uae00\ub9ac\ucf54\uac90\uc740 \uc218\ub9cc \uac1c\uc758 \ud3ec\ub3c4\ub2f9 \ubd84\uc790\ub85c \uad6c\uc131\ub41c \uc2dd\ubb3c\uc131 \ub2e4\ub2f9\ub958\uc785\ub2c8\ub2e4. \uc774\ub294 \uc2dd\ubb3c\uc5d0\uc11c\ub9cc \ubc1c\uacac\ub418\ub294 \ud654\ud569\ubb3c\uc785\ub2c8\ub2e4.\" \/>\n<meta property=\"og:url\" content=\"https:\/\/naturalpoland.com\/ko\/je-pum\/hwa-jang-pum-won-ryo\/hwa-jang-pum-won-ryo-ko\/%ed%94%bc%ed%86%a0%ea%b8%80%eb%a6%ac%ec%bd%94%ea%b2%90\/\" \/>\n<meta property=\"og:site_name\" content=\"NATURAL POLAND - Hurtowy Dystrybutor Surowc\u00f3w\" \/>\n<meta property=\"article:publisher\" content=\"https:\/\/www.facebook.com\/naturalpoland.b2b\" \/>\n<meta property=\"article:modified_time\" content=\"2025-12-22T12:17:14+00:00\" \/>\n<meta property=\"og:image\" content=\"https:\/\/naturalpoland.com\/wp-content\/uploads\/fitoglikogen.jpg\" \/>\n\t<meta property=\"og:image:width\" content=\"650\" \/>\n\t<meta property=\"og:image:height\" content=\"650\" \/>\n\t<meta property=\"og:image:type\" content=\"image\/jpeg\" \/>\n<script type=\"application\/ld+json\" class=\"yoast-schema-graph\">{\"@context\":\"https:\\\/\\\/schema.org\",\"@graph\":[{\"@type\":\"WebPage\",\"@id\":\"https:\\\/\\\/naturalpoland.com\\\/ko\\\/je-pum\\\/hwa-jang-pum-won-ryo\\\/hwa-jang-pum-won-ryo-ko\\\/%ed%94%bc%ed%86%a0%ea%b8%80%eb%a6%ac%ec%bd%94%ea%b2%90\\\/\",\"url\":\"https:\\\/\\\/naturalpoland.com\\\/ko\\\/je-pum\\\/hwa-jang-pum-won-ryo\\\/hwa-jang-pum-won-ryo-ko\\\/%ed%94%bc%ed%86%a0%ea%b8%80%eb%a6%ac%ec%bd%94%ea%b2%90\\\/\",\"name\":\"\",\"isPartOf\":{\"@id\":\"https:\\\/\\\/naturalpoland.com\\\/ko\\\/#website\"},\"primaryImageOfPage\":{\"@id\":\"https:\\\/\\\/naturalpoland.com\\\/ko\\\/je-pum\\\/hwa-jang-pum-won-ryo\\\/hwa-jang-pum-won-ryo-ko\\\/%ed%94%bc%ed%86%a0%ea%b8%80%eb%a6%ac%ec%bd%94%ea%b2%90\\\/#primaryimage\"},\"image\":{\"@id\":\"https:\\\/\\\/naturalpoland.com\\\/ko\\\/je-pum\\\/hwa-jang-pum-won-ryo\\\/hwa-jang-pum-won-ryo-ko\\\/%ed%94%bc%ed%86%a0%ea%b8%80%eb%a6%ac%ec%bd%94%ea%b2%90\\\/#primaryimage\"},\"thumbnailUrl\":\"https:\\\/\\\/naturalpoland.com\\\/wp-content\\\/uploads\\\/fitoglikogen.jpg\",\"datePublished\":\"2021-07-26T12:21:50+00:00\",\"dateModified\":\"2025-12-22T12:17:14+00:00\",\"description\":\"\ud53c\ud1a0\uae00\ub9ac\ucf54\uac90\uc740 \uc218\ub9cc \uac1c\uc758 \ud3ec\ub3c4\ub2f9 \ubd84\uc790\ub85c \uad6c\uc131\ub41c \uc2dd\ubb3c\uc131 \ub2e4\ub2f9\ub958\uc785\ub2c8\ub2e4. \uc774\ub294 \uc2dd\ubb3c\uc5d0\uc11c\ub9cc \ubc1c\uacac\ub418\ub294 \ud654\ud569\ubb3c\uc785\ub2c8\ub2e4.\",\"breadcrumb\":{\"@id\":\"https:\\\/\\\/naturalpoland.com\\\/ko\\\/je-pum\\\/hwa-jang-pum-won-ryo\\\/hwa-jang-pum-won-ryo-ko\\\/%ed%94%bc%ed%86%a0%ea%b8%80%eb%a6%ac%ec%bd%94%ea%b2%90\\\/#breadcrumb\"},\"inLanguage\":\"ko-KR\",\"potentialAction\":[{\"@type\":\"ReadAction\",\"target\":[\"https:\\\/\\\/naturalpoland.com\\\/ko\\\/je-pum\\\/hwa-jang-pum-won-ryo\\\/hwa-jang-pum-won-ryo-ko\\\/%ed%94%bc%ed%86%a0%ea%b8%80%eb%a6%ac%ec%bd%94%ea%b2%90\\\/\"]}]},{\"@type\":\"ImageObject\",\"inLanguage\":\"ko-KR\",\"@id\":\"https:\\\/\\\/naturalpoland.com\\\/ko\\\/je-pum\\\/hwa-jang-pum-won-ryo\\\/hwa-jang-pum-won-ryo-ko\\\/%ed%94%bc%ed%86%a0%ea%b8%80%eb%a6%ac%ec%bd%94%ea%b2%90\\\/#primaryimage\",\"url\":\"https:\\\/\\\/naturalpoland.com\\\/wp-content\\\/uploads\\\/fitoglikogen.jpg\",\"contentUrl\":\"https:\\\/\\\/naturalpoland.com\\\/wp-content\\\/uploads\\\/fitoglikogen.jpg\",\"width\":650,\"height\":650,\"caption\":\"\ud53c\ud1a0\uae00\ub9ac\ucf54\uac90\"},{\"@type\":\"BreadcrumbList\",\"@id\":\"https:\\\/\\\/naturalpoland.com\\\/ko\\\/je-pum\\\/hwa-jang-pum-won-ryo\\\/hwa-jang-pum-won-ryo-ko\\\/%ed%94%bc%ed%86%a0%ea%b8%80%eb%a6%ac%ec%bd%94%ea%b2%90\\\/#breadcrumb\",\"itemListElement\":[{\"@type\":\"ListItem\",\"position\":1,\"name\":\"\ud648\",\"item\":\"https:\\\/\\\/naturalpoland.com\\\/ko\\\/\"},{\"@type\":\"ListItem\",\"position\":2,\"name\":\"\uc81c\ud488\",\"item\":\"https:\\\/\\\/naturalpoland.com\\\/ko\\\/%ec%a0%9c%ed%92%88\\\/\"},{\"@type\":\"ListItem\",\"position\":3,\"name\":\"\ud53c\ud1a0\uae00\ub9ac\ucf54\uac90\"}]},{\"@type\":\"WebSite\",\"@id\":\"https:\\\/\\\/naturalpoland.com\\\/ko\\\/#website\",\"url\":\"https:\\\/\\\/naturalpoland.com\\\/ko\\\/\",\"name\":\"NATURAL POLAND - Hurtowy Dystrybutor Surowc\u00f3w\",\"description\":\"Surowce dla przemys\u0142u spo\u017cywczego, kosmetycznego i farmaceutycznego\",\"publisher\":{\"@id\":\"https:\\\/\\\/naturalpoland.com\\\/ko\\\/#organization\"},\"potentialAction\":[{\"@type\":\"SearchAction\",\"target\":{\"@type\":\"EntryPoint\",\"urlTemplate\":\"https:\\\/\\\/naturalpoland.com\\\/ko\\\/?s={search_term_string}\"},\"query-input\":{\"@type\":\"PropertyValueSpecification\",\"valueRequired\":true,\"valueName\":\"search_term_string\"}}],\"inLanguage\":\"ko-KR\"},{\"@type\":\"Organization\",\"@id\":\"https:\\\/\\\/naturalpoland.com\\\/ko\\\/#organization\",\"name\":\"Natural Poland\",\"url\":\"https:\\\/\\\/naturalpoland.com\\\/ko\\\/\",\"logo\":{\"@type\":\"ImageObject\",\"inLanguage\":\"ko-KR\",\"@id\":\"https:\\\/\\\/naturalpoland.com\\\/ko\\\/#\\\/schema\\\/logo\\\/image\\\/\",\"url\":\"https:\\\/\\\/naturalpoland.com\\\/wp-content\\\/uploads\\\/2021\\\/05\\\/natural-poland-icon.png\",\"contentUrl\":\"https:\\\/\\\/naturalpoland.com\\\/wp-content\\\/uploads\\\/2021\\\/05\\\/natural-poland-icon.png\",\"width\":512,\"height\":512,\"caption\":\"Natural Poland\"},\"image\":{\"@id\":\"https:\\\/\\\/naturalpoland.com\\\/ko\\\/#\\\/schema\\\/logo\\\/image\\\/\"},\"sameAs\":[\"https:\\\/\\\/www.facebook.com\\\/naturalpoland.b2b\",\"https:\\\/\\\/pl.linkedin.com\\\/company\\\/natural-poland\",\"https:\\\/\\\/www.youtube.com\\\/channel\\\/UCgeGGkvOMahZo-xu_MSEWxg\"]}]}<\/script>\n<!-- \/ Yoast SEO plugin. -->","yoast_head_json":{"title":"NATURAL POLAND &#8211; Hurtowy Dystrybutor Surowc\u00f3w","description":"\ud53c\ud1a0\uae00\ub9ac\ucf54\uac90\uc740 \uc218\ub9cc \uac1c\uc758 \ud3ec\ub3c4\ub2f9 \ubd84\uc790\ub85c \uad6c\uc131\ub41c \uc2dd\ubb3c\uc131 \ub2e4\ub2f9\ub958\uc785\ub2c8\ub2e4. \uc774\ub294 \uc2dd\ubb3c\uc5d0\uc11c\ub9cc \ubc1c\uacac\ub418\ub294 \ud654\ud569\ubb3c\uc785\ub2c8\ub2e4.","robots":{"index":"index","follow":"follow","max-snippet":"max-snippet:-1","max-image-preview":"max-image-preview:large","max-video-preview":"max-video-preview:-1"},"canonical":"https:\/\/naturalpoland.com\/ko\/je-pum\/hwa-jang-pum-won-ryo\/hwa-jang-pum-won-ryo-ko\/%ed%94%bc%ed%86%a0%ea%b8%80%eb%a6%ac%ec%bd%94%ea%b2%90\/","og_locale":"ko_KR","og_type":"article","og_description":"\ud53c\ud1a0\uae00\ub9ac\ucf54\uac90\uc740 \uc218\ub9cc \uac1c\uc758 \ud3ec\ub3c4\ub2f9 \ubd84\uc790\ub85c \uad6c\uc131\ub41c \uc2dd\ubb3c\uc131 \ub2e4\ub2f9\ub958\uc785\ub2c8\ub2e4. \uc774\ub294 \uc2dd\ubb3c\uc5d0\uc11c\ub9cc \ubc1c\uacac\ub418\ub294 \ud654\ud569\ubb3c\uc785\ub2c8\ub2e4.","og_url":"https:\/\/naturalpoland.com\/ko\/je-pum\/hwa-jang-pum-won-ryo\/hwa-jang-pum-won-ryo-ko\/%ed%94%bc%ed%86%a0%ea%b8%80%eb%a6%ac%ec%bd%94%ea%b2%90\/","og_site_name":"NATURAL POLAND - Hurtowy Dystrybutor Surowc\u00f3w","article_publisher":"https:\/\/www.facebook.com\/naturalpoland.b2b","article_modified_time":"2025-12-22T12:17:14+00:00","og_image":[{"width":650,"height":650,"url":"https:\/\/naturalpoland.com\/wp-content\/uploads\/fitoglikogen.jpg","type":"image\/jpeg"}],"schema":{"@context":"https:\/\/schema.org","@graph":[{"@type":"WebPage","@id":"https:\/\/naturalpoland.com\/ko\/je-pum\/hwa-jang-pum-won-ryo\/hwa-jang-pum-won-ryo-ko\/%ed%94%bc%ed%86%a0%ea%b8%80%eb%a6%ac%ec%bd%94%ea%b2%90\/","url":"https:\/\/naturalpoland.com\/ko\/je-pum\/hwa-jang-pum-won-ryo\/hwa-jang-pum-won-ryo-ko\/%ed%94%bc%ed%86%a0%ea%b8%80%eb%a6%ac%ec%bd%94%ea%b2%90\/","name":"","isPartOf":{"@id":"https:\/\/naturalpoland.com\/ko\/#website"},"primaryImageOfPage":{"@id":"https:\/\/naturalpoland.com\/ko\/je-pum\/hwa-jang-pum-won-ryo\/hwa-jang-pum-won-ryo-ko\/%ed%94%bc%ed%86%a0%ea%b8%80%eb%a6%ac%ec%bd%94%ea%b2%90\/#primaryimage"},"image":{"@id":"https:\/\/naturalpoland.com\/ko\/je-pum\/hwa-jang-pum-won-ryo\/hwa-jang-pum-won-ryo-ko\/%ed%94%bc%ed%86%a0%ea%b8%80%eb%a6%ac%ec%bd%94%ea%b2%90\/#primaryimage"},"thumbnailUrl":"https:\/\/naturalpoland.com\/wp-content\/uploads\/fitoglikogen.jpg","datePublished":"2021-07-26T12:21:50+00:00","dateModified":"2025-12-22T12:17:14+00:00","description":"\ud53c\ud1a0\uae00\ub9ac\ucf54\uac90\uc740 \uc218\ub9cc \uac1c\uc758 \ud3ec\ub3c4\ub2f9 \ubd84\uc790\ub85c \uad6c\uc131\ub41c \uc2dd\ubb3c\uc131 \ub2e4\ub2f9\ub958\uc785\ub2c8\ub2e4. \uc774\ub294 \uc2dd\ubb3c\uc5d0\uc11c\ub9cc \ubc1c\uacac\ub418\ub294 \ud654\ud569\ubb3c\uc785\ub2c8\ub2e4.","breadcrumb":{"@id":"https:\/\/naturalpoland.com\/ko\/je-pum\/hwa-jang-pum-won-ryo\/hwa-jang-pum-won-ryo-ko\/%ed%94%bc%ed%86%a0%ea%b8%80%eb%a6%ac%ec%bd%94%ea%b2%90\/#breadcrumb"},"inLanguage":"ko-KR","potentialAction":[{"@type":"ReadAction","target":["https:\/\/naturalpoland.com\/ko\/je-pum\/hwa-jang-pum-won-ryo\/hwa-jang-pum-won-ryo-ko\/%ed%94%bc%ed%86%a0%ea%b8%80%eb%a6%ac%ec%bd%94%ea%b2%90\/"]}]},{"@type":"ImageObject","inLanguage":"ko-KR","@id":"https:\/\/naturalpoland.com\/ko\/je-pum\/hwa-jang-pum-won-ryo\/hwa-jang-pum-won-ryo-ko\/%ed%94%bc%ed%86%a0%ea%b8%80%eb%a6%ac%ec%bd%94%ea%b2%90\/#primaryimage","url":"https:\/\/naturalpoland.com\/wp-content\/uploads\/fitoglikogen.jpg","contentUrl":"https:\/\/naturalpoland.com\/wp-content\/uploads\/fitoglikogen.jpg","width":650,"height":650,"caption":"\ud53c\ud1a0\uae00\ub9ac\ucf54\uac90"},{"@type":"BreadcrumbList","@id":"https:\/\/naturalpoland.com\/ko\/je-pum\/hwa-jang-pum-won-ryo\/hwa-jang-pum-won-ryo-ko\/%ed%94%bc%ed%86%a0%ea%b8%80%eb%a6%ac%ec%bd%94%ea%b2%90\/#breadcrumb","itemListElement":[{"@type":"ListItem","position":1,"name":"\ud648","item":"https:\/\/naturalpoland.com\/ko\/"},{"@type":"ListItem","position":2,"name":"\uc81c\ud488","item":"https:\/\/naturalpoland.com\/ko\/%ec%a0%9c%ed%92%88\/"},{"@type":"ListItem","position":3,"name":"\ud53c\ud1a0\uae00\ub9ac\ucf54\uac90"}]},{"@type":"WebSite","@id":"https:\/\/naturalpoland.com\/ko\/#website","url":"https:\/\/naturalpoland.com\/ko\/","name":"NATURAL POLAND - Hurtowy Dystrybutor Surowc\u00f3w","description":"Surowce dla przemys\u0142u spo\u017cywczego, kosmetycznego i farmaceutycznego","publisher":{"@id":"https:\/\/naturalpoland.com\/ko\/#organization"},"potentialAction":[{"@type":"SearchAction","target":{"@type":"EntryPoint","urlTemplate":"https:\/\/naturalpoland.com\/ko\/?s={search_term_string}"},"query-input":{"@type":"PropertyValueSpecification","valueRequired":true,"valueName":"search_term_string"}}],"inLanguage":"ko-KR"},{"@type":"Organization","@id":"https:\/\/naturalpoland.com\/ko\/#organization","name":"Natural Poland","url":"https:\/\/naturalpoland.com\/ko\/","logo":{"@type":"ImageObject","inLanguage":"ko-KR","@id":"https:\/\/naturalpoland.com\/ko\/#\/schema\/logo\/image\/","url":"https:\/\/naturalpoland.com\/wp-content\/uploads\/2021\/05\/natural-poland-icon.png","contentUrl":"https:\/\/naturalpoland.com\/wp-content\/uploads\/2021\/05\/natural-poland-icon.png","width":512,"height":512,"caption":"Natural Poland"},"image":{"@id":"https:\/\/naturalpoland.com\/ko\/#\/schema\/logo\/image\/"},"sameAs":["https:\/\/www.facebook.com\/naturalpoland.b2b","https:\/\/pl.linkedin.com\/company\/natural-poland","https:\/\/www.youtube.com\/channel\/UCgeGGkvOMahZo-xu_MSEWxg"]}]}},"_links":{"self":[{"href":"https:\/\/naturalpoland.com\/ko\/wp-json\/wp\/v2\/product\/44640","targetHints":{"allow":["GET"]}}],"collection":[{"href":"https:\/\/naturalpoland.com\/ko\/wp-json\/wp\/v2\/product"}],"about":[{"href":"https:\/\/naturalpoland.com\/ko\/wp-json\/wp\/v2\/types\/product"}],"wp:featuredmedia":[{"embeddable":true,"href":"https:\/\/naturalpoland.com\/ko\/wp-json\/wp\/v2\/media\/44641"}],"wp:attachment":[{"href":"https:\/\/naturalpoland.com\/ko\/wp-json\/wp\/v2\/media?parent=44640"}],"wp:term":[{"taxonomy":"product_brand","embeddable":true,"href":"https:\/\/naturalpoland.com\/ko\/wp-json\/wp\/v2\/product_brand?post=44640"},{"taxonomy":"product_cat","embeddable":true,"href":"https:\/\/naturalpoland.com\/ko\/wp-json\/wp\/v2\/product_cat?post=44640"},{"taxonomy":"product_tag","embeddable":true,"href":"https:\/\/naturalpoland.com\/ko\/wp-json\/wp\/v2\/product_tag?post=44640"}],"curies":[{"name":"wp","href":"https:\/\/api.w.org\/{rel}","templated":true}]}}