{"id":44644,"date":"2021-06-09T14:03:09","date_gmt":"2021-06-09T12:03:09","guid":{"rendered":"https:\/\/naturalpoland.com\/produkty\/uncategorized\/%ec%95%84%ec%82%ac%ec%9d%b4-%ec%b6%94%ec%b6%9c%eb%ac%bc\/"},"modified":"2025-12-22T13:17:32","modified_gmt":"2025-12-22T12:17:32","slug":"%ec%95%84%ec%82%ac%ec%9d%b4-%ec%b6%94%ec%b6%9c%eb%ac%bc","status":"publish","type":"product","link":"https:\/\/naturalpoland.com\/ko\/je-pum\/sig-mul-chu-chul-mul\/%ec%95%84%ec%82%ac%ec%9d%b4-%ec%b6%94%ec%b6%9c%eb%ac%bc\/","title":{"rendered":"\uc544\uc0ac\uc774 \ucd94\ucd9c\ubb3c"},"content":{"rendered":"<h2>\uc544\uc0ac\uc774 \ucd94\ucd9c\ubb3c\uc758 \ud2b9\uc131 \ubc0f \ud6a8\ub2a5<\/h2>\n<p>\ubcf8 \uc81c\ud488\uc740 \ud2b9\uc720\uc758 \uc740\uc740\ud55c \uacfc\uc77c \ud5a5\uacfc \ub9db, \ubc1d\uc740 \ubcf4\ub77c\uc0c9-\ubd89\uc740\uc0c9\uc744 \ub760\ub294 \ubbf8\uc138 \ubd84\ub9d0 \ud615\ud0dc\uc785\ub2c8\ub2e4. \uc548\ud1a0\uc2dc\uc544\ub2cc, \ud3f4\ub9ac\ud398\ub180, <a href=\"https:\/\/naturalpoland.com\/artykuly\/produkty-naturalne\/czym-sa-i-jak-dzialaja-flawonoidy\/\">\ud50c\ub77c\ubcf4\ub178\uc774\ub4dc<\/a>, \ube44\ud0c0\ubbfc C, <a href=\"https:\/\/naturalpoland.com\/ko\/je-pum\/ui-yak-pum-won-ryo\/geon-gang-gi-neung-sig-pum-cheom-ga-mul\/resverasol-%eb%a0%88%ec%8a%a4%eb%b2%a0%eb%9d%bc%ed%8a%b8%eb%a1%a4\/\">\ub808\uc2a4\ubca0\ub77c\ud2b8\ub864<\/a> \ub4f1 \uc131\ubd84 \ub355\ubd84\uc5d0 <strong>\ud65c\uc131\uc0b0\uc18c\ub97c \ud6a8\uacfc\uc801\uc73c\ub85c \uc911\ud654<\/strong>\ud558\uace0, \uc2e0\uccb4 \ubc29\uc5b4 \uacfc\uc815\uc744 \uc9c0\uc6d0\ud558\uba70, \ud53c\ubd80 \ub178\ud654\ub97c \ubc29\uc9c0\ud569\ub2c8\ub2e4. <strong>\ubbf8\uc138 \uc21c\ud658 \uac1c\uc120<\/strong>\uacfc <strong>\ud53c\ubd80 \ud0c4\ub825 \uc99d\uc9c4<\/strong> \ud6a8\uacfc\ub3c4 \uc788\uc5b4 \uc548\ud2f0\uc5d0\uc774\uc9d5 \uc81c\ud488\uc5d0 \ud544\uc218\uc801\uc785\ub2c8\ub2e4. UVA \ubc29\uc0ac\uc120, \ud658\uacbd \uc624\uc5fc, \uc2a4\ubaa8\uadf8, \ub2f4\ubc30 \uc5f0\uae30 \ub4f1 \uc720\ud574\ud55c \uc601\ud5a5\uc73c\ub85c\ubd80\ud130 <strong>\ud53c\ubd80\ub97c \ubcf4\ud638<\/strong>\ud558\uace0, <strong>\ud53c\ubd80 \uc138\ud3ec \uc7ac\uc0dd\uc744 \ucd09\uc9c4<\/strong>\ud558\uba70 \uac74\uc870\ud568\uc744 \ubc29\uc9c0\ud569\ub2c8\ub2e4. \ud1a0\ub2dd \ubc0f \uc9c4\uc815 \ud6a8\uacfc\ub3c4 \uc788\uc5b4 \ubb38\uc81c\uc131 \ud53c\ubd80 \uad00\ub9ac \ubc0f \ud587\ube5b \ub178\ucd9c \ud6c4\uc5d0\ub3c4 \uad8c\uc7a5\ub429\ub2c8\ub2e4.   <\/p>\n<h2>\uc801\uc6a9<\/h2>\n<p class=\"\" data-start=\"1157\" data-end=\"2048\">\uc544\uc0ac\uc774 \ucd94\ucd9c\ubb3c\uc740 \uc548\uc804\ud55c \uc6a9\ub9e4\uc778 \ubb3c\uc744 \uc0ac\uc6a9\ud558\uc5ec \uc0dd\uc0b0\ub418\uba70, 5~10%\uc758 \ub9d0\ud1a0\ub371\uc2a4\ud2b8\ub9b0\uc744 \ub2f4\uccb4\ub85c \ud3ec\ud568\ud569\ub2c8\ub2e4. \uadf8 \ud6a8\ub2a5 \ud504\ub85c\ud544 \ub355\ubd84\uc5d0 <strong>\uac74\uac15 \ubcf4\uc870 \uc2dd\ud488 \uc0b0\uc5c5<\/strong>, <strong>\ucc9c\uc5f0 \ud654\uc7a5\ud488<\/strong>, <strong>\ub274\ud2b8\ub9ac \ucf54\uc2a4\uba54\ud2f1<\/strong>, <strong>\uae30\ub2a5\uc131 \uc2dd\ud488<\/strong>\uc5d0 \ub110\ub9ac \ud65c\uc6a9\ub429\ub2c8\ub2e4. \ud2b9\ud788 <strong>\uba74\uc5ed\ub825 \uac15\ud654<\/strong>, \uc0b0\ud654 \ud53c\ub85c \ubc29\uc9c0, \uc2e0\uccb4 \ud574\ub3c5 \uc9c0\uc6d0, \ud53c\ubd80 \ubc0f \ubaa8\ubc1c \uc678\uad00 \uac1c\uc120\uc744 \uc704\ud55c \uc81c\ud615\uc5d0 \uc120\ud638\ub429\ub2c8\ub2e4. \ub192\uc740 \ubbf8\uc0dd\ubb3c\ud559\uc801 \ubc0f \ubb3c\ub9ac\ud654\ud559\uc801 \ud488\uc9c8 \ub355\ubd84\uc5d0 \uacbd\uad6c\uc6a9 \ubc0f \ud654\uc7a5\ud488 \uc81c\uc81c\uc5d0 \uc548\uc804\ud558\uac8c \uc0ac\uc6a9\ub420 \uc218 \uc788\uc2b5\ub2c8\ub2e4.   <\/p>\n","protected":false},"excerpt":{"rendered":"<p><strong>\uc544\uc0ac\uc774\ubca0\ub9ac \ucd94\ucd9c\ubb3c \ub3c4\ub9e4 \uc720\ud1b5.<\/strong><\/p>\n<p>\ub0a8\uc544\uba54\ub9ac\uce74 \uc5f4\ub300 \uc9c0\uc5ed\uc5d0\uc11c \uc790\ub77c\ub294 \uc57c\uc790\ub098\ubb34 \uc5f4\ub9e4\uc5d0\uc11c \ucd94\ucd9c\ub418\ub294 \uc544\uc0ac\uc774\ubca0\ub9ac \ucd94\ucd9c\ubb3c(<em>Euterpe oleracea<\/em>)\uc740 \uac00\uc7a5 \uac15\ub825\ud55c \ucc9c\uc5f0 \ud56d\uc0b0\ud654\uc81c \uc911 \ud558\ub098\ub85c \uc8fc\ub85c \uc54c\ub824\uc838 \uc788\uc2b5\ub2c8\ub2e4.<\/p>\n","protected":false},"featured_media":44645,"template":"","meta":{"_acf_changed":false},"product_brand":[],"product_cat":[8134],"product_tag":[],"class_list":{"0":"post-44644","1":"product","2":"type-product","3":"status-publish","4":"has-post-thumbnail","6":"product_cat-sig-mul-chu-chul-mul","7":"pa_certyfikaty-9903","8":"pa_certyfikaty-8218","9":"pa_certyfikaty-8219","10":"pa_czesc-rosliny-8225","11":"pa_grupa-substancji-8226","13":"first","14":"instock","15":"shipping-taxable","16":"product-type-simple"},"acf":[],"yoast_head":"<!-- This site is optimized with the Yoast SEO plugin v27.5 - https:\/\/yoast.com\/product\/yoast-seo-wordpress\/ -->\n<title>NATURAL POLAND &#8211; Hurtowy Dystrybutor Surowc\u00f3w<\/title>\n<meta name=\"description\" content=\"\uc544\uc0ac\uc774\ubca0\ub9ac\ub294 \uac15\ub825\ud55c \ud56d\uc0b0\ud654\uc81c\ub85c, \ud65c\uc131\uc0b0\uc18c\ub85c\ubd80\ud130 \ud6a8\uacfc\uc801\uc73c\ub85c \ubcf4\ud638\ud569\ub2c8\ub2e4. \uc544\uc0ac\uc774 \ucd94\ucd9c\ubb3c\uc740 \uc8fc\ub984 \uac1c\uc120 \ud6a8\ub2a5\ub3c4 \uc788\uc2b5\ub2c8\ub2e4.\" \/>\n<meta name=\"robots\" content=\"index, follow, max-snippet:-1, max-image-preview:large, max-video-preview:-1\" \/>\n<link rel=\"canonical\" href=\"https:\/\/naturalpoland.com\/ko\/je-pum\/sig-mul-chu-chul-mul\/%ec%95%84%ec%82%ac%ec%9d%b4-%ec%b6%94%ec%b6%9c%eb%ac%bc\/\" \/>\n<meta property=\"og:locale\" content=\"ko_KR\" \/>\n<meta property=\"og:type\" content=\"article\" \/>\n<meta property=\"og:description\" content=\"\uc544\uc0ac\uc774\ubca0\ub9ac\ub294 \uac15\ub825\ud55c \ud56d\uc0b0\ud654\uc81c\ub85c, \ud65c\uc131\uc0b0\uc18c\ub85c\ubd80\ud130 \ud6a8\uacfc\uc801\uc73c\ub85c \ubcf4\ud638\ud569\ub2c8\ub2e4. \uc544\uc0ac\uc774 \ucd94\ucd9c\ubb3c\uc740 \uc8fc\ub984 \uac1c\uc120 \ud6a8\ub2a5\ub3c4 \uc788\uc2b5\ub2c8\ub2e4.\" \/>\n<meta property=\"og:url\" content=\"https:\/\/naturalpoland.com\/ko\/je-pum\/sig-mul-chu-chul-mul\/%ec%95%84%ec%82%ac%ec%9d%b4-%ec%b6%94%ec%b6%9c%eb%ac%bc\/\" \/>\n<meta property=\"og:site_name\" content=\"NATURAL POLAND - Hurtowy Dystrybutor Surowc\u00f3w\" \/>\n<meta property=\"article:publisher\" content=\"https:\/\/www.facebook.com\/naturalpoland.b2b\" \/>\n<meta property=\"article:modified_time\" content=\"2025-12-22T12:17:32+00:00\" \/>\n<meta property=\"og:image\" content=\"https:\/\/naturalpoland.com\/wp-content\/uploads\/ekstrakt-z-acai.webp\" \/>\n\t<meta property=\"og:image:width\" content=\"1024\" \/>\n\t<meta property=\"og:image:height\" content=\"1024\" \/>\n\t<meta property=\"og:image:type\" content=\"image\/webp\" \/>\n<script type=\"application\/ld+json\" class=\"yoast-schema-graph\">{\"@context\":\"https:\\\/\\\/schema.org\",\"@graph\":[{\"@type\":\"WebPage\",\"@id\":\"https:\\\/\\\/naturalpoland.com\\\/ko\\\/je-pum\\\/sig-mul-chu-chul-mul\\\/%ec%95%84%ec%82%ac%ec%9d%b4-%ec%b6%94%ec%b6%9c%eb%ac%bc\\\/\",\"url\":\"https:\\\/\\\/naturalpoland.com\\\/ko\\\/je-pum\\\/sig-mul-chu-chul-mul\\\/%ec%95%84%ec%82%ac%ec%9d%b4-%ec%b6%94%ec%b6%9c%eb%ac%bc\\\/\",\"name\":\"\",\"isPartOf\":{\"@id\":\"https:\\\/\\\/naturalpoland.com\\\/ko\\\/#website\"},\"primaryImageOfPage\":{\"@id\":\"https:\\\/\\\/naturalpoland.com\\\/ko\\\/je-pum\\\/sig-mul-chu-chul-mul\\\/%ec%95%84%ec%82%ac%ec%9d%b4-%ec%b6%94%ec%b6%9c%eb%ac%bc\\\/#primaryimage\"},\"image\":{\"@id\":\"https:\\\/\\\/naturalpoland.com\\\/ko\\\/je-pum\\\/sig-mul-chu-chul-mul\\\/%ec%95%84%ec%82%ac%ec%9d%b4-%ec%b6%94%ec%b6%9c%eb%ac%bc\\\/#primaryimage\"},\"thumbnailUrl\":\"https:\\\/\\\/naturalpoland.com\\\/wp-content\\\/uploads\\\/ekstrakt-z-acai.webp\",\"datePublished\":\"2021-06-09T12:03:09+00:00\",\"dateModified\":\"2025-12-22T12:17:32+00:00\",\"description\":\"\uc544\uc0ac\uc774\ubca0\ub9ac\ub294 \uac15\ub825\ud55c \ud56d\uc0b0\ud654\uc81c\ub85c, \ud65c\uc131\uc0b0\uc18c\ub85c\ubd80\ud130 \ud6a8\uacfc\uc801\uc73c\ub85c \ubcf4\ud638\ud569\ub2c8\ub2e4. \uc544\uc0ac\uc774 \ucd94\ucd9c\ubb3c\uc740 \uc8fc\ub984 \uac1c\uc120 \ud6a8\ub2a5\ub3c4 \uc788\uc2b5\ub2c8\ub2e4.\",\"breadcrumb\":{\"@id\":\"https:\\\/\\\/naturalpoland.com\\\/ko\\\/je-pum\\\/sig-mul-chu-chul-mul\\\/%ec%95%84%ec%82%ac%ec%9d%b4-%ec%b6%94%ec%b6%9c%eb%ac%bc\\\/#breadcrumb\"},\"inLanguage\":\"ko-KR\",\"potentialAction\":[{\"@type\":\"ReadAction\",\"target\":[\"https:\\\/\\\/naturalpoland.com\\\/ko\\\/je-pum\\\/sig-mul-chu-chul-mul\\\/%ec%95%84%ec%82%ac%ec%9d%b4-%ec%b6%94%ec%b6%9c%eb%ac%bc\\\/\"]}]},{\"@type\":\"ImageObject\",\"inLanguage\":\"ko-KR\",\"@id\":\"https:\\\/\\\/naturalpoland.com\\\/ko\\\/je-pum\\\/sig-mul-chu-chul-mul\\\/%ec%95%84%ec%82%ac%ec%9d%b4-%ec%b6%94%ec%b6%9c%eb%ac%bc\\\/#primaryimage\",\"url\":\"https:\\\/\\\/naturalpoland.com\\\/wp-content\\\/uploads\\\/ekstrakt-z-acai.webp\",\"contentUrl\":\"https:\\\/\\\/naturalpoland.com\\\/wp-content\\\/uploads\\\/ekstrakt-z-acai.webp\",\"width\":1024,\"height\":1024,\"caption\":\"\uc544\uc0ac\uc774 \ucd94\ucd9c\ubb3c\"},{\"@type\":\"BreadcrumbList\",\"@id\":\"https:\\\/\\\/naturalpoland.com\\\/ko\\\/je-pum\\\/sig-mul-chu-chul-mul\\\/%ec%95%84%ec%82%ac%ec%9d%b4-%ec%b6%94%ec%b6%9c%eb%ac%bc\\\/#breadcrumb\",\"itemListElement\":[{\"@type\":\"ListItem\",\"position\":1,\"name\":\"\ud648\",\"item\":\"https:\\\/\\\/naturalpoland.com\\\/ko\\\/\"},{\"@type\":\"ListItem\",\"position\":2,\"name\":\"\uc81c\ud488\",\"item\":\"https:\\\/\\\/naturalpoland.com\\\/ko\\\/%ec%a0%9c%ed%92%88\\\/\"},{\"@type\":\"ListItem\",\"position\":3,\"name\":\"\uc544\uc0ac\uc774 \ucd94\ucd9c\ubb3c\"}]},{\"@type\":\"WebSite\",\"@id\":\"https:\\\/\\\/naturalpoland.com\\\/ko\\\/#website\",\"url\":\"https:\\\/\\\/naturalpoland.com\\\/ko\\\/\",\"name\":\"NATURAL POLAND - Hurtowy Dystrybutor Surowc\u00f3w\",\"description\":\"Surowce dla przemys\u0142u spo\u017cywczego, kosmetycznego i farmaceutycznego\",\"publisher\":{\"@id\":\"https:\\\/\\\/naturalpoland.com\\\/ko\\\/#organization\"},\"potentialAction\":[{\"@type\":\"SearchAction\",\"target\":{\"@type\":\"EntryPoint\",\"urlTemplate\":\"https:\\\/\\\/naturalpoland.com\\\/ko\\\/?s={search_term_string}\"},\"query-input\":{\"@type\":\"PropertyValueSpecification\",\"valueRequired\":true,\"valueName\":\"search_term_string\"}}],\"inLanguage\":\"ko-KR\"},{\"@type\":\"Organization\",\"@id\":\"https:\\\/\\\/naturalpoland.com\\\/ko\\\/#organization\",\"name\":\"Natural Poland\",\"url\":\"https:\\\/\\\/naturalpoland.com\\\/ko\\\/\",\"logo\":{\"@type\":\"ImageObject\",\"inLanguage\":\"ko-KR\",\"@id\":\"https:\\\/\\\/naturalpoland.com\\\/ko\\\/#\\\/schema\\\/logo\\\/image\\\/\",\"url\":\"https:\\\/\\\/naturalpoland.com\\\/wp-content\\\/uploads\\\/2021\\\/05\\\/natural-poland-icon.png\",\"contentUrl\":\"https:\\\/\\\/naturalpoland.com\\\/wp-content\\\/uploads\\\/2021\\\/05\\\/natural-poland-icon.png\",\"width\":512,\"height\":512,\"caption\":\"Natural Poland\"},\"image\":{\"@id\":\"https:\\\/\\\/naturalpoland.com\\\/ko\\\/#\\\/schema\\\/logo\\\/image\\\/\"},\"sameAs\":[\"https:\\\/\\\/www.facebook.com\\\/naturalpoland.b2b\",\"https:\\\/\\\/pl.linkedin.com\\\/company\\\/natural-poland\",\"https:\\\/\\\/www.youtube.com\\\/channel\\\/UCgeGGkvOMahZo-xu_MSEWxg\"]}]}<\/script>\n<!-- \/ Yoast SEO plugin. -->","yoast_head_json":{"title":"NATURAL POLAND &#8211; Hurtowy Dystrybutor Surowc\u00f3w","description":"\uc544\uc0ac\uc774\ubca0\ub9ac\ub294 \uac15\ub825\ud55c \ud56d\uc0b0\ud654\uc81c\ub85c, \ud65c\uc131\uc0b0\uc18c\ub85c\ubd80\ud130 \ud6a8\uacfc\uc801\uc73c\ub85c \ubcf4\ud638\ud569\ub2c8\ub2e4. \uc544\uc0ac\uc774 \ucd94\ucd9c\ubb3c\uc740 \uc8fc\ub984 \uac1c\uc120 \ud6a8\ub2a5\ub3c4 \uc788\uc2b5\ub2c8\ub2e4.","robots":{"index":"index","follow":"follow","max-snippet":"max-snippet:-1","max-image-preview":"max-image-preview:large","max-video-preview":"max-video-preview:-1"},"canonical":"https:\/\/naturalpoland.com\/ko\/je-pum\/sig-mul-chu-chul-mul\/%ec%95%84%ec%82%ac%ec%9d%b4-%ec%b6%94%ec%b6%9c%eb%ac%bc\/","og_locale":"ko_KR","og_type":"article","og_description":"\uc544\uc0ac\uc774\ubca0\ub9ac\ub294 \uac15\ub825\ud55c \ud56d\uc0b0\ud654\uc81c\ub85c, \ud65c\uc131\uc0b0\uc18c\ub85c\ubd80\ud130 \ud6a8\uacfc\uc801\uc73c\ub85c \ubcf4\ud638\ud569\ub2c8\ub2e4. \uc544\uc0ac\uc774 \ucd94\ucd9c\ubb3c\uc740 \uc8fc\ub984 \uac1c\uc120 \ud6a8\ub2a5\ub3c4 \uc788\uc2b5\ub2c8\ub2e4.","og_url":"https:\/\/naturalpoland.com\/ko\/je-pum\/sig-mul-chu-chul-mul\/%ec%95%84%ec%82%ac%ec%9d%b4-%ec%b6%94%ec%b6%9c%eb%ac%bc\/","og_site_name":"NATURAL POLAND - Hurtowy Dystrybutor Surowc\u00f3w","article_publisher":"https:\/\/www.facebook.com\/naturalpoland.b2b","article_modified_time":"2025-12-22T12:17:32+00:00","og_image":[{"width":1024,"height":1024,"url":"https:\/\/naturalpoland.com\/wp-content\/uploads\/ekstrakt-z-acai.webp","type":"image\/webp"}],"schema":{"@context":"https:\/\/schema.org","@graph":[{"@type":"WebPage","@id":"https:\/\/naturalpoland.com\/ko\/je-pum\/sig-mul-chu-chul-mul\/%ec%95%84%ec%82%ac%ec%9d%b4-%ec%b6%94%ec%b6%9c%eb%ac%bc\/","url":"https:\/\/naturalpoland.com\/ko\/je-pum\/sig-mul-chu-chul-mul\/%ec%95%84%ec%82%ac%ec%9d%b4-%ec%b6%94%ec%b6%9c%eb%ac%bc\/","name":"","isPartOf":{"@id":"https:\/\/naturalpoland.com\/ko\/#website"},"primaryImageOfPage":{"@id":"https:\/\/naturalpoland.com\/ko\/je-pum\/sig-mul-chu-chul-mul\/%ec%95%84%ec%82%ac%ec%9d%b4-%ec%b6%94%ec%b6%9c%eb%ac%bc\/#primaryimage"},"image":{"@id":"https:\/\/naturalpoland.com\/ko\/je-pum\/sig-mul-chu-chul-mul\/%ec%95%84%ec%82%ac%ec%9d%b4-%ec%b6%94%ec%b6%9c%eb%ac%bc\/#primaryimage"},"thumbnailUrl":"https:\/\/naturalpoland.com\/wp-content\/uploads\/ekstrakt-z-acai.webp","datePublished":"2021-06-09T12:03:09+00:00","dateModified":"2025-12-22T12:17:32+00:00","description":"\uc544\uc0ac\uc774\ubca0\ub9ac\ub294 \uac15\ub825\ud55c \ud56d\uc0b0\ud654\uc81c\ub85c, \ud65c\uc131\uc0b0\uc18c\ub85c\ubd80\ud130 \ud6a8\uacfc\uc801\uc73c\ub85c \ubcf4\ud638\ud569\ub2c8\ub2e4. \uc544\uc0ac\uc774 \ucd94\ucd9c\ubb3c\uc740 \uc8fc\ub984 \uac1c\uc120 \ud6a8\ub2a5\ub3c4 \uc788\uc2b5\ub2c8\ub2e4.","breadcrumb":{"@id":"https:\/\/naturalpoland.com\/ko\/je-pum\/sig-mul-chu-chul-mul\/%ec%95%84%ec%82%ac%ec%9d%b4-%ec%b6%94%ec%b6%9c%eb%ac%bc\/#breadcrumb"},"inLanguage":"ko-KR","potentialAction":[{"@type":"ReadAction","target":["https:\/\/naturalpoland.com\/ko\/je-pum\/sig-mul-chu-chul-mul\/%ec%95%84%ec%82%ac%ec%9d%b4-%ec%b6%94%ec%b6%9c%eb%ac%bc\/"]}]},{"@type":"ImageObject","inLanguage":"ko-KR","@id":"https:\/\/naturalpoland.com\/ko\/je-pum\/sig-mul-chu-chul-mul\/%ec%95%84%ec%82%ac%ec%9d%b4-%ec%b6%94%ec%b6%9c%eb%ac%bc\/#primaryimage","url":"https:\/\/naturalpoland.com\/wp-content\/uploads\/ekstrakt-z-acai.webp","contentUrl":"https:\/\/naturalpoland.com\/wp-content\/uploads\/ekstrakt-z-acai.webp","width":1024,"height":1024,"caption":"\uc544\uc0ac\uc774 \ucd94\ucd9c\ubb3c"},{"@type":"BreadcrumbList","@id":"https:\/\/naturalpoland.com\/ko\/je-pum\/sig-mul-chu-chul-mul\/%ec%95%84%ec%82%ac%ec%9d%b4-%ec%b6%94%ec%b6%9c%eb%ac%bc\/#breadcrumb","itemListElement":[{"@type":"ListItem","position":1,"name":"\ud648","item":"https:\/\/naturalpoland.com\/ko\/"},{"@type":"ListItem","position":2,"name":"\uc81c\ud488","item":"https:\/\/naturalpoland.com\/ko\/%ec%a0%9c%ed%92%88\/"},{"@type":"ListItem","position":3,"name":"\uc544\uc0ac\uc774 \ucd94\ucd9c\ubb3c"}]},{"@type":"WebSite","@id":"https:\/\/naturalpoland.com\/ko\/#website","url":"https:\/\/naturalpoland.com\/ko\/","name":"NATURAL POLAND - Hurtowy Dystrybutor Surowc\u00f3w","description":"Surowce dla przemys\u0142u spo\u017cywczego, kosmetycznego i farmaceutycznego","publisher":{"@id":"https:\/\/naturalpoland.com\/ko\/#organization"},"potentialAction":[{"@type":"SearchAction","target":{"@type":"EntryPoint","urlTemplate":"https:\/\/naturalpoland.com\/ko\/?s={search_term_string}"},"query-input":{"@type":"PropertyValueSpecification","valueRequired":true,"valueName":"search_term_string"}}],"inLanguage":"ko-KR"},{"@type":"Organization","@id":"https:\/\/naturalpoland.com\/ko\/#organization","name":"Natural Poland","url":"https:\/\/naturalpoland.com\/ko\/","logo":{"@type":"ImageObject","inLanguage":"ko-KR","@id":"https:\/\/naturalpoland.com\/ko\/#\/schema\/logo\/image\/","url":"https:\/\/naturalpoland.com\/wp-content\/uploads\/2021\/05\/natural-poland-icon.png","contentUrl":"https:\/\/naturalpoland.com\/wp-content\/uploads\/2021\/05\/natural-poland-icon.png","width":512,"height":512,"caption":"Natural Poland"},"image":{"@id":"https:\/\/naturalpoland.com\/ko\/#\/schema\/logo\/image\/"},"sameAs":["https:\/\/www.facebook.com\/naturalpoland.b2b","https:\/\/pl.linkedin.com\/company\/natural-poland","https:\/\/www.youtube.com\/channel\/UCgeGGkvOMahZo-xu_MSEWxg"]}]}},"_links":{"self":[{"href":"https:\/\/naturalpoland.com\/ko\/wp-json\/wp\/v2\/product\/44644","targetHints":{"allow":["GET"]}}],"collection":[{"href":"https:\/\/naturalpoland.com\/ko\/wp-json\/wp\/v2\/product"}],"about":[{"href":"https:\/\/naturalpoland.com\/ko\/wp-json\/wp\/v2\/types\/product"}],"wp:featuredmedia":[{"embeddable":true,"href":"https:\/\/naturalpoland.com\/ko\/wp-json\/wp\/v2\/media\/44645"}],"wp:attachment":[{"href":"https:\/\/naturalpoland.com\/ko\/wp-json\/wp\/v2\/media?parent=44644"}],"wp:term":[{"taxonomy":"product_brand","embeddable":true,"href":"https:\/\/naturalpoland.com\/ko\/wp-json\/wp\/v2\/product_brand?post=44644"},{"taxonomy":"product_cat","embeddable":true,"href":"https:\/\/naturalpoland.com\/ko\/wp-json\/wp\/v2\/product_cat?post=44644"},{"taxonomy":"product_tag","embeddable":true,"href":"https:\/\/naturalpoland.com\/ko\/wp-json\/wp\/v2\/product_tag?post=44644"}],"curies":[{"name":"wp","href":"https:\/\/api.w.org\/{rel}","templated":true}]}}