{"id":44649,"date":"2021-05-11T13:50:33","date_gmt":"2021-05-11T11:50:33","guid":{"rendered":"https:\/\/naturalpoland.com\/produkty\/uncategorized\/%eb%8f%99%eb%b0%b1%ec%94%a8-%ec%98%a4%ec%9d%bc\/"},"modified":"2025-12-22T13:18:11","modified_gmt":"2025-12-22T12:18:11","slug":"%eb%8f%99%eb%b0%b1%ec%94%a8-%ec%98%a4%ec%9d%bc","status":"publish","type":"product","link":"https:\/\/naturalpoland.com\/ko\/je-pum\/sig-yong-mit-hwa-jang-pum-yong-o-il\/%eb%8f%99%eb%b0%b1%ec%94%a8-%ec%98%a4%ec%9d%bc\/","title":{"rendered":"\ub3d9\ubc31\uc528 \uc624\uc77c"},"content":{"rendered":"<h2>\ub3d9\ubc31\uc528 \uc624\uc77c\uc758 \ud6a8\ub2a5<\/h2>\n<p>\ub3d9\ubc31\uc528 \uc624\uc77c\uc740 \uc815\uc81c\ub41c \uc720\uae30\ub18d \uace0\ud488\uc9c8 \ud654\uc7a5\ud488 \uc6d0\ub8cc\uc785\ub2c8\ub2e4. \ubcf8 \uc81c\ud488\uc740 \uc720\ub7fd \uaddc\uc815(2018\/848) \ubc0f <strong>\ucf54\uc2a4\ubaa8\uc2a4(Cosmos)<\/strong> \ud45c\uc900\uc5d0 \ub530\ub77c \uc778\uc99d\ub418\uc5b4 \uc720\uae30\ub18d \ud488\uc9c8\uc744 \ubcf4\uc7a5\ud569\ub2c8\ub2e4. <\/p>\n<p>\ub3d9\ubc31 \uc624\uc77c(Tsubaki Oil)\uc740 \uc601\uc591 \uc131\ubd84\uc758 \ubcf4\uace0\uc785\ub2c8\ub2e4:<\/p>\n<ul>\n<li><strong>\uc62c\ub808\uc0b0(\uc624\uba54\uac00-9), \ub9ac\ub180\ub808\uc0b0, \ud314\ubbf8\ud2b8\uc0b0, \uc2a4\ud14c\uc544\ub974\uc0b0<\/strong> \u2013 \uc62c\ub808\uc0b0(C18:1)\uc740 \uc624\uc77c \ud568\ub7c9\uc758 85% \uc774\uc0c1\uc744 \ucc28\uc9c0\ud558\uba70, \ud53c\ubd80\uc5d0 \uc644\ubcbd\ud558\uac8c \ud761\uc218\ub418\uc5b4 \ubcf4\uc2b5\ud558\uace0 \uc790\uc5f0 \ubcf4\ud638\ub9c9\uc744 \uac15\ud654\ud569\ub2c8\ub2e4. \uc774\ub294 \uc778\uccb4 \ud53c\uc9c0\uc758 \uc8fc\uc694 \uc131\ubd84\uc73c\ub85c, \ub3d9\ubc31 \uc624\uc77c(Tsubaki Oil)\uc774 \ubaa8\ub4e0 \ud53c\ubd80 \ud0c0\uc785\uc5d0 \uc774\uc0c1\uc801\uc73c\ub85c \uc791\uc6a9\ud558\uba70 \ub048\uc801\uc784 \uc5c6\uc774 \ub9c8\ubb34\ub9ac\ub418\ub3c4\ub85d \ud569\ub2c8\ub2e4. \ub9ac\ub180\ub808\uc0b0\uc740 \ud53c\ubd80 \uc9c0\uc9c8 \uc7a5\ubcbd \uc7ac\uc0dd\uc744 \ub3d5\uc2b5\ub2c8\ub2e4.  <\/li>\n<li><strong>\ube44\ud0c0\ubbfc E<\/strong> \u2013 &#8220;\uc80a\uc74c\uc758 \ube44\ud0c0\ubbfc&#8221;\uc774\ub77c \ubd88\ub9ac\ub294 \uac15\ub825\ud55c \ud56d\uc0b0\ud654\uc81c\ub85c, \ud65c\uc131\uc0b0\uc18c\ub85c\ubd80\ud130 \ud53c\ubd80\ub97c \ubcf4\ud638\ud558\uace0 \uc8fc\ub984\uc744 \uc904\uc774\uba70 \ud53c\ubd80 \ud0c4\ub825\uc744 \uac1c\uc120\ud569\ub2c8\ub2e4.<\/li>\n<li><strong>\ud504\ub85c\ube44\ud0c0\ubbfc A<\/strong> \u2013 \ud53c\ubd80\ub97c \uc7ac\uc0dd\ud558\uace0 \ub178\ud654 \ubc29\uc9c0 \ud6a8\uacfc\ub97c \uc81c\uacf5\ud558\uba70, \ud53c\ubd80\uacb0\uc744 \ub9e4\ub044\ub7fd\uac8c \ud558\uace0 \uc0c9\uc18c \uce68\ucc29\uc744 \uc644\ud654\ud569\ub2c8\ub2e4.<\/li>\n<li><strong>\uc2a4\ucfe0\uc54c\ub780<\/strong> \u2013 \ud53c\ubd80\uc758 \uc218\ubd84 \uc9c0\uc9c8\ub9c9\uc744 \uac15\ud654\ud558\uace0 \ubcf4\uc2b5 \ubc0f \ubcf4\ud638 \ud6a8\uacfc\ub97c \uc81c\uacf5\ud558\uba70, \ud53c\ubd80\uc640 \ubaa8\ubc1c\uc758 \uc7ac\uc0dd \uacfc\uc815\uc744 \ub3d5\uc2b5\ub2c8\ub2e4.<\/li>\n<li><strong>\ud56d\uc0b0\ud654\uc81c (\uce74\ud14c\ud0a8, \uac08\uc0b0, \ud1a0\ucf54\ud2b8\ub9ac\uc5d0\ub180)<\/strong> \u2013 \uc870\uae30 \ud53c\ubd80 \ub178\ud654\ub97c \uc720\ubc1c\ud558\ub294 \uc0b0\ud654 \uc2a4\ud2b8\ub808\uc2a4\ub85c\ubd80\ud130 \ud53c\ubd80\ub97c \ubcf4\ud638\ud569\ub2c8\ub2e4.<\/li>\n<\/ul>\n<h2>\ub3d9\ubc31 \uc624\uc77c(Tsubaki Oil) \ud65c\uc6a9\ubc95:<\/h2>\n<p>\ub3d9\ubc31\uc528 \uc624\uc77c\uc740 \ud654\uc7a5\ud488\uc5d0 \ud3ed\ub113\uac8c \ud65c\uc6a9\ub429\ub2c8\ub2e4:<\/p>\n<ol>\n<li>\ud53c\ubd80\ub97c \ubcf4\uc2b5\ud558\uace0 \uc7ac\uc0dd\ud558\uba70, \ud53c\ubd80 \ubcf4\ud638\ub9c9\uc744 \uac15\ud654\ud569\ub2c8\ub2e4.<\/li>\n<li>\ud53c\ubd80 \ucf5c\ub77c\uac90 \uc0dd\uc131\uc744 \ucd09\uc9c4\ud569\ub2c8\ub2e4.<\/li>\n<li>\ud48d\ubd80\ud55c \ud56d\uc0b0\ud654 \uc131\ubd84\uc73c\ub85c \ud53c\ubd80 \ub178\ud654\ub97c \ubc29\uc9c0\ud569\ub2c8\ub2e4.<\/li>\n<li>\ud53c\ubd80 \uc790\uadf9\uc744 \uc644\ud654\ud558\uace0 \uc5fc\uc99d\uc744 \uc9c4\uc815\uc2dc\ud0b5\ub2c8\ub2e4.<\/li>\n<li>\uba54\uc774\ud06c\uc5c5\uc744 \ubd80\ub4dc\ub7fd\uac8c \uc9c0\uc6b0\uace0 \ud53c\ubd80\ub97c \uae68\ub057\ud558\uac8c \uc815\ud654\ud569\ub2c8\ub2e4.<\/li>\n<li>\ubaa8\ubc1c \uad6c\uc870\ub97c \uac15\ud654\ud558\uace0 \ubcf4\uc2b5\ud558\uba70, \ubb3c\ub9ac\uc801 \uc190\uc0c1 \ubc0f \uace0\uc628\uc73c\ub85c\ubd80\ud130 \ubaa8\ubc1c\uc744 \ubcf4\ud638\ud569\ub2c8\ub2e4.<\/li>\n<li>\ubaa8\ubc1c \ub05d \uac08\ub77c\uc9d0\uc744 \ubc29\uc9c0\ud558\uace0 \uc724\uae30\uc640 \ubd80\ub4dc\ub7ec\uc6c0\uc744 \uc120\uc0ac\ud569\ub2c8\ub2e4.<\/li>\n<li>\ub450\ud53c \uac74\uc870\ud568\uacfc \uac01\uc9c8\uc744 \uc904\uc774\uace0 \ube44\ub4ec \ubc29\uc9c0 \ud6a8\uacfc\uac00 \uc788\uc2b5\ub2c8\ub2e4.<\/li>\n<\/ol>\n<p>\ub3d9\ubc31 \uc624\uc77c\uc740 \ub2e4\uc591\ud55c \ubc29\ubc95\uc73c\ub85c \ud65c\uc6a9\ud560 \uc218 \uc788\uc2b5\ub2c8\ub2e4. \ucd09\ucd09\ud55c \ud53c\ubd80\uc640 \ubaa8\ubc1c\uc5d0 \uc9c1\uc811 \ubc14\ub974\uac70\ub098, \ud398\uc774\uc2a4 \ud06c\ub9bc, \ubc14\ub514 \ub85c\uc158, \ud5e4\uc5b4 \ucee8\ub514\uc154\ub108\uc5d0 \uc11e\uc5b4 \uc0ac\uc6a9\ud560 \uc218 \uc788\uc2b5\ub2c8\ub2e4. \ub610\ud55c, \uc5bc\uad74, \ubab8, \ub450\ud53c \ub9c8\uc0ac\uc9c0\uc5d0 \uc0ac\uc6a9\ud558\uc5ec \ud608\uc561 \uc21c\ud658\uc744 \uac1c\uc120\ud558\uace0 \ud53c\ubd80 \ud0c4\ub825\uc744 \uc99d\uc9c4\uc2dc\ud0ac \uc218 \uc788\uc2b5\ub2c8\ub2e4.   <\/p>\n","protected":false},"excerpt":{"rendered":"<p><strong>\ub3d9\ubc31\uc528 \uc624\uc77c<\/strong>\uc740 <strong>\ub3d9\ubc31 \uc624\uc77c(Tsubaki Oil)<\/strong>\uc774\ub77c\uace0\ub3c4 \ubd88\ub9bd\ub2c8\ub2e4. <em>Camellia japonica<\/em> \uc528\uc557\uc744 \ub0c9\uc555\ucc29\ud558\uc5ec \uc5bb\uc2b5\ub2c8\ub2e4. \uc77c\ubcf8\uc5d0\uc11c\ub294 8\uc138\uae30\ubd80\ud130 \uc0ac\uc6a9\ub418\uc5b4 \uc654\uc73c\uba70, \uc720\ub7fd\uc5d0\uc11c\ub294 \uba87 \ub144 \uc804\ubd80\ud130 \uc778\uae30\ub97c \uc5bb\uc5c8\uc2b5\ub2c8\ub2e4. \ud53c\ubd80 \ubc0f \ubaa8\ubc1c \uad00\ub9ac\ub97c \uc704\ud55c \ud654\uc7a5\ud488\uc5d0 \ud65c\uc6a9\ub429\ub2c8\ub2e4.    <\/p>\n","protected":false},"featured_media":44651,"template":"","meta":{"_acf_changed":false},"product_brand":[],"product_cat":[8135],"product_tag":[],"class_list":{"0":"post-44649","1":"product","2":"type-product","3":"status-publish","4":"has-post-thumbnail","6":"product_cat-sig-yong-mit-hwa-jang-pum-yong-o-il","7":"pa_certyfikaty-9910","9":"first","10":"instock","11":"shipping-taxable","12":"product-type-simple"},"acf":[],"yoast_head":"<!-- This site is optimized with the Yoast SEO plugin v27.5 - https:\/\/yoast.com\/product\/yoast-seo-wordpress\/ -->\n<title>NATURAL POLAND &#8211; Hurtowy Dystrybutor Surowc\u00f3w<\/title>\n<meta name=\"description\" content=\"\ub3d9\ubc31\uc528 \uc624\uc77c\uc740 \ub2e4\uc7ac\ub2e4\ub2a5\ud55c \uc2a4\ud0a8\ucf00\uc5b4 \ud6a8\ub2a5\uc744 \uc9c0\ub2cc \ub9e4\uc6b0 \uadc0\uc911\ud55c \uc6d0\ub8cc\uc785\ub2c8\ub2e4. \uac00\ubcbc\uc6b4 \uc81c\ud615\uc774 \ud2b9\uc9d5\uc785\ub2c8\ub2e4.\" \/>\n<meta name=\"robots\" content=\"index, follow, max-snippet:-1, max-image-preview:large, max-video-preview:-1\" \/>\n<link rel=\"canonical\" href=\"https:\/\/naturalpoland.com\/ko\/je-pum\/sig-yong-mit-hwa-jang-pum-yong-o-il\/%eb%8f%99%eb%b0%b1%ec%94%a8-%ec%98%a4%ec%9d%bc\/\" \/>\n<meta property=\"og:locale\" content=\"ko_KR\" \/>\n<meta property=\"og:type\" content=\"article\" \/>\n<meta property=\"og:description\" content=\"\ub3d9\ubc31\uc528 \uc624\uc77c\uc740 \ub2e4\uc7ac\ub2e4\ub2a5\ud55c \uc2a4\ud0a8\ucf00\uc5b4 \ud6a8\ub2a5\uc744 \uc9c0\ub2cc \ub9e4\uc6b0 \uadc0\uc911\ud55c \uc6d0\ub8cc\uc785\ub2c8\ub2e4. \uac00\ubcbc\uc6b4 \uc81c\ud615\uc774 \ud2b9\uc9d5\uc785\ub2c8\ub2e4.\" \/>\n<meta property=\"og:url\" content=\"https:\/\/naturalpoland.com\/ko\/je-pum\/sig-yong-mit-hwa-jang-pum-yong-o-il\/%eb%8f%99%eb%b0%b1%ec%94%a8-%ec%98%a4%ec%9d%bc\/\" \/>\n<meta property=\"og:site_name\" content=\"NATURAL POLAND - Hurtowy Dystrybutor Surowc\u00f3w\" \/>\n<meta property=\"article:publisher\" content=\"https:\/\/www.facebook.com\/naturalpoland.b2b\" \/>\n<meta property=\"article:modified_time\" content=\"2025-12-22T12:18:11+00:00\" \/>\n<meta property=\"og:image\" content=\"https:\/\/naturalpoland.com\/wp-content\/uploads\/olej-z-nasion-kamelii.webp\" \/>\n\t<meta property=\"og:image:width\" content=\"619\" \/>\n\t<meta property=\"og:image:height\" content=\"619\" \/>\n\t<meta property=\"og:image:type\" content=\"image\/webp\" \/>\n<script type=\"application\/ld+json\" class=\"yoast-schema-graph\">{\"@context\":\"https:\\\/\\\/schema.org\",\"@graph\":[{\"@type\":\"WebPage\",\"@id\":\"https:\\\/\\\/naturalpoland.com\\\/ko\\\/je-pum\\\/sig-yong-mit-hwa-jang-pum-yong-o-il\\\/%eb%8f%99%eb%b0%b1%ec%94%a8-%ec%98%a4%ec%9d%bc\\\/\",\"url\":\"https:\\\/\\\/naturalpoland.com\\\/ko\\\/je-pum\\\/sig-yong-mit-hwa-jang-pum-yong-o-il\\\/%eb%8f%99%eb%b0%b1%ec%94%a8-%ec%98%a4%ec%9d%bc\\\/\",\"name\":\"\",\"isPartOf\":{\"@id\":\"https:\\\/\\\/naturalpoland.com\\\/ko\\\/#website\"},\"primaryImageOfPage\":{\"@id\":\"https:\\\/\\\/naturalpoland.com\\\/ko\\\/je-pum\\\/sig-yong-mit-hwa-jang-pum-yong-o-il\\\/%eb%8f%99%eb%b0%b1%ec%94%a8-%ec%98%a4%ec%9d%bc\\\/#primaryimage\"},\"image\":{\"@id\":\"https:\\\/\\\/naturalpoland.com\\\/ko\\\/je-pum\\\/sig-yong-mit-hwa-jang-pum-yong-o-il\\\/%eb%8f%99%eb%b0%b1%ec%94%a8-%ec%98%a4%ec%9d%bc\\\/#primaryimage\"},\"thumbnailUrl\":\"https:\\\/\\\/naturalpoland.com\\\/wp-content\\\/uploads\\\/olej-z-nasion-kamelii.webp\",\"datePublished\":\"2021-05-11T11:50:33+00:00\",\"dateModified\":\"2025-12-22T12:18:11+00:00\",\"description\":\"\ub3d9\ubc31\uc528 \uc624\uc77c\uc740 \ub2e4\uc7ac\ub2e4\ub2a5\ud55c \uc2a4\ud0a8\ucf00\uc5b4 \ud6a8\ub2a5\uc744 \uc9c0\ub2cc \ub9e4\uc6b0 \uadc0\uc911\ud55c \uc6d0\ub8cc\uc785\ub2c8\ub2e4. \uac00\ubcbc\uc6b4 \uc81c\ud615\uc774 \ud2b9\uc9d5\uc785\ub2c8\ub2e4.\",\"breadcrumb\":{\"@id\":\"https:\\\/\\\/naturalpoland.com\\\/ko\\\/je-pum\\\/sig-yong-mit-hwa-jang-pum-yong-o-il\\\/%eb%8f%99%eb%b0%b1%ec%94%a8-%ec%98%a4%ec%9d%bc\\\/#breadcrumb\"},\"inLanguage\":\"ko-KR\",\"potentialAction\":[{\"@type\":\"ReadAction\",\"target\":[\"https:\\\/\\\/naturalpoland.com\\\/ko\\\/je-pum\\\/sig-yong-mit-hwa-jang-pum-yong-o-il\\\/%eb%8f%99%eb%b0%b1%ec%94%a8-%ec%98%a4%ec%9d%bc\\\/\"]}]},{\"@type\":\"ImageObject\",\"inLanguage\":\"ko-KR\",\"@id\":\"https:\\\/\\\/naturalpoland.com\\\/ko\\\/je-pum\\\/sig-yong-mit-hwa-jang-pum-yong-o-il\\\/%eb%8f%99%eb%b0%b1%ec%94%a8-%ec%98%a4%ec%9d%bc\\\/#primaryimage\",\"url\":\"https:\\\/\\\/naturalpoland.com\\\/wp-content\\\/uploads\\\/olej-z-nasion-kamelii.webp\",\"contentUrl\":\"https:\\\/\\\/naturalpoland.com\\\/wp-content\\\/uploads\\\/olej-z-nasion-kamelii.webp\",\"width\":619,\"height\":619,\"caption\":\"\ub3d9\ubc31\uc528 \uc624\uc77c\"},{\"@type\":\"BreadcrumbList\",\"@id\":\"https:\\\/\\\/naturalpoland.com\\\/ko\\\/je-pum\\\/sig-yong-mit-hwa-jang-pum-yong-o-il\\\/%eb%8f%99%eb%b0%b1%ec%94%a8-%ec%98%a4%ec%9d%bc\\\/#breadcrumb\",\"itemListElement\":[{\"@type\":\"ListItem\",\"position\":1,\"name\":\"\ud648\",\"item\":\"https:\\\/\\\/naturalpoland.com\\\/ko\\\/\"},{\"@type\":\"ListItem\",\"position\":2,\"name\":\"\uc81c\ud488\",\"item\":\"https:\\\/\\\/naturalpoland.com\\\/ko\\\/%ec%a0%9c%ed%92%88\\\/\"},{\"@type\":\"ListItem\",\"position\":3,\"name\":\"\ub3d9\ubc31\uc528 \uc624\uc77c\"}]},{\"@type\":\"WebSite\",\"@id\":\"https:\\\/\\\/naturalpoland.com\\\/ko\\\/#website\",\"url\":\"https:\\\/\\\/naturalpoland.com\\\/ko\\\/\",\"name\":\"NATURAL POLAND - Hurtowy Dystrybutor Surowc\u00f3w\",\"description\":\"Surowce dla przemys\u0142u spo\u017cywczego, kosmetycznego i farmaceutycznego\",\"publisher\":{\"@id\":\"https:\\\/\\\/naturalpoland.com\\\/ko\\\/#organization\"},\"potentialAction\":[{\"@type\":\"SearchAction\",\"target\":{\"@type\":\"EntryPoint\",\"urlTemplate\":\"https:\\\/\\\/naturalpoland.com\\\/ko\\\/?s={search_term_string}\"},\"query-input\":{\"@type\":\"PropertyValueSpecification\",\"valueRequired\":true,\"valueName\":\"search_term_string\"}}],\"inLanguage\":\"ko-KR\"},{\"@type\":\"Organization\",\"@id\":\"https:\\\/\\\/naturalpoland.com\\\/ko\\\/#organization\",\"name\":\"Natural Poland\",\"url\":\"https:\\\/\\\/naturalpoland.com\\\/ko\\\/\",\"logo\":{\"@type\":\"ImageObject\",\"inLanguage\":\"ko-KR\",\"@id\":\"https:\\\/\\\/naturalpoland.com\\\/ko\\\/#\\\/schema\\\/logo\\\/image\\\/\",\"url\":\"https:\\\/\\\/naturalpoland.com\\\/wp-content\\\/uploads\\\/2021\\\/05\\\/natural-poland-icon.png\",\"contentUrl\":\"https:\\\/\\\/naturalpoland.com\\\/wp-content\\\/uploads\\\/2021\\\/05\\\/natural-poland-icon.png\",\"width\":512,\"height\":512,\"caption\":\"Natural Poland\"},\"image\":{\"@id\":\"https:\\\/\\\/naturalpoland.com\\\/ko\\\/#\\\/schema\\\/logo\\\/image\\\/\"},\"sameAs\":[\"https:\\\/\\\/www.facebook.com\\\/naturalpoland.b2b\",\"https:\\\/\\\/pl.linkedin.com\\\/company\\\/natural-poland\",\"https:\\\/\\\/www.youtube.com\\\/channel\\\/UCgeGGkvOMahZo-xu_MSEWxg\"]}]}<\/script>\n<!-- \/ Yoast SEO plugin. -->","yoast_head_json":{"title":"NATURAL POLAND &#8211; Hurtowy Dystrybutor Surowc\u00f3w","description":"\ub3d9\ubc31\uc528 \uc624\uc77c\uc740 \ub2e4\uc7ac\ub2e4\ub2a5\ud55c \uc2a4\ud0a8\ucf00\uc5b4 \ud6a8\ub2a5\uc744 \uc9c0\ub2cc \ub9e4\uc6b0 \uadc0\uc911\ud55c \uc6d0\ub8cc\uc785\ub2c8\ub2e4. \uac00\ubcbc\uc6b4 \uc81c\ud615\uc774 \ud2b9\uc9d5\uc785\ub2c8\ub2e4.","robots":{"index":"index","follow":"follow","max-snippet":"max-snippet:-1","max-image-preview":"max-image-preview:large","max-video-preview":"max-video-preview:-1"},"canonical":"https:\/\/naturalpoland.com\/ko\/je-pum\/sig-yong-mit-hwa-jang-pum-yong-o-il\/%eb%8f%99%eb%b0%b1%ec%94%a8-%ec%98%a4%ec%9d%bc\/","og_locale":"ko_KR","og_type":"article","og_description":"\ub3d9\ubc31\uc528 \uc624\uc77c\uc740 \ub2e4\uc7ac\ub2e4\ub2a5\ud55c \uc2a4\ud0a8\ucf00\uc5b4 \ud6a8\ub2a5\uc744 \uc9c0\ub2cc \ub9e4\uc6b0 \uadc0\uc911\ud55c \uc6d0\ub8cc\uc785\ub2c8\ub2e4. \uac00\ubcbc\uc6b4 \uc81c\ud615\uc774 \ud2b9\uc9d5\uc785\ub2c8\ub2e4.","og_url":"https:\/\/naturalpoland.com\/ko\/je-pum\/sig-yong-mit-hwa-jang-pum-yong-o-il\/%eb%8f%99%eb%b0%b1%ec%94%a8-%ec%98%a4%ec%9d%bc\/","og_site_name":"NATURAL POLAND - Hurtowy Dystrybutor Surowc\u00f3w","article_publisher":"https:\/\/www.facebook.com\/naturalpoland.b2b","article_modified_time":"2025-12-22T12:18:11+00:00","og_image":[{"width":619,"height":619,"url":"https:\/\/naturalpoland.com\/wp-content\/uploads\/olej-z-nasion-kamelii.webp","type":"image\/webp"}],"schema":{"@context":"https:\/\/schema.org","@graph":[{"@type":"WebPage","@id":"https:\/\/naturalpoland.com\/ko\/je-pum\/sig-yong-mit-hwa-jang-pum-yong-o-il\/%eb%8f%99%eb%b0%b1%ec%94%a8-%ec%98%a4%ec%9d%bc\/","url":"https:\/\/naturalpoland.com\/ko\/je-pum\/sig-yong-mit-hwa-jang-pum-yong-o-il\/%eb%8f%99%eb%b0%b1%ec%94%a8-%ec%98%a4%ec%9d%bc\/","name":"","isPartOf":{"@id":"https:\/\/naturalpoland.com\/ko\/#website"},"primaryImageOfPage":{"@id":"https:\/\/naturalpoland.com\/ko\/je-pum\/sig-yong-mit-hwa-jang-pum-yong-o-il\/%eb%8f%99%eb%b0%b1%ec%94%a8-%ec%98%a4%ec%9d%bc\/#primaryimage"},"image":{"@id":"https:\/\/naturalpoland.com\/ko\/je-pum\/sig-yong-mit-hwa-jang-pum-yong-o-il\/%eb%8f%99%eb%b0%b1%ec%94%a8-%ec%98%a4%ec%9d%bc\/#primaryimage"},"thumbnailUrl":"https:\/\/naturalpoland.com\/wp-content\/uploads\/olej-z-nasion-kamelii.webp","datePublished":"2021-05-11T11:50:33+00:00","dateModified":"2025-12-22T12:18:11+00:00","description":"\ub3d9\ubc31\uc528 \uc624\uc77c\uc740 \ub2e4\uc7ac\ub2e4\ub2a5\ud55c \uc2a4\ud0a8\ucf00\uc5b4 \ud6a8\ub2a5\uc744 \uc9c0\ub2cc \ub9e4\uc6b0 \uadc0\uc911\ud55c \uc6d0\ub8cc\uc785\ub2c8\ub2e4. \uac00\ubcbc\uc6b4 \uc81c\ud615\uc774 \ud2b9\uc9d5\uc785\ub2c8\ub2e4.","breadcrumb":{"@id":"https:\/\/naturalpoland.com\/ko\/je-pum\/sig-yong-mit-hwa-jang-pum-yong-o-il\/%eb%8f%99%eb%b0%b1%ec%94%a8-%ec%98%a4%ec%9d%bc\/#breadcrumb"},"inLanguage":"ko-KR","potentialAction":[{"@type":"ReadAction","target":["https:\/\/naturalpoland.com\/ko\/je-pum\/sig-yong-mit-hwa-jang-pum-yong-o-il\/%eb%8f%99%eb%b0%b1%ec%94%a8-%ec%98%a4%ec%9d%bc\/"]}]},{"@type":"ImageObject","inLanguage":"ko-KR","@id":"https:\/\/naturalpoland.com\/ko\/je-pum\/sig-yong-mit-hwa-jang-pum-yong-o-il\/%eb%8f%99%eb%b0%b1%ec%94%a8-%ec%98%a4%ec%9d%bc\/#primaryimage","url":"https:\/\/naturalpoland.com\/wp-content\/uploads\/olej-z-nasion-kamelii.webp","contentUrl":"https:\/\/naturalpoland.com\/wp-content\/uploads\/olej-z-nasion-kamelii.webp","width":619,"height":619,"caption":"\ub3d9\ubc31\uc528 \uc624\uc77c"},{"@type":"BreadcrumbList","@id":"https:\/\/naturalpoland.com\/ko\/je-pum\/sig-yong-mit-hwa-jang-pum-yong-o-il\/%eb%8f%99%eb%b0%b1%ec%94%a8-%ec%98%a4%ec%9d%bc\/#breadcrumb","itemListElement":[{"@type":"ListItem","position":1,"name":"\ud648","item":"https:\/\/naturalpoland.com\/ko\/"},{"@type":"ListItem","position":2,"name":"\uc81c\ud488","item":"https:\/\/naturalpoland.com\/ko\/%ec%a0%9c%ed%92%88\/"},{"@type":"ListItem","position":3,"name":"\ub3d9\ubc31\uc528 \uc624\uc77c"}]},{"@type":"WebSite","@id":"https:\/\/naturalpoland.com\/ko\/#website","url":"https:\/\/naturalpoland.com\/ko\/","name":"NATURAL POLAND - Hurtowy Dystrybutor Surowc\u00f3w","description":"Surowce dla przemys\u0142u spo\u017cywczego, kosmetycznego i farmaceutycznego","publisher":{"@id":"https:\/\/naturalpoland.com\/ko\/#organization"},"potentialAction":[{"@type":"SearchAction","target":{"@type":"EntryPoint","urlTemplate":"https:\/\/naturalpoland.com\/ko\/?s={search_term_string}"},"query-input":{"@type":"PropertyValueSpecification","valueRequired":true,"valueName":"search_term_string"}}],"inLanguage":"ko-KR"},{"@type":"Organization","@id":"https:\/\/naturalpoland.com\/ko\/#organization","name":"Natural Poland","url":"https:\/\/naturalpoland.com\/ko\/","logo":{"@type":"ImageObject","inLanguage":"ko-KR","@id":"https:\/\/naturalpoland.com\/ko\/#\/schema\/logo\/image\/","url":"https:\/\/naturalpoland.com\/wp-content\/uploads\/2021\/05\/natural-poland-icon.png","contentUrl":"https:\/\/naturalpoland.com\/wp-content\/uploads\/2021\/05\/natural-poland-icon.png","width":512,"height":512,"caption":"Natural Poland"},"image":{"@id":"https:\/\/naturalpoland.com\/ko\/#\/schema\/logo\/image\/"},"sameAs":["https:\/\/www.facebook.com\/naturalpoland.b2b","https:\/\/pl.linkedin.com\/company\/natural-poland","https:\/\/www.youtube.com\/channel\/UCgeGGkvOMahZo-xu_MSEWxg"]}]}},"_links":{"self":[{"href":"https:\/\/naturalpoland.com\/ko\/wp-json\/wp\/v2\/product\/44649","targetHints":{"allow":["GET"]}}],"collection":[{"href":"https:\/\/naturalpoland.com\/ko\/wp-json\/wp\/v2\/product"}],"about":[{"href":"https:\/\/naturalpoland.com\/ko\/wp-json\/wp\/v2\/types\/product"}],"wp:featuredmedia":[{"embeddable":true,"href":"https:\/\/naturalpoland.com\/ko\/wp-json\/wp\/v2\/media\/44651"}],"wp:attachment":[{"href":"https:\/\/naturalpoland.com\/ko\/wp-json\/wp\/v2\/media?parent=44649"}],"wp:term":[{"taxonomy":"product_brand","embeddable":true,"href":"https:\/\/naturalpoland.com\/ko\/wp-json\/wp\/v2\/product_brand?post=44649"},{"taxonomy":"product_cat","embeddable":true,"href":"https:\/\/naturalpoland.com\/ko\/wp-json\/wp\/v2\/product_cat?post=44649"},{"taxonomy":"product_tag","embeddable":true,"href":"https:\/\/naturalpoland.com\/ko\/wp-json\/wp\/v2\/product_tag?post=44649"}],"curies":[{"name":"wp","href":"https:\/\/api.w.org\/{rel}","templated":true}]}}