{"id":44666,"date":"2021-05-21T10:51:01","date_gmt":"2021-05-21T08:51:01","guid":{"rendered":"https:\/\/naturalpoland.com\/produkty\/uncategorized\/%ec%95%8c%ed%8c%8c-%ec%95%8c%eb%b6%80%ed%8b%b4\/"},"modified":"2025-12-22T13:20:28","modified_gmt":"2025-12-22T12:20:28","slug":"%ec%95%8c%ed%8c%8c-%ec%95%8c%eb%b6%80%ed%8b%b4","status":"publish","type":"product","link":"https:\/\/naturalpoland.com\/ko\/je-pum\/hwa-jang-pum-won-ryo\/hwa-jang-pum-won-ryo-ko\/%ec%95%8c%ed%8c%8c-%ec%95%8c%eb%b6%80%ed%8b%b4\/","title":{"rendered":"\uc54c\ud30c \uc54c\ubd80\ud2f4"},"content":{"rendered":"<h2>\uc54c\ud30c \uc54c\ubd80\ud2f4\uc758 \uc791\uc6a9<\/h2>\n<p>\uc54c\ud30c \uc54c\ubd80\ud2f4\uc740 \uc21c\uc218\ud558\uace0 \uc218\uc6a9\uc131\uc778 \uace0\ud6a8\ub2a5 \ud65c\uc131 \uc131\ubd84\uc73c\ub85c, \ud53c\ubd80 \ubbf8\ubc31\uc5d0 \ud0c1\uc6d4\ud55c \ud6a8\uacfc\ub97c \ubcf4\uc785\ub2c8\ub2e4. \uc0c9\uc18c \uce68\ucc29, \uc8fc\uadfc\uae68, \uae30\ubbf8 \ub4f1\uc744 \uc720\ubc1c\ud558\ub294 \uba5c\ub77c\ub2cc \uc0dd\uc131 \ud6a8\uc18c\uc778 \ud2f0\ub85c\uc2dc\ub098\uc544\uc81c\uc758 \ud65c\uc131\uc744 \uc5b5\uc81c\ud558\uc5ec \uc791\uc6a9\ud569\ub2c8\ub2e4. \uc774\ub97c \ud1b5\ud574:  <\/p>\n<ul data-start=\"871\" data-end=\"1079\">\n<li data-start=\"871\" data-end=\"919\">\n<p data-start=\"873\" data-end=\"919\"><strong data-start=\"873\" data-end=\"917\">\ud53c\ubd80 \ud1a4\uc744 \ubc1d\ud788\uace0 \ud53c\ubd80\uc0c9\uc744 \uade0\uc77c\ud558\uac8c \ub9cc\ub4ed\ub2c8\ub2e4.<\/strong><\/p>\n<\/li>\n<li data-start=\"920\" data-end=\"999\">\n<p data-start=\"922\" data-end=\"999\"><strong data-start=\"922\" data-end=\"997\">\ud587\ube5b\uc73c\ub85c \uc778\ud55c \uc0c9\uc18c \uce68\ucc29, \uc8fc\uadfc\uae68 \ubc0f \uac80\ubc84\uc12f\uc744 \uac10\uc18c\uc2dc\ud0b5\ub2c8\ub2e4.<\/strong><\/p>\n<\/li>\n<li data-start=\"1000\" data-end=\"1079\">\n<p data-start=\"1002\" data-end=\"1079\"><strong data-start=\"1002\" data-end=\"1079\">\ud53c\ubd80\uc758 \ubc1d\uae30\ub97c \uc99d\uac00\uc2dc\ud0a4\uace0 \uc790\uc678\uc120 \ub178\ucd9c \ud6c4 \ud0dc\ub2dd \ud6a8\uacfc\ub97c \ucd5c\uc18c\ud654\ud569\ub2c8\ub2e4.<\/strong><\/p>\n<\/li>\n<\/ul>\n<p data-start=\"1081\" data-end=\"1110\">\ubca0\ud0c0 \uc54c\ubd80\ud2f4\uacfc \ube44\uad50\ud558\uc5ec:<\/p>\n<ul data-start=\"1111\" data-end=\"1353\">\n<li data-start=\"1111\" data-end=\"1207\">\n<p data-start=\"1113\" data-end=\"1207\"><strong data-start=\"1116\" data-end=\"1171\">\ud2f0\ub85c\uc2dc\ub098\uc544\uc81c \uc5b5\uc81c \ud6a8\ub2a5\uc774 10\ubc30 \ub354 \ub192\uc2b5\ub2c8\ub2e4<\/strong> (\uc2dc\ud5d8\uad00 \ub0b4 \ubc0f \uc0dd\uccb4 \ub0b4\uc5d0\uc11c \ud655\uc778\ub428).<\/p>\n<\/li>\n<li data-start=\"1208\" data-end=\"1261\">\n<p data-start=\"1210\" data-end=\"1261\"><strong data-start=\"1219\" data-end=\"1249\">\ud654\ud559\uc801 \uc548\uc815\uc131\uc774 \ud6e8\uc52c \ub354 \ub192\uc2b5\ub2c8\ub2e4<\/strong>.<\/p>\n<\/li>\n<li data-start=\"1262\" data-end=\"1353\">\n<p data-start=\"1264\" data-end=\"1353\">1 mmol\/L \ub18d\ub3c4\uc5d0\uc11c <strong data-start=\"1264\" data-end=\"1294\">\uc138\ud3ec \uc131\uc7a5\uc744 \uc5b5\uc81c\ud558\uc9c0 \uc54a\uc544<\/strong> \uc548\uc804\uc131\uc744 \uc785\uc99d\ud569\ub2c8\ub2e4.<\/p>\n<\/li>\n<\/ul>\n<h2>\uc801\uc6a9<\/h2>\n<p data-start=\"1382\" data-end=\"1435\">\uc54c\ud30c \uc54c\ubd80\ud2f4\uc740 <span style=\"font-size: 14.4px;\">\uc5bc\uad74 \ubc0f \ubc14\ub514 \ud53c\ubd80 \ubbf8\ubc31<\/span> \ud654\uc7a5\ud488 \ubc0f p<span style=\"font-size: 14.4px;\">\ud587\ube5b, \ub178\ud654, \ud638\ub974\ubaac\uc73c\ub85c \uc778\ud55c <g id=\"gid_0\">\uc0c9\uc18c \uce68\ucc29 \ubc29\uc9c0<\/g> \ud654\uc7a5\ud488\uc5d0 \uc0ac\uc6a9\ub429\ub2c8\ub2e4. \uc54c\ud30c \uc54c\ubd80\ud2f4\uc740 \ub610\ud55c p <\/span><span style=\"font-size: 14.4px;\">\ud53c\ubd80 \ud1a4 \ubd88\uade0\ud615 \uad00\ub9ac<\/span> \ubc0f <span style=\"font-size: 14.4px;\">\ubbf8\ubc31 \ubc0f \uc0c9\uc18c \uce68\ucc29 \uac1c\uc120 \ud654\uc7a5\ud488 (OTC \ubc0f \uc804\ubb38\uac00\uc6a9)<\/span>\uc5d0 \uc0ac\uc6a9\ub429\ub2c8\ub2e4.<\/p>\n<p data-start=\"1666\" data-end=\"1760\">\ud06c\ub9bc, \uc138\ub7fc, \uc5d0\uba40\uc804, \ud1a0\ub108 \ub4f1 \ud654\uc7a5\ud488 \uc81c\ud615\uc758 \uc218\uc131\uc0c1\uc5d0 \uc27d\uac8c \ud63c\ud569\ub420 \uc218 \uc788\uc2b5\ub2c8\ub2e4.<\/p>\n","protected":false},"excerpt":{"rendered":"<p>Natural Poland\ub294 \uace0\ud488\uc9c8 <strong>\uc54c\ud30c \uc54c\ubd80\ud2f4 (\u03b1-Arbutin)<\/strong>\uc758 \ub3c4\ub9e4 \uc720\ud1b5\uc5c5\uccb4\uc785\ub2c8\ub2e4. \uc774 \uc81c\ud488\uc740 \ud604\ub300\uc801\uc778 \ud654\uc7a5\ud488\uc5d0 \uc0ac\uc6a9\ub429\ub2c8\ub2e4.  \ud53c\ubd80 \ubbf8\ubc31 \ud6a8\uacfc\ub97c \ubcf4\uc785\ub2c8\ub2e4.<\/p>\n","protected":false},"featured_media":44667,"template":"","meta":{"_acf_changed":false},"product_brand":[],"product_cat":[8160],"product_tag":[],"class_list":{"0":"post-44666","1":"product","2":"type-product","3":"status-publish","4":"has-post-thumbnail","6":"product_cat-hwa-jang-pum-won-ryo-ko","8":"first","9":"instock","10":"shipping-taxable","11":"product-type-simple"},"acf":[],"yoast_head":"<!-- This site is optimized with the Yoast SEO plugin v27.6 - https:\/\/yoast.com\/product\/yoast-seo-wordpress\/ -->\n<title>\uc54c\ud30c \uc54c\ubd80\ud2f4 - Hurtowy Dystrybutor<\/title>\n<meta name=\"description\" content=\"\uc54c\ud30c \uc54c\ubd80\ud2f4\uc740 \uc0c9\uc18c \uce68\ucc29\uc744 \uc720\ubc1c\ud558\ub294 \uba5c\ub77c\ub2cc \uc0dd\uc131 \ud6a8\uc18c\uc778 \ud2f0\ub85c\uc2dc\ub098\uc544\uc81c\uc758 \ud65c\uc131\uc744 \uc5b5\uc81c\ud558\uc5ec \uc791\uc6a9\ud569\ub2c8\ub2e4.\" \/>\n<meta name=\"robots\" content=\"index, follow, max-snippet:-1, max-image-preview:large, max-video-preview:-1\" \/>\n<link rel=\"canonical\" href=\"https:\/\/naturalpoland.com\/ko\/je-pum\/hwa-jang-pum-won-ryo\/hwa-jang-pum-won-ryo-ko\/%ec%95%8c%ed%8c%8c-%ec%95%8c%eb%b6%80%ed%8b%b4\/\" \/>\n<meta property=\"og:locale\" content=\"ko_KR\" \/>\n<meta property=\"og:type\" content=\"article\" \/>\n<meta property=\"og:title\" content=\"\uc54c\ud30c \uc54c\ubd80\ud2f4 - Hurtowy Dystrybutor\" \/>\n<meta property=\"og:description\" content=\"\uc54c\ud30c \uc54c\ubd80\ud2f4\uc740 \uc0c9\uc18c \uce68\ucc29\uc744 \uc720\ubc1c\ud558\ub294 \uba5c\ub77c\ub2cc \uc0dd\uc131 \ud6a8\uc18c\uc778 \ud2f0\ub85c\uc2dc\ub098\uc544\uc81c\uc758 \ud65c\uc131\uc744 \uc5b5\uc81c\ud558\uc5ec \uc791\uc6a9\ud569\ub2c8\ub2e4.\" \/>\n<meta property=\"og:url\" content=\"https:\/\/naturalpoland.com\/ko\/je-pum\/hwa-jang-pum-won-ryo\/hwa-jang-pum-won-ryo-ko\/%ec%95%8c%ed%8c%8c-%ec%95%8c%eb%b6%80%ed%8b%b4\/\" \/>\n<meta property=\"og:site_name\" content=\"NATURAL POLAND - Hurtowy Dystrybutor Surowc\u00f3w\" \/>\n<meta property=\"article:publisher\" content=\"https:\/\/www.facebook.com\/naturalpoland.b2b\" \/>\n<meta property=\"article:modified_time\" content=\"2025-12-22T12:20:28+00:00\" \/>\n<meta property=\"og:image\" content=\"https:\/\/naturalpoland.com\/wp-content\/uploads\/alfa-arbutyna.jpg\" \/>\n\t<meta property=\"og:image:width\" content=\"472\" \/>\n\t<meta property=\"og:image:height\" content=\"418\" \/>\n\t<meta property=\"og:image:type\" content=\"image\/jpeg\" \/>\n<script type=\"application\/ld+json\" class=\"yoast-schema-graph\">{\"@context\":\"https:\\\/\\\/schema.org\",\"@graph\":[{\"@type\":\"WebPage\",\"@id\":\"https:\\\/\\\/naturalpoland.com\\\/ko\\\/je-pum\\\/hwa-jang-pum-won-ryo\\\/hwa-jang-pum-won-ryo-ko\\\/%ec%95%8c%ed%8c%8c-%ec%95%8c%eb%b6%80%ed%8b%b4\\\/\",\"url\":\"https:\\\/\\\/naturalpoland.com\\\/ko\\\/je-pum\\\/hwa-jang-pum-won-ryo\\\/hwa-jang-pum-won-ryo-ko\\\/%ec%95%8c%ed%8c%8c-%ec%95%8c%eb%b6%80%ed%8b%b4\\\/\",\"name\":\"\uc54c\ud30c \uc54c\ubd80\ud2f4 - Hurtowy Dystrybutor\",\"isPartOf\":{\"@id\":\"https:\\\/\\\/naturalpoland.com\\\/ko\\\/#website\"},\"primaryImageOfPage\":{\"@id\":\"https:\\\/\\\/naturalpoland.com\\\/ko\\\/je-pum\\\/hwa-jang-pum-won-ryo\\\/hwa-jang-pum-won-ryo-ko\\\/%ec%95%8c%ed%8c%8c-%ec%95%8c%eb%b6%80%ed%8b%b4\\\/#primaryimage\"},\"image\":{\"@id\":\"https:\\\/\\\/naturalpoland.com\\\/ko\\\/je-pum\\\/hwa-jang-pum-won-ryo\\\/hwa-jang-pum-won-ryo-ko\\\/%ec%95%8c%ed%8c%8c-%ec%95%8c%eb%b6%80%ed%8b%b4\\\/#primaryimage\"},\"thumbnailUrl\":\"https:\\\/\\\/naturalpoland.com\\\/wp-content\\\/uploads\\\/alfa-arbutyna.jpg\",\"datePublished\":\"2021-05-21T08:51:01+00:00\",\"dateModified\":\"2025-12-22T12:20:28+00:00\",\"description\":\"\uc54c\ud30c \uc54c\ubd80\ud2f4\uc740 \uc0c9\uc18c \uce68\ucc29\uc744 \uc720\ubc1c\ud558\ub294 \uba5c\ub77c\ub2cc \uc0dd\uc131 \ud6a8\uc18c\uc778 \ud2f0\ub85c\uc2dc\ub098\uc544\uc81c\uc758 \ud65c\uc131\uc744 \uc5b5\uc81c\ud558\uc5ec \uc791\uc6a9\ud569\ub2c8\ub2e4.\",\"breadcrumb\":{\"@id\":\"https:\\\/\\\/naturalpoland.com\\\/ko\\\/je-pum\\\/hwa-jang-pum-won-ryo\\\/hwa-jang-pum-won-ryo-ko\\\/%ec%95%8c%ed%8c%8c-%ec%95%8c%eb%b6%80%ed%8b%b4\\\/#breadcrumb\"},\"inLanguage\":\"ko-KR\",\"potentialAction\":[{\"@type\":\"ReadAction\",\"target\":[\"https:\\\/\\\/naturalpoland.com\\\/ko\\\/je-pum\\\/hwa-jang-pum-won-ryo\\\/hwa-jang-pum-won-ryo-ko\\\/%ec%95%8c%ed%8c%8c-%ec%95%8c%eb%b6%80%ed%8b%b4\\\/\"]}]},{\"@type\":\"ImageObject\",\"inLanguage\":\"ko-KR\",\"@id\":\"https:\\\/\\\/naturalpoland.com\\\/ko\\\/je-pum\\\/hwa-jang-pum-won-ryo\\\/hwa-jang-pum-won-ryo-ko\\\/%ec%95%8c%ed%8c%8c-%ec%95%8c%eb%b6%80%ed%8b%b4\\\/#primaryimage\",\"url\":\"https:\\\/\\\/naturalpoland.com\\\/wp-content\\\/uploads\\\/alfa-arbutyna.jpg\",\"contentUrl\":\"https:\\\/\\\/naturalpoland.com\\\/wp-content\\\/uploads\\\/alfa-arbutyna.jpg\",\"width\":472,\"height\":418,\"caption\":\"\uc54c\ud30c \uc54c\ubd80\ud2f4 \ub3c4\ub9e4\"},{\"@type\":\"BreadcrumbList\",\"@id\":\"https:\\\/\\\/naturalpoland.com\\\/ko\\\/je-pum\\\/hwa-jang-pum-won-ryo\\\/hwa-jang-pum-won-ryo-ko\\\/%ec%95%8c%ed%8c%8c-%ec%95%8c%eb%b6%80%ed%8b%b4\\\/#breadcrumb\",\"itemListElement\":[{\"@type\":\"ListItem\",\"position\":1,\"name\":\"\ud648\",\"item\":\"https:\\\/\\\/naturalpoland.com\\\/ko\\\/\"},{\"@type\":\"ListItem\",\"position\":2,\"name\":\"\uc81c\ud488\",\"item\":\"https:\\\/\\\/naturalpoland.com\\\/ko\\\/%ec%a0%9c%ed%92%88\\\/\"},{\"@type\":\"ListItem\",\"position\":3,\"name\":\"\uc54c\ud30c \uc54c\ubd80\ud2f4\"}]},{\"@type\":\"WebSite\",\"@id\":\"https:\\\/\\\/naturalpoland.com\\\/ko\\\/#website\",\"url\":\"https:\\\/\\\/naturalpoland.com\\\/ko\\\/\",\"name\":\"NATURAL POLAND - Hurtowy Dystrybutor Surowc\u00f3w\",\"description\":\"Surowce dla przemys\u0142u spo\u017cywczego, kosmetycznego i farmaceutycznego\",\"publisher\":{\"@id\":\"https:\\\/\\\/naturalpoland.com\\\/ko\\\/#organization\"},\"potentialAction\":[{\"@type\":\"SearchAction\",\"target\":{\"@type\":\"EntryPoint\",\"urlTemplate\":\"https:\\\/\\\/naturalpoland.com\\\/ko\\\/?s={search_term_string}\"},\"query-input\":{\"@type\":\"PropertyValueSpecification\",\"valueRequired\":true,\"valueName\":\"search_term_string\"}}],\"inLanguage\":\"ko-KR\"},{\"@type\":\"Organization\",\"@id\":\"https:\\\/\\\/naturalpoland.com\\\/ko\\\/#organization\",\"name\":\"Natural Poland\",\"url\":\"https:\\\/\\\/naturalpoland.com\\\/ko\\\/\",\"logo\":{\"@type\":\"ImageObject\",\"inLanguage\":\"ko-KR\",\"@id\":\"https:\\\/\\\/naturalpoland.com\\\/ko\\\/#\\\/schema\\\/logo\\\/image\\\/\",\"url\":\"https:\\\/\\\/naturalpoland.com\\\/wp-content\\\/uploads\\\/2021\\\/05\\\/natural-poland-icon.png\",\"contentUrl\":\"https:\\\/\\\/naturalpoland.com\\\/wp-content\\\/uploads\\\/2021\\\/05\\\/natural-poland-icon.png\",\"width\":512,\"height\":512,\"caption\":\"Natural Poland\"},\"image\":{\"@id\":\"https:\\\/\\\/naturalpoland.com\\\/ko\\\/#\\\/schema\\\/logo\\\/image\\\/\"},\"sameAs\":[\"https:\\\/\\\/www.facebook.com\\\/naturalpoland.b2b\",\"https:\\\/\\\/pl.linkedin.com\\\/company\\\/natural-poland\",\"https:\\\/\\\/www.youtube.com\\\/channel\\\/UCgeGGkvOMahZo-xu_MSEWxg\"]}]}<\/script>\n<!-- \/ Yoast SEO plugin. -->","yoast_head_json":{"title":"\uc54c\ud30c \uc54c\ubd80\ud2f4 - Hurtowy Dystrybutor","description":"\uc54c\ud30c \uc54c\ubd80\ud2f4\uc740 \uc0c9\uc18c \uce68\ucc29\uc744 \uc720\ubc1c\ud558\ub294 \uba5c\ub77c\ub2cc \uc0dd\uc131 \ud6a8\uc18c\uc778 \ud2f0\ub85c\uc2dc\ub098\uc544\uc81c\uc758 \ud65c\uc131\uc744 \uc5b5\uc81c\ud558\uc5ec \uc791\uc6a9\ud569\ub2c8\ub2e4.","robots":{"index":"index","follow":"follow","max-snippet":"max-snippet:-1","max-image-preview":"max-image-preview:large","max-video-preview":"max-video-preview:-1"},"canonical":"https:\/\/naturalpoland.com\/ko\/je-pum\/hwa-jang-pum-won-ryo\/hwa-jang-pum-won-ryo-ko\/%ec%95%8c%ed%8c%8c-%ec%95%8c%eb%b6%80%ed%8b%b4\/","og_locale":"ko_KR","og_type":"article","og_title":"\uc54c\ud30c \uc54c\ubd80\ud2f4 - Hurtowy Dystrybutor","og_description":"\uc54c\ud30c \uc54c\ubd80\ud2f4\uc740 \uc0c9\uc18c \uce68\ucc29\uc744 \uc720\ubc1c\ud558\ub294 \uba5c\ub77c\ub2cc \uc0dd\uc131 \ud6a8\uc18c\uc778 \ud2f0\ub85c\uc2dc\ub098\uc544\uc81c\uc758 \ud65c\uc131\uc744 \uc5b5\uc81c\ud558\uc5ec \uc791\uc6a9\ud569\ub2c8\ub2e4.","og_url":"https:\/\/naturalpoland.com\/ko\/je-pum\/hwa-jang-pum-won-ryo\/hwa-jang-pum-won-ryo-ko\/%ec%95%8c%ed%8c%8c-%ec%95%8c%eb%b6%80%ed%8b%b4\/","og_site_name":"NATURAL POLAND - Hurtowy Dystrybutor Surowc\u00f3w","article_publisher":"https:\/\/www.facebook.com\/naturalpoland.b2b","article_modified_time":"2025-12-22T12:20:28+00:00","og_image":[{"width":472,"height":418,"url":"https:\/\/naturalpoland.com\/wp-content\/uploads\/alfa-arbutyna.jpg","type":"image\/jpeg"}],"schema":{"@context":"https:\/\/schema.org","@graph":[{"@type":"WebPage","@id":"https:\/\/naturalpoland.com\/ko\/je-pum\/hwa-jang-pum-won-ryo\/hwa-jang-pum-won-ryo-ko\/%ec%95%8c%ed%8c%8c-%ec%95%8c%eb%b6%80%ed%8b%b4\/","url":"https:\/\/naturalpoland.com\/ko\/je-pum\/hwa-jang-pum-won-ryo\/hwa-jang-pum-won-ryo-ko\/%ec%95%8c%ed%8c%8c-%ec%95%8c%eb%b6%80%ed%8b%b4\/","name":"\uc54c\ud30c \uc54c\ubd80\ud2f4 - Hurtowy Dystrybutor","isPartOf":{"@id":"https:\/\/naturalpoland.com\/ko\/#website"},"primaryImageOfPage":{"@id":"https:\/\/naturalpoland.com\/ko\/je-pum\/hwa-jang-pum-won-ryo\/hwa-jang-pum-won-ryo-ko\/%ec%95%8c%ed%8c%8c-%ec%95%8c%eb%b6%80%ed%8b%b4\/#primaryimage"},"image":{"@id":"https:\/\/naturalpoland.com\/ko\/je-pum\/hwa-jang-pum-won-ryo\/hwa-jang-pum-won-ryo-ko\/%ec%95%8c%ed%8c%8c-%ec%95%8c%eb%b6%80%ed%8b%b4\/#primaryimage"},"thumbnailUrl":"https:\/\/naturalpoland.com\/wp-content\/uploads\/alfa-arbutyna.jpg","datePublished":"2021-05-21T08:51:01+00:00","dateModified":"2025-12-22T12:20:28+00:00","description":"\uc54c\ud30c \uc54c\ubd80\ud2f4\uc740 \uc0c9\uc18c \uce68\ucc29\uc744 \uc720\ubc1c\ud558\ub294 \uba5c\ub77c\ub2cc \uc0dd\uc131 \ud6a8\uc18c\uc778 \ud2f0\ub85c\uc2dc\ub098\uc544\uc81c\uc758 \ud65c\uc131\uc744 \uc5b5\uc81c\ud558\uc5ec \uc791\uc6a9\ud569\ub2c8\ub2e4.","breadcrumb":{"@id":"https:\/\/naturalpoland.com\/ko\/je-pum\/hwa-jang-pum-won-ryo\/hwa-jang-pum-won-ryo-ko\/%ec%95%8c%ed%8c%8c-%ec%95%8c%eb%b6%80%ed%8b%b4\/#breadcrumb"},"inLanguage":"ko-KR","potentialAction":[{"@type":"ReadAction","target":["https:\/\/naturalpoland.com\/ko\/je-pum\/hwa-jang-pum-won-ryo\/hwa-jang-pum-won-ryo-ko\/%ec%95%8c%ed%8c%8c-%ec%95%8c%eb%b6%80%ed%8b%b4\/"]}]},{"@type":"ImageObject","inLanguage":"ko-KR","@id":"https:\/\/naturalpoland.com\/ko\/je-pum\/hwa-jang-pum-won-ryo\/hwa-jang-pum-won-ryo-ko\/%ec%95%8c%ed%8c%8c-%ec%95%8c%eb%b6%80%ed%8b%b4\/#primaryimage","url":"https:\/\/naturalpoland.com\/wp-content\/uploads\/alfa-arbutyna.jpg","contentUrl":"https:\/\/naturalpoland.com\/wp-content\/uploads\/alfa-arbutyna.jpg","width":472,"height":418,"caption":"\uc54c\ud30c \uc54c\ubd80\ud2f4 \ub3c4\ub9e4"},{"@type":"BreadcrumbList","@id":"https:\/\/naturalpoland.com\/ko\/je-pum\/hwa-jang-pum-won-ryo\/hwa-jang-pum-won-ryo-ko\/%ec%95%8c%ed%8c%8c-%ec%95%8c%eb%b6%80%ed%8b%b4\/#breadcrumb","itemListElement":[{"@type":"ListItem","position":1,"name":"\ud648","item":"https:\/\/naturalpoland.com\/ko\/"},{"@type":"ListItem","position":2,"name":"\uc81c\ud488","item":"https:\/\/naturalpoland.com\/ko\/%ec%a0%9c%ed%92%88\/"},{"@type":"ListItem","position":3,"name":"\uc54c\ud30c \uc54c\ubd80\ud2f4"}]},{"@type":"WebSite","@id":"https:\/\/naturalpoland.com\/ko\/#website","url":"https:\/\/naturalpoland.com\/ko\/","name":"NATURAL POLAND - Hurtowy Dystrybutor Surowc\u00f3w","description":"Surowce dla przemys\u0142u spo\u017cywczego, kosmetycznego i farmaceutycznego","publisher":{"@id":"https:\/\/naturalpoland.com\/ko\/#organization"},"potentialAction":[{"@type":"SearchAction","target":{"@type":"EntryPoint","urlTemplate":"https:\/\/naturalpoland.com\/ko\/?s={search_term_string}"},"query-input":{"@type":"PropertyValueSpecification","valueRequired":true,"valueName":"search_term_string"}}],"inLanguage":"ko-KR"},{"@type":"Organization","@id":"https:\/\/naturalpoland.com\/ko\/#organization","name":"Natural Poland","url":"https:\/\/naturalpoland.com\/ko\/","logo":{"@type":"ImageObject","inLanguage":"ko-KR","@id":"https:\/\/naturalpoland.com\/ko\/#\/schema\/logo\/image\/","url":"https:\/\/naturalpoland.com\/wp-content\/uploads\/2021\/05\/natural-poland-icon.png","contentUrl":"https:\/\/naturalpoland.com\/wp-content\/uploads\/2021\/05\/natural-poland-icon.png","width":512,"height":512,"caption":"Natural Poland"},"image":{"@id":"https:\/\/naturalpoland.com\/ko\/#\/schema\/logo\/image\/"},"sameAs":["https:\/\/www.facebook.com\/naturalpoland.b2b","https:\/\/pl.linkedin.com\/company\/natural-poland","https:\/\/www.youtube.com\/channel\/UCgeGGkvOMahZo-xu_MSEWxg"]}]}},"_links":{"self":[{"href":"https:\/\/naturalpoland.com\/ko\/wp-json\/wp\/v2\/product\/44666","targetHints":{"allow":["GET"]}}],"collection":[{"href":"https:\/\/naturalpoland.com\/ko\/wp-json\/wp\/v2\/product"}],"about":[{"href":"https:\/\/naturalpoland.com\/ko\/wp-json\/wp\/v2\/types\/product"}],"wp:featuredmedia":[{"embeddable":true,"href":"https:\/\/naturalpoland.com\/ko\/wp-json\/wp\/v2\/media\/44667"}],"wp:attachment":[{"href":"https:\/\/naturalpoland.com\/ko\/wp-json\/wp\/v2\/media?parent=44666"}],"wp:term":[{"taxonomy":"product_brand","embeddable":true,"href":"https:\/\/naturalpoland.com\/ko\/wp-json\/wp\/v2\/product_brand?post=44666"},{"taxonomy":"product_cat","embeddable":true,"href":"https:\/\/naturalpoland.com\/ko\/wp-json\/wp\/v2\/product_cat?post=44666"},{"taxonomy":"product_tag","embeddable":true,"href":"https:\/\/naturalpoland.com\/ko\/wp-json\/wp\/v2\/product_tag?post=44666"}],"curies":[{"name":"wp","href":"https:\/\/api.w.org\/{rel}","templated":true}]}}