{"id":44676,"date":"2021-05-11T13:41:47","date_gmt":"2021-05-11T11:41:47","guid":{"rendered":"https:\/\/naturalpoland.com\/produkty\/uncategorized\/%ed%81%ac%eb%9e%9c%eb%b2%a0%eb%a6%ac-%ec%b6%94%ec%b6%9c%eb%ac%bc-5-pac\/"},"modified":"2025-12-22T13:27:13","modified_gmt":"2025-12-22T12:27:13","slug":"%ed%81%ac%eb%9e%9c%eb%b2%a0%eb%a6%ac-%ec%b6%94%ec%b6%9c%eb%ac%bc-5-pac","status":"publish","type":"product","link":"https:\/\/naturalpoland.com\/ko\/je-pum\/sig-mul-chu-chul-mul\/%ed%81%ac%eb%9e%9c%eb%b2%a0%eb%a6%ac-%ec%b6%94%ec%b6%9c%eb%ac%bc-5-pac\/","title":{"rendered":"\ud06c\ub79c\ubca0\ub9ac \ucd94\ucd9c\ubb3c 5% PAC"},"content":{"rendered":"<p>\ubcf8 \uc81c\ud488\uc740 \ud06c\ub79c\ubca0\ub9ac \ubcf8\uc5f0\uc758 \uc0c9\uc0c1\uc5d0\uc11c \ube44\ub86f\ub41c \uc790\ud64d\uc0c9 \ubd84\ub9d0 \ud615\ud0dc\ub85c \uc81c\uacf5\ub429\ub2c8\ub2e4. \uad00\ub2a5 \uac80\uc0ac\ub97c \ud1b5\ud574 \ud2b9\uc720\uc758 \ub9db\uacfc \ud5a5\uc774 \ud655\uc778\ub418\uc5c8\uc2b5\ub2c8\ub2e4. \uc5c4\uaca9\ud55c \ud488\uc9c8 \uad00\ub9ac\ub97c \uac70\uccd0 GMO, \uc911\uae08\uc18d \ubc0f \ubbf8\uc0dd\ubb3c\ub85c\ubd80\ud130 \uc548\uc804\ud569\ub2c8\ub2e4.  <\/p>\n<p>\uc774 \ucd94\ucd9c\ubb3c\uc740 \uc548\uc815\uc801\uc774\uace0 \ub0b4\uad6c\uc131\uc774 \ub6f0\uc5b4\ub098\uba70, \uac74\uc870\ud558\uace0 \uc5b4\ub450\uc6b4 \uacf3\uc5d0 \uc801\uc808\ud788 \ubcf4\uad00\ud558\uba74 \uc7a5\uae30\uac04 \ud6a8\ub2a5\uc744 \uc720\uc9c0\ud569\ub2c8\ub2e4.<\/p>\n<p>\ud06c\ub79c\ubca0\ub9ac \ucd94\ucd9c\ubb3c\uc740 \uc5d0\ud0c4\uc62c\uacfc \ubb3c\uc744 \uc774\uc6a9\ud55c \ucd94\ucd9c \uacf5\uc815\uc744 \ud1b5\ud574 \uc5bb\uc5b4\uc9d1\ub2c8\ub2e4. \uc774 \uacf5\uc815\uc740 \uc8fc\ub85c <strong>\ud504\ub85c\uc548\ud1a0\uc2dc\uc544\ub2c8\ub518<\/strong>(PAC)\uacfc \uac19\uc740 \uc0dd\uccb4 \ud65c\uc131 \uc131\ubd84\uc744 \ud6a8\uacfc\uc801\uc73c\ub85c \ucd94\ucd9c\ud558\uba70, \uadf8 \ud568\ub7c9\uc740 5% \uc774\uc0c1\uc785\ub2c8\ub2e4. <\/p>\n<h2>\ud504\ub85c\uc548\ud1a0\uc2dc\uc544\ub2c8\ub518\uc774\ub780 \ubb34\uc5c7\uc785\ub2c8\uae4c?<\/h2>\n<p>\ud504\ub85c\uc548\ud1a0\uc2dc\uc544\ub2c8\ub518\uc740 \ud56d\uc0b0\ud654 \ubc0f \ud56d\uc5fc\uc99d \ud2b9\uc131\uc774 \uc785\uc99d\ub41c \ud654\ud569\ubb3c\uc785\ub2c8\ub2e4. \uc694\ub85c \ubcbd\uc5d0 \uc138\uade0\uc774 \ubd80\ucc29\ub418\ub294 \uac83\uc744 \ubc29\uc9c0\ud558\uc5ec <strong>\uc694\ub85c \uac10\uc5fc\uc73c\ub85c\ubd80\ud130 \ubcf4\ud638<\/strong>\ud558\ub294 \ub370 \uc911\uc694\ud55c \uc5ed\ud560\uc744 \ud569\ub2c8\ub2e4. \ub530\ub77c\uc11c \uc774 \ucd94\ucd9c\ubb3c\uc740 \uc694\ub85c \uac74\uac15\uc744 \uc9c0\uc6d0\ud558\ub294 \ubcf4\ucda9\uc81c \uc0dd\uc0b0\uc5d0 \ub9e4\uc6b0 \uc911\uc694\ud569\ub2c8\ub2e4.  <\/p>\n<h2>\ud06c\ub79c\ubca0\ub9ac \ucd94\ucd9c\ubb3c\uc758 \ud6a8\ub2a5<\/h2>\n<p>\ud06c\ub79c\ubca0\ub9ac \ucd94\ucd9c\ubb3c\uc740 \uc694\ub85c \uac74\uac15 \uc99d\uc9c4 \uc678\uc5d0\ub3c4 <strong>\ud56d\uade0<\/strong>, \ud56d\uc0b0\ud654 \uc791\uc6a9 \ubc0f <strong>\uc2ec\ud608\uad00 \uac74\uac15<\/strong> \uc9c0\uc6d0 \ub2a5\ub825\uc73c\ub85c\ub3c4 \ub192\uc774 \ud3c9\uac00\ub429\ub2c8\ub2e4. \ud504\ub85c\uc548\ud1a0\uc2dc\uc544\ub2c8\ub518\ubfd0\ub9cc \uc544\ub2c8\ub77c \ube44\ud0c0\ubbfc A, C, E\uc640 \uc140\ub808\ub284, \uce7c\uc298, \uce7c\ub968\uacfc \uac19\uc740 \ubbf8\ub7c9 \uc6d0\uc18c\ub97c \ud568\uc720\ud558\uace0 \uc788\uc5b4 \ud568\uaed8 \uc2e0\uccb4 \uba74\uc5ed\ub825\uc744 \uac15\ud654\ud558\uace0 \uc804\ubc18\uc801\uc778 \uac74\uac15 \uc0c1\ud0dc\uc5d0 \uc720\uc775\ud55c \uc601\ud5a5\uc744 \ubbf8 \ubbf8\uce69\ub2c8\ub2e4. <\/p>\n<h2>\ud654\uc7a5\ud488 \uc18d \ud06c\ub79c\ubca0\ub9ac \ucd94\ucd9c\ubb3c<\/h2>\n<p>\ud06c\ub79c\ubca0\ub9ac \ucd94\ucd9c\ubb3c\uc740 <a href=\"https:\/\/naturalpoland.com\/ko\/ka-te-go-ri\/hwa-jang-pum-won-ryo\/\">\ud654\uc7a5\ud488 \uc0b0\uc5c5<\/a>\uc5d0\uc11c\ub3c4 \ud3ed\ub113\uac8c \ud65c\uc6a9\ub418\uba70, \ud53c\ubd80\uc5d0 \ub300\ud55c <strong>\ubcf4\uc2b5<\/strong>, \uc7ac\uc0dd \ubc0f \uc601\uc591 \uacf5\uae09 \ud2b9\uc131\uc73c\ub85c \uc778\ud574 \uc0ac\uc6a9\ub429\ub2c8\ub2e4. \ube44\ud0c0\ubbfc A\uc640 E\uac00 \ud48d\ubd80\ud558\uc5ec \ub2e4\uc591\ud55c \ud06c\ub9bc, \uc138\ub7fc \ubc0f \ubc14\ub514 \ucf00\uc5b4 \uc81c\ud488\uc758 \uc131\ubd84\uc73c\ub85c \uc0ac\uc6a9\ub418\uba70, \ud53c\ubd80 \ud0c4\ub825 \uac1c\uc120, \uc8fc\ub984 \uac10\uc18c \ubc0f \uc804\ubc18\uc801\uc778 \uc548\uc0c9 \uac1c\uc120\uc5d0 \uae30\uc5ec\ud569\ub2c8\ub2e4. <\/p>\n","protected":false},"excerpt":{"rendered":"<p>\ud06c\ub79c\ubca0\ub9ac \ucd94\ucd9c\ubb3c 5% PAC\ub294 <em>Vaccinium Macrocarpon L.<\/em> \uc5f4\ub9e4\ub85c \uc0dd\uc0b0\ub429\ub2c8\ub2e4. \uac74\uac15 \ubc0f \ubbf8\uc6a9 \ud2b9\uc131 \ub355\ubd84\uc5d0 \uac74\uac15 \ubcf4\uc870 \uc2dd\ud488\ubd80\ud130 \uc758\uc57d\ud488, \uace0\uae09 \ud654\uc7a5\ud488\uc5d0 \uc774\ub974\uae30\uae4c\uc9c0 \ub2e4\uc591\ud55c \ubd84\uc57c\uc5d0 \ud65c\uc6a9\ub429\ub2c8\ub2e4.<\/p>\n","protected":false},"featured_media":44682,"template":"","meta":{"_acf_changed":false},"product_brand":[],"product_cat":[8134],"product_tag":[],"class_list":{"0":"post-44676","1":"product","2":"type-product","3":"status-publish","4":"has-post-thumbnail","6":"product_cat-sig-mul-chu-chul-mul","7":"pa_czesc-rosliny-8225","8":"pa_skladnik-aktywny-9945","10":"first","11":"instock","12":"shipping-taxable","13":"product-type-simple"},"acf":[],"yoast_head":"<!-- This site is optimized with the Yoast SEO plugin v27.6 - https:\/\/yoast.com\/product\/yoast-seo-wordpress\/ -->\n<title>\ud06c\ub79c\ubca0\ub9ac \ucd94\ucd9c\ubb3c 5% PAC - Hurtowy Dystrybutor<\/title>\n<meta name=\"description\" content=\"\ud06c\ub79c\ubca0\ub9ac \ucd94\ucd9c\ubb3c 5% PAC\ub294 \uac74\uac15 \ubcf4\uc870 \uc2dd\ud488\ubd80\ud130 \uc758\uc57d\ud488, \uace0\uae09 \ud654\uc7a5\ud488\uc5d0 \uc774\ub974\uae30\uae4c\uc9c0 \ub2e4\uc591\ud55c \ubd84\uc57c\uc5d0 \ud65c\uc6a9\ub429\ub2c8\ub2e4.\" \/>\n<meta name=\"robots\" content=\"index, follow, max-snippet:-1, max-image-preview:large, max-video-preview:-1\" \/>\n<link rel=\"canonical\" href=\"https:\/\/naturalpoland.com\/ko\/je-pum\/sig-mul-chu-chul-mul\/%ed%81%ac%eb%9e%9c%eb%b2%a0%eb%a6%ac-%ec%b6%94%ec%b6%9c%eb%ac%bc-5-pac\/\" \/>\n<meta property=\"og:locale\" content=\"ko_KR\" \/>\n<meta property=\"og:type\" content=\"article\" \/>\n<meta property=\"og:title\" content=\"\ud06c\ub79c\ubca0\ub9ac \ucd94\ucd9c\ubb3c 5% PAC - Hurtowy Dystrybutor\" \/>\n<meta property=\"og:description\" content=\"\ud06c\ub79c\ubca0\ub9ac \ucd94\ucd9c\ubb3c 5% PAC\ub294 \uac74\uac15 \ubcf4\uc870 \uc2dd\ud488\ubd80\ud130 \uc758\uc57d\ud488, \uace0\uae09 \ud654\uc7a5\ud488\uc5d0 \uc774\ub974\uae30\uae4c\uc9c0 \ub2e4\uc591\ud55c \ubd84\uc57c\uc5d0 \ud65c\uc6a9\ub429\ub2c8\ub2e4.\" \/>\n<meta property=\"og:url\" content=\"https:\/\/naturalpoland.com\/ko\/je-pum\/sig-mul-chu-chul-mul\/%ed%81%ac%eb%9e%9c%eb%b2%a0%eb%a6%ac-%ec%b6%94%ec%b6%9c%eb%ac%bc-5-pac\/\" \/>\n<meta property=\"og:site_name\" content=\"NATURAL POLAND - Hurtowy Dystrybutor Surowc\u00f3w\" \/>\n<meta property=\"article:publisher\" content=\"https:\/\/www.facebook.com\/naturalpoland.b2b\" \/>\n<meta property=\"article:modified_time\" content=\"2025-12-22T12:27:13+00:00\" \/>\n<meta property=\"og:image\" content=\"https:\/\/naturalpoland.com\/wp-content\/uploads\/ekstrakt-z-zurawiny.webp\" \/>\n\t<meta property=\"og:image:width\" content=\"426\" \/>\n\t<meta property=\"og:image:height\" content=\"426\" \/>\n\t<meta property=\"og:image:type\" content=\"image\/webp\" \/>\n<script type=\"application\/ld+json\" class=\"yoast-schema-graph\">{\"@context\":\"https:\\\/\\\/schema.org\",\"@graph\":[{\"@type\":\"WebPage\",\"@id\":\"https:\\\/\\\/naturalpoland.com\\\/ko\\\/je-pum\\\/sig-mul-chu-chul-mul\\\/%ed%81%ac%eb%9e%9c%eb%b2%a0%eb%a6%ac-%ec%b6%94%ec%b6%9c%eb%ac%bc-5-pac\\\/\",\"url\":\"https:\\\/\\\/naturalpoland.com\\\/ko\\\/je-pum\\\/sig-mul-chu-chul-mul\\\/%ed%81%ac%eb%9e%9c%eb%b2%a0%eb%a6%ac-%ec%b6%94%ec%b6%9c%eb%ac%bc-5-pac\\\/\",\"name\":\"\ud06c\ub79c\ubca0\ub9ac \ucd94\ucd9c\ubb3c 5% PAC - Hurtowy Dystrybutor\",\"isPartOf\":{\"@id\":\"https:\\\/\\\/naturalpoland.com\\\/ko\\\/#website\"},\"primaryImageOfPage\":{\"@id\":\"https:\\\/\\\/naturalpoland.com\\\/ko\\\/je-pum\\\/sig-mul-chu-chul-mul\\\/%ed%81%ac%eb%9e%9c%eb%b2%a0%eb%a6%ac-%ec%b6%94%ec%b6%9c%eb%ac%bc-5-pac\\\/#primaryimage\"},\"image\":{\"@id\":\"https:\\\/\\\/naturalpoland.com\\\/ko\\\/je-pum\\\/sig-mul-chu-chul-mul\\\/%ed%81%ac%eb%9e%9c%eb%b2%a0%eb%a6%ac-%ec%b6%94%ec%b6%9c%eb%ac%bc-5-pac\\\/#primaryimage\"},\"thumbnailUrl\":\"https:\\\/\\\/naturalpoland.com\\\/wp-content\\\/uploads\\\/ekstrakt-z-zurawiny.webp\",\"datePublished\":\"2021-05-11T11:41:47+00:00\",\"dateModified\":\"2025-12-22T12:27:13+00:00\",\"description\":\"\ud06c\ub79c\ubca0\ub9ac \ucd94\ucd9c\ubb3c 5% PAC\ub294 \uac74\uac15 \ubcf4\uc870 \uc2dd\ud488\ubd80\ud130 \uc758\uc57d\ud488, \uace0\uae09 \ud654\uc7a5\ud488\uc5d0 \uc774\ub974\uae30\uae4c\uc9c0 \ub2e4\uc591\ud55c \ubd84\uc57c\uc5d0 \ud65c\uc6a9\ub429\ub2c8\ub2e4.\",\"breadcrumb\":{\"@id\":\"https:\\\/\\\/naturalpoland.com\\\/ko\\\/je-pum\\\/sig-mul-chu-chul-mul\\\/%ed%81%ac%eb%9e%9c%eb%b2%a0%eb%a6%ac-%ec%b6%94%ec%b6%9c%eb%ac%bc-5-pac\\\/#breadcrumb\"},\"inLanguage\":\"ko-KR\",\"potentialAction\":[{\"@type\":\"ReadAction\",\"target\":[\"https:\\\/\\\/naturalpoland.com\\\/ko\\\/je-pum\\\/sig-mul-chu-chul-mul\\\/%ed%81%ac%eb%9e%9c%eb%b2%a0%eb%a6%ac-%ec%b6%94%ec%b6%9c%eb%ac%bc-5-pac\\\/\"]}]},{\"@type\":\"ImageObject\",\"inLanguage\":\"ko-KR\",\"@id\":\"https:\\\/\\\/naturalpoland.com\\\/ko\\\/je-pum\\\/sig-mul-chu-chul-mul\\\/%ed%81%ac%eb%9e%9c%eb%b2%a0%eb%a6%ac-%ec%b6%94%ec%b6%9c%eb%ac%bc-5-pac\\\/#primaryimage\",\"url\":\"https:\\\/\\\/naturalpoland.com\\\/wp-content\\\/uploads\\\/ekstrakt-z-zurawiny.webp\",\"contentUrl\":\"https:\\\/\\\/naturalpoland.com\\\/wp-content\\\/uploads\\\/ekstrakt-z-zurawiny.webp\",\"width\":426,\"height\":426,\"caption\":\"\ubd84\ub9d0 \ud06c\ub79c\ubca0\ub9ac \ucd94\ucd9c\ubb3c 5% PAC\"},{\"@type\":\"BreadcrumbList\",\"@id\":\"https:\\\/\\\/naturalpoland.com\\\/ko\\\/je-pum\\\/sig-mul-chu-chul-mul\\\/%ed%81%ac%eb%9e%9c%eb%b2%a0%eb%a6%ac-%ec%b6%94%ec%b6%9c%eb%ac%bc-5-pac\\\/#breadcrumb\",\"itemListElement\":[{\"@type\":\"ListItem\",\"position\":1,\"name\":\"\ud648\",\"item\":\"https:\\\/\\\/naturalpoland.com\\\/ko\\\/\"},{\"@type\":\"ListItem\",\"position\":2,\"name\":\"\uc81c\ud488\",\"item\":\"https:\\\/\\\/naturalpoland.com\\\/ko\\\/%ec%a0%9c%ed%92%88\\\/\"},{\"@type\":\"ListItem\",\"position\":3,\"name\":\"\ud06c\ub79c\ubca0\ub9ac \ucd94\ucd9c\ubb3c 5% PAC\"}]},{\"@type\":\"WebSite\",\"@id\":\"https:\\\/\\\/naturalpoland.com\\\/ko\\\/#website\",\"url\":\"https:\\\/\\\/naturalpoland.com\\\/ko\\\/\",\"name\":\"NATURAL POLAND - Hurtowy Dystrybutor Surowc\u00f3w\",\"description\":\"Surowce dla przemys\u0142u spo\u017cywczego, kosmetycznego i farmaceutycznego\",\"publisher\":{\"@id\":\"https:\\\/\\\/naturalpoland.com\\\/ko\\\/#organization\"},\"potentialAction\":[{\"@type\":\"SearchAction\",\"target\":{\"@type\":\"EntryPoint\",\"urlTemplate\":\"https:\\\/\\\/naturalpoland.com\\\/ko\\\/?s={search_term_string}\"},\"query-input\":{\"@type\":\"PropertyValueSpecification\",\"valueRequired\":true,\"valueName\":\"search_term_string\"}}],\"inLanguage\":\"ko-KR\"},{\"@type\":\"Organization\",\"@id\":\"https:\\\/\\\/naturalpoland.com\\\/ko\\\/#organization\",\"name\":\"Natural Poland\",\"url\":\"https:\\\/\\\/naturalpoland.com\\\/ko\\\/\",\"logo\":{\"@type\":\"ImageObject\",\"inLanguage\":\"ko-KR\",\"@id\":\"https:\\\/\\\/naturalpoland.com\\\/ko\\\/#\\\/schema\\\/logo\\\/image\\\/\",\"url\":\"https:\\\/\\\/naturalpoland.com\\\/wp-content\\\/uploads\\\/2021\\\/05\\\/natural-poland-icon.png\",\"contentUrl\":\"https:\\\/\\\/naturalpoland.com\\\/wp-content\\\/uploads\\\/2021\\\/05\\\/natural-poland-icon.png\",\"width\":512,\"height\":512,\"caption\":\"Natural Poland\"},\"image\":{\"@id\":\"https:\\\/\\\/naturalpoland.com\\\/ko\\\/#\\\/schema\\\/logo\\\/image\\\/\"},\"sameAs\":[\"https:\\\/\\\/www.facebook.com\\\/naturalpoland.b2b\",\"https:\\\/\\\/pl.linkedin.com\\\/company\\\/natural-poland\",\"https:\\\/\\\/www.youtube.com\\\/channel\\\/UCgeGGkvOMahZo-xu_MSEWxg\"]}]}<\/script>\n<!-- \/ Yoast SEO plugin. -->","yoast_head_json":{"title":"\ud06c\ub79c\ubca0\ub9ac \ucd94\ucd9c\ubb3c 5% PAC - Hurtowy Dystrybutor","description":"\ud06c\ub79c\ubca0\ub9ac \ucd94\ucd9c\ubb3c 5% PAC\ub294 \uac74\uac15 \ubcf4\uc870 \uc2dd\ud488\ubd80\ud130 \uc758\uc57d\ud488, \uace0\uae09 \ud654\uc7a5\ud488\uc5d0 \uc774\ub974\uae30\uae4c\uc9c0 \ub2e4\uc591\ud55c \ubd84\uc57c\uc5d0 \ud65c\uc6a9\ub429\ub2c8\ub2e4.","robots":{"index":"index","follow":"follow","max-snippet":"max-snippet:-1","max-image-preview":"max-image-preview:large","max-video-preview":"max-video-preview:-1"},"canonical":"https:\/\/naturalpoland.com\/ko\/je-pum\/sig-mul-chu-chul-mul\/%ed%81%ac%eb%9e%9c%eb%b2%a0%eb%a6%ac-%ec%b6%94%ec%b6%9c%eb%ac%bc-5-pac\/","og_locale":"ko_KR","og_type":"article","og_title":"\ud06c\ub79c\ubca0\ub9ac \ucd94\ucd9c\ubb3c 5% PAC - Hurtowy Dystrybutor","og_description":"\ud06c\ub79c\ubca0\ub9ac \ucd94\ucd9c\ubb3c 5% PAC\ub294 \uac74\uac15 \ubcf4\uc870 \uc2dd\ud488\ubd80\ud130 \uc758\uc57d\ud488, \uace0\uae09 \ud654\uc7a5\ud488\uc5d0 \uc774\ub974\uae30\uae4c\uc9c0 \ub2e4\uc591\ud55c \ubd84\uc57c\uc5d0 \ud65c\uc6a9\ub429\ub2c8\ub2e4.","og_url":"https:\/\/naturalpoland.com\/ko\/je-pum\/sig-mul-chu-chul-mul\/%ed%81%ac%eb%9e%9c%eb%b2%a0%eb%a6%ac-%ec%b6%94%ec%b6%9c%eb%ac%bc-5-pac\/","og_site_name":"NATURAL POLAND - Hurtowy Dystrybutor Surowc\u00f3w","article_publisher":"https:\/\/www.facebook.com\/naturalpoland.b2b","article_modified_time":"2025-12-22T12:27:13+00:00","og_image":[{"width":426,"height":426,"url":"https:\/\/naturalpoland.com\/wp-content\/uploads\/ekstrakt-z-zurawiny.webp","type":"image\/webp"}],"schema":{"@context":"https:\/\/schema.org","@graph":[{"@type":"WebPage","@id":"https:\/\/naturalpoland.com\/ko\/je-pum\/sig-mul-chu-chul-mul\/%ed%81%ac%eb%9e%9c%eb%b2%a0%eb%a6%ac-%ec%b6%94%ec%b6%9c%eb%ac%bc-5-pac\/","url":"https:\/\/naturalpoland.com\/ko\/je-pum\/sig-mul-chu-chul-mul\/%ed%81%ac%eb%9e%9c%eb%b2%a0%eb%a6%ac-%ec%b6%94%ec%b6%9c%eb%ac%bc-5-pac\/","name":"\ud06c\ub79c\ubca0\ub9ac \ucd94\ucd9c\ubb3c 5% PAC - Hurtowy Dystrybutor","isPartOf":{"@id":"https:\/\/naturalpoland.com\/ko\/#website"},"primaryImageOfPage":{"@id":"https:\/\/naturalpoland.com\/ko\/je-pum\/sig-mul-chu-chul-mul\/%ed%81%ac%eb%9e%9c%eb%b2%a0%eb%a6%ac-%ec%b6%94%ec%b6%9c%eb%ac%bc-5-pac\/#primaryimage"},"image":{"@id":"https:\/\/naturalpoland.com\/ko\/je-pum\/sig-mul-chu-chul-mul\/%ed%81%ac%eb%9e%9c%eb%b2%a0%eb%a6%ac-%ec%b6%94%ec%b6%9c%eb%ac%bc-5-pac\/#primaryimage"},"thumbnailUrl":"https:\/\/naturalpoland.com\/wp-content\/uploads\/ekstrakt-z-zurawiny.webp","datePublished":"2021-05-11T11:41:47+00:00","dateModified":"2025-12-22T12:27:13+00:00","description":"\ud06c\ub79c\ubca0\ub9ac \ucd94\ucd9c\ubb3c 5% PAC\ub294 \uac74\uac15 \ubcf4\uc870 \uc2dd\ud488\ubd80\ud130 \uc758\uc57d\ud488, \uace0\uae09 \ud654\uc7a5\ud488\uc5d0 \uc774\ub974\uae30\uae4c\uc9c0 \ub2e4\uc591\ud55c \ubd84\uc57c\uc5d0 \ud65c\uc6a9\ub429\ub2c8\ub2e4.","breadcrumb":{"@id":"https:\/\/naturalpoland.com\/ko\/je-pum\/sig-mul-chu-chul-mul\/%ed%81%ac%eb%9e%9c%eb%b2%a0%eb%a6%ac-%ec%b6%94%ec%b6%9c%eb%ac%bc-5-pac\/#breadcrumb"},"inLanguage":"ko-KR","potentialAction":[{"@type":"ReadAction","target":["https:\/\/naturalpoland.com\/ko\/je-pum\/sig-mul-chu-chul-mul\/%ed%81%ac%eb%9e%9c%eb%b2%a0%eb%a6%ac-%ec%b6%94%ec%b6%9c%eb%ac%bc-5-pac\/"]}]},{"@type":"ImageObject","inLanguage":"ko-KR","@id":"https:\/\/naturalpoland.com\/ko\/je-pum\/sig-mul-chu-chul-mul\/%ed%81%ac%eb%9e%9c%eb%b2%a0%eb%a6%ac-%ec%b6%94%ec%b6%9c%eb%ac%bc-5-pac\/#primaryimage","url":"https:\/\/naturalpoland.com\/wp-content\/uploads\/ekstrakt-z-zurawiny.webp","contentUrl":"https:\/\/naturalpoland.com\/wp-content\/uploads\/ekstrakt-z-zurawiny.webp","width":426,"height":426,"caption":"\ubd84\ub9d0 \ud06c\ub79c\ubca0\ub9ac \ucd94\ucd9c\ubb3c 5% PAC"},{"@type":"BreadcrumbList","@id":"https:\/\/naturalpoland.com\/ko\/je-pum\/sig-mul-chu-chul-mul\/%ed%81%ac%eb%9e%9c%eb%b2%a0%eb%a6%ac-%ec%b6%94%ec%b6%9c%eb%ac%bc-5-pac\/#breadcrumb","itemListElement":[{"@type":"ListItem","position":1,"name":"\ud648","item":"https:\/\/naturalpoland.com\/ko\/"},{"@type":"ListItem","position":2,"name":"\uc81c\ud488","item":"https:\/\/naturalpoland.com\/ko\/%ec%a0%9c%ed%92%88\/"},{"@type":"ListItem","position":3,"name":"\ud06c\ub79c\ubca0\ub9ac \ucd94\ucd9c\ubb3c 5% PAC"}]},{"@type":"WebSite","@id":"https:\/\/naturalpoland.com\/ko\/#website","url":"https:\/\/naturalpoland.com\/ko\/","name":"NATURAL POLAND - Hurtowy Dystrybutor Surowc\u00f3w","description":"Surowce dla przemys\u0142u spo\u017cywczego, kosmetycznego i farmaceutycznego","publisher":{"@id":"https:\/\/naturalpoland.com\/ko\/#organization"},"potentialAction":[{"@type":"SearchAction","target":{"@type":"EntryPoint","urlTemplate":"https:\/\/naturalpoland.com\/ko\/?s={search_term_string}"},"query-input":{"@type":"PropertyValueSpecification","valueRequired":true,"valueName":"search_term_string"}}],"inLanguage":"ko-KR"},{"@type":"Organization","@id":"https:\/\/naturalpoland.com\/ko\/#organization","name":"Natural Poland","url":"https:\/\/naturalpoland.com\/ko\/","logo":{"@type":"ImageObject","inLanguage":"ko-KR","@id":"https:\/\/naturalpoland.com\/ko\/#\/schema\/logo\/image\/","url":"https:\/\/naturalpoland.com\/wp-content\/uploads\/2021\/05\/natural-poland-icon.png","contentUrl":"https:\/\/naturalpoland.com\/wp-content\/uploads\/2021\/05\/natural-poland-icon.png","width":512,"height":512,"caption":"Natural Poland"},"image":{"@id":"https:\/\/naturalpoland.com\/ko\/#\/schema\/logo\/image\/"},"sameAs":["https:\/\/www.facebook.com\/naturalpoland.b2b","https:\/\/pl.linkedin.com\/company\/natural-poland","https:\/\/www.youtube.com\/channel\/UCgeGGkvOMahZo-xu_MSEWxg"]}]}},"_links":{"self":[{"href":"https:\/\/naturalpoland.com\/ko\/wp-json\/wp\/v2\/product\/44676","targetHints":{"allow":["GET"]}}],"collection":[{"href":"https:\/\/naturalpoland.com\/ko\/wp-json\/wp\/v2\/product"}],"about":[{"href":"https:\/\/naturalpoland.com\/ko\/wp-json\/wp\/v2\/types\/product"}],"wp:featuredmedia":[{"embeddable":true,"href":"https:\/\/naturalpoland.com\/ko\/wp-json\/wp\/v2\/media\/44682"}],"wp:attachment":[{"href":"https:\/\/naturalpoland.com\/ko\/wp-json\/wp\/v2\/media?parent=44676"}],"wp:term":[{"taxonomy":"product_brand","embeddable":true,"href":"https:\/\/naturalpoland.com\/ko\/wp-json\/wp\/v2\/product_brand?post=44676"},{"taxonomy":"product_cat","embeddable":true,"href":"https:\/\/naturalpoland.com\/ko\/wp-json\/wp\/v2\/product_cat?post=44676"},{"taxonomy":"product_tag","embeddable":true,"href":"https:\/\/naturalpoland.com\/ko\/wp-json\/wp\/v2\/product_tag?post=44676"}],"curies":[{"name":"wp","href":"https:\/\/api.w.org\/{rel}","templated":true}]}}