{"id":44680,"date":"2021-05-11T13:40:11","date_gmt":"2021-05-11T11:40:11","guid":{"rendered":"https:\/\/naturalpoland.com\/produkty\/uncategorized\/%ec%b9%a1-%ec%b6%94%ec%b6%9c%eb%ac%bc\/"},"modified":"2025-12-22T13:27:07","modified_gmt":"2025-12-22T12:27:07","slug":"%ec%b9%a1-%ec%b6%94%ec%b6%9c%eb%ac%bc","status":"publish","type":"product","link":"https:\/\/naturalpoland.com\/ko\/je-pum\/sig-mul-chu-chul-mul\/%ec%b9%a1-%ec%b6%94%ec%b6%9c%eb%ac%bc\/","title":{"rendered":"\uce61 \ucd94\ucd9c\ubb3c"},"content":{"rendered":"<p>\uce61 \ucd94\ucd9c\ubb3c\uc740 \ud604\uc7ac \uc720\ub7fd\uc5d0\uc11c \uc5ec\uc131 \uac74\uac15, \uc2e0\uacbd\uacc4 \uc9c0\uc6d0 \ubc0f \uc54c\ucf54\uc62c \uc911\ub3c5 \uce58\ub8cc\ub97c \ub3d5\ub294 \uac74\uac15 \ubcf4\uc870 \uc2dd\ud488\uc758 \uc131\ubd84\uc73c\ub85c \ud2b9\ud788 \uc810\uc810 \ub354 \ub9ce\uc740 \uad00\uc2ec\uc744 \ubc1b\uace0 \uc788\uc2b5\ub2c8\ub2e4. \uc800\ud76c \ucd94\ucd9c\ubb3c\uc740 \uc2dd\ubb3c\uc758 \ubfcc\ub9ac\uc5d0\uc11c \ud654\ud559 \uc6a9\ub9e4\ub97c \uc0ac\uc6a9\ud558\uc9c0 \uc54a\uace0 \uc624\uc9c1 \ubb3c\ub9cc\uc744 \uc0ac\uc6a9\ud558\uc5ec \ucd94\ucd9c\ub418\uba70, \uc18c\ub7c9\uc758 \ub9d0\ud1a0\ub371\uc2a4\ud2b8\ub9b0\uc744 \uc6b4\ubc18\uccb4\ub85c \ucca8\uac00\ud569\ub2c8\ub2e4. <\/p>\n<h2 data-start=\"657\" data-end=\"690\">\uce61 \ucd94\ucd9c\ubb3c\uc758 \ud6a8\ub2a5<\/h2>\n<p data-start=\"692\" data-end=\"1347\">\uce61 \ucd94\ucd9c\ubb3c\uc740 <strong>\uc774\uc18c\ud50c\ub77c\ubcf8<\/strong>\uc774 \ud48d\ubd80\ud558\uba70, \uc608\ub97c \ub4e4\uc5b4 <strong>\ub2e4\uc774\ub4dc\uc9c4<\/strong>, <strong>\ub2e4\uc774\ub4dc\uc81c\uc778<\/strong>, <strong>\ud478\uc5d0\ub77c\ub9b0<\/strong> \ub4f1\uc774 \uc788\uc2b5\ub2c8\ub2e4. \uc774\ub4e4\uc740 \uc5d0\uc2a4\ud2b8\ub85c\uac90\uacfc \uc720\uc0ac\ud55c \uc791\uc6a9\uc744 \ud558\uc5ec, \uc548\uba74 \ud64d\uc870, \ud604\uae30\uc99d, \uae30\ubd84 \ubcc0\ud654\uc640 \uac19\uc740 \uac31\ub144\uae30 \uc99d\uc0c1 \uc644\ud654\uc5d0 \uc790\uc5f0\uc801\uc778 \ub3c4\uc6c0\uc73c\ub85c \ub110\ub9ac \uc0ac\uc6a9\ub429\ub2c8\ub2e4. \ucd94\ucd9c\ubb3c\uc5d0 \ud568\uc720\ub41c <strong>\ud50c\ub77c\ubcf4\ub178\uc774\ub4dc<\/strong>\ub294 \ubd88\uc548 \uc99d\uc0c1 \uac10\uc18c, \uc218\uba74\uc758 \uc9c8 \uac1c\uc120 \ubc0f \uc2e0\uacbd \uae34\uc7a5 \uc644\ud654\uc5d0\ub3c4 \uc7a0\uc7ac\ub825\uc744 \ubcf4\uc5ec\uc90d\ub2c8\ub2e4. \uc54c\ucf54\uc62c \ub300\uc0ac \ud6a8\uc18c\uc5d0 \ubbf8\uce58\ub294 \uc601\ud5a5 \ub355\ubd84\uc5d0, \uc774 \ucd94\ucd9c\ubb3c\uc740 \uc54c\ucf54\uc62c \uc911\ub3c5 \uce58\ub8cc\ub97c \uc9c0\uc6d0\ud560 \uc218 \uc788\uc2b5\ub2c8\ub2e4. \uce61\uc740 \ub610\ud55c \ud56d\uc5fc\uc99d \uc791\uc6a9, \ud608\uc555 \uac15\ud558 \ubc0f \uc2ec\ud608\uad00 \uc2dc\uc2a4\ud15c \uc9c0\uc6d0 \ud6a8\uacfc\ub97c \ub098\ud0c0\ub0c5\ub2c8\ub2e4.   <\/p>\n<h2 data-start=\"1349\" data-end=\"1383\">\uce61 \ucd94\ucd9c\ubb3c\uc758 \ud65c\uc6a9<\/h2>\n<p data-start=\"1385\" data-end=\"1885\">\uc774 \ucd94\ucd9c\ubb3c\uc740 \uc8fc\ub85c <strong>\uac74\uac15 \ubcf4\uc870 \uc2dd\ud488<\/strong>\uc5d0 \uc0ac\uc6a9\ub418\uba70, \uc5ec\uc131\uc758 \ud638\ub974\ubaac \uade0\ud615\uc744 \ub3d5\uace0, \uac31\ub144\uae30 \uc9c0\uc6d0 \ubc0f \uc2e0\uacbd \ubcf4\ud638 \uc791\uc6a9\uc744 \ud558\ub294 <strong>\uc544\ub2f5\ud1a0\uc820<\/strong>\uc73c\ub85c \ud65c\uc6a9\ub429\ub2c8\ub2e4. \ub610\ud55c \uc54c\ucf54\uc62c \uc911\ub3c5 \ud1f4\uce58\ub97c \ub3d5\ub294 \uc81c\uc81c, \uba74\uc5ed\ub825 \uc99d\uc9c4 \uc81c\ud488 \ubc0f \uc2a4\ud2b8\ub808\uc2a4 \uc644\ud654\uc640 \uc218\uba74 \uac1c\uc120\uc744 \uc704\ud55c <strong>\ud5c8\ube0c \ud63c\ud569\ubb3c<\/strong>\uc5d0\ub3c4 \uc0ac\uc6a9\ub429\ub2c8\ub2e4. \uac15\ub825\ud55c \ud56d\uc0b0\ud654 \ud2b9\uc131 \ub355\ubd84\uc5d0 \ub178\ud654 \ubc29\uc9c0 \ud3ec\ubbac\ub7ec\uc758 \uad6c\uc131 \uc694\uc18c\uac00 \ub420 \uc218\ub3c4 \uc788\uc2b5\ub2c8\ub2e4.  <\/p>\n<p data-start=\"1887\" data-end=\"2094\" data-is-last-node=\"\" data-is-only-node=\"\">\ubcf8 \uc81c\ud488\uc740 GMO, \uc0b4\ucda9\uc81c, \uc911\uae08\uc18d(USP \uae30\uc900 \uc900\uc218)\uc73c\ub85c\ubd80\ud130 \uc790\uc720\ub85c\uc6b0\uba70, \uc5c4\uaca9\ud55c \ubbf8\uc0dd\ubb3c\ud559\uc801 \uc694\uad6c \uc0ac\ud56d\uc744 \ucda9\uc871\ud558\uace0 \uc2dd\ud488 \ubc0f \uc758\uc57d\ud488 \uc81c\uc81c\uc5d0 \uc548\uc804\ud558\uac8c \uc0ac\uc6a9\ub420 \uc218 \uc788\uc2b5\ub2c8\ub2e4.<\/p>\n","protected":false},"excerpt":{"rendered":"<p><strong>\uce61\ubfcc\ub9ac \ucd94\ucd9c\ubb3c<\/strong>(<em>\uce61, Pueraria lobata<\/em>)\uc740 \ub610\ud55c <strong>\uce61<\/strong>\uc73c\ub85c\ub3c4 \uc54c\ub824\uc838 \uc788\uc73c\uba70, \ub3d9\uc544\uc2dc\uc544 \uc804\ud1b5 \uc758\ud559\uc5d0\uc11c \uc218\uc138\uae30 \ub3d9\uc548 \uc0ac\uc6a9\ub418\uc5b4 \uc628 \uc2dd\ubb3c\uc131 \uc6d0\ub8cc\uc785\ub2c8\ub2e4.<\/p>\n","protected":false},"featured_media":41507,"template":"","meta":{"_acf_changed":false},"product_brand":[],"product_cat":[8134],"product_tag":[],"class_list":{"0":"post-44680","1":"product","2":"type-product","3":"status-publish","4":"has-post-thumbnail","6":"product_cat-sig-mul-chu-chul-mul","7":"pa_czesc-rosliny-root-ko","9":"first","10":"instock","11":"shipping-taxable","12":"product-type-simple"},"acf":[],"yoast_head":"<!-- This site is optimized with the Yoast SEO plugin v27.5 - https:\/\/yoast.com\/product\/yoast-seo-wordpress\/ -->\n<title>\uce61 \ucd94\ucd9c\ubb3c - Hurtowy Dystrybutor<\/title>\n<meta name=\"description\" content=\"\uce61\ubfcc\ub9ac \ucd94\ucd9c\ubb3c(\uce61, Pueraria lobata)\uc740 \ub3d9\uc544\uc2dc\uc544 \uc804\ud1b5 \uc758\ud559\uc5d0\uc11c \uc218\uc138\uae30 \ub3d9\uc548 \uc0ac\uc6a9\ub418\uc5b4 \uc628 \uc2dd\ubb3c\uc131 \uc6d0\ub8cc\uc785\ub2c8\ub2e4.\" \/>\n<meta name=\"robots\" content=\"index, follow, max-snippet:-1, max-image-preview:large, max-video-preview:-1\" \/>\n<link rel=\"canonical\" href=\"https:\/\/naturalpoland.com\/ko\/je-pum\/sig-mul-chu-chul-mul\/%ec%b9%a1-%ec%b6%94%ec%b6%9c%eb%ac%bc\/\" \/>\n<meta property=\"og:locale\" content=\"ko_KR\" \/>\n<meta property=\"og:type\" content=\"article\" \/>\n<meta property=\"og:title\" content=\"\uce61 \ucd94\ucd9c\ubb3c - Hurtowy Dystrybutor\" \/>\n<meta property=\"og:description\" content=\"\uce61\ubfcc\ub9ac \ucd94\ucd9c\ubb3c(\uce61, Pueraria lobata)\uc740 \ub3d9\uc544\uc2dc\uc544 \uc804\ud1b5 \uc758\ud559\uc5d0\uc11c \uc218\uc138\uae30 \ub3d9\uc548 \uc0ac\uc6a9\ub418\uc5b4 \uc628 \uc2dd\ubb3c\uc131 \uc6d0\ub8cc\uc785\ub2c8\ub2e4.\" \/>\n<meta property=\"og:url\" content=\"https:\/\/naturalpoland.com\/ko\/je-pum\/sig-mul-chu-chul-mul\/%ec%b9%a1-%ec%b6%94%ec%b6%9c%eb%ac%bc\/\" \/>\n<meta property=\"og:site_name\" content=\"NATURAL POLAND - Hurtowy Dystrybutor Surowc\u00f3w\" \/>\n<meta property=\"article:publisher\" content=\"https:\/\/www.facebook.com\/naturalpoland.b2b\" \/>\n<meta property=\"article:modified_time\" content=\"2025-12-22T12:27:07+00:00\" \/>\n<meta property=\"og:image\" content=\"https:\/\/naturalpoland.com\/wp-content\/uploads\/ekstrakt-z-kudzu.webp\" \/>\n\t<meta property=\"og:image:width\" content=\"1024\" \/>\n\t<meta property=\"og:image:height\" content=\"1024\" \/>\n\t<meta property=\"og:image:type\" content=\"image\/webp\" \/>\n<script type=\"application\/ld+json\" class=\"yoast-schema-graph\">{\"@context\":\"https:\\\/\\\/schema.org\",\"@graph\":[{\"@type\":\"WebPage\",\"@id\":\"https:\\\/\\\/naturalpoland.com\\\/ko\\\/je-pum\\\/sig-mul-chu-chul-mul\\\/%ec%b9%a1-%ec%b6%94%ec%b6%9c%eb%ac%bc\\\/\",\"url\":\"https:\\\/\\\/naturalpoland.com\\\/ko\\\/je-pum\\\/sig-mul-chu-chul-mul\\\/%ec%b9%a1-%ec%b6%94%ec%b6%9c%eb%ac%bc\\\/\",\"name\":\"\uce61 \ucd94\ucd9c\ubb3c - Hurtowy Dystrybutor\",\"isPartOf\":{\"@id\":\"https:\\\/\\\/naturalpoland.com\\\/ko\\\/#website\"},\"primaryImageOfPage\":{\"@id\":\"https:\\\/\\\/naturalpoland.com\\\/ko\\\/je-pum\\\/sig-mul-chu-chul-mul\\\/%ec%b9%a1-%ec%b6%94%ec%b6%9c%eb%ac%bc\\\/#primaryimage\"},\"image\":{\"@id\":\"https:\\\/\\\/naturalpoland.com\\\/ko\\\/je-pum\\\/sig-mul-chu-chul-mul\\\/%ec%b9%a1-%ec%b6%94%ec%b6%9c%eb%ac%bc\\\/#primaryimage\"},\"thumbnailUrl\":\"https:\\\/\\\/naturalpoland.com\\\/wp-content\\\/uploads\\\/ekstrakt-z-kudzu.webp\",\"datePublished\":\"2021-05-11T11:40:11+00:00\",\"dateModified\":\"2025-12-22T12:27:07+00:00\",\"description\":\"\uce61\ubfcc\ub9ac \ucd94\ucd9c\ubb3c(\uce61, Pueraria lobata)\uc740 \ub3d9\uc544\uc2dc\uc544 \uc804\ud1b5 \uc758\ud559\uc5d0\uc11c \uc218\uc138\uae30 \ub3d9\uc548 \uc0ac\uc6a9\ub418\uc5b4 \uc628 \uc2dd\ubb3c\uc131 \uc6d0\ub8cc\uc785\ub2c8\ub2e4.\",\"breadcrumb\":{\"@id\":\"https:\\\/\\\/naturalpoland.com\\\/ko\\\/je-pum\\\/sig-mul-chu-chul-mul\\\/%ec%b9%a1-%ec%b6%94%ec%b6%9c%eb%ac%bc\\\/#breadcrumb\"},\"inLanguage\":\"ko-KR\",\"potentialAction\":[{\"@type\":\"ReadAction\",\"target\":[\"https:\\\/\\\/naturalpoland.com\\\/ko\\\/je-pum\\\/sig-mul-chu-chul-mul\\\/%ec%b9%a1-%ec%b6%94%ec%b6%9c%eb%ac%bc\\\/\"]}]},{\"@type\":\"ImageObject\",\"inLanguage\":\"ko-KR\",\"@id\":\"https:\\\/\\\/naturalpoland.com\\\/ko\\\/je-pum\\\/sig-mul-chu-chul-mul\\\/%ec%b9%a1-%ec%b6%94%ec%b6%9c%eb%ac%bc\\\/#primaryimage\",\"url\":\"https:\\\/\\\/naturalpoland.com\\\/wp-content\\\/uploads\\\/ekstrakt-z-kudzu.webp\",\"contentUrl\":\"https:\\\/\\\/naturalpoland.com\\\/wp-content\\\/uploads\\\/ekstrakt-z-kudzu.webp\",\"width\":1024,\"height\":1024,\"caption\":\"\ubd84\ub9d0 \uce61 \ucd94\ucd9c\ubb3c\"},{\"@type\":\"BreadcrumbList\",\"@id\":\"https:\\\/\\\/naturalpoland.com\\\/ko\\\/je-pum\\\/sig-mul-chu-chul-mul\\\/%ec%b9%a1-%ec%b6%94%ec%b6%9c%eb%ac%bc\\\/#breadcrumb\",\"itemListElement\":[{\"@type\":\"ListItem\",\"position\":1,\"name\":\"\ud648\",\"item\":\"https:\\\/\\\/naturalpoland.com\\\/ko\\\/\"},{\"@type\":\"ListItem\",\"position\":2,\"name\":\"\uc81c\ud488\",\"item\":\"https:\\\/\\\/naturalpoland.com\\\/ko\\\/%ec%a0%9c%ed%92%88\\\/\"},{\"@type\":\"ListItem\",\"position\":3,\"name\":\"\uce61 \ucd94\ucd9c\ubb3c\"}]},{\"@type\":\"WebSite\",\"@id\":\"https:\\\/\\\/naturalpoland.com\\\/ko\\\/#website\",\"url\":\"https:\\\/\\\/naturalpoland.com\\\/ko\\\/\",\"name\":\"NATURAL POLAND - Hurtowy Dystrybutor Surowc\u00f3w\",\"description\":\"Surowce dla przemys\u0142u spo\u017cywczego, kosmetycznego i farmaceutycznego\",\"publisher\":{\"@id\":\"https:\\\/\\\/naturalpoland.com\\\/ko\\\/#organization\"},\"potentialAction\":[{\"@type\":\"SearchAction\",\"target\":{\"@type\":\"EntryPoint\",\"urlTemplate\":\"https:\\\/\\\/naturalpoland.com\\\/ko\\\/?s={search_term_string}\"},\"query-input\":{\"@type\":\"PropertyValueSpecification\",\"valueRequired\":true,\"valueName\":\"search_term_string\"}}],\"inLanguage\":\"ko-KR\"},{\"@type\":\"Organization\",\"@id\":\"https:\\\/\\\/naturalpoland.com\\\/ko\\\/#organization\",\"name\":\"Natural Poland\",\"url\":\"https:\\\/\\\/naturalpoland.com\\\/ko\\\/\",\"logo\":{\"@type\":\"ImageObject\",\"inLanguage\":\"ko-KR\",\"@id\":\"https:\\\/\\\/naturalpoland.com\\\/ko\\\/#\\\/schema\\\/logo\\\/image\\\/\",\"url\":\"https:\\\/\\\/naturalpoland.com\\\/wp-content\\\/uploads\\\/2021\\\/05\\\/natural-poland-icon.png\",\"contentUrl\":\"https:\\\/\\\/naturalpoland.com\\\/wp-content\\\/uploads\\\/2021\\\/05\\\/natural-poland-icon.png\",\"width\":512,\"height\":512,\"caption\":\"Natural Poland\"},\"image\":{\"@id\":\"https:\\\/\\\/naturalpoland.com\\\/ko\\\/#\\\/schema\\\/logo\\\/image\\\/\"},\"sameAs\":[\"https:\\\/\\\/www.facebook.com\\\/naturalpoland.b2b\",\"https:\\\/\\\/pl.linkedin.com\\\/company\\\/natural-poland\",\"https:\\\/\\\/www.youtube.com\\\/channel\\\/UCgeGGkvOMahZo-xu_MSEWxg\"]}]}<\/script>\n<!-- \/ Yoast SEO plugin. -->","yoast_head_json":{"title":"\uce61 \ucd94\ucd9c\ubb3c - Hurtowy Dystrybutor","description":"\uce61\ubfcc\ub9ac \ucd94\ucd9c\ubb3c(\uce61, Pueraria lobata)\uc740 \ub3d9\uc544\uc2dc\uc544 \uc804\ud1b5 \uc758\ud559\uc5d0\uc11c \uc218\uc138\uae30 \ub3d9\uc548 \uc0ac\uc6a9\ub418\uc5b4 \uc628 \uc2dd\ubb3c\uc131 \uc6d0\ub8cc\uc785\ub2c8\ub2e4.","robots":{"index":"index","follow":"follow","max-snippet":"max-snippet:-1","max-image-preview":"max-image-preview:large","max-video-preview":"max-video-preview:-1"},"canonical":"https:\/\/naturalpoland.com\/ko\/je-pum\/sig-mul-chu-chul-mul\/%ec%b9%a1-%ec%b6%94%ec%b6%9c%eb%ac%bc\/","og_locale":"ko_KR","og_type":"article","og_title":"\uce61 \ucd94\ucd9c\ubb3c - Hurtowy Dystrybutor","og_description":"\uce61\ubfcc\ub9ac \ucd94\ucd9c\ubb3c(\uce61, Pueraria lobata)\uc740 \ub3d9\uc544\uc2dc\uc544 \uc804\ud1b5 \uc758\ud559\uc5d0\uc11c \uc218\uc138\uae30 \ub3d9\uc548 \uc0ac\uc6a9\ub418\uc5b4 \uc628 \uc2dd\ubb3c\uc131 \uc6d0\ub8cc\uc785\ub2c8\ub2e4.","og_url":"https:\/\/naturalpoland.com\/ko\/je-pum\/sig-mul-chu-chul-mul\/%ec%b9%a1-%ec%b6%94%ec%b6%9c%eb%ac%bc\/","og_site_name":"NATURAL POLAND - Hurtowy Dystrybutor Surowc\u00f3w","article_publisher":"https:\/\/www.facebook.com\/naturalpoland.b2b","article_modified_time":"2025-12-22T12:27:07+00:00","og_image":[{"width":1024,"height":1024,"url":"https:\/\/naturalpoland.com\/wp-content\/uploads\/ekstrakt-z-kudzu.webp","type":"image\/webp"}],"schema":{"@context":"https:\/\/schema.org","@graph":[{"@type":"WebPage","@id":"https:\/\/naturalpoland.com\/ko\/je-pum\/sig-mul-chu-chul-mul\/%ec%b9%a1-%ec%b6%94%ec%b6%9c%eb%ac%bc\/","url":"https:\/\/naturalpoland.com\/ko\/je-pum\/sig-mul-chu-chul-mul\/%ec%b9%a1-%ec%b6%94%ec%b6%9c%eb%ac%bc\/","name":"\uce61 \ucd94\ucd9c\ubb3c - Hurtowy Dystrybutor","isPartOf":{"@id":"https:\/\/naturalpoland.com\/ko\/#website"},"primaryImageOfPage":{"@id":"https:\/\/naturalpoland.com\/ko\/je-pum\/sig-mul-chu-chul-mul\/%ec%b9%a1-%ec%b6%94%ec%b6%9c%eb%ac%bc\/#primaryimage"},"image":{"@id":"https:\/\/naturalpoland.com\/ko\/je-pum\/sig-mul-chu-chul-mul\/%ec%b9%a1-%ec%b6%94%ec%b6%9c%eb%ac%bc\/#primaryimage"},"thumbnailUrl":"https:\/\/naturalpoland.com\/wp-content\/uploads\/ekstrakt-z-kudzu.webp","datePublished":"2021-05-11T11:40:11+00:00","dateModified":"2025-12-22T12:27:07+00:00","description":"\uce61\ubfcc\ub9ac \ucd94\ucd9c\ubb3c(\uce61, Pueraria lobata)\uc740 \ub3d9\uc544\uc2dc\uc544 \uc804\ud1b5 \uc758\ud559\uc5d0\uc11c \uc218\uc138\uae30 \ub3d9\uc548 \uc0ac\uc6a9\ub418\uc5b4 \uc628 \uc2dd\ubb3c\uc131 \uc6d0\ub8cc\uc785\ub2c8\ub2e4.","breadcrumb":{"@id":"https:\/\/naturalpoland.com\/ko\/je-pum\/sig-mul-chu-chul-mul\/%ec%b9%a1-%ec%b6%94%ec%b6%9c%eb%ac%bc\/#breadcrumb"},"inLanguage":"ko-KR","potentialAction":[{"@type":"ReadAction","target":["https:\/\/naturalpoland.com\/ko\/je-pum\/sig-mul-chu-chul-mul\/%ec%b9%a1-%ec%b6%94%ec%b6%9c%eb%ac%bc\/"]}]},{"@type":"ImageObject","inLanguage":"ko-KR","@id":"https:\/\/naturalpoland.com\/ko\/je-pum\/sig-mul-chu-chul-mul\/%ec%b9%a1-%ec%b6%94%ec%b6%9c%eb%ac%bc\/#primaryimage","url":"https:\/\/naturalpoland.com\/wp-content\/uploads\/ekstrakt-z-kudzu.webp","contentUrl":"https:\/\/naturalpoland.com\/wp-content\/uploads\/ekstrakt-z-kudzu.webp","width":1024,"height":1024,"caption":"\ubd84\ub9d0 \uce61 \ucd94\ucd9c\ubb3c"},{"@type":"BreadcrumbList","@id":"https:\/\/naturalpoland.com\/ko\/je-pum\/sig-mul-chu-chul-mul\/%ec%b9%a1-%ec%b6%94%ec%b6%9c%eb%ac%bc\/#breadcrumb","itemListElement":[{"@type":"ListItem","position":1,"name":"\ud648","item":"https:\/\/naturalpoland.com\/ko\/"},{"@type":"ListItem","position":2,"name":"\uc81c\ud488","item":"https:\/\/naturalpoland.com\/ko\/%ec%a0%9c%ed%92%88\/"},{"@type":"ListItem","position":3,"name":"\uce61 \ucd94\ucd9c\ubb3c"}]},{"@type":"WebSite","@id":"https:\/\/naturalpoland.com\/ko\/#website","url":"https:\/\/naturalpoland.com\/ko\/","name":"NATURAL POLAND - Hurtowy Dystrybutor Surowc\u00f3w","description":"Surowce dla przemys\u0142u spo\u017cywczego, kosmetycznego i farmaceutycznego","publisher":{"@id":"https:\/\/naturalpoland.com\/ko\/#organization"},"potentialAction":[{"@type":"SearchAction","target":{"@type":"EntryPoint","urlTemplate":"https:\/\/naturalpoland.com\/ko\/?s={search_term_string}"},"query-input":{"@type":"PropertyValueSpecification","valueRequired":true,"valueName":"search_term_string"}}],"inLanguage":"ko-KR"},{"@type":"Organization","@id":"https:\/\/naturalpoland.com\/ko\/#organization","name":"Natural Poland","url":"https:\/\/naturalpoland.com\/ko\/","logo":{"@type":"ImageObject","inLanguage":"ko-KR","@id":"https:\/\/naturalpoland.com\/ko\/#\/schema\/logo\/image\/","url":"https:\/\/naturalpoland.com\/wp-content\/uploads\/2021\/05\/natural-poland-icon.png","contentUrl":"https:\/\/naturalpoland.com\/wp-content\/uploads\/2021\/05\/natural-poland-icon.png","width":512,"height":512,"caption":"Natural Poland"},"image":{"@id":"https:\/\/naturalpoland.com\/ko\/#\/schema\/logo\/image\/"},"sameAs":["https:\/\/www.facebook.com\/naturalpoland.b2b","https:\/\/pl.linkedin.com\/company\/natural-poland","https:\/\/www.youtube.com\/channel\/UCgeGGkvOMahZo-xu_MSEWxg"]}]}},"_links":{"self":[{"href":"https:\/\/naturalpoland.com\/ko\/wp-json\/wp\/v2\/product\/44680","targetHints":{"allow":["GET"]}}],"collection":[{"href":"https:\/\/naturalpoland.com\/ko\/wp-json\/wp\/v2\/product"}],"about":[{"href":"https:\/\/naturalpoland.com\/ko\/wp-json\/wp\/v2\/types\/product"}],"wp:featuredmedia":[{"embeddable":true,"href":"https:\/\/naturalpoland.com\/ko\/wp-json\/wp\/v2\/media\/41507"}],"wp:attachment":[{"href":"https:\/\/naturalpoland.com\/ko\/wp-json\/wp\/v2\/media?parent=44680"}],"wp:term":[{"taxonomy":"product_brand","embeddable":true,"href":"https:\/\/naturalpoland.com\/ko\/wp-json\/wp\/v2\/product_brand?post=44680"},{"taxonomy":"product_cat","embeddable":true,"href":"https:\/\/naturalpoland.com\/ko\/wp-json\/wp\/v2\/product_cat?post=44680"},{"taxonomy":"product_tag","embeddable":true,"href":"https:\/\/naturalpoland.com\/ko\/wp-json\/wp\/v2\/product_tag?post=44680"}],"curies":[{"name":"wp","href":"https:\/\/api.w.org\/{rel}","templated":true}]}}