{"id":44706,"date":"2024-10-23T14:01:26","date_gmt":"2024-10-23T12:01:26","guid":{"rendered":"https:\/\/naturalpoland.com\/produkty\/uncategorized\/caprylic-capric-triglyceride\/"},"modified":"2025-12-22T13:38:04","modified_gmt":"2025-12-22T12:38:04","slug":"caprylic-capric-triglyceride","status":"publish","type":"product","link":"https:\/\/naturalpoland.com\/ko\/je-pum\/hwa-jang-pum-won-ryo\/hwa-jang-pum-won-ryo-ko\/caprylic-capric-triglyceride\/","title":{"rendered":"Caprylic\/Capric Triglyceride"},"content":{"rendered":"<h2>\ud2b9\uc131:<\/h2>\n<p>Caprylic\/Capric Triglyceride\ub294 \ub808\uc62c\ub85c\uc9c0 \uc870\uc808\uc81c \uc5ed\ud560\uc744 \ud558\ub294 \ud654\uc7a5\ud488 \uc131\ubd84\uc73c\ub85c, \uc81c\ud615\uc758 \uc810\ub3c4\ub97c \ub192\uc5ec \ub18d\ub3c4\ub97c \uac1c\uc120\ud569\ub2c8\ub2e4. \uc720\ubd84\uac10 \uc788\ub294 \uc81c\ud615 \ub355\ubd84\uc5d0 \ud654\uc7a5\ud488\uc758 \ubc1c\ub9bc\uc131\uc744 \ud5a5\uc0c1\uc2dc\ud0a4\uace0 \ubd80\ub4dc\ub7ec\uc6b4 \uc0ac\uc6a9\uac10\uc744 \uc81c\uacf5\ud569\ub2c8\ub2e4. <\/p>\n<p>\uce74\ud504\ub9b4\ub9ad\/\uce74\ud504\ub9ad \ud2b8\ub77c\uc774\uae00\ub9ac\uc138\ub77c\uc774\ub4dc\ub294 <strong>\uc720\uc131 \uc5f0\ud654\uc81c<\/strong>\ub85c \uc791\uc6a9\ud558\uc5ec \ud53c\ubd80\uc640 \ubaa8\ubc1c \ud45c\uba74\uc5d0 \ubcf4\ud638\ub9c9(\ud544\ub984)\uc744 \ud615\uc131\ud569\ub2c8\ub2e4. \uc774 \ub9c9\uc740 \uacfc\ub3c4\ud55c \uc218\ubd84 \uc99d\ubc1c\uc744 \ub9c9\uc544\uc90d\ub2c8\ub2e4. \ud53c\ubd80\ub97c \ubd80\ub4dc\ub7fd\uace0 \ub9e4\ub044\ub7fd\uac8c \ucee8\ub514\uc154\ub2dd\ud558\uba70, \ubaa8\ubc1c \uad6c\uc870\ub97c \uac1c\uc120\ud558\uc5ec \ubd80\ub4dc\ub7ec\uc6c0\uacfc \ub9e4\ub044\ub7ec\uc6c0\uc744 \uc120\uc0ac\ud569\ub2c8\ub2e4.<\/p>\n<p>\uc21c\uc218\ud55c \ud615\ud0dc\uc758 \uc81c\ud488\uc740 \uba74\ud3ec(\ucf54\uba54\ub3c4\uc81c\ub2c9)\ub97c \uc720\ubc1c\ud560 \uc218 \uc788\uc73c\ubbc0\ub85c, \ud654\uc7a5\ud488 \uc81c\ud615\uc5d0 \uc0ac\uc6a9\ud558\ub294 \uac83\uc774 \uac00\uc7a5 \uc88b\uc2b5\ub2c8\ub2e4.<\/p>\n<h2>\uc801\uc6a9 \ubd84\uc57c:<\/h2>\n<ul>\n<li>\uc2a4\ud0a8\ucf00\uc5b4 \uc81c\ud488: \ud06c\ub9bc, \ub85c\uc158, \uc138\ub7fc<\/li>\n<li>\ud5e4\uc5b4 \uc81c\ud488: \ucee8\ub514\uc154\ub108, \ub9c8\uc2a4\ud06c, \uc624\uc77c<\/li>\n<li>\ubaa9\uc695 \ubc0f \uc138\uc815 \uc81c\ud488<\/li>\n<li>\ubbfc\uac10\uc131 \ubc0f \uac74\uc131 \ud53c\ubd80\uc6a9 \uc81c\ud488<\/li>\n<\/ul>\n<p>&nbsp;<\/p>\n","protected":false},"excerpt":{"rendered":"<p><strong>\uce74\ud504\ub9b4\ub9ad\/\uce74\ud504\ub9ad \ud2b8\ub77c\uc774\uae00\ub9ac\uc138\ub77c\uc774\ub4dc (MCT)<\/strong>\ub294 \uc8fc\ub85c \uce74\ud504\ub9b4\uc0b0(C8)\uacfc \uce74\ud504\ub974\uc0b0(C10)\uc73c\ub85c \uad6c\uc131\ub41c \uc911\uc1c4 \uc9c0\ubc29\uc0b0 \ud63c\ud569\ubb3c\uc785\ub2c8\ub2e4. <a href=\"https:\/\/naturalpoland.com\/ko\/je-pum\/sig-yong-mit-hwa-jang-pum-yong-o-il\/oil-kokoneos\/\"><strong>\ucf54\ucf54\ub11b \uc624\uc77c<\/strong><\/a>\uacfc \uac19\uc740 \uc2dd\ubb3c\uc131 \uc624\uc77c\uc5d0\uc11c \ucd94\ucd9c\ub429\ub2c8\ub2e4. \ubb34\uc0c9 \ud22c\uba85\ud558\uba70 \uc810\ub3c4\uac00 \ub9e4\uc6b0 \ub0ae\uc740 \uc561\uccb4 \ud615\ud0dc\ub85c, \ud53c\ubd80\uc5d0 \uc27d\uac8c \ud3b4 \ubc1c\ub9ac\uace0 \ube60\ub974\uac8c \ud761\uc218\ub429\ub2c8\ub2e4.  <\/p>\n","protected":false},"featured_media":44707,"template":"","meta":{"_acf_changed":false},"product_brand":[],"product_cat":[8160],"product_tag":[],"class_list":{"0":"post-44706","1":"product","2":"type-product","3":"status-publish","4":"has-post-thumbnail","6":"product_cat-hwa-jang-pum-won-ryo-ko","7":"pa_grupa-substancji-8193","9":"first","10":"instock","11":"shipping-taxable","12":"product-type-simple"},"acf":[],"yoast_head":"<!-- This site is optimized with the Yoast SEO plugin v27.5 - https:\/\/yoast.com\/product\/yoast-seo-wordpress\/ -->\n<title>NATURAL POLAND &#8211; Hurtowy Dystrybutor Surowc\u00f3w<\/title>\n<meta name=\"description\" content=\"Caprylic\/Capric Triglyceride\ub294 \uc81c\ud488\uc758 \ubc1c\ub9bc\uc131\uacfc \ud53c\ubd80 \ubc0f \ubaa8\ubc1c \uc0c1\ud0dc\ub97c \uac1c\uc120\ud558\ub294 \ud654\uc7a5\ud488 \uc131\ubd84\uc785\ub2c8\ub2e4.\" \/>\n<meta name=\"robots\" content=\"index, follow, max-snippet:-1, max-image-preview:large, max-video-preview:-1\" \/>\n<link rel=\"canonical\" href=\"https:\/\/naturalpoland.com\/ko\/je-pum\/hwa-jang-pum-won-ryo\/hwa-jang-pum-won-ryo-ko\/caprylic-capric-triglyceride\/\" \/>\n<meta property=\"og:locale\" content=\"ko_KR\" \/>\n<meta property=\"og:type\" content=\"article\" \/>\n<meta property=\"og:description\" content=\"Caprylic\/Capric Triglyceride\ub294 \uc81c\ud488\uc758 \ubc1c\ub9bc\uc131\uacfc \ud53c\ubd80 \ubc0f \ubaa8\ubc1c \uc0c1\ud0dc\ub97c \uac1c\uc120\ud558\ub294 \ud654\uc7a5\ud488 \uc131\ubd84\uc785\ub2c8\ub2e4.\" \/>\n<meta property=\"og:url\" content=\"https:\/\/naturalpoland.com\/ko\/je-pum\/hwa-jang-pum-won-ryo\/hwa-jang-pum-won-ryo-ko\/caprylic-capric-triglyceride\/\" \/>\n<meta property=\"og:site_name\" content=\"NATURAL POLAND - Hurtowy Dystrybutor Surowc\u00f3w\" \/>\n<meta property=\"article:publisher\" content=\"https:\/\/www.facebook.com\/naturalpoland.b2b\" \/>\n<meta property=\"article:modified_time\" content=\"2025-12-22T12:38:04+00:00\" \/>\n<meta property=\"og:image\" content=\"https:\/\/naturalpoland.com\/wp-content\/uploads\/caprylic-capric-triglyceride-.webp\" \/>\n\t<meta property=\"og:image:width\" content=\"426\" \/>\n\t<meta property=\"og:image:height\" content=\"426\" \/>\n\t<meta property=\"og:image:type\" content=\"image\/webp\" \/>\n<script type=\"application\/ld+json\" class=\"yoast-schema-graph\">{\"@context\":\"https:\\\/\\\/schema.org\",\"@graph\":[{\"@type\":\"WebPage\",\"@id\":\"https:\\\/\\\/naturalpoland.com\\\/ko\\\/je-pum\\\/hwa-jang-pum-won-ryo\\\/hwa-jang-pum-won-ryo-ko\\\/caprylic-capric-triglyceride\\\/\",\"url\":\"https:\\\/\\\/naturalpoland.com\\\/ko\\\/je-pum\\\/hwa-jang-pum-won-ryo\\\/hwa-jang-pum-won-ryo-ko\\\/caprylic-capric-triglyceride\\\/\",\"name\":\"\",\"isPartOf\":{\"@id\":\"https:\\\/\\\/naturalpoland.com\\\/ko\\\/#website\"},\"primaryImageOfPage\":{\"@id\":\"https:\\\/\\\/naturalpoland.com\\\/ko\\\/je-pum\\\/hwa-jang-pum-won-ryo\\\/hwa-jang-pum-won-ryo-ko\\\/caprylic-capric-triglyceride\\\/#primaryimage\"},\"image\":{\"@id\":\"https:\\\/\\\/naturalpoland.com\\\/ko\\\/je-pum\\\/hwa-jang-pum-won-ryo\\\/hwa-jang-pum-won-ryo-ko\\\/caprylic-capric-triglyceride\\\/#primaryimage\"},\"thumbnailUrl\":\"https:\\\/\\\/naturalpoland.com\\\/wp-content\\\/uploads\\\/caprylic-capric-triglyceride-.webp\",\"datePublished\":\"2024-10-23T12:01:26+00:00\",\"dateModified\":\"2025-12-22T12:38:04+00:00\",\"description\":\"Caprylic\\\/Capric Triglyceride\ub294 \uc81c\ud488\uc758 \ubc1c\ub9bc\uc131\uacfc \ud53c\ubd80 \ubc0f \ubaa8\ubc1c \uc0c1\ud0dc\ub97c \uac1c\uc120\ud558\ub294 \ud654\uc7a5\ud488 \uc131\ubd84\uc785\ub2c8\ub2e4.\",\"breadcrumb\":{\"@id\":\"https:\\\/\\\/naturalpoland.com\\\/ko\\\/je-pum\\\/hwa-jang-pum-won-ryo\\\/hwa-jang-pum-won-ryo-ko\\\/caprylic-capric-triglyceride\\\/#breadcrumb\"},\"inLanguage\":\"ko-KR\",\"potentialAction\":[{\"@type\":\"ReadAction\",\"target\":[\"https:\\\/\\\/naturalpoland.com\\\/ko\\\/je-pum\\\/hwa-jang-pum-won-ryo\\\/hwa-jang-pum-won-ryo-ko\\\/caprylic-capric-triglyceride\\\/\"]}]},{\"@type\":\"ImageObject\",\"inLanguage\":\"ko-KR\",\"@id\":\"https:\\\/\\\/naturalpoland.com\\\/ko\\\/je-pum\\\/hwa-jang-pum-won-ryo\\\/hwa-jang-pum-won-ryo-ko\\\/caprylic-capric-triglyceride\\\/#primaryimage\",\"url\":\"https:\\\/\\\/naturalpoland.com\\\/wp-content\\\/uploads\\\/caprylic-capric-triglyceride-.webp\",\"contentUrl\":\"https:\\\/\\\/naturalpoland.com\\\/wp-content\\\/uploads\\\/caprylic-capric-triglyceride-.webp\",\"width\":426,\"height\":426,\"caption\":\"Caprylic\\\/Capric Triglyceride\"},{\"@type\":\"BreadcrumbList\",\"@id\":\"https:\\\/\\\/naturalpoland.com\\\/ko\\\/je-pum\\\/hwa-jang-pum-won-ryo\\\/hwa-jang-pum-won-ryo-ko\\\/caprylic-capric-triglyceride\\\/#breadcrumb\",\"itemListElement\":[{\"@type\":\"ListItem\",\"position\":1,\"name\":\"\ud648\",\"item\":\"https:\\\/\\\/naturalpoland.com\\\/ko\\\/\"},{\"@type\":\"ListItem\",\"position\":2,\"name\":\"\uc81c\ud488\",\"item\":\"https:\\\/\\\/naturalpoland.com\\\/ko\\\/%ec%a0%9c%ed%92%88\\\/\"},{\"@type\":\"ListItem\",\"position\":3,\"name\":\"Caprylic\\\/Capric Triglyceride\"}]},{\"@type\":\"WebSite\",\"@id\":\"https:\\\/\\\/naturalpoland.com\\\/ko\\\/#website\",\"url\":\"https:\\\/\\\/naturalpoland.com\\\/ko\\\/\",\"name\":\"NATURAL POLAND - Hurtowy Dystrybutor Surowc\u00f3w\",\"description\":\"Surowce dla przemys\u0142u spo\u017cywczego, kosmetycznego i farmaceutycznego\",\"publisher\":{\"@id\":\"https:\\\/\\\/naturalpoland.com\\\/ko\\\/#organization\"},\"potentialAction\":[{\"@type\":\"SearchAction\",\"target\":{\"@type\":\"EntryPoint\",\"urlTemplate\":\"https:\\\/\\\/naturalpoland.com\\\/ko\\\/?s={search_term_string}\"},\"query-input\":{\"@type\":\"PropertyValueSpecification\",\"valueRequired\":true,\"valueName\":\"search_term_string\"}}],\"inLanguage\":\"ko-KR\"},{\"@type\":\"Organization\",\"@id\":\"https:\\\/\\\/naturalpoland.com\\\/ko\\\/#organization\",\"name\":\"Natural Poland\",\"url\":\"https:\\\/\\\/naturalpoland.com\\\/ko\\\/\",\"logo\":{\"@type\":\"ImageObject\",\"inLanguage\":\"ko-KR\",\"@id\":\"https:\\\/\\\/naturalpoland.com\\\/ko\\\/#\\\/schema\\\/logo\\\/image\\\/\",\"url\":\"https:\\\/\\\/naturalpoland.com\\\/wp-content\\\/uploads\\\/2021\\\/05\\\/natural-poland-icon.png\",\"contentUrl\":\"https:\\\/\\\/naturalpoland.com\\\/wp-content\\\/uploads\\\/2021\\\/05\\\/natural-poland-icon.png\",\"width\":512,\"height\":512,\"caption\":\"Natural Poland\"},\"image\":{\"@id\":\"https:\\\/\\\/naturalpoland.com\\\/ko\\\/#\\\/schema\\\/logo\\\/image\\\/\"},\"sameAs\":[\"https:\\\/\\\/www.facebook.com\\\/naturalpoland.b2b\",\"https:\\\/\\\/pl.linkedin.com\\\/company\\\/natural-poland\",\"https:\\\/\\\/www.youtube.com\\\/channel\\\/UCgeGGkvOMahZo-xu_MSEWxg\"]}]}<\/script>\n<!-- \/ Yoast SEO plugin. -->","yoast_head_json":{"title":"NATURAL POLAND &#8211; Hurtowy Dystrybutor Surowc\u00f3w","description":"Caprylic\/Capric Triglyceride\ub294 \uc81c\ud488\uc758 \ubc1c\ub9bc\uc131\uacfc \ud53c\ubd80 \ubc0f \ubaa8\ubc1c \uc0c1\ud0dc\ub97c \uac1c\uc120\ud558\ub294 \ud654\uc7a5\ud488 \uc131\ubd84\uc785\ub2c8\ub2e4.","robots":{"index":"index","follow":"follow","max-snippet":"max-snippet:-1","max-image-preview":"max-image-preview:large","max-video-preview":"max-video-preview:-1"},"canonical":"https:\/\/naturalpoland.com\/ko\/je-pum\/hwa-jang-pum-won-ryo\/hwa-jang-pum-won-ryo-ko\/caprylic-capric-triglyceride\/","og_locale":"ko_KR","og_type":"article","og_description":"Caprylic\/Capric Triglyceride\ub294 \uc81c\ud488\uc758 \ubc1c\ub9bc\uc131\uacfc \ud53c\ubd80 \ubc0f \ubaa8\ubc1c \uc0c1\ud0dc\ub97c \uac1c\uc120\ud558\ub294 \ud654\uc7a5\ud488 \uc131\ubd84\uc785\ub2c8\ub2e4.","og_url":"https:\/\/naturalpoland.com\/ko\/je-pum\/hwa-jang-pum-won-ryo\/hwa-jang-pum-won-ryo-ko\/caprylic-capric-triglyceride\/","og_site_name":"NATURAL POLAND - Hurtowy Dystrybutor Surowc\u00f3w","article_publisher":"https:\/\/www.facebook.com\/naturalpoland.b2b","article_modified_time":"2025-12-22T12:38:04+00:00","og_image":[{"width":426,"height":426,"url":"https:\/\/naturalpoland.com\/wp-content\/uploads\/caprylic-capric-triglyceride-.webp","type":"image\/webp"}],"schema":{"@context":"https:\/\/schema.org","@graph":[{"@type":"WebPage","@id":"https:\/\/naturalpoland.com\/ko\/je-pum\/hwa-jang-pum-won-ryo\/hwa-jang-pum-won-ryo-ko\/caprylic-capric-triglyceride\/","url":"https:\/\/naturalpoland.com\/ko\/je-pum\/hwa-jang-pum-won-ryo\/hwa-jang-pum-won-ryo-ko\/caprylic-capric-triglyceride\/","name":"","isPartOf":{"@id":"https:\/\/naturalpoland.com\/ko\/#website"},"primaryImageOfPage":{"@id":"https:\/\/naturalpoland.com\/ko\/je-pum\/hwa-jang-pum-won-ryo\/hwa-jang-pum-won-ryo-ko\/caprylic-capric-triglyceride\/#primaryimage"},"image":{"@id":"https:\/\/naturalpoland.com\/ko\/je-pum\/hwa-jang-pum-won-ryo\/hwa-jang-pum-won-ryo-ko\/caprylic-capric-triglyceride\/#primaryimage"},"thumbnailUrl":"https:\/\/naturalpoland.com\/wp-content\/uploads\/caprylic-capric-triglyceride-.webp","datePublished":"2024-10-23T12:01:26+00:00","dateModified":"2025-12-22T12:38:04+00:00","description":"Caprylic\/Capric Triglyceride\ub294 \uc81c\ud488\uc758 \ubc1c\ub9bc\uc131\uacfc \ud53c\ubd80 \ubc0f \ubaa8\ubc1c \uc0c1\ud0dc\ub97c \uac1c\uc120\ud558\ub294 \ud654\uc7a5\ud488 \uc131\ubd84\uc785\ub2c8\ub2e4.","breadcrumb":{"@id":"https:\/\/naturalpoland.com\/ko\/je-pum\/hwa-jang-pum-won-ryo\/hwa-jang-pum-won-ryo-ko\/caprylic-capric-triglyceride\/#breadcrumb"},"inLanguage":"ko-KR","potentialAction":[{"@type":"ReadAction","target":["https:\/\/naturalpoland.com\/ko\/je-pum\/hwa-jang-pum-won-ryo\/hwa-jang-pum-won-ryo-ko\/caprylic-capric-triglyceride\/"]}]},{"@type":"ImageObject","inLanguage":"ko-KR","@id":"https:\/\/naturalpoland.com\/ko\/je-pum\/hwa-jang-pum-won-ryo\/hwa-jang-pum-won-ryo-ko\/caprylic-capric-triglyceride\/#primaryimage","url":"https:\/\/naturalpoland.com\/wp-content\/uploads\/caprylic-capric-triglyceride-.webp","contentUrl":"https:\/\/naturalpoland.com\/wp-content\/uploads\/caprylic-capric-triglyceride-.webp","width":426,"height":426,"caption":"Caprylic\/Capric Triglyceride"},{"@type":"BreadcrumbList","@id":"https:\/\/naturalpoland.com\/ko\/je-pum\/hwa-jang-pum-won-ryo\/hwa-jang-pum-won-ryo-ko\/caprylic-capric-triglyceride\/#breadcrumb","itemListElement":[{"@type":"ListItem","position":1,"name":"\ud648","item":"https:\/\/naturalpoland.com\/ko\/"},{"@type":"ListItem","position":2,"name":"\uc81c\ud488","item":"https:\/\/naturalpoland.com\/ko\/%ec%a0%9c%ed%92%88\/"},{"@type":"ListItem","position":3,"name":"Caprylic\/Capric Triglyceride"}]},{"@type":"WebSite","@id":"https:\/\/naturalpoland.com\/ko\/#website","url":"https:\/\/naturalpoland.com\/ko\/","name":"NATURAL POLAND - Hurtowy Dystrybutor Surowc\u00f3w","description":"Surowce dla przemys\u0142u spo\u017cywczego, kosmetycznego i farmaceutycznego","publisher":{"@id":"https:\/\/naturalpoland.com\/ko\/#organization"},"potentialAction":[{"@type":"SearchAction","target":{"@type":"EntryPoint","urlTemplate":"https:\/\/naturalpoland.com\/ko\/?s={search_term_string}"},"query-input":{"@type":"PropertyValueSpecification","valueRequired":true,"valueName":"search_term_string"}}],"inLanguage":"ko-KR"},{"@type":"Organization","@id":"https:\/\/naturalpoland.com\/ko\/#organization","name":"Natural Poland","url":"https:\/\/naturalpoland.com\/ko\/","logo":{"@type":"ImageObject","inLanguage":"ko-KR","@id":"https:\/\/naturalpoland.com\/ko\/#\/schema\/logo\/image\/","url":"https:\/\/naturalpoland.com\/wp-content\/uploads\/2021\/05\/natural-poland-icon.png","contentUrl":"https:\/\/naturalpoland.com\/wp-content\/uploads\/2021\/05\/natural-poland-icon.png","width":512,"height":512,"caption":"Natural Poland"},"image":{"@id":"https:\/\/naturalpoland.com\/ko\/#\/schema\/logo\/image\/"},"sameAs":["https:\/\/www.facebook.com\/naturalpoland.b2b","https:\/\/pl.linkedin.com\/company\/natural-poland","https:\/\/www.youtube.com\/channel\/UCgeGGkvOMahZo-xu_MSEWxg"]}]}},"_links":{"self":[{"href":"https:\/\/naturalpoland.com\/ko\/wp-json\/wp\/v2\/product\/44706","targetHints":{"allow":["GET"]}}],"collection":[{"href":"https:\/\/naturalpoland.com\/ko\/wp-json\/wp\/v2\/product"}],"about":[{"href":"https:\/\/naturalpoland.com\/ko\/wp-json\/wp\/v2\/types\/product"}],"wp:featuredmedia":[{"embeddable":true,"href":"https:\/\/naturalpoland.com\/ko\/wp-json\/wp\/v2\/media\/44707"}],"wp:attachment":[{"href":"https:\/\/naturalpoland.com\/ko\/wp-json\/wp\/v2\/media?parent=44706"}],"wp:term":[{"taxonomy":"product_brand","embeddable":true,"href":"https:\/\/naturalpoland.com\/ko\/wp-json\/wp\/v2\/product_brand?post=44706"},{"taxonomy":"product_cat","embeddable":true,"href":"https:\/\/naturalpoland.com\/ko\/wp-json\/wp\/v2\/product_cat?post=44706"},{"taxonomy":"product_tag","embeddable":true,"href":"https:\/\/naturalpoland.com\/ko\/wp-json\/wp\/v2\/product_tag?post=44706"}],"curies":[{"name":"wp","href":"https:\/\/api.w.org\/{rel}","templated":true}]}}