{"id":44735,"date":"2021-05-11T13:49:45","date_gmt":"2021-05-11T11:49:45","guid":{"rendered":"https:\/\/naturalpoland.com\/produkty\/uncategorized\/%ec%b9%b4%eb%a9%9c%eb%a6%ac%eb%82%98-%ec%98%a4%ec%9d%bc-sativa\/"},"modified":"2025-12-22T13:49:25","modified_gmt":"2025-12-22T12:49:25","slug":"%ec%b9%b4%eb%a9%9c%eb%a6%ac%eb%82%98-%ec%98%a4%ec%9d%bc-sativa","status":"publish","type":"product","link":"https:\/\/naturalpoland.com\/ko\/je-pum\/sig-pum-won-ryo\/sig-yong-yu\/%ec%b9%b4%eb%a9%9c%eb%a6%ac%eb%82%98-%ec%98%a4%ec%9d%bc-sativa\/","title":{"rendered":"\uce74\uba5c\ub9ac\ub098 \uc624\uc77c (Sativa)"},"content":{"rendered":"<p>\uce74\uba5c\ub9ac\ub098 \uc624\uc77c\uc740 \ubc14\ub2e5\uc5d0 \uc18c\ub7c9\uc758 \uce68\uc804\ubb3c\uc774 \uc788\ub294 \ub9d1\uace0 \ud22c\uba85\ud55c \uc720\uc131 \uc561\uccb4\uc785\ub2c8\ub2e4. \uc0c9\uc0c1\uc740 \ud669\uae08\uc0c9\uc5d0\uc11c \uc801\uac08\uc0c9\uae4c\uc9c0 \ub2e4\uc591\ud558\uba70, \uc0ac\uc6a9\ub418\ub294 \ubd04 \ub610\ub294 \uaca8\uc6b8 \uce74\uba5c\ub9ac\ub098 \ud488\uc885\uc5d0 \ub530\ub77c \ub2ec\ub77c\uc9d1\ub2c8\ub2e4.  <\/p>\n<h2>\uce74\uba5c\ub9ac\ub098 \uc624\uc77c\uc758 \uc131\ubd84 \ubc0f \ud2b9\uc131<\/h2>\n<p>\uce74\uba5c\ub9ac\ub098 \uc624\uc77c\uc740 \ube44\ud0c0\ubbfc E \ud568\ub7c9\uc774 \ub192\uc544 \uac15\ub825\ud55c \ud56d\uc0b0\ud654\uc81c\uc785\ub2c8\ub2e4. \uba74\uc5ed \uccb4\uacc4\ub97c \uac15\ud654\ud558\uace0 \uc2ec\uc7a5 \uc9c8\ud658\uc758 \uc704\ud5d8\uc744 \uc904\uc5ec\uc90d\ub2c8\ub2e4. \uc54c\uce20\ud558\uc774\uba38\ubcd1\uacfc \uac19\uc740 \uc778\uc9c0 \uc7a5\uc560 \uad00\ub828 \uc9c8\ud658, \uc5fc\uc99d\uc73c\ub85c \uc778\ud55c \uc548\uad6c \uc9c8\ud658 \ubc0f \uc2e0\uacbd \uc190\uc0c1\uc73c\ub85c\ubd80\ud130 \ubcf4\ud638\ud569\ub2c8\ub2e4. \uadf8 \uc678 \ud6a8\ub2a5\uc73c\ub85c\ub294 \uac04 \uac74\uac15 \uc9c0\uc6d0, \ucf5c\ub808\uc2a4\ud14c\ub864 \uac10\uc18c, \ud608\ub2f9 \uc870\uc808, \uc9d1\uc911\ub825 \ud5a5\uc0c1 \ub4f1\uc774 \uc788\uc2b5\ub2c8\ub2e4.   <\/p>\n<h3>\uc9c0\ubc29\uc0b0 \ud568\ub7c9<\/h3>\n<p>\uc624\uc77c\uc758 \ud3ec\ud654 \uc9c0\ubc29\uc0b0 \ud568\ub7c9\uc740 10-11%\ub85c \uc801\uc73c\uba70, \ubd88\ud3ec\ud654 \uc9c0\ubc29\uc0b0\uc740 \uc57d 90%\uc785\ub2c8\ub2e4. \uc774 \uc911 \ub2e8\uc77c \ubd88\ud3ec\ud654 \uc9c0\ubc29\uc0b0(\ubaa8\ub178\uc5d4\uc0b0)\uc740 \uc57d 36%, \ub2e4\uc911 \ubd88\ud3ec\ud654 \uc9c0\ubc29\uc0b0(\ud3f4\ub9ac\uc5d4\uc0b0)\uc740 \uc57d 55%\ub97c \ucc28\uc9c0\ud569\ub2c8\ub2e4.<\/p>\n<table>\n<tbody>\n<tr>\n<th>\uc9c0\ubc29\uc0b0 \uba85\uce6d<\/th>\n<th>\ud0c4\uc18c \uc0ac\uc2ac<\/th>\n<th>\ubc94\uc704 (%)<\/th>\n<th>\uacb0\uacfc (\ubc29\ubc95: PB-191\/LF)<\/th>\n<\/tr>\n<tr>\n<td>\ud314\ubbf8\ud2b8\uc0b0<\/td>\n<td>C16:0<\/td>\n<td>3.0-9.0<\/td>\n<td>5.4<\/td>\n<\/tr>\n<tr>\n<td>\uc2a4\ud14c\uc544\ub974\uc0b0<\/td>\n<td>C18:0<\/td>\n<td>1.0-7.0<\/td>\n<td>4.2<\/td>\n<\/tr>\n<tr>\n<td>\uc62c\ub808\uc0b0<\/td>\n<td>C18:1<\/td>\n<td>15.0-29.0<\/td>\n<td>20.2<\/td>\n<\/tr>\n<tr>\n<td>\ub9ac\ub180\ub808\uc0b0<\/td>\n<td>C18:2<\/td>\n<td>19.0-29.0<\/td>\n<td>23.8<\/td>\n<\/tr>\n<tr>\n<td>\ub9ac\ub180\ub80c\uc0b0<\/td>\n<td>C18:3<\/td>\n<td>30.0-39.0<\/td>\n<td>36.1<\/td>\n<\/tr>\n<tr>\n<td>\uc774\ucf54\uc0b0\uc0b0<\/td>\n<td>C20:0<\/td>\n<td>1.0-5.0<\/td>\n<td>2.5<\/td>\n<\/tr>\n<tr>\n<td>\uc5d0\ub8e8\ud06c\uc0b0<\/td>\n<td>C22:1<\/td>\n<td>3.0-9.0<\/td>\n<td>6.8<\/td>\n<\/tr>\n<\/tbody>\n<\/table>\n<p>&nbsp;<\/p>\n<p>&nbsp;<\/p>\n<p>\ud654\uc7a5\ud488 \ubd84\uc57c\uc5d0\uc11c \uce74\uba5c\ub9ac\ub098 \uc624\uc77c\uc740 \ud53c\ubd80\uc5d0 \uc218\ubd84\uc744 \uacf5\uae09\ud558\uace0 \uac74\uc870\ud568\uc744 \ubc29\uc9c0\ud558\ub294 \ub9c8\uc0ac\uc9c0 \uc624\uc77c\ub85c \uc0ac\uc6a9\ub420 \uc218 \uc788\uc2b5\ub2c8\ub2e4. \ub610\ud55c \ud56b \uc624\uc77c \ud5e4\uc5b4 \ud2b8\ub9ac\ud2b8\uba3c\ud2b8\uc5d0\ub3c4 \ud65c\uc6a9\ub420 \uc218 \uc788\uc2b5\ub2c8\ub2e4. <\/p>\n<p>&nbsp;<\/p>\n","protected":false},"excerpt":{"rendered":"<p><strong>\uce74\uba5c\ub9ac\ub098 \uc624\uc77c<\/strong> (Camelina Sativa)\uc740 \ub0c9\uc555\ucc29 \ube44\uc815\uc81c \uc2dd\ud488 \ubc0f \ud654\uc7a5\ud488 \ub4f1\uae09\uc73c\ub85c, \uc624\uba54\uac00-3 \uc9c0\ubc29\uc0b0\uc744 \ud48d\ubd80\ud558\uac8c \ud568\uc720\ud558\uace0 \uc788\uc2b5\ub2c8\ub2e4. \uc774 \uc624\uc77c\uc740 <strong>&#8216;\ub9ac\uc870\ube44&#8217; \uc624\uc77c<\/strong>\ub85c\ub3c4 \uc54c\ub824\uc838 \uc788\uc2b5\ub2c8\ub2e4. \uc774\ub294 \uc77c\ubc18\uc801\uc73c\ub85c \uac74\uac15 \ubcf4\uc870 \uc2dd\ud488 \ubc0f \ub2e4\uc6a9\ub3c4 \uc624\uc77c\ub85c \uc0ac\uc6a9\ub429\ub2c8\ub2e4. \uce74\uba5c\ub9ac\ub098 \uc624\uc77c\uc740 \uc740\uc740\ud55c \uacac\uacfc\ub958 \ub9db\uc774 \ub0a9\ub2c8\ub2e4.  <\/p>\n","protected":false},"featured_media":44738,"template":"","meta":{"_acf_changed":false},"product_brand":[],"product_cat":[8135,8174,8154],"product_tag":[],"class_list":{"0":"post-44735","1":"product","2":"type-product","3":"status-publish","4":"has-post-thumbnail","6":"product_cat-sig-yong-mit-hwa-jang-pum-yong-o-il","7":"product_cat-sig-yong-yu","8":"product_cat-hwa-jang-pum-o-il","10":"first","11":"instock","12":"shipping-taxable","13":"product-type-simple"},"acf":[],"yoast_head":"<!-- This site is optimized with the Yoast SEO plugin v27.5 - https:\/\/yoast.com\/product\/yoast-seo-wordpress\/ -->\n<title>NATURAL POLAND &#8211; Hurtowy Dystrybutor Surowc\u00f3w<\/title>\n<meta name=\"description\" content=\"\uce74\uba5c\ub9ac\ub098 \uc624\uc77c(Camelina Sativa)\uc740 \ub0c9\uc555\ucc29 \ube44\uc815\uc81c \uc2dd\ud488 \ubc0f \ud654\uc7a5\ud488 \ub4f1\uae09\uc73c\ub85c, \uc624\uba54\uac00-3 \uc9c0\ubc29\uc0b0\uc744 \ud48d\ubd80\ud558\uac8c \ud568\uc720\ud558\uace0 \uc788\uc2b5\ub2c8\ub2e4.\" \/>\n<meta name=\"robots\" content=\"index, follow, max-snippet:-1, max-image-preview:large, max-video-preview:-1\" \/>\n<link rel=\"canonical\" href=\"https:\/\/naturalpoland.com\/ko\/je-pum\/sig-pum-won-ryo\/sig-yong-yu\/%ec%b9%b4%eb%a9%9c%eb%a6%ac%eb%82%98-%ec%98%a4%ec%9d%bc-sativa\/\" \/>\n<meta property=\"og:locale\" content=\"ko_KR\" \/>\n<meta property=\"og:type\" content=\"article\" \/>\n<meta property=\"og:description\" content=\"\uce74\uba5c\ub9ac\ub098 \uc624\uc77c(Camelina Sativa)\uc740 \ub0c9\uc555\ucc29 \ube44\uc815\uc81c \uc2dd\ud488 \ubc0f \ud654\uc7a5\ud488 \ub4f1\uae09\uc73c\ub85c, \uc624\uba54\uac00-3 \uc9c0\ubc29\uc0b0\uc744 \ud48d\ubd80\ud558\uac8c \ud568\uc720\ud558\uace0 \uc788\uc2b5\ub2c8\ub2e4.\" \/>\n<meta property=\"og:url\" content=\"https:\/\/naturalpoland.com\/ko\/je-pum\/sig-pum-won-ryo\/sig-yong-yu\/%ec%b9%b4%eb%a9%9c%eb%a6%ac%eb%82%98-%ec%98%a4%ec%9d%bc-sativa\/\" \/>\n<meta property=\"og:site_name\" content=\"NATURAL POLAND - Hurtowy Dystrybutor Surowc\u00f3w\" \/>\n<meta property=\"article:publisher\" content=\"https:\/\/www.facebook.com\/naturalpoland.b2b\" \/>\n<meta property=\"article:modified_time\" content=\"2025-12-22T12:49:25+00:00\" \/>\n<meta property=\"og:image\" content=\"https:\/\/naturalpoland.com\/wp-content\/uploads\/olej-z-lnianki.webp\" \/>\n\t<meta property=\"og:image:width\" content=\"619\" \/>\n\t<meta property=\"og:image:height\" content=\"619\" \/>\n\t<meta property=\"og:image:type\" content=\"image\/webp\" \/>\n<script type=\"application\/ld+json\" class=\"yoast-schema-graph\">{\"@context\":\"https:\\\/\\\/schema.org\",\"@graph\":[{\"@type\":\"WebPage\",\"@id\":\"https:\\\/\\\/naturalpoland.com\\\/ko\\\/je-pum\\\/sig-pum-won-ryo\\\/sig-yong-yu\\\/%ec%b9%b4%eb%a9%9c%eb%a6%ac%eb%82%98-%ec%98%a4%ec%9d%bc-sativa\\\/\",\"url\":\"https:\\\/\\\/naturalpoland.com\\\/ko\\\/je-pum\\\/sig-pum-won-ryo\\\/sig-yong-yu\\\/%ec%b9%b4%eb%a9%9c%eb%a6%ac%eb%82%98-%ec%98%a4%ec%9d%bc-sativa\\\/\",\"name\":\"\",\"isPartOf\":{\"@id\":\"https:\\\/\\\/naturalpoland.com\\\/ko\\\/#website\"},\"primaryImageOfPage\":{\"@id\":\"https:\\\/\\\/naturalpoland.com\\\/ko\\\/je-pum\\\/sig-pum-won-ryo\\\/sig-yong-yu\\\/%ec%b9%b4%eb%a9%9c%eb%a6%ac%eb%82%98-%ec%98%a4%ec%9d%bc-sativa\\\/#primaryimage\"},\"image\":{\"@id\":\"https:\\\/\\\/naturalpoland.com\\\/ko\\\/je-pum\\\/sig-pum-won-ryo\\\/sig-yong-yu\\\/%ec%b9%b4%eb%a9%9c%eb%a6%ac%eb%82%98-%ec%98%a4%ec%9d%bc-sativa\\\/#primaryimage\"},\"thumbnailUrl\":\"https:\\\/\\\/naturalpoland.com\\\/wp-content\\\/uploads\\\/olej-z-lnianki.webp\",\"datePublished\":\"2021-05-11T11:49:45+00:00\",\"dateModified\":\"2025-12-22T12:49:25+00:00\",\"description\":\"\uce74\uba5c\ub9ac\ub098 \uc624\uc77c(Camelina Sativa)\uc740 \ub0c9\uc555\ucc29 \ube44\uc815\uc81c \uc2dd\ud488 \ubc0f \ud654\uc7a5\ud488 \ub4f1\uae09\uc73c\ub85c, \uc624\uba54\uac00-3 \uc9c0\ubc29\uc0b0\uc744 \ud48d\ubd80\ud558\uac8c \ud568\uc720\ud558\uace0 \uc788\uc2b5\ub2c8\ub2e4.\",\"breadcrumb\":{\"@id\":\"https:\\\/\\\/naturalpoland.com\\\/ko\\\/je-pum\\\/sig-pum-won-ryo\\\/sig-yong-yu\\\/%ec%b9%b4%eb%a9%9c%eb%a6%ac%eb%82%98-%ec%98%a4%ec%9d%bc-sativa\\\/#breadcrumb\"},\"inLanguage\":\"ko-KR\",\"potentialAction\":[{\"@type\":\"ReadAction\",\"target\":[\"https:\\\/\\\/naturalpoland.com\\\/ko\\\/je-pum\\\/sig-pum-won-ryo\\\/sig-yong-yu\\\/%ec%b9%b4%eb%a9%9c%eb%a6%ac%eb%82%98-%ec%98%a4%ec%9d%bc-sativa\\\/\"]}]},{\"@type\":\"ImageObject\",\"inLanguage\":\"ko-KR\",\"@id\":\"https:\\\/\\\/naturalpoland.com\\\/ko\\\/je-pum\\\/sig-pum-won-ryo\\\/sig-yong-yu\\\/%ec%b9%b4%eb%a9%9c%eb%a6%ac%eb%82%98-%ec%98%a4%ec%9d%bc-sativa\\\/#primaryimage\",\"url\":\"https:\\\/\\\/naturalpoland.com\\\/wp-content\\\/uploads\\\/olej-z-lnianki.webp\",\"contentUrl\":\"https:\\\/\\\/naturalpoland.com\\\/wp-content\\\/uploads\\\/olej-z-lnianki.webp\",\"width\":619,\"height\":619,\"caption\":\"\uce74\uba5c\ub9ac\ub098 \uc624\uc77c\"},{\"@type\":\"BreadcrumbList\",\"@id\":\"https:\\\/\\\/naturalpoland.com\\\/ko\\\/je-pum\\\/sig-pum-won-ryo\\\/sig-yong-yu\\\/%ec%b9%b4%eb%a9%9c%eb%a6%ac%eb%82%98-%ec%98%a4%ec%9d%bc-sativa\\\/#breadcrumb\",\"itemListElement\":[{\"@type\":\"ListItem\",\"position\":1,\"name\":\"\ud648\",\"item\":\"https:\\\/\\\/naturalpoland.com\\\/ko\\\/\"},{\"@type\":\"ListItem\",\"position\":2,\"name\":\"\uc81c\ud488\",\"item\":\"https:\\\/\\\/naturalpoland.com\\\/ko\\\/%ec%a0%9c%ed%92%88\\\/\"},{\"@type\":\"ListItem\",\"position\":3,\"name\":\"\uce74\uba5c\ub9ac\ub098 \uc624\uc77c (Sativa)\"}]},{\"@type\":\"WebSite\",\"@id\":\"https:\\\/\\\/naturalpoland.com\\\/ko\\\/#website\",\"url\":\"https:\\\/\\\/naturalpoland.com\\\/ko\\\/\",\"name\":\"NATURAL POLAND - Hurtowy Dystrybutor Surowc\u00f3w\",\"description\":\"Surowce dla przemys\u0142u spo\u017cywczego, kosmetycznego i farmaceutycznego\",\"publisher\":{\"@id\":\"https:\\\/\\\/naturalpoland.com\\\/ko\\\/#organization\"},\"potentialAction\":[{\"@type\":\"SearchAction\",\"target\":{\"@type\":\"EntryPoint\",\"urlTemplate\":\"https:\\\/\\\/naturalpoland.com\\\/ko\\\/?s={search_term_string}\"},\"query-input\":{\"@type\":\"PropertyValueSpecification\",\"valueRequired\":true,\"valueName\":\"search_term_string\"}}],\"inLanguage\":\"ko-KR\"},{\"@type\":\"Organization\",\"@id\":\"https:\\\/\\\/naturalpoland.com\\\/ko\\\/#organization\",\"name\":\"Natural Poland\",\"url\":\"https:\\\/\\\/naturalpoland.com\\\/ko\\\/\",\"logo\":{\"@type\":\"ImageObject\",\"inLanguage\":\"ko-KR\",\"@id\":\"https:\\\/\\\/naturalpoland.com\\\/ko\\\/#\\\/schema\\\/logo\\\/image\\\/\",\"url\":\"https:\\\/\\\/naturalpoland.com\\\/wp-content\\\/uploads\\\/2021\\\/05\\\/natural-poland-icon.png\",\"contentUrl\":\"https:\\\/\\\/naturalpoland.com\\\/wp-content\\\/uploads\\\/2021\\\/05\\\/natural-poland-icon.png\",\"width\":512,\"height\":512,\"caption\":\"Natural Poland\"},\"image\":{\"@id\":\"https:\\\/\\\/naturalpoland.com\\\/ko\\\/#\\\/schema\\\/logo\\\/image\\\/\"},\"sameAs\":[\"https:\\\/\\\/www.facebook.com\\\/naturalpoland.b2b\",\"https:\\\/\\\/pl.linkedin.com\\\/company\\\/natural-poland\",\"https:\\\/\\\/www.youtube.com\\\/channel\\\/UCgeGGkvOMahZo-xu_MSEWxg\"]}]}<\/script>\n<!-- \/ Yoast SEO plugin. -->","yoast_head_json":{"title":"NATURAL POLAND &#8211; Hurtowy Dystrybutor Surowc\u00f3w","description":"\uce74\uba5c\ub9ac\ub098 \uc624\uc77c(Camelina Sativa)\uc740 \ub0c9\uc555\ucc29 \ube44\uc815\uc81c \uc2dd\ud488 \ubc0f \ud654\uc7a5\ud488 \ub4f1\uae09\uc73c\ub85c, \uc624\uba54\uac00-3 \uc9c0\ubc29\uc0b0\uc744 \ud48d\ubd80\ud558\uac8c \ud568\uc720\ud558\uace0 \uc788\uc2b5\ub2c8\ub2e4.","robots":{"index":"index","follow":"follow","max-snippet":"max-snippet:-1","max-image-preview":"max-image-preview:large","max-video-preview":"max-video-preview:-1"},"canonical":"https:\/\/naturalpoland.com\/ko\/je-pum\/sig-pum-won-ryo\/sig-yong-yu\/%ec%b9%b4%eb%a9%9c%eb%a6%ac%eb%82%98-%ec%98%a4%ec%9d%bc-sativa\/","og_locale":"ko_KR","og_type":"article","og_description":"\uce74\uba5c\ub9ac\ub098 \uc624\uc77c(Camelina Sativa)\uc740 \ub0c9\uc555\ucc29 \ube44\uc815\uc81c \uc2dd\ud488 \ubc0f \ud654\uc7a5\ud488 \ub4f1\uae09\uc73c\ub85c, \uc624\uba54\uac00-3 \uc9c0\ubc29\uc0b0\uc744 \ud48d\ubd80\ud558\uac8c \ud568\uc720\ud558\uace0 \uc788\uc2b5\ub2c8\ub2e4.","og_url":"https:\/\/naturalpoland.com\/ko\/je-pum\/sig-pum-won-ryo\/sig-yong-yu\/%ec%b9%b4%eb%a9%9c%eb%a6%ac%eb%82%98-%ec%98%a4%ec%9d%bc-sativa\/","og_site_name":"NATURAL POLAND - Hurtowy Dystrybutor Surowc\u00f3w","article_publisher":"https:\/\/www.facebook.com\/naturalpoland.b2b","article_modified_time":"2025-12-22T12:49:25+00:00","og_image":[{"width":619,"height":619,"url":"https:\/\/naturalpoland.com\/wp-content\/uploads\/olej-z-lnianki.webp","type":"image\/webp"}],"schema":{"@context":"https:\/\/schema.org","@graph":[{"@type":"WebPage","@id":"https:\/\/naturalpoland.com\/ko\/je-pum\/sig-pum-won-ryo\/sig-yong-yu\/%ec%b9%b4%eb%a9%9c%eb%a6%ac%eb%82%98-%ec%98%a4%ec%9d%bc-sativa\/","url":"https:\/\/naturalpoland.com\/ko\/je-pum\/sig-pum-won-ryo\/sig-yong-yu\/%ec%b9%b4%eb%a9%9c%eb%a6%ac%eb%82%98-%ec%98%a4%ec%9d%bc-sativa\/","name":"","isPartOf":{"@id":"https:\/\/naturalpoland.com\/ko\/#website"},"primaryImageOfPage":{"@id":"https:\/\/naturalpoland.com\/ko\/je-pum\/sig-pum-won-ryo\/sig-yong-yu\/%ec%b9%b4%eb%a9%9c%eb%a6%ac%eb%82%98-%ec%98%a4%ec%9d%bc-sativa\/#primaryimage"},"image":{"@id":"https:\/\/naturalpoland.com\/ko\/je-pum\/sig-pum-won-ryo\/sig-yong-yu\/%ec%b9%b4%eb%a9%9c%eb%a6%ac%eb%82%98-%ec%98%a4%ec%9d%bc-sativa\/#primaryimage"},"thumbnailUrl":"https:\/\/naturalpoland.com\/wp-content\/uploads\/olej-z-lnianki.webp","datePublished":"2021-05-11T11:49:45+00:00","dateModified":"2025-12-22T12:49:25+00:00","description":"\uce74\uba5c\ub9ac\ub098 \uc624\uc77c(Camelina Sativa)\uc740 \ub0c9\uc555\ucc29 \ube44\uc815\uc81c \uc2dd\ud488 \ubc0f \ud654\uc7a5\ud488 \ub4f1\uae09\uc73c\ub85c, \uc624\uba54\uac00-3 \uc9c0\ubc29\uc0b0\uc744 \ud48d\ubd80\ud558\uac8c \ud568\uc720\ud558\uace0 \uc788\uc2b5\ub2c8\ub2e4.","breadcrumb":{"@id":"https:\/\/naturalpoland.com\/ko\/je-pum\/sig-pum-won-ryo\/sig-yong-yu\/%ec%b9%b4%eb%a9%9c%eb%a6%ac%eb%82%98-%ec%98%a4%ec%9d%bc-sativa\/#breadcrumb"},"inLanguage":"ko-KR","potentialAction":[{"@type":"ReadAction","target":["https:\/\/naturalpoland.com\/ko\/je-pum\/sig-pum-won-ryo\/sig-yong-yu\/%ec%b9%b4%eb%a9%9c%eb%a6%ac%eb%82%98-%ec%98%a4%ec%9d%bc-sativa\/"]}]},{"@type":"ImageObject","inLanguage":"ko-KR","@id":"https:\/\/naturalpoland.com\/ko\/je-pum\/sig-pum-won-ryo\/sig-yong-yu\/%ec%b9%b4%eb%a9%9c%eb%a6%ac%eb%82%98-%ec%98%a4%ec%9d%bc-sativa\/#primaryimage","url":"https:\/\/naturalpoland.com\/wp-content\/uploads\/olej-z-lnianki.webp","contentUrl":"https:\/\/naturalpoland.com\/wp-content\/uploads\/olej-z-lnianki.webp","width":619,"height":619,"caption":"\uce74\uba5c\ub9ac\ub098 \uc624\uc77c"},{"@type":"BreadcrumbList","@id":"https:\/\/naturalpoland.com\/ko\/je-pum\/sig-pum-won-ryo\/sig-yong-yu\/%ec%b9%b4%eb%a9%9c%eb%a6%ac%eb%82%98-%ec%98%a4%ec%9d%bc-sativa\/#breadcrumb","itemListElement":[{"@type":"ListItem","position":1,"name":"\ud648","item":"https:\/\/naturalpoland.com\/ko\/"},{"@type":"ListItem","position":2,"name":"\uc81c\ud488","item":"https:\/\/naturalpoland.com\/ko\/%ec%a0%9c%ed%92%88\/"},{"@type":"ListItem","position":3,"name":"\uce74\uba5c\ub9ac\ub098 \uc624\uc77c (Sativa)"}]},{"@type":"WebSite","@id":"https:\/\/naturalpoland.com\/ko\/#website","url":"https:\/\/naturalpoland.com\/ko\/","name":"NATURAL POLAND - Hurtowy Dystrybutor Surowc\u00f3w","description":"Surowce dla przemys\u0142u spo\u017cywczego, kosmetycznego i farmaceutycznego","publisher":{"@id":"https:\/\/naturalpoland.com\/ko\/#organization"},"potentialAction":[{"@type":"SearchAction","target":{"@type":"EntryPoint","urlTemplate":"https:\/\/naturalpoland.com\/ko\/?s={search_term_string}"},"query-input":{"@type":"PropertyValueSpecification","valueRequired":true,"valueName":"search_term_string"}}],"inLanguage":"ko-KR"},{"@type":"Organization","@id":"https:\/\/naturalpoland.com\/ko\/#organization","name":"Natural Poland","url":"https:\/\/naturalpoland.com\/ko\/","logo":{"@type":"ImageObject","inLanguage":"ko-KR","@id":"https:\/\/naturalpoland.com\/ko\/#\/schema\/logo\/image\/","url":"https:\/\/naturalpoland.com\/wp-content\/uploads\/2021\/05\/natural-poland-icon.png","contentUrl":"https:\/\/naturalpoland.com\/wp-content\/uploads\/2021\/05\/natural-poland-icon.png","width":512,"height":512,"caption":"Natural Poland"},"image":{"@id":"https:\/\/naturalpoland.com\/ko\/#\/schema\/logo\/image\/"},"sameAs":["https:\/\/www.facebook.com\/naturalpoland.b2b","https:\/\/pl.linkedin.com\/company\/natural-poland","https:\/\/www.youtube.com\/channel\/UCgeGGkvOMahZo-xu_MSEWxg"]}]}},"_links":{"self":[{"href":"https:\/\/naturalpoland.com\/ko\/wp-json\/wp\/v2\/product\/44735","targetHints":{"allow":["GET"]}}],"collection":[{"href":"https:\/\/naturalpoland.com\/ko\/wp-json\/wp\/v2\/product"}],"about":[{"href":"https:\/\/naturalpoland.com\/ko\/wp-json\/wp\/v2\/types\/product"}],"wp:featuredmedia":[{"embeddable":true,"href":"https:\/\/naturalpoland.com\/ko\/wp-json\/wp\/v2\/media\/44738"}],"wp:attachment":[{"href":"https:\/\/naturalpoland.com\/ko\/wp-json\/wp\/v2\/media?parent=44735"}],"wp:term":[{"taxonomy":"product_brand","embeddable":true,"href":"https:\/\/naturalpoland.com\/ko\/wp-json\/wp\/v2\/product_brand?post=44735"},{"taxonomy":"product_cat","embeddable":true,"href":"https:\/\/naturalpoland.com\/ko\/wp-json\/wp\/v2\/product_cat?post=44735"},{"taxonomy":"product_tag","embeddable":true,"href":"https:\/\/naturalpoland.com\/ko\/wp-json\/wp\/v2\/product_tag?post=44735"}],"curies":[{"name":"wp","href":"https:\/\/api.w.org\/{rel}","templated":true}]}}