{"id":44802,"date":"2021-05-11T13:49:21","date_gmt":"2021-05-11T11:49:21","guid":{"rendered":"https:\/\/naturalpoland.com\/produkty\/uncategorized\/%ec%95%84%eb%a7%88%eb%9e%80%ec%8a%a4-%ec%98%a4%ec%9d%bc\/"},"modified":"2026-01-13T10:11:18","modified_gmt":"2026-01-13T09:11:18","slug":"%ec%95%84%eb%a7%88%eb%9e%80%ec%8a%a4-%ec%98%a4%ec%9d%bc","status":"publish","type":"product","link":"https:\/\/naturalpoland.com\/ko\/je-pum\/sig-pum-won-ryo\/sig-yong-yu\/%ec%95%84%eb%a7%88%eb%9e%80%ec%8a%a4-%ec%98%a4%ec%9d%bc\/","title":{"rendered":"\uc544\ub9c8\ub780\uc2a4 \uc624\uc77c"},"content":{"rendered":"<p>\uc544\ub9c8\ub780\uc2a4 \uc528\uc557 \uc624\uc77c\uc740 \ud2b9\uc720\uc758 \ubd80\ub4dc\ub7ec\uc6b4 \ub9db\uacfc \ud5a5\uc744 \uc9c0\ub2c8\uace0 \uc788\uc73c\uba70, \ub178\ub974\uc2a4\ub984\ud55c \uc0c9\uc0c1\uc740 \uc790\uc5f0 \uc720\ub798\uc784\uc744 \uc99d\uba85\ud569\ub2c8\ub2e4.<\/p>\n<h2>\uc544\ub9c8\ub780\uc2a4 \uc624\uc77c\uc758 \ud6a8\ub2a5:<\/h2>\n<p>\uc544\ub9c8\ub780\uc2a4 \uc624\uc77c\uc740 \uc8fc\ub85c \ubcf4\uc2b5 \ubc0f \uc7ac\uc0dd \ud2b9\uc131\uc744 \ub098\ud0c0\ub0c5\ub2c8\ub2e4. <strong>\uc2a4\ucfe0\uc54c\ub80c<\/strong>\uacfc <a href=\"https:\/\/naturalpoland.com\/ko\/je-pum\/ui-yak-pum-won-ryo\/bi-ta-min\/bitamin-e-tokoperil-aseteiteu\/\"><strong>\ube44\ud0c0\ubbfc E<\/strong><\/a> \ud568\ub7c9\uc774 \ub192\uc544 \ud53c\ubd80\uc5d0 \uc801\uc808\ud55c \uc218\ubd84\uc744 \uacf5\uae09\ud558\uace0 \uc218\ubd84 \uc190\uc2e4\ub85c\ubd80\ud130 \ubcf4\ud638\ud558\uba70, \ub3d9\uc2dc\uc5d0 \ud45c\ud53c\uc758 \uc9c0\uc9c8 \uc7a5\ubcbd\uc744 \uac15\ud654\ud569\ub2c8\ub2e4. <\/p>\n<p>\uc624\uc77c\uc740 \ud48d\ubd80\ud55c <strong>\ub9ac\ub180\ub808\uc0b0<\/strong> \ub355\ubd84\uc5d0 \uc790\uadf9\uacfc \uc5fc\uc99d\uc744 \uc644\ud654\ud558\uace0 \uce58\uc720\ub97c \ucd09\uc9c4\ud558\uba70 \ube14\ub799\ud5e4\ub4dc \ubc1c\uc0dd \uc704\ud5d8\uc744 \uc904\uc5ec\uc90d\ub2c8\ub2e4. \ub610\ud55c \ud56d\uade0 \ubc0f \ud56d\uc9c4\uade0 \ud2b9\uc131\ub3c4 \ubcf4\uc785\ub2c8\ub2e4. <\/p>\n<p>\uc624\uc77c\uc740 \ubaa8\uadfc\uc744 \uac15\ud654\ud558\uace0 \ubaa8\ubc1c \uad6c\uc870\uc758 \uc7ac\uc0dd\uc744 \ub3c4\uc6b0\uba70, \uacfc\ub3c4\ud55c \ud0c8\ubaa8\ub97c \uc608\ubc29\ud569\ub2c8\ub2e4.<\/p>\n<p>\uc601\uc591\ud559\uc801\uc73c\ub85c \uc544\ub9c8\ub780\uc2a4 \ud2b9\uc720\uc758 \ub9ac\ub180\ub808\uc0b0\uacfc \uc62c\ub808\uc0b0 \ud568\ub7c9\uc774 \uc911\uc694\ud569\ub2c8\ub2e4. \uc774 \uc0b0\ub4e4\uc740 \uc2e0\uccb4\uc758 \uc9c0\uc9c8 \ub300\uc0ac\ub97c \uc9c0\uc6d0\ud558\uba70, \uc2a4\ucfe0\uc54c\ub80c\uc740 \uc624\uc77c\uc5d0 \uac15\ub825\ud55c \ud56d\uc0b0\ud654 \ud2b9\uc131\uc744 \ubd80\uc5ec\ud569\ub2c8\ub2e4. <\/p>\n<h2>\uc544\ub9c8\ub780\uc2a4 \uc624\uc77c\uc758 \ud65c\uc6a9:<\/h2>\n<p><strong>\uc2dd\ud488 \uc0b0\uc5c5<\/strong>\uc5d0\uc11c \uc544\ub9c8\ub780\uc2a4 \uc624\uc77c\uc740 \uc0d0\ub7ec\ub4dc, \uc218\ud504, \ub525, \ud034\ub178\uc544, \ud1a0\ub9c8\ud1a0 \ubc0f \ucf69\ub958 \uae30\ubc18 \uc694\ub9ac\uc5d0 \ud5a5\uae0b\ud55c \ucca8\uac00\ubb3c\ub85c \uc0ac\uc6a9\ub429\ub2c8\ub2e4. \ub610\ud55c \ud608\uc911 \uc9c0\uc9c8 \uc218\uce58 \uc870\uc808\uc5d0 \ub3c4\uc6c0\uc774 \ub418\ub294 \uac74\uac15\ud55c \uc9c0\ubc29\uc744 \uc911\uc694\ud558\uac8c \uc0dd\uac01\ud558\ub294 \uc0ac\ub78c\ub4e4\uc758 \uc2dd\ub2e8 \ubcf4\ucda9\uc81c\ub85c\ub3c4 \uc8fc\ubc29\uc5d0\uc11c \ub192\uc774 \ud3c9\uac00\ub429\ub2c8\ub2e4. <\/p>\n<p><strong>\ud654\uc7a5\ud488 \ubd84\uc57c<\/strong>\uc5d0\uc11c \uc544\ub9c8\ub780\uc2a4 \uc624\uc77c\uc740 \ubcf4\uc2b5 \ubc0f \uc7ac\uc0dd \ud654\uc7a5\ud488\uc758 \ucca8\uac00\uc81c\ub85c \uc0ac\uc6a9\ub418\uba70, \ud5e4\uc5b4 \uc81c\ud488\uc758 \uc131\ubd84\uc73c\ub85c\ub3c4 \uc4f0\uc785\ub2c8\ub2e4. \ud53c\ubd80\uacfc \uc81c\ud488\uc5d0\ub3c4 \ub110\ub9ac \ud65c\uc6a9\ub429\ub2c8\ub2e4. <\/p>\n","protected":false},"excerpt":{"rendered":"<p><strong>\uc544\ub9c8\ub780\uc2a4 \uc624\uc77c<\/strong>\uc740 \ube44\ub984 \uc528\uc557\uc744 \ub0c9\uc555\ucc29\ud558\uc5ec \uc5bb\uc2b5\ub2c8\ub2e4. \uc2a4\ucfe0\uc54c\ub80c\uacfc \ube44\ud0c0\ubbfc A, E\uac00 \ud48d\ubd80\ud558\uba70, \uc2dd\ub2e8\uacfc \ud654\uc7a5\ud488\uc758 \uadc0\uc911\ud55c \uc131\ubd84\uc785\ub2c8\ub2e4. <\/p>\n","protected":false},"featured_media":44804,"template":"","meta":[],"product_brand":[],"product_cat":[8135,8174,8154],"product_tag":[10035],"class_list":{"0":"post-44802","1":"product","2":"type-product","3":"status-publish","4":"has-post-thumbnail","6":"product_cat-sig-yong-mit-hwa-jang-pum-yong-o-il","7":"product_cat-sig-yong-yu","8":"product_cat-hwa-jang-pum-o-il","9":"product_tag-10035","10":"pa_czesc-rosliny-8177","11":"pa_metoda-pozyskiwania-8179","13":"first","14":"instock","15":"shipping-taxable","16":"product-type-simple"},"yoast_head":"<!-- This site is optimized with the Yoast SEO plugin v27.3 - https:\/\/yoast.com\/product\/yoast-seo-wordpress\/ -->\n<title>NATURAL POLAND &#8211; Hurtowy Dystrybutor Surowc\u00f3w<\/title>\n<meta name=\"description\" content=\"\ub0c9\uc555\ucc29 \ubc29\uc2dd\uc73c\ub85c \ube44\ub984 \uc528\uc557\uc5d0\uc11c \ucd94\ucd9c\ub41c \uc544\ub9c8\ub780\uc2a4 \uc624\uc77c\uc740 \ub2e4\uc7ac\ub2e4\ub2a5\ud55c \ud6a8\ub2a5\uacfc \ub6f0\uc5b4\ub09c \ud488\uc9c8\uc744 \uc790\ub791\ud569\ub2c8\ub2e4.\" \/>\n<meta name=\"robots\" content=\"index, follow, max-snippet:-1, max-image-preview:large, max-video-preview:-1\" \/>\n<link rel=\"canonical\" href=\"https:\/\/naturalpoland.com\/ko\/je-pum\/sig-pum-won-ryo\/sig-yong-yu\/%ec%95%84%eb%a7%88%eb%9e%80%ec%8a%a4-%ec%98%a4%ec%9d%bc\/\" \/>\n<meta property=\"og:locale\" content=\"ko_KR\" \/>\n<meta property=\"og:type\" content=\"article\" \/>\n<meta property=\"og:description\" content=\"\ub0c9\uc555\ucc29 \ubc29\uc2dd\uc73c\ub85c \ube44\ub984 \uc528\uc557\uc5d0\uc11c \ucd94\ucd9c\ub41c \uc544\ub9c8\ub780\uc2a4 \uc624\uc77c\uc740 \ub2e4\uc7ac\ub2e4\ub2a5\ud55c \ud6a8\ub2a5\uacfc \ub6f0\uc5b4\ub09c \ud488\uc9c8\uc744 \uc790\ub791\ud569\ub2c8\ub2e4.\" \/>\n<meta property=\"og:url\" content=\"https:\/\/naturalpoland.com\/ko\/je-pum\/sig-pum-won-ryo\/sig-yong-yu\/%ec%95%84%eb%a7%88%eb%9e%80%ec%8a%a4-%ec%98%a4%ec%9d%bc\/\" \/>\n<meta property=\"og:site_name\" content=\"NATURAL POLAND - Hurtowy Dystrybutor Surowc\u00f3w\" \/>\n<meta property=\"article:publisher\" content=\"https:\/\/www.facebook.com\/naturalpoland.b2b\" \/>\n<meta property=\"article:modified_time\" content=\"2026-01-13T09:11:18+00:00\" \/>\n<meta property=\"og:image\" content=\"https:\/\/naturalpoland.com\/wp-content\/uploads\/olej-z-amarantusa-natural-poland.jpg\" \/>\n\t<meta property=\"og:image:width\" content=\"650\" \/>\n\t<meta property=\"og:image:height\" content=\"650\" \/>\n\t<meta property=\"og:image:type\" content=\"image\/jpeg\" \/>\n<script type=\"application\/ld+json\" class=\"yoast-schema-graph\">{\"@context\":\"https:\\\/\\\/schema.org\",\"@graph\":[{\"@type\":\"WebPage\",\"@id\":\"https:\\\/\\\/naturalpoland.com\\\/ko\\\/je-pum\\\/sig-pum-won-ryo\\\/sig-yong-yu\\\/%ec%95%84%eb%a7%88%eb%9e%80%ec%8a%a4-%ec%98%a4%ec%9d%bc\\\/\",\"url\":\"https:\\\/\\\/naturalpoland.com\\\/ko\\\/je-pum\\\/sig-pum-won-ryo\\\/sig-yong-yu\\\/%ec%95%84%eb%a7%88%eb%9e%80%ec%8a%a4-%ec%98%a4%ec%9d%bc\\\/\",\"name\":\"\",\"isPartOf\":{\"@id\":\"https:\\\/\\\/naturalpoland.com\\\/ko\\\/#website\"},\"primaryImageOfPage\":{\"@id\":\"https:\\\/\\\/naturalpoland.com\\\/ko\\\/je-pum\\\/sig-pum-won-ryo\\\/sig-yong-yu\\\/%ec%95%84%eb%a7%88%eb%9e%80%ec%8a%a4-%ec%98%a4%ec%9d%bc\\\/#primaryimage\"},\"image\":{\"@id\":\"https:\\\/\\\/naturalpoland.com\\\/ko\\\/je-pum\\\/sig-pum-won-ryo\\\/sig-yong-yu\\\/%ec%95%84%eb%a7%88%eb%9e%80%ec%8a%a4-%ec%98%a4%ec%9d%bc\\\/#primaryimage\"},\"thumbnailUrl\":\"https:\\\/\\\/naturalpoland.com\\\/wp-content\\\/uploads\\\/olej-z-amarantusa-natural-poland.jpg\",\"datePublished\":\"2021-05-11T11:49:21+00:00\",\"dateModified\":\"2026-01-13T09:11:18+00:00\",\"description\":\"\ub0c9\uc555\ucc29 \ubc29\uc2dd\uc73c\ub85c \ube44\ub984 \uc528\uc557\uc5d0\uc11c \ucd94\ucd9c\ub41c \uc544\ub9c8\ub780\uc2a4 \uc624\uc77c\uc740 \ub2e4\uc7ac\ub2e4\ub2a5\ud55c \ud6a8\ub2a5\uacfc \ub6f0\uc5b4\ub09c \ud488\uc9c8\uc744 \uc790\ub791\ud569\ub2c8\ub2e4.\",\"breadcrumb\":{\"@id\":\"https:\\\/\\\/naturalpoland.com\\\/ko\\\/je-pum\\\/sig-pum-won-ryo\\\/sig-yong-yu\\\/%ec%95%84%eb%a7%88%eb%9e%80%ec%8a%a4-%ec%98%a4%ec%9d%bc\\\/#breadcrumb\"},\"inLanguage\":\"ko-KR\",\"potentialAction\":[{\"@type\":\"ReadAction\",\"target\":[\"https:\\\/\\\/naturalpoland.com\\\/ko\\\/je-pum\\\/sig-pum-won-ryo\\\/sig-yong-yu\\\/%ec%95%84%eb%a7%88%eb%9e%80%ec%8a%a4-%ec%98%a4%ec%9d%bc\\\/\"]}]},{\"@type\":\"ImageObject\",\"inLanguage\":\"ko-KR\",\"@id\":\"https:\\\/\\\/naturalpoland.com\\\/ko\\\/je-pum\\\/sig-pum-won-ryo\\\/sig-yong-yu\\\/%ec%95%84%eb%a7%88%eb%9e%80%ec%8a%a4-%ec%98%a4%ec%9d%bc\\\/#primaryimage\",\"url\":\"https:\\\/\\\/naturalpoland.com\\\/wp-content\\\/uploads\\\/olej-z-amarantusa-natural-poland.jpg\",\"contentUrl\":\"https:\\\/\\\/naturalpoland.com\\\/wp-content\\\/uploads\\\/olej-z-amarantusa-natural-poland.jpg\",\"width\":650,\"height\":650,\"caption\":\"\uc544\ub9c8\ub780\uc2a4 \uc624\uc77c\"},{\"@type\":\"BreadcrumbList\",\"@id\":\"https:\\\/\\\/naturalpoland.com\\\/ko\\\/je-pum\\\/sig-pum-won-ryo\\\/sig-yong-yu\\\/%ec%95%84%eb%a7%88%eb%9e%80%ec%8a%a4-%ec%98%a4%ec%9d%bc\\\/#breadcrumb\",\"itemListElement\":[{\"@type\":\"ListItem\",\"position\":1,\"name\":\"\ud648\",\"item\":\"https:\\\/\\\/naturalpoland.com\\\/ko\\\/\"},{\"@type\":\"ListItem\",\"position\":2,\"name\":\"\uc81c\ud488\",\"item\":\"https:\\\/\\\/naturalpoland.com\\\/ko\\\/%ec%a0%9c%ed%92%88\\\/\"},{\"@type\":\"ListItem\",\"position\":3,\"name\":\"\uc544\ub9c8\ub780\uc2a4 \uc624\uc77c\"}]},{\"@type\":\"WebSite\",\"@id\":\"https:\\\/\\\/naturalpoland.com\\\/ko\\\/#website\",\"url\":\"https:\\\/\\\/naturalpoland.com\\\/ko\\\/\",\"name\":\"NATURAL POLAND - Hurtowy Dystrybutor Surowc\u00f3w\",\"description\":\"Surowce dla przemys\u0142u spo\u017cywczego, kosmetycznego i farmaceutycznego\",\"publisher\":{\"@id\":\"https:\\\/\\\/naturalpoland.com\\\/ko\\\/#organization\"},\"potentialAction\":[{\"@type\":\"SearchAction\",\"target\":{\"@type\":\"EntryPoint\",\"urlTemplate\":\"https:\\\/\\\/naturalpoland.com\\\/ko\\\/?s={search_term_string}\"},\"query-input\":{\"@type\":\"PropertyValueSpecification\",\"valueRequired\":true,\"valueName\":\"search_term_string\"}}],\"inLanguage\":\"ko-KR\"},{\"@type\":\"Organization\",\"@id\":\"https:\\\/\\\/naturalpoland.com\\\/ko\\\/#organization\",\"name\":\"Natural Poland\",\"url\":\"https:\\\/\\\/naturalpoland.com\\\/ko\\\/\",\"logo\":{\"@type\":\"ImageObject\",\"inLanguage\":\"ko-KR\",\"@id\":\"https:\\\/\\\/naturalpoland.com\\\/ko\\\/#\\\/schema\\\/logo\\\/image\\\/\",\"url\":\"https:\\\/\\\/naturalpoland.com\\\/wp-content\\\/uploads\\\/2021\\\/05\\\/natural-poland-icon.png\",\"contentUrl\":\"https:\\\/\\\/naturalpoland.com\\\/wp-content\\\/uploads\\\/2021\\\/05\\\/natural-poland-icon.png\",\"width\":512,\"height\":512,\"caption\":\"Natural Poland\"},\"image\":{\"@id\":\"https:\\\/\\\/naturalpoland.com\\\/ko\\\/#\\\/schema\\\/logo\\\/image\\\/\"},\"sameAs\":[\"https:\\\/\\\/www.facebook.com\\\/naturalpoland.b2b\",\"https:\\\/\\\/pl.linkedin.com\\\/company\\\/natural-poland\",\"https:\\\/\\\/www.youtube.com\\\/channel\\\/UCgeGGkvOMahZo-xu_MSEWxg\"]}]}<\/script>\n<!-- \/ Yoast SEO plugin. -->","yoast_head_json":{"title":"NATURAL POLAND &#8211; Hurtowy Dystrybutor Surowc\u00f3w","description":"\ub0c9\uc555\ucc29 \ubc29\uc2dd\uc73c\ub85c \ube44\ub984 \uc528\uc557\uc5d0\uc11c \ucd94\ucd9c\ub41c \uc544\ub9c8\ub780\uc2a4 \uc624\uc77c\uc740 \ub2e4\uc7ac\ub2e4\ub2a5\ud55c \ud6a8\ub2a5\uacfc \ub6f0\uc5b4\ub09c \ud488\uc9c8\uc744 \uc790\ub791\ud569\ub2c8\ub2e4.","robots":{"index":"index","follow":"follow","max-snippet":"max-snippet:-1","max-image-preview":"max-image-preview:large","max-video-preview":"max-video-preview:-1"},"canonical":"https:\/\/naturalpoland.com\/ko\/je-pum\/sig-pum-won-ryo\/sig-yong-yu\/%ec%95%84%eb%a7%88%eb%9e%80%ec%8a%a4-%ec%98%a4%ec%9d%bc\/","og_locale":"ko_KR","og_type":"article","og_description":"\ub0c9\uc555\ucc29 \ubc29\uc2dd\uc73c\ub85c \ube44\ub984 \uc528\uc557\uc5d0\uc11c \ucd94\ucd9c\ub41c \uc544\ub9c8\ub780\uc2a4 \uc624\uc77c\uc740 \ub2e4\uc7ac\ub2e4\ub2a5\ud55c \ud6a8\ub2a5\uacfc \ub6f0\uc5b4\ub09c \ud488\uc9c8\uc744 \uc790\ub791\ud569\ub2c8\ub2e4.","og_url":"https:\/\/naturalpoland.com\/ko\/je-pum\/sig-pum-won-ryo\/sig-yong-yu\/%ec%95%84%eb%a7%88%eb%9e%80%ec%8a%a4-%ec%98%a4%ec%9d%bc\/","og_site_name":"NATURAL POLAND - Hurtowy Dystrybutor Surowc\u00f3w","article_publisher":"https:\/\/www.facebook.com\/naturalpoland.b2b","article_modified_time":"2026-01-13T09:11:18+00:00","og_image":[{"width":650,"height":650,"url":"https:\/\/naturalpoland.com\/wp-content\/uploads\/olej-z-amarantusa-natural-poland.jpg","type":"image\/jpeg"}],"schema":{"@context":"https:\/\/schema.org","@graph":[{"@type":"WebPage","@id":"https:\/\/naturalpoland.com\/ko\/je-pum\/sig-pum-won-ryo\/sig-yong-yu\/%ec%95%84%eb%a7%88%eb%9e%80%ec%8a%a4-%ec%98%a4%ec%9d%bc\/","url":"https:\/\/naturalpoland.com\/ko\/je-pum\/sig-pum-won-ryo\/sig-yong-yu\/%ec%95%84%eb%a7%88%eb%9e%80%ec%8a%a4-%ec%98%a4%ec%9d%bc\/","name":"","isPartOf":{"@id":"https:\/\/naturalpoland.com\/ko\/#website"},"primaryImageOfPage":{"@id":"https:\/\/naturalpoland.com\/ko\/je-pum\/sig-pum-won-ryo\/sig-yong-yu\/%ec%95%84%eb%a7%88%eb%9e%80%ec%8a%a4-%ec%98%a4%ec%9d%bc\/#primaryimage"},"image":{"@id":"https:\/\/naturalpoland.com\/ko\/je-pum\/sig-pum-won-ryo\/sig-yong-yu\/%ec%95%84%eb%a7%88%eb%9e%80%ec%8a%a4-%ec%98%a4%ec%9d%bc\/#primaryimage"},"thumbnailUrl":"https:\/\/naturalpoland.com\/wp-content\/uploads\/olej-z-amarantusa-natural-poland.jpg","datePublished":"2021-05-11T11:49:21+00:00","dateModified":"2026-01-13T09:11:18+00:00","description":"\ub0c9\uc555\ucc29 \ubc29\uc2dd\uc73c\ub85c \ube44\ub984 \uc528\uc557\uc5d0\uc11c \ucd94\ucd9c\ub41c \uc544\ub9c8\ub780\uc2a4 \uc624\uc77c\uc740 \ub2e4\uc7ac\ub2e4\ub2a5\ud55c \ud6a8\ub2a5\uacfc \ub6f0\uc5b4\ub09c \ud488\uc9c8\uc744 \uc790\ub791\ud569\ub2c8\ub2e4.","breadcrumb":{"@id":"https:\/\/naturalpoland.com\/ko\/je-pum\/sig-pum-won-ryo\/sig-yong-yu\/%ec%95%84%eb%a7%88%eb%9e%80%ec%8a%a4-%ec%98%a4%ec%9d%bc\/#breadcrumb"},"inLanguage":"ko-KR","potentialAction":[{"@type":"ReadAction","target":["https:\/\/naturalpoland.com\/ko\/je-pum\/sig-pum-won-ryo\/sig-yong-yu\/%ec%95%84%eb%a7%88%eb%9e%80%ec%8a%a4-%ec%98%a4%ec%9d%bc\/"]}]},{"@type":"ImageObject","inLanguage":"ko-KR","@id":"https:\/\/naturalpoland.com\/ko\/je-pum\/sig-pum-won-ryo\/sig-yong-yu\/%ec%95%84%eb%a7%88%eb%9e%80%ec%8a%a4-%ec%98%a4%ec%9d%bc\/#primaryimage","url":"https:\/\/naturalpoland.com\/wp-content\/uploads\/olej-z-amarantusa-natural-poland.jpg","contentUrl":"https:\/\/naturalpoland.com\/wp-content\/uploads\/olej-z-amarantusa-natural-poland.jpg","width":650,"height":650,"caption":"\uc544\ub9c8\ub780\uc2a4 \uc624\uc77c"},{"@type":"BreadcrumbList","@id":"https:\/\/naturalpoland.com\/ko\/je-pum\/sig-pum-won-ryo\/sig-yong-yu\/%ec%95%84%eb%a7%88%eb%9e%80%ec%8a%a4-%ec%98%a4%ec%9d%bc\/#breadcrumb","itemListElement":[{"@type":"ListItem","position":1,"name":"\ud648","item":"https:\/\/naturalpoland.com\/ko\/"},{"@type":"ListItem","position":2,"name":"\uc81c\ud488","item":"https:\/\/naturalpoland.com\/ko\/%ec%a0%9c%ed%92%88\/"},{"@type":"ListItem","position":3,"name":"\uc544\ub9c8\ub780\uc2a4 \uc624\uc77c"}]},{"@type":"WebSite","@id":"https:\/\/naturalpoland.com\/ko\/#website","url":"https:\/\/naturalpoland.com\/ko\/","name":"NATURAL POLAND - Hurtowy Dystrybutor Surowc\u00f3w","description":"Surowce dla przemys\u0142u spo\u017cywczego, kosmetycznego i farmaceutycznego","publisher":{"@id":"https:\/\/naturalpoland.com\/ko\/#organization"},"potentialAction":[{"@type":"SearchAction","target":{"@type":"EntryPoint","urlTemplate":"https:\/\/naturalpoland.com\/ko\/?s={search_term_string}"},"query-input":{"@type":"PropertyValueSpecification","valueRequired":true,"valueName":"search_term_string"}}],"inLanguage":"ko-KR"},{"@type":"Organization","@id":"https:\/\/naturalpoland.com\/ko\/#organization","name":"Natural Poland","url":"https:\/\/naturalpoland.com\/ko\/","logo":{"@type":"ImageObject","inLanguage":"ko-KR","@id":"https:\/\/naturalpoland.com\/ko\/#\/schema\/logo\/image\/","url":"https:\/\/naturalpoland.com\/wp-content\/uploads\/2021\/05\/natural-poland-icon.png","contentUrl":"https:\/\/naturalpoland.com\/wp-content\/uploads\/2021\/05\/natural-poland-icon.png","width":512,"height":512,"caption":"Natural Poland"},"image":{"@id":"https:\/\/naturalpoland.com\/ko\/#\/schema\/logo\/image\/"},"sameAs":["https:\/\/www.facebook.com\/naturalpoland.b2b","https:\/\/pl.linkedin.com\/company\/natural-poland","https:\/\/www.youtube.com\/channel\/UCgeGGkvOMahZo-xu_MSEWxg"]}]}},"_links":{"self":[{"href":"https:\/\/naturalpoland.com\/ko\/wp-json\/wp\/v2\/product\/44802","targetHints":{"allow":["GET"]}}],"collection":[{"href":"https:\/\/naturalpoland.com\/ko\/wp-json\/wp\/v2\/product"}],"about":[{"href":"https:\/\/naturalpoland.com\/ko\/wp-json\/wp\/v2\/types\/product"}],"wp:featuredmedia":[{"embeddable":true,"href":"https:\/\/naturalpoland.com\/ko\/wp-json\/wp\/v2\/media\/44804"}],"wp:attachment":[{"href":"https:\/\/naturalpoland.com\/ko\/wp-json\/wp\/v2\/media?parent=44802"}],"wp:term":[{"taxonomy":"product_brand","embeddable":true,"href":"https:\/\/naturalpoland.com\/ko\/wp-json\/wp\/v2\/product_brand?post=44802"},{"taxonomy":"product_cat","embeddable":true,"href":"https:\/\/naturalpoland.com\/ko\/wp-json\/wp\/v2\/product_cat?post=44802"},{"taxonomy":"product_tag","embeddable":true,"href":"https:\/\/naturalpoland.com\/ko\/wp-json\/wp\/v2\/product_tag?post=44802"}],"curies":[{"name":"wp","href":"https:\/\/api.w.org\/{rel}","templated":true}]}}