{"id":44813,"date":"2025-12-22T14:54:00","date_gmt":"2025-12-22T13:54:00","guid":{"rendered":"https:\/\/naturalpoland.com\/produkty\/uncategorized\/%ec%95%84%ec%8a%a4%ec%bd%94%eb%b9%8c-%ea%b8%80%eb%a3%a8%ec%bd%94%ec%82%ac%ec%9d%b4%eb%93%9c\/"},"modified":"2026-01-13T11:42:14","modified_gmt":"2026-01-13T10:42:14","slug":"%ec%95%84%ec%8a%a4%ec%bd%94%eb%b9%8c-%ea%b8%80%eb%a3%a8%ec%bd%94%ec%82%ac%ec%9d%b4%eb%93%9c","status":"publish","type":"product","link":"https:\/\/naturalpoland.com\/ko\/je-pum\/hwa-jang-pum-won-ryo\/hwa-jang-pum-won-ryo-ko\/%ec%95%84%ec%8a%a4%ec%bd%94%eb%b9%8c-%ea%b8%80%eb%a3%a8%ec%bd%94%ec%82%ac%ec%9d%b4%eb%93%9c\/","title":{"rendered":"\uc544\uc2a4\ucf54\ube4c \uae00\ub8e8\ucf54\uc0ac\uc774\ub4dc"},"content":{"rendered":"<p>\uc544\uc2a4\ucf54\ube4c \uae00\ub8e8\ucf54\uc0ac\uc774\ub4dc\ub294 \uc544\uc2a4\ucf54\ub974\ube48\uc0b0 \ubd84\uc790\uc640 \ud3ec\ub3c4\ub2f9\uc774 \uacb0\ud569\ud558\uc5ec \uc0dd\uc131\ub418\uba70, \uc21c\uc218 \ube44\ud0c0\ubbfc C\uc5d0 \ube44\ud574 \ud654\ud559\uc801 \uc548\uc815\uc131\uc774 \ud6e8\uc52c \ub6f0\uc5b4\ub0a9\ub2c8\ub2e4. \ud604\ub300\uc801\uc778 \uc2a4\ud0a8\ucf00\uc5b4 \uc81c\ud615, \ud2b9\ud788 \uc5bc\uad74 \ud53c\ubd80 \uad00\ub9ac \uc81c\ud488\uc5d0 \uc0ac\uc6a9\ub429\ub2c8\ub2e4. \ud53c\ubd80\uc5d0 \ub3c4\ud3ec\ud558\uba74 \uc774 \ud654\ud569\ubb3c\uc740 \uc810\uc9c4\uc801\uc73c\ub85c \ud6a8\uc18c \ubd84\ud574\ub418\uc5b4 \ud65c\uc131 \ube44\ud0c0\ubbfc C\ub85c \uc804\ud658\ub418\uba70, \ube60\ub978 \ubd84\ud574\ub098 \uc790\uadf9 \uc5c6\uc774 \uc7a5\uae30\uc801\uc774\uace0 \uc21c\ud55c \ud6a8\uacfc\ub97c \uc81c\uacf5\ud569\ub2c8\ub2e4. <\/p>\n<h2>\uc544\uc2a4\ucf54\ube4c \uae00\ub8e8\ucf54\uc0ac\uc774\ub4dc\uc758 \ud2b9\uc131 \ubc0f \ud6a8\ub2a5<\/h2>\n<p>\uc544\uc2a4\ucf54\ube4c \uae00\ub8e8\ucf54\uc0ac\uc774\ub4dc\ub294 \ube44\ud0c0\ubbfc C\uc758 \ud2b9\uc9d5\uc801\uc778 \ub2e4\ubc29\uba74\uc758 \ubbf8\uc6a9 \ud6a8\uacfc\ub97c \ub098\ud0c0\ub0b4\uba70, \ub192\uc740 \uc81c\ud615 \uc548\uc815\uc131\uc744 \uc720\uc9c0\ud569\ub2c8\ub2e4. \uc774 \uc6d0\ub8cc\uc758 \uc8fc\uc694 \ud2b9\uc131\uc740 \ub2e4\uc74c\uacfc \uac19\uc2b5\ub2c8\ub2e4: <\/p>\n<ul>\n<li><strong>\ucf5c\ub77c\uac90 \ud569\uc131 \uc9c0\uc6d0<\/strong>, \uc774\ub294 \ud53c\ubd80 \ud0c4\ub825 \ubc0f \uc720\uc5f0\uc131 \uac1c\uc120\uc73c\ub85c \uc774\uc5b4\uc9d1\ub2c8\ub2e4.<\/li>\n<li><strong>\ud56d\uc0b0\ud654 \uc791\uc6a9<\/strong> \u2013 \uc0b0\ud654 \uc2a4\ud2b8\ub808\uc2a4\uc640 \ud65c\uc131 \uc0b0\uc18c\ub85c\ubd80\ud130 \ud53c\ubd80 \uc138\ud3ec \ubcf4\ud638<\/li>\n<li><strong>\ud53c\ubd80 \ud1a4 \uac1c\uc120<\/strong> \ubc0f \uc0c9\uc18c \uce68\ucc29 \uac10\uc18c \uc9c0\uc6d0<\/li>\n<li><strong>\ud53c\ubd80 \ud1a4 \uade0\uc77c\ud654<\/strong> \ubc0f \ud53c\ub85c\ud558\uace0 \uce59\uce59\ud55c \ud53c\ubd80\uc758 \uc804\ubc18\uc801\uc778 \uc678\uad00 \uac1c\uc120<\/li>\n<li><strong>\uc6b0\uc218\ud55c \ud53c\ubd80 \ub0b4\uc131<\/strong>, \ubbfc\uac10\uc131 \ud53c\ubd80\uc6a9 \uc81c\ud615\uc5d0\uc11c\ub3c4.<\/li>\n<\/ul>\n<p>\ub0ae\uc740 \uc720\ub9ac \uc544\uc2a4\ucf54\ub974\ube48\uc0b0 \ubc0f \ud3ec\ub3c4\ub2f9 \ud568\ub7c9 \ub355\ubd84\uc5d0 \uc774 \uc6d0\ub8cc\ub294 \ub192\uc740 \uc21c\ub3c4\uc640 \uc608\uce21 \uac00\ub2a5\ud55c \ud6a8\ub2a5\uc744 \ud2b9\uc9d5\uc73c\ub85c \ud569\ub2c8\ub2e4.<\/p>\n<h2>\ud654\uc7a5\ud488\uc5d0\uc11c\uc758 \uc801\uc6a9<\/h2>\n<p>\uc544\uc2a4\ucf54\ube4c \uae00\ub8e8\ucf54\uc0ac\uc774\ub4dc\ub294 \ub2e4\uc591\ud55c \ud654\uc7a5\ud488\uc758 \ud65c\uc131 \uc131\ubd84\uc73c\ub85c \uc0ac\uc6a9\ub418\uba70, \ud2b9\ud788 \ub2e4\uc74c\uacfc \uac19\uc2b5\ub2c8\ub2e4:<\/p>\n<ul>\n<li>\uc5bc\uad74 \uad00\ub9ac \ud06c\ub9bc \ubc0f \uc5d0\uba40\uc83c,<\/li>\n<li>\ubbf8\ubc31 \ubc0f \uc548\ud2f0\uc5d0\uc774\uc9d5 \uc138\ub7fc,<\/li>\n<li>\uc0c9\uc18c \uce68\ucc29 \ubc0f \uace0\ub974\uc9c0 \ubabb\ud55c \ud53c\ubd80 \ud1a4\uc744 \uc704\ud55c \uc81c\ud488,<\/li>\n<li>\ubcf4\ud638 \ubc0f \uc7ac\uc0dd \ud654\uc7a5\ud488,<\/li>\n<li>\uc548\ud2f0\uc5d0\uc774\uc9d5 \ubc0f \ube0c\ub77c\uc774\ud2b8\ub2dd \uc81c\ud488.<\/li>\n<\/ul>\n<p>\uc774 \uc6d0\ub8cc\ub294 \ud654\uc7a5\ud488 \ubc0f \uc2e4\ud5d8\uc2e4 \uc6a9\ub3c4\ub85c \uc0ac\uc6a9\ub429\ub2c8\ub2e4.<\/p>\n<p>&nbsp;<\/p>\n<p>&nbsp;<\/p>\n","protected":false},"excerpt":{"rendered":"<p><strong>\uc544\uc2a4\ucf54\ube4c \uae00\ub8e8\ucf54\uc0ac\uc774\ub4dc<\/strong>\ub294 \uc548\uc815\uc801\uc778 \uae00\ub8e8\ucf54\uc0ac\uc774\ub4dc\ud615 \uc544\uc2a4\ucf54\ub974\ube48\uc0b0(<strong>\ube44\ud0c0\ubbfc C<\/strong>) \uc720\ub3c4\uccb4\ub85c, \ud654\uc7a5\ud488 \uc6a9\ub3c4\ub85c \uc0ac\uc6a9\ub429\ub2c8\ub2e4.<\/p>\n","protected":false},"featured_media":44814,"template":"","meta":{"_acf_changed":false},"product_brand":[],"product_cat":[8145,8160],"product_tag":[],"class_list":{"0":"post-44813","1":"product","2":"type-product","3":"status-publish","4":"has-post-thumbnail","6":"product_cat-bi-ta-min","7":"product_cat-hwa-jang-pum-won-ryo-ko","9":"first","10":"instock","11":"shipping-taxable","12":"product-type-simple"},"acf":[],"yoast_head":"<!-- This site is optimized with the Yoast SEO plugin v27.4 - https:\/\/yoast.com\/product\/yoast-seo-wordpress\/ -->\n<title>\uc544\uc2a4\ucf54\ube4c \uae00\ub8e8\ucf54\uc0ac\uc774\ub4dc - Hurtowy Dystrybutor<\/title>\n<meta name=\"description\" content=\"\uc544\uc2a4\ucf54\ube4c \uae00\ub8e8\ucf54\uc0ac\uc774\ub4dc \u2013 \ud654\uc7a5\ud488\uc6a9 \uc548\uc815\ud654\ub41c \ube44\ud0c0\ubbfc C \uc720\ub3c4\uccb4. \ubbf8\ubc31, \ud56d\uc0b0\ud654 \ubc0f \uc548\ud2f0\uc5d0\uc774\uc9d5 \uc6d0\ub8cc. \ud654\uc7a5\ud488 \uc6d0\ub8cc \uc804\ubb38.\" \/>\n<meta name=\"robots\" content=\"index, follow, max-snippet:-1, max-image-preview:large, max-video-preview:-1\" \/>\n<link rel=\"canonical\" href=\"https:\/\/naturalpoland.com\/ko\/je-pum\/hwa-jang-pum-won-ryo\/hwa-jang-pum-won-ryo-ko\/%ec%95%84%ec%8a%a4%ec%bd%94%eb%b9%8c-%ea%b8%80%eb%a3%a8%ec%bd%94%ec%82%ac%ec%9d%b4%eb%93%9c\/\" \/>\n<meta property=\"og:locale\" content=\"ko_KR\" \/>\n<meta property=\"og:type\" content=\"article\" \/>\n<meta property=\"og:title\" content=\"\uc544\uc2a4\ucf54\ube4c \uae00\ub8e8\ucf54\uc0ac\uc774\ub4dc - Hurtowy Dystrybutor\" \/>\n<meta property=\"og:description\" content=\"\uc544\uc2a4\ucf54\ube4c \uae00\ub8e8\ucf54\uc0ac\uc774\ub4dc \u2013 \ud654\uc7a5\ud488\uc6a9 \uc548\uc815\ud654\ub41c \ube44\ud0c0\ubbfc C \uc720\ub3c4\uccb4. \ubbf8\ubc31, \ud56d\uc0b0\ud654 \ubc0f \uc548\ud2f0\uc5d0\uc774\uc9d5 \uc6d0\ub8cc. \ud654\uc7a5\ud488 \uc6d0\ub8cc \uc804\ubb38.\" \/>\n<meta property=\"og:url\" content=\"https:\/\/naturalpoland.com\/ko\/je-pum\/hwa-jang-pum-won-ryo\/hwa-jang-pum-won-ryo-ko\/%ec%95%84%ec%8a%a4%ec%bd%94%eb%b9%8c-%ea%b8%80%eb%a3%a8%ec%bd%94%ec%82%ac%ec%9d%b4%eb%93%9c\/\" \/>\n<meta property=\"og:site_name\" content=\"NATURAL POLAND - Hurtowy Dystrybutor Surowc\u00f3w\" \/>\n<meta property=\"article:publisher\" content=\"https:\/\/www.facebook.com\/naturalpoland.b2b\" \/>\n<meta property=\"article:modified_time\" content=\"2026-01-13T10:42:14+00:00\" \/>\n<meta property=\"og:image\" content=\"https:\/\/naturalpoland.com\/wp-content\/uploads\/glukozyd-askorbylu.webp\" \/>\n\t<meta property=\"og:image:width\" content=\"1024\" \/>\n\t<meta property=\"og:image:height\" content=\"1024\" \/>\n\t<meta property=\"og:image:type\" content=\"image\/webp\" \/>\n<script type=\"application\/ld+json\" class=\"yoast-schema-graph\">{\"@context\":\"https:\\\/\\\/schema.org\",\"@graph\":[{\"@type\":\"WebPage\",\"@id\":\"https:\\\/\\\/naturalpoland.com\\\/ko\\\/je-pum\\\/hwa-jang-pum-won-ryo\\\/hwa-jang-pum-won-ryo-ko\\\/%ec%95%84%ec%8a%a4%ec%bd%94%eb%b9%8c-%ea%b8%80%eb%a3%a8%ec%bd%94%ec%82%ac%ec%9d%b4%eb%93%9c\\\/\",\"url\":\"https:\\\/\\\/naturalpoland.com\\\/ko\\\/je-pum\\\/hwa-jang-pum-won-ryo\\\/hwa-jang-pum-won-ryo-ko\\\/%ec%95%84%ec%8a%a4%ec%bd%94%eb%b9%8c-%ea%b8%80%eb%a3%a8%ec%bd%94%ec%82%ac%ec%9d%b4%eb%93%9c\\\/\",\"name\":\"\uc544\uc2a4\ucf54\ube4c \uae00\ub8e8\ucf54\uc0ac\uc774\ub4dc - Hurtowy Dystrybutor\",\"isPartOf\":{\"@id\":\"https:\\\/\\\/naturalpoland.com\\\/ko\\\/#website\"},\"primaryImageOfPage\":{\"@id\":\"https:\\\/\\\/naturalpoland.com\\\/ko\\\/je-pum\\\/hwa-jang-pum-won-ryo\\\/hwa-jang-pum-won-ryo-ko\\\/%ec%95%84%ec%8a%a4%ec%bd%94%eb%b9%8c-%ea%b8%80%eb%a3%a8%ec%bd%94%ec%82%ac%ec%9d%b4%eb%93%9c\\\/#primaryimage\"},\"image\":{\"@id\":\"https:\\\/\\\/naturalpoland.com\\\/ko\\\/je-pum\\\/hwa-jang-pum-won-ryo\\\/hwa-jang-pum-won-ryo-ko\\\/%ec%95%84%ec%8a%a4%ec%bd%94%eb%b9%8c-%ea%b8%80%eb%a3%a8%ec%bd%94%ec%82%ac%ec%9d%b4%eb%93%9c\\\/#primaryimage\"},\"thumbnailUrl\":\"https:\\\/\\\/naturalpoland.com\\\/wp-content\\\/uploads\\\/glukozyd-askorbylu.webp\",\"datePublished\":\"2025-12-22T13:54:00+00:00\",\"dateModified\":\"2026-01-13T10:42:14+00:00\",\"description\":\"\uc544\uc2a4\ucf54\ube4c \uae00\ub8e8\ucf54\uc0ac\uc774\ub4dc \u2013 \ud654\uc7a5\ud488\uc6a9 \uc548\uc815\ud654\ub41c \ube44\ud0c0\ubbfc C \uc720\ub3c4\uccb4. \ubbf8\ubc31, \ud56d\uc0b0\ud654 \ubc0f \uc548\ud2f0\uc5d0\uc774\uc9d5 \uc6d0\ub8cc. \ud654\uc7a5\ud488 \uc6d0\ub8cc \uc804\ubb38.\",\"breadcrumb\":{\"@id\":\"https:\\\/\\\/naturalpoland.com\\\/ko\\\/je-pum\\\/hwa-jang-pum-won-ryo\\\/hwa-jang-pum-won-ryo-ko\\\/%ec%95%84%ec%8a%a4%ec%bd%94%eb%b9%8c-%ea%b8%80%eb%a3%a8%ec%bd%94%ec%82%ac%ec%9d%b4%eb%93%9c\\\/#breadcrumb\"},\"inLanguage\":\"ko-KR\",\"potentialAction\":[{\"@type\":\"ReadAction\",\"target\":[\"https:\\\/\\\/naturalpoland.com\\\/ko\\\/je-pum\\\/hwa-jang-pum-won-ryo\\\/hwa-jang-pum-won-ryo-ko\\\/%ec%95%84%ec%8a%a4%ec%bd%94%eb%b9%8c-%ea%b8%80%eb%a3%a8%ec%bd%94%ec%82%ac%ec%9d%b4%eb%93%9c\\\/\"]}]},{\"@type\":\"ImageObject\",\"inLanguage\":\"ko-KR\",\"@id\":\"https:\\\/\\\/naturalpoland.com\\\/ko\\\/je-pum\\\/hwa-jang-pum-won-ryo\\\/hwa-jang-pum-won-ryo-ko\\\/%ec%95%84%ec%8a%a4%ec%bd%94%eb%b9%8c-%ea%b8%80%eb%a3%a8%ec%bd%94%ec%82%ac%ec%9d%b4%eb%93%9c\\\/#primaryimage\",\"url\":\"https:\\\/\\\/naturalpoland.com\\\/wp-content\\\/uploads\\\/glukozyd-askorbylu.webp\",\"contentUrl\":\"https:\\\/\\\/naturalpoland.com\\\/wp-content\\\/uploads\\\/glukozyd-askorbylu.webp\",\"width\":1024,\"height\":1024,\"caption\":\"\uc544\uc2a4\ucf54\ube4c \uae00\ub8e8\ucf54\uc0ac\uc774\ub4dc\"},{\"@type\":\"BreadcrumbList\",\"@id\":\"https:\\\/\\\/naturalpoland.com\\\/ko\\\/je-pum\\\/hwa-jang-pum-won-ryo\\\/hwa-jang-pum-won-ryo-ko\\\/%ec%95%84%ec%8a%a4%ec%bd%94%eb%b9%8c-%ea%b8%80%eb%a3%a8%ec%bd%94%ec%82%ac%ec%9d%b4%eb%93%9c\\\/#breadcrumb\",\"itemListElement\":[{\"@type\":\"ListItem\",\"position\":1,\"name\":\"\ud648\",\"item\":\"https:\\\/\\\/naturalpoland.com\\\/ko\\\/\"},{\"@type\":\"ListItem\",\"position\":2,\"name\":\"\uc81c\ud488\",\"item\":\"https:\\\/\\\/naturalpoland.com\\\/ko\\\/%ec%a0%9c%ed%92%88\\\/\"},{\"@type\":\"ListItem\",\"position\":3,\"name\":\"\uc544\uc2a4\ucf54\ube4c \uae00\ub8e8\ucf54\uc0ac\uc774\ub4dc\"}]},{\"@type\":\"WebSite\",\"@id\":\"https:\\\/\\\/naturalpoland.com\\\/ko\\\/#website\",\"url\":\"https:\\\/\\\/naturalpoland.com\\\/ko\\\/\",\"name\":\"NATURAL POLAND - Hurtowy Dystrybutor Surowc\u00f3w\",\"description\":\"Surowce dla przemys\u0142u spo\u017cywczego, kosmetycznego i farmaceutycznego\",\"publisher\":{\"@id\":\"https:\\\/\\\/naturalpoland.com\\\/ko\\\/#organization\"},\"potentialAction\":[{\"@type\":\"SearchAction\",\"target\":{\"@type\":\"EntryPoint\",\"urlTemplate\":\"https:\\\/\\\/naturalpoland.com\\\/ko\\\/?s={search_term_string}\"},\"query-input\":{\"@type\":\"PropertyValueSpecification\",\"valueRequired\":true,\"valueName\":\"search_term_string\"}}],\"inLanguage\":\"ko-KR\"},{\"@type\":\"Organization\",\"@id\":\"https:\\\/\\\/naturalpoland.com\\\/ko\\\/#organization\",\"name\":\"Natural Poland\",\"url\":\"https:\\\/\\\/naturalpoland.com\\\/ko\\\/\",\"logo\":{\"@type\":\"ImageObject\",\"inLanguage\":\"ko-KR\",\"@id\":\"https:\\\/\\\/naturalpoland.com\\\/ko\\\/#\\\/schema\\\/logo\\\/image\\\/\",\"url\":\"https:\\\/\\\/naturalpoland.com\\\/wp-content\\\/uploads\\\/2021\\\/05\\\/natural-poland-icon.png\",\"contentUrl\":\"https:\\\/\\\/naturalpoland.com\\\/wp-content\\\/uploads\\\/2021\\\/05\\\/natural-poland-icon.png\",\"width\":512,\"height\":512,\"caption\":\"Natural Poland\"},\"image\":{\"@id\":\"https:\\\/\\\/naturalpoland.com\\\/ko\\\/#\\\/schema\\\/logo\\\/image\\\/\"},\"sameAs\":[\"https:\\\/\\\/www.facebook.com\\\/naturalpoland.b2b\",\"https:\\\/\\\/pl.linkedin.com\\\/company\\\/natural-poland\",\"https:\\\/\\\/www.youtube.com\\\/channel\\\/UCgeGGkvOMahZo-xu_MSEWxg\"]}]}<\/script>\n<!-- \/ Yoast SEO plugin. -->","yoast_head_json":{"title":"\uc544\uc2a4\ucf54\ube4c \uae00\ub8e8\ucf54\uc0ac\uc774\ub4dc - Hurtowy Dystrybutor","description":"\uc544\uc2a4\ucf54\ube4c \uae00\ub8e8\ucf54\uc0ac\uc774\ub4dc \u2013 \ud654\uc7a5\ud488\uc6a9 \uc548\uc815\ud654\ub41c \ube44\ud0c0\ubbfc C \uc720\ub3c4\uccb4. \ubbf8\ubc31, \ud56d\uc0b0\ud654 \ubc0f \uc548\ud2f0\uc5d0\uc774\uc9d5 \uc6d0\ub8cc. \ud654\uc7a5\ud488 \uc6d0\ub8cc \uc804\ubb38.","robots":{"index":"index","follow":"follow","max-snippet":"max-snippet:-1","max-image-preview":"max-image-preview:large","max-video-preview":"max-video-preview:-1"},"canonical":"https:\/\/naturalpoland.com\/ko\/je-pum\/hwa-jang-pum-won-ryo\/hwa-jang-pum-won-ryo-ko\/%ec%95%84%ec%8a%a4%ec%bd%94%eb%b9%8c-%ea%b8%80%eb%a3%a8%ec%bd%94%ec%82%ac%ec%9d%b4%eb%93%9c\/","og_locale":"ko_KR","og_type":"article","og_title":"\uc544\uc2a4\ucf54\ube4c \uae00\ub8e8\ucf54\uc0ac\uc774\ub4dc - Hurtowy Dystrybutor","og_description":"\uc544\uc2a4\ucf54\ube4c \uae00\ub8e8\ucf54\uc0ac\uc774\ub4dc \u2013 \ud654\uc7a5\ud488\uc6a9 \uc548\uc815\ud654\ub41c \ube44\ud0c0\ubbfc C \uc720\ub3c4\uccb4. \ubbf8\ubc31, \ud56d\uc0b0\ud654 \ubc0f \uc548\ud2f0\uc5d0\uc774\uc9d5 \uc6d0\ub8cc. \ud654\uc7a5\ud488 \uc6d0\ub8cc \uc804\ubb38.","og_url":"https:\/\/naturalpoland.com\/ko\/je-pum\/hwa-jang-pum-won-ryo\/hwa-jang-pum-won-ryo-ko\/%ec%95%84%ec%8a%a4%ec%bd%94%eb%b9%8c-%ea%b8%80%eb%a3%a8%ec%bd%94%ec%82%ac%ec%9d%b4%eb%93%9c\/","og_site_name":"NATURAL POLAND - Hurtowy Dystrybutor Surowc\u00f3w","article_publisher":"https:\/\/www.facebook.com\/naturalpoland.b2b","article_modified_time":"2026-01-13T10:42:14+00:00","og_image":[{"width":1024,"height":1024,"url":"https:\/\/naturalpoland.com\/wp-content\/uploads\/glukozyd-askorbylu.webp","type":"image\/webp"}],"schema":{"@context":"https:\/\/schema.org","@graph":[{"@type":"WebPage","@id":"https:\/\/naturalpoland.com\/ko\/je-pum\/hwa-jang-pum-won-ryo\/hwa-jang-pum-won-ryo-ko\/%ec%95%84%ec%8a%a4%ec%bd%94%eb%b9%8c-%ea%b8%80%eb%a3%a8%ec%bd%94%ec%82%ac%ec%9d%b4%eb%93%9c\/","url":"https:\/\/naturalpoland.com\/ko\/je-pum\/hwa-jang-pum-won-ryo\/hwa-jang-pum-won-ryo-ko\/%ec%95%84%ec%8a%a4%ec%bd%94%eb%b9%8c-%ea%b8%80%eb%a3%a8%ec%bd%94%ec%82%ac%ec%9d%b4%eb%93%9c\/","name":"\uc544\uc2a4\ucf54\ube4c \uae00\ub8e8\ucf54\uc0ac\uc774\ub4dc - Hurtowy Dystrybutor","isPartOf":{"@id":"https:\/\/naturalpoland.com\/ko\/#website"},"primaryImageOfPage":{"@id":"https:\/\/naturalpoland.com\/ko\/je-pum\/hwa-jang-pum-won-ryo\/hwa-jang-pum-won-ryo-ko\/%ec%95%84%ec%8a%a4%ec%bd%94%eb%b9%8c-%ea%b8%80%eb%a3%a8%ec%bd%94%ec%82%ac%ec%9d%b4%eb%93%9c\/#primaryimage"},"image":{"@id":"https:\/\/naturalpoland.com\/ko\/je-pum\/hwa-jang-pum-won-ryo\/hwa-jang-pum-won-ryo-ko\/%ec%95%84%ec%8a%a4%ec%bd%94%eb%b9%8c-%ea%b8%80%eb%a3%a8%ec%bd%94%ec%82%ac%ec%9d%b4%eb%93%9c\/#primaryimage"},"thumbnailUrl":"https:\/\/naturalpoland.com\/wp-content\/uploads\/glukozyd-askorbylu.webp","datePublished":"2025-12-22T13:54:00+00:00","dateModified":"2026-01-13T10:42:14+00:00","description":"\uc544\uc2a4\ucf54\ube4c \uae00\ub8e8\ucf54\uc0ac\uc774\ub4dc \u2013 \ud654\uc7a5\ud488\uc6a9 \uc548\uc815\ud654\ub41c \ube44\ud0c0\ubbfc C \uc720\ub3c4\uccb4. \ubbf8\ubc31, \ud56d\uc0b0\ud654 \ubc0f \uc548\ud2f0\uc5d0\uc774\uc9d5 \uc6d0\ub8cc. \ud654\uc7a5\ud488 \uc6d0\ub8cc \uc804\ubb38.","breadcrumb":{"@id":"https:\/\/naturalpoland.com\/ko\/je-pum\/hwa-jang-pum-won-ryo\/hwa-jang-pum-won-ryo-ko\/%ec%95%84%ec%8a%a4%ec%bd%94%eb%b9%8c-%ea%b8%80%eb%a3%a8%ec%bd%94%ec%82%ac%ec%9d%b4%eb%93%9c\/#breadcrumb"},"inLanguage":"ko-KR","potentialAction":[{"@type":"ReadAction","target":["https:\/\/naturalpoland.com\/ko\/je-pum\/hwa-jang-pum-won-ryo\/hwa-jang-pum-won-ryo-ko\/%ec%95%84%ec%8a%a4%ec%bd%94%eb%b9%8c-%ea%b8%80%eb%a3%a8%ec%bd%94%ec%82%ac%ec%9d%b4%eb%93%9c\/"]}]},{"@type":"ImageObject","inLanguage":"ko-KR","@id":"https:\/\/naturalpoland.com\/ko\/je-pum\/hwa-jang-pum-won-ryo\/hwa-jang-pum-won-ryo-ko\/%ec%95%84%ec%8a%a4%ec%bd%94%eb%b9%8c-%ea%b8%80%eb%a3%a8%ec%bd%94%ec%82%ac%ec%9d%b4%eb%93%9c\/#primaryimage","url":"https:\/\/naturalpoland.com\/wp-content\/uploads\/glukozyd-askorbylu.webp","contentUrl":"https:\/\/naturalpoland.com\/wp-content\/uploads\/glukozyd-askorbylu.webp","width":1024,"height":1024,"caption":"\uc544\uc2a4\ucf54\ube4c \uae00\ub8e8\ucf54\uc0ac\uc774\ub4dc"},{"@type":"BreadcrumbList","@id":"https:\/\/naturalpoland.com\/ko\/je-pum\/hwa-jang-pum-won-ryo\/hwa-jang-pum-won-ryo-ko\/%ec%95%84%ec%8a%a4%ec%bd%94%eb%b9%8c-%ea%b8%80%eb%a3%a8%ec%bd%94%ec%82%ac%ec%9d%b4%eb%93%9c\/#breadcrumb","itemListElement":[{"@type":"ListItem","position":1,"name":"\ud648","item":"https:\/\/naturalpoland.com\/ko\/"},{"@type":"ListItem","position":2,"name":"\uc81c\ud488","item":"https:\/\/naturalpoland.com\/ko\/%ec%a0%9c%ed%92%88\/"},{"@type":"ListItem","position":3,"name":"\uc544\uc2a4\ucf54\ube4c \uae00\ub8e8\ucf54\uc0ac\uc774\ub4dc"}]},{"@type":"WebSite","@id":"https:\/\/naturalpoland.com\/ko\/#website","url":"https:\/\/naturalpoland.com\/ko\/","name":"NATURAL POLAND - Hurtowy Dystrybutor Surowc\u00f3w","description":"Surowce dla przemys\u0142u spo\u017cywczego, kosmetycznego i farmaceutycznego","publisher":{"@id":"https:\/\/naturalpoland.com\/ko\/#organization"},"potentialAction":[{"@type":"SearchAction","target":{"@type":"EntryPoint","urlTemplate":"https:\/\/naturalpoland.com\/ko\/?s={search_term_string}"},"query-input":{"@type":"PropertyValueSpecification","valueRequired":true,"valueName":"search_term_string"}}],"inLanguage":"ko-KR"},{"@type":"Organization","@id":"https:\/\/naturalpoland.com\/ko\/#organization","name":"Natural Poland","url":"https:\/\/naturalpoland.com\/ko\/","logo":{"@type":"ImageObject","inLanguage":"ko-KR","@id":"https:\/\/naturalpoland.com\/ko\/#\/schema\/logo\/image\/","url":"https:\/\/naturalpoland.com\/wp-content\/uploads\/2021\/05\/natural-poland-icon.png","contentUrl":"https:\/\/naturalpoland.com\/wp-content\/uploads\/2021\/05\/natural-poland-icon.png","width":512,"height":512,"caption":"Natural Poland"},"image":{"@id":"https:\/\/naturalpoland.com\/ko\/#\/schema\/logo\/image\/"},"sameAs":["https:\/\/www.facebook.com\/naturalpoland.b2b","https:\/\/pl.linkedin.com\/company\/natural-poland","https:\/\/www.youtube.com\/channel\/UCgeGGkvOMahZo-xu_MSEWxg"]}]}},"_links":{"self":[{"href":"https:\/\/naturalpoland.com\/ko\/wp-json\/wp\/v2\/product\/44813","targetHints":{"allow":["GET"]}}],"collection":[{"href":"https:\/\/naturalpoland.com\/ko\/wp-json\/wp\/v2\/product"}],"about":[{"href":"https:\/\/naturalpoland.com\/ko\/wp-json\/wp\/v2\/types\/product"}],"wp:featuredmedia":[{"embeddable":true,"href":"https:\/\/naturalpoland.com\/ko\/wp-json\/wp\/v2\/media\/44814"}],"wp:attachment":[{"href":"https:\/\/naturalpoland.com\/ko\/wp-json\/wp\/v2\/media?parent=44813"}],"wp:term":[{"taxonomy":"product_brand","embeddable":true,"href":"https:\/\/naturalpoland.com\/ko\/wp-json\/wp\/v2\/product_brand?post=44813"},{"taxonomy":"product_cat","embeddable":true,"href":"https:\/\/naturalpoland.com\/ko\/wp-json\/wp\/v2\/product_cat?post=44813"},{"taxonomy":"product_tag","embeddable":true,"href":"https:\/\/naturalpoland.com\/ko\/wp-json\/wp\/v2\/product_tag?post=44813"}],"curies":[{"name":"wp","href":"https:\/\/api.w.org\/{rel}","templated":true}]}}