{"id":44864,"date":"2025-12-22T16:02:20","date_gmt":"2025-12-22T15:02:20","guid":{"rendered":"https:\/\/naturalpoland.com\/produkty\/uncategorized\/mct-%ed%8c%8c%ec%9a%b0%eb%8d%94\/"},"modified":"2026-01-13T13:09:54","modified_gmt":"2026-01-13T12:09:54","slug":"mct-%ed%8c%8c%ec%9a%b0%eb%8d%94","status":"publish","type":"product","link":"https:\/\/naturalpoland.com\/ko\/je-pum\/ui-yak-pum-won-ryo\/geon-gang-gi-neung-sig-pum-cheom-ga-mul\/mct-%ed%8c%8c%ec%9a%b0%eb%8d%94\/","title":{"rendered":"MCT \ud30c\uc6b0\ub354"},"content":{"rendered":"<p>MCT \ubd84\ub9d0 \ud615\ud0dc\ub294 \uc751\uc9d1\ub418\uac70\ub098 \uc2b5\uae30\ub97c \ud761\uc218\ud558\ub294 \uacbd\ud5a5\uc774 \uc5c6\uc73c\uba70, \ubcf4\uad00 \uc911\uc5d0\ub3c4 \uc785\uc790 \uad6c\uc870\uac00 \uade0\uc77c\ud558\uac8c \uc720\uc9c0\ub429\ub2c8\ub2e4.<\/p>\n<h2>\uc791\uc6a9 \ubc0f \uc601\uc591\ud559\uc801 \ud2b9\uc9d5<\/h2>\n<p>MCT \ud30c\uc6b0\ub354 70%\ub294 \uc911\uc1c4 \uc9c0\ubc29\uc0b0(MCT)\uc758 \uacf5\uae09\uc6d0\uc785\ub2c8\ub2e4. \uc774\ub294 \uccb4\ub0b4\uc5d0\uc11c \uc7a5\uc1c4 \uc9c0\ubc29\uc0b0\uacfc\ub294 \ub2e4\ub978 \ubc29\uc2dd\uc73c\ub85c \ub300\uc0ac\ub429\ub2c8\ub2e4. C8 \ubc0f C10 \ud654\ud569\ubb3c\uc740 \ube60\ub974\uac8c \ud761\uc218\ub418\uc5b4 \uac04\uc73c\ub85c \uc9c1\uc811 \uc6b4\ubc18\ub418\uba70, \uadf8\uacf3\uc5d0\uc11c <strong>\uc5d0\ub108\uc9c0\uc6d0<\/strong>\uc73c\ub85c \ud65c\uc6a9\ub429\ub2c8\ub2e4. \uc774\ub7ec\ud55c \uc774\uc720\ub85c \uc774 \uc6d0\ub8cc\ub294 \uc2e0\uccb4 \ud65c\ub3d9\uc774 \ud65c\ubc1c\ud55c \uc0ac\ub78c\ub4e4\uc744 \uc704\ud55c \uc81c\ud488, \ud2b9\uc218 \uc601\uc591\uc2dd, \uace0\uc9c0\ubc29 \uc2dd\ub2e8\uc5d0 \uc0ac\uc6a9\ub429\ub2c8\ub2e4. \ubd84\ub9d0 \ud615\ud0dc\ub294 \uc624\uc77c\uc744 \uc0ac\uc6a9\ud560 \ud544\uc694 \uc5c6\uc774 MCT\ub97c \uac74\uc870 \ud63c\ud569\ubb3c \ubc0f \uc778\uc2a4\ud134\ud2b8 \uc81c\ud488\uc5d0 \ud3ec\ud568\ud560 \uc218 \uc788\ub3c4\ub85d \ud569\ub2c8\ub2e4.   <\/p>\n<h2>\uc801\uc6a9<\/h2>\n<p>MCT \ud30c\uc6b0\ub354\ub294 \ub2e4\uc74c\uc758 \uc131\ubd84\uc73c\ub85c \ud65c\uc6a9\ub429\ub2c8\ub2e4:<\/p>\n<ul>\n<li>\uac74\uac15 \ubcf4\uc870 \uc2dd\ud488 \ubc0f \uae30\ub2a5\uc131 \ud63c\ud569\ubb3c,<\/li>\n<li>\uc778\uc2a4\ud134\ud2b8 \uc81c\ud488 \ubc0f \ubd84\ub9d0 \uc81c\uc81c,<\/li>\n<li>\ud2b9\uc218 \ubaa9\uc801 \uc2dd\ud488,<\/li>\n<li>\uac74\uc870 \ud615\ud0dc\uc758 \uc9c0\uc9c8\uc744 \ud544\uc694\ub85c \ud558\ub294 \uae30\uc220 \uc81c\ud615.<\/li>\n<\/ul>\n","protected":false},"excerpt":{"rendered":"<p><strong>MCT \ud30c\uc6b0\ub354<\/strong>\ub294 \uade0\uc77c\ud558\uace0 \uac74\uc870\ud558\uba70 \uc720\ub3d9\uc131\uc774 \uc88b\uc740 \ubd84\ub9d0 \ud615\ud0dc\uc758 \uae30\ub2a5\uc131 \uc6d0\ub8cc\ub85c, \uc0b0\uc5c5\uc6a9\uc73c\ub85c \uc0ac\uc6a9\ub429\ub2c8\ub2e4. \uc774 \uc81c\ud488\uc740 \uc8fc\ub85c \uce74\ud504\ub9b4\uc0b0(C8)\uacfc \uce74\ud504\ub974\uc0b0(C10)\uc73c\ub85c \uad6c\uc131\ub41c \uc911\uc1c4 \uc9c0\ubc29\uc0b0 \ud63c\ud569\ubb3c\uc778 MCT \uc624\uc77c\uc744 \ud568\uc720\ud558\uace0 \uc788\uc2b5\ub2c8\ub2e4. <\/p>\n","protected":false},"featured_media":44866,"template":"","meta":{"_acf_changed":false},"product_brand":[],"product_cat":[8143],"product_tag":[],"class_list":{"0":"post-44864","1":"product","2":"type-product","3":"status-publish","4":"has-post-thumbnail","6":"product_cat-geon-gang-gi-neung-sig-pum-cheom-ga-mul","8":"first","9":"instock","10":"shipping-taxable","11":"product-type-simple"},"acf":[],"yoast_head":"<!-- This site is optimized with the Yoast SEO plugin v27.4 - https:\/\/yoast.com\/product\/yoast-seo-wordpress\/ -->\n<title>MCT \ud30c\uc6b0\ub354 - Hurtowy Dystrybutor<\/title>\n<meta name=\"description\" content=\"MCT \ud30c\uc6b0\ub354 70% \u2013 MCT \uc624\uc77c(C8 \ubc0f C10) \ud30c\uc6b0\ub354. \ubcf4\ucda9\uc81c \ubc0f \uae30\ub2a5\uc131 \uc2dd\ud488 \uc6d0\ub8cc. \ubd84\ub9d0 \ud615\ud0dc, \uace0\uc21c\ub3c4. B2B \uacf5\uae09.\" \/>\n<meta name=\"robots\" content=\"index, follow, max-snippet:-1, max-image-preview:large, max-video-preview:-1\" \/>\n<link rel=\"canonical\" href=\"https:\/\/naturalpoland.com\/ko\/je-pum\/ui-yak-pum-won-ryo\/geon-gang-gi-neung-sig-pum-cheom-ga-mul\/mct-%ed%8c%8c%ec%9a%b0%eb%8d%94\/\" \/>\n<meta property=\"og:locale\" content=\"ko_KR\" \/>\n<meta property=\"og:type\" content=\"article\" \/>\n<meta property=\"og:title\" content=\"MCT \ud30c\uc6b0\ub354 - Hurtowy Dystrybutor\" \/>\n<meta property=\"og:description\" content=\"MCT \ud30c\uc6b0\ub354 70% \u2013 MCT \uc624\uc77c(C8 \ubc0f C10) \ud30c\uc6b0\ub354. \ubcf4\ucda9\uc81c \ubc0f \uae30\ub2a5\uc131 \uc2dd\ud488 \uc6d0\ub8cc. \ubd84\ub9d0 \ud615\ud0dc, \uace0\uc21c\ub3c4. B2B \uacf5\uae09.\" \/>\n<meta property=\"og:url\" content=\"https:\/\/naturalpoland.com\/ko\/je-pum\/ui-yak-pum-won-ryo\/geon-gang-gi-neung-sig-pum-cheom-ga-mul\/mct-%ed%8c%8c%ec%9a%b0%eb%8d%94\/\" \/>\n<meta property=\"og:site_name\" content=\"NATURAL POLAND - Hurtowy Dystrybutor Surowc\u00f3w\" \/>\n<meta property=\"article:publisher\" content=\"https:\/\/www.facebook.com\/naturalpoland.b2b\" \/>\n<meta property=\"article:modified_time\" content=\"2026-01-13T12:09:54+00:00\" \/>\n<meta property=\"og:image\" content=\"https:\/\/naturalpoland.com\/wp-content\/uploads\/proszek-mct.webp\" \/>\n\t<meta property=\"og:image:width\" content=\"1024\" \/>\n\t<meta property=\"og:image:height\" content=\"1024\" \/>\n\t<meta property=\"og:image:type\" content=\"image\/webp\" \/>\n<script type=\"application\/ld+json\" class=\"yoast-schema-graph\">{\"@context\":\"https:\\\/\\\/schema.org\",\"@graph\":[{\"@type\":\"WebPage\",\"@id\":\"https:\\\/\\\/naturalpoland.com\\\/ko\\\/je-pum\\\/ui-yak-pum-won-ryo\\\/geon-gang-gi-neung-sig-pum-cheom-ga-mul\\\/mct-%ed%8c%8c%ec%9a%b0%eb%8d%94\\\/\",\"url\":\"https:\\\/\\\/naturalpoland.com\\\/ko\\\/je-pum\\\/ui-yak-pum-won-ryo\\\/geon-gang-gi-neung-sig-pum-cheom-ga-mul\\\/mct-%ed%8c%8c%ec%9a%b0%eb%8d%94\\\/\",\"name\":\"MCT \ud30c\uc6b0\ub354 - Hurtowy Dystrybutor\",\"isPartOf\":{\"@id\":\"https:\\\/\\\/naturalpoland.com\\\/ko\\\/#website\"},\"primaryImageOfPage\":{\"@id\":\"https:\\\/\\\/naturalpoland.com\\\/ko\\\/je-pum\\\/ui-yak-pum-won-ryo\\\/geon-gang-gi-neung-sig-pum-cheom-ga-mul\\\/mct-%ed%8c%8c%ec%9a%b0%eb%8d%94\\\/#primaryimage\"},\"image\":{\"@id\":\"https:\\\/\\\/naturalpoland.com\\\/ko\\\/je-pum\\\/ui-yak-pum-won-ryo\\\/geon-gang-gi-neung-sig-pum-cheom-ga-mul\\\/mct-%ed%8c%8c%ec%9a%b0%eb%8d%94\\\/#primaryimage\"},\"thumbnailUrl\":\"https:\\\/\\\/naturalpoland.com\\\/wp-content\\\/uploads\\\/proszek-mct.webp\",\"datePublished\":\"2025-12-22T15:02:20+00:00\",\"dateModified\":\"2026-01-13T12:09:54+00:00\",\"description\":\"MCT \ud30c\uc6b0\ub354 70% \u2013 MCT \uc624\uc77c(C8 \ubc0f C10) \ud30c\uc6b0\ub354. \ubcf4\ucda9\uc81c \ubc0f \uae30\ub2a5\uc131 \uc2dd\ud488 \uc6d0\ub8cc. \ubd84\ub9d0 \ud615\ud0dc, \uace0\uc21c\ub3c4. B2B \uacf5\uae09.\",\"breadcrumb\":{\"@id\":\"https:\\\/\\\/naturalpoland.com\\\/ko\\\/je-pum\\\/ui-yak-pum-won-ryo\\\/geon-gang-gi-neung-sig-pum-cheom-ga-mul\\\/mct-%ed%8c%8c%ec%9a%b0%eb%8d%94\\\/#breadcrumb\"},\"inLanguage\":\"ko-KR\",\"potentialAction\":[{\"@type\":\"ReadAction\",\"target\":[\"https:\\\/\\\/naturalpoland.com\\\/ko\\\/je-pum\\\/ui-yak-pum-won-ryo\\\/geon-gang-gi-neung-sig-pum-cheom-ga-mul\\\/mct-%ed%8c%8c%ec%9a%b0%eb%8d%94\\\/\"]}]},{\"@type\":\"ImageObject\",\"inLanguage\":\"ko-KR\",\"@id\":\"https:\\\/\\\/naturalpoland.com\\\/ko\\\/je-pum\\\/ui-yak-pum-won-ryo\\\/geon-gang-gi-neung-sig-pum-cheom-ga-mul\\\/mct-%ed%8c%8c%ec%9a%b0%eb%8d%94\\\/#primaryimage\",\"url\":\"https:\\\/\\\/naturalpoland.com\\\/wp-content\\\/uploads\\\/proszek-mct.webp\",\"contentUrl\":\"https:\\\/\\\/naturalpoland.com\\\/wp-content\\\/uploads\\\/proszek-mct.webp\",\"width\":1024,\"height\":1024,\"caption\":\"MCT \ud30c\uc6b0\ub354\"},{\"@type\":\"BreadcrumbList\",\"@id\":\"https:\\\/\\\/naturalpoland.com\\\/ko\\\/je-pum\\\/ui-yak-pum-won-ryo\\\/geon-gang-gi-neung-sig-pum-cheom-ga-mul\\\/mct-%ed%8c%8c%ec%9a%b0%eb%8d%94\\\/#breadcrumb\",\"itemListElement\":[{\"@type\":\"ListItem\",\"position\":1,\"name\":\"\ud648\",\"item\":\"https:\\\/\\\/naturalpoland.com\\\/ko\\\/\"},{\"@type\":\"ListItem\",\"position\":2,\"name\":\"\uc81c\ud488\",\"item\":\"https:\\\/\\\/naturalpoland.com\\\/ko\\\/%ec%a0%9c%ed%92%88\\\/\"},{\"@type\":\"ListItem\",\"position\":3,\"name\":\"MCT \ud30c\uc6b0\ub354\"}]},{\"@type\":\"WebSite\",\"@id\":\"https:\\\/\\\/naturalpoland.com\\\/ko\\\/#website\",\"url\":\"https:\\\/\\\/naturalpoland.com\\\/ko\\\/\",\"name\":\"NATURAL POLAND - Hurtowy Dystrybutor Surowc\u00f3w\",\"description\":\"Surowce dla przemys\u0142u spo\u017cywczego, kosmetycznego i farmaceutycznego\",\"publisher\":{\"@id\":\"https:\\\/\\\/naturalpoland.com\\\/ko\\\/#organization\"},\"potentialAction\":[{\"@type\":\"SearchAction\",\"target\":{\"@type\":\"EntryPoint\",\"urlTemplate\":\"https:\\\/\\\/naturalpoland.com\\\/ko\\\/?s={search_term_string}\"},\"query-input\":{\"@type\":\"PropertyValueSpecification\",\"valueRequired\":true,\"valueName\":\"search_term_string\"}}],\"inLanguage\":\"ko-KR\"},{\"@type\":\"Organization\",\"@id\":\"https:\\\/\\\/naturalpoland.com\\\/ko\\\/#organization\",\"name\":\"Natural Poland\",\"url\":\"https:\\\/\\\/naturalpoland.com\\\/ko\\\/\",\"logo\":{\"@type\":\"ImageObject\",\"inLanguage\":\"ko-KR\",\"@id\":\"https:\\\/\\\/naturalpoland.com\\\/ko\\\/#\\\/schema\\\/logo\\\/image\\\/\",\"url\":\"https:\\\/\\\/naturalpoland.com\\\/wp-content\\\/uploads\\\/2021\\\/05\\\/natural-poland-icon.png\",\"contentUrl\":\"https:\\\/\\\/naturalpoland.com\\\/wp-content\\\/uploads\\\/2021\\\/05\\\/natural-poland-icon.png\",\"width\":512,\"height\":512,\"caption\":\"Natural Poland\"},\"image\":{\"@id\":\"https:\\\/\\\/naturalpoland.com\\\/ko\\\/#\\\/schema\\\/logo\\\/image\\\/\"},\"sameAs\":[\"https:\\\/\\\/www.facebook.com\\\/naturalpoland.b2b\",\"https:\\\/\\\/pl.linkedin.com\\\/company\\\/natural-poland\",\"https:\\\/\\\/www.youtube.com\\\/channel\\\/UCgeGGkvOMahZo-xu_MSEWxg\"]}]}<\/script>\n<!-- \/ Yoast SEO plugin. -->","yoast_head_json":{"title":"MCT \ud30c\uc6b0\ub354 - Hurtowy Dystrybutor","description":"MCT \ud30c\uc6b0\ub354 70% \u2013 MCT \uc624\uc77c(C8 \ubc0f C10) \ud30c\uc6b0\ub354. \ubcf4\ucda9\uc81c \ubc0f \uae30\ub2a5\uc131 \uc2dd\ud488 \uc6d0\ub8cc. \ubd84\ub9d0 \ud615\ud0dc, \uace0\uc21c\ub3c4. B2B \uacf5\uae09.","robots":{"index":"index","follow":"follow","max-snippet":"max-snippet:-1","max-image-preview":"max-image-preview:large","max-video-preview":"max-video-preview:-1"},"canonical":"https:\/\/naturalpoland.com\/ko\/je-pum\/ui-yak-pum-won-ryo\/geon-gang-gi-neung-sig-pum-cheom-ga-mul\/mct-%ed%8c%8c%ec%9a%b0%eb%8d%94\/","og_locale":"ko_KR","og_type":"article","og_title":"MCT \ud30c\uc6b0\ub354 - Hurtowy Dystrybutor","og_description":"MCT \ud30c\uc6b0\ub354 70% \u2013 MCT \uc624\uc77c(C8 \ubc0f C10) \ud30c\uc6b0\ub354. \ubcf4\ucda9\uc81c \ubc0f \uae30\ub2a5\uc131 \uc2dd\ud488 \uc6d0\ub8cc. \ubd84\ub9d0 \ud615\ud0dc, \uace0\uc21c\ub3c4. B2B \uacf5\uae09.","og_url":"https:\/\/naturalpoland.com\/ko\/je-pum\/ui-yak-pum-won-ryo\/geon-gang-gi-neung-sig-pum-cheom-ga-mul\/mct-%ed%8c%8c%ec%9a%b0%eb%8d%94\/","og_site_name":"NATURAL POLAND - Hurtowy Dystrybutor Surowc\u00f3w","article_publisher":"https:\/\/www.facebook.com\/naturalpoland.b2b","article_modified_time":"2026-01-13T12:09:54+00:00","og_image":[{"width":1024,"height":1024,"url":"https:\/\/naturalpoland.com\/wp-content\/uploads\/proszek-mct.webp","type":"image\/webp"}],"schema":{"@context":"https:\/\/schema.org","@graph":[{"@type":"WebPage","@id":"https:\/\/naturalpoland.com\/ko\/je-pum\/ui-yak-pum-won-ryo\/geon-gang-gi-neung-sig-pum-cheom-ga-mul\/mct-%ed%8c%8c%ec%9a%b0%eb%8d%94\/","url":"https:\/\/naturalpoland.com\/ko\/je-pum\/ui-yak-pum-won-ryo\/geon-gang-gi-neung-sig-pum-cheom-ga-mul\/mct-%ed%8c%8c%ec%9a%b0%eb%8d%94\/","name":"MCT \ud30c\uc6b0\ub354 - Hurtowy Dystrybutor","isPartOf":{"@id":"https:\/\/naturalpoland.com\/ko\/#website"},"primaryImageOfPage":{"@id":"https:\/\/naturalpoland.com\/ko\/je-pum\/ui-yak-pum-won-ryo\/geon-gang-gi-neung-sig-pum-cheom-ga-mul\/mct-%ed%8c%8c%ec%9a%b0%eb%8d%94\/#primaryimage"},"image":{"@id":"https:\/\/naturalpoland.com\/ko\/je-pum\/ui-yak-pum-won-ryo\/geon-gang-gi-neung-sig-pum-cheom-ga-mul\/mct-%ed%8c%8c%ec%9a%b0%eb%8d%94\/#primaryimage"},"thumbnailUrl":"https:\/\/naturalpoland.com\/wp-content\/uploads\/proszek-mct.webp","datePublished":"2025-12-22T15:02:20+00:00","dateModified":"2026-01-13T12:09:54+00:00","description":"MCT \ud30c\uc6b0\ub354 70% \u2013 MCT \uc624\uc77c(C8 \ubc0f C10) \ud30c\uc6b0\ub354. \ubcf4\ucda9\uc81c \ubc0f \uae30\ub2a5\uc131 \uc2dd\ud488 \uc6d0\ub8cc. \ubd84\ub9d0 \ud615\ud0dc, \uace0\uc21c\ub3c4. B2B \uacf5\uae09.","breadcrumb":{"@id":"https:\/\/naturalpoland.com\/ko\/je-pum\/ui-yak-pum-won-ryo\/geon-gang-gi-neung-sig-pum-cheom-ga-mul\/mct-%ed%8c%8c%ec%9a%b0%eb%8d%94\/#breadcrumb"},"inLanguage":"ko-KR","potentialAction":[{"@type":"ReadAction","target":["https:\/\/naturalpoland.com\/ko\/je-pum\/ui-yak-pum-won-ryo\/geon-gang-gi-neung-sig-pum-cheom-ga-mul\/mct-%ed%8c%8c%ec%9a%b0%eb%8d%94\/"]}]},{"@type":"ImageObject","inLanguage":"ko-KR","@id":"https:\/\/naturalpoland.com\/ko\/je-pum\/ui-yak-pum-won-ryo\/geon-gang-gi-neung-sig-pum-cheom-ga-mul\/mct-%ed%8c%8c%ec%9a%b0%eb%8d%94\/#primaryimage","url":"https:\/\/naturalpoland.com\/wp-content\/uploads\/proszek-mct.webp","contentUrl":"https:\/\/naturalpoland.com\/wp-content\/uploads\/proszek-mct.webp","width":1024,"height":1024,"caption":"MCT \ud30c\uc6b0\ub354"},{"@type":"BreadcrumbList","@id":"https:\/\/naturalpoland.com\/ko\/je-pum\/ui-yak-pum-won-ryo\/geon-gang-gi-neung-sig-pum-cheom-ga-mul\/mct-%ed%8c%8c%ec%9a%b0%eb%8d%94\/#breadcrumb","itemListElement":[{"@type":"ListItem","position":1,"name":"\ud648","item":"https:\/\/naturalpoland.com\/ko\/"},{"@type":"ListItem","position":2,"name":"\uc81c\ud488","item":"https:\/\/naturalpoland.com\/ko\/%ec%a0%9c%ed%92%88\/"},{"@type":"ListItem","position":3,"name":"MCT \ud30c\uc6b0\ub354"}]},{"@type":"WebSite","@id":"https:\/\/naturalpoland.com\/ko\/#website","url":"https:\/\/naturalpoland.com\/ko\/","name":"NATURAL POLAND - Hurtowy Dystrybutor Surowc\u00f3w","description":"Surowce dla przemys\u0142u spo\u017cywczego, kosmetycznego i farmaceutycznego","publisher":{"@id":"https:\/\/naturalpoland.com\/ko\/#organization"},"potentialAction":[{"@type":"SearchAction","target":{"@type":"EntryPoint","urlTemplate":"https:\/\/naturalpoland.com\/ko\/?s={search_term_string}"},"query-input":{"@type":"PropertyValueSpecification","valueRequired":true,"valueName":"search_term_string"}}],"inLanguage":"ko-KR"},{"@type":"Organization","@id":"https:\/\/naturalpoland.com\/ko\/#organization","name":"Natural Poland","url":"https:\/\/naturalpoland.com\/ko\/","logo":{"@type":"ImageObject","inLanguage":"ko-KR","@id":"https:\/\/naturalpoland.com\/ko\/#\/schema\/logo\/image\/","url":"https:\/\/naturalpoland.com\/wp-content\/uploads\/2021\/05\/natural-poland-icon.png","contentUrl":"https:\/\/naturalpoland.com\/wp-content\/uploads\/2021\/05\/natural-poland-icon.png","width":512,"height":512,"caption":"Natural Poland"},"image":{"@id":"https:\/\/naturalpoland.com\/ko\/#\/schema\/logo\/image\/"},"sameAs":["https:\/\/www.facebook.com\/naturalpoland.b2b","https:\/\/pl.linkedin.com\/company\/natural-poland","https:\/\/www.youtube.com\/channel\/UCgeGGkvOMahZo-xu_MSEWxg"]}]}},"_links":{"self":[{"href":"https:\/\/naturalpoland.com\/ko\/wp-json\/wp\/v2\/product\/44864","targetHints":{"allow":["GET"]}}],"collection":[{"href":"https:\/\/naturalpoland.com\/ko\/wp-json\/wp\/v2\/product"}],"about":[{"href":"https:\/\/naturalpoland.com\/ko\/wp-json\/wp\/v2\/types\/product"}],"wp:featuredmedia":[{"embeddable":true,"href":"https:\/\/naturalpoland.com\/ko\/wp-json\/wp\/v2\/media\/44866"}],"wp:attachment":[{"href":"https:\/\/naturalpoland.com\/ko\/wp-json\/wp\/v2\/media?parent=44864"}],"wp:term":[{"taxonomy":"product_brand","embeddable":true,"href":"https:\/\/naturalpoland.com\/ko\/wp-json\/wp\/v2\/product_brand?post=44864"},{"taxonomy":"product_cat","embeddable":true,"href":"https:\/\/naturalpoland.com\/ko\/wp-json\/wp\/v2\/product_cat?post=44864"},{"taxonomy":"product_tag","embeddable":true,"href":"https:\/\/naturalpoland.com\/ko\/wp-json\/wp\/v2\/product_tag?post=44864"}],"curies":[{"name":"wp","href":"https:\/\/api.w.org\/{rel}","templated":true}]}}