{"id":44884,"date":"2025-12-22T16:33:23","date_gmt":"2025-12-22T15:33:23","guid":{"rendered":"https:\/\/naturalpoland.com\/produkty\/uncategorized\/%eb%a1%9c%ec%a6%88%ed%9e%99-%ec%97%b4%eb%a7%a4-%ec%b6%94%ec%b6%9c%eb%ac%bc\/"},"modified":"2026-01-13T13:10:25","modified_gmt":"2026-01-13T12:10:25","slug":"%eb%a1%9c%ec%a6%88%ed%9e%99-%ec%97%b4%eb%a7%a4-%ec%b6%94%ec%b6%9c%eb%ac%bc","status":"publish","type":"product","link":"https:\/\/naturalpoland.com\/ko\/je-pum\/sig-mul-chu-chul-mul\/%eb%a1%9c%ec%a6%88%ed%9e%99-%ec%97%b4%eb%a7%a4-%ec%b6%94%ec%b6%9c%eb%ac%bc\/","title":{"rendered":"\ub85c\uc988\ud799 \uc5f4\ub9e4 \ucd94\ucd9c\ubb3c"},"content":{"rendered":"<h2>\ucd94\ucd9c\ubb3c \ud2b9\uc9d5<\/h2>\n<p><strong>\ub85c\uc988\ud799 \uc5f4\ub9e4<\/strong>\ub294 \uac00\uc7a5 \uc798 \uc54c\ub824\uc9c4 \uc2dd\ubb3c\uc131 \ube44\ud0c0\ubbfc C \uacf5\uae09\uc6d0 \uc911 \ud558\ub098\uc785\ub2c8\ub2e4. \ub85c\uc0ac \uce74\ub2c8\ub098 \uc5f4\ub9e4 \ucd94\ucd9c\ubb3c\uc740 \ud56d\uc0b0\ud654 \ud2b9\uc131\uc744 \uc9c0\ub2cc \ucc9c\uc5f0 \uc131\ubd84\uc758 \uc874\uc7ac\uac00 \uc911\uc694\ud55c \uc81c\ud615\uc5d0 \uc0ac\uc6a9\ub429\ub2c8\ub2e4.<\/p>\n<p>\uc774 \uc6d0\ub8cc\ub294 <strong>\uc2a4\ud0a8\ucf00\uc5b4<\/strong> \uc81c\ud488\ubfd0\ub9cc \uc544\ub2c8\ub77c, \uc2dd\ubb3c \uc720\ub798 \ud65c\uc131 \uc131\ubd84\uc758 \uace0\ub18d\ucd95\uc774 \uc911\uc694\ud55c \uae30\ub2a5\uc131 \uc81c\ud615\uc5d0\ub3c4 \uc0ac\uc6a9\ub429\ub2c8\ub2e4.<\/p>\n<h2>\uc801\uc6a9<\/h2>\n<p>\ub85c\uc988\ud799 \ucd94\ucd9c\ubb3c 75%\ub294 \ub2e4\uc74c\uc758 \uc131\ubd84\uc73c\ub85c \uc0ac\uc6a9\ub429\ub2c8\ub2e4:<\/p>\n<ul>\n<li>\uc5bc\uad74 \ubc0f \ubc14\ub514 \ucf00\uc5b4 \ud654\uc7a5\ud488,<\/li>\n<li>\ubbf8\ubc31 \ubc0f \ubcf4\ud638 \uae30\ub2a5\uc131 \uc81c\ud488,<\/li>\n<li>\uc548\ud2f0\uc5d0\uc774\uc9d5 \uc81c\ud488,<\/li>\n<li>\uac74\uac15\uae30\ub2a5\uc2dd\ud488 \ubc0f \ubd84\ub9d0 \ud63c\ud569\ubb3c (\ucd5c\uc885 \uc6a9\ub3c4\uc5d0 \ub530\ub77c),<\/li>\n<li>\ucc9c\uc5f0 \ube44\ud0c0\ubbfc \uacf5\uae09\uc6d0\uc5d0 \uae30\ubc18\ud55c \uae30\ub2a5\uc131 \uc81c\ud615.<\/li>\n<\/ul>\n","protected":false},"excerpt":{"rendered":"<p><strong>\ub85c\uc988\ud799 \uc5f4\ub9e4 \ucd94\ucd9c\ubb3c<\/strong>\uc740 <em>\ub85c\uc0ac \uce74\ub2c8\ub098 L.<\/em> \uc5f4\ub9e4\uc5d0\uc11c \uc218\uc131 \ucd94\ucd9c\uc744 \uac70\uccd0 \ub192\uc740 \ube44\ud0c0\ubbfc C \ud568\ub7c9\uc73c\ub85c \ud45c\uc900\ud654\ub429\ub2c8\ub2e4. \uc774 \uc81c\ud488\uc740 \ud654\uc7a5\ud488 \uc81c\ud615 \ubc0f \uae30\ub2a5\uc131 \uc81c\ud488\uc758 \uc131\ubd84\uc73c\ub85c \uc0b0\uc5c5\uc6a9\uc73c\ub85c \uc0ac\uc6a9\ub429\ub2c8\ub2e4.<\/p>\n","protected":false},"featured_media":44887,"template":"","meta":[],"product_brand":[],"product_cat":[8134],"product_tag":[],"class_list":{"0":"post-44884","1":"product","2":"type-product","3":"status-publish","4":"has-post-thumbnail","6":"product_cat-sig-mul-chu-chul-mul","7":"pa_czesc-rosliny-8225","9":"first","10":"instock","11":"shipping-taxable","12":"product-type-simple"},"yoast_head":"<!-- This site is optimized with the Yoast SEO plugin v27.4 - https:\/\/yoast.com\/product\/yoast-seo-wordpress\/ -->\n<title>\ub85c\uc988\ud799 \uc5f4\ub9e4 \ucd94\ucd9c\ubb3c - Hurtowy Dystrybutor<\/title>\n<meta name=\"description\" content=\"\ub85c\uc988\ud799 \uc5f4\ub9e4 \ucd94\ucd9c\ubb3c 75% (\ub85c\uc0ac \uce74\ub2c8\ub098 \uc5f4\ub9e4 \ucd94\ucd9c\ubb3c) \u2013 \ud654\uc7a5\ud488 \ubc0f \uae30\ub2a5\uc131 \uc81c\ud488\uc744 \uc704\ud55c \ucc9c\uc5f0 \ube44\ud0c0\ubbfc C \uacf5\uae09\uc6d0. B2B \uc6d0\ub8cc\uc785\ub2c8\ub2e4.\" \/>\n<meta name=\"robots\" content=\"index, follow, max-snippet:-1, max-image-preview:large, max-video-preview:-1\" \/>\n<link rel=\"canonical\" href=\"https:\/\/naturalpoland.com\/ko\/je-pum\/sig-mul-chu-chul-mul\/%eb%a1%9c%ec%a6%88%ed%9e%99-%ec%97%b4%eb%a7%a4-%ec%b6%94%ec%b6%9c%eb%ac%bc\/\" \/>\n<meta property=\"og:locale\" content=\"ko_KR\" \/>\n<meta property=\"og:type\" content=\"article\" \/>\n<meta property=\"og:title\" content=\"\ub85c\uc988\ud799 \uc5f4\ub9e4 \ucd94\ucd9c\ubb3c - Hurtowy Dystrybutor\" \/>\n<meta property=\"og:description\" content=\"\ub85c\uc988\ud799 \uc5f4\ub9e4 \ucd94\ucd9c\ubb3c 75% (\ub85c\uc0ac \uce74\ub2c8\ub098 \uc5f4\ub9e4 \ucd94\ucd9c\ubb3c) \u2013 \ud654\uc7a5\ud488 \ubc0f \uae30\ub2a5\uc131 \uc81c\ud488\uc744 \uc704\ud55c \ucc9c\uc5f0 \ube44\ud0c0\ubbfc C \uacf5\uae09\uc6d0. B2B \uc6d0\ub8cc\uc785\ub2c8\ub2e4.\" \/>\n<meta property=\"og:url\" content=\"https:\/\/naturalpoland.com\/ko\/je-pum\/sig-mul-chu-chul-mul\/%eb%a1%9c%ec%a6%88%ed%9e%99-%ec%97%b4%eb%a7%a4-%ec%b6%94%ec%b6%9c%eb%ac%bc\/\" \/>\n<meta property=\"og:site_name\" content=\"NATURAL POLAND - Hurtowy Dystrybutor Surowc\u00f3w\" \/>\n<meta property=\"article:publisher\" content=\"https:\/\/www.facebook.com\/naturalpoland.b2b\" \/>\n<meta property=\"article:modified_time\" content=\"2026-01-13T12:10:25+00:00\" \/>\n<meta property=\"og:image\" content=\"https:\/\/naturalpoland.com\/wp-content\/uploads\/ekstrakt-z-owocow-dzikiej-rozy.webp\" \/>\n\t<meta property=\"og:image:width\" content=\"1024\" \/>\n\t<meta property=\"og:image:height\" content=\"1024\" \/>\n\t<meta property=\"og:image:type\" content=\"image\/webp\" \/>\n<script type=\"application\/ld+json\" class=\"yoast-schema-graph\">{\"@context\":\"https:\\\/\\\/schema.org\",\"@graph\":[{\"@type\":\"WebPage\",\"@id\":\"https:\\\/\\\/naturalpoland.com\\\/ko\\\/je-pum\\\/sig-mul-chu-chul-mul\\\/%eb%a1%9c%ec%a6%88%ed%9e%99-%ec%97%b4%eb%a7%a4-%ec%b6%94%ec%b6%9c%eb%ac%bc\\\/\",\"url\":\"https:\\\/\\\/naturalpoland.com\\\/ko\\\/je-pum\\\/sig-mul-chu-chul-mul\\\/%eb%a1%9c%ec%a6%88%ed%9e%99-%ec%97%b4%eb%a7%a4-%ec%b6%94%ec%b6%9c%eb%ac%bc\\\/\",\"name\":\"\ub85c\uc988\ud799 \uc5f4\ub9e4 \ucd94\ucd9c\ubb3c - Hurtowy Dystrybutor\",\"isPartOf\":{\"@id\":\"https:\\\/\\\/naturalpoland.com\\\/ko\\\/#website\"},\"primaryImageOfPage\":{\"@id\":\"https:\\\/\\\/naturalpoland.com\\\/ko\\\/je-pum\\\/sig-mul-chu-chul-mul\\\/%eb%a1%9c%ec%a6%88%ed%9e%99-%ec%97%b4%eb%a7%a4-%ec%b6%94%ec%b6%9c%eb%ac%bc\\\/#primaryimage\"},\"image\":{\"@id\":\"https:\\\/\\\/naturalpoland.com\\\/ko\\\/je-pum\\\/sig-mul-chu-chul-mul\\\/%eb%a1%9c%ec%a6%88%ed%9e%99-%ec%97%b4%eb%a7%a4-%ec%b6%94%ec%b6%9c%eb%ac%bc\\\/#primaryimage\"},\"thumbnailUrl\":\"https:\\\/\\\/naturalpoland.com\\\/wp-content\\\/uploads\\\/ekstrakt-z-owocow-dzikiej-rozy.webp\",\"datePublished\":\"2025-12-22T15:33:23+00:00\",\"dateModified\":\"2026-01-13T12:10:25+00:00\",\"description\":\"\ub85c\uc988\ud799 \uc5f4\ub9e4 \ucd94\ucd9c\ubb3c 75% (\ub85c\uc0ac \uce74\ub2c8\ub098 \uc5f4\ub9e4 \ucd94\ucd9c\ubb3c) \u2013 \ud654\uc7a5\ud488 \ubc0f \uae30\ub2a5\uc131 \uc81c\ud488\uc744 \uc704\ud55c \ucc9c\uc5f0 \ube44\ud0c0\ubbfc C \uacf5\uae09\uc6d0. B2B \uc6d0\ub8cc\uc785\ub2c8\ub2e4.\",\"breadcrumb\":{\"@id\":\"https:\\\/\\\/naturalpoland.com\\\/ko\\\/je-pum\\\/sig-mul-chu-chul-mul\\\/%eb%a1%9c%ec%a6%88%ed%9e%99-%ec%97%b4%eb%a7%a4-%ec%b6%94%ec%b6%9c%eb%ac%bc\\\/#breadcrumb\"},\"inLanguage\":\"ko-KR\",\"potentialAction\":[{\"@type\":\"ReadAction\",\"target\":[\"https:\\\/\\\/naturalpoland.com\\\/ko\\\/je-pum\\\/sig-mul-chu-chul-mul\\\/%eb%a1%9c%ec%a6%88%ed%9e%99-%ec%97%b4%eb%a7%a4-%ec%b6%94%ec%b6%9c%eb%ac%bc\\\/\"]}]},{\"@type\":\"ImageObject\",\"inLanguage\":\"ko-KR\",\"@id\":\"https:\\\/\\\/naturalpoland.com\\\/ko\\\/je-pum\\\/sig-mul-chu-chul-mul\\\/%eb%a1%9c%ec%a6%88%ed%9e%99-%ec%97%b4%eb%a7%a4-%ec%b6%94%ec%b6%9c%eb%ac%bc\\\/#primaryimage\",\"url\":\"https:\\\/\\\/naturalpoland.com\\\/wp-content\\\/uploads\\\/ekstrakt-z-owocow-dzikiej-rozy.webp\",\"contentUrl\":\"https:\\\/\\\/naturalpoland.com\\\/wp-content\\\/uploads\\\/ekstrakt-z-owocow-dzikiej-rozy.webp\",\"width\":1024,\"height\":1024,\"caption\":\"\ubd84\ub9d0 \ub85c\uc988\ud799 \uc5f4\ub9e4 \ucd94\ucd9c\ubb3c\"},{\"@type\":\"BreadcrumbList\",\"@id\":\"https:\\\/\\\/naturalpoland.com\\\/ko\\\/je-pum\\\/sig-mul-chu-chul-mul\\\/%eb%a1%9c%ec%a6%88%ed%9e%99-%ec%97%b4%eb%a7%a4-%ec%b6%94%ec%b6%9c%eb%ac%bc\\\/#breadcrumb\",\"itemListElement\":[{\"@type\":\"ListItem\",\"position\":1,\"name\":\"\ud648\",\"item\":\"https:\\\/\\\/naturalpoland.com\\\/ko\\\/\"},{\"@type\":\"ListItem\",\"position\":2,\"name\":\"\uc81c\ud488\",\"item\":\"https:\\\/\\\/naturalpoland.com\\\/ko\\\/%ec%a0%9c%ed%92%88\\\/\"},{\"@type\":\"ListItem\",\"position\":3,\"name\":\"\ub85c\uc988\ud799 \uc5f4\ub9e4 \ucd94\ucd9c\ubb3c\"}]},{\"@type\":\"WebSite\",\"@id\":\"https:\\\/\\\/naturalpoland.com\\\/ko\\\/#website\",\"url\":\"https:\\\/\\\/naturalpoland.com\\\/ko\\\/\",\"name\":\"NATURAL POLAND - Hurtowy Dystrybutor Surowc\u00f3w\",\"description\":\"Surowce dla przemys\u0142u spo\u017cywczego, kosmetycznego i farmaceutycznego\",\"publisher\":{\"@id\":\"https:\\\/\\\/naturalpoland.com\\\/ko\\\/#organization\"},\"potentialAction\":[{\"@type\":\"SearchAction\",\"target\":{\"@type\":\"EntryPoint\",\"urlTemplate\":\"https:\\\/\\\/naturalpoland.com\\\/ko\\\/?s={search_term_string}\"},\"query-input\":{\"@type\":\"PropertyValueSpecification\",\"valueRequired\":true,\"valueName\":\"search_term_string\"}}],\"inLanguage\":\"ko-KR\"},{\"@type\":\"Organization\",\"@id\":\"https:\\\/\\\/naturalpoland.com\\\/ko\\\/#organization\",\"name\":\"Natural Poland\",\"url\":\"https:\\\/\\\/naturalpoland.com\\\/ko\\\/\",\"logo\":{\"@type\":\"ImageObject\",\"inLanguage\":\"ko-KR\",\"@id\":\"https:\\\/\\\/naturalpoland.com\\\/ko\\\/#\\\/schema\\\/logo\\\/image\\\/\",\"url\":\"https:\\\/\\\/naturalpoland.com\\\/wp-content\\\/uploads\\\/2021\\\/05\\\/natural-poland-icon.png\",\"contentUrl\":\"https:\\\/\\\/naturalpoland.com\\\/wp-content\\\/uploads\\\/2021\\\/05\\\/natural-poland-icon.png\",\"width\":512,\"height\":512,\"caption\":\"Natural Poland\"},\"image\":{\"@id\":\"https:\\\/\\\/naturalpoland.com\\\/ko\\\/#\\\/schema\\\/logo\\\/image\\\/\"},\"sameAs\":[\"https:\\\/\\\/www.facebook.com\\\/naturalpoland.b2b\",\"https:\\\/\\\/pl.linkedin.com\\\/company\\\/natural-poland\",\"https:\\\/\\\/www.youtube.com\\\/channel\\\/UCgeGGkvOMahZo-xu_MSEWxg\"]}]}<\/script>\n<!-- \/ Yoast SEO plugin. -->","yoast_head_json":{"title":"\ub85c\uc988\ud799 \uc5f4\ub9e4 \ucd94\ucd9c\ubb3c - Hurtowy Dystrybutor","description":"\ub85c\uc988\ud799 \uc5f4\ub9e4 \ucd94\ucd9c\ubb3c 75% (\ub85c\uc0ac \uce74\ub2c8\ub098 \uc5f4\ub9e4 \ucd94\ucd9c\ubb3c) \u2013 \ud654\uc7a5\ud488 \ubc0f \uae30\ub2a5\uc131 \uc81c\ud488\uc744 \uc704\ud55c \ucc9c\uc5f0 \ube44\ud0c0\ubbfc C \uacf5\uae09\uc6d0. B2B \uc6d0\ub8cc\uc785\ub2c8\ub2e4.","robots":{"index":"index","follow":"follow","max-snippet":"max-snippet:-1","max-image-preview":"max-image-preview:large","max-video-preview":"max-video-preview:-1"},"canonical":"https:\/\/naturalpoland.com\/ko\/je-pum\/sig-mul-chu-chul-mul\/%eb%a1%9c%ec%a6%88%ed%9e%99-%ec%97%b4%eb%a7%a4-%ec%b6%94%ec%b6%9c%eb%ac%bc\/","og_locale":"ko_KR","og_type":"article","og_title":"\ub85c\uc988\ud799 \uc5f4\ub9e4 \ucd94\ucd9c\ubb3c - Hurtowy Dystrybutor","og_description":"\ub85c\uc988\ud799 \uc5f4\ub9e4 \ucd94\ucd9c\ubb3c 75% (\ub85c\uc0ac \uce74\ub2c8\ub098 \uc5f4\ub9e4 \ucd94\ucd9c\ubb3c) \u2013 \ud654\uc7a5\ud488 \ubc0f \uae30\ub2a5\uc131 \uc81c\ud488\uc744 \uc704\ud55c \ucc9c\uc5f0 \ube44\ud0c0\ubbfc C \uacf5\uae09\uc6d0. B2B \uc6d0\ub8cc\uc785\ub2c8\ub2e4.","og_url":"https:\/\/naturalpoland.com\/ko\/je-pum\/sig-mul-chu-chul-mul\/%eb%a1%9c%ec%a6%88%ed%9e%99-%ec%97%b4%eb%a7%a4-%ec%b6%94%ec%b6%9c%eb%ac%bc\/","og_site_name":"NATURAL POLAND - Hurtowy Dystrybutor Surowc\u00f3w","article_publisher":"https:\/\/www.facebook.com\/naturalpoland.b2b","article_modified_time":"2026-01-13T12:10:25+00:00","og_image":[{"width":1024,"height":1024,"url":"https:\/\/naturalpoland.com\/wp-content\/uploads\/ekstrakt-z-owocow-dzikiej-rozy.webp","type":"image\/webp"}],"schema":{"@context":"https:\/\/schema.org","@graph":[{"@type":"WebPage","@id":"https:\/\/naturalpoland.com\/ko\/je-pum\/sig-mul-chu-chul-mul\/%eb%a1%9c%ec%a6%88%ed%9e%99-%ec%97%b4%eb%a7%a4-%ec%b6%94%ec%b6%9c%eb%ac%bc\/","url":"https:\/\/naturalpoland.com\/ko\/je-pum\/sig-mul-chu-chul-mul\/%eb%a1%9c%ec%a6%88%ed%9e%99-%ec%97%b4%eb%a7%a4-%ec%b6%94%ec%b6%9c%eb%ac%bc\/","name":"\ub85c\uc988\ud799 \uc5f4\ub9e4 \ucd94\ucd9c\ubb3c - Hurtowy Dystrybutor","isPartOf":{"@id":"https:\/\/naturalpoland.com\/ko\/#website"},"primaryImageOfPage":{"@id":"https:\/\/naturalpoland.com\/ko\/je-pum\/sig-mul-chu-chul-mul\/%eb%a1%9c%ec%a6%88%ed%9e%99-%ec%97%b4%eb%a7%a4-%ec%b6%94%ec%b6%9c%eb%ac%bc\/#primaryimage"},"image":{"@id":"https:\/\/naturalpoland.com\/ko\/je-pum\/sig-mul-chu-chul-mul\/%eb%a1%9c%ec%a6%88%ed%9e%99-%ec%97%b4%eb%a7%a4-%ec%b6%94%ec%b6%9c%eb%ac%bc\/#primaryimage"},"thumbnailUrl":"https:\/\/naturalpoland.com\/wp-content\/uploads\/ekstrakt-z-owocow-dzikiej-rozy.webp","datePublished":"2025-12-22T15:33:23+00:00","dateModified":"2026-01-13T12:10:25+00:00","description":"\ub85c\uc988\ud799 \uc5f4\ub9e4 \ucd94\ucd9c\ubb3c 75% (\ub85c\uc0ac \uce74\ub2c8\ub098 \uc5f4\ub9e4 \ucd94\ucd9c\ubb3c) \u2013 \ud654\uc7a5\ud488 \ubc0f \uae30\ub2a5\uc131 \uc81c\ud488\uc744 \uc704\ud55c \ucc9c\uc5f0 \ube44\ud0c0\ubbfc C \uacf5\uae09\uc6d0. B2B \uc6d0\ub8cc\uc785\ub2c8\ub2e4.","breadcrumb":{"@id":"https:\/\/naturalpoland.com\/ko\/je-pum\/sig-mul-chu-chul-mul\/%eb%a1%9c%ec%a6%88%ed%9e%99-%ec%97%b4%eb%a7%a4-%ec%b6%94%ec%b6%9c%eb%ac%bc\/#breadcrumb"},"inLanguage":"ko-KR","potentialAction":[{"@type":"ReadAction","target":["https:\/\/naturalpoland.com\/ko\/je-pum\/sig-mul-chu-chul-mul\/%eb%a1%9c%ec%a6%88%ed%9e%99-%ec%97%b4%eb%a7%a4-%ec%b6%94%ec%b6%9c%eb%ac%bc\/"]}]},{"@type":"ImageObject","inLanguage":"ko-KR","@id":"https:\/\/naturalpoland.com\/ko\/je-pum\/sig-mul-chu-chul-mul\/%eb%a1%9c%ec%a6%88%ed%9e%99-%ec%97%b4%eb%a7%a4-%ec%b6%94%ec%b6%9c%eb%ac%bc\/#primaryimage","url":"https:\/\/naturalpoland.com\/wp-content\/uploads\/ekstrakt-z-owocow-dzikiej-rozy.webp","contentUrl":"https:\/\/naturalpoland.com\/wp-content\/uploads\/ekstrakt-z-owocow-dzikiej-rozy.webp","width":1024,"height":1024,"caption":"\ubd84\ub9d0 \ub85c\uc988\ud799 \uc5f4\ub9e4 \ucd94\ucd9c\ubb3c"},{"@type":"BreadcrumbList","@id":"https:\/\/naturalpoland.com\/ko\/je-pum\/sig-mul-chu-chul-mul\/%eb%a1%9c%ec%a6%88%ed%9e%99-%ec%97%b4%eb%a7%a4-%ec%b6%94%ec%b6%9c%eb%ac%bc\/#breadcrumb","itemListElement":[{"@type":"ListItem","position":1,"name":"\ud648","item":"https:\/\/naturalpoland.com\/ko\/"},{"@type":"ListItem","position":2,"name":"\uc81c\ud488","item":"https:\/\/naturalpoland.com\/ko\/%ec%a0%9c%ed%92%88\/"},{"@type":"ListItem","position":3,"name":"\ub85c\uc988\ud799 \uc5f4\ub9e4 \ucd94\ucd9c\ubb3c"}]},{"@type":"WebSite","@id":"https:\/\/naturalpoland.com\/ko\/#website","url":"https:\/\/naturalpoland.com\/ko\/","name":"NATURAL POLAND - Hurtowy Dystrybutor Surowc\u00f3w","description":"Surowce dla przemys\u0142u spo\u017cywczego, kosmetycznego i farmaceutycznego","publisher":{"@id":"https:\/\/naturalpoland.com\/ko\/#organization"},"potentialAction":[{"@type":"SearchAction","target":{"@type":"EntryPoint","urlTemplate":"https:\/\/naturalpoland.com\/ko\/?s={search_term_string}"},"query-input":{"@type":"PropertyValueSpecification","valueRequired":true,"valueName":"search_term_string"}}],"inLanguage":"ko-KR"},{"@type":"Organization","@id":"https:\/\/naturalpoland.com\/ko\/#organization","name":"Natural Poland","url":"https:\/\/naturalpoland.com\/ko\/","logo":{"@type":"ImageObject","inLanguage":"ko-KR","@id":"https:\/\/naturalpoland.com\/ko\/#\/schema\/logo\/image\/","url":"https:\/\/naturalpoland.com\/wp-content\/uploads\/2021\/05\/natural-poland-icon.png","contentUrl":"https:\/\/naturalpoland.com\/wp-content\/uploads\/2021\/05\/natural-poland-icon.png","width":512,"height":512,"caption":"Natural Poland"},"image":{"@id":"https:\/\/naturalpoland.com\/ko\/#\/schema\/logo\/image\/"},"sameAs":["https:\/\/www.facebook.com\/naturalpoland.b2b","https:\/\/pl.linkedin.com\/company\/natural-poland","https:\/\/www.youtube.com\/channel\/UCgeGGkvOMahZo-xu_MSEWxg"]}]}},"_links":{"self":[{"href":"https:\/\/naturalpoland.com\/ko\/wp-json\/wp\/v2\/product\/44884","targetHints":{"allow":["GET"]}}],"collection":[{"href":"https:\/\/naturalpoland.com\/ko\/wp-json\/wp\/v2\/product"}],"about":[{"href":"https:\/\/naturalpoland.com\/ko\/wp-json\/wp\/v2\/types\/product"}],"wp:featuredmedia":[{"embeddable":true,"href":"https:\/\/naturalpoland.com\/ko\/wp-json\/wp\/v2\/media\/44887"}],"wp:attachment":[{"href":"https:\/\/naturalpoland.com\/ko\/wp-json\/wp\/v2\/media?parent=44884"}],"wp:term":[{"taxonomy":"product_brand","embeddable":true,"href":"https:\/\/naturalpoland.com\/ko\/wp-json\/wp\/v2\/product_brand?post=44884"},{"taxonomy":"product_cat","embeddable":true,"href":"https:\/\/naturalpoland.com\/ko\/wp-json\/wp\/v2\/product_cat?post=44884"},{"taxonomy":"product_tag","embeddable":true,"href":"https:\/\/naturalpoland.com\/ko\/wp-json\/wp\/v2\/product_tag?post=44884"}],"curies":[{"name":"wp","href":"https:\/\/api.w.org\/{rel}","templated":true}]}}