{"id":44910,"date":"2021-05-21T10:35:23","date_gmt":"2021-05-21T08:35:23","guid":{"rendered":"https:\/\/naturalpoland.com\/produkty\/uncategorized\/%eb%a0%88%ed%8b%b0%eb%86%80\/"},"modified":"2026-01-13T13:11:31","modified_gmt":"2026-01-13T12:11:31","slug":"%eb%a0%88%ed%8b%b0%eb%86%80","status":"publish","type":"product","link":"https:\/\/naturalpoland.com\/ko\/je-pum\/hwa-jang-pum-won-ryo\/hwa-jang-pum-won-ryo-ko\/%eb%a0%88%ed%8b%b0%eb%86%80\/","title":{"rendered":"\ub808\ud2f0\ub180"},"content":{"rendered":"<p><a href=\"https:\/\/naturalpoland.com\/ko\/je-pum\/hwa-jang-pum-won-ryo\/hwa-jang-pum-won-ryo-ko\/bitamin-a\/\"><strong>\ube44\ud0c0\ubbfc A<\/strong><\/a>\ub294 \uc2dd\ud488\uc758\uc57d\uad6d(FDA)\uc5d0\uc11c \ud56d\uc0b0\ud654 \ud2b9\uc131\uc744 \uac00\uc9c4 \uc131\ubd84\uc73c\ub85c \uc2b9\uc778\ud55c \ucd5c\ucd08\uc758 \ube44\ud0c0\ubbfc\uc785\ub2c8\ub2e4. \ube44\ud0c0\ubbfc A\ub294 \ub808\ud2f0\ub178\uc774\ub4dc \uadf8\ub8f9\uc5d0 \uc18d\ud558\ub294 \uc9c0\uc6a9\uc131 \ubb3c\uc9c8\uc785\ub2c8\ub2e4. \ub808\ud2f0\ub178\uc774\ub4dc\ub294 \uc138\ud3ec\uc758 \ud30c\uad34, \ubd84\ud654 \ubc0f \uc99d\uc2dd \ub2a5\ub825 \uc870\uc808\uc744 \ub3d5\uace0, \ud45c\ud53c\uc758 \ubcf4\ud638 \uae30\ub2a5\uc744 \uac15\ud654\ud558\uba70, \ucf5c\ub77c\uac90 \ubd84\ud574\ub97c \ub9c9\uace0 \uc218\ubd84 \uc190\uc2e4\uc744 \uc5b5\uc81c\ud569\ub2c8\ub2e4.   <\/p>\n<p><strong>\ub808\ud2f0\ub180, \ub808\ud2f0\ub0a0, \ub808\ud2f0\ub178\uc0b0\uc740 \ube44\ud0c0\ubbfc A\uc640 \ub3d9\uc77c\ud55c \uc0dd\ubb3c\ud559\uc801 \ud2b9\uc131\uc744 \uac00\uc9d1\ub2c8\ub2e4.<\/strong><\/p>\n<p>\ub3c4\ub9e4 \uc720\ud1b5\uc5c5\uccb4\ub85c\uc11c, \ub2f9\uc0ac\ub294 \uc5c4\uaca9\ud55c \uad00\ub9ac \uae30\uc900\uc5d0 \ub530\ub77c \uc870\ub2ec\ub41c \ucd5c\uace0 \ud488\uc9c8\uc758 \ub808\ud2f0\ub180\uc744 \uc81c\uacf5\ud569\ub2c8\ub2e4. \ub808\ud2f0\ub180 \uc6a9\uc561 \ud615\ud0dc\uc758 \ub2f9\uc0ac \uc81c\ud488\uc740 \uac15\ub82c\ud55c \ub178\ub780\uc0c9\uc5d0\uc11c \uc8fc\ud669\uc0c9\uc744 \ub760\uba70, \ubaa8\ub4e0 \uae08\uc18d \ubc0f \ubbf8\uc0dd\ubb3c \uc624\uc5fc \ubb3c\uc9c8\ub85c\ubd80\ud130 \uc790\uc720\ub86d\uc2b5\ub2c8\ub2e4. <\/p>\n<h2 class=\"wp-block-heading\">\uc5b4\ub5a4 \ub808\ud2f0\ub178\uc774\ub4dc\ub97c \uc120\ud0dd\ud574\uc57c \ud560\uae4c\uc694?<\/h2>\n<p><strong>\ud2b8\ub808\ud2f0\ub178\uc778<\/strong>\uc740 \uc2dd\ud488\uc758\uc57d\uad6d(FDA)\uc5d0\uc11c \uc8fc\ub984 \uc0dd\uc131\uc744 \uc608\ubc29\ud558\ub294 \uc131\ubd84\uc73c\ub85c \uc2b9\uc778\ud55c \ucd5c\ucd08\uc758 \ub808\ud2f0\ub178\uc774\ub4dc\uc785\ub2c8\ub2e4. <strong><a href=\"http:\/\/kolagen\">\ucf5c\ub77c\uac90<\/a><\/strong> \uc0dd\uc131\uc744 \ucd09\uc9c4\ud558\uace0, \ud608\uad00\uc744 \uc790\uadf9\ud558\uba70, \uc0c9\uc18c \uce68\ucc29\uc744 \ubc1d\uac8c \ud569\ub2c8\ub2e4. \ub610\ud55c \uc2ec\uac01\ud55c \uc790\uc678\uc120 \ud6a8\uacfc\ub97c \uc608\ubc29\ud560 \uc218 \uc788\uc2b5\ub2c8\ub2e4.   <\/p>\n<p><strong>\ub808\ud2f0\ub2d0 \ud314\ubbf8\ud14c\uc774\ud2b8<\/strong>\ub294 \uac00\uc7a5 \uc57d\ud55c \ub808\ud2f0\ub178\uc774\ub4dc\ub85c, \ubbfc\uac10\ud558\uace0 \ub9e4\uc6b0 \uac74\uc870\ud558\uba70 \ucd08\uae30 \uc8fc\ub984\uc774 \uc0dd\uae30\ub294 \ud53c\ubd80 \uad00\ub9ac\uc5d0 \ud0c1\uc6d4\ud569\ub2c8\ub2e4.<\/p>\n<p><strong>\ub808\ud2f0\ub178\uc0b0<\/strong>\uc740 \ube44\ud0c0\ubbfc A\uac00 \ubd84\ud574\ub418\uc5b4 \uc0dd\uc131\ub418\ub294 \ub808\ud2f0\ub180\uc758 \ud65c\uc131 \ud615\ud0dc\uc785\ub2c8\ub2e4. \uc138\ud3ec \uc131\uc7a5\uc5d0 \uc911\uc694\ud55c \uc5ed\ud560\uc744 \ud558\uba70, \ucf5c\ub77c\uac90\uacfc \uc5d8\ub77c\uc2a4\ud2f4 \uc0dd\uc131\uc744 \ucd09\uc9c4\ud558\uace0 \uc0c9\uc18c \uce68\ucc29\uc744 \uc644\ud654\ud569\ub2c8\ub2e4.<\/p>\n<p>&nbsp;<\/p>\n<p>&nbsp;<\/p>\n<p><img decoding=\"async\" class=\"aligncenter size-full wp-image-4441\" src=\"https:\/\/naturalpoland.com\/wp-content\/uploads\/jak-stosowac-retinol-edited.jpg\" alt=\"\ub808\ud2f0\ub180 \uc0ac\uc6a9\ubc95\" width=\"772\" height=\"434\" srcset=\"https:\/\/naturalpoland.com\/wp-content\/uploads\/jak-stosowac-retinol-edited.jpg 772w, https:\/\/naturalpoland.com\/wp-content\/uploads\/jak-stosowac-retinol-edited-510x287.jpg 510w, https:\/\/naturalpoland.com\/wp-content\/uploads\/jak-stosowac-retinol-edited-300x169.jpg 300w, https:\/\/naturalpoland.com\/wp-content\/uploads\/jak-stosowac-retinol-edited-768x432.jpg 768w\" sizes=\"(max-width: 772px) 100vw, 772px\" \/><\/p>\n<p>&nbsp;<\/p>\n<blockquote><p>\ub808\ud2f0\ub180: <em>\ube44\ud0c0\ubbfc A \uc54c\ucf54\uc62c \ub610\ub294 \uc62c-\ud2b8\ub79c\uc2a4 \ub808\ud2f0\ub180\ub85c, \ub0b4\uc778\uc131 \ucc9c\uc5f0 \ub808\ud2f0\ub178\uc774\ub4dc \uacc4\uc5f4\uc5d0 \uc18d\ud558\uba70 \ub0b4\uc778\uc131 \ub808\ud2f0\ub0a0 \ubc0f \ub808\ud2f0\ub178\uc0b0 \ud569\uc131\uc758 \uc804\uad6c\uccb4\uc785\ub2c8\ub2e4.<\/em><br \/>\n<em>\uc62c-\ud2b8\ub79c\uc2a4 \ub808\ud2f0\ub180\uc740 1984\ub144\ubd80\ud130 OTC \ud654\uc7a5\ud488\uc5d0 \uc0ac\uc6a9\ub418\uc5c8\uc9c0\ub9cc (Rolewski 2003), \uac15 \ub4f1 (1995)\uc774 \uc815\uc0c1\uc778 \ud53c\ubd80\uc5d0 \uc62c-\ud2b8\ub79c\uc2a4 \ub808\ud2f0\ub180\uc744 \uc801\uc6a9\ud558\uba74 \ud45c\ud53c\ub97c \uc720\ub3c4\ud558\uace0 \ub450\uaecd\uac8c \ud558\uba70 <strong>\ub808\ud2f0\ub178\uc0b0\uacfc \uc720\uc0ac\ud558\uac8c CRABP II \ubc0f CRBP mRNA\uc640 \ub2e8\ubc31\uc9c8 \ubc1c\ud604\uc744 \uc99d\uac00\uc2dc\ud0a8\ub2e4<\/strong>\ub294 \uac83\uc744 \ubcf4\uc5ec\uc8fc\uba74\uc11c <strong>\uad11\ub178\ud654 \uce58\ub8cc<\/strong>\uc5d0\uc11c\uc758 \uc7a0\uc7ac\ub825\uc774 \uc778\uc2dd\ub418\uc5c8\uc2b5\ub2c8\ub2e4. <\/em><br \/>\n<em>\ub610\ud55c, \uc800\uc790\ub4e4\uc740 \ub808\ud2f0\ub180\uc774 \ud2b8\ub808\ud2f0\ub178\uc778\uacfc \ub2ec\ub9ac \ucd5c\uc18c\ud55c\uc758 \ud64d\ubc18 \ubc0f \uc790\uadf9 \uc9d5\ud6c4\ub9cc\uc744 \ubcf4\uc600\ub2e4\ub294 \uc810\ub3c4 \uad00\ucc30\ud588\uc2b5\ub2c8\ub2e4. \ub2e4\ub978 \uc5f0\uad6c (n = 6; \uae30\uac04 = 14\uc77c)\uc5d0\uc11c Fluhr\uc640 \ub3d9\ub8cc\ub4e4 (1999)\uc740 <strong>\ub808\ud2f0\ub180\uc774 \ub808\ud2f0\ub178\uc0b0\ubcf4\ub2e4 \uacbd\ud53c \uc218\ubd84 \uc190\uc2e4, \ud64d\ubc18 \ubc0f \uac01\uc9c8 \ubc97\uaca8\uc9d0\uc744 \ud6e8\uc52c \uc801\uac8c \uc720\ubc1c\ud55c\ub2e4<\/strong>\ub294 \uac83\uc744 \ud655\uc778\ud588\uc2b5\ub2c8\ub2e4. <\/em><br \/>\n<em>\ud765\ubbf8\ub86d\uac8c\ub3c4 Fisher\uc640 \ub3d9\ub8cc\ub4e4 (1996, 1997)\uc740 <strong>\ub808\ud2f0\ub180\uc774 UV \uc720\ub3c4 MMP\ub97c \uc5b5\uc81c\ud558\uace0 \uad11\ub178\ud654 \ud53c\ubd80\uc5d0\uc11c \ucf5c\ub77c\uac90 \ud569\uc131\uc744 \ucd09\uc9c4\ud55c\ub2e4<\/strong>\ub294 \uac83\uc744 \ucd94\uac00\ub85c \uc785\uc99d\ud588\uc2b5\ub2c8\ub2e4. \uadf8\ub7ec\ub098 \ub808\ud2f0\ub180\uc740 \ud2b8\ub808\ud2f0\ub178\uc778\ubcf4\ub2e4 20\ubc30 \uc57d\ud558\uba70, \uadf8 \ud6a8\uacfc\ub97c \ub098\ud0c0\ub0b4\uae30 \uc704\ud574\uc11c\ub294 \ub808\ud2f0\ub178\uc0b0\uc73c\ub85c\uc758 \ucd94\uac00\uc801\uc778 \uc804\ud658 (\uc0dd\uccb4 \ub0b4)\uc774 \ud544\uc694\ud558\ub2e4\ub294 \uac83\uc774 \uad00\ucc30\ub418\uc5c8\uc2b5\ub2c8\ub2e4 (Kurlandsky et al. 1994; Kang et al. 1995). <\/em><br \/>\n<em>Duell\uacfc \ub3d9\ub8cc\ub4e4 (1996)\uc740 <strong>\ub808\ud2f0\ub180\uc774 \ub808\ud2f0\ub178\uc774\ub4dc \ub9e4\uac1c &#8220;\uc870\uc9c1\ud559\uc801 \ubcc0\ud654&#8221; (\uc608: \ud45c\ud53c \ube44\ud6c4 \ubc0f \uac01\uc9c8\uc138\ud3ec \uc99d\uc2dd)\ub97c \uc720\ubc1c\ud558\ub294 \ub370 \ub808\ud2f0\ub178\uc0b0\ub9cc\ud07c \ud6a8\uacfc\uc801\uc77c \uc218 \uc788\uc9c0\ub9cc<\/strong>, \ud6e8\uc52c \uc801\uc740 \uc790\uadf9\uc744 \ub3d9\ubc18\ud55c\ub2e4\ub294 \uac83\uc744 \ubcf4\uc5ec\uc8fc\uc5c8\uc2b5\ub2c8\ub2e4. Pierard-Franchimont\uc640 \ub3d9\ub8cc\ub4e4 (1998)\uc740 \ub808\ud2f0\ub180 \uc81c\uc81c\ub97c \uc774\uc6a9\ud55c \ud1b5\uc81c\ub41c \uc784\uc0c1 \uc5f0\uad6c\ub97c \ucc98\uc74c\uc73c\ub85c \uc218\ud589\ud588\uc2b5\ub2c8\ub2e4. \uadf8\ub4e4\uc740 <strong>\ub808\ud2f0\ub180 \uc81c\uc81c\uac00 12\uc8fc \uce58\ub8cc \ud6c4 \ubbf8\uc138 \uc8fc\ub984\uc5d0 \uc0c1\ub2f9\ud55c \uac1c\uc120\uc744 \uac00\uc838\uc654\ub2e4<\/strong>\ub294 \uac83\uc744 \uad00\ucc30\ud588\uc2b5\ub2c8\ub2e4. \uc774\uc5b4\uc11c Varani\uc640 \ub3d9\ub8cc\ub4e4 (2000)\uc740 \ub178\ud654 \ud53c\ubd80\ub97c \uac00\uc9c4 53\uba85 (80\uc138 \uc774\uc0c1)\uc5d0\uac8c 1% \ub808\ud2f0\ub180 \uad6d\uc18c \uc801\uc6a9\uc758 \ud6a8\uacfc\ub97c \uc5f0\uad6c\ud588\uc2b5\ub2c8\ub2e4.   <\/em><br \/>\n<em>\uc800\uc790\ub4e4\uc740 7\uc77c\uac04\uc758 \ub808\ud2f0\ub180 \uc0ac\uc6a9\uc774 MMP (\uae30\uc9c8 \uae08\uc18d\ub2e8\ubc31\ubd84\ud574\ud6a8\uc18c), \ucf5c\ub77c\uac8c\ub098\uc81c, \uc824\ub77c\ud2f0\ub098\uc81c \ubc1c\ud604\uc744 \uac10\uc18c\uc2dc\ud0a4\uba74\uc11c \ub3d9\uc2dc\uc5d0 \uc12c\uc720\uc544\uc138\ud3ec \uc99d\uac00 \ubc0f \ucf5c\ub77c\uac90 \ud569\uc131\uc744 \uc720\ub3c4\ud55c\ub2e4\ub294 \uac83\uc744 \uad00\ucc30\ud588\uc2b5\ub2c8\ub2e4. \ub530\ub77c\uc11c \ub808\ud2f0\ub180\uc774 \ub178\ud654 \ubc0f \uad11\ub178\ud654 \uce58\ub8cc\uc5d0 \ud6a8\uacfc\uc801\uc77c \uac83\uc774\ub77c\uace0 \uacb0\ub860 \ub0b4\ub9b4 \uc218 \uc788\uc2b5\ub2c8\ub2e4. \uadf8\ub7ec\ub098 <strong>\ub808\ud2f0\ub180 \uc804\ub2ec\uc5d0 \uc0ac\uc6a9\ub418\ub294 \uc6b4\ubc18\uccb4\uac00 \uadf8 \ud6a8\ub2a5\uc744 \uc720\ubc1c\ud558\ub294 \ub370 \ud575\uc2ec\uc801\uc778 \uc5ed\ud560\uc744 \ud560 \uac83\uc785\ub2c8\ub2e4<\/strong> \ub808\ud2f0\ub180\uc740 \ub9e4\uc6b0 \ubd88\uc548\uc815\ud558\uba70 \ube5b\uacfc \uacf5\uae30\uc5d0 \ub178\ucd9c\ub418\uba74 \uc0dd\ubb3c\ud559\uc801\uc73c\ub85c \ube44\ud65c\uc131 \ud615\ud0dc\ub85c \uc27d\uac8c \ubd84\ud574\ub418\uae30 \ub54c\ubb38\uc5d0.  <\/em> (\uae30\uc0ac \ubc1c\ucdcc \ubc88\uc5ed: https:\/\/www.ncbi.nlm.nih.gov\/pmc\/articles\/PMC2699641\/#b89-cia-1-327)<\/p><\/blockquote>\n<h2><\/h2>\n<h2>\ub808\ud2f0\ub180\uc758 \ud53c\ubd80 \ud6a8\ub2a5:<\/h2>\n<ol>\n<li><strong>\uc548\ud2f0\uc5d0\uc774\uc9d5 (\ud56d\ub178\ud654 \uc791\uc6a9)<\/strong><br \/>\n\ub808\ud2f0\ub180\uc744 \uafb8\uc900\ud788 \uc0ac\uc6a9\ud558\uba74 \uc8fc\ub984 \uac10\uc18c, \ud53c\ubd80 \ud0c4\ub825 \uac1c\uc120 \ubc0f \ucf5c\ub77c\uac90 \uc0dd\uc131\uc744 \ucd09\uc9c4\ud569\ub2c8\ub2e4.<\/li>\n<li><strong>\ud53c\ubd80 \ubb38\uc81c \ud574\uacb0<br \/>\n<\/strong>\uac01\uc9c8 \uc81c\uac70 \ubc0f \ud53c\uc9c0 \uc870\uc808 \ud2b9\uc131 \ub355\ubd84\uc5d0 \ub808\ud2f0\ub180\uc740 \uc5ec\ub4dc\ub984 \ubc0f \uae30\ud0c0 \ud53c\ubd80 \ubb38\uc81c \ud574\uacb0\uc5d0 \ud6a8\uacfc\uc801\uc785\ub2c8\ub2e4. \ubaa8\uacf5\uc744 \ub9c9\ub294 \uac83\uc744 \ub3d5\uace0 \uc0c8\ub85c\uc6b4 \uc5ec\ub4dc\ub984 \ubcd1\ubcc0 \ubc1c\uc0dd \uc704\ud5d8\uc744 \uc904\uc774\uba70 \uc5fc\uc99d\uc744 \uc644\ud654\ud569\ub2c8\ub2e4. <\/li>\n<li><strong>\ud53c\ubd80 \uade0\ud615 \uc720\uc9c0<br \/>\n<\/strong>\ub808\ud2f0\ub180\uc740 \uc801\uc808\ud55c \uc720\ubd84 \uc218\uc900\uc744 \uc720\uc9c0\ud558\uc5ec \uac74\uc870\ud568\uacfc \uacfc\ub3c4\ud55c \ud53c\uc9c0 \uc0dd\uc131\uc744 \ubc29\uc9c0\ud569\ub2c8\ub2e4.<\/li>\n<li><strong>\uc0c9\uc18c \uce68\ucc29 \uac10\uc18c<br \/>\n<\/strong>\ub808\ud2f0\ub180\uc744 \uafb8\uc900\ud788 \uc0ac\uc6a9\ud558\uba74 \uc0c9\uc18c \uce68\ucc29\uacfc \uace0\ub974\uc9c0 \ubabb\ud55c \ud53c\ubd80 \ud1a4\uc744 \ud06c\uac8c \uc904\uc5ec\uc8fc\uc5b4 \uade0\uc77c\ud55c \ud53c\ubd80\ub97c \ub418\ucc3e\uace0 \uc804\ubc18\uc801\uc778 \ud53c\ubd80 \uc0c1\ud0dc\ub97c \uac1c\uc120\ud569\ub2c8\ub2e4.<\/li>\n<\/ol>\n<h2>\ub808\ud2f0\ub180 \uc0ac\uc6a9\ubc95<\/h2>\n<ul>\n<li>\ub808\ud2f0\ub180\uc740 \uc2a4\ud0a8\ucf00\uc5b4 \ud654\uc7a5\ud488\ubfd0\ub9cc \uc544\ub2c8\ub77c \uc758\uc57d\ud488, \ud2b9\ud788 \ub2e4\uc591\ud55c \ud615\ud0dc\uc758 \uc5ec\ub4dc\ub984 \uce58\ub8cc\uc5d0\ub3c4 \uc0ac\uc6a9\ub429\ub2c8\ub2e4.<\/li>\n<li>\ud06c\ub9bc, \uc138\ub7fc, \ub85c\uc158\uc758 \ud65c\uc131 \uc131\ubd84\uc73c\ub85c\uc11c, \ub808\ud2f0\ub180\uc740 \ud53c\ubd80 \ub178\ud654 \uc9d5\ud6c4\ub97c \uc904\uc774\uace0, \ud53c\ubd80 \uacb0\uc744 \uac1c\uc120\ud558\uba70, \ud53c\ubd80 \uc7a5\ubcbd\uc744 \uac15\ud654\ud558\ub294 \ub370 \ud6a8\uacfc\uc801\uc785\ub2c8\ub2e4.<\/li>\n<\/ul>\n<h2 class=\"wp-block-heading\">\ub808\ud2f0\ub180\uc740 \uc5ec\ub984\uc5d0\ub3c4 \uc0ac\uc6a9\ud560 \uc218 \uc788\ub098\uc694?<\/h2>\n<p>\ub808\ud2f0\ub180\uc740 \uc54c\ub808\ub974\uae30 \ubc18\uc751\uc744 \uc77c\uc73c\ud0a4\uc9c0 \uc54a\uc544\uc57c \ud558\ub294 \ubb3c\uc9c8\uc774\uc9c0\ub9cc, \uc57d\uac04\uc758 \ud53c\ubd80 \uc790\uadf9\uc744 \uc720\ubc1c\ud560 \uc218 \uc788\uc2b5\ub2c8\ub2e4. \ub530\ub77c\uc11c \uc774 \uc6d0\ub8cc\uac00 \ud3ec\ud568\ub41c \ud654\uc7a5\ud488 \ubc0f \uc758\uc57d\ud488\uc744 \uc0ac\uc6a9\ud560 \ub54c\ub294 \uc81c\ud488 \ub77c\ubca8\uc5d0 \uc788\ub294 \uad8c\uc7a5 \uc0ac\ud56d\uc5d0 \uc8fc\uc758\ud574\uc57c \ud569\ub2c8\ub2e4.<\/p>\n<p><strong>\ub808\ud2f0\ub180\uc740 \uc5b4\ub5bb\uac8c \uc0ac\uc6a9\ud558\ub098\uc694?<\/strong> \ub808\ud2f0\ub180 \uc81c\ud488\uc740 &#8220;\uc6a9\ub7c9&#8221;\uc744 \uc11c\uc11c\ud788 \ub298\ub824\uac00\uba70 \uc810\uc9c4\uc801\uc73c\ub85c \ub3c4\uc785\ud574\uc57c \ud569\ub2c8\ub2e4. <strong>\ub808\ud2f0\ub180\uc740 UV \uad11\uc120\uc5d0 \ubbfc\uac10\ud55c \ubb3c\uc9c8\uc774\ubbc0\ub85c<\/strong> (\ub9ac\ud3ec\uc19c \ub808\ud2f0\ub180 \uc81c\uc678), \ub192\uc740 \ubcf4\ud638 \uc9c0\uc218 (\uc608: SPF 50)\uc758 \uc81c\ud488\uc744 \uc0ac\uc6a9\ud558\uc5ec \ud53c\ubd80\ub97c \ucd94\uac00\uc801\uc73c\ub85c \ubcf4\ud638\ud574\uc57c \ud569\ub2c8\ub2e4.<\/p>\n<h2 class=\"wp-block-heading\">\ub808\ud2f0\ub180\uacfc \ube44\ud0c0\ubbfc C\ub97c \ud568\uaed8 \uc0ac\uc6a9\ud560 \uc218 \uc788\ub098\uc694?<\/h2>\n<p>\ud55c \uc131\ubd84\uc744 \ub2e4\ub978 \uc131\ubd84 \uc704\uc5d0 \ubc14\ub974\uc9c0 \uc54a\ub294 \uac83\uc774 \uc88b\uc73c\uba70, \uc608\ub97c \ub4e4\uc5b4 <strong><a href=\"https:\/\/naturalpoland.pl\/produkty\/produkty-dla-przemyslu-kosmetycznego\/surowce-kosmetyczne\/tetraizopalmitynian-askorbylu\/\">\ube44\ud0c0\ubbfc C<\/a><\/strong>\ub294 \ub0ae\uc5d0, \ub808\ud2f0\ub180\uc740 \ubc24\uc5d0 \uc0ac\uc6a9\ud558\ub294 \uac83\uc774 \uad8c\uc7a5\ub429\ub2c8\ub2e4. \uc774 \ub450 \uc131\ubd84\uc744 \ud53c\ubd80\uc5d0 \ud568\uaed8 \uc0ac\uc6a9\ud558\uba74 \uc790\uadf9\uc744 \uc720\ubc1c\ud560 \uc218 \uc788\uc2b5\ub2c8\ub2e4. \ub2e8, \ub450 \uc131\ubd84\uc774 \uc548\uc804\ud558\uace0 \ud6a8\uacfc\uc801\uc73c\ub85c \ud568\uaed8 \uc791\uc6a9\ud558\ub3c4\ub85d \uc81c\uc870\ub41c \ud654\uc7a5\ud488\uc740 \uc608\uc678\uc785\ub2c8\ub2e4.  <\/p>\n<hr>\n<p><strong>\ucc38\uace0 \ubb38\ud5cc:<\/strong><br \/>\nhttps:\/\/pubmed.ncbi.nlm.nih.gov\/11535389\/<br \/>\nhttps:\/\/pubmed.ncbi.nlm.nih.gov\/12208239\/<br \/>\nhttps:\/\/www.ncbi.nlm.nih.gov\/pmc\/articles\/PMC6791161\/<br \/>\nhttps:\/\/www.ncbi.nlm.nih.gov\/pmc\/articles\/PMC2699641\/#b89-cia-1-327<\/p>\n","protected":false},"excerpt":{"rendered":"<p><strong>\ube44\ud0c0\ubbfc A \uc720\ub3c4\uccb4<\/strong>\uc778 \ub808\ud2f0\ub180\uc740 \ub2e4\uc7ac\ub2e4\ub2a5\ud55c \uc791\uc6a9\uc73c\ub85c \uc778\ud574 \ubbf8\uc6a9 \ubc0f \uc758\ud559 \ubd84\uc57c\uc5d0\uc11c \ud575\uc2ec \uc131\ubd84\uc785\ub2c8\ub2e4.<\/p>\n","protected":false},"featured_media":44916,"template":"","meta":{"_acf_changed":false},"product_brand":[],"product_cat":[8160],"product_tag":[],"class_list":{"0":"post-44910","1":"product","2":"type-product","3":"status-publish","4":"has-post-thumbnail","6":"product_cat-hwa-jang-pum-won-ryo-ko","7":"pa_technologia-biosneds-","9":"first","10":"instock","11":"shipping-taxable","12":"product-type-simple"},"acf":[],"yoast_head":"<!-- This site is optimized with the Yoast SEO plugin v27.4 - https:\/\/yoast.com\/product\/yoast-seo-wordpress\/ -->\n<title>NATURAL POLAND &#8211; Hurtowy Dystrybutor Surowc\u00f3w<\/title>\n<meta name=\"description\" content=\"\ucd5c\uace0 \ud488\uc9c8\uc758 \uc81c\ud488\uc744 \ucd94\uad6c\ud558\ub294 \ud654\uc7a5\ud488 \ubc0f \uc81c\uc57d \uc81c\uc870\uc5c5\uccb4\uc5d0 \ub808\ud2f0\ub180\uc740 \ud0c1\uc6d4\ud55c \uc120\ud0dd\uc785\ub2c8\ub2e4.\" \/>\n<meta name=\"robots\" content=\"index, follow, max-snippet:-1, max-image-preview:large, max-video-preview:-1\" \/>\n<link rel=\"canonical\" href=\"https:\/\/naturalpoland.com\/ko\/je-pum\/hwa-jang-pum-won-ryo\/hwa-jang-pum-won-ryo-ko\/%eb%a0%88%ed%8b%b0%eb%86%80\/\" \/>\n<meta property=\"og:locale\" content=\"ko_KR\" \/>\n<meta property=\"og:type\" content=\"article\" \/>\n<meta property=\"og:description\" content=\"\ucd5c\uace0 \ud488\uc9c8\uc758 \uc81c\ud488\uc744 \ucd94\uad6c\ud558\ub294 \ud654\uc7a5\ud488 \ubc0f \uc81c\uc57d \uc81c\uc870\uc5c5\uccb4\uc5d0 \ub808\ud2f0\ub180\uc740 \ud0c1\uc6d4\ud55c \uc120\ud0dd\uc785\ub2c8\ub2e4.\" \/>\n<meta property=\"og:url\" content=\"https:\/\/naturalpoland.com\/ko\/je-pum\/hwa-jang-pum-won-ryo\/hwa-jang-pum-won-ryo-ko\/%eb%a0%88%ed%8b%b0%eb%86%80\/\" \/>\n<meta property=\"og:site_name\" content=\"NATURAL POLAND - Hurtowy Dystrybutor Surowc\u00f3w\" \/>\n<meta property=\"article:publisher\" content=\"https:\/\/www.facebook.com\/naturalpoland.b2b\" \/>\n<meta property=\"article:modified_time\" content=\"2026-01-13T12:11:31+00:00\" \/>\n<meta property=\"og:image\" content=\"https:\/\/naturalpoland.com\/wp-content\/uploads\/retinol.webp\" \/>\n\t<meta property=\"og:image:width\" content=\"618\" \/>\n\t<meta property=\"og:image:height\" content=\"618\" \/>\n\t<meta property=\"og:image:type\" content=\"image\/webp\" \/>\n<script type=\"application\/ld+json\" class=\"yoast-schema-graph\">{\"@context\":\"https:\\\/\\\/schema.org\",\"@graph\":[{\"@type\":\"WebPage\",\"@id\":\"https:\\\/\\\/naturalpoland.com\\\/ko\\\/je-pum\\\/hwa-jang-pum-won-ryo\\\/hwa-jang-pum-won-ryo-ko\\\/%eb%a0%88%ed%8b%b0%eb%86%80\\\/\",\"url\":\"https:\\\/\\\/naturalpoland.com\\\/ko\\\/je-pum\\\/hwa-jang-pum-won-ryo\\\/hwa-jang-pum-won-ryo-ko\\\/%eb%a0%88%ed%8b%b0%eb%86%80\\\/\",\"name\":\"\",\"isPartOf\":{\"@id\":\"https:\\\/\\\/naturalpoland.com\\\/ko\\\/#website\"},\"primaryImageOfPage\":{\"@id\":\"https:\\\/\\\/naturalpoland.com\\\/ko\\\/je-pum\\\/hwa-jang-pum-won-ryo\\\/hwa-jang-pum-won-ryo-ko\\\/%eb%a0%88%ed%8b%b0%eb%86%80\\\/#primaryimage\"},\"image\":{\"@id\":\"https:\\\/\\\/naturalpoland.com\\\/ko\\\/je-pum\\\/hwa-jang-pum-won-ryo\\\/hwa-jang-pum-won-ryo-ko\\\/%eb%a0%88%ed%8b%b0%eb%86%80\\\/#primaryimage\"},\"thumbnailUrl\":\"https:\\\/\\\/naturalpoland.com\\\/wp-content\\\/uploads\\\/retinol.webp\",\"datePublished\":\"2021-05-21T08:35:23+00:00\",\"dateModified\":\"2026-01-13T12:11:31+00:00\",\"description\":\"\ucd5c\uace0 \ud488\uc9c8\uc758 \uc81c\ud488\uc744 \ucd94\uad6c\ud558\ub294 \ud654\uc7a5\ud488 \ubc0f \uc81c\uc57d \uc81c\uc870\uc5c5\uccb4\uc5d0 \ub808\ud2f0\ub180\uc740 \ud0c1\uc6d4\ud55c \uc120\ud0dd\uc785\ub2c8\ub2e4.\",\"breadcrumb\":{\"@id\":\"https:\\\/\\\/naturalpoland.com\\\/ko\\\/je-pum\\\/hwa-jang-pum-won-ryo\\\/hwa-jang-pum-won-ryo-ko\\\/%eb%a0%88%ed%8b%b0%eb%86%80\\\/#breadcrumb\"},\"inLanguage\":\"ko-KR\",\"potentialAction\":[{\"@type\":\"ReadAction\",\"target\":[\"https:\\\/\\\/naturalpoland.com\\\/ko\\\/je-pum\\\/hwa-jang-pum-won-ryo\\\/hwa-jang-pum-won-ryo-ko\\\/%eb%a0%88%ed%8b%b0%eb%86%80\\\/\"]}]},{\"@type\":\"ImageObject\",\"inLanguage\":\"ko-KR\",\"@id\":\"https:\\\/\\\/naturalpoland.com\\\/ko\\\/je-pum\\\/hwa-jang-pum-won-ryo\\\/hwa-jang-pum-won-ryo-ko\\\/%eb%a0%88%ed%8b%b0%eb%86%80\\\/#primaryimage\",\"url\":\"https:\\\/\\\/naturalpoland.com\\\/wp-content\\\/uploads\\\/retinol.webp\",\"contentUrl\":\"https:\\\/\\\/naturalpoland.com\\\/wp-content\\\/uploads\\\/retinol.webp\",\"width\":618,\"height\":618,\"caption\":\"\ub808\ud2f0\ub180 \uc561\uc0c1\"},{\"@type\":\"BreadcrumbList\",\"@id\":\"https:\\\/\\\/naturalpoland.com\\\/ko\\\/je-pum\\\/hwa-jang-pum-won-ryo\\\/hwa-jang-pum-won-ryo-ko\\\/%eb%a0%88%ed%8b%b0%eb%86%80\\\/#breadcrumb\",\"itemListElement\":[{\"@type\":\"ListItem\",\"position\":1,\"name\":\"\ud648\",\"item\":\"https:\\\/\\\/naturalpoland.com\\\/ko\\\/\"},{\"@type\":\"ListItem\",\"position\":2,\"name\":\"\uc81c\ud488\",\"item\":\"https:\\\/\\\/naturalpoland.com\\\/ko\\\/%ec%a0%9c%ed%92%88\\\/\"},{\"@type\":\"ListItem\",\"position\":3,\"name\":\"\ub808\ud2f0\ub180\"}]},{\"@type\":\"WebSite\",\"@id\":\"https:\\\/\\\/naturalpoland.com\\\/ko\\\/#website\",\"url\":\"https:\\\/\\\/naturalpoland.com\\\/ko\\\/\",\"name\":\"NATURAL POLAND - Hurtowy Dystrybutor Surowc\u00f3w\",\"description\":\"Surowce dla przemys\u0142u spo\u017cywczego, kosmetycznego i farmaceutycznego\",\"publisher\":{\"@id\":\"https:\\\/\\\/naturalpoland.com\\\/ko\\\/#organization\"},\"potentialAction\":[{\"@type\":\"SearchAction\",\"target\":{\"@type\":\"EntryPoint\",\"urlTemplate\":\"https:\\\/\\\/naturalpoland.com\\\/ko\\\/?s={search_term_string}\"},\"query-input\":{\"@type\":\"PropertyValueSpecification\",\"valueRequired\":true,\"valueName\":\"search_term_string\"}}],\"inLanguage\":\"ko-KR\"},{\"@type\":\"Organization\",\"@id\":\"https:\\\/\\\/naturalpoland.com\\\/ko\\\/#organization\",\"name\":\"Natural Poland\",\"url\":\"https:\\\/\\\/naturalpoland.com\\\/ko\\\/\",\"logo\":{\"@type\":\"ImageObject\",\"inLanguage\":\"ko-KR\",\"@id\":\"https:\\\/\\\/naturalpoland.com\\\/ko\\\/#\\\/schema\\\/logo\\\/image\\\/\",\"url\":\"https:\\\/\\\/naturalpoland.com\\\/wp-content\\\/uploads\\\/2021\\\/05\\\/natural-poland-icon.png\",\"contentUrl\":\"https:\\\/\\\/naturalpoland.com\\\/wp-content\\\/uploads\\\/2021\\\/05\\\/natural-poland-icon.png\",\"width\":512,\"height\":512,\"caption\":\"Natural Poland\"},\"image\":{\"@id\":\"https:\\\/\\\/naturalpoland.com\\\/ko\\\/#\\\/schema\\\/logo\\\/image\\\/\"},\"sameAs\":[\"https:\\\/\\\/www.facebook.com\\\/naturalpoland.b2b\",\"https:\\\/\\\/pl.linkedin.com\\\/company\\\/natural-poland\",\"https:\\\/\\\/www.youtube.com\\\/channel\\\/UCgeGGkvOMahZo-xu_MSEWxg\"]}]}<\/script>\n<!-- \/ Yoast SEO plugin. -->","yoast_head_json":{"title":"NATURAL POLAND &#8211; Hurtowy Dystrybutor Surowc\u00f3w","description":"\ucd5c\uace0 \ud488\uc9c8\uc758 \uc81c\ud488\uc744 \ucd94\uad6c\ud558\ub294 \ud654\uc7a5\ud488 \ubc0f \uc81c\uc57d \uc81c\uc870\uc5c5\uccb4\uc5d0 \ub808\ud2f0\ub180\uc740 \ud0c1\uc6d4\ud55c \uc120\ud0dd\uc785\ub2c8\ub2e4.","robots":{"index":"index","follow":"follow","max-snippet":"max-snippet:-1","max-image-preview":"max-image-preview:large","max-video-preview":"max-video-preview:-1"},"canonical":"https:\/\/naturalpoland.com\/ko\/je-pum\/hwa-jang-pum-won-ryo\/hwa-jang-pum-won-ryo-ko\/%eb%a0%88%ed%8b%b0%eb%86%80\/","og_locale":"ko_KR","og_type":"article","og_description":"\ucd5c\uace0 \ud488\uc9c8\uc758 \uc81c\ud488\uc744 \ucd94\uad6c\ud558\ub294 \ud654\uc7a5\ud488 \ubc0f \uc81c\uc57d \uc81c\uc870\uc5c5\uccb4\uc5d0 \ub808\ud2f0\ub180\uc740 \ud0c1\uc6d4\ud55c \uc120\ud0dd\uc785\ub2c8\ub2e4.","og_url":"https:\/\/naturalpoland.com\/ko\/je-pum\/hwa-jang-pum-won-ryo\/hwa-jang-pum-won-ryo-ko\/%eb%a0%88%ed%8b%b0%eb%86%80\/","og_site_name":"NATURAL POLAND - Hurtowy Dystrybutor Surowc\u00f3w","article_publisher":"https:\/\/www.facebook.com\/naturalpoland.b2b","article_modified_time":"2026-01-13T12:11:31+00:00","og_image":[{"width":618,"height":618,"url":"https:\/\/naturalpoland.com\/wp-content\/uploads\/retinol.webp","type":"image\/webp"}],"schema":{"@context":"https:\/\/schema.org","@graph":[{"@type":"WebPage","@id":"https:\/\/naturalpoland.com\/ko\/je-pum\/hwa-jang-pum-won-ryo\/hwa-jang-pum-won-ryo-ko\/%eb%a0%88%ed%8b%b0%eb%86%80\/","url":"https:\/\/naturalpoland.com\/ko\/je-pum\/hwa-jang-pum-won-ryo\/hwa-jang-pum-won-ryo-ko\/%eb%a0%88%ed%8b%b0%eb%86%80\/","name":"","isPartOf":{"@id":"https:\/\/naturalpoland.com\/ko\/#website"},"primaryImageOfPage":{"@id":"https:\/\/naturalpoland.com\/ko\/je-pum\/hwa-jang-pum-won-ryo\/hwa-jang-pum-won-ryo-ko\/%eb%a0%88%ed%8b%b0%eb%86%80\/#primaryimage"},"image":{"@id":"https:\/\/naturalpoland.com\/ko\/je-pum\/hwa-jang-pum-won-ryo\/hwa-jang-pum-won-ryo-ko\/%eb%a0%88%ed%8b%b0%eb%86%80\/#primaryimage"},"thumbnailUrl":"https:\/\/naturalpoland.com\/wp-content\/uploads\/retinol.webp","datePublished":"2021-05-21T08:35:23+00:00","dateModified":"2026-01-13T12:11:31+00:00","description":"\ucd5c\uace0 \ud488\uc9c8\uc758 \uc81c\ud488\uc744 \ucd94\uad6c\ud558\ub294 \ud654\uc7a5\ud488 \ubc0f \uc81c\uc57d \uc81c\uc870\uc5c5\uccb4\uc5d0 \ub808\ud2f0\ub180\uc740 \ud0c1\uc6d4\ud55c \uc120\ud0dd\uc785\ub2c8\ub2e4.","breadcrumb":{"@id":"https:\/\/naturalpoland.com\/ko\/je-pum\/hwa-jang-pum-won-ryo\/hwa-jang-pum-won-ryo-ko\/%eb%a0%88%ed%8b%b0%eb%86%80\/#breadcrumb"},"inLanguage":"ko-KR","potentialAction":[{"@type":"ReadAction","target":["https:\/\/naturalpoland.com\/ko\/je-pum\/hwa-jang-pum-won-ryo\/hwa-jang-pum-won-ryo-ko\/%eb%a0%88%ed%8b%b0%eb%86%80\/"]}]},{"@type":"ImageObject","inLanguage":"ko-KR","@id":"https:\/\/naturalpoland.com\/ko\/je-pum\/hwa-jang-pum-won-ryo\/hwa-jang-pum-won-ryo-ko\/%eb%a0%88%ed%8b%b0%eb%86%80\/#primaryimage","url":"https:\/\/naturalpoland.com\/wp-content\/uploads\/retinol.webp","contentUrl":"https:\/\/naturalpoland.com\/wp-content\/uploads\/retinol.webp","width":618,"height":618,"caption":"\ub808\ud2f0\ub180 \uc561\uc0c1"},{"@type":"BreadcrumbList","@id":"https:\/\/naturalpoland.com\/ko\/je-pum\/hwa-jang-pum-won-ryo\/hwa-jang-pum-won-ryo-ko\/%eb%a0%88%ed%8b%b0%eb%86%80\/#breadcrumb","itemListElement":[{"@type":"ListItem","position":1,"name":"\ud648","item":"https:\/\/naturalpoland.com\/ko\/"},{"@type":"ListItem","position":2,"name":"\uc81c\ud488","item":"https:\/\/naturalpoland.com\/ko\/%ec%a0%9c%ed%92%88\/"},{"@type":"ListItem","position":3,"name":"\ub808\ud2f0\ub180"}]},{"@type":"WebSite","@id":"https:\/\/naturalpoland.com\/ko\/#website","url":"https:\/\/naturalpoland.com\/ko\/","name":"NATURAL POLAND - Hurtowy Dystrybutor Surowc\u00f3w","description":"Surowce dla przemys\u0142u spo\u017cywczego, kosmetycznego i farmaceutycznego","publisher":{"@id":"https:\/\/naturalpoland.com\/ko\/#organization"},"potentialAction":[{"@type":"SearchAction","target":{"@type":"EntryPoint","urlTemplate":"https:\/\/naturalpoland.com\/ko\/?s={search_term_string}"},"query-input":{"@type":"PropertyValueSpecification","valueRequired":true,"valueName":"search_term_string"}}],"inLanguage":"ko-KR"},{"@type":"Organization","@id":"https:\/\/naturalpoland.com\/ko\/#organization","name":"Natural Poland","url":"https:\/\/naturalpoland.com\/ko\/","logo":{"@type":"ImageObject","inLanguage":"ko-KR","@id":"https:\/\/naturalpoland.com\/ko\/#\/schema\/logo\/image\/","url":"https:\/\/naturalpoland.com\/wp-content\/uploads\/2021\/05\/natural-poland-icon.png","contentUrl":"https:\/\/naturalpoland.com\/wp-content\/uploads\/2021\/05\/natural-poland-icon.png","width":512,"height":512,"caption":"Natural Poland"},"image":{"@id":"https:\/\/naturalpoland.com\/ko\/#\/schema\/logo\/image\/"},"sameAs":["https:\/\/www.facebook.com\/naturalpoland.b2b","https:\/\/pl.linkedin.com\/company\/natural-poland","https:\/\/www.youtube.com\/channel\/UCgeGGkvOMahZo-xu_MSEWxg"]}]}},"_links":{"self":[{"href":"https:\/\/naturalpoland.com\/ko\/wp-json\/wp\/v2\/product\/44910","targetHints":{"allow":["GET"]}}],"collection":[{"href":"https:\/\/naturalpoland.com\/ko\/wp-json\/wp\/v2\/product"}],"about":[{"href":"https:\/\/naturalpoland.com\/ko\/wp-json\/wp\/v2\/types\/product"}],"wp:featuredmedia":[{"embeddable":true,"href":"https:\/\/naturalpoland.com\/ko\/wp-json\/wp\/v2\/media\/44916"}],"wp:attachment":[{"href":"https:\/\/naturalpoland.com\/ko\/wp-json\/wp\/v2\/media?parent=44910"}],"wp:term":[{"taxonomy":"product_brand","embeddable":true,"href":"https:\/\/naturalpoland.com\/ko\/wp-json\/wp\/v2\/product_brand?post=44910"},{"taxonomy":"product_cat","embeddable":true,"href":"https:\/\/naturalpoland.com\/ko\/wp-json\/wp\/v2\/product_cat?post=44910"},{"taxonomy":"product_tag","embeddable":true,"href":"https:\/\/naturalpoland.com\/ko\/wp-json\/wp\/v2\/product_tag?post=44910"}],"curies":[{"name":"wp","href":"https:\/\/api.w.org\/{rel}","templated":true}]}}