{"id":44920,"date":"2021-05-11T13:58:32","date_gmt":"2021-05-11T11:58:32","guid":{"rendered":"https:\/\/naturalpoland.com\/produkty\/uncategorized\/%ec%86%8c%ec%9d%b4-%ec%99%81%ec%8a%a4\/"},"modified":"2026-02-23T12:30:37","modified_gmt":"2026-02-23T11:30:37","slug":"%ec%86%8c%ec%9d%b4-%ec%99%81%ec%8a%a4","status":"publish","type":"product","link":"https:\/\/naturalpoland.com\/ko\/je-pum\/cheon-yeon-wak-seu\/%ec%86%8c%ec%9d%b4-%ec%99%81%ec%8a%a4\/","title":{"rendered":"\uc18c\uc774 \uc641\uc2a4"},"content":{"rendered":"<h2>\uc18c\uc774 \uc641\uc2a4\uc758 \ud2b9\uc131<\/h2>\n<p>\uc18c\uc774 \uc641\uc2a4\ub294 \ubc1d\uc740 \uc0c9\uc0c1\uc758 \uc641\uc2a4 \ud50c\ub808\uc774\ud06c \ud615\ud0dc\ub85c \uc81c\uacf5\ub429\ub2c8\ub2e4. \ubcf8 \uc81c\ud488\uc740 \ud2b9\uc720\uc758 \uc740\uc740\ud55c \ud5a5\uacfc \ubc1d\uc740 \uc0c9\uc0c1(Lovibond max. 3)\uc744 \uac00\uc9c0\uace0 \uc788\uc2b5\ub2c8\ub2e4. \ucc29\uc0c9 \ubc0f \ud5a5\ucd08 \uc81c\uc870\uc5d0 \uc801\ud569\ud569\ub2c8\ub2e4. 42\u201360\u00b0C \ubc94\uc704\uc758 \uc735\uc810\uc740 \uc2e4\uc628\uc5d0\uc11c \uc6b0\uc218\ud55c \uc548\uc815\uc131\uc744 \ubcf4\uc7a5\ud558\uba70 \ub3d9\uc2dc\uc5d0 \uade0\uc77c\ud558\uace0 \uc81c\uc5b4\ub41c \uc5f0\uc18c\ub97c \uc81c\uacf5\ud569\ub2c8\ub2e4.   <\/p>\n<h2>\uc18c\uc774 \uc641\uc2a4\uc758 \ud2b9\uc9d5<\/h2>\n<p>\uc18c\uc774 \uc641\uc2a4\ub294 \ubb34\uc5c7\ubcf4\ub2e4\ub3c4 <strong>\ud30c\ub77c\ud540\uc758 \ucc9c\uc5f0 \ub300\uccb4\uc7ac<\/strong>\uc774\uc790 \ubc00\ub78d\uc758 \ub300\uccb4\uc7ac\uc785\ub2c8\ub2e4. \uc2dd\ubb3c\uc131 \uc6d0\ub8cc\uc774\ubbc0\ub85c \ube44\uac74 \ubc0f \ucc44\uc2dd\uc8fc\uc758\uc790\ub97c \uc704\ud55c \uc81c\ud488\uc5d0 \uc801\ud569\ud569\ub2c8\ub2e4. <\/p>\n<p>\uce94\ub4e4 \uc5f0\uc18c \uc2dc \uc18c\uc774 \uc641\uc2a4\ub294 \ube44\uad50\uc801 \ub0ae\uc740 \uc628\ub3c4\uc5d0\uc11c \ub179\uc544 \uade0\uc77c\ud55c \ud45c\uba74\uc744 \ud615\uc131\ud558\uace0 \uacfc\ub3c4\ud55c \uc5f0\uae30 \ubc1c\uc0dd\uc744 \uc5b5\uc81c\ud569\ub2c8\ub2e4. \uc641\uc2a4\uc758 \uc9c0\uc9c8 \uad6c\uc870\ub85c \uc778\ud574 \ub179\uc558\uc744 \ub54c \ucd09\uac10\uc774 \uc88b\uace0 \ubd80\ub4dc\ub7ec\uc6b4 \uc9c8\uac10\uc744 \ud615\uc131\ud569\ub2c8\ub2e4. \ub530\ub77c\uc11c \ub9c8\uc0ac\uc9c0 \uce94\ub4e4\uc5d0 \ud65c\uc6a9\ub420 \uc218 \uc788\uc73c\uba70, \ub179\uc778 \ud6c4 <strong>\ud53c\ubd80\uc5d0 \uc9c1\uc811 \ub3c4\ud3ec<\/strong>\ud558\uc5ec \ubcf4\uc2b5 \ubc0f \ub9e4\ub044\ub7fd\uac8c \ud558\ub294 \ud6a8\uacfc\ub97c \uc81c\uacf5\ud569\ub2c8\ub2e4. \uc18c\uc774 \uc641\uc2a4\ub294 <strong>\uc5f0\ud654 \uc791\uc6a9<\/strong>\uc744 \ud558\uba70, \uacbd\ud53c \uc218\ubd84 \uc190\uc2e4\uc744 \uc5b5\uc81c\ud558\uace0 \ud53c\ubd80 \ucee8\ub514\uc158\uc744 \uac1c\uc120\ud569\ub2c8\ub2e4.   <\/p>\n<p>\uc18c\uc774 \uc641\uc2a4\ub294 <a href=\"https:\/\/naturalpoland.com\/ko\/ka-te-go-ri\/hwa-jang-pum-won-ryo\/e-sen-syeol-o-il\/\">\uc5d0\uc13c\uc15c \uc624\uc77c<\/a> \ubc0f \ud5a5\ub8cc \uc870\uc131\ubb3c\uacfc \ud638\ud658\ub429\ub2c8\ub2e4. \uac15\ub82c\ud558\uace0 \uc9c0\uc18d\uc801\uc778 \ud5a5\uc744 \uac00\uc9c4 \uce94\ub4e4 \uc81c\uc791\uc774 \uac00\ub2a5\ud569\ub2c8\ub2e4. \uc628\ub3c4 \uc548\uc815\uc131\uacfc \uade0\uc77c\ud55c \uad6c\uc870\ub85c \uc778\ud574 \uc0dd\uc0b0 \uacf5\uc815\uc5d0\uc11c \uc608\uce21 \uac00\ub2a5\ud55c \uc6d0\ub8cc\uc785\ub2c8\ub2e4.  <\/p>\n<h2>\uc18c\uc774 \uc641\uc2a4\uc758 \uc6a9\ub3c4<\/h2>\n<p>\uc18c\uc774 \uc641\uc2a4\ub294 \ub2e4\uc74c \ubd84\uc57c\uc5d0\uc11c \ud3ed\ub113\uac8c \ud65c\uc6a9\ub429\ub2c8\ub2e4:<\/p>\n<ul>\n<li>\uce5c\ud658\uacbd \ubc0f \ud5a5\ucd08 \uc81c\uc870,<\/li>\n<li>\uc544\ub85c\ub9c8\ud14c\ub77c\ud53c \uce94\ub4e4,<\/li>\n<li>\ub9c8\uc0ac\uc9c0 \uce94\ub4e4,<\/li>\n<li>\uc641\uc2a4 \uba5c\ud2b8,<\/li>\n<li>\ucc9c\uc5f0 \ud654\uc7a5\ud488(\uc2a4\ud2f1 \ubc24, \ubc14\ub514 \ubc84\ud130),<\/li>\n<li>DIY \uc81c\ud488 \ubc0f \uc218\uacf5\uc608.<\/li>\n<\/ul>\n<p>\uc0ac\uc591\uc11c\uc5d0\uc11c \ud655\uc778\ub41c \ud488\uc9c8 \ud30c\ub77c\ubbf8\ud130 \ubc0f \uc735\uc810 \uad00\ub9ac\ub85c \uc778\ud574 \ubcf8 \uc6d0\ub8cc\ub294 \uc7ac\ud604\uc131\uacfc \uc0dd\uc0b0 \ubc30\uce58 \uc548\uc815\uc131\uc774 \uc694\uad6c\ub418\ub294 \uc6a9\ub3c4\uc5d0 \uc801\ud569\ud569\ub2c8\ub2e4.<\/p>\n","protected":false},"excerpt":{"rendered":"<p>\ud50c\ub808\uc774\ud06c \ud615\ud0dc\uc758 <strong>\uc18c\uc774 \uc641\uc2a4<\/strong>\ub294 \uc218\uc18c\ud654 \ub300\ub450\uc720\ub85c\ubd80\ud130 \uc5bb\uc740 \uc2dd\ubb3c\uc131 \uc641\uc2a4\ub85c, \uce94\ub4e4 \uc81c\uc870 \ubc0f \ud2b9\uc815 \ud654\uc7a5\ud488 \uc81c\ud615\uc5d0 \uc0ac\uc6a9\ub429\ub2c8\ub2e4.<\/p>\n","protected":false},"featured_media":46147,"template":"","meta":{"_acf_changed":false},"product_brand":[],"product_cat":[8176],"product_tag":[],"class_list":{"0":"post-44920","1":"product","2":"type-product","3":"status-publish","4":"has-post-thumbnail","6":"product_cat-cheon-yeon-wak-seu","8":"first","9":"instock","10":"shipping-taxable","11":"product-type-simple"},"acf":[],"yoast_head":"<!-- This site is optimized with the Yoast SEO plugin v27.4 - https:\/\/yoast.com\/product\/yoast-seo-wordpress\/ -->\n<title>\uc18c\uc774 \uc641\uc2a4 - Hurtowy Dystrybutor<\/title>\n<meta name=\"description\" content=\"\ud50c\ub808\uc774\ud06c \ud615\ud0dc\uc758 \uc18c\uc774 \uc641\uc2a4 \u2013 \ud5a5\ucd08, \uc544\ub85c\ub9c8\ud14c\ub77c\ud53c \ubc0f \ub9c8\uc0ac\uc9c0 \uce94\ub4e4\uc744 \uc704\ud55c \ucc9c\uc5f0 \uc6d0\ub8cc. \ud30c\ub77c\ud540\uacfc \ubc00\ub78d\uc758 \uc2dd\ubb3c\uc131 \ub300\uccb4\uc7ac.\" \/>\n<meta name=\"robots\" content=\"index, follow, max-snippet:-1, max-image-preview:large, max-video-preview:-1\" \/>\n<link rel=\"canonical\" href=\"https:\/\/naturalpoland.com\/ko\/je-pum\/cheon-yeon-wak-seu\/%ec%86%8c%ec%9d%b4-%ec%99%81%ec%8a%a4\/\" \/>\n<meta property=\"og:locale\" content=\"ko_KR\" \/>\n<meta property=\"og:type\" content=\"article\" \/>\n<meta property=\"og:title\" content=\"\uc18c\uc774 \uc641\uc2a4 - Hurtowy Dystrybutor\" \/>\n<meta property=\"og:description\" content=\"\ud50c\ub808\uc774\ud06c \ud615\ud0dc\uc758 \uc18c\uc774 \uc641\uc2a4 \u2013 \ud5a5\ucd08, \uc544\ub85c\ub9c8\ud14c\ub77c\ud53c \ubc0f \ub9c8\uc0ac\uc9c0 \uce94\ub4e4\uc744 \uc704\ud55c \ucc9c\uc5f0 \uc6d0\ub8cc. \ud30c\ub77c\ud540\uacfc \ubc00\ub78d\uc758 \uc2dd\ubb3c\uc131 \ub300\uccb4\uc7ac.\" \/>\n<meta property=\"og:url\" content=\"https:\/\/naturalpoland.com\/ko\/je-pum\/cheon-yeon-wak-seu\/%ec%86%8c%ec%9d%b4-%ec%99%81%ec%8a%a4\/\" \/>\n<meta property=\"og:site_name\" content=\"NATURAL POLAND - Hurtowy Dystrybutor Surowc\u00f3w\" \/>\n<meta property=\"article:publisher\" content=\"https:\/\/www.facebook.com\/naturalpoland.b2b\" \/>\n<meta property=\"article:modified_time\" content=\"2026-02-23T11:30:37+00:00\" \/>\n<meta property=\"og:image\" content=\"https:\/\/naturalpoland.com\/wp-content\/uploads\/wosk-sojowy.webp\" \/>\n\t<meta property=\"og:image:width\" content=\"1024\" \/>\n\t<meta property=\"og:image:height\" content=\"1024\" \/>\n\t<meta property=\"og:image:type\" content=\"image\/webp\" \/>\n<script type=\"application\/ld+json\" class=\"yoast-schema-graph\">{\"@context\":\"https:\\\/\\\/schema.org\",\"@graph\":[{\"@type\":\"WebPage\",\"@id\":\"https:\\\/\\\/naturalpoland.com\\\/ko\\\/je-pum\\\/cheon-yeon-wak-seu\\\/%ec%86%8c%ec%9d%b4-%ec%99%81%ec%8a%a4\\\/\",\"url\":\"https:\\\/\\\/naturalpoland.com\\\/ko\\\/je-pum\\\/cheon-yeon-wak-seu\\\/%ec%86%8c%ec%9d%b4-%ec%99%81%ec%8a%a4\\\/\",\"name\":\"\uc18c\uc774 \uc641\uc2a4 - Hurtowy Dystrybutor\",\"isPartOf\":{\"@id\":\"https:\\\/\\\/naturalpoland.com\\\/ko\\\/#website\"},\"primaryImageOfPage\":{\"@id\":\"https:\\\/\\\/naturalpoland.com\\\/ko\\\/je-pum\\\/cheon-yeon-wak-seu\\\/%ec%86%8c%ec%9d%b4-%ec%99%81%ec%8a%a4\\\/#primaryimage\"},\"image\":{\"@id\":\"https:\\\/\\\/naturalpoland.com\\\/ko\\\/je-pum\\\/cheon-yeon-wak-seu\\\/%ec%86%8c%ec%9d%b4-%ec%99%81%ec%8a%a4\\\/#primaryimage\"},\"thumbnailUrl\":\"https:\\\/\\\/naturalpoland.com\\\/wp-content\\\/uploads\\\/wosk-sojowy.webp\",\"datePublished\":\"2021-05-11T11:58:32+00:00\",\"dateModified\":\"2026-02-23T11:30:37+00:00\",\"description\":\"\ud50c\ub808\uc774\ud06c \ud615\ud0dc\uc758 \uc18c\uc774 \uc641\uc2a4 \u2013 \ud5a5\ucd08, \uc544\ub85c\ub9c8\ud14c\ub77c\ud53c \ubc0f \ub9c8\uc0ac\uc9c0 \uce94\ub4e4\uc744 \uc704\ud55c \ucc9c\uc5f0 \uc6d0\ub8cc. \ud30c\ub77c\ud540\uacfc \ubc00\ub78d\uc758 \uc2dd\ubb3c\uc131 \ub300\uccb4\uc7ac.\",\"breadcrumb\":{\"@id\":\"https:\\\/\\\/naturalpoland.com\\\/ko\\\/je-pum\\\/cheon-yeon-wak-seu\\\/%ec%86%8c%ec%9d%b4-%ec%99%81%ec%8a%a4\\\/#breadcrumb\"},\"inLanguage\":\"ko-KR\",\"potentialAction\":[{\"@type\":\"ReadAction\",\"target\":[\"https:\\\/\\\/naturalpoland.com\\\/ko\\\/je-pum\\\/cheon-yeon-wak-seu\\\/%ec%86%8c%ec%9d%b4-%ec%99%81%ec%8a%a4\\\/\"]}]},{\"@type\":\"ImageObject\",\"inLanguage\":\"ko-KR\",\"@id\":\"https:\\\/\\\/naturalpoland.com\\\/ko\\\/je-pum\\\/cheon-yeon-wak-seu\\\/%ec%86%8c%ec%9d%b4-%ec%99%81%ec%8a%a4\\\/#primaryimage\",\"url\":\"https:\\\/\\\/naturalpoland.com\\\/wp-content\\\/uploads\\\/wosk-sojowy.webp\",\"contentUrl\":\"https:\\\/\\\/naturalpoland.com\\\/wp-content\\\/uploads\\\/wosk-sojowy.webp\",\"width\":1024,\"height\":1024,\"caption\":\"\ud50c\ub808\uc774\ud06c \ud615\ud0dc\uc758 \uc18c\uc774 \uc641\uc2a4\"},{\"@type\":\"BreadcrumbList\",\"@id\":\"https:\\\/\\\/naturalpoland.com\\\/ko\\\/je-pum\\\/cheon-yeon-wak-seu\\\/%ec%86%8c%ec%9d%b4-%ec%99%81%ec%8a%a4\\\/#breadcrumb\",\"itemListElement\":[{\"@type\":\"ListItem\",\"position\":1,\"name\":\"\ud648\",\"item\":\"https:\\\/\\\/naturalpoland.com\\\/ko\\\/\"},{\"@type\":\"ListItem\",\"position\":2,\"name\":\"\uc81c\ud488\",\"item\":\"https:\\\/\\\/naturalpoland.com\\\/ko\\\/%ec%a0%9c%ed%92%88\\\/\"},{\"@type\":\"ListItem\",\"position\":3,\"name\":\"\uc18c\uc774 \uc641\uc2a4\"}]},{\"@type\":\"WebSite\",\"@id\":\"https:\\\/\\\/naturalpoland.com\\\/ko\\\/#website\",\"url\":\"https:\\\/\\\/naturalpoland.com\\\/ko\\\/\",\"name\":\"NATURAL POLAND - Hurtowy Dystrybutor Surowc\u00f3w\",\"description\":\"Surowce dla przemys\u0142u spo\u017cywczego, kosmetycznego i farmaceutycznego\",\"publisher\":{\"@id\":\"https:\\\/\\\/naturalpoland.com\\\/ko\\\/#organization\"},\"potentialAction\":[{\"@type\":\"SearchAction\",\"target\":{\"@type\":\"EntryPoint\",\"urlTemplate\":\"https:\\\/\\\/naturalpoland.com\\\/ko\\\/?s={search_term_string}\"},\"query-input\":{\"@type\":\"PropertyValueSpecification\",\"valueRequired\":true,\"valueName\":\"search_term_string\"}}],\"inLanguage\":\"ko-KR\"},{\"@type\":\"Organization\",\"@id\":\"https:\\\/\\\/naturalpoland.com\\\/ko\\\/#organization\",\"name\":\"Natural Poland\",\"url\":\"https:\\\/\\\/naturalpoland.com\\\/ko\\\/\",\"logo\":{\"@type\":\"ImageObject\",\"inLanguage\":\"ko-KR\",\"@id\":\"https:\\\/\\\/naturalpoland.com\\\/ko\\\/#\\\/schema\\\/logo\\\/image\\\/\",\"url\":\"https:\\\/\\\/naturalpoland.com\\\/wp-content\\\/uploads\\\/2021\\\/05\\\/natural-poland-icon.png\",\"contentUrl\":\"https:\\\/\\\/naturalpoland.com\\\/wp-content\\\/uploads\\\/2021\\\/05\\\/natural-poland-icon.png\",\"width\":512,\"height\":512,\"caption\":\"Natural Poland\"},\"image\":{\"@id\":\"https:\\\/\\\/naturalpoland.com\\\/ko\\\/#\\\/schema\\\/logo\\\/image\\\/\"},\"sameAs\":[\"https:\\\/\\\/www.facebook.com\\\/naturalpoland.b2b\",\"https:\\\/\\\/pl.linkedin.com\\\/company\\\/natural-poland\",\"https:\\\/\\\/www.youtube.com\\\/channel\\\/UCgeGGkvOMahZo-xu_MSEWxg\"]}]}<\/script>\n<!-- \/ Yoast SEO plugin. -->","yoast_head_json":{"title":"\uc18c\uc774 \uc641\uc2a4 - Hurtowy Dystrybutor","description":"\ud50c\ub808\uc774\ud06c \ud615\ud0dc\uc758 \uc18c\uc774 \uc641\uc2a4 \u2013 \ud5a5\ucd08, \uc544\ub85c\ub9c8\ud14c\ub77c\ud53c \ubc0f \ub9c8\uc0ac\uc9c0 \uce94\ub4e4\uc744 \uc704\ud55c \ucc9c\uc5f0 \uc6d0\ub8cc. \ud30c\ub77c\ud540\uacfc \ubc00\ub78d\uc758 \uc2dd\ubb3c\uc131 \ub300\uccb4\uc7ac.","robots":{"index":"index","follow":"follow","max-snippet":"max-snippet:-1","max-image-preview":"max-image-preview:large","max-video-preview":"max-video-preview:-1"},"canonical":"https:\/\/naturalpoland.com\/ko\/je-pum\/cheon-yeon-wak-seu\/%ec%86%8c%ec%9d%b4-%ec%99%81%ec%8a%a4\/","og_locale":"ko_KR","og_type":"article","og_title":"\uc18c\uc774 \uc641\uc2a4 - Hurtowy Dystrybutor","og_description":"\ud50c\ub808\uc774\ud06c \ud615\ud0dc\uc758 \uc18c\uc774 \uc641\uc2a4 \u2013 \ud5a5\ucd08, \uc544\ub85c\ub9c8\ud14c\ub77c\ud53c \ubc0f \ub9c8\uc0ac\uc9c0 \uce94\ub4e4\uc744 \uc704\ud55c \ucc9c\uc5f0 \uc6d0\ub8cc. \ud30c\ub77c\ud540\uacfc \ubc00\ub78d\uc758 \uc2dd\ubb3c\uc131 \ub300\uccb4\uc7ac.","og_url":"https:\/\/naturalpoland.com\/ko\/je-pum\/cheon-yeon-wak-seu\/%ec%86%8c%ec%9d%b4-%ec%99%81%ec%8a%a4\/","og_site_name":"NATURAL POLAND - Hurtowy Dystrybutor Surowc\u00f3w","article_publisher":"https:\/\/www.facebook.com\/naturalpoland.b2b","article_modified_time":"2026-02-23T11:30:37+00:00","og_image":[{"width":1024,"height":1024,"url":"https:\/\/naturalpoland.com\/wp-content\/uploads\/wosk-sojowy.webp","type":"image\/webp"}],"schema":{"@context":"https:\/\/schema.org","@graph":[{"@type":"WebPage","@id":"https:\/\/naturalpoland.com\/ko\/je-pum\/cheon-yeon-wak-seu\/%ec%86%8c%ec%9d%b4-%ec%99%81%ec%8a%a4\/","url":"https:\/\/naturalpoland.com\/ko\/je-pum\/cheon-yeon-wak-seu\/%ec%86%8c%ec%9d%b4-%ec%99%81%ec%8a%a4\/","name":"\uc18c\uc774 \uc641\uc2a4 - Hurtowy Dystrybutor","isPartOf":{"@id":"https:\/\/naturalpoland.com\/ko\/#website"},"primaryImageOfPage":{"@id":"https:\/\/naturalpoland.com\/ko\/je-pum\/cheon-yeon-wak-seu\/%ec%86%8c%ec%9d%b4-%ec%99%81%ec%8a%a4\/#primaryimage"},"image":{"@id":"https:\/\/naturalpoland.com\/ko\/je-pum\/cheon-yeon-wak-seu\/%ec%86%8c%ec%9d%b4-%ec%99%81%ec%8a%a4\/#primaryimage"},"thumbnailUrl":"https:\/\/naturalpoland.com\/wp-content\/uploads\/wosk-sojowy.webp","datePublished":"2021-05-11T11:58:32+00:00","dateModified":"2026-02-23T11:30:37+00:00","description":"\ud50c\ub808\uc774\ud06c \ud615\ud0dc\uc758 \uc18c\uc774 \uc641\uc2a4 \u2013 \ud5a5\ucd08, \uc544\ub85c\ub9c8\ud14c\ub77c\ud53c \ubc0f \ub9c8\uc0ac\uc9c0 \uce94\ub4e4\uc744 \uc704\ud55c \ucc9c\uc5f0 \uc6d0\ub8cc. \ud30c\ub77c\ud540\uacfc \ubc00\ub78d\uc758 \uc2dd\ubb3c\uc131 \ub300\uccb4\uc7ac.","breadcrumb":{"@id":"https:\/\/naturalpoland.com\/ko\/je-pum\/cheon-yeon-wak-seu\/%ec%86%8c%ec%9d%b4-%ec%99%81%ec%8a%a4\/#breadcrumb"},"inLanguage":"ko-KR","potentialAction":[{"@type":"ReadAction","target":["https:\/\/naturalpoland.com\/ko\/je-pum\/cheon-yeon-wak-seu\/%ec%86%8c%ec%9d%b4-%ec%99%81%ec%8a%a4\/"]}]},{"@type":"ImageObject","inLanguage":"ko-KR","@id":"https:\/\/naturalpoland.com\/ko\/je-pum\/cheon-yeon-wak-seu\/%ec%86%8c%ec%9d%b4-%ec%99%81%ec%8a%a4\/#primaryimage","url":"https:\/\/naturalpoland.com\/wp-content\/uploads\/wosk-sojowy.webp","contentUrl":"https:\/\/naturalpoland.com\/wp-content\/uploads\/wosk-sojowy.webp","width":1024,"height":1024,"caption":"\ud50c\ub808\uc774\ud06c \ud615\ud0dc\uc758 \uc18c\uc774 \uc641\uc2a4"},{"@type":"BreadcrumbList","@id":"https:\/\/naturalpoland.com\/ko\/je-pum\/cheon-yeon-wak-seu\/%ec%86%8c%ec%9d%b4-%ec%99%81%ec%8a%a4\/#breadcrumb","itemListElement":[{"@type":"ListItem","position":1,"name":"\ud648","item":"https:\/\/naturalpoland.com\/ko\/"},{"@type":"ListItem","position":2,"name":"\uc81c\ud488","item":"https:\/\/naturalpoland.com\/ko\/%ec%a0%9c%ed%92%88\/"},{"@type":"ListItem","position":3,"name":"\uc18c\uc774 \uc641\uc2a4"}]},{"@type":"WebSite","@id":"https:\/\/naturalpoland.com\/ko\/#website","url":"https:\/\/naturalpoland.com\/ko\/","name":"NATURAL POLAND - Hurtowy Dystrybutor Surowc\u00f3w","description":"Surowce dla przemys\u0142u spo\u017cywczego, kosmetycznego i farmaceutycznego","publisher":{"@id":"https:\/\/naturalpoland.com\/ko\/#organization"},"potentialAction":[{"@type":"SearchAction","target":{"@type":"EntryPoint","urlTemplate":"https:\/\/naturalpoland.com\/ko\/?s={search_term_string}"},"query-input":{"@type":"PropertyValueSpecification","valueRequired":true,"valueName":"search_term_string"}}],"inLanguage":"ko-KR"},{"@type":"Organization","@id":"https:\/\/naturalpoland.com\/ko\/#organization","name":"Natural Poland","url":"https:\/\/naturalpoland.com\/ko\/","logo":{"@type":"ImageObject","inLanguage":"ko-KR","@id":"https:\/\/naturalpoland.com\/ko\/#\/schema\/logo\/image\/","url":"https:\/\/naturalpoland.com\/wp-content\/uploads\/2021\/05\/natural-poland-icon.png","contentUrl":"https:\/\/naturalpoland.com\/wp-content\/uploads\/2021\/05\/natural-poland-icon.png","width":512,"height":512,"caption":"Natural Poland"},"image":{"@id":"https:\/\/naturalpoland.com\/ko\/#\/schema\/logo\/image\/"},"sameAs":["https:\/\/www.facebook.com\/naturalpoland.b2b","https:\/\/pl.linkedin.com\/company\/natural-poland","https:\/\/www.youtube.com\/channel\/UCgeGGkvOMahZo-xu_MSEWxg"]}]}},"_links":{"self":[{"href":"https:\/\/naturalpoland.com\/ko\/wp-json\/wp\/v2\/product\/44920","targetHints":{"allow":["GET"]}}],"collection":[{"href":"https:\/\/naturalpoland.com\/ko\/wp-json\/wp\/v2\/product"}],"about":[{"href":"https:\/\/naturalpoland.com\/ko\/wp-json\/wp\/v2\/types\/product"}],"wp:featuredmedia":[{"embeddable":true,"href":"https:\/\/naturalpoland.com\/ko\/wp-json\/wp\/v2\/media\/46147"}],"wp:attachment":[{"href":"https:\/\/naturalpoland.com\/ko\/wp-json\/wp\/v2\/media?parent=44920"}],"wp:term":[{"taxonomy":"product_brand","embeddable":true,"href":"https:\/\/naturalpoland.com\/ko\/wp-json\/wp\/v2\/product_brand?post=44920"},{"taxonomy":"product_cat","embeddable":true,"href":"https:\/\/naturalpoland.com\/ko\/wp-json\/wp\/v2\/product_cat?post=44920"},{"taxonomy":"product_tag","embeddable":true,"href":"https:\/\/naturalpoland.com\/ko\/wp-json\/wp\/v2\/product_tag?post=44920"}],"curies":[{"name":"wp","href":"https:\/\/api.w.org\/{rel}","templated":true}]}}