{"id":44921,"date":"2021-05-21T13:04:11","date_gmt":"2021-05-21T11:04:11","guid":{"rendered":"https:\/\/naturalpoland.com\/produkty\/uncategorized\/%ec%82%ac%ec%b0%a8%ec%9d%b8%ec%b9%98-%ec%98%a4%ec%9d%bc\/"},"modified":"2026-01-13T13:11:43","modified_gmt":"2026-01-13T12:11:43","slug":"%ec%82%ac%ec%b0%a8%ec%9d%b8%ec%b9%98-%ec%98%a4%ec%9d%bc","status":"publish","type":"product","link":"https:\/\/naturalpoland.com\/ko\/je-pum\/hwa-jang-pum-won-ryo\/hwa-jang-pum-o-il\/%ec%82%ac%ec%b0%a8%ec%9d%b8%ec%b9%98-%ec%98%a4%ec%9d%bc\/","title":{"rendered":"\uc0ac\ucc28\uc778\uce58 \uc624\uc77c"},"content":{"rendered":"<p>\uc0ac\ucc28\uc778\uce58 \uc624\uc77c\uc758 \ud6a8\ub2a5\uc740 \ub300\ub300\ub85c \uc54c\ub824\uc838 \uc788\uc2b5\ub2c8\ub2e4. \ubaa8\ub4e0 \ud53c\ubd80 \ud0c0\uc785\uc5d0 \uc801\ud569\ud558\uba70, \ub6f0\uc5b4\ub09c \uc7ac\uc0dd \ubc0f \uc601\uc591 \uacf5\uae09\uc73c\ub85c \uc8fc\ub984 \uac1c\uc120\uc5d0 \ub3c4\uc6c0\uc744 \uc90d\ub2c8\ub2e4. \uac74\uc870\ud558\uace0 \uc190\uc0c1\ub41c \ud53c\ubd80\uc5d0 \ud0c1\uc6d4\ud558\uba70, \ud53c\ubd80, \ubaa8\ubc1c, \uc190\ud1b1 \uad00\ub9ac\uc5d0\ub3c4 \uc0ac\uc6a9\ub429\ub2c8\ub2e4. \uafb8\uc900\ud788 \uc0ac\uc6a9\ud558\uc2dc\uba74 \uba87 \uc8fc \ub0b4\uc5d0 \ub208\uc5d0 \ub744\ub294 \ud6a8\uacfc\ub97c \uacbd\ud5d8\ud558\uc2e4 \uc218 \uc788\uc2b5\ub2c8\ub2e4.     <\/p>\n<h3>\uc9c0\ubc29\uc0b0 \ud504\ub85c\ud544:<\/h3>\n<table>\n<tbody>\n<tr>\n<td><strong>\uc9c0\ubc29\uc0b0<\/strong><\/td>\n<td><strong>\uacb0\ud569<\/strong><\/td>\n<td><strong>\uae30\uc900\uce58 (%)<\/strong><\/td>\n<\/tr>\n<tr>\n<td>\ud314\ubbf8\ud2b8\uc0b0<\/td>\n<td>C16:0<\/td>\n<td>3.00-8.00<\/td>\n<\/tr>\n<tr>\n<td>\uc2a4\ud14c\uc544\ub974\uc0b0<\/td>\n<td>C18:0<\/td>\n<td>2.00-4.00<\/td>\n<\/tr>\n<tr>\n<td>\uc62c\ub808\uc0b0<\/td>\n<td>C18:1 (n-9)<\/td>\n<td>6.00-12.00<\/td>\n<\/tr>\n<tr>\n<td>\ub9ac\ub180\ub808\uc0b0<\/td>\n<td>C18:2 (n-6)<\/td>\n<td>31.00-40.00<\/td>\n<\/tr>\n<tr>\n<td>\uc54c\ud30c-\ub9ac\ub180\ub80c\uc0b0<\/td>\n<td>C18:3 (n-3)<\/td>\n<td>42.00-58.00<\/td>\n<\/tr>\n<\/tbody>\n<\/table>\n","protected":false},"excerpt":{"rendered":"<p>\uc720\uae30\ub18d \uc0ac\ucc28\uc778\uce58 \uc624\uc77c\uc740 100% \ucc9c\uc5f0, \ub0c9\uc555\ucc29, \ube44\uc815\uc81c \uc81c\ud488\uc785\ub2c8\ub2e4. \ub0a8\ubbf8 \ud398\ub8e8\uc640 \ubcfc\ub9ac\ube44\uc544 \uc232\uc5d0\uc11c \uc790\uc5f0\uc801\uc73c\ub85c \uc790\ub77c\ub294 \uacac\uacfc\ub958\uc5d0\uc11c \ucd94\ucd9c\ub418\uba70, \uc81c\uc57d \ubc0f \ud654\uc7a5\ud488 \uc0b0\uc5c5\uc5d0 \uc0ac\uc6a9\ub429\ub2c8\ub2e4.  <\/p>\n<p>\uc804\uccb4 \uc81c\ud488 \uc548\uc804 \ub370\uc774\ud130 \uc2dc\ud2b8 \ubc0f \uae30\uc220 \uc0ac\uc591\uc744 \uc6d0\ud558\uc2dc\uba74 \ubb38\uc758\ud574 \uc8fc\uc2ed\uc2dc\uc624.<\/p>\n","protected":false},"featured_media":44923,"template":"","meta":{"_acf_changed":false},"product_brand":[],"product_cat":[8135,8154],"product_tag":[],"class_list":{"0":"post-44921","1":"product","2":"type-product","3":"status-publish","4":"has-post-thumbnail","6":"product_cat-sig-yong-mit-hwa-jang-pum-yong-o-il","7":"product_cat-hwa-jang-pum-o-il","8":"pa_czesc-rosliny-8177","9":"pa_metoda-pozyskiwania-8179","11":"first","12":"instock","13":"shipping-taxable","14":"product-type-simple"},"acf":[],"yoast_head":"<!-- This site is optimized with the Yoast SEO plugin v27.4 - https:\/\/yoast.com\/product\/yoast-seo-wordpress\/ -->\n<title>\uc0ac\ucc28\uc778\uce58 \uc624\uc77c - Hurtowy Dystrybutor<\/title>\n<meta name=\"robots\" content=\"index, follow, max-snippet:-1, max-image-preview:large, max-video-preview:-1\" \/>\n<link rel=\"canonical\" href=\"https:\/\/naturalpoland.com\/ko\/je-pum\/hwa-jang-pum-won-ryo\/hwa-jang-pum-o-il\/%ec%82%ac%ec%b0%a8%ec%9d%b8%ec%b9%98-%ec%98%a4%ec%9d%bc\/\" \/>\n<meta property=\"og:locale\" content=\"ko_KR\" \/>\n<meta property=\"og:type\" content=\"article\" \/>\n<meta property=\"og:title\" content=\"\uc0ac\ucc28\uc778\uce58 \uc624\uc77c - Hurtowy Dystrybutor\" \/>\n<meta property=\"og:description\" content=\"\uc720\uae30\ub18d \uc0ac\ucc28\uc778\uce58 \uc624\uc77c\uc740 100% \ucc9c\uc5f0, \ub0c9\uc555\ucc29, \ube44\uc815\uc81c \uc81c\ud488\uc785\ub2c8\ub2e4. \ub0a8\ubbf8 \ud398\ub8e8\uc640 \ubcfc\ub9ac\ube44\uc544 \uc232\uc5d0\uc11c \uc790\uc5f0\uc801\uc73c\ub85c \uc790\ub77c\ub294 \uacac\uacfc\ub958\uc5d0\uc11c \ucd94\ucd9c\ub418\uba70, \uc81c\uc57d \ubc0f \ud654\uc7a5\ud488 \uc0b0\uc5c5\uc5d0 \uc0ac\uc6a9\ub429\ub2c8\ub2e4.  \uc804\uccb4 \uc81c\ud488 \uc548\uc804 \ub370\uc774\ud130 \uc2dc\ud2b8 \ubc0f \uae30\uc220 \uc0ac\uc591\uc744 \uc6d0\ud558\uc2dc\uba74 \ubb38\uc758\ud574 \uc8fc\uc2ed\uc2dc\uc624.\" \/>\n<meta property=\"og:url\" content=\"https:\/\/naturalpoland.com\/ko\/je-pum\/hwa-jang-pum-won-ryo\/hwa-jang-pum-o-il\/%ec%82%ac%ec%b0%a8%ec%9d%b8%ec%b9%98-%ec%98%a4%ec%9d%bc\/\" \/>\n<meta property=\"og:site_name\" content=\"NATURAL POLAND - Hurtowy Dystrybutor Surowc\u00f3w\" \/>\n<meta property=\"article:publisher\" content=\"https:\/\/www.facebook.com\/naturalpoland.b2b\" \/>\n<meta property=\"article:modified_time\" content=\"2026-01-13T12:11:43+00:00\" \/>\n<meta property=\"og:image\" content=\"https:\/\/naturalpoland.com\/wp-content\/uploads\/olej-sacha-inchi.jpg\" \/>\n\t<meta property=\"og:image:width\" content=\"600\" \/>\n\t<meta property=\"og:image:height\" content=\"600\" \/>\n\t<meta property=\"og:image:type\" content=\"image\/jpeg\" \/>\n<script type=\"application\/ld+json\" class=\"yoast-schema-graph\">{\"@context\":\"https:\\\/\\\/schema.org\",\"@graph\":[{\"@type\":\"WebPage\",\"@id\":\"https:\\\/\\\/naturalpoland.com\\\/ko\\\/je-pum\\\/hwa-jang-pum-won-ryo\\\/hwa-jang-pum-o-il\\\/%ec%82%ac%ec%b0%a8%ec%9d%b8%ec%b9%98-%ec%98%a4%ec%9d%bc\\\/\",\"url\":\"https:\\\/\\\/naturalpoland.com\\\/ko\\\/je-pum\\\/hwa-jang-pum-won-ryo\\\/hwa-jang-pum-o-il\\\/%ec%82%ac%ec%b0%a8%ec%9d%b8%ec%b9%98-%ec%98%a4%ec%9d%bc\\\/\",\"name\":\"\uc0ac\ucc28\uc778\uce58 \uc624\uc77c - Hurtowy Dystrybutor\",\"isPartOf\":{\"@id\":\"https:\\\/\\\/naturalpoland.com\\\/ko\\\/#website\"},\"primaryImageOfPage\":{\"@id\":\"https:\\\/\\\/naturalpoland.com\\\/ko\\\/je-pum\\\/hwa-jang-pum-won-ryo\\\/hwa-jang-pum-o-il\\\/%ec%82%ac%ec%b0%a8%ec%9d%b8%ec%b9%98-%ec%98%a4%ec%9d%bc\\\/#primaryimage\"},\"image\":{\"@id\":\"https:\\\/\\\/naturalpoland.com\\\/ko\\\/je-pum\\\/hwa-jang-pum-won-ryo\\\/hwa-jang-pum-o-il\\\/%ec%82%ac%ec%b0%a8%ec%9d%b8%ec%b9%98-%ec%98%a4%ec%9d%bc\\\/#primaryimage\"},\"thumbnailUrl\":\"https:\\\/\\\/naturalpoland.com\\\/wp-content\\\/uploads\\\/olej-sacha-inchi.jpg\",\"datePublished\":\"2021-05-21T11:04:11+00:00\",\"dateModified\":\"2026-01-13T12:11:43+00:00\",\"breadcrumb\":{\"@id\":\"https:\\\/\\\/naturalpoland.com\\\/ko\\\/je-pum\\\/hwa-jang-pum-won-ryo\\\/hwa-jang-pum-o-il\\\/%ec%82%ac%ec%b0%a8%ec%9d%b8%ec%b9%98-%ec%98%a4%ec%9d%bc\\\/#breadcrumb\"},\"inLanguage\":\"ko-KR\",\"potentialAction\":[{\"@type\":\"ReadAction\",\"target\":[\"https:\\\/\\\/naturalpoland.com\\\/ko\\\/je-pum\\\/hwa-jang-pum-won-ryo\\\/hwa-jang-pum-o-il\\\/%ec%82%ac%ec%b0%a8%ec%9d%b8%ec%b9%98-%ec%98%a4%ec%9d%bc\\\/\"]}]},{\"@type\":\"ImageObject\",\"inLanguage\":\"ko-KR\",\"@id\":\"https:\\\/\\\/naturalpoland.com\\\/ko\\\/je-pum\\\/hwa-jang-pum-won-ryo\\\/hwa-jang-pum-o-il\\\/%ec%82%ac%ec%b0%a8%ec%9d%b8%ec%b9%98-%ec%98%a4%ec%9d%bc\\\/#primaryimage\",\"url\":\"https:\\\/\\\/naturalpoland.com\\\/wp-content\\\/uploads\\\/olej-sacha-inchi.jpg\",\"contentUrl\":\"https:\\\/\\\/naturalpoland.com\\\/wp-content\\\/uploads\\\/olej-sacha-inchi.jpg\",\"width\":600,\"height\":600,\"caption\":\"\uc0ac\ucc28\uc778\uce58 \uc624\uc77c\"},{\"@type\":\"BreadcrumbList\",\"@id\":\"https:\\\/\\\/naturalpoland.com\\\/ko\\\/je-pum\\\/hwa-jang-pum-won-ryo\\\/hwa-jang-pum-o-il\\\/%ec%82%ac%ec%b0%a8%ec%9d%b8%ec%b9%98-%ec%98%a4%ec%9d%bc\\\/#breadcrumb\",\"itemListElement\":[{\"@type\":\"ListItem\",\"position\":1,\"name\":\"\ud648\",\"item\":\"https:\\\/\\\/naturalpoland.com\\\/ko\\\/\"},{\"@type\":\"ListItem\",\"position\":2,\"name\":\"\uc81c\ud488\",\"item\":\"https:\\\/\\\/naturalpoland.com\\\/ko\\\/%ec%a0%9c%ed%92%88\\\/\"},{\"@type\":\"ListItem\",\"position\":3,\"name\":\"\uc0ac\ucc28\uc778\uce58 \uc624\uc77c\"}]},{\"@type\":\"WebSite\",\"@id\":\"https:\\\/\\\/naturalpoland.com\\\/ko\\\/#website\",\"url\":\"https:\\\/\\\/naturalpoland.com\\\/ko\\\/\",\"name\":\"NATURAL POLAND - Hurtowy Dystrybutor Surowc\u00f3w\",\"description\":\"Surowce dla przemys\u0142u spo\u017cywczego, kosmetycznego i farmaceutycznego\",\"publisher\":{\"@id\":\"https:\\\/\\\/naturalpoland.com\\\/ko\\\/#organization\"},\"potentialAction\":[{\"@type\":\"SearchAction\",\"target\":{\"@type\":\"EntryPoint\",\"urlTemplate\":\"https:\\\/\\\/naturalpoland.com\\\/ko\\\/?s={search_term_string}\"},\"query-input\":{\"@type\":\"PropertyValueSpecification\",\"valueRequired\":true,\"valueName\":\"search_term_string\"}}],\"inLanguage\":\"ko-KR\"},{\"@type\":\"Organization\",\"@id\":\"https:\\\/\\\/naturalpoland.com\\\/ko\\\/#organization\",\"name\":\"Natural Poland\",\"url\":\"https:\\\/\\\/naturalpoland.com\\\/ko\\\/\",\"logo\":{\"@type\":\"ImageObject\",\"inLanguage\":\"ko-KR\",\"@id\":\"https:\\\/\\\/naturalpoland.com\\\/ko\\\/#\\\/schema\\\/logo\\\/image\\\/\",\"url\":\"https:\\\/\\\/naturalpoland.com\\\/wp-content\\\/uploads\\\/2021\\\/05\\\/natural-poland-icon.png\",\"contentUrl\":\"https:\\\/\\\/naturalpoland.com\\\/wp-content\\\/uploads\\\/2021\\\/05\\\/natural-poland-icon.png\",\"width\":512,\"height\":512,\"caption\":\"Natural Poland\"},\"image\":{\"@id\":\"https:\\\/\\\/naturalpoland.com\\\/ko\\\/#\\\/schema\\\/logo\\\/image\\\/\"},\"sameAs\":[\"https:\\\/\\\/www.facebook.com\\\/naturalpoland.b2b\",\"https:\\\/\\\/pl.linkedin.com\\\/company\\\/natural-poland\",\"https:\\\/\\\/www.youtube.com\\\/channel\\\/UCgeGGkvOMahZo-xu_MSEWxg\"]}]}<\/script>\n<!-- \/ Yoast SEO plugin. -->","yoast_head_json":{"title":"\uc0ac\ucc28\uc778\uce58 \uc624\uc77c - Hurtowy Dystrybutor","robots":{"index":"index","follow":"follow","max-snippet":"max-snippet:-1","max-image-preview":"max-image-preview:large","max-video-preview":"max-video-preview:-1"},"canonical":"https:\/\/naturalpoland.com\/ko\/je-pum\/hwa-jang-pum-won-ryo\/hwa-jang-pum-o-il\/%ec%82%ac%ec%b0%a8%ec%9d%b8%ec%b9%98-%ec%98%a4%ec%9d%bc\/","og_locale":"ko_KR","og_type":"article","og_title":"\uc0ac\ucc28\uc778\uce58 \uc624\uc77c - Hurtowy Dystrybutor","og_description":"\uc720\uae30\ub18d \uc0ac\ucc28\uc778\uce58 \uc624\uc77c\uc740 100% \ucc9c\uc5f0, \ub0c9\uc555\ucc29, \ube44\uc815\uc81c \uc81c\ud488\uc785\ub2c8\ub2e4. \ub0a8\ubbf8 \ud398\ub8e8\uc640 \ubcfc\ub9ac\ube44\uc544 \uc232\uc5d0\uc11c \uc790\uc5f0\uc801\uc73c\ub85c \uc790\ub77c\ub294 \uacac\uacfc\ub958\uc5d0\uc11c \ucd94\ucd9c\ub418\uba70, \uc81c\uc57d \ubc0f \ud654\uc7a5\ud488 \uc0b0\uc5c5\uc5d0 \uc0ac\uc6a9\ub429\ub2c8\ub2e4.  \uc804\uccb4 \uc81c\ud488 \uc548\uc804 \ub370\uc774\ud130 \uc2dc\ud2b8 \ubc0f \uae30\uc220 \uc0ac\uc591\uc744 \uc6d0\ud558\uc2dc\uba74 \ubb38\uc758\ud574 \uc8fc\uc2ed\uc2dc\uc624.","og_url":"https:\/\/naturalpoland.com\/ko\/je-pum\/hwa-jang-pum-won-ryo\/hwa-jang-pum-o-il\/%ec%82%ac%ec%b0%a8%ec%9d%b8%ec%b9%98-%ec%98%a4%ec%9d%bc\/","og_site_name":"NATURAL POLAND - Hurtowy Dystrybutor Surowc\u00f3w","article_publisher":"https:\/\/www.facebook.com\/naturalpoland.b2b","article_modified_time":"2026-01-13T12:11:43+00:00","og_image":[{"width":600,"height":600,"url":"https:\/\/naturalpoland.com\/wp-content\/uploads\/olej-sacha-inchi.jpg","type":"image\/jpeg"}],"schema":{"@context":"https:\/\/schema.org","@graph":[{"@type":"WebPage","@id":"https:\/\/naturalpoland.com\/ko\/je-pum\/hwa-jang-pum-won-ryo\/hwa-jang-pum-o-il\/%ec%82%ac%ec%b0%a8%ec%9d%b8%ec%b9%98-%ec%98%a4%ec%9d%bc\/","url":"https:\/\/naturalpoland.com\/ko\/je-pum\/hwa-jang-pum-won-ryo\/hwa-jang-pum-o-il\/%ec%82%ac%ec%b0%a8%ec%9d%b8%ec%b9%98-%ec%98%a4%ec%9d%bc\/","name":"\uc0ac\ucc28\uc778\uce58 \uc624\uc77c - Hurtowy Dystrybutor","isPartOf":{"@id":"https:\/\/naturalpoland.com\/ko\/#website"},"primaryImageOfPage":{"@id":"https:\/\/naturalpoland.com\/ko\/je-pum\/hwa-jang-pum-won-ryo\/hwa-jang-pum-o-il\/%ec%82%ac%ec%b0%a8%ec%9d%b8%ec%b9%98-%ec%98%a4%ec%9d%bc\/#primaryimage"},"image":{"@id":"https:\/\/naturalpoland.com\/ko\/je-pum\/hwa-jang-pum-won-ryo\/hwa-jang-pum-o-il\/%ec%82%ac%ec%b0%a8%ec%9d%b8%ec%b9%98-%ec%98%a4%ec%9d%bc\/#primaryimage"},"thumbnailUrl":"https:\/\/naturalpoland.com\/wp-content\/uploads\/olej-sacha-inchi.jpg","datePublished":"2021-05-21T11:04:11+00:00","dateModified":"2026-01-13T12:11:43+00:00","breadcrumb":{"@id":"https:\/\/naturalpoland.com\/ko\/je-pum\/hwa-jang-pum-won-ryo\/hwa-jang-pum-o-il\/%ec%82%ac%ec%b0%a8%ec%9d%b8%ec%b9%98-%ec%98%a4%ec%9d%bc\/#breadcrumb"},"inLanguage":"ko-KR","potentialAction":[{"@type":"ReadAction","target":["https:\/\/naturalpoland.com\/ko\/je-pum\/hwa-jang-pum-won-ryo\/hwa-jang-pum-o-il\/%ec%82%ac%ec%b0%a8%ec%9d%b8%ec%b9%98-%ec%98%a4%ec%9d%bc\/"]}]},{"@type":"ImageObject","inLanguage":"ko-KR","@id":"https:\/\/naturalpoland.com\/ko\/je-pum\/hwa-jang-pum-won-ryo\/hwa-jang-pum-o-il\/%ec%82%ac%ec%b0%a8%ec%9d%b8%ec%b9%98-%ec%98%a4%ec%9d%bc\/#primaryimage","url":"https:\/\/naturalpoland.com\/wp-content\/uploads\/olej-sacha-inchi.jpg","contentUrl":"https:\/\/naturalpoland.com\/wp-content\/uploads\/olej-sacha-inchi.jpg","width":600,"height":600,"caption":"\uc0ac\ucc28\uc778\uce58 \uc624\uc77c"},{"@type":"BreadcrumbList","@id":"https:\/\/naturalpoland.com\/ko\/je-pum\/hwa-jang-pum-won-ryo\/hwa-jang-pum-o-il\/%ec%82%ac%ec%b0%a8%ec%9d%b8%ec%b9%98-%ec%98%a4%ec%9d%bc\/#breadcrumb","itemListElement":[{"@type":"ListItem","position":1,"name":"\ud648","item":"https:\/\/naturalpoland.com\/ko\/"},{"@type":"ListItem","position":2,"name":"\uc81c\ud488","item":"https:\/\/naturalpoland.com\/ko\/%ec%a0%9c%ed%92%88\/"},{"@type":"ListItem","position":3,"name":"\uc0ac\ucc28\uc778\uce58 \uc624\uc77c"}]},{"@type":"WebSite","@id":"https:\/\/naturalpoland.com\/ko\/#website","url":"https:\/\/naturalpoland.com\/ko\/","name":"NATURAL POLAND - Hurtowy Dystrybutor Surowc\u00f3w","description":"Surowce dla przemys\u0142u spo\u017cywczego, kosmetycznego i farmaceutycznego","publisher":{"@id":"https:\/\/naturalpoland.com\/ko\/#organization"},"potentialAction":[{"@type":"SearchAction","target":{"@type":"EntryPoint","urlTemplate":"https:\/\/naturalpoland.com\/ko\/?s={search_term_string}"},"query-input":{"@type":"PropertyValueSpecification","valueRequired":true,"valueName":"search_term_string"}}],"inLanguage":"ko-KR"},{"@type":"Organization","@id":"https:\/\/naturalpoland.com\/ko\/#organization","name":"Natural Poland","url":"https:\/\/naturalpoland.com\/ko\/","logo":{"@type":"ImageObject","inLanguage":"ko-KR","@id":"https:\/\/naturalpoland.com\/ko\/#\/schema\/logo\/image\/","url":"https:\/\/naturalpoland.com\/wp-content\/uploads\/2021\/05\/natural-poland-icon.png","contentUrl":"https:\/\/naturalpoland.com\/wp-content\/uploads\/2021\/05\/natural-poland-icon.png","width":512,"height":512,"caption":"Natural Poland"},"image":{"@id":"https:\/\/naturalpoland.com\/ko\/#\/schema\/logo\/image\/"},"sameAs":["https:\/\/www.facebook.com\/naturalpoland.b2b","https:\/\/pl.linkedin.com\/company\/natural-poland","https:\/\/www.youtube.com\/channel\/UCgeGGkvOMahZo-xu_MSEWxg"]}]}},"_links":{"self":[{"href":"https:\/\/naturalpoland.com\/ko\/wp-json\/wp\/v2\/product\/44921","targetHints":{"allow":["GET"]}}],"collection":[{"href":"https:\/\/naturalpoland.com\/ko\/wp-json\/wp\/v2\/product"}],"about":[{"href":"https:\/\/naturalpoland.com\/ko\/wp-json\/wp\/v2\/types\/product"}],"wp:featuredmedia":[{"embeddable":true,"href":"https:\/\/naturalpoland.com\/ko\/wp-json\/wp\/v2\/media\/44923"}],"wp:attachment":[{"href":"https:\/\/naturalpoland.com\/ko\/wp-json\/wp\/v2\/media?parent=44921"}],"wp:term":[{"taxonomy":"product_brand","embeddable":true,"href":"https:\/\/naturalpoland.com\/ko\/wp-json\/wp\/v2\/product_brand?post=44921"},{"taxonomy":"product_cat","embeddable":true,"href":"https:\/\/naturalpoland.com\/ko\/wp-json\/wp\/v2\/product_cat?post=44921"},{"taxonomy":"product_tag","embeddable":true,"href":"https:\/\/naturalpoland.com\/ko\/wp-json\/wp\/v2\/product_tag?post=44921"}],"curies":[{"name":"wp","href":"https:\/\/api.w.org\/{rel}","templated":true}]}}