{"id":44930,"date":"2021-05-11T13:49:47","date_gmt":"2021-05-11T11:49:47","guid":{"rendered":"https:\/\/naturalpoland.com\/produkty\/uncategorized\/%ec%b9%98%ec%95%84%ec%94%a8-%ec%98%a4%ec%9d%bc\/"},"modified":"2026-01-14T13:56:09","modified_gmt":"2026-01-14T12:56:09","slug":"%ec%b9%98%ec%95%84%ec%94%a8-%ec%98%a4%ec%9d%bc","status":"publish","type":"product","link":"https:\/\/naturalpoland.com\/ko\/je-pum\/sig-pum-won-ryo\/sig-yong-yu\/%ec%b9%98%ec%95%84%ec%94%a8-%ec%98%a4%ec%9d%bc\/","title":{"rendered":"\uce58\uc544\uc528 \uc624\uc77c"},"content":{"rendered":"<p>\uce58\uc544\uc528 \uc624\uc77c\uc740 \uba55\uc2dc\ucf54\uc640 \uacfc\ud14c\ub9d0\ub77c\uac00 \uc6d0\uc0b0\uc9c0\uc778 \uc2a4\ud398\uc778 \uc0d0\ube44\uc5b4(\uce58\uc544) \uc2dd\ubb3c\uc5d0\uc11c \uc5bb\uc740 \uadc0\ud55c \uc120\ubb3c\uc785\ub2c8\ub2e4. \uc544\uc988\ud14d\uc778\ub4e4\uc740 \uc774\ubbf8 \uce58\uc544\uc528\uc758 \ub6f0\uc5b4\ub09c \uac74\uac15 \ud6a8\ub2a5\uc744 \ub192\uc774 \ud3c9\uac00\ud558\uc5ec \uc8fc\uc694 \uc791\ubb3c\ub85c \uc7ac\ubc30\ud588\uc2b5\ub2c8\ub2e4. <\/p>\n<p><strong>\uce58\uc544\uc528 \uc624\uc77c<\/strong>\uc740 \ud53c\ubd80, \ubaa8\ubc1c, \uc804\uc2e0\uc744 \uc704\ud55c \uadc0\ud55c \ubcf4\ubb3c\uc785\ub2c8\ub2e4. \ud48d\ubd80\ud55c \ud56d\uc0b0\ud654\uc81c\uc640 \ub2e4\uc911\ubd88\ud3ec\ud654\uc9c0\ubc29\uc0b0\uc774 \uc804\uc2e0 \uac74\uac15\uacfc \ucee8\ub514\uc158 \uc720\uc9c0\uc5d0 \ub3c4\uc6c0\uc744 \uc90d\ub2c8\ub2e4. <\/p>\n<p>\uce58\uc544\uc528 \uc624\uc77c\uc740 \ub6f0\uc5b4\ub09c \uc7ac\uc0dd, \ubcf4\uc2b5, \ud65c\ub825 \ud6a8\uacfc\ub97c \uc120\uc0ac\ud569\ub2c8\ub2e4. \ubaa8\ub4e0 \ud53c\ubd80 \ud0c0\uc785\uc5d0 \uc801\ud569\ud558\uba70, \ud53c\ubd80 \ud1a4\uc744 \uade0\uc77c\ud558\uac8c \ud558\uace0 \uc791\uc740 \ud749\ud130\uc640 \uc7a1\ud2f0\ub97c \uc644\ud654\ud558\ub294 \ub370 \ub3c4\uc6c0\uc744 \uc90d\ub2c8\ub2e4. \uc5ec\ub4dc\ub984\uc131 \ud53c\ubd80\uc5d0\ub3c4 \uc88b\uc73c\uba70, \ud53c\ubd80\ub97c \uae4a\uc774 \uc815\ud654\ud569\ub2c8\ub2e4. \uc595\uc740 \uc8fc\ub984\uc744 \ucc44\uc6b0\uace0 \uc0c8\ub85c\uc6b4 \uc8fc\ub984 \uc0dd\uc131\uc744 \ubc29\uc9c0\ud558\uc5ec \uc8fc\ub984 \uac1c\uc120\uc5d0\ub3c4 \ud6a8\uacfc\uc801\uc785\ub2c8\ub2e4.    <\/p>\n","protected":false},"excerpt":{"rendered":"<p>\uc800\ud76c\ub294 \uc2dd\ud488 \ubc0f \ud654\uc7a5\ud488 \ub4f1\uae09\uc758 \ub0c9\uc555\ucc29 <strong>\uce58\uc544\uc528 \uc624\uc77c<\/strong> \ub3c4\ub9e4 \uc720\ud1b5\uc5c5\uccb4\uc785\ub2c8\ub2e4.<\/p>\n<p><strong>\uce58\uc544\uc528 \uc624\uc77c<\/strong>\uc740 \uc2dd\ud488 \ubc0f <strong>\ud654\uc7a5\ud488<\/strong>\uc73c\ub85c \ud0c1\uc6d4\ud569\ub2c8\ub2e4. \ub2e4\uc7ac\ub2e4\ub2a5\ud558\uc5ec \uc2dd\ub2e8\uacfc \uc77c\uc0c1 \uc2a4\ud0a8\ucf00\uc5b4\uc758 \uc5ec\ub7ec \uc81c\ud488\uc744 \ub300\uccb4\ud560 \uc218 \uc788\uc2b5\ub2c8\ub2e4. <\/p>\n","protected":false},"featured_media":44931,"template":"","meta":{"_acf_changed":false},"product_brand":[],"product_cat":[8135,8174,8154],"product_tag":[],"class_list":{"0":"post-44930","1":"product","2":"type-product","3":"status-publish","4":"has-post-thumbnail","6":"product_cat-sig-yong-mit-hwa-jang-pum-yong-o-il","7":"product_cat-sig-yong-yu","8":"product_cat-hwa-jang-pum-o-il","10":"first","11":"instock","12":"shipping-taxable","13":"product-type-simple"},"acf":[],"yoast_head":"<!-- This site is optimized with the Yoast SEO plugin v27.5 - https:\/\/yoast.com\/product\/yoast-seo-wordpress\/ -->\n<title>\uce58\uc544\uc528 \uc624\uc77c - Hurtowy Dystrybutor<\/title>\n<meta name=\"robots\" content=\"index, follow, max-snippet:-1, max-image-preview:large, max-video-preview:-1\" \/>\n<link rel=\"canonical\" href=\"https:\/\/naturalpoland.com\/ko\/je-pum\/sig-pum-won-ryo\/sig-yong-yu\/%ec%b9%98%ec%95%84%ec%94%a8-%ec%98%a4%ec%9d%bc\/\" \/>\n<meta property=\"og:locale\" content=\"ko_KR\" \/>\n<meta property=\"og:type\" content=\"article\" \/>\n<meta property=\"og:title\" content=\"\uce58\uc544\uc528 \uc624\uc77c - Hurtowy Dystrybutor\" \/>\n<meta property=\"og:description\" content=\"\uc800\ud76c\ub294 \uc2dd\ud488 \ubc0f \ud654\uc7a5\ud488 \ub4f1\uae09\uc758 \ub0c9\uc555\ucc29 \uce58\uc544\uc528 \uc624\uc77c \ub3c4\ub9e4 \uc720\ud1b5\uc5c5\uccb4\uc785\ub2c8\ub2e4. \uce58\uc544\uc528 \uc624\uc77c\uc740 \uc2dd\ud488 \ubc0f \ud654\uc7a5\ud488\uc73c\ub85c \ud0c1\uc6d4\ud569\ub2c8\ub2e4. \ub2e4\uc7ac\ub2e4\ub2a5\ud558\uc5ec \uc2dd\ub2e8\uacfc \uc77c\uc0c1 \uc2a4\ud0a8\ucf00\uc5b4\uc758 \uc5ec\ub7ec \uc81c\ud488\uc744 \ub300\uccb4\ud560 \uc218 \uc788\uc2b5\ub2c8\ub2e4.\" \/>\n<meta property=\"og:url\" content=\"https:\/\/naturalpoland.com\/ko\/je-pum\/sig-pum-won-ryo\/sig-yong-yu\/%ec%b9%98%ec%95%84%ec%94%a8-%ec%98%a4%ec%9d%bc\/\" \/>\n<meta property=\"og:site_name\" content=\"NATURAL POLAND - Hurtowy Dystrybutor Surowc\u00f3w\" \/>\n<meta property=\"article:publisher\" content=\"https:\/\/www.facebook.com\/naturalpoland.b2b\" \/>\n<meta property=\"article:modified_time\" content=\"2026-01-14T12:56:09+00:00\" \/>\n<meta property=\"og:image\" content=\"https:\/\/naturalpoland.com\/wp-content\/uploads\/2021\/05\/chia-seed-oil-scaled.jpg\" \/>\n\t<meta property=\"og:image:width\" content=\"2560\" \/>\n\t<meta property=\"og:image:height\" content=\"1327\" \/>\n\t<meta property=\"og:image:type\" content=\"image\/jpeg\" \/>\n<script type=\"application\/ld+json\" class=\"yoast-schema-graph\">{\"@context\":\"https:\\\/\\\/schema.org\",\"@graph\":[{\"@type\":\"WebPage\",\"@id\":\"https:\\\/\\\/naturalpoland.com\\\/ko\\\/je-pum\\\/sig-pum-won-ryo\\\/sig-yong-yu\\\/%ec%b9%98%ec%95%84%ec%94%a8-%ec%98%a4%ec%9d%bc\\\/\",\"url\":\"https:\\\/\\\/naturalpoland.com\\\/ko\\\/je-pum\\\/sig-pum-won-ryo\\\/sig-yong-yu\\\/%ec%b9%98%ec%95%84%ec%94%a8-%ec%98%a4%ec%9d%bc\\\/\",\"name\":\"\uce58\uc544\uc528 \uc624\uc77c - Hurtowy Dystrybutor\",\"isPartOf\":{\"@id\":\"https:\\\/\\\/naturalpoland.com\\\/ko\\\/#website\"},\"primaryImageOfPage\":{\"@id\":\"https:\\\/\\\/naturalpoland.com\\\/ko\\\/je-pum\\\/sig-pum-won-ryo\\\/sig-yong-yu\\\/%ec%b9%98%ec%95%84%ec%94%a8-%ec%98%a4%ec%9d%bc\\\/#primaryimage\"},\"image\":{\"@id\":\"https:\\\/\\\/naturalpoland.com\\\/ko\\\/je-pum\\\/sig-pum-won-ryo\\\/sig-yong-yu\\\/%ec%b9%98%ec%95%84%ec%94%a8-%ec%98%a4%ec%9d%bc\\\/#primaryimage\"},\"thumbnailUrl\":\"https:\\\/\\\/naturalpoland.com\\\/wp-content\\\/uploads\\\/2021\\\/05\\\/chia-seed-oil-scaled.jpg\",\"datePublished\":\"2021-05-11T11:49:47+00:00\",\"dateModified\":\"2026-01-14T12:56:09+00:00\",\"breadcrumb\":{\"@id\":\"https:\\\/\\\/naturalpoland.com\\\/ko\\\/je-pum\\\/sig-pum-won-ryo\\\/sig-yong-yu\\\/%ec%b9%98%ec%95%84%ec%94%a8-%ec%98%a4%ec%9d%bc\\\/#breadcrumb\"},\"inLanguage\":\"ko-KR\",\"potentialAction\":[{\"@type\":\"ReadAction\",\"target\":[\"https:\\\/\\\/naturalpoland.com\\\/ko\\\/je-pum\\\/sig-pum-won-ryo\\\/sig-yong-yu\\\/%ec%b9%98%ec%95%84%ec%94%a8-%ec%98%a4%ec%9d%bc\\\/\"]}]},{\"@type\":\"ImageObject\",\"inLanguage\":\"ko-KR\",\"@id\":\"https:\\\/\\\/naturalpoland.com\\\/ko\\\/je-pum\\\/sig-pum-won-ryo\\\/sig-yong-yu\\\/%ec%b9%98%ec%95%84%ec%94%a8-%ec%98%a4%ec%9d%bc\\\/#primaryimage\",\"url\":\"https:\\\/\\\/naturalpoland.com\\\/wp-content\\\/uploads\\\/2021\\\/05\\\/chia-seed-oil-scaled.jpg\",\"contentUrl\":\"https:\\\/\\\/naturalpoland.com\\\/wp-content\\\/uploads\\\/2021\\\/05\\\/chia-seed-oil-scaled.jpg\",\"width\":2560,\"height\":1327,\"caption\":\"\uce58\uc544\uc528 \uc624\uc77c\"},{\"@type\":\"BreadcrumbList\",\"@id\":\"https:\\\/\\\/naturalpoland.com\\\/ko\\\/je-pum\\\/sig-pum-won-ryo\\\/sig-yong-yu\\\/%ec%b9%98%ec%95%84%ec%94%a8-%ec%98%a4%ec%9d%bc\\\/#breadcrumb\",\"itemListElement\":[{\"@type\":\"ListItem\",\"position\":1,\"name\":\"\ud648\",\"item\":\"https:\\\/\\\/naturalpoland.com\\\/ko\\\/\"},{\"@type\":\"ListItem\",\"position\":2,\"name\":\"\uc81c\ud488\",\"item\":\"https:\\\/\\\/naturalpoland.com\\\/ko\\\/%ec%a0%9c%ed%92%88\\\/\"},{\"@type\":\"ListItem\",\"position\":3,\"name\":\"\uce58\uc544\uc528 \uc624\uc77c\"}]},{\"@type\":\"WebSite\",\"@id\":\"https:\\\/\\\/naturalpoland.com\\\/ko\\\/#website\",\"url\":\"https:\\\/\\\/naturalpoland.com\\\/ko\\\/\",\"name\":\"NATURAL POLAND - Hurtowy Dystrybutor Surowc\u00f3w\",\"description\":\"Surowce dla przemys\u0142u spo\u017cywczego, kosmetycznego i farmaceutycznego\",\"publisher\":{\"@id\":\"https:\\\/\\\/naturalpoland.com\\\/ko\\\/#organization\"},\"potentialAction\":[{\"@type\":\"SearchAction\",\"target\":{\"@type\":\"EntryPoint\",\"urlTemplate\":\"https:\\\/\\\/naturalpoland.com\\\/ko\\\/?s={search_term_string}\"},\"query-input\":{\"@type\":\"PropertyValueSpecification\",\"valueRequired\":true,\"valueName\":\"search_term_string\"}}],\"inLanguage\":\"ko-KR\"},{\"@type\":\"Organization\",\"@id\":\"https:\\\/\\\/naturalpoland.com\\\/ko\\\/#organization\",\"name\":\"Natural Poland\",\"url\":\"https:\\\/\\\/naturalpoland.com\\\/ko\\\/\",\"logo\":{\"@type\":\"ImageObject\",\"inLanguage\":\"ko-KR\",\"@id\":\"https:\\\/\\\/naturalpoland.com\\\/ko\\\/#\\\/schema\\\/logo\\\/image\\\/\",\"url\":\"https:\\\/\\\/naturalpoland.com\\\/wp-content\\\/uploads\\\/2021\\\/05\\\/natural-poland-icon.png\",\"contentUrl\":\"https:\\\/\\\/naturalpoland.com\\\/wp-content\\\/uploads\\\/2021\\\/05\\\/natural-poland-icon.png\",\"width\":512,\"height\":512,\"caption\":\"Natural Poland\"},\"image\":{\"@id\":\"https:\\\/\\\/naturalpoland.com\\\/ko\\\/#\\\/schema\\\/logo\\\/image\\\/\"},\"sameAs\":[\"https:\\\/\\\/www.facebook.com\\\/naturalpoland.b2b\",\"https:\\\/\\\/pl.linkedin.com\\\/company\\\/natural-poland\",\"https:\\\/\\\/www.youtube.com\\\/channel\\\/UCgeGGkvOMahZo-xu_MSEWxg\"]}]}<\/script>\n<!-- \/ Yoast SEO plugin. -->","yoast_head_json":{"title":"\uce58\uc544\uc528 \uc624\uc77c - Hurtowy Dystrybutor","robots":{"index":"index","follow":"follow","max-snippet":"max-snippet:-1","max-image-preview":"max-image-preview:large","max-video-preview":"max-video-preview:-1"},"canonical":"https:\/\/naturalpoland.com\/ko\/je-pum\/sig-pum-won-ryo\/sig-yong-yu\/%ec%b9%98%ec%95%84%ec%94%a8-%ec%98%a4%ec%9d%bc\/","og_locale":"ko_KR","og_type":"article","og_title":"\uce58\uc544\uc528 \uc624\uc77c - Hurtowy Dystrybutor","og_description":"\uc800\ud76c\ub294 \uc2dd\ud488 \ubc0f \ud654\uc7a5\ud488 \ub4f1\uae09\uc758 \ub0c9\uc555\ucc29 \uce58\uc544\uc528 \uc624\uc77c \ub3c4\ub9e4 \uc720\ud1b5\uc5c5\uccb4\uc785\ub2c8\ub2e4. \uce58\uc544\uc528 \uc624\uc77c\uc740 \uc2dd\ud488 \ubc0f \ud654\uc7a5\ud488\uc73c\ub85c \ud0c1\uc6d4\ud569\ub2c8\ub2e4. \ub2e4\uc7ac\ub2e4\ub2a5\ud558\uc5ec \uc2dd\ub2e8\uacfc \uc77c\uc0c1 \uc2a4\ud0a8\ucf00\uc5b4\uc758 \uc5ec\ub7ec \uc81c\ud488\uc744 \ub300\uccb4\ud560 \uc218 \uc788\uc2b5\ub2c8\ub2e4.","og_url":"https:\/\/naturalpoland.com\/ko\/je-pum\/sig-pum-won-ryo\/sig-yong-yu\/%ec%b9%98%ec%95%84%ec%94%a8-%ec%98%a4%ec%9d%bc\/","og_site_name":"NATURAL POLAND - Hurtowy Dystrybutor Surowc\u00f3w","article_publisher":"https:\/\/www.facebook.com\/naturalpoland.b2b","article_modified_time":"2026-01-14T12:56:09+00:00","og_image":[{"width":2560,"height":1327,"url":"https:\/\/naturalpoland.com\/wp-content\/uploads\/2021\/05\/chia-seed-oil-scaled.jpg","type":"image\/jpeg"}],"schema":{"@context":"https:\/\/schema.org","@graph":[{"@type":"WebPage","@id":"https:\/\/naturalpoland.com\/ko\/je-pum\/sig-pum-won-ryo\/sig-yong-yu\/%ec%b9%98%ec%95%84%ec%94%a8-%ec%98%a4%ec%9d%bc\/","url":"https:\/\/naturalpoland.com\/ko\/je-pum\/sig-pum-won-ryo\/sig-yong-yu\/%ec%b9%98%ec%95%84%ec%94%a8-%ec%98%a4%ec%9d%bc\/","name":"\uce58\uc544\uc528 \uc624\uc77c - Hurtowy Dystrybutor","isPartOf":{"@id":"https:\/\/naturalpoland.com\/ko\/#website"},"primaryImageOfPage":{"@id":"https:\/\/naturalpoland.com\/ko\/je-pum\/sig-pum-won-ryo\/sig-yong-yu\/%ec%b9%98%ec%95%84%ec%94%a8-%ec%98%a4%ec%9d%bc\/#primaryimage"},"image":{"@id":"https:\/\/naturalpoland.com\/ko\/je-pum\/sig-pum-won-ryo\/sig-yong-yu\/%ec%b9%98%ec%95%84%ec%94%a8-%ec%98%a4%ec%9d%bc\/#primaryimage"},"thumbnailUrl":"https:\/\/naturalpoland.com\/wp-content\/uploads\/2021\/05\/chia-seed-oil-scaled.jpg","datePublished":"2021-05-11T11:49:47+00:00","dateModified":"2026-01-14T12:56:09+00:00","breadcrumb":{"@id":"https:\/\/naturalpoland.com\/ko\/je-pum\/sig-pum-won-ryo\/sig-yong-yu\/%ec%b9%98%ec%95%84%ec%94%a8-%ec%98%a4%ec%9d%bc\/#breadcrumb"},"inLanguage":"ko-KR","potentialAction":[{"@type":"ReadAction","target":["https:\/\/naturalpoland.com\/ko\/je-pum\/sig-pum-won-ryo\/sig-yong-yu\/%ec%b9%98%ec%95%84%ec%94%a8-%ec%98%a4%ec%9d%bc\/"]}]},{"@type":"ImageObject","inLanguage":"ko-KR","@id":"https:\/\/naturalpoland.com\/ko\/je-pum\/sig-pum-won-ryo\/sig-yong-yu\/%ec%b9%98%ec%95%84%ec%94%a8-%ec%98%a4%ec%9d%bc\/#primaryimage","url":"https:\/\/naturalpoland.com\/wp-content\/uploads\/2021\/05\/chia-seed-oil-scaled.jpg","contentUrl":"https:\/\/naturalpoland.com\/wp-content\/uploads\/2021\/05\/chia-seed-oil-scaled.jpg","width":2560,"height":1327,"caption":"\uce58\uc544\uc528 \uc624\uc77c"},{"@type":"BreadcrumbList","@id":"https:\/\/naturalpoland.com\/ko\/je-pum\/sig-pum-won-ryo\/sig-yong-yu\/%ec%b9%98%ec%95%84%ec%94%a8-%ec%98%a4%ec%9d%bc\/#breadcrumb","itemListElement":[{"@type":"ListItem","position":1,"name":"\ud648","item":"https:\/\/naturalpoland.com\/ko\/"},{"@type":"ListItem","position":2,"name":"\uc81c\ud488","item":"https:\/\/naturalpoland.com\/ko\/%ec%a0%9c%ed%92%88\/"},{"@type":"ListItem","position":3,"name":"\uce58\uc544\uc528 \uc624\uc77c"}]},{"@type":"WebSite","@id":"https:\/\/naturalpoland.com\/ko\/#website","url":"https:\/\/naturalpoland.com\/ko\/","name":"NATURAL POLAND - Hurtowy Dystrybutor Surowc\u00f3w","description":"Surowce dla przemys\u0142u spo\u017cywczego, kosmetycznego i farmaceutycznego","publisher":{"@id":"https:\/\/naturalpoland.com\/ko\/#organization"},"potentialAction":[{"@type":"SearchAction","target":{"@type":"EntryPoint","urlTemplate":"https:\/\/naturalpoland.com\/ko\/?s={search_term_string}"},"query-input":{"@type":"PropertyValueSpecification","valueRequired":true,"valueName":"search_term_string"}}],"inLanguage":"ko-KR"},{"@type":"Organization","@id":"https:\/\/naturalpoland.com\/ko\/#organization","name":"Natural Poland","url":"https:\/\/naturalpoland.com\/ko\/","logo":{"@type":"ImageObject","inLanguage":"ko-KR","@id":"https:\/\/naturalpoland.com\/ko\/#\/schema\/logo\/image\/","url":"https:\/\/naturalpoland.com\/wp-content\/uploads\/2021\/05\/natural-poland-icon.png","contentUrl":"https:\/\/naturalpoland.com\/wp-content\/uploads\/2021\/05\/natural-poland-icon.png","width":512,"height":512,"caption":"Natural Poland"},"image":{"@id":"https:\/\/naturalpoland.com\/ko\/#\/schema\/logo\/image\/"},"sameAs":["https:\/\/www.facebook.com\/naturalpoland.b2b","https:\/\/pl.linkedin.com\/company\/natural-poland","https:\/\/www.youtube.com\/channel\/UCgeGGkvOMahZo-xu_MSEWxg"]}]}},"_links":{"self":[{"href":"https:\/\/naturalpoland.com\/ko\/wp-json\/wp\/v2\/product\/44930","targetHints":{"allow":["GET"]}}],"collection":[{"href":"https:\/\/naturalpoland.com\/ko\/wp-json\/wp\/v2\/product"}],"about":[{"href":"https:\/\/naturalpoland.com\/ko\/wp-json\/wp\/v2\/types\/product"}],"wp:featuredmedia":[{"embeddable":true,"href":"https:\/\/naturalpoland.com\/ko\/wp-json\/wp\/v2\/media\/44931"}],"wp:attachment":[{"href":"https:\/\/naturalpoland.com\/ko\/wp-json\/wp\/v2\/media?parent=44930"}],"wp:term":[{"taxonomy":"product_brand","embeddable":true,"href":"https:\/\/naturalpoland.com\/ko\/wp-json\/wp\/v2\/product_brand?post=44930"},{"taxonomy":"product_cat","embeddable":true,"href":"https:\/\/naturalpoland.com\/ko\/wp-json\/wp\/v2\/product_cat?post=44930"},{"taxonomy":"product_tag","embeddable":true,"href":"https:\/\/naturalpoland.com\/ko\/wp-json\/wp\/v2\/product_tag?post=44930"}],"curies":[{"name":"wp","href":"https:\/\/api.w.org\/{rel}","templated":true}]}}