{"id":44938,"date":"2021-05-11T13:50:09","date_gmt":"2021-05-11T11:50:09","guid":{"rendered":"https:\/\/naturalpoland.com\/produkty\/uncategorized\/%eb%b8%94%eb%9e%99-%ec%bb%a4%eb%af%bc-%ec%94%a8-%ec%98%a4%ec%9d%bc\/"},"modified":"2026-01-14T13:57:03","modified_gmt":"2026-01-14T12:57:03","slug":"%eb%b8%94%eb%9e%99-%ec%bb%a4%eb%af%bc-%ec%94%a8-%ec%98%a4%ec%9d%bc","status":"publish","type":"product","link":"https:\/\/naturalpoland.com\/ko\/je-pum\/sig-pum-won-ryo\/sig-yong-yu\/%eb%b8%94%eb%9e%99-%ec%bb%a4%eb%af%bc-%ec%94%a8-%ec%98%a4%ec%9d%bc\/","title":{"rendered":"\ube14\ub799 \ucee4\ubbfc \uc528 \uc624\uc77c"},"content":{"rendered":"<h2>\uc0dd\uc0b0 \ud504\ub85c\uc138\uc2a4<\/h2>\n<p>\uc774 <strong>\ub0c9\uc555\ucc29 \ube44\uc815\uc81c<\/strong> \uc624\uc77c\uc740 \ubaa8\ub4e0 \uadc0\uc911\ud55c \uc601\uc591\uc18c\ub97c \uadf8\ub300\ub85c \ubcf4\uc874\ud558\uc5ec \ub2e4\uc591\ud55c \uc6a9\ub3c4\ub85c \ub9e4\uc6b0 \uac00\uce58 \uc788\uc2b5\ub2c8\ub2e4. \ub0c9\uc555\ucc29 \ubc29\uc2dd\uc740 \ubaa8\ub4e0 \uc601\uc591\uc18c\ub97c \uc9c0\ud0a4\uace0 \uc624\uc77c\uc774 \ube44\uc815\uc81c \uc0c1\ud0dc\ub85c \ud654\ud559 \ucca8\uac00\ubb3c \uc5c6\uc774 \uc720\uc9c0\ub418\ub3c4\ub85d \ud569\ub2c8\ub2e4. <\/p>\n<h2>\uc601\uc591 \uc131\ubd84<\/h2>\n<p>\ube14\ub799\ud050\ubbfc \uc624\uc77c\uc740 \uc2ec\ud608\uad00 \uac74\uac15\uc5d0 \uc720\uc775\ud55c \uac83\uc73c\ub85c \uc54c\ub824\uc9c4 <strong>\uc624\uba54\uac00-3<\/strong>, <strong>\uc624\uba54\uac00-6<\/strong> \uc9c0\ubc29\uc0b0 \ubc0f <strong>\ub9ac\ub180\ub808\uc0b0<\/strong>\uc744 \uace0\ub18d\ub3c4\ub85c \ud568\uc720\ud558\uace0 \uc788\uc2b5\ub2c8\ub2e4. \ub610\ud55c, \ud788\uc2a4\ud0c0\ubbfc \ubd84\ube44\ub97c \ucc28\ub2e8\ud558\uc5ec \uc54c\ub808\ub974\uae30 \uce58\ub8cc\uc5d0 \ud6a8\uacfc\uc801\uc778 \uc0dd\uccb4 \ud65c\uc131 \ud654\ud569\ubb3c\uc778 <strong>\ud2f0\ubaa8\ud034\ub17c<\/strong>\uacfc <strong>\ub2c8\uac94\ub860<\/strong>\uc744 \ud3ec\ud568\ud569\ub2c8\ub2e4. <\/p>\n<h2>\ube14\ub799\ud050\ubbfc \uc624\uc77c\uc758 \uac74\uac15 \ud6a8\ub2a5<\/h2>\n<p>\ud608\uc911 \ucf5c\ub808\uc2a4\ud14c\ub864\uacfc \ud608\ub2f9 \uc870\uc808\uc744 \uc6d0\ud558\ub294 \ubd84\ub4e4\uaed8 \ud2b9\ud788 \uad8c\uc7a5\ub429\ub2c8\ub2e4. \ube14\ub799\ud050\ubbfc \uc624\uc77c\uc740 \ud0c4\uc218\ud654\ubb3c \ub300\uc0ac\ub97c \uc870\uc808\ud558\uace0 \uc2dd\ud6c4 \ud608\ub2f9\uc744 \ub0ae\ucdb0 \uc778\uc290\ub9b0 \uc800\ud56d\uc131 \ubc0f 2\ud615 \ub2f9\ub1e8\ubcd1 \uc608\ubc29\uc5d0 \uc720\uc6a9\ud569\ub2c8\ub2e4. \ud56d\ud788\uc2a4\ud0c0\ubbfc \uc791\uc6a9\uc73c\ub85c \uc54c\ub808\ub974\uae30 \uce58\ub8cc\uc5d0\ub3c4 \ub3c4\uc6c0\uc774 \ub429\ub2c8\ub2e4.  <\/p>\n<h2>\ud654\uc7a5\ud488 \uc6a9\ub3c4<\/h2>\n<p>\ud654\uc7a5\ud488 \uc5c5\uacc4\uc5d0\uc11c \ube14\ub799\ud050\ubbfc \uc624\uc77c\uc740 \ubcf4\uc2b5, \uc7ac\uc0dd \ubc0f \ud56d\uc5fc\uc99d \ud2b9\uc131\uc73c\ub85c \ub192\uc774 \ud3c9\uac00\ub429\ub2c8\ub2e4. \uac74\uc131, \ubbfc\uac10\uc131 \ubc0f \ubb38\uc81c\uc131 \ud53c\ubd80 \uad00\ub9ac\uc5d0 \uc774\uc0c1\uc801\uc785\ub2c8\ub2e4. \uafb8\uc900\ud788 \uc0ac\uc6a9\ud558\uba74 \ud53c\ubd80 \uc5fc\uc99d \uc644\ud654\uc640 \uc790\uc5f0\uc801\uc778 \uc7ac\uc0dd \uacfc\uc815 \ucd09\uc9c4\uc5d0 \ub3c4\uc6c0\uc774 \ub420 \uc218 \uc788\uc2b5\ub2c8\ub2e4.  <\/p>\n<h2>\uba74\uc5ed\ub825 \uc9c0\uc6d0<\/h2>\n<p>\ube14\ub799\ud050\ubbfc \uc528\uc557 \uc624\uc77c\uc740 \ud56d\ubc14\uc774\ub7ec\uc2a4 \ubc0f \ud56d\uade0 \ud2b9\uc131\uc73c\ub85c \uba74\uc5ed \uccb4\uacc4\ub97c \uc9c0\uc6d0\ud569\ub2c8\ub2e4. \ub2e4\uc591\ud55c \uc885\ub958\uc758 \ubcd1\uc6d0\uade0\uc73c\ub85c\ubd80\ud130 \uc2e0\uccb4\ub97c \ubcf4\ud638\ud558\ub294 \ub370 \ub3c4\uc6c0\uc744 \uc90d\ub2c8\ub2e4. <\/p>\n<h2>\ubcf4\uad00 \ubc0f \ud3ec\uc7a5<\/h2>\n<p>\ube14\ub799\ud050\ubbfc \uc624\uc77c\uc740 20\u00b0C \uc774\ud558\uc758 \uc5b4\ub461\uace0 \ud587\ube5b\uc774 \ub4e4\uc9c0 \uc54a\ub294 \uacf3\uc5d0 \ubcf4\uad00\ud574\uc57c \ud569\ub2c8\ub2e4. \uac1c\ubd09 \ud6c4\uc5d0\ub294 \ub0c9\uc7a5 \ubcf4\uad00\ud558\uc2ed\uc2dc\uc624. \uc81c\ud488\uc740 \uc778\uc99d\ub41c \ud50c\ub77c\uc2a4\ud2f1 \ubc84\ud0b7 (20 l) \ubc0f \uc5b4\ub450\uc6b4 \uc720\ub9ac\ubcd1 (250 ml, 500 ml, 1000 ml)\uc5d0 \ud3ec\uc7a5\ub429\ub2c8\ub2e4. \ud3ec\uc7a5\uc740 \uaddc\uc815 (EC) No 1935\/2004\ub97c \uc900\uc218\ud569\ub2c8\ub2e4.   <\/p>\n<h3><\/h3>\n<h2>\uc601\uc591 \uc131\ubd84 (100 g\ub2f9)<\/h2>\n<ul>\n<li><strong>\uc5d0\ub108\uc9c0:<\/strong> 3620 kJ \/ 864 kcal<\/li>\n<li><strong>\uc9c0\ubc29:<\/strong> 96.2 g\n<ul>\n<li><strong>\ud3ec\ud654 \uc9c0\ubc29\uc0b0:<\/strong> 14.6 g<\/li>\n<li><strong>\ub2e8\uc77c \ubd88\ud3ec\ud654 \uc9c0\ubc29\uc0b0:<\/strong> 23.8 g<\/li>\n<li><strong>\ub2e4\uc911 \ubd88\ud3ec\ud654 \uc9c0\ubc29\uc0b0:<\/strong> 53.3 g (\uc624\uba54\uac00-6 \ud3ec\ud568: 52.8 g)<\/li>\n<\/ul>\n<\/li>\n<li><strong>\ud0c4\uc218\ud654\ubb3c:<\/strong> 2.6 g (\ub2f9\ub958 \ud3ec\ud568: 0 g)<\/li>\n<li><strong>\ub2e8\ubc31\uc9c8:<\/strong> 0.7 g<\/li>\n<li><strong>\uc5fc\ubd84:<\/strong> 0 g<\/li>\n<\/ul>\n","protected":false},"excerpt":{"rendered":"<p>\ube14\ub799\ud050\ubbfc \uc528\uc557 \uc624\uc77c\uc758 \ub3c4\ub9e4 \uc720\ud1b5\uc5c5\uccb4\ub85c\uc11c, \uc2dd\ud488, \uc81c\uc57d, \ud654\uc7a5\ud488 \ub4f1 \ub2e4\uc591\ud55c \uc0b0\uc5c5 \ubd84\uc57c\uc5d0\uc11c \ud65c\uc6a9\ub418\ub294 \ucd5c\uace0 \ud488\uc9c8\uc758 \uc81c\ud488\uc744 \uc81c\uacf5\ud569\ub2c8\ub2e4.<\/p>\n","protected":false},"featured_media":44942,"template":"","meta":{"_acf_changed":false},"product_brand":[],"product_cat":[8135,8174,8154],"product_tag":[],"class_list":{"0":"post-44938","1":"product","2":"type-product","3":"status-publish","4":"has-post-thumbnail","6":"product_cat-sig-yong-mit-hwa-jang-pum-yong-o-il","7":"product_cat-sig-yong-yu","8":"product_cat-hwa-jang-pum-o-il","9":"pa_czesc-rosliny-8177","10":"pa_metoda-pozyskiwania-8179","12":"first","13":"instock","14":"shipping-taxable","15":"product-type-simple"},"acf":[],"yoast_head":"<!-- This site is optimized with the Yoast SEO plugin v27.4 - https:\/\/yoast.com\/product\/yoast-seo-wordpress\/ -->\n<title>NATURAL POLAND &#8211; Hurtowy Dystrybutor Surowc\u00f3w<\/title>\n<meta name=\"description\" content=\"\ube14\ub799\ud050\ubbfc \uc624\uc77c\uc740 \ube44\uc815\uc81c \uc0c1\ud0dc\ub85c, \ud48d\ubd80\ud55c \ucc9c\uc5f0 \ud2b9\uc131\uc744 \uadf8\ub300\ub85c \ubcf4\uc874\ud569\ub2c8\ub2e4. \ubd88\ud3ec\ud654 \uc9c0\ubc29\uc0b0 \ud568\ub7c9\uc774 \ub192\uc2b5\ub2c8\ub2e4.\" \/>\n<meta name=\"robots\" content=\"index, follow, max-snippet:-1, max-image-preview:large, max-video-preview:-1\" \/>\n<link rel=\"canonical\" href=\"https:\/\/naturalpoland.com\/ko\/je-pum\/sig-pum-won-ryo\/sig-yong-yu\/%eb%b8%94%eb%9e%99-%ec%bb%a4%eb%af%bc-%ec%94%a8-%ec%98%a4%ec%9d%bc\/\" \/>\n<meta property=\"og:locale\" content=\"ko_KR\" \/>\n<meta property=\"og:type\" content=\"article\" \/>\n<meta property=\"og:description\" content=\"\ube14\ub799\ud050\ubbfc \uc624\uc77c\uc740 \ube44\uc815\uc81c \uc0c1\ud0dc\ub85c, \ud48d\ubd80\ud55c \ucc9c\uc5f0 \ud2b9\uc131\uc744 \uadf8\ub300\ub85c \ubcf4\uc874\ud569\ub2c8\ub2e4. \ubd88\ud3ec\ud654 \uc9c0\ubc29\uc0b0 \ud568\ub7c9\uc774 \ub192\uc2b5\ub2c8\ub2e4.\" \/>\n<meta property=\"og:url\" content=\"https:\/\/naturalpoland.com\/ko\/je-pum\/sig-pum-won-ryo\/sig-yong-yu\/%eb%b8%94%eb%9e%99-%ec%bb%a4%eb%af%bc-%ec%94%a8-%ec%98%a4%ec%9d%bc\/\" \/>\n<meta property=\"og:site_name\" content=\"NATURAL POLAND - Hurtowy Dystrybutor Surowc\u00f3w\" \/>\n<meta property=\"article:publisher\" content=\"https:\/\/www.facebook.com\/naturalpoland.b2b\" \/>\n<meta property=\"article:modified_time\" content=\"2026-01-14T12:57:03+00:00\" \/>\n<meta property=\"og:image\" content=\"https:\/\/naturalpoland.com\/wp-content\/uploads\/kminek-1.jpg\" \/>\n\t<meta property=\"og:image:width\" content=\"650\" \/>\n\t<meta property=\"og:image:height\" content=\"650\" \/>\n\t<meta property=\"og:image:type\" content=\"image\/jpeg\" \/>\n<script type=\"application\/ld+json\" class=\"yoast-schema-graph\">{\"@context\":\"https:\\\/\\\/schema.org\",\"@graph\":[{\"@type\":\"WebPage\",\"@id\":\"https:\\\/\\\/naturalpoland.com\\\/ko\\\/je-pum\\\/sig-pum-won-ryo\\\/sig-yong-yu\\\/%eb%b8%94%eb%9e%99-%ec%bb%a4%eb%af%bc-%ec%94%a8-%ec%98%a4%ec%9d%bc\\\/\",\"url\":\"https:\\\/\\\/naturalpoland.com\\\/ko\\\/je-pum\\\/sig-pum-won-ryo\\\/sig-yong-yu\\\/%eb%b8%94%eb%9e%99-%ec%bb%a4%eb%af%bc-%ec%94%a8-%ec%98%a4%ec%9d%bc\\\/\",\"name\":\"\",\"isPartOf\":{\"@id\":\"https:\\\/\\\/naturalpoland.com\\\/ko\\\/#website\"},\"primaryImageOfPage\":{\"@id\":\"https:\\\/\\\/naturalpoland.com\\\/ko\\\/je-pum\\\/sig-pum-won-ryo\\\/sig-yong-yu\\\/%eb%b8%94%eb%9e%99-%ec%bb%a4%eb%af%bc-%ec%94%a8-%ec%98%a4%ec%9d%bc\\\/#primaryimage\"},\"image\":{\"@id\":\"https:\\\/\\\/naturalpoland.com\\\/ko\\\/je-pum\\\/sig-pum-won-ryo\\\/sig-yong-yu\\\/%eb%b8%94%eb%9e%99-%ec%bb%a4%eb%af%bc-%ec%94%a8-%ec%98%a4%ec%9d%bc\\\/#primaryimage\"},\"thumbnailUrl\":\"https:\\\/\\\/naturalpoland.com\\\/wp-content\\\/uploads\\\/kminek-1.jpg\",\"datePublished\":\"2021-05-11T11:50:09+00:00\",\"dateModified\":\"2026-01-14T12:57:03+00:00\",\"description\":\"\ube14\ub799\ud050\ubbfc \uc624\uc77c\uc740 \ube44\uc815\uc81c \uc0c1\ud0dc\ub85c, \ud48d\ubd80\ud55c \ucc9c\uc5f0 \ud2b9\uc131\uc744 \uadf8\ub300\ub85c \ubcf4\uc874\ud569\ub2c8\ub2e4. \ubd88\ud3ec\ud654 \uc9c0\ubc29\uc0b0 \ud568\ub7c9\uc774 \ub192\uc2b5\ub2c8\ub2e4.\",\"breadcrumb\":{\"@id\":\"https:\\\/\\\/naturalpoland.com\\\/ko\\\/je-pum\\\/sig-pum-won-ryo\\\/sig-yong-yu\\\/%eb%b8%94%eb%9e%99-%ec%bb%a4%eb%af%bc-%ec%94%a8-%ec%98%a4%ec%9d%bc\\\/#breadcrumb\"},\"inLanguage\":\"ko-KR\",\"potentialAction\":[{\"@type\":\"ReadAction\",\"target\":[\"https:\\\/\\\/naturalpoland.com\\\/ko\\\/je-pum\\\/sig-pum-won-ryo\\\/sig-yong-yu\\\/%eb%b8%94%eb%9e%99-%ec%bb%a4%eb%af%bc-%ec%94%a8-%ec%98%a4%ec%9d%bc\\\/\"]}]},{\"@type\":\"ImageObject\",\"inLanguage\":\"ko-KR\",\"@id\":\"https:\\\/\\\/naturalpoland.com\\\/ko\\\/je-pum\\\/sig-pum-won-ryo\\\/sig-yong-yu\\\/%eb%b8%94%eb%9e%99-%ec%bb%a4%eb%af%bc-%ec%94%a8-%ec%98%a4%ec%9d%bc\\\/#primaryimage\",\"url\":\"https:\\\/\\\/naturalpoland.com\\\/wp-content\\\/uploads\\\/kminek-1.jpg\",\"contentUrl\":\"https:\\\/\\\/naturalpoland.com\\\/wp-content\\\/uploads\\\/kminek-1.jpg\",\"width\":650,\"height\":650,\"caption\":\"\ube14\ub799\ud050\ubbfc \uc528\uc557 \uc624\uc77c (\ub2c8\uac94\ub77c \uc0ac\ud2f0\ubc14)\"},{\"@type\":\"BreadcrumbList\",\"@id\":\"https:\\\/\\\/naturalpoland.com\\\/ko\\\/je-pum\\\/sig-pum-won-ryo\\\/sig-yong-yu\\\/%eb%b8%94%eb%9e%99-%ec%bb%a4%eb%af%bc-%ec%94%a8-%ec%98%a4%ec%9d%bc\\\/#breadcrumb\",\"itemListElement\":[{\"@type\":\"ListItem\",\"position\":1,\"name\":\"\ud648\",\"item\":\"https:\\\/\\\/naturalpoland.com\\\/ko\\\/\"},{\"@type\":\"ListItem\",\"position\":2,\"name\":\"\uc81c\ud488\",\"item\":\"https:\\\/\\\/naturalpoland.com\\\/ko\\\/%ec%a0%9c%ed%92%88\\\/\"},{\"@type\":\"ListItem\",\"position\":3,\"name\":\"\ube14\ub799 \ucee4\ubbfc \uc528 \uc624\uc77c\"}]},{\"@type\":\"WebSite\",\"@id\":\"https:\\\/\\\/naturalpoland.com\\\/ko\\\/#website\",\"url\":\"https:\\\/\\\/naturalpoland.com\\\/ko\\\/\",\"name\":\"NATURAL POLAND - Hurtowy Dystrybutor Surowc\u00f3w\",\"description\":\"Surowce dla przemys\u0142u spo\u017cywczego, kosmetycznego i farmaceutycznego\",\"publisher\":{\"@id\":\"https:\\\/\\\/naturalpoland.com\\\/ko\\\/#organization\"},\"potentialAction\":[{\"@type\":\"SearchAction\",\"target\":{\"@type\":\"EntryPoint\",\"urlTemplate\":\"https:\\\/\\\/naturalpoland.com\\\/ko\\\/?s={search_term_string}\"},\"query-input\":{\"@type\":\"PropertyValueSpecification\",\"valueRequired\":true,\"valueName\":\"search_term_string\"}}],\"inLanguage\":\"ko-KR\"},{\"@type\":\"Organization\",\"@id\":\"https:\\\/\\\/naturalpoland.com\\\/ko\\\/#organization\",\"name\":\"Natural Poland\",\"url\":\"https:\\\/\\\/naturalpoland.com\\\/ko\\\/\",\"logo\":{\"@type\":\"ImageObject\",\"inLanguage\":\"ko-KR\",\"@id\":\"https:\\\/\\\/naturalpoland.com\\\/ko\\\/#\\\/schema\\\/logo\\\/image\\\/\",\"url\":\"https:\\\/\\\/naturalpoland.com\\\/wp-content\\\/uploads\\\/2021\\\/05\\\/natural-poland-icon.png\",\"contentUrl\":\"https:\\\/\\\/naturalpoland.com\\\/wp-content\\\/uploads\\\/2021\\\/05\\\/natural-poland-icon.png\",\"width\":512,\"height\":512,\"caption\":\"Natural Poland\"},\"image\":{\"@id\":\"https:\\\/\\\/naturalpoland.com\\\/ko\\\/#\\\/schema\\\/logo\\\/image\\\/\"},\"sameAs\":[\"https:\\\/\\\/www.facebook.com\\\/naturalpoland.b2b\",\"https:\\\/\\\/pl.linkedin.com\\\/company\\\/natural-poland\",\"https:\\\/\\\/www.youtube.com\\\/channel\\\/UCgeGGkvOMahZo-xu_MSEWxg\"]}]}<\/script>\n<!-- \/ Yoast SEO plugin. -->","yoast_head_json":{"title":"NATURAL POLAND &#8211; Hurtowy Dystrybutor Surowc\u00f3w","description":"\ube14\ub799\ud050\ubbfc \uc624\uc77c\uc740 \ube44\uc815\uc81c \uc0c1\ud0dc\ub85c, \ud48d\ubd80\ud55c \ucc9c\uc5f0 \ud2b9\uc131\uc744 \uadf8\ub300\ub85c \ubcf4\uc874\ud569\ub2c8\ub2e4. \ubd88\ud3ec\ud654 \uc9c0\ubc29\uc0b0 \ud568\ub7c9\uc774 \ub192\uc2b5\ub2c8\ub2e4.","robots":{"index":"index","follow":"follow","max-snippet":"max-snippet:-1","max-image-preview":"max-image-preview:large","max-video-preview":"max-video-preview:-1"},"canonical":"https:\/\/naturalpoland.com\/ko\/je-pum\/sig-pum-won-ryo\/sig-yong-yu\/%eb%b8%94%eb%9e%99-%ec%bb%a4%eb%af%bc-%ec%94%a8-%ec%98%a4%ec%9d%bc\/","og_locale":"ko_KR","og_type":"article","og_description":"\ube14\ub799\ud050\ubbfc \uc624\uc77c\uc740 \ube44\uc815\uc81c \uc0c1\ud0dc\ub85c, \ud48d\ubd80\ud55c \ucc9c\uc5f0 \ud2b9\uc131\uc744 \uadf8\ub300\ub85c \ubcf4\uc874\ud569\ub2c8\ub2e4. \ubd88\ud3ec\ud654 \uc9c0\ubc29\uc0b0 \ud568\ub7c9\uc774 \ub192\uc2b5\ub2c8\ub2e4.","og_url":"https:\/\/naturalpoland.com\/ko\/je-pum\/sig-pum-won-ryo\/sig-yong-yu\/%eb%b8%94%eb%9e%99-%ec%bb%a4%eb%af%bc-%ec%94%a8-%ec%98%a4%ec%9d%bc\/","og_site_name":"NATURAL POLAND - Hurtowy Dystrybutor Surowc\u00f3w","article_publisher":"https:\/\/www.facebook.com\/naturalpoland.b2b","article_modified_time":"2026-01-14T12:57:03+00:00","og_image":[{"width":650,"height":650,"url":"https:\/\/naturalpoland.com\/wp-content\/uploads\/kminek-1.jpg","type":"image\/jpeg"}],"schema":{"@context":"https:\/\/schema.org","@graph":[{"@type":"WebPage","@id":"https:\/\/naturalpoland.com\/ko\/je-pum\/sig-pum-won-ryo\/sig-yong-yu\/%eb%b8%94%eb%9e%99-%ec%bb%a4%eb%af%bc-%ec%94%a8-%ec%98%a4%ec%9d%bc\/","url":"https:\/\/naturalpoland.com\/ko\/je-pum\/sig-pum-won-ryo\/sig-yong-yu\/%eb%b8%94%eb%9e%99-%ec%bb%a4%eb%af%bc-%ec%94%a8-%ec%98%a4%ec%9d%bc\/","name":"","isPartOf":{"@id":"https:\/\/naturalpoland.com\/ko\/#website"},"primaryImageOfPage":{"@id":"https:\/\/naturalpoland.com\/ko\/je-pum\/sig-pum-won-ryo\/sig-yong-yu\/%eb%b8%94%eb%9e%99-%ec%bb%a4%eb%af%bc-%ec%94%a8-%ec%98%a4%ec%9d%bc\/#primaryimage"},"image":{"@id":"https:\/\/naturalpoland.com\/ko\/je-pum\/sig-pum-won-ryo\/sig-yong-yu\/%eb%b8%94%eb%9e%99-%ec%bb%a4%eb%af%bc-%ec%94%a8-%ec%98%a4%ec%9d%bc\/#primaryimage"},"thumbnailUrl":"https:\/\/naturalpoland.com\/wp-content\/uploads\/kminek-1.jpg","datePublished":"2021-05-11T11:50:09+00:00","dateModified":"2026-01-14T12:57:03+00:00","description":"\ube14\ub799\ud050\ubbfc \uc624\uc77c\uc740 \ube44\uc815\uc81c \uc0c1\ud0dc\ub85c, \ud48d\ubd80\ud55c \ucc9c\uc5f0 \ud2b9\uc131\uc744 \uadf8\ub300\ub85c \ubcf4\uc874\ud569\ub2c8\ub2e4. \ubd88\ud3ec\ud654 \uc9c0\ubc29\uc0b0 \ud568\ub7c9\uc774 \ub192\uc2b5\ub2c8\ub2e4.","breadcrumb":{"@id":"https:\/\/naturalpoland.com\/ko\/je-pum\/sig-pum-won-ryo\/sig-yong-yu\/%eb%b8%94%eb%9e%99-%ec%bb%a4%eb%af%bc-%ec%94%a8-%ec%98%a4%ec%9d%bc\/#breadcrumb"},"inLanguage":"ko-KR","potentialAction":[{"@type":"ReadAction","target":["https:\/\/naturalpoland.com\/ko\/je-pum\/sig-pum-won-ryo\/sig-yong-yu\/%eb%b8%94%eb%9e%99-%ec%bb%a4%eb%af%bc-%ec%94%a8-%ec%98%a4%ec%9d%bc\/"]}]},{"@type":"ImageObject","inLanguage":"ko-KR","@id":"https:\/\/naturalpoland.com\/ko\/je-pum\/sig-pum-won-ryo\/sig-yong-yu\/%eb%b8%94%eb%9e%99-%ec%bb%a4%eb%af%bc-%ec%94%a8-%ec%98%a4%ec%9d%bc\/#primaryimage","url":"https:\/\/naturalpoland.com\/wp-content\/uploads\/kminek-1.jpg","contentUrl":"https:\/\/naturalpoland.com\/wp-content\/uploads\/kminek-1.jpg","width":650,"height":650,"caption":"\ube14\ub799\ud050\ubbfc \uc528\uc557 \uc624\uc77c (\ub2c8\uac94\ub77c \uc0ac\ud2f0\ubc14)"},{"@type":"BreadcrumbList","@id":"https:\/\/naturalpoland.com\/ko\/je-pum\/sig-pum-won-ryo\/sig-yong-yu\/%eb%b8%94%eb%9e%99-%ec%bb%a4%eb%af%bc-%ec%94%a8-%ec%98%a4%ec%9d%bc\/#breadcrumb","itemListElement":[{"@type":"ListItem","position":1,"name":"\ud648","item":"https:\/\/naturalpoland.com\/ko\/"},{"@type":"ListItem","position":2,"name":"\uc81c\ud488","item":"https:\/\/naturalpoland.com\/ko\/%ec%a0%9c%ed%92%88\/"},{"@type":"ListItem","position":3,"name":"\ube14\ub799 \ucee4\ubbfc \uc528 \uc624\uc77c"}]},{"@type":"WebSite","@id":"https:\/\/naturalpoland.com\/ko\/#website","url":"https:\/\/naturalpoland.com\/ko\/","name":"NATURAL POLAND - Hurtowy Dystrybutor Surowc\u00f3w","description":"Surowce dla przemys\u0142u spo\u017cywczego, kosmetycznego i farmaceutycznego","publisher":{"@id":"https:\/\/naturalpoland.com\/ko\/#organization"},"potentialAction":[{"@type":"SearchAction","target":{"@type":"EntryPoint","urlTemplate":"https:\/\/naturalpoland.com\/ko\/?s={search_term_string}"},"query-input":{"@type":"PropertyValueSpecification","valueRequired":true,"valueName":"search_term_string"}}],"inLanguage":"ko-KR"},{"@type":"Organization","@id":"https:\/\/naturalpoland.com\/ko\/#organization","name":"Natural Poland","url":"https:\/\/naturalpoland.com\/ko\/","logo":{"@type":"ImageObject","inLanguage":"ko-KR","@id":"https:\/\/naturalpoland.com\/ko\/#\/schema\/logo\/image\/","url":"https:\/\/naturalpoland.com\/wp-content\/uploads\/2021\/05\/natural-poland-icon.png","contentUrl":"https:\/\/naturalpoland.com\/wp-content\/uploads\/2021\/05\/natural-poland-icon.png","width":512,"height":512,"caption":"Natural Poland"},"image":{"@id":"https:\/\/naturalpoland.com\/ko\/#\/schema\/logo\/image\/"},"sameAs":["https:\/\/www.facebook.com\/naturalpoland.b2b","https:\/\/pl.linkedin.com\/company\/natural-poland","https:\/\/www.youtube.com\/channel\/UCgeGGkvOMahZo-xu_MSEWxg"]}]}},"_links":{"self":[{"href":"https:\/\/naturalpoland.com\/ko\/wp-json\/wp\/v2\/product\/44938","targetHints":{"allow":["GET"]}}],"collection":[{"href":"https:\/\/naturalpoland.com\/ko\/wp-json\/wp\/v2\/product"}],"about":[{"href":"https:\/\/naturalpoland.com\/ko\/wp-json\/wp\/v2\/types\/product"}],"wp:featuredmedia":[{"embeddable":true,"href":"https:\/\/naturalpoland.com\/ko\/wp-json\/wp\/v2\/media\/44942"}],"wp:attachment":[{"href":"https:\/\/naturalpoland.com\/ko\/wp-json\/wp\/v2\/media?parent=44938"}],"wp:term":[{"taxonomy":"product_brand","embeddable":true,"href":"https:\/\/naturalpoland.com\/ko\/wp-json\/wp\/v2\/product_brand?post=44938"},{"taxonomy":"product_cat","embeddable":true,"href":"https:\/\/naturalpoland.com\/ko\/wp-json\/wp\/v2\/product_cat?post=44938"},{"taxonomy":"product_tag","embeddable":true,"href":"https:\/\/naturalpoland.com\/ko\/wp-json\/wp\/v2\/product_tag?post=44938"}],"curies":[{"name":"wp","href":"https:\/\/api.w.org\/{rel}","templated":true}]}}