{"id":44946,"date":"2021-05-11T13:50:10","date_gmt":"2021-05-11T11:50:10","guid":{"rendered":"https:\/\/naturalpoland.com\/produkty\/uncategorized\/%ed%98%b8%eb%b0%95%ec%94%a8-%ec%98%a4%ec%9d%bc\/"},"modified":"2026-01-14T13:57:39","modified_gmt":"2026-01-14T12:57:39","slug":"%ed%98%b8%eb%b0%95%ec%94%a8-%ec%98%a4%ec%9d%bc","status":"publish","type":"product","link":"https:\/\/naturalpoland.com\/ko\/je-pum\/sig-pum-won-ryo\/sig-yong-yu\/%ed%98%b8%eb%b0%95%ec%94%a8-%ec%98%a4%ec%9d%bc\/","title":{"rendered":"\ud638\ubc15\uc528 \uc624\uc77c"},"content":{"rendered":"<h2>\ud638\ubc15\uc528 \uc624\uc77c \uc131\ubd84<\/h2>\n<p>\ud638\ubc15\uc528 \uc624\uc77c\uc740 \uc804\uccb4 \uc131\ubd84\uc758 85% \uc774\uc0c1\uc744 \ucc28\uc9c0\ud558\ub294 \ub180\ub77c\uc6b4 \uc591\uc758 \ubd88\ud3ec\ud654 \uc9c0\ubc29\uc0b0\uc744 \ud568\uc720\ud558\uace0 \uc788\uc2b5\ub2c8\ub2e4. \uc8fc\uc694 \uc131\ubd84\uc740 \ub2e4\uc74c\uacfc \uac19\uc2b5\ub2c8\ub2e4: <\/p>\n<ul>\n<li><strong>\ub9ac\ub180\ub808\uc0b0 (C18:2)<\/strong>: 40\u201365% \u2013 \ud56d\uc5fc \uc791\uc6a9 \ubc0f \uc2ec\uc7a5 \uac74\uac15 \uc9c0\uc6d0.<\/li>\n<li><strong>\uc62c\ub808\uc0b0 (C18:1)<\/strong>: 18\u201341% \u2013 \ud53c\ubd80 \ud0c4\ub825 \uc99d\uc9c4 \ubc0f \uc21c\ud658\uacc4 \uc9c0\uc6d0.<\/li>\n<li><strong>\ud314\ubbf8\ud2b8\uc0b0 (C16:0)<\/strong>: 10\u201316% \u2013 \ud53c\ubd80 \uc7ac\uc0dd \uacfc\uc815 \uc9c0\uc6d0.<\/li>\n<li><strong>\uc2a4\ud14c\uc544\ub974\uc0b0 (C18:0)<\/strong>: 2\u20138% \u2013 \ud53c\ubd80 \ubcf4\ud638 \ubc0f \ubcf4\uc2b5 \uc791\uc6a9.<\/li>\n<\/ul>\n<p>\uc774 \uc624\uc77c\uc740 \ub610\ud55c \ud56d\uae30\uc0dd\ucda9 \uc791\uc6a9\uc73c\ub85c \uc54c\ub824\uc9c4 <strong>\ucfe0\ucfe0\ub974\ube44\ud0c0\uc2e0<\/strong>\uc744 \ud3ec\ud568\ud55c \ub2e4\uc591\ud55c \ud53c\ud1a0\uc2a4\ud14c\ub864\uacfc \ucc9c\uc5f0 \ube44\ud0c0\ubbfc \ubc0f \ubbf8\ub124\ub784\uc744 \ud568\uc720\ud558\uace0 \uc788\uc2b5\ub2c8\ub2e4.<\/p>\n<h2>\ud2b9\uc131 \ubc0f \uc791\uc6a9<\/h2>\n<p>\ud638\ubc15\uc528 \uc624\uc77c\uc740 \uad11\ubc94\uc704\ud55c \uac74\uac15 \uc99d\uc9c4 \ud6a8\ub2a5\uc744 \uac00\uc9c0\uace0 \uc788\uc2b5\ub2c8\ub2e4. \uc624\uc77c\uc5d0 \ud568\uc720\ub41c \ucfe0\ucfe0\ub974\ube44\ud0c0\uc2e0\uc740 \uc7a5\ub0b4 \uae30\uc0dd\ucda9\uc758 \uc2e0\uacbd\uacc4\ub97c \ub9c8\ube44\uc2dc\ucf1c \uccb4\ub0b4\uc5d0\uc11c \uc790\uc5f0\uc801\uc73c\ub85c \uc81c\uac70\ub418\ub3c4\ub85d \ub3d5\ub294 <strong>\ud56d\uae30\uc0dd\ucda9<\/strong> \uc791\uc6a9\uc744 \ud569\ub2c8\ub2e4. \ub610\ud55c, \uc624\uc77c \uc18d \ud53c\ud1a0\uc2a4\ud14c\ub864\uc740 <strong>\uc18c\ud654 \ubd88\ub7c9\uc744 \uc644\ud654<\/strong>\ud558\uace0 \uc704 \uc810\ub9c9\uc744 \ubcf4\ud638\ud558\uba70 \uac04 \uae30\ub2a5\uc744 \uc9c0\uc6d0\ud569\ub2c8\ub2e4. \uc774 \uc624\uc77c\uc740 \uacfc\ubbfc\uc131 \ubc29\uad11\uc758 \uacbd\uc6b0 <strong>\uc694\ub85c\uacc4\uc5d0\ub3c4 \ub3c4\uc6c0<\/strong>\uc774 \ub418\uba70 \uc804\ub9bd\uc120 \uac74\uac15\uc744 \uc9c0\uc6d0\ud569\ub2c8\ub2e4.   <\/p>\n<p>\ud654\uc7a5\ud488 \uc131\ubd84\uc73c\ub85c\uc11c \uc774 \uc624\uc77c\uc740 <strong>\uc8fc\ub984\uc744 \uc644\ud654<\/strong>\ud558\uace0 \uc0c9\uc18c \uce68\ucc29\uc744 \ubc1d\uac8c \ud558\uba70 \ud749\ud130\uc640 \uc0c1\ucc98 \uce58\uc720\ub97c \ucd09\uc9c4\ud569\ub2c8\ub2e4. \ub610\ud55c \uac74\uc870\ud558\uace0 \uc190\uc0c1\ub41c \ubaa8\ubc1c\uc5d0 \uc7ac\uc0dd \ud6a8\uacfc\ub97c \uc81c\uacf5\ud569\ub2c8\ub2e4. <\/p>\n","protected":false},"excerpt":{"rendered":"<p><strong>\ud638\ubc15\uc528 \uc624\uc77c<\/strong> (<em>Cucurbita Pepo L<\/em>.)\uc740 \uc815\uc81c\ub418\uace0 \uaecd\uc9c8\uc744 \ubc97\uae34 \ud638\ubc15\uc528\uc5d0\uc11c \ub0c9\uc555\ucc29 \ubc29\uc2dd\uc73c\ub85c \ucd94\ucd9c\ub429\ub2c8\ub2e4. \ud2b9\uc720\uc758 \uc57d\uac04 \uc4f4\ub9db\uc774 \ud2b9\uc9d5\uc785\ub2c8\ub2e4. <\/p>\n","protected":false},"featured_media":44948,"template":"","meta":[],"product_brand":[],"product_cat":[8135,8174,8154],"product_tag":[],"class_list":{"0":"post-44946","1":"product","2":"type-product","3":"status-publish","4":"has-post-thumbnail","6":"product_cat-sig-yong-mit-hwa-jang-pum-yong-o-il","7":"product_cat-sig-yong-yu","8":"product_cat-hwa-jang-pum-o-il","9":"pa_certyfikaty-cgmp","10":"pa_certyfikaty-fssc22000","11":"pa_certyfikaty-haccp","12":"pa_certyfikaty-iso22000","13":"pa_certyfikaty---eu-nop","14":"pa_certyfikaty-8218","15":"pa_certyfikaty-8219","16":"pa_czesc-rosliny-10155","18":"first","19":"instock","20":"shipping-taxable","21":"product-type-simple"},"yoast_head":"<!-- This site is optimized with the Yoast SEO plugin v27.4 - https:\/\/yoast.com\/product\/yoast-seo-wordpress\/ -->\n<title>\ud638\ubc15\uc528 \uc624\uc77c - \uc6d0\uc790\uc7ac \ub3c4\ub9e4 \uc720\ud1b5\uc5c5\uccb4 - NATURAL POLAND - Hurtowy Dystrybutor Surowc\u00f3w<\/title>\n<meta name=\"description\" content=\"\uc21c\uc218 \ud638\ubc15\uc528 \uc624\uc77c\uc744 \ub3c4\ub9e4\ub85c \uc8fc\ubb38\ud558\uc2ed\uc2dc\uc624. \ud638\ubc15\uc528 \uc624\uc77c\uc740 \uac74\uac15\uc5d0 \uad11\ubc94\uc704\ud55c \ud6a8\ub2a5\uc744 \uc81c\uacf5\ud569\ub2c8\ub2e4.\" \/>\n<meta name=\"robots\" content=\"index, follow, max-snippet:-1, max-image-preview:large, max-video-preview:-1\" \/>\n<link rel=\"canonical\" href=\"https:\/\/naturalpoland.com\/ko\/je-pum\/sig-pum-won-ryo\/sig-yong-yu\/%ed%98%b8%eb%b0%95%ec%94%a8-%ec%98%a4%ec%9d%bc\/\" \/>\n<meta property=\"og:locale\" content=\"ko_KR\" \/>\n<meta property=\"og:type\" content=\"article\" \/>\n<meta property=\"og:title\" content=\"\ud638\ubc15\uc528 \uc624\uc77c - \uc6d0\uc790\uc7ac \ub3c4\ub9e4 \uc720\ud1b5\uc5c5\uccb4 - NATURAL POLAND - Hurtowy Dystrybutor Surowc\u00f3w\" \/>\n<meta property=\"og:description\" content=\"\uc21c\uc218 \ud638\ubc15\uc528 \uc624\uc77c\uc744 \ub3c4\ub9e4\ub85c \uc8fc\ubb38\ud558\uc2ed\uc2dc\uc624. \ud638\ubc15\uc528 \uc624\uc77c\uc740 \uac74\uac15\uc5d0 \uad11\ubc94\uc704\ud55c \ud6a8\ub2a5\uc744 \uc81c\uacf5\ud569\ub2c8\ub2e4.\" \/>\n<meta property=\"og:url\" content=\"https:\/\/naturalpoland.com\/ko\/je-pum\/sig-pum-won-ryo\/sig-yong-yu\/%ed%98%b8%eb%b0%95%ec%94%a8-%ec%98%a4%ec%9d%bc\/\" \/>\n<meta property=\"og:site_name\" content=\"NATURAL POLAND - Hurtowy Dystrybutor Surowc\u00f3w\" \/>\n<meta property=\"article:publisher\" content=\"https:\/\/www.facebook.com\/naturalpoland.b2b\" \/>\n<meta property=\"article:modified_time\" content=\"2026-01-14T12:57:39+00:00\" \/>\n<meta property=\"og:image\" content=\"https:\/\/naturalpoland.com\/wp-content\/uploads\/olej-z-pestek-dyni.webp\" \/>\n\t<meta property=\"og:image:width\" content=\"614\" \/>\n\t<meta property=\"og:image:height\" content=\"614\" \/>\n\t<meta property=\"og:image:type\" content=\"image\/webp\" \/>\n<script type=\"application\/ld+json\" class=\"yoast-schema-graph\">{\"@context\":\"https:\\\/\\\/schema.org\",\"@graph\":[{\"@type\":\"WebPage\",\"@id\":\"https:\\\/\\\/naturalpoland.com\\\/ko\\\/je-pum\\\/sig-pum-won-ryo\\\/sig-yong-yu\\\/%ed%98%b8%eb%b0%95%ec%94%a8-%ec%98%a4%ec%9d%bc\\\/\",\"url\":\"https:\\\/\\\/naturalpoland.com\\\/ko\\\/je-pum\\\/sig-pum-won-ryo\\\/sig-yong-yu\\\/%ed%98%b8%eb%b0%95%ec%94%a8-%ec%98%a4%ec%9d%bc\\\/\",\"name\":\"\ud638\ubc15\uc528 \uc624\uc77c - \uc6d0\uc790\uc7ac \ub3c4\ub9e4 \uc720\ud1b5\uc5c5\uccb4 - NATURAL POLAND - Hurtowy Dystrybutor Surowc\u00f3w\",\"isPartOf\":{\"@id\":\"https:\\\/\\\/naturalpoland.com\\\/ko\\\/#website\"},\"primaryImageOfPage\":{\"@id\":\"https:\\\/\\\/naturalpoland.com\\\/ko\\\/je-pum\\\/sig-pum-won-ryo\\\/sig-yong-yu\\\/%ed%98%b8%eb%b0%95%ec%94%a8-%ec%98%a4%ec%9d%bc\\\/#primaryimage\"},\"image\":{\"@id\":\"https:\\\/\\\/naturalpoland.com\\\/ko\\\/je-pum\\\/sig-pum-won-ryo\\\/sig-yong-yu\\\/%ed%98%b8%eb%b0%95%ec%94%a8-%ec%98%a4%ec%9d%bc\\\/#primaryimage\"},\"thumbnailUrl\":\"https:\\\/\\\/naturalpoland.com\\\/wp-content\\\/uploads\\\/olej-z-pestek-dyni.webp\",\"datePublished\":\"2021-05-11T11:50:10+00:00\",\"dateModified\":\"2026-01-14T12:57:39+00:00\",\"description\":\"\uc21c\uc218 \ud638\ubc15\uc528 \uc624\uc77c\uc744 \ub3c4\ub9e4\ub85c \uc8fc\ubb38\ud558\uc2ed\uc2dc\uc624. \ud638\ubc15\uc528 \uc624\uc77c\uc740 \uac74\uac15\uc5d0 \uad11\ubc94\uc704\ud55c \ud6a8\ub2a5\uc744 \uc81c\uacf5\ud569\ub2c8\ub2e4.\",\"breadcrumb\":{\"@id\":\"https:\\\/\\\/naturalpoland.com\\\/ko\\\/je-pum\\\/sig-pum-won-ryo\\\/sig-yong-yu\\\/%ed%98%b8%eb%b0%95%ec%94%a8-%ec%98%a4%ec%9d%bc\\\/#breadcrumb\"},\"inLanguage\":\"ko-KR\",\"potentialAction\":[{\"@type\":\"ReadAction\",\"target\":[\"https:\\\/\\\/naturalpoland.com\\\/ko\\\/je-pum\\\/sig-pum-won-ryo\\\/sig-yong-yu\\\/%ed%98%b8%eb%b0%95%ec%94%a8-%ec%98%a4%ec%9d%bc\\\/\"]}]},{\"@type\":\"ImageObject\",\"inLanguage\":\"ko-KR\",\"@id\":\"https:\\\/\\\/naturalpoland.com\\\/ko\\\/je-pum\\\/sig-pum-won-ryo\\\/sig-yong-yu\\\/%ed%98%b8%eb%b0%95%ec%94%a8-%ec%98%a4%ec%9d%bc\\\/#primaryimage\",\"url\":\"https:\\\/\\\/naturalpoland.com\\\/wp-content\\\/uploads\\\/olej-z-pestek-dyni.webp\",\"contentUrl\":\"https:\\\/\\\/naturalpoland.com\\\/wp-content\\\/uploads\\\/olej-z-pestek-dyni.webp\",\"width\":614,\"height\":614,\"caption\":\"\ud638\ubc15\uc528 \uc624\uc77c\"},{\"@type\":\"BreadcrumbList\",\"@id\":\"https:\\\/\\\/naturalpoland.com\\\/ko\\\/je-pum\\\/sig-pum-won-ryo\\\/sig-yong-yu\\\/%ed%98%b8%eb%b0%95%ec%94%a8-%ec%98%a4%ec%9d%bc\\\/#breadcrumb\",\"itemListElement\":[{\"@type\":\"ListItem\",\"position\":1,\"name\":\"\ud648\",\"item\":\"https:\\\/\\\/naturalpoland.com\\\/ko\\\/\"},{\"@type\":\"ListItem\",\"position\":2,\"name\":\"\uc81c\ud488\",\"item\":\"https:\\\/\\\/naturalpoland.com\\\/ko\\\/%ec%a0%9c%ed%92%88\\\/\"},{\"@type\":\"ListItem\",\"position\":3,\"name\":\"\ud638\ubc15\uc528 \uc624\uc77c\"}]},{\"@type\":\"WebSite\",\"@id\":\"https:\\\/\\\/naturalpoland.com\\\/ko\\\/#website\",\"url\":\"https:\\\/\\\/naturalpoland.com\\\/ko\\\/\",\"name\":\"NATURAL POLAND - Hurtowy Dystrybutor Surowc\u00f3w\",\"description\":\"Surowce dla przemys\u0142u spo\u017cywczego, kosmetycznego i farmaceutycznego\",\"publisher\":{\"@id\":\"https:\\\/\\\/naturalpoland.com\\\/ko\\\/#organization\"},\"potentialAction\":[{\"@type\":\"SearchAction\",\"target\":{\"@type\":\"EntryPoint\",\"urlTemplate\":\"https:\\\/\\\/naturalpoland.com\\\/ko\\\/?s={search_term_string}\"},\"query-input\":{\"@type\":\"PropertyValueSpecification\",\"valueRequired\":true,\"valueName\":\"search_term_string\"}}],\"inLanguage\":\"ko-KR\"},{\"@type\":\"Organization\",\"@id\":\"https:\\\/\\\/naturalpoland.com\\\/ko\\\/#organization\",\"name\":\"Natural Poland\",\"url\":\"https:\\\/\\\/naturalpoland.com\\\/ko\\\/\",\"logo\":{\"@type\":\"ImageObject\",\"inLanguage\":\"ko-KR\",\"@id\":\"https:\\\/\\\/naturalpoland.com\\\/ko\\\/#\\\/schema\\\/logo\\\/image\\\/\",\"url\":\"https:\\\/\\\/naturalpoland.com\\\/wp-content\\\/uploads\\\/2021\\\/05\\\/natural-poland-icon.png\",\"contentUrl\":\"https:\\\/\\\/naturalpoland.com\\\/wp-content\\\/uploads\\\/2021\\\/05\\\/natural-poland-icon.png\",\"width\":512,\"height\":512,\"caption\":\"Natural Poland\"},\"image\":{\"@id\":\"https:\\\/\\\/naturalpoland.com\\\/ko\\\/#\\\/schema\\\/logo\\\/image\\\/\"},\"sameAs\":[\"https:\\\/\\\/www.facebook.com\\\/naturalpoland.b2b\",\"https:\\\/\\\/pl.linkedin.com\\\/company\\\/natural-poland\",\"https:\\\/\\\/www.youtube.com\\\/channel\\\/UCgeGGkvOMahZo-xu_MSEWxg\"]}]}<\/script>\n<!-- \/ Yoast SEO plugin. -->","yoast_head_json":{"title":"\ud638\ubc15\uc528 \uc624\uc77c - \uc6d0\uc790\uc7ac \ub3c4\ub9e4 \uc720\ud1b5\uc5c5\uccb4 - NATURAL POLAND - Hurtowy Dystrybutor Surowc\u00f3w","description":"\uc21c\uc218 \ud638\ubc15\uc528 \uc624\uc77c\uc744 \ub3c4\ub9e4\ub85c \uc8fc\ubb38\ud558\uc2ed\uc2dc\uc624. \ud638\ubc15\uc528 \uc624\uc77c\uc740 \uac74\uac15\uc5d0 \uad11\ubc94\uc704\ud55c \ud6a8\ub2a5\uc744 \uc81c\uacf5\ud569\ub2c8\ub2e4.","robots":{"index":"index","follow":"follow","max-snippet":"max-snippet:-1","max-image-preview":"max-image-preview:large","max-video-preview":"max-video-preview:-1"},"canonical":"https:\/\/naturalpoland.com\/ko\/je-pum\/sig-pum-won-ryo\/sig-yong-yu\/%ed%98%b8%eb%b0%95%ec%94%a8-%ec%98%a4%ec%9d%bc\/","og_locale":"ko_KR","og_type":"article","og_title":"\ud638\ubc15\uc528 \uc624\uc77c - \uc6d0\uc790\uc7ac \ub3c4\ub9e4 \uc720\ud1b5\uc5c5\uccb4 - NATURAL POLAND - Hurtowy Dystrybutor Surowc\u00f3w","og_description":"\uc21c\uc218 \ud638\ubc15\uc528 \uc624\uc77c\uc744 \ub3c4\ub9e4\ub85c \uc8fc\ubb38\ud558\uc2ed\uc2dc\uc624. \ud638\ubc15\uc528 \uc624\uc77c\uc740 \uac74\uac15\uc5d0 \uad11\ubc94\uc704\ud55c \ud6a8\ub2a5\uc744 \uc81c\uacf5\ud569\ub2c8\ub2e4.","og_url":"https:\/\/naturalpoland.com\/ko\/je-pum\/sig-pum-won-ryo\/sig-yong-yu\/%ed%98%b8%eb%b0%95%ec%94%a8-%ec%98%a4%ec%9d%bc\/","og_site_name":"NATURAL POLAND - Hurtowy Dystrybutor Surowc\u00f3w","article_publisher":"https:\/\/www.facebook.com\/naturalpoland.b2b","article_modified_time":"2026-01-14T12:57:39+00:00","og_image":[{"width":614,"height":614,"url":"https:\/\/naturalpoland.com\/wp-content\/uploads\/olej-z-pestek-dyni.webp","type":"image\/webp"}],"schema":{"@context":"https:\/\/schema.org","@graph":[{"@type":"WebPage","@id":"https:\/\/naturalpoland.com\/ko\/je-pum\/sig-pum-won-ryo\/sig-yong-yu\/%ed%98%b8%eb%b0%95%ec%94%a8-%ec%98%a4%ec%9d%bc\/","url":"https:\/\/naturalpoland.com\/ko\/je-pum\/sig-pum-won-ryo\/sig-yong-yu\/%ed%98%b8%eb%b0%95%ec%94%a8-%ec%98%a4%ec%9d%bc\/","name":"\ud638\ubc15\uc528 \uc624\uc77c - \uc6d0\uc790\uc7ac \ub3c4\ub9e4 \uc720\ud1b5\uc5c5\uccb4 - NATURAL POLAND - Hurtowy Dystrybutor Surowc\u00f3w","isPartOf":{"@id":"https:\/\/naturalpoland.com\/ko\/#website"},"primaryImageOfPage":{"@id":"https:\/\/naturalpoland.com\/ko\/je-pum\/sig-pum-won-ryo\/sig-yong-yu\/%ed%98%b8%eb%b0%95%ec%94%a8-%ec%98%a4%ec%9d%bc\/#primaryimage"},"image":{"@id":"https:\/\/naturalpoland.com\/ko\/je-pum\/sig-pum-won-ryo\/sig-yong-yu\/%ed%98%b8%eb%b0%95%ec%94%a8-%ec%98%a4%ec%9d%bc\/#primaryimage"},"thumbnailUrl":"https:\/\/naturalpoland.com\/wp-content\/uploads\/olej-z-pestek-dyni.webp","datePublished":"2021-05-11T11:50:10+00:00","dateModified":"2026-01-14T12:57:39+00:00","description":"\uc21c\uc218 \ud638\ubc15\uc528 \uc624\uc77c\uc744 \ub3c4\ub9e4\ub85c \uc8fc\ubb38\ud558\uc2ed\uc2dc\uc624. \ud638\ubc15\uc528 \uc624\uc77c\uc740 \uac74\uac15\uc5d0 \uad11\ubc94\uc704\ud55c \ud6a8\ub2a5\uc744 \uc81c\uacf5\ud569\ub2c8\ub2e4.","breadcrumb":{"@id":"https:\/\/naturalpoland.com\/ko\/je-pum\/sig-pum-won-ryo\/sig-yong-yu\/%ed%98%b8%eb%b0%95%ec%94%a8-%ec%98%a4%ec%9d%bc\/#breadcrumb"},"inLanguage":"ko-KR","potentialAction":[{"@type":"ReadAction","target":["https:\/\/naturalpoland.com\/ko\/je-pum\/sig-pum-won-ryo\/sig-yong-yu\/%ed%98%b8%eb%b0%95%ec%94%a8-%ec%98%a4%ec%9d%bc\/"]}]},{"@type":"ImageObject","inLanguage":"ko-KR","@id":"https:\/\/naturalpoland.com\/ko\/je-pum\/sig-pum-won-ryo\/sig-yong-yu\/%ed%98%b8%eb%b0%95%ec%94%a8-%ec%98%a4%ec%9d%bc\/#primaryimage","url":"https:\/\/naturalpoland.com\/wp-content\/uploads\/olej-z-pestek-dyni.webp","contentUrl":"https:\/\/naturalpoland.com\/wp-content\/uploads\/olej-z-pestek-dyni.webp","width":614,"height":614,"caption":"\ud638\ubc15\uc528 \uc624\uc77c"},{"@type":"BreadcrumbList","@id":"https:\/\/naturalpoland.com\/ko\/je-pum\/sig-pum-won-ryo\/sig-yong-yu\/%ed%98%b8%eb%b0%95%ec%94%a8-%ec%98%a4%ec%9d%bc\/#breadcrumb","itemListElement":[{"@type":"ListItem","position":1,"name":"\ud648","item":"https:\/\/naturalpoland.com\/ko\/"},{"@type":"ListItem","position":2,"name":"\uc81c\ud488","item":"https:\/\/naturalpoland.com\/ko\/%ec%a0%9c%ed%92%88\/"},{"@type":"ListItem","position":3,"name":"\ud638\ubc15\uc528 \uc624\uc77c"}]},{"@type":"WebSite","@id":"https:\/\/naturalpoland.com\/ko\/#website","url":"https:\/\/naturalpoland.com\/ko\/","name":"NATURAL POLAND - Hurtowy Dystrybutor Surowc\u00f3w","description":"Surowce dla przemys\u0142u spo\u017cywczego, kosmetycznego i farmaceutycznego","publisher":{"@id":"https:\/\/naturalpoland.com\/ko\/#organization"},"potentialAction":[{"@type":"SearchAction","target":{"@type":"EntryPoint","urlTemplate":"https:\/\/naturalpoland.com\/ko\/?s={search_term_string}"},"query-input":{"@type":"PropertyValueSpecification","valueRequired":true,"valueName":"search_term_string"}}],"inLanguage":"ko-KR"},{"@type":"Organization","@id":"https:\/\/naturalpoland.com\/ko\/#organization","name":"Natural Poland","url":"https:\/\/naturalpoland.com\/ko\/","logo":{"@type":"ImageObject","inLanguage":"ko-KR","@id":"https:\/\/naturalpoland.com\/ko\/#\/schema\/logo\/image\/","url":"https:\/\/naturalpoland.com\/wp-content\/uploads\/2021\/05\/natural-poland-icon.png","contentUrl":"https:\/\/naturalpoland.com\/wp-content\/uploads\/2021\/05\/natural-poland-icon.png","width":512,"height":512,"caption":"Natural Poland"},"image":{"@id":"https:\/\/naturalpoland.com\/ko\/#\/schema\/logo\/image\/"},"sameAs":["https:\/\/www.facebook.com\/naturalpoland.b2b","https:\/\/pl.linkedin.com\/company\/natural-poland","https:\/\/www.youtube.com\/channel\/UCgeGGkvOMahZo-xu_MSEWxg"]}]}},"_links":{"self":[{"href":"https:\/\/naturalpoland.com\/ko\/wp-json\/wp\/v2\/product\/44946","targetHints":{"allow":["GET"]}}],"collection":[{"href":"https:\/\/naturalpoland.com\/ko\/wp-json\/wp\/v2\/product"}],"about":[{"href":"https:\/\/naturalpoland.com\/ko\/wp-json\/wp\/v2\/types\/product"}],"wp:featuredmedia":[{"embeddable":true,"href":"https:\/\/naturalpoland.com\/ko\/wp-json\/wp\/v2\/media\/44948"}],"wp:attachment":[{"href":"https:\/\/naturalpoland.com\/ko\/wp-json\/wp\/v2\/media?parent=44946"}],"wp:term":[{"taxonomy":"product_brand","embeddable":true,"href":"https:\/\/naturalpoland.com\/ko\/wp-json\/wp\/v2\/product_brand?post=44946"},{"taxonomy":"product_cat","embeddable":true,"href":"https:\/\/naturalpoland.com\/ko\/wp-json\/wp\/v2\/product_cat?post=44946"},{"taxonomy":"product_tag","embeddable":true,"href":"https:\/\/naturalpoland.com\/ko\/wp-json\/wp\/v2\/product_tag?post=44946"}],"curies":[{"name":"wp","href":"https:\/\/api.w.org\/{rel}","templated":true}]}}