{"id":45048,"date":"2026-01-15T13:07:17","date_gmt":"2026-01-15T12:07:17","guid":{"rendered":"https:\/\/naturalpoland.com\/produkty\/uncategorized\/%ec%95%84%eb%a7%88%eb%9e%80%ec%8a%a4-%ec%94%a8%ec%95%97-%ec%b6%94%ec%b6%9c%eb%ac%bc\/"},"modified":"2026-01-15T13:23:01","modified_gmt":"2026-01-15T12:23:01","slug":"%ec%95%84%eb%a7%88%eb%9e%80%ec%8a%a4-%ec%94%a8%ec%95%97-%ec%b6%94%ec%b6%9c%eb%ac%bc","status":"publish","type":"product","link":"https:\/\/naturalpoland.com\/ko\/je-pum\/sig-mul-chu-chul-mul\/%ec%95%84%eb%a7%88%eb%9e%80%ec%8a%a4-%ec%94%a8%ec%95%97-%ec%b6%94%ec%b6%9c%eb%ac%bc\/","title":{"rendered":"\uc544\ub9c8\ub780\uc2a4 \uc528\uc557 \ucd94\ucd9c\ubb3c"},"content":{"rendered":"<h2>\ucd94\ucd9c\ubb3c \ud2b9\uc9d5<\/h2>\n<p>\ucd08\uc784\uacc4 \ucd94\ucd9c(SFE)\uc740 \uc628\ub3c4 \ubc0f \uc0b0\ud654\uc5d0 \ubbfc\uac10\ud55c \uc131\ubd84\uc744 \ubcf4\uc874\ud558\uace0 \uc6a9\ub9e4 \uc794\ub958\ubb3c\uc744 \ucd5c\uc18c\ud654\ud558\uba70 \uc9c0\uc9c8 \ubd84\ud68d\uc744 \uc5bb\ub294 \uacf5\uc815\uc785\ub2c8\ub2e4. \uc774 \uc6d0\ub8cc\ub294 \ud2b9\uc720\uc758 \uc624\uc77c \ud5a5\uc774 \ub098\uace0 \ubb3c\uc5d0 \ub179\uc9c0 \uc54a\uc73c\uba70, \uac10\uac01\uc801 \ud3b8\uc548\ud568, \ud53c\ubd80 \uc7a5\ubcbd \uac15\ud654 \ubc0f \ud56d\uc0b0\ud654 \ubcf4\ud638\ub97c \uc704\ud55c \uc81c\ud615\uc5d0 \uc801\ud569\ud569\ub2c8\ub2e4. <\/p>\n<p>\uc774 \uc624\uc77c\uc758 \ud575\uc2ec\uc740 <strong>\uc2a4\ucfe0\uc54c\ub80c \ud568\ub7c9<\/strong> (CAS 111-02-4) 6.03% (\uc0ac\uc591: &gt;6%)\uc785\ub2c8\ub2e4. \uc2a4\ucfe0\uc54c\ub80c\uc740 \ud53c\uc9c0 \ub4f1\uc5d0\uc11c \ubc1c\uacac\ub418\ub294 \uc790\uc5f0\uc801\uc774\uace0 \uc0dd\uccb4 \uce5c\ud654\uc801\uc778 \uc9c0\uc9c8 \uc131\ubd84\uc73c\ub85c, \ud53c\ubd80\ub97c \ubd80\ub4dc\ub7fd\uace0 \ud0c4\ub825 \uc788\uac8c \uac00\uafb8\uba70 \ubcf4\uc2b5\uac10\uc744 \uc120\uc0ac\ud558\uc5ec \ud654\uc7a5\ud488\uc5d0\uc11c \uc911\uc694\ud558\uac8c \uc5ec\uaca8\uc9d1\ub2c8\ub2e4. \uc544\ub9c8\ub780\uc2a4 \uc624\uc77c\uc758 \uc2a4\ucfe0\uc54c\ub80c\uc740 \uc9c0\ubc29\uc0b0 \ubc0f \ud1a0\ucf54\ud398\ub864\uacfc \ud568\uaed8 \uc791\uc6a9\ud569\ub2c8\ub2e4.   <\/p>\n<h2>\uc544\ub9c8\ub780\uc2a4 \uc528\uc557 \ucd94\ucd9c\ubb3c\uc758 \ud2b9\uc131 \ubc0f \ud6a8\ub2a5<\/h2>\n<p>\ucd94\ucd9c\ubb3c\uc758 \uc9c0\uc9c8 \ud504\ub85c\ud544\uc740 <strong>\ub9ac\ub180\ub808\uc0b0 (48.73%)<\/strong> \ubc0f <strong>\uc62c\ub808\uc0b0 (25.36%)<\/strong>\uacfc \uac19\uc740 \ubd88\ud3ec\ud654 \uc9c0\ubc29\uc0b0\uacfc <strong>\ud314\ubbf8\ud2b8\uc0b0 (19.62%)<\/strong> \ubc0f <strong>\uc2a4\ud14c\uc544\ub974\uc0b0 (3.45%)<\/strong>\uacfc \uac19\uc740 \ud3ec\ud654 \uc9c0\ubc29\uc0b0\uc774 \ud48d\ubd80\ud568\uc744 \ub098\ud0c0\ub0c5\ub2c8\ub2e4. \uc774\ub7ec\ud55c \uad6c\uc131\uc740 \ucf8c\uc801\ud558\uace0 &#8220;\uc601\uc591\uac10 \uc788\ub294&#8221; \uc624\uc77c\uc0c1\uc744 \ud615\uc131\ud569\ub2c8\ub2e4. \ub9ac\ub180\ub808\uc0b0\uc740 \uc9c0\uc9c8\uce35 \uac15\ud654 \ubc0f \ud53c\ubd80 \ud3b8\uc548\ud568 \uac1c\uc120\uc5d0, \uc62c\ub808\uc0b0\uc740 \ud0c4\ub825\uacfc \uc6b0\uc218\ud55c \ub3c4\ud3ec\uac10\uc744 \uc120\uc0ac\ud569\ub2c8\ub2e4. <\/p>\n<p>\ub610\ud55c \uc774 \uc6d0\ub8cc\ub294 <strong>\ub192\uc740 \ud1a0\ucf54\ud398\ub864 \ud568\ub7c9<\/strong>\uc744 \uc790\ub791\ud569\ub2c8\ub2e4: \u03b1-\ud1a0\ucf54\ud398\ub864 759 ppm, \u03b3-\ud1a0\ucf54\ud398\ub864 413 ppm (\uc694\uad6c\uc0ac\ud56d: \uac01\uac01 &gt;500 ppm, &gt;100 ppm). \ud1a0\ucf54\ud398\ub864\uc740 \uc81c\ud615\uc5d0\uc11c \ub450 \uac00\uc9c0 \uc5ed\ud560\uc744 \ud569\ub2c8\ub2e4. \uc9c0\uc9c8 \uc0b0\ud654\ub97c \ub9c9\ub294 \ucc9c\uc5f0 \ud56d\uc0b0\ud654\uc81c\uc774\uc790, &#8220;\ud56d\uc0b0\ud654 \ucf00\uc5b4&#8221; \uc81c\ud488\uc5d0 \uc798 \uc5b4\uc6b8\ub9ac\ub294 \uc2a4\ud0a8\ucf00\uc5b4 \uc131\ubd84\uc785\ub2c8\ub2e4. <\/p>\n<p>\uae30\uc220\uc801\uc73c\ub85c \uc544\ub9c8\ub780\uc2a4 \uc624\uc77c\uc740 <strong>\ud53c\ubd80\uc758 \ubd80\ub4dc\ub7ec\uc6c0\uacfc \ud0c4\ub825\uc744 \uac1c\uc120\ud558\uace0<\/strong>, &#8220;\uc9c0\uc9c8 \ubcf4\uc2b5&#8221; \ud6a8\uacfc\ub97c \ub192\uc774\uba70, \uac74\uc870\ud558\uac70\ub098 \uc77c\uc2dc\uc801\uc73c\ub85c \uc790\uadf9\ubc1b\uc740 \ud53c\ubd80\uc758 \ud3b8\uc548\ud568\uc744 \uc99d\uc9c4\ud558\ub294 \uc81c\ud615\uc5d0 \uc8fc\ub85c \uc0ac\uc6a9\ub429\ub2c8\ub2e4.<\/p>\n<h2>\uc544\ub9c8\ub780\uc2a4 \ucd94\ucd9c\ubb3c\uc758 \ud65c\uc6a9<\/h2>\n<p>\uc624\uc77c \ud615\ud0dc\uc774\uba70 \ubb3c\uc5d0 \ub179\uc9c0 \uc54a\ub294 \uc544\ub9c8\ub780\uc2a4 \ucd94\ucd9c\ubb3c\uc740 \ub2e4\uc591\ud55c \uc81c\ud488\uc758 \uc624\uc77c \uc0c1 \uc131\ubd84\uc73c\ub85c \ud65c\uc6a9\ub429\ub2c8\ub2e4. O\/W \ubc0f W\/O \ud06c\ub9bc, \uc5d0\uba40\uc83c, \ubc14\ub514 \ub85c\uc158, \uc2a4\ud0a8\ucf00\uc5b4 \uc624\uc77c, \uc624\uc77c \uc138\ub7fc, \uadf8\ub9ac\uace0 \ud53c\ubd80 \ud3b8\uc548\ud568 \uac1c\uc120\uacfc \uac74\uc870\ud568 \uc644\ud654\uac00 \uc911\uc694\ud55c \ubcf4\ud638 \uc81c\ud615\uc5d0 \ucc9c\uc5f0 \ucca8\uac00\uc81c\ub85c \uc0ac\uc6a9\ub429\ub2c8\ub2e4. \uc2a4\ucfe0\uc54c\ub80c, \ubd88\ud3ec\ud654 \uc9c0\ubc29\uc0b0, \ud1a0\ucf54\ud398\ub864\uc744 \ud55c \ubc88\uc5d0 \uc81c\uacf5\ud558\uc5ec &#8220;\ud504\ub9ac\ubbf8\uc5c4 \uc9c0\uc9c8 \ucf00\uc5b4&#8221; \ud654\uc7a5\ud488\uc5d0 \uc774\uc0c1\uc801\uc785\ub2c8\ub2e4.  <\/p>\n<p>\uc5bc\uad74 \uc81c\ud615\uc5d0\uc11c\ub294 \ubd80\ub4dc\ub7ec\uc6c0\uacfc \ub9e4\ub044\ub7ec\uc6c0\uc744 \uc120\uc0ac\ud558\ub294 \uc624\uc77c \uc131\ubd84\uc73c\ub85c, \ubc14\ub514 \uc81c\ud488\uc5d0\uc11c\ub294 \uc601\uc591 \uacf5\uae09 \ubc0f \ud53c\ubd80 \ud0c4\ub825 \uac1c\uc120\uc5d0 \uae30\uc5ec\ud569\ub2c8\ub2e4. \uc9c0\ubc29\uc0b0 \ud504\ub85c\ud544 \ub355\ubd84\uc5d0 \uac74\uc870\ud558\uac70\ub098 \uc7ac\uc0dd\uc774 \ud544\uc694\ud55c \ud53c\ubd80\uc758 \ud45c\ud53c \uc9c0\uc9c8\uce35 \uac15\ud654\uc5d0\ub3c4 \ud6a8\uacfc\uc801\uc785\ub2c8\ub2e4. <\/p>\n<p>&nbsp;<\/p>\n<p>\uc774 \uc81c\ud488\uc740 \uce90\ub9ac\uc5b4 \uc5c6\uc774 0.5% \ucc9c\uc5f0 \ub85c\uc988\ub9c8\ub9ac \ud56d\uc0b0\ud654\uc81c (E392)\ub85c \uc548\uc815\ud654\ub429\ub2c8\ub2e4. \uc774\ub294 &#8220;\ud074\ub9b0 \ub77c\ubca8&#8221; \ubc0f \ucc9c\uc5f0 \ud56d\uc0b0\ud654 \uc2dc\uc2a4\ud15c \uae30\ubc18 \uc81c\ud615\uc744 \uc124\uacc4\ud558\ub294 \ubd84\ub4e4\uc5d0\uac8c \ud2b9\ud788 \uc911\uc694\ud569\ub2c8\ub2e4. <\/p>\n","protected":false},"excerpt":{"rendered":"<p><strong>\uc544\ub9c8\ub780\uc2a4 \uc528\uc557 \ucd94\ucd9c\ubb3c<\/strong> (Amaranthus caudatus)\uc740 \uac74\uc870 \uc528\uc557\uc5d0\uc11c \ucd08\uc784\uacc4 \ucd94\ucd9c(SFE) \ubc29\uc2dd\uc73c\ub85c \uc5bb\uc740 \ud669\uae08\ube5b \ub178\ub780\uc0c9 \uc2dd\ubb3c\uc131 \uc624\uc77c\uc785\ub2c8\ub2e4.<\/p>\n","protected":false},"featured_media":45049,"template":"","meta":{"_acf_changed":false},"product_brand":[],"product_cat":[8134],"product_tag":[],"class_list":{"0":"post-45048","1":"product","2":"type-product","3":"status-publish","4":"has-post-thumbnail","6":"product_cat-sig-mul-chu-chul-mul","7":"pa_czesc-rosliny-8177","9":"first","10":"instock","11":"shipping-taxable","12":"product-type-simple"},"acf":[],"yoast_head":"<!-- This site is optimized with the Yoast SEO plugin v27.4 - https:\/\/yoast.com\/product\/yoast-seo-wordpress\/ -->\n<title>\uc544\ub9c8\ub780\uc2a4 \uc528\uc557 \ucd94\ucd9c\ubb3c - Hurtowy Dystrybutor<\/title>\n<meta name=\"description\" content=\"\uc2a4\ucfe0\uc54c\ub80c\uacfc \ud1a0\ucf54\ud398\ub864\uc774 \ud48d\ubd80\ud55c \uc544\ub9c8\ub780\uc2a4 \uc624\uc77c. \ud53c\ubd80 \ud0c4\ub825\uacfc \ud3b8\uc548\ud568\uc744 \uc704\ud55c \ud669\uae08\ube5b \ub178\ub780\uc0c9 \ud654\uc7a5\ud488 \uc624\uc77c\uc785\ub2c8\ub2e4.\" \/>\n<meta name=\"robots\" content=\"index, follow, max-snippet:-1, max-image-preview:large, max-video-preview:-1\" \/>\n<link rel=\"canonical\" href=\"https:\/\/naturalpoland.com\/ko\/je-pum\/sig-mul-chu-chul-mul\/%ec%95%84%eb%a7%88%eb%9e%80%ec%8a%a4-%ec%94%a8%ec%95%97-%ec%b6%94%ec%b6%9c%eb%ac%bc\/\" \/>\n<meta property=\"og:locale\" content=\"ko_KR\" \/>\n<meta property=\"og:type\" content=\"article\" \/>\n<meta property=\"og:title\" content=\"\uc544\ub9c8\ub780\uc2a4 \uc528\uc557 \ucd94\ucd9c\ubb3c - Hurtowy Dystrybutor\" \/>\n<meta property=\"og:description\" content=\"\uc2a4\ucfe0\uc54c\ub80c\uacfc \ud1a0\ucf54\ud398\ub864\uc774 \ud48d\ubd80\ud55c \uc544\ub9c8\ub780\uc2a4 \uc624\uc77c. \ud53c\ubd80 \ud0c4\ub825\uacfc \ud3b8\uc548\ud568\uc744 \uc704\ud55c \ud669\uae08\ube5b \ub178\ub780\uc0c9 \ud654\uc7a5\ud488 \uc624\uc77c\uc785\ub2c8\ub2e4.\" \/>\n<meta property=\"og:url\" content=\"https:\/\/naturalpoland.com\/ko\/je-pum\/sig-mul-chu-chul-mul\/%ec%95%84%eb%a7%88%eb%9e%80%ec%8a%a4-%ec%94%a8%ec%95%97-%ec%b6%94%ec%b6%9c%eb%ac%bc\/\" \/>\n<meta property=\"og:site_name\" content=\"NATURAL POLAND - Hurtowy Dystrybutor Surowc\u00f3w\" \/>\n<meta property=\"article:publisher\" content=\"https:\/\/www.facebook.com\/naturalpoland.b2b\" \/>\n<meta property=\"article:modified_time\" content=\"2026-01-15T12:23:01+00:00\" \/>\n<meta property=\"og:image\" content=\"https:\/\/naturalpoland.com\/wp-content\/uploads\/ekstrakt-z-nasion-amarantu.webp\" \/>\n\t<meta property=\"og:image:width\" content=\"1024\" \/>\n\t<meta property=\"og:image:height\" content=\"1024\" \/>\n\t<meta property=\"og:image:type\" content=\"image\/webp\" \/>\n<script type=\"application\/ld+json\" class=\"yoast-schema-graph\">{\"@context\":\"https:\\\/\\\/schema.org\",\"@graph\":[{\"@type\":\"WebPage\",\"@id\":\"https:\\\/\\\/naturalpoland.com\\\/ko\\\/je-pum\\\/sig-mul-chu-chul-mul\\\/%ec%95%84%eb%a7%88%eb%9e%80%ec%8a%a4-%ec%94%a8%ec%95%97-%ec%b6%94%ec%b6%9c%eb%ac%bc\\\/\",\"url\":\"https:\\\/\\\/naturalpoland.com\\\/ko\\\/je-pum\\\/sig-mul-chu-chul-mul\\\/%ec%95%84%eb%a7%88%eb%9e%80%ec%8a%a4-%ec%94%a8%ec%95%97-%ec%b6%94%ec%b6%9c%eb%ac%bc\\\/\",\"name\":\"\uc544\ub9c8\ub780\uc2a4 \uc528\uc557 \ucd94\ucd9c\ubb3c - Hurtowy Dystrybutor\",\"isPartOf\":{\"@id\":\"https:\\\/\\\/naturalpoland.com\\\/ko\\\/#website\"},\"primaryImageOfPage\":{\"@id\":\"https:\\\/\\\/naturalpoland.com\\\/ko\\\/je-pum\\\/sig-mul-chu-chul-mul\\\/%ec%95%84%eb%a7%88%eb%9e%80%ec%8a%a4-%ec%94%a8%ec%95%97-%ec%b6%94%ec%b6%9c%eb%ac%bc\\\/#primaryimage\"},\"image\":{\"@id\":\"https:\\\/\\\/naturalpoland.com\\\/ko\\\/je-pum\\\/sig-mul-chu-chul-mul\\\/%ec%95%84%eb%a7%88%eb%9e%80%ec%8a%a4-%ec%94%a8%ec%95%97-%ec%b6%94%ec%b6%9c%eb%ac%bc\\\/#primaryimage\"},\"thumbnailUrl\":\"https:\\\/\\\/naturalpoland.com\\\/wp-content\\\/uploads\\\/ekstrakt-z-nasion-amarantu.webp\",\"datePublished\":\"2026-01-15T12:07:17+00:00\",\"dateModified\":\"2026-01-15T12:23:01+00:00\",\"description\":\"\uc2a4\ucfe0\uc54c\ub80c\uacfc \ud1a0\ucf54\ud398\ub864\uc774 \ud48d\ubd80\ud55c \uc544\ub9c8\ub780\uc2a4 \uc624\uc77c. \ud53c\ubd80 \ud0c4\ub825\uacfc \ud3b8\uc548\ud568\uc744 \uc704\ud55c \ud669\uae08\ube5b \ub178\ub780\uc0c9 \ud654\uc7a5\ud488 \uc624\uc77c\uc785\ub2c8\ub2e4.\",\"breadcrumb\":{\"@id\":\"https:\\\/\\\/naturalpoland.com\\\/ko\\\/je-pum\\\/sig-mul-chu-chul-mul\\\/%ec%95%84%eb%a7%88%eb%9e%80%ec%8a%a4-%ec%94%a8%ec%95%97-%ec%b6%94%ec%b6%9c%eb%ac%bc\\\/#breadcrumb\"},\"inLanguage\":\"ko-KR\",\"potentialAction\":[{\"@type\":\"ReadAction\",\"target\":[\"https:\\\/\\\/naturalpoland.com\\\/ko\\\/je-pum\\\/sig-mul-chu-chul-mul\\\/%ec%95%84%eb%a7%88%eb%9e%80%ec%8a%a4-%ec%94%a8%ec%95%97-%ec%b6%94%ec%b6%9c%eb%ac%bc\\\/\"]}]},{\"@type\":\"ImageObject\",\"inLanguage\":\"ko-KR\",\"@id\":\"https:\\\/\\\/naturalpoland.com\\\/ko\\\/je-pum\\\/sig-mul-chu-chul-mul\\\/%ec%95%84%eb%a7%88%eb%9e%80%ec%8a%a4-%ec%94%a8%ec%95%97-%ec%b6%94%ec%b6%9c%eb%ac%bc\\\/#primaryimage\",\"url\":\"https:\\\/\\\/naturalpoland.com\\\/wp-content\\\/uploads\\\/ekstrakt-z-nasion-amarantu.webp\",\"contentUrl\":\"https:\\\/\\\/naturalpoland.com\\\/wp-content\\\/uploads\\\/ekstrakt-z-nasion-amarantu.webp\",\"width\":1024,\"height\":1024,\"caption\":\"\uc544\ub9c8\ub780\uc2a4 \uc528\uc557 \ucd94\ucd9c\ubb3c\"},{\"@type\":\"BreadcrumbList\",\"@id\":\"https:\\\/\\\/naturalpoland.com\\\/ko\\\/je-pum\\\/sig-mul-chu-chul-mul\\\/%ec%95%84%eb%a7%88%eb%9e%80%ec%8a%a4-%ec%94%a8%ec%95%97-%ec%b6%94%ec%b6%9c%eb%ac%bc\\\/#breadcrumb\",\"itemListElement\":[{\"@type\":\"ListItem\",\"position\":1,\"name\":\"\ud648\",\"item\":\"https:\\\/\\\/naturalpoland.com\\\/ko\\\/\"},{\"@type\":\"ListItem\",\"position\":2,\"name\":\"\uc81c\ud488\",\"item\":\"https:\\\/\\\/naturalpoland.com\\\/ko\\\/%ec%a0%9c%ed%92%88\\\/\"},{\"@type\":\"ListItem\",\"position\":3,\"name\":\"\uc544\ub9c8\ub780\uc2a4 \uc528\uc557 \ucd94\ucd9c\ubb3c\"}]},{\"@type\":\"WebSite\",\"@id\":\"https:\\\/\\\/naturalpoland.com\\\/ko\\\/#website\",\"url\":\"https:\\\/\\\/naturalpoland.com\\\/ko\\\/\",\"name\":\"NATURAL POLAND - Hurtowy Dystrybutor Surowc\u00f3w\",\"description\":\"Surowce dla przemys\u0142u spo\u017cywczego, kosmetycznego i farmaceutycznego\",\"publisher\":{\"@id\":\"https:\\\/\\\/naturalpoland.com\\\/ko\\\/#organization\"},\"potentialAction\":[{\"@type\":\"SearchAction\",\"target\":{\"@type\":\"EntryPoint\",\"urlTemplate\":\"https:\\\/\\\/naturalpoland.com\\\/ko\\\/?s={search_term_string}\"},\"query-input\":{\"@type\":\"PropertyValueSpecification\",\"valueRequired\":true,\"valueName\":\"search_term_string\"}}],\"inLanguage\":\"ko-KR\"},{\"@type\":\"Organization\",\"@id\":\"https:\\\/\\\/naturalpoland.com\\\/ko\\\/#organization\",\"name\":\"Natural Poland\",\"url\":\"https:\\\/\\\/naturalpoland.com\\\/ko\\\/\",\"logo\":{\"@type\":\"ImageObject\",\"inLanguage\":\"ko-KR\",\"@id\":\"https:\\\/\\\/naturalpoland.com\\\/ko\\\/#\\\/schema\\\/logo\\\/image\\\/\",\"url\":\"https:\\\/\\\/naturalpoland.com\\\/wp-content\\\/uploads\\\/2021\\\/05\\\/natural-poland-icon.png\",\"contentUrl\":\"https:\\\/\\\/naturalpoland.com\\\/wp-content\\\/uploads\\\/2021\\\/05\\\/natural-poland-icon.png\",\"width\":512,\"height\":512,\"caption\":\"Natural Poland\"},\"image\":{\"@id\":\"https:\\\/\\\/naturalpoland.com\\\/ko\\\/#\\\/schema\\\/logo\\\/image\\\/\"},\"sameAs\":[\"https:\\\/\\\/www.facebook.com\\\/naturalpoland.b2b\",\"https:\\\/\\\/pl.linkedin.com\\\/company\\\/natural-poland\",\"https:\\\/\\\/www.youtube.com\\\/channel\\\/UCgeGGkvOMahZo-xu_MSEWxg\"]}]}<\/script>\n<!-- \/ Yoast SEO plugin. -->","yoast_head_json":{"title":"\uc544\ub9c8\ub780\uc2a4 \uc528\uc557 \ucd94\ucd9c\ubb3c - Hurtowy Dystrybutor","description":"\uc2a4\ucfe0\uc54c\ub80c\uacfc \ud1a0\ucf54\ud398\ub864\uc774 \ud48d\ubd80\ud55c \uc544\ub9c8\ub780\uc2a4 \uc624\uc77c. \ud53c\ubd80 \ud0c4\ub825\uacfc \ud3b8\uc548\ud568\uc744 \uc704\ud55c \ud669\uae08\ube5b \ub178\ub780\uc0c9 \ud654\uc7a5\ud488 \uc624\uc77c\uc785\ub2c8\ub2e4.","robots":{"index":"index","follow":"follow","max-snippet":"max-snippet:-1","max-image-preview":"max-image-preview:large","max-video-preview":"max-video-preview:-1"},"canonical":"https:\/\/naturalpoland.com\/ko\/je-pum\/sig-mul-chu-chul-mul\/%ec%95%84%eb%a7%88%eb%9e%80%ec%8a%a4-%ec%94%a8%ec%95%97-%ec%b6%94%ec%b6%9c%eb%ac%bc\/","og_locale":"ko_KR","og_type":"article","og_title":"\uc544\ub9c8\ub780\uc2a4 \uc528\uc557 \ucd94\ucd9c\ubb3c - Hurtowy Dystrybutor","og_description":"\uc2a4\ucfe0\uc54c\ub80c\uacfc \ud1a0\ucf54\ud398\ub864\uc774 \ud48d\ubd80\ud55c \uc544\ub9c8\ub780\uc2a4 \uc624\uc77c. \ud53c\ubd80 \ud0c4\ub825\uacfc \ud3b8\uc548\ud568\uc744 \uc704\ud55c \ud669\uae08\ube5b \ub178\ub780\uc0c9 \ud654\uc7a5\ud488 \uc624\uc77c\uc785\ub2c8\ub2e4.","og_url":"https:\/\/naturalpoland.com\/ko\/je-pum\/sig-mul-chu-chul-mul\/%ec%95%84%eb%a7%88%eb%9e%80%ec%8a%a4-%ec%94%a8%ec%95%97-%ec%b6%94%ec%b6%9c%eb%ac%bc\/","og_site_name":"NATURAL POLAND - Hurtowy Dystrybutor Surowc\u00f3w","article_publisher":"https:\/\/www.facebook.com\/naturalpoland.b2b","article_modified_time":"2026-01-15T12:23:01+00:00","og_image":[{"width":1024,"height":1024,"url":"https:\/\/naturalpoland.com\/wp-content\/uploads\/ekstrakt-z-nasion-amarantu.webp","type":"image\/webp"}],"schema":{"@context":"https:\/\/schema.org","@graph":[{"@type":"WebPage","@id":"https:\/\/naturalpoland.com\/ko\/je-pum\/sig-mul-chu-chul-mul\/%ec%95%84%eb%a7%88%eb%9e%80%ec%8a%a4-%ec%94%a8%ec%95%97-%ec%b6%94%ec%b6%9c%eb%ac%bc\/","url":"https:\/\/naturalpoland.com\/ko\/je-pum\/sig-mul-chu-chul-mul\/%ec%95%84%eb%a7%88%eb%9e%80%ec%8a%a4-%ec%94%a8%ec%95%97-%ec%b6%94%ec%b6%9c%eb%ac%bc\/","name":"\uc544\ub9c8\ub780\uc2a4 \uc528\uc557 \ucd94\ucd9c\ubb3c - Hurtowy Dystrybutor","isPartOf":{"@id":"https:\/\/naturalpoland.com\/ko\/#website"},"primaryImageOfPage":{"@id":"https:\/\/naturalpoland.com\/ko\/je-pum\/sig-mul-chu-chul-mul\/%ec%95%84%eb%a7%88%eb%9e%80%ec%8a%a4-%ec%94%a8%ec%95%97-%ec%b6%94%ec%b6%9c%eb%ac%bc\/#primaryimage"},"image":{"@id":"https:\/\/naturalpoland.com\/ko\/je-pum\/sig-mul-chu-chul-mul\/%ec%95%84%eb%a7%88%eb%9e%80%ec%8a%a4-%ec%94%a8%ec%95%97-%ec%b6%94%ec%b6%9c%eb%ac%bc\/#primaryimage"},"thumbnailUrl":"https:\/\/naturalpoland.com\/wp-content\/uploads\/ekstrakt-z-nasion-amarantu.webp","datePublished":"2026-01-15T12:07:17+00:00","dateModified":"2026-01-15T12:23:01+00:00","description":"\uc2a4\ucfe0\uc54c\ub80c\uacfc \ud1a0\ucf54\ud398\ub864\uc774 \ud48d\ubd80\ud55c \uc544\ub9c8\ub780\uc2a4 \uc624\uc77c. \ud53c\ubd80 \ud0c4\ub825\uacfc \ud3b8\uc548\ud568\uc744 \uc704\ud55c \ud669\uae08\ube5b \ub178\ub780\uc0c9 \ud654\uc7a5\ud488 \uc624\uc77c\uc785\ub2c8\ub2e4.","breadcrumb":{"@id":"https:\/\/naturalpoland.com\/ko\/je-pum\/sig-mul-chu-chul-mul\/%ec%95%84%eb%a7%88%eb%9e%80%ec%8a%a4-%ec%94%a8%ec%95%97-%ec%b6%94%ec%b6%9c%eb%ac%bc\/#breadcrumb"},"inLanguage":"ko-KR","potentialAction":[{"@type":"ReadAction","target":["https:\/\/naturalpoland.com\/ko\/je-pum\/sig-mul-chu-chul-mul\/%ec%95%84%eb%a7%88%eb%9e%80%ec%8a%a4-%ec%94%a8%ec%95%97-%ec%b6%94%ec%b6%9c%eb%ac%bc\/"]}]},{"@type":"ImageObject","inLanguage":"ko-KR","@id":"https:\/\/naturalpoland.com\/ko\/je-pum\/sig-mul-chu-chul-mul\/%ec%95%84%eb%a7%88%eb%9e%80%ec%8a%a4-%ec%94%a8%ec%95%97-%ec%b6%94%ec%b6%9c%eb%ac%bc\/#primaryimage","url":"https:\/\/naturalpoland.com\/wp-content\/uploads\/ekstrakt-z-nasion-amarantu.webp","contentUrl":"https:\/\/naturalpoland.com\/wp-content\/uploads\/ekstrakt-z-nasion-amarantu.webp","width":1024,"height":1024,"caption":"\uc544\ub9c8\ub780\uc2a4 \uc528\uc557 \ucd94\ucd9c\ubb3c"},{"@type":"BreadcrumbList","@id":"https:\/\/naturalpoland.com\/ko\/je-pum\/sig-mul-chu-chul-mul\/%ec%95%84%eb%a7%88%eb%9e%80%ec%8a%a4-%ec%94%a8%ec%95%97-%ec%b6%94%ec%b6%9c%eb%ac%bc\/#breadcrumb","itemListElement":[{"@type":"ListItem","position":1,"name":"\ud648","item":"https:\/\/naturalpoland.com\/ko\/"},{"@type":"ListItem","position":2,"name":"\uc81c\ud488","item":"https:\/\/naturalpoland.com\/ko\/%ec%a0%9c%ed%92%88\/"},{"@type":"ListItem","position":3,"name":"\uc544\ub9c8\ub780\uc2a4 \uc528\uc557 \ucd94\ucd9c\ubb3c"}]},{"@type":"WebSite","@id":"https:\/\/naturalpoland.com\/ko\/#website","url":"https:\/\/naturalpoland.com\/ko\/","name":"NATURAL POLAND - Hurtowy Dystrybutor Surowc\u00f3w","description":"Surowce dla przemys\u0142u spo\u017cywczego, kosmetycznego i farmaceutycznego","publisher":{"@id":"https:\/\/naturalpoland.com\/ko\/#organization"},"potentialAction":[{"@type":"SearchAction","target":{"@type":"EntryPoint","urlTemplate":"https:\/\/naturalpoland.com\/ko\/?s={search_term_string}"},"query-input":{"@type":"PropertyValueSpecification","valueRequired":true,"valueName":"search_term_string"}}],"inLanguage":"ko-KR"},{"@type":"Organization","@id":"https:\/\/naturalpoland.com\/ko\/#organization","name":"Natural Poland","url":"https:\/\/naturalpoland.com\/ko\/","logo":{"@type":"ImageObject","inLanguage":"ko-KR","@id":"https:\/\/naturalpoland.com\/ko\/#\/schema\/logo\/image\/","url":"https:\/\/naturalpoland.com\/wp-content\/uploads\/2021\/05\/natural-poland-icon.png","contentUrl":"https:\/\/naturalpoland.com\/wp-content\/uploads\/2021\/05\/natural-poland-icon.png","width":512,"height":512,"caption":"Natural Poland"},"image":{"@id":"https:\/\/naturalpoland.com\/ko\/#\/schema\/logo\/image\/"},"sameAs":["https:\/\/www.facebook.com\/naturalpoland.b2b","https:\/\/pl.linkedin.com\/company\/natural-poland","https:\/\/www.youtube.com\/channel\/UCgeGGkvOMahZo-xu_MSEWxg"]}]}},"_links":{"self":[{"href":"https:\/\/naturalpoland.com\/ko\/wp-json\/wp\/v2\/product\/45048","targetHints":{"allow":["GET"]}}],"collection":[{"href":"https:\/\/naturalpoland.com\/ko\/wp-json\/wp\/v2\/product"}],"about":[{"href":"https:\/\/naturalpoland.com\/ko\/wp-json\/wp\/v2\/types\/product"}],"wp:featuredmedia":[{"embeddable":true,"href":"https:\/\/naturalpoland.com\/ko\/wp-json\/wp\/v2\/media\/45049"}],"wp:attachment":[{"href":"https:\/\/naturalpoland.com\/ko\/wp-json\/wp\/v2\/media?parent=45048"}],"wp:term":[{"taxonomy":"product_brand","embeddable":true,"href":"https:\/\/naturalpoland.com\/ko\/wp-json\/wp\/v2\/product_brand?post=45048"},{"taxonomy":"product_cat","embeddable":true,"href":"https:\/\/naturalpoland.com\/ko\/wp-json\/wp\/v2\/product_cat?post=45048"},{"taxonomy":"product_tag","embeddable":true,"href":"https:\/\/naturalpoland.com\/ko\/wp-json\/wp\/v2\/product_tag?post=45048"}],"curies":[{"name":"wp","href":"https:\/\/api.w.org\/{rel}","templated":true}]}}