{"id":45136,"date":"2026-01-16T16:12:56","date_gmt":"2026-01-16T15:12:56","guid":{"rendered":"https:\/\/naturalpoland.com\/produkty\/uncategorized\/%eb%a8%b8%ec%9c%84-%ec%b6%94%ec%b6%9c%eb%ac%bc\/"},"modified":"2026-01-19T12:30:04","modified_gmt":"2026-01-19T11:30:04","slug":"%eb%a8%b8%ec%9c%84-%ec%b6%94%ec%b6%9c%eb%ac%bc","status":"publish","type":"product","link":"https:\/\/naturalpoland.com\/ko\/je-pum\/sig-mul-chu-chul-mul\/%eb%a8%b8%ec%9c%84-%ec%b6%94%ec%b6%9c%eb%ac%bc\/","title":{"rendered":"\uba38\uc704 \ucd94\ucd9c\ubb3c"},"content":{"rendered":"<h2>\uba38\uc704 \ucd94\ucd9c\ubb3c\uc758 \ud6a8\ub2a5:<\/h2>\n<p>\uba38\uc704 (\ubc84\ud130\ubc84) \ucd94\ucd9c\ubb3c\uc740 <strong>\ud398\ud0c0\uc2e0, \uc774\uc18c\ud398\ud0c0\uc2e0 \ubc0f \uadf8 \uc720\ub3c4\uccb4<\/strong>\ub85c \uc54c\ub824\uc9c4 \uc138\uc2a4\ud034\ud14c\ub974\ud39c \uc5d0\uc2a4\ud14c\ub974 \ub4f1 \ucc9c\uc5f0 \uc2dd\ubb3c\ud654\ud559 \uc131\ubd84\uc744 \ud568\uc720\ud558\uba70, \uc774\ub294 \uc6d0\ub8cc\uc758 \uc8fc\uc694 \uc0dd\uccb4 \ud65c\uc131 \uc131\ubd84\uc73c\ub85c\uc11c \uc0dd\ub9ac\uc801 \ud2b9\uc131\uc5d0 \uc601\ud5a5\uc744 \ubbf8\uce69\ub2c8\ub2e4: <\/p>\n<p><strong>\ud56d\uc5fc\uc99d \ud2b9\uc131<\/strong><\/p>\n<p>\uba38\uc704 \ucd94\ucd9c\ubb3c \uc131\ubd84\uc740 \uc5fc\uc99d \uacfc\uc815\uc744 \uc870\uc808\ud558\ub294 \uc7a0\uc7ac\uc801 \ud65c\uc131\uc744 \uac00\uc9c4 \ubb3c\uc9c8\ub85c \uc5f0\uad6c\uc5d0\uc11c \ubcf4\uace0\ub429\ub2c8\ub2e4. \ub958\ucf54\ud2b8\ub9ac\uc5d4, \ud504\ub85c\uc2a4\ud0c0\uae00\ub780\ub518 \ub4f1 \uc5fc\uc99d \ub9e4\uac1c\uccb4 \uc0dd\ud569\uc131\uc5d0 \uad00\uc5ec\ud558\ub294 \ud6a8\uc18c\uc5d0 \uc601\ud5a5\uc744 \ubbf8\uce58\ub294 \uac83\uc774 \uadf8 \uc608\uc785\ub2c8\ub2e4. \uc774\ub7ec\ud55c \uc791\uc6a9 \uae30\uc804\uc740 \uc0dd\ub9ac\uc801 \ubaa8\ub378\uc5d0\uc11c \uc6d0\ub8cc\uc758 \ud6a8\ub2a5\uc744 \uc124\uba85\ud558\ub294 \uac00\uc124 \uc911 \ud558\ub098\uc785\ub2c8\ub2e4.  <\/p>\n<p><strong>\uc9c4\uacbd \ubc0f \uc774\uc644 \ud65c\uc131<\/strong><\/p>\n<p>\uc2dc\ud5d8\uad00 \ub0b4 \uc5f0\uad6c\uc640 \uc804\ud1b5\uc801\uc778 \uae30\ub85d\uc5d0 \ub530\ub974\uba74, \uba38\uc704\uc758 \ubfcc\ub9ac\uc904\uae30\uc640 \uc78e \ucd94\ucd9c\ubb3c\uc740 \ud638\ud761\uae30 \ubc0f \uc18c\ud654\uae30\uacc4 \ud3c9\ud65c\uadfc\uc5d0 \ub300\ud574 \uc774\uc644 \ubc0f \uc9c4\uacbd \uc791\uc6a9\uc744 \ub098\ud0c0\ub0bc \uc218 \uc788\uc73c\uba70, \uc774\ub294 \ud398\ud0c0\uc2e0\uc758 \uc874\uc7ac\uc640 \uc138\ud3ec \uae30\ub2a5\uc5d0 \ub300\ud55c \uadf8\ub4e4\uc758 \uc601\ud5a5\uacfc \uad00\ub828\uc774 \uc788\uc2b5\ub2c8\ub2e4.<\/p>\n<p><strong>\uc54c\ub808\ub974\uae30 \uc99d\uc0c1 \uc644\ud654\uc758 \uc7a0\uc7ac\uc801 \ud6a8\uacfc<\/strong><\/p>\n<p>\uc77c\ubd80 \ud45c\uc900\ud654\ub41c \uba38\uc704 \uc78e \ucd94\ucd9c\ubb3c\uc740 \uc54c\ub808\ub974\uae30\uc131 \ube44\uc5fc (\uacc4\uc808\uc131 \uc54c\ub808\ub974\uae30) \uc99d\uc0c1 \uc644\ud654\uc5d0 \ub300\ud574 \uc784\uc0c1\uc801\uc73c\ub85c \ud3c9\uac00\ub418\uc5c8\uc73c\uba70, \ub300\uc870 \uc5f0\uad6c\uc5d0\uc11c \uc77c\ubd80 \uc99d\uc0c1 \uac10\uc18c\uc5d0 \uc788\uc5b4 \ud56d\ud788\uc2a4\ud0c0\ubbfc\uc81c\uc640 \uc720\uc0ac\ud55c \ud6a8\ub2a5\uc744 \ubcf4\uc600\uc2b5\ub2c8\ub2e4.<\/p>\n<h2>\uc801\uc6a9<\/h2>\n<p>\uacfc\ud559 \ubc0f \uc57d\ucd08 \ubb38\ud5cc\uc5d0\uc11c \uba38\uc704 \ucd94\ucd9c\ubb3c\uc740 \ub2e4\uc74c \ub9e5\ub77d\uc5d0\uc11c \uc0ac\uc6a9\ub418\uac70\ub098 \ubd84\uc11d\ub418\uc5c8\uc2b5\ub2c8\ub2e4:<\/p>\n<ol>\n<li><strong>\uc9c4\ud1b5 \ubc0f \uae34\uc7a5 \uc644\ud654 \uc81c\uc81c<\/strong> &#8211; \uba38\uc704 \ucd94\ucd9c\ubb3c\uc740 \ud3b8\ub450\ud1b5 \ubc1c\uc791 \ub610\ub294 \uae34\uc7a5\uc131 \ub450\ud1b5\uc758 \ube48\ub3c4 \uac10\uc18c\uc5d0 \ub300\ud574 \ubd84\uc11d\ub418\uc5c8\uc73c\uba70, \uc774\ub294 \uce7c\uc298 \ucc44\ub110 \ubc0f \uc5fc\uc99d \ub9e4\uac1c\uccb4\uc5d0 \ub300\ud55c \ud398\ud0c0\uc2e0\uc758 \ud65c\uc131\uacfc \uad00\ub828\uc774 \uc788\uc2b5\ub2c8\ub2e4.<\/li>\n<li><strong>\uc54c\ub808\ub974\uae30 \ubc18\uc751 \/ \uacc4\uc808\uc131 \uc54c\ub808\ub974\uae30 \uc9c0\uc6d0 \uc81c\ud488<\/strong> &#8211; \ud45c\uc900\ud654\ub41c \uc78e \ucd94\ucd9c\ubb3c\uc740 \ucf54\ub9c9\ud798\uc774\ub098 \uc7ac\ucc44\uae30\uc640 \uac19\uc740 \uc54c\ub808\ub974\uae30\uc131 \ube44\uc5fc \uc99d\uc0c1 \uc644\ud654\uc5d0 \ub300\ud574 \uc5f0\uad6c\ub418\uc5c8\uc73c\uba70, \ub9ce\uc740 \ud56d\ud788\uc2a4\ud0c0\ubbfc\uc81c\uc5d0\uc11c \ub098\ud0c0\ub098\ub294 \uc9c4\uc815 \uc791\uc6a9 \uc5c6\uc774 \ud6a8\uacfc\ub97c \ubcf4\uc600\uc2b5\ub2c8\ub2e4.<\/li>\n<li><strong>\ud638\ud761\uae30\uacc4 \ubc0f \uc790\uadf9 \uc644\ud654\uc5d0 \ucd08\uc810\uc744 \ub9de\ucd98 \uc81c\uc81c<\/strong> &#8211; \uc804\ud1b5 \uc57d\ucd08\ud559\uc5d0\uc11c\ub294 \ucc9c\uc2dd \ubc0f \ub9cc\uc131 \uae30\uce68\uacfc \uac19\uc740 \ud638\ud761\uae30 \uc9c8\ud658\uc5d0 \uba38\uc704\ub97c \uc0ac\uc6a9\ud558\ub294 \uac83\uc744 \uc124\uba85\ud569\ub2c8\ub2e4. \ud604\ub300 \uacfc\ud559 \uc790\ub8cc\ub294 \ud638\ud761\uae30\uacc4 \uad00\ub828 \ubaa8\ub378\uc5d0\uc11c \ucd94\ucd9c\ubb3c\uc758 \ud6a8\ub2a5\uc5d0 \ub300\ud55c \uc774 \uc2dd\ubb3c\uc5d0 \ub300\ud55c \uad00\uc2ec\uc744 \ud655\uc778\ud558\uc9c0\ub9cc, \uc784\uc0c1 \ub370\uc774\ud130\ub294 \uc81c\ud55c\uc801\uc785\ub2c8\ub2e4.<\/li>\n<li><strong>\uc18c\ud654\uae30 \uae30\ub2a5\uc758 \uc7a0\uc7ac\uc801 \uc9c0\uc6d0<\/strong> &#8211; \uc804\ud1b5\uc801\uc73c\ub85c \uc774 \uc6d0\ub8cc\ub294 \uc7a5 \uc6b4\ub3d9\uc131 \ubc0f \uc18c\ud654\uae30\uacc4 \uc870\uc808\uc5d0 \uc601\ud5a5\uc744 \ubbf8\uce58\ub294 \uac83\uc73c\ub85c \uc54c\ub824\uc838 \uc788\uc73c\uba70, \uc5ec\uae30\uc5d0\ub294 \uc774\uc644 \uc791\uc6a9 \ubc0f \ub2f4\uc999 \ubd84\ube44 \ucd09\uc9c4 \uc791\uc6a9\uc774 \ud3ec\ud568\ub429\ub2c8\ub2e4. \uc774\ub294 \uc18c\ud654\uae30\uacc4\ub97c \uc704\ud55c \uc2dd\ubb3c\uc131 \uc81c\uc81c \ub9e5\ub77d\uc5d0\uc11c \uace0\ub824\ub420 \uc218 \uc788\uc2b5\ub2c8\ub2e4 (\uc81c\ud488\uc758 \ucd5c\uc885 \ud615\ud0dc\uc5d0 \ub530\ub77c).<\/li>\n<\/ol>\n<p>&nbsp;<\/p>\n","protected":false},"excerpt":{"rendered":"<p><strong>\uba38\uc704 \ucd94\ucd9c\ubb3c<\/strong>\uc740 <em>Petasites hybridus<\/em> \ubfcc\ub9ac\uc5d0\uc11c \uc218\uc131 \ucd94\ucd9c\ubc95\uc73c\ub85c \uc5bb\uc5b4\uc9c0\ub294 \uc2dd\ubb3c\uc131 \uc6d0\ub8cc\uc774\uba70, \uc774\ud6c4 \uc548\uc815\uc801\uc778 \ubd84\ub9d0 \ud615\ud0dc\ub85c \uac74\uc870\ub429\ub2c8\ub2e4.<\/p>\n","protected":false},"featured_media":45137,"template":"","meta":{"_acf_changed":false},"product_brand":[],"product_cat":[8134],"product_tag":[],"class_list":{"0":"post-45136","1":"product","2":"type-product","3":"status-publish","4":"has-post-thumbnail","6":"product_cat-sig-mul-chu-chul-mul","7":"pa_czesc-rosliny-root-ko","9":"first","10":"instock","11":"shipping-taxable","12":"product-type-simple"},"acf":[],"yoast_head":"<!-- This site is optimized with the Yoast SEO plugin v27.4 - https:\/\/yoast.com\/product\/yoast-seo-wordpress\/ -->\n<title>\uba38\uc704 \ucd94\ucd9c\ubb3c - Hurtowy Dystrybutor<\/title>\n<meta name=\"description\" content=\"\uba38\uc704 (Petasites hybridus) \ucd94\ucd9c\ubb3c \u2013 \ud45c\uc900\ud654\ub41c \ubfcc\ub9ac \ubd84\ub9d0 \ucd94\ucd9c\ubb3c.\" \/>\n<meta name=\"robots\" content=\"index, follow, max-snippet:-1, max-image-preview:large, max-video-preview:-1\" \/>\n<link rel=\"canonical\" href=\"https:\/\/naturalpoland.com\/ko\/je-pum\/sig-mul-chu-chul-mul\/%eb%a8%b8%ec%9c%84-%ec%b6%94%ec%b6%9c%eb%ac%bc\/\" \/>\n<meta property=\"og:locale\" content=\"ko_KR\" \/>\n<meta property=\"og:type\" content=\"article\" \/>\n<meta property=\"og:title\" content=\"\uba38\uc704 \ucd94\ucd9c\ubb3c - Hurtowy Dystrybutor\" \/>\n<meta property=\"og:description\" content=\"\uba38\uc704 (Petasites hybridus) \ucd94\ucd9c\ubb3c \u2013 \ud45c\uc900\ud654\ub41c \ubfcc\ub9ac \ubd84\ub9d0 \ucd94\ucd9c\ubb3c.\" \/>\n<meta property=\"og:url\" content=\"https:\/\/naturalpoland.com\/ko\/je-pum\/sig-mul-chu-chul-mul\/%eb%a8%b8%ec%9c%84-%ec%b6%94%ec%b6%9c%eb%ac%bc\/\" \/>\n<meta property=\"og:site_name\" content=\"NATURAL POLAND - Hurtowy Dystrybutor Surowc\u00f3w\" \/>\n<meta property=\"article:publisher\" content=\"https:\/\/www.facebook.com\/naturalpoland.b2b\" \/>\n<meta property=\"article:modified_time\" content=\"2026-01-19T11:30:04+00:00\" \/>\n<meta property=\"og:image\" content=\"https:\/\/naturalpoland.com\/wp-content\/uploads\/ekstrakt-z-lepieznika.webp\" \/>\n\t<meta property=\"og:image:width\" content=\"1024\" \/>\n\t<meta property=\"og:image:height\" content=\"1024\" \/>\n\t<meta property=\"og:image:type\" content=\"image\/webp\" \/>\n<script type=\"application\/ld+json\" class=\"yoast-schema-graph\">{\"@context\":\"https:\\\/\\\/schema.org\",\"@graph\":[{\"@type\":\"WebPage\",\"@id\":\"https:\\\/\\\/naturalpoland.com\\\/ko\\\/je-pum\\\/sig-mul-chu-chul-mul\\\/%eb%a8%b8%ec%9c%84-%ec%b6%94%ec%b6%9c%eb%ac%bc\\\/\",\"url\":\"https:\\\/\\\/naturalpoland.com\\\/ko\\\/je-pum\\\/sig-mul-chu-chul-mul\\\/%eb%a8%b8%ec%9c%84-%ec%b6%94%ec%b6%9c%eb%ac%bc\\\/\",\"name\":\"\uba38\uc704 \ucd94\ucd9c\ubb3c - Hurtowy Dystrybutor\",\"isPartOf\":{\"@id\":\"https:\\\/\\\/naturalpoland.com\\\/ko\\\/#website\"},\"primaryImageOfPage\":{\"@id\":\"https:\\\/\\\/naturalpoland.com\\\/ko\\\/je-pum\\\/sig-mul-chu-chul-mul\\\/%eb%a8%b8%ec%9c%84-%ec%b6%94%ec%b6%9c%eb%ac%bc\\\/#primaryimage\"},\"image\":{\"@id\":\"https:\\\/\\\/naturalpoland.com\\\/ko\\\/je-pum\\\/sig-mul-chu-chul-mul\\\/%eb%a8%b8%ec%9c%84-%ec%b6%94%ec%b6%9c%eb%ac%bc\\\/#primaryimage\"},\"thumbnailUrl\":\"https:\\\/\\\/naturalpoland.com\\\/wp-content\\\/uploads\\\/ekstrakt-z-lepieznika.webp\",\"datePublished\":\"2026-01-16T15:12:56+00:00\",\"dateModified\":\"2026-01-19T11:30:04+00:00\",\"description\":\"\uba38\uc704 (Petasites hybridus) \ucd94\ucd9c\ubb3c \u2013 \ud45c\uc900\ud654\ub41c \ubfcc\ub9ac \ubd84\ub9d0 \ucd94\ucd9c\ubb3c.\",\"breadcrumb\":{\"@id\":\"https:\\\/\\\/naturalpoland.com\\\/ko\\\/je-pum\\\/sig-mul-chu-chul-mul\\\/%eb%a8%b8%ec%9c%84-%ec%b6%94%ec%b6%9c%eb%ac%bc\\\/#breadcrumb\"},\"inLanguage\":\"ko-KR\",\"potentialAction\":[{\"@type\":\"ReadAction\",\"target\":[\"https:\\\/\\\/naturalpoland.com\\\/ko\\\/je-pum\\\/sig-mul-chu-chul-mul\\\/%eb%a8%b8%ec%9c%84-%ec%b6%94%ec%b6%9c%eb%ac%bc\\\/\"]}]},{\"@type\":\"ImageObject\",\"inLanguage\":\"ko-KR\",\"@id\":\"https:\\\/\\\/naturalpoland.com\\\/ko\\\/je-pum\\\/sig-mul-chu-chul-mul\\\/%eb%a8%b8%ec%9c%84-%ec%b6%94%ec%b6%9c%eb%ac%bc\\\/#primaryimage\",\"url\":\"https:\\\/\\\/naturalpoland.com\\\/wp-content\\\/uploads\\\/ekstrakt-z-lepieznika.webp\",\"contentUrl\":\"https:\\\/\\\/naturalpoland.com\\\/wp-content\\\/uploads\\\/ekstrakt-z-lepieznika.webp\",\"width\":1024,\"height\":1024,\"caption\":\"\uba38\uc704 \ucd94\ucd9c\ubb3c\"},{\"@type\":\"BreadcrumbList\",\"@id\":\"https:\\\/\\\/naturalpoland.com\\\/ko\\\/je-pum\\\/sig-mul-chu-chul-mul\\\/%eb%a8%b8%ec%9c%84-%ec%b6%94%ec%b6%9c%eb%ac%bc\\\/#breadcrumb\",\"itemListElement\":[{\"@type\":\"ListItem\",\"position\":1,\"name\":\"\ud648\",\"item\":\"https:\\\/\\\/naturalpoland.com\\\/ko\\\/\"},{\"@type\":\"ListItem\",\"position\":2,\"name\":\"\uc81c\ud488\",\"item\":\"https:\\\/\\\/naturalpoland.com\\\/ko\\\/%ec%a0%9c%ed%92%88\\\/\"},{\"@type\":\"ListItem\",\"position\":3,\"name\":\"\uba38\uc704 \ucd94\ucd9c\ubb3c\"}]},{\"@type\":\"WebSite\",\"@id\":\"https:\\\/\\\/naturalpoland.com\\\/ko\\\/#website\",\"url\":\"https:\\\/\\\/naturalpoland.com\\\/ko\\\/\",\"name\":\"NATURAL POLAND - Hurtowy Dystrybutor Surowc\u00f3w\",\"description\":\"Surowce dla przemys\u0142u spo\u017cywczego, kosmetycznego i farmaceutycznego\",\"publisher\":{\"@id\":\"https:\\\/\\\/naturalpoland.com\\\/ko\\\/#organization\"},\"potentialAction\":[{\"@type\":\"SearchAction\",\"target\":{\"@type\":\"EntryPoint\",\"urlTemplate\":\"https:\\\/\\\/naturalpoland.com\\\/ko\\\/?s={search_term_string}\"},\"query-input\":{\"@type\":\"PropertyValueSpecification\",\"valueRequired\":true,\"valueName\":\"search_term_string\"}}],\"inLanguage\":\"ko-KR\"},{\"@type\":\"Organization\",\"@id\":\"https:\\\/\\\/naturalpoland.com\\\/ko\\\/#organization\",\"name\":\"Natural Poland\",\"url\":\"https:\\\/\\\/naturalpoland.com\\\/ko\\\/\",\"logo\":{\"@type\":\"ImageObject\",\"inLanguage\":\"ko-KR\",\"@id\":\"https:\\\/\\\/naturalpoland.com\\\/ko\\\/#\\\/schema\\\/logo\\\/image\\\/\",\"url\":\"https:\\\/\\\/naturalpoland.com\\\/wp-content\\\/uploads\\\/2021\\\/05\\\/natural-poland-icon.png\",\"contentUrl\":\"https:\\\/\\\/naturalpoland.com\\\/wp-content\\\/uploads\\\/2021\\\/05\\\/natural-poland-icon.png\",\"width\":512,\"height\":512,\"caption\":\"Natural Poland\"},\"image\":{\"@id\":\"https:\\\/\\\/naturalpoland.com\\\/ko\\\/#\\\/schema\\\/logo\\\/image\\\/\"},\"sameAs\":[\"https:\\\/\\\/www.facebook.com\\\/naturalpoland.b2b\",\"https:\\\/\\\/pl.linkedin.com\\\/company\\\/natural-poland\",\"https:\\\/\\\/www.youtube.com\\\/channel\\\/UCgeGGkvOMahZo-xu_MSEWxg\"]}]}<\/script>\n<!-- \/ Yoast SEO plugin. -->","yoast_head_json":{"title":"\uba38\uc704 \ucd94\ucd9c\ubb3c - Hurtowy Dystrybutor","description":"\uba38\uc704 (Petasites hybridus) \ucd94\ucd9c\ubb3c \u2013 \ud45c\uc900\ud654\ub41c \ubfcc\ub9ac \ubd84\ub9d0 \ucd94\ucd9c\ubb3c.","robots":{"index":"index","follow":"follow","max-snippet":"max-snippet:-1","max-image-preview":"max-image-preview:large","max-video-preview":"max-video-preview:-1"},"canonical":"https:\/\/naturalpoland.com\/ko\/je-pum\/sig-mul-chu-chul-mul\/%eb%a8%b8%ec%9c%84-%ec%b6%94%ec%b6%9c%eb%ac%bc\/","og_locale":"ko_KR","og_type":"article","og_title":"\uba38\uc704 \ucd94\ucd9c\ubb3c - Hurtowy Dystrybutor","og_description":"\uba38\uc704 (Petasites hybridus) \ucd94\ucd9c\ubb3c \u2013 \ud45c\uc900\ud654\ub41c \ubfcc\ub9ac \ubd84\ub9d0 \ucd94\ucd9c\ubb3c.","og_url":"https:\/\/naturalpoland.com\/ko\/je-pum\/sig-mul-chu-chul-mul\/%eb%a8%b8%ec%9c%84-%ec%b6%94%ec%b6%9c%eb%ac%bc\/","og_site_name":"NATURAL POLAND - Hurtowy Dystrybutor Surowc\u00f3w","article_publisher":"https:\/\/www.facebook.com\/naturalpoland.b2b","article_modified_time":"2026-01-19T11:30:04+00:00","og_image":[{"width":1024,"height":1024,"url":"https:\/\/naturalpoland.com\/wp-content\/uploads\/ekstrakt-z-lepieznika.webp","type":"image\/webp"}],"schema":{"@context":"https:\/\/schema.org","@graph":[{"@type":"WebPage","@id":"https:\/\/naturalpoland.com\/ko\/je-pum\/sig-mul-chu-chul-mul\/%eb%a8%b8%ec%9c%84-%ec%b6%94%ec%b6%9c%eb%ac%bc\/","url":"https:\/\/naturalpoland.com\/ko\/je-pum\/sig-mul-chu-chul-mul\/%eb%a8%b8%ec%9c%84-%ec%b6%94%ec%b6%9c%eb%ac%bc\/","name":"\uba38\uc704 \ucd94\ucd9c\ubb3c - Hurtowy Dystrybutor","isPartOf":{"@id":"https:\/\/naturalpoland.com\/ko\/#website"},"primaryImageOfPage":{"@id":"https:\/\/naturalpoland.com\/ko\/je-pum\/sig-mul-chu-chul-mul\/%eb%a8%b8%ec%9c%84-%ec%b6%94%ec%b6%9c%eb%ac%bc\/#primaryimage"},"image":{"@id":"https:\/\/naturalpoland.com\/ko\/je-pum\/sig-mul-chu-chul-mul\/%eb%a8%b8%ec%9c%84-%ec%b6%94%ec%b6%9c%eb%ac%bc\/#primaryimage"},"thumbnailUrl":"https:\/\/naturalpoland.com\/wp-content\/uploads\/ekstrakt-z-lepieznika.webp","datePublished":"2026-01-16T15:12:56+00:00","dateModified":"2026-01-19T11:30:04+00:00","description":"\uba38\uc704 (Petasites hybridus) \ucd94\ucd9c\ubb3c \u2013 \ud45c\uc900\ud654\ub41c \ubfcc\ub9ac \ubd84\ub9d0 \ucd94\ucd9c\ubb3c.","breadcrumb":{"@id":"https:\/\/naturalpoland.com\/ko\/je-pum\/sig-mul-chu-chul-mul\/%eb%a8%b8%ec%9c%84-%ec%b6%94%ec%b6%9c%eb%ac%bc\/#breadcrumb"},"inLanguage":"ko-KR","potentialAction":[{"@type":"ReadAction","target":["https:\/\/naturalpoland.com\/ko\/je-pum\/sig-mul-chu-chul-mul\/%eb%a8%b8%ec%9c%84-%ec%b6%94%ec%b6%9c%eb%ac%bc\/"]}]},{"@type":"ImageObject","inLanguage":"ko-KR","@id":"https:\/\/naturalpoland.com\/ko\/je-pum\/sig-mul-chu-chul-mul\/%eb%a8%b8%ec%9c%84-%ec%b6%94%ec%b6%9c%eb%ac%bc\/#primaryimage","url":"https:\/\/naturalpoland.com\/wp-content\/uploads\/ekstrakt-z-lepieznika.webp","contentUrl":"https:\/\/naturalpoland.com\/wp-content\/uploads\/ekstrakt-z-lepieznika.webp","width":1024,"height":1024,"caption":"\uba38\uc704 \ucd94\ucd9c\ubb3c"},{"@type":"BreadcrumbList","@id":"https:\/\/naturalpoland.com\/ko\/je-pum\/sig-mul-chu-chul-mul\/%eb%a8%b8%ec%9c%84-%ec%b6%94%ec%b6%9c%eb%ac%bc\/#breadcrumb","itemListElement":[{"@type":"ListItem","position":1,"name":"\ud648","item":"https:\/\/naturalpoland.com\/ko\/"},{"@type":"ListItem","position":2,"name":"\uc81c\ud488","item":"https:\/\/naturalpoland.com\/ko\/%ec%a0%9c%ed%92%88\/"},{"@type":"ListItem","position":3,"name":"\uba38\uc704 \ucd94\ucd9c\ubb3c"}]},{"@type":"WebSite","@id":"https:\/\/naturalpoland.com\/ko\/#website","url":"https:\/\/naturalpoland.com\/ko\/","name":"NATURAL POLAND - Hurtowy Dystrybutor Surowc\u00f3w","description":"Surowce dla przemys\u0142u spo\u017cywczego, kosmetycznego i farmaceutycznego","publisher":{"@id":"https:\/\/naturalpoland.com\/ko\/#organization"},"potentialAction":[{"@type":"SearchAction","target":{"@type":"EntryPoint","urlTemplate":"https:\/\/naturalpoland.com\/ko\/?s={search_term_string}"},"query-input":{"@type":"PropertyValueSpecification","valueRequired":true,"valueName":"search_term_string"}}],"inLanguage":"ko-KR"},{"@type":"Organization","@id":"https:\/\/naturalpoland.com\/ko\/#organization","name":"Natural Poland","url":"https:\/\/naturalpoland.com\/ko\/","logo":{"@type":"ImageObject","inLanguage":"ko-KR","@id":"https:\/\/naturalpoland.com\/ko\/#\/schema\/logo\/image\/","url":"https:\/\/naturalpoland.com\/wp-content\/uploads\/2021\/05\/natural-poland-icon.png","contentUrl":"https:\/\/naturalpoland.com\/wp-content\/uploads\/2021\/05\/natural-poland-icon.png","width":512,"height":512,"caption":"Natural Poland"},"image":{"@id":"https:\/\/naturalpoland.com\/ko\/#\/schema\/logo\/image\/"},"sameAs":["https:\/\/www.facebook.com\/naturalpoland.b2b","https:\/\/pl.linkedin.com\/company\/natural-poland","https:\/\/www.youtube.com\/channel\/UCgeGGkvOMahZo-xu_MSEWxg"]}]}},"_links":{"self":[{"href":"https:\/\/naturalpoland.com\/ko\/wp-json\/wp\/v2\/product\/45136","targetHints":{"allow":["GET"]}}],"collection":[{"href":"https:\/\/naturalpoland.com\/ko\/wp-json\/wp\/v2\/product"}],"about":[{"href":"https:\/\/naturalpoland.com\/ko\/wp-json\/wp\/v2\/types\/product"}],"wp:featuredmedia":[{"embeddable":true,"href":"https:\/\/naturalpoland.com\/ko\/wp-json\/wp\/v2\/media\/45137"}],"wp:attachment":[{"href":"https:\/\/naturalpoland.com\/ko\/wp-json\/wp\/v2\/media?parent=45136"}],"wp:term":[{"taxonomy":"product_brand","embeddable":true,"href":"https:\/\/naturalpoland.com\/ko\/wp-json\/wp\/v2\/product_brand?post=45136"},{"taxonomy":"product_cat","embeddable":true,"href":"https:\/\/naturalpoland.com\/ko\/wp-json\/wp\/v2\/product_cat?post=45136"},{"taxonomy":"product_tag","embeddable":true,"href":"https:\/\/naturalpoland.com\/ko\/wp-json\/wp\/v2\/product_tag?post=45136"}],"curies":[{"name":"wp","href":"https:\/\/api.w.org\/{rel}","templated":true}]}}