{"id":45172,"date":"2026-01-16T15:51:28","date_gmt":"2026-01-16T14:51:28","guid":{"rendered":"https:\/\/naturalpoland.com\/produkty\/uncategorized\/%eb%a0%88%eb%aa%ac-%eb%a8%b8%ed%8b%80-%ec%b6%94%ec%b6%9c%eb%ac%bc\/"},"modified":"2026-01-19T12:40:29","modified_gmt":"2026-01-19T11:40:29","slug":"%eb%a0%88%eb%aa%ac-%eb%a8%b8%ed%8b%80-%ec%b6%94%ec%b6%9c%eb%ac%bc","status":"publish","type":"product","link":"https:\/\/naturalpoland.com\/ko\/je-pum\/sig-mul-chu-chul-mul\/%eb%a0%88%eb%aa%ac-%eb%a8%b8%ed%8b%80-%ec%b6%94%ec%b6%9c%eb%ac%bc\/","title":{"rendered":"\ub808\ubaac \uba38\ud2c0 \ucd94\ucd9c\ubb3c"},"content":{"rendered":"<h2>\ub808\ubaac \uba38\ud2c0 \ucd94\ucd9c\ubb3c\uc758 \ud6a8\ub2a5 \ubc0f \ud65c\uc6a9:<\/h2>\n<p>\ub808\ubaac \uba38\ud2c0 \ucd94\ucd9c\ubb3c(<em>Backhousia citriodora<\/em>)\uc740 \ud638\uc8fc \uc6d0\uc0b0 \uc2dd\ubb3c\uc758 \uc78e\uc5d0\uc11c \ucd94\ucd9c\ub418\uba70, \uc2dc\ud2b8\ub784\uacfc \uac19\uc740 \uc2dc\ud2b8\ub7ec\uc2a4 \uc54c\ub370\ud558\uc774\ub4dc \ubc0f \uae30\ud0c0 \uc0dd\uccb4 \ud65c\uc131 \ud654\ud569\ubb3c\uc744 \ud3ec\ud568\ud55c \ud48d\ubd80\ud55c \uc2dd\ubb3c\uc131 \ud654\ud569\ubb3c \ud504\ub85c\ud544\ub85c \ub110\ub9ac \uc54c\ub824\uc9c0\uace0 \uc5f0\uad6c\ub418\uc5c8\uc2b5\ub2c8\ub2e4. \uc774 \uc131\ubd84\ub4e4 \ub355\ubd84\uc5d0 \ucd94\ucd9c\ubb3c\uc740 \ub2e4\uc74c\uacfc \uac19\uc740 \ud6a8\ub2a5\uc744 \ub098\ud0c0\ub0c5\ub2c8\ub2e4: <\/p>\n<ul>\n<li>\ud56d\uc0b0\ud654 &#8211; \uc5f0\uad6c\uc5d0 \ub530\ub974\uba74 \ub808\ubaac \uba38\ud2c0 \uc78e \ucd94\ucd9c\ubb3c\uc740 \uc790\uc720 \ub77c\ub514\uce7c\uc744 \uc911\ud654\ud558\ub294 \ub2a5\ub825\uc744 \ubcf4\uc5ec \uc138\ud3ec\ub97c \uc0b0\ud654 \uc2a4\ud2b8\ub808\uc2a4\ub85c\ubd80\ud130 \ubcf4\ud638\ud558\ub294 \ub370 \uae30\uc5ec\ud560 \uc218 \uc788\uc2b5\ub2c8\ub2e4.<\/li>\n<li>\ud56d\uc5fc\uc99d &#8211; \ub808\ubaac \uba38\ud2c0 \uc78e \ucd94\ucd9c\ubb3c\uc740 \ud2b9\uc815 \uc2dc\ud5d8\uad00 \ub0b4(in vitro) \uc2e4\ud5d8 \uc870\uac74\uc5d0\uc11c \uc5fc\uc99d \ub9e4\uac1c\uccb4(\uc608: NO \uc0dd\uc131 \ub610\ub294 \uc804\uc5fc\uc99d\uc131 \uc0ac\uc774\ud1a0\uce74\uc778 \uac10\uc18c) \ubc1c\ud604\uc5d0 \uc601\ud5a5\uc744 \ubbf8\uce60 \uc218 \uc788\uc2b5\ub2c8\ub2e4.<\/li>\n<li>\ud56d\uade0 &#8211; \ucd94\ucd9c\ubb3c\uc758 \ud56d\uade0 \ubc0f \ud56d\uc9c4\uade0 \uc791\uc6a9\uc740 \uc8fc\ub85c \uc2dc\ud2b8\ub784 \ud654\ud569\ubb3c \ubc0f \uae30\ud0c0 \ubc29\ud5a5\uc871 \uc131\ubd84\uc758 \uc874\uc7ac\uc5d0 \uae30\uc778\ud569\ub2c8\ub2e4.<\/li>\n<\/ul>\n<p>\ubd84\ub9d0 \ud615\ud0dc\uc640 \ud45c\uc900\ud654\ub41c \ucd94\ucd9c\ub3c4\ub294 \uc815\ubc00\ud55c \ud22c\uc5ec\ub7c9 \ubc0f \ud488\uc9c8 \ub9e4\uac1c\ubcc0\uc218\uc758 \ubc18\ubcf5\uc131\uc774 \uc694\uad6c\ub418\ub294 \uc81c\ud615 \uacf5\uc815\uc5d0\uc11c \uc6d0\ub8cc \uc0ac\uc6a9\uc5d0 \uc801\ud569\ud569\ub2c8\ub2e4. \ucd94\ucd9c\ubb3c\uc758 \ucd5c\uc885 \uc6a9\ub3c4, \uc0ac\uc6a9 \ubc29\ubc95 \ubc0f \ud22c\uc5ec\ub7c9\uc740 \uac01 \uc801\uc6a9 \ubd84\uc57c\uc758 \uae30\uc220 \ubc0f \uaddc\uc81c \uc694\uad6c \uc0ac\ud56d\uc5d0 \ub530\ub77c \uac1c\ubcc4\uc801\uc73c\ub85c \uc870\uc815\ub418\uc5b4\uc57c \ud569\ub2c8\ub2e4. <\/p>\n<p>&nbsp;<\/p>\n<p>&nbsp;<\/p>\n","protected":false},"excerpt":{"rendered":"<p><strong>\ub808\ubaac \uba38\ud2c0 \ucd94\ucd9c\ubb3c<\/strong>\uc740 <em>\ubc31\ud558\uc6b0\uc2dc\uc544 \uc2dc\ud2b8\ub9ac\uc624\ub3c4\ub77c<\/em> \uc78e\uc5d0\uc11c \uc218\uc131 \ucd94\ucd9c\ubc95\uc73c\ub85c \uc5bb\uc740 \ud6c4 \uac74\uc870\ud558\uc5ec \uc548\uc815\uc801\uc778 \ubd84\ub9d0 \ud615\ud0dc\ub85c \ub9cc\ub4e0 \uc2dd\ubb3c\uc131 \uc6d0\ub8cc\uc785\ub2c8\ub2e4.<\/p>\n","protected":false},"featured_media":45173,"template":"","meta":{"_acf_changed":false},"product_brand":[],"product_cat":[8134],"product_tag":[],"class_list":{"0":"post-45172","1":"product","2":"type-product","3":"status-publish","4":"has-post-thumbnail","6":"product_cat-sig-mul-chu-chul-mul","7":"pa_czesc-rosliny-8186","9":"first","10":"instock","11":"shipping-taxable","12":"product-type-simple"},"acf":[],"yoast_head":"<!-- This site is optimized with the Yoast SEO plugin v27.4 - https:\/\/yoast.com\/product\/yoast-seo-wordpress\/ -->\n<title>\ub808\ubaac \uba38\ud2c0 \ucd94\ucd9c\ubb3c - Hurtowy Dystrybutor<\/title>\n<meta name=\"description\" content=\"\ub808\ubaac \uba38\ud2c0 \ucd94\ucd9c\ubb3c \u2013 \ubc31\ud558\uc6b0\uc2dc\uc544 \uc2dc\ud2b8\ub9ac\uc624\ub3c4\ub77c(Backhousia citriodora) \uc78e\uc5d0\uc11c \ucd94\ucd9c\ud55c \uc2dd\ubb3c\uc131 \ubd84\ub9d0 \ucd94\ucd9c\ubb3c. \ucd94\uac00 \ud65c\uc6a9\uc744 \uc704\ud55c \ud45c\uc900\ud654\ub41c \uc2dd\ubb3c\uc131 \uc6d0\ub8cc.\" \/>\n<meta name=\"robots\" content=\"index, follow, max-snippet:-1, max-image-preview:large, max-video-preview:-1\" \/>\n<link rel=\"canonical\" href=\"https:\/\/naturalpoland.com\/ko\/je-pum\/sig-mul-chu-chul-mul\/%eb%a0%88%eb%aa%ac-%eb%a8%b8%ed%8b%80-%ec%b6%94%ec%b6%9c%eb%ac%bc\/\" \/>\n<meta property=\"og:locale\" content=\"ko_KR\" \/>\n<meta property=\"og:type\" content=\"article\" \/>\n<meta property=\"og:title\" content=\"\ub808\ubaac \uba38\ud2c0 \ucd94\ucd9c\ubb3c - Hurtowy Dystrybutor\" \/>\n<meta property=\"og:description\" content=\"\ub808\ubaac \uba38\ud2c0 \ucd94\ucd9c\ubb3c \u2013 \ubc31\ud558\uc6b0\uc2dc\uc544 \uc2dc\ud2b8\ub9ac\uc624\ub3c4\ub77c(Backhousia citriodora) \uc78e\uc5d0\uc11c \ucd94\ucd9c\ud55c \uc2dd\ubb3c\uc131 \ubd84\ub9d0 \ucd94\ucd9c\ubb3c. \ucd94\uac00 \ud65c\uc6a9\uc744 \uc704\ud55c \ud45c\uc900\ud654\ub41c \uc2dd\ubb3c\uc131 \uc6d0\ub8cc.\" \/>\n<meta property=\"og:url\" content=\"https:\/\/naturalpoland.com\/ko\/je-pum\/sig-mul-chu-chul-mul\/%eb%a0%88%eb%aa%ac-%eb%a8%b8%ed%8b%80-%ec%b6%94%ec%b6%9c%eb%ac%bc\/\" \/>\n<meta property=\"og:site_name\" content=\"NATURAL POLAND - Hurtowy Dystrybutor Surowc\u00f3w\" \/>\n<meta property=\"article:publisher\" content=\"https:\/\/www.facebook.com\/naturalpoland.b2b\" \/>\n<meta property=\"article:modified_time\" content=\"2026-01-19T11:40:29+00:00\" \/>\n<meta property=\"og:image\" content=\"https:\/\/naturalpoland.com\/wp-content\/uploads\/ekstrakt-z-lemon-myrtle.webp\" \/>\n\t<meta property=\"og:image:width\" content=\"1024\" \/>\n\t<meta property=\"og:image:height\" content=\"1024\" \/>\n\t<meta property=\"og:image:type\" content=\"image\/webp\" \/>\n<script type=\"application\/ld+json\" class=\"yoast-schema-graph\">{\"@context\":\"https:\\\/\\\/schema.org\",\"@graph\":[{\"@type\":\"WebPage\",\"@id\":\"https:\\\/\\\/naturalpoland.com\\\/ko\\\/je-pum\\\/sig-mul-chu-chul-mul\\\/%eb%a0%88%eb%aa%ac-%eb%a8%b8%ed%8b%80-%ec%b6%94%ec%b6%9c%eb%ac%bc\\\/\",\"url\":\"https:\\\/\\\/naturalpoland.com\\\/ko\\\/je-pum\\\/sig-mul-chu-chul-mul\\\/%eb%a0%88%eb%aa%ac-%eb%a8%b8%ed%8b%80-%ec%b6%94%ec%b6%9c%eb%ac%bc\\\/\",\"name\":\"\ub808\ubaac \uba38\ud2c0 \ucd94\ucd9c\ubb3c - Hurtowy Dystrybutor\",\"isPartOf\":{\"@id\":\"https:\\\/\\\/naturalpoland.com\\\/ko\\\/#website\"},\"primaryImageOfPage\":{\"@id\":\"https:\\\/\\\/naturalpoland.com\\\/ko\\\/je-pum\\\/sig-mul-chu-chul-mul\\\/%eb%a0%88%eb%aa%ac-%eb%a8%b8%ed%8b%80-%ec%b6%94%ec%b6%9c%eb%ac%bc\\\/#primaryimage\"},\"image\":{\"@id\":\"https:\\\/\\\/naturalpoland.com\\\/ko\\\/je-pum\\\/sig-mul-chu-chul-mul\\\/%eb%a0%88%eb%aa%ac-%eb%a8%b8%ed%8b%80-%ec%b6%94%ec%b6%9c%eb%ac%bc\\\/#primaryimage\"},\"thumbnailUrl\":\"https:\\\/\\\/naturalpoland.com\\\/wp-content\\\/uploads\\\/ekstrakt-z-lemon-myrtle.webp\",\"datePublished\":\"2026-01-16T14:51:28+00:00\",\"dateModified\":\"2026-01-19T11:40:29+00:00\",\"description\":\"\ub808\ubaac \uba38\ud2c0 \ucd94\ucd9c\ubb3c \u2013 \ubc31\ud558\uc6b0\uc2dc\uc544 \uc2dc\ud2b8\ub9ac\uc624\ub3c4\ub77c(Backhousia citriodora) \uc78e\uc5d0\uc11c \ucd94\ucd9c\ud55c \uc2dd\ubb3c\uc131 \ubd84\ub9d0 \ucd94\ucd9c\ubb3c. \ucd94\uac00 \ud65c\uc6a9\uc744 \uc704\ud55c \ud45c\uc900\ud654\ub41c \uc2dd\ubb3c\uc131 \uc6d0\ub8cc.\",\"breadcrumb\":{\"@id\":\"https:\\\/\\\/naturalpoland.com\\\/ko\\\/je-pum\\\/sig-mul-chu-chul-mul\\\/%eb%a0%88%eb%aa%ac-%eb%a8%b8%ed%8b%80-%ec%b6%94%ec%b6%9c%eb%ac%bc\\\/#breadcrumb\"},\"inLanguage\":\"ko-KR\",\"potentialAction\":[{\"@type\":\"ReadAction\",\"target\":[\"https:\\\/\\\/naturalpoland.com\\\/ko\\\/je-pum\\\/sig-mul-chu-chul-mul\\\/%eb%a0%88%eb%aa%ac-%eb%a8%b8%ed%8b%80-%ec%b6%94%ec%b6%9c%eb%ac%bc\\\/\"]}]},{\"@type\":\"ImageObject\",\"inLanguage\":\"ko-KR\",\"@id\":\"https:\\\/\\\/naturalpoland.com\\\/ko\\\/je-pum\\\/sig-mul-chu-chul-mul\\\/%eb%a0%88%eb%aa%ac-%eb%a8%b8%ed%8b%80-%ec%b6%94%ec%b6%9c%eb%ac%bc\\\/#primaryimage\",\"url\":\"https:\\\/\\\/naturalpoland.com\\\/wp-content\\\/uploads\\\/ekstrakt-z-lemon-myrtle.webp\",\"contentUrl\":\"https:\\\/\\\/naturalpoland.com\\\/wp-content\\\/uploads\\\/ekstrakt-z-lemon-myrtle.webp\",\"width\":1024,\"height\":1024,\"caption\":\"\ub808\ubaac \uba38\ud2c0 \ucd94\ucd9c\ubb3c\"},{\"@type\":\"BreadcrumbList\",\"@id\":\"https:\\\/\\\/naturalpoland.com\\\/ko\\\/je-pum\\\/sig-mul-chu-chul-mul\\\/%eb%a0%88%eb%aa%ac-%eb%a8%b8%ed%8b%80-%ec%b6%94%ec%b6%9c%eb%ac%bc\\\/#breadcrumb\",\"itemListElement\":[{\"@type\":\"ListItem\",\"position\":1,\"name\":\"\ud648\",\"item\":\"https:\\\/\\\/naturalpoland.com\\\/ko\\\/\"},{\"@type\":\"ListItem\",\"position\":2,\"name\":\"\uc81c\ud488\",\"item\":\"https:\\\/\\\/naturalpoland.com\\\/ko\\\/%ec%a0%9c%ed%92%88\\\/\"},{\"@type\":\"ListItem\",\"position\":3,\"name\":\"\ub808\ubaac \uba38\ud2c0 \ucd94\ucd9c\ubb3c\"}]},{\"@type\":\"WebSite\",\"@id\":\"https:\\\/\\\/naturalpoland.com\\\/ko\\\/#website\",\"url\":\"https:\\\/\\\/naturalpoland.com\\\/ko\\\/\",\"name\":\"NATURAL POLAND - Hurtowy Dystrybutor Surowc\u00f3w\",\"description\":\"Surowce dla przemys\u0142u spo\u017cywczego, kosmetycznego i farmaceutycznego\",\"publisher\":{\"@id\":\"https:\\\/\\\/naturalpoland.com\\\/ko\\\/#organization\"},\"potentialAction\":[{\"@type\":\"SearchAction\",\"target\":{\"@type\":\"EntryPoint\",\"urlTemplate\":\"https:\\\/\\\/naturalpoland.com\\\/ko\\\/?s={search_term_string}\"},\"query-input\":{\"@type\":\"PropertyValueSpecification\",\"valueRequired\":true,\"valueName\":\"search_term_string\"}}],\"inLanguage\":\"ko-KR\"},{\"@type\":\"Organization\",\"@id\":\"https:\\\/\\\/naturalpoland.com\\\/ko\\\/#organization\",\"name\":\"Natural Poland\",\"url\":\"https:\\\/\\\/naturalpoland.com\\\/ko\\\/\",\"logo\":{\"@type\":\"ImageObject\",\"inLanguage\":\"ko-KR\",\"@id\":\"https:\\\/\\\/naturalpoland.com\\\/ko\\\/#\\\/schema\\\/logo\\\/image\\\/\",\"url\":\"https:\\\/\\\/naturalpoland.com\\\/wp-content\\\/uploads\\\/2021\\\/05\\\/natural-poland-icon.png\",\"contentUrl\":\"https:\\\/\\\/naturalpoland.com\\\/wp-content\\\/uploads\\\/2021\\\/05\\\/natural-poland-icon.png\",\"width\":512,\"height\":512,\"caption\":\"Natural Poland\"},\"image\":{\"@id\":\"https:\\\/\\\/naturalpoland.com\\\/ko\\\/#\\\/schema\\\/logo\\\/image\\\/\"},\"sameAs\":[\"https:\\\/\\\/www.facebook.com\\\/naturalpoland.b2b\",\"https:\\\/\\\/pl.linkedin.com\\\/company\\\/natural-poland\",\"https:\\\/\\\/www.youtube.com\\\/channel\\\/UCgeGGkvOMahZo-xu_MSEWxg\"]}]}<\/script>\n<!-- \/ Yoast SEO plugin. -->","yoast_head_json":{"title":"\ub808\ubaac \uba38\ud2c0 \ucd94\ucd9c\ubb3c - Hurtowy Dystrybutor","description":"\ub808\ubaac \uba38\ud2c0 \ucd94\ucd9c\ubb3c \u2013 \ubc31\ud558\uc6b0\uc2dc\uc544 \uc2dc\ud2b8\ub9ac\uc624\ub3c4\ub77c(Backhousia citriodora) \uc78e\uc5d0\uc11c \ucd94\ucd9c\ud55c \uc2dd\ubb3c\uc131 \ubd84\ub9d0 \ucd94\ucd9c\ubb3c. \ucd94\uac00 \ud65c\uc6a9\uc744 \uc704\ud55c \ud45c\uc900\ud654\ub41c \uc2dd\ubb3c\uc131 \uc6d0\ub8cc.","robots":{"index":"index","follow":"follow","max-snippet":"max-snippet:-1","max-image-preview":"max-image-preview:large","max-video-preview":"max-video-preview:-1"},"canonical":"https:\/\/naturalpoland.com\/ko\/je-pum\/sig-mul-chu-chul-mul\/%eb%a0%88%eb%aa%ac-%eb%a8%b8%ed%8b%80-%ec%b6%94%ec%b6%9c%eb%ac%bc\/","og_locale":"ko_KR","og_type":"article","og_title":"\ub808\ubaac \uba38\ud2c0 \ucd94\ucd9c\ubb3c - Hurtowy Dystrybutor","og_description":"\ub808\ubaac \uba38\ud2c0 \ucd94\ucd9c\ubb3c \u2013 \ubc31\ud558\uc6b0\uc2dc\uc544 \uc2dc\ud2b8\ub9ac\uc624\ub3c4\ub77c(Backhousia citriodora) \uc78e\uc5d0\uc11c \ucd94\ucd9c\ud55c \uc2dd\ubb3c\uc131 \ubd84\ub9d0 \ucd94\ucd9c\ubb3c. \ucd94\uac00 \ud65c\uc6a9\uc744 \uc704\ud55c \ud45c\uc900\ud654\ub41c \uc2dd\ubb3c\uc131 \uc6d0\ub8cc.","og_url":"https:\/\/naturalpoland.com\/ko\/je-pum\/sig-mul-chu-chul-mul\/%eb%a0%88%eb%aa%ac-%eb%a8%b8%ed%8b%80-%ec%b6%94%ec%b6%9c%eb%ac%bc\/","og_site_name":"NATURAL POLAND - Hurtowy Dystrybutor Surowc\u00f3w","article_publisher":"https:\/\/www.facebook.com\/naturalpoland.b2b","article_modified_time":"2026-01-19T11:40:29+00:00","og_image":[{"width":1024,"height":1024,"url":"https:\/\/naturalpoland.com\/wp-content\/uploads\/ekstrakt-z-lemon-myrtle.webp","type":"image\/webp"}],"schema":{"@context":"https:\/\/schema.org","@graph":[{"@type":"WebPage","@id":"https:\/\/naturalpoland.com\/ko\/je-pum\/sig-mul-chu-chul-mul\/%eb%a0%88%eb%aa%ac-%eb%a8%b8%ed%8b%80-%ec%b6%94%ec%b6%9c%eb%ac%bc\/","url":"https:\/\/naturalpoland.com\/ko\/je-pum\/sig-mul-chu-chul-mul\/%eb%a0%88%eb%aa%ac-%eb%a8%b8%ed%8b%80-%ec%b6%94%ec%b6%9c%eb%ac%bc\/","name":"\ub808\ubaac \uba38\ud2c0 \ucd94\ucd9c\ubb3c - Hurtowy Dystrybutor","isPartOf":{"@id":"https:\/\/naturalpoland.com\/ko\/#website"},"primaryImageOfPage":{"@id":"https:\/\/naturalpoland.com\/ko\/je-pum\/sig-mul-chu-chul-mul\/%eb%a0%88%eb%aa%ac-%eb%a8%b8%ed%8b%80-%ec%b6%94%ec%b6%9c%eb%ac%bc\/#primaryimage"},"image":{"@id":"https:\/\/naturalpoland.com\/ko\/je-pum\/sig-mul-chu-chul-mul\/%eb%a0%88%eb%aa%ac-%eb%a8%b8%ed%8b%80-%ec%b6%94%ec%b6%9c%eb%ac%bc\/#primaryimage"},"thumbnailUrl":"https:\/\/naturalpoland.com\/wp-content\/uploads\/ekstrakt-z-lemon-myrtle.webp","datePublished":"2026-01-16T14:51:28+00:00","dateModified":"2026-01-19T11:40:29+00:00","description":"\ub808\ubaac \uba38\ud2c0 \ucd94\ucd9c\ubb3c \u2013 \ubc31\ud558\uc6b0\uc2dc\uc544 \uc2dc\ud2b8\ub9ac\uc624\ub3c4\ub77c(Backhousia citriodora) \uc78e\uc5d0\uc11c \ucd94\ucd9c\ud55c \uc2dd\ubb3c\uc131 \ubd84\ub9d0 \ucd94\ucd9c\ubb3c. \ucd94\uac00 \ud65c\uc6a9\uc744 \uc704\ud55c \ud45c\uc900\ud654\ub41c \uc2dd\ubb3c\uc131 \uc6d0\ub8cc.","breadcrumb":{"@id":"https:\/\/naturalpoland.com\/ko\/je-pum\/sig-mul-chu-chul-mul\/%eb%a0%88%eb%aa%ac-%eb%a8%b8%ed%8b%80-%ec%b6%94%ec%b6%9c%eb%ac%bc\/#breadcrumb"},"inLanguage":"ko-KR","potentialAction":[{"@type":"ReadAction","target":["https:\/\/naturalpoland.com\/ko\/je-pum\/sig-mul-chu-chul-mul\/%eb%a0%88%eb%aa%ac-%eb%a8%b8%ed%8b%80-%ec%b6%94%ec%b6%9c%eb%ac%bc\/"]}]},{"@type":"ImageObject","inLanguage":"ko-KR","@id":"https:\/\/naturalpoland.com\/ko\/je-pum\/sig-mul-chu-chul-mul\/%eb%a0%88%eb%aa%ac-%eb%a8%b8%ed%8b%80-%ec%b6%94%ec%b6%9c%eb%ac%bc\/#primaryimage","url":"https:\/\/naturalpoland.com\/wp-content\/uploads\/ekstrakt-z-lemon-myrtle.webp","contentUrl":"https:\/\/naturalpoland.com\/wp-content\/uploads\/ekstrakt-z-lemon-myrtle.webp","width":1024,"height":1024,"caption":"\ub808\ubaac \uba38\ud2c0 \ucd94\ucd9c\ubb3c"},{"@type":"BreadcrumbList","@id":"https:\/\/naturalpoland.com\/ko\/je-pum\/sig-mul-chu-chul-mul\/%eb%a0%88%eb%aa%ac-%eb%a8%b8%ed%8b%80-%ec%b6%94%ec%b6%9c%eb%ac%bc\/#breadcrumb","itemListElement":[{"@type":"ListItem","position":1,"name":"\ud648","item":"https:\/\/naturalpoland.com\/ko\/"},{"@type":"ListItem","position":2,"name":"\uc81c\ud488","item":"https:\/\/naturalpoland.com\/ko\/%ec%a0%9c%ed%92%88\/"},{"@type":"ListItem","position":3,"name":"\ub808\ubaac \uba38\ud2c0 \ucd94\ucd9c\ubb3c"}]},{"@type":"WebSite","@id":"https:\/\/naturalpoland.com\/ko\/#website","url":"https:\/\/naturalpoland.com\/ko\/","name":"NATURAL POLAND - Hurtowy Dystrybutor Surowc\u00f3w","description":"Surowce dla przemys\u0142u spo\u017cywczego, kosmetycznego i farmaceutycznego","publisher":{"@id":"https:\/\/naturalpoland.com\/ko\/#organization"},"potentialAction":[{"@type":"SearchAction","target":{"@type":"EntryPoint","urlTemplate":"https:\/\/naturalpoland.com\/ko\/?s={search_term_string}"},"query-input":{"@type":"PropertyValueSpecification","valueRequired":true,"valueName":"search_term_string"}}],"inLanguage":"ko-KR"},{"@type":"Organization","@id":"https:\/\/naturalpoland.com\/ko\/#organization","name":"Natural Poland","url":"https:\/\/naturalpoland.com\/ko\/","logo":{"@type":"ImageObject","inLanguage":"ko-KR","@id":"https:\/\/naturalpoland.com\/ko\/#\/schema\/logo\/image\/","url":"https:\/\/naturalpoland.com\/wp-content\/uploads\/2021\/05\/natural-poland-icon.png","contentUrl":"https:\/\/naturalpoland.com\/wp-content\/uploads\/2021\/05\/natural-poland-icon.png","width":512,"height":512,"caption":"Natural Poland"},"image":{"@id":"https:\/\/naturalpoland.com\/ko\/#\/schema\/logo\/image\/"},"sameAs":["https:\/\/www.facebook.com\/naturalpoland.b2b","https:\/\/pl.linkedin.com\/company\/natural-poland","https:\/\/www.youtube.com\/channel\/UCgeGGkvOMahZo-xu_MSEWxg"]}]}},"_links":{"self":[{"href":"https:\/\/naturalpoland.com\/ko\/wp-json\/wp\/v2\/product\/45172","targetHints":{"allow":["GET"]}}],"collection":[{"href":"https:\/\/naturalpoland.com\/ko\/wp-json\/wp\/v2\/product"}],"about":[{"href":"https:\/\/naturalpoland.com\/ko\/wp-json\/wp\/v2\/types\/product"}],"wp:featuredmedia":[{"embeddable":true,"href":"https:\/\/naturalpoland.com\/ko\/wp-json\/wp\/v2\/media\/45173"}],"wp:attachment":[{"href":"https:\/\/naturalpoland.com\/ko\/wp-json\/wp\/v2\/media?parent=45172"}],"wp:term":[{"taxonomy":"product_brand","embeddable":true,"href":"https:\/\/naturalpoland.com\/ko\/wp-json\/wp\/v2\/product_brand?post=45172"},{"taxonomy":"product_cat","embeddable":true,"href":"https:\/\/naturalpoland.com\/ko\/wp-json\/wp\/v2\/product_cat?post=45172"},{"taxonomy":"product_tag","embeddable":true,"href":"https:\/\/naturalpoland.com\/ko\/wp-json\/wp\/v2\/product_tag?post=45172"}],"curies":[{"name":"wp","href":"https:\/\/api.w.org\/{rel}","templated":true}]}}