{"id":45440,"date":"2024-01-04T14:50:05","date_gmt":"2024-01-04T13:50:05","guid":{"rendered":"https:\/\/naturalpoland.com\/produkty\/uncategorized\/%ec%98%ac%eb%a6%ac%ea%b3%a0%ed%8e%a9%ed%83%80%ec%9d%b4%eb%93%9c-5\/"},"modified":"2026-02-04T13:12:36","modified_gmt":"2026-02-04T12:12:36","slug":"%ec%98%ac%eb%a6%ac%ea%b3%a0%ed%8e%a9%ed%83%80%ec%9d%b4%eb%93%9c-5","status":"publish","type":"product","link":"https:\/\/naturalpoland.com\/ko\/je-pum\/hwa-jang-pum-won-ryo\/pep-ta-i-deu\/%ec%98%ac%eb%a6%ac%ea%b3%a0%ed%8e%a9%ed%83%80%ec%9d%b4%eb%93%9c-5\/","title":{"rendered":"\uc62c\ub9ac\uace0\ud3a9\ud0c0\uc774\ub4dc-5"},"content":{"rendered":"<p>\uc62c\ub9ac\uace0\ud3a9\ud0c0\uc774\ub4dc-5\ub294 \uc8fc\ub85c \uc0c1\ud53c\uc138\ud3ec \uc138\ud3ec\ub9c9 \ud45c\uba74\uc5d0 \uc704\uce58\ud55c FGFR-2b \uc218\uc6a9\uccb4\uc5d0 \uc791\uc6a9\ud569\ub2c8\ub2e4. \uc774 \ud3a9\ud0c0\uc774\ub4dc\uc758 \ud575\uc2ec \uae30\ub2a5\uc740 \uc218\uc6a9\uccb4 \uc138\ud3ec \ub0b4 \ud2f0\ub85c\uc2e0 \uc794\uae30\uc758 \uc778\uc0b0\ud654\ub97c \ucd09\uc9c4\ud558\ub294 \uac83\uc785\ub2c8\ub2e4. \uc778\uc0b0\ud654 \ud6c4, \uc218\uc6a9\uccb4\ub294 \ud2f0\ub85c\uc2e0 \ub2e8\ubc31\uc9c8 \ud0a4\ub098\uc544\uc81c \ud65c\uc131\uc744 \uc5bb\uace0 \uc138\ud3ec \ub0b4 \ub2e4\uc591\ud55c \ud45c\uc801 \ub2e8\ubc31\uc9c8\uacfc \uc0c1\ud638\uc791\uc6a9\ud558\uc5ec \uc2e0\ud638 \uce90\uc2a4\ucf00\uc774\ub4dc\ub97c \uc2dc\uc791\ud569\ub2c8\ub2e4. \uc778\uc0b0\ud654\ub41c \uc218\uc6a9\uccb4\ub294 \uc7ac\uc0dd, \ub178\ud654 \ubc29\uc9c0, \uc8fc\ub984 \uac1c\uc120 \ubc0f \uc9c4\uc815 \ud6a8\uacfc\uc640 \uac19\uc740 \uc0dd\ubb3c\ud559\uc801 \ud6a8\uacfc\ub97c \ubc1c\ud718\ud569\ub2c8\ub2e4.   <\/p>\n<p>\uc62c\ub9ac\uace0\ud3a9\ud0c0\uc774\ub4dc-5\ub294 \ub85c\uc158, \ud06c\ub9bc, \uc824 \ub4f1 \ub2e4\uc591\ud55c \uc2a4\ud0a8\ucf00\uc5b4 \uc81c\ud488\uc5d0 \ud65c\uc6a9\ub429\ub2c8\ub2e4.<\/p>\n","protected":false},"excerpt":{"rendered":"<p>\uc62c\ub9ac\uace0\ud3a9\ud0c0\uc774\ub4dc-5\ub294 \uc12c\uc720\uc544\uc138\ud3ec \uc131\uc7a5 \uc778\uc790(FGF) \uacc4\uc5f4\uc5d0 \uc18d\ud558\ub294 \uace0\uae09 \ud654\uc7a5\ud488 \uc131\ubd84\uc785\ub2c8\ub2e4.<\/p>\n","protected":false},"featured_media":45441,"template":"","meta":{"_acf_changed":false},"product_brand":[],"product_cat":[8157],"product_tag":[],"class_list":{"0":"post-45440","1":"product","2":"type-product","3":"status-publish","4":"has-post-thumbnail","6":"product_cat-pep-ta-i-deu","7":"pa_metoda-pozyskiwania-8282","9":"first","10":"instock","11":"shipping-taxable","12":"product-type-simple"},"acf":[],"yoast_head":"<!-- This site is optimized with the Yoast SEO plugin v27.5 - https:\/\/yoast.com\/product\/yoast-seo-wordpress\/ -->\n<title>\uc62c\ub9ac\uace0\ud3a9\ud0c0\uc774\ub4dc-5 - Hurtowy Dystrybutor<\/title>\n<meta name=\"description\" content=\"\uc62c\ub9ac\uace0\ud3a9\ud0c0\uc774\ub4dc-5\ub294 \uc12c\uc720\uc544\uc138\ud3ec \uc131\uc7a5 \uc778\uc790(FGF) \uacc4\uc5f4\uc5d0 \uc18d\ud558\ub294 \uace0\uae09 \ud654\uc7a5\ud488 \uc131\ubd84\uc785\ub2c8\ub2e4.\" \/>\n<meta name=\"robots\" content=\"index, follow, max-snippet:-1, max-image-preview:large, max-video-preview:-1\" \/>\n<link rel=\"canonical\" href=\"https:\/\/naturalpoland.com\/ko\/je-pum\/hwa-jang-pum-won-ryo\/pep-ta-i-deu\/%ec%98%ac%eb%a6%ac%ea%b3%a0%ed%8e%a9%ed%83%80%ec%9d%b4%eb%93%9c-5\/\" \/>\n<meta property=\"og:locale\" content=\"ko_KR\" \/>\n<meta property=\"og:type\" content=\"article\" \/>\n<meta property=\"og:title\" content=\"\uc62c\ub9ac\uace0\ud3a9\ud0c0\uc774\ub4dc-5 - Hurtowy Dystrybutor\" \/>\n<meta property=\"og:description\" content=\"\uc62c\ub9ac\uace0\ud3a9\ud0c0\uc774\ub4dc-5\ub294 \uc12c\uc720\uc544\uc138\ud3ec \uc131\uc7a5 \uc778\uc790(FGF) \uacc4\uc5f4\uc5d0 \uc18d\ud558\ub294 \uace0\uae09 \ud654\uc7a5\ud488 \uc131\ubd84\uc785\ub2c8\ub2e4.\" \/>\n<meta property=\"og:url\" content=\"https:\/\/naturalpoland.com\/ko\/je-pum\/hwa-jang-pum-won-ryo\/pep-ta-i-deu\/%ec%98%ac%eb%a6%ac%ea%b3%a0%ed%8e%a9%ed%83%80%ec%9d%b4%eb%93%9c-5\/\" \/>\n<meta property=\"og:site_name\" content=\"NATURAL POLAND - Hurtowy Dystrybutor Surowc\u00f3w\" \/>\n<meta property=\"article:publisher\" content=\"https:\/\/www.facebook.com\/naturalpoland.b2b\" \/>\n<meta property=\"article:modified_time\" content=\"2026-02-04T12:12:36+00:00\" \/>\n<meta property=\"og:image\" content=\"https:\/\/naturalpoland.com\/wp-content\/uploads\/oligopeptide-5.webp\" \/>\n\t<meta property=\"og:image:width\" content=\"612\" \/>\n\t<meta property=\"og:image:height\" content=\"612\" \/>\n\t<meta property=\"og:image:type\" content=\"image\/webp\" \/>\n<script type=\"application\/ld+json\" class=\"yoast-schema-graph\">{\"@context\":\"https:\\\/\\\/schema.org\",\"@graph\":[{\"@type\":\"WebPage\",\"@id\":\"https:\\\/\\\/naturalpoland.com\\\/ko\\\/je-pum\\\/hwa-jang-pum-won-ryo\\\/pep-ta-i-deu\\\/%ec%98%ac%eb%a6%ac%ea%b3%a0%ed%8e%a9%ed%83%80%ec%9d%b4%eb%93%9c-5\\\/\",\"url\":\"https:\\\/\\\/naturalpoland.com\\\/ko\\\/je-pum\\\/hwa-jang-pum-won-ryo\\\/pep-ta-i-deu\\\/%ec%98%ac%eb%a6%ac%ea%b3%a0%ed%8e%a9%ed%83%80%ec%9d%b4%eb%93%9c-5\\\/\",\"name\":\"\uc62c\ub9ac\uace0\ud3a9\ud0c0\uc774\ub4dc-5 - Hurtowy Dystrybutor\",\"isPartOf\":{\"@id\":\"https:\\\/\\\/naturalpoland.com\\\/ko\\\/#website\"},\"primaryImageOfPage\":{\"@id\":\"https:\\\/\\\/naturalpoland.com\\\/ko\\\/je-pum\\\/hwa-jang-pum-won-ryo\\\/pep-ta-i-deu\\\/%ec%98%ac%eb%a6%ac%ea%b3%a0%ed%8e%a9%ed%83%80%ec%9d%b4%eb%93%9c-5\\\/#primaryimage\"},\"image\":{\"@id\":\"https:\\\/\\\/naturalpoland.com\\\/ko\\\/je-pum\\\/hwa-jang-pum-won-ryo\\\/pep-ta-i-deu\\\/%ec%98%ac%eb%a6%ac%ea%b3%a0%ed%8e%a9%ed%83%80%ec%9d%b4%eb%93%9c-5\\\/#primaryimage\"},\"thumbnailUrl\":\"https:\\\/\\\/naturalpoland.com\\\/wp-content\\\/uploads\\\/oligopeptide-5.webp\",\"datePublished\":\"2024-01-04T13:50:05+00:00\",\"dateModified\":\"2026-02-04T12:12:36+00:00\",\"description\":\"\uc62c\ub9ac\uace0\ud3a9\ud0c0\uc774\ub4dc-5\ub294 \uc12c\uc720\uc544\uc138\ud3ec \uc131\uc7a5 \uc778\uc790(FGF) \uacc4\uc5f4\uc5d0 \uc18d\ud558\ub294 \uace0\uae09 \ud654\uc7a5\ud488 \uc131\ubd84\uc785\ub2c8\ub2e4.\",\"breadcrumb\":{\"@id\":\"https:\\\/\\\/naturalpoland.com\\\/ko\\\/je-pum\\\/hwa-jang-pum-won-ryo\\\/pep-ta-i-deu\\\/%ec%98%ac%eb%a6%ac%ea%b3%a0%ed%8e%a9%ed%83%80%ec%9d%b4%eb%93%9c-5\\\/#breadcrumb\"},\"inLanguage\":\"ko-KR\",\"potentialAction\":[{\"@type\":\"ReadAction\",\"target\":[\"https:\\\/\\\/naturalpoland.com\\\/ko\\\/je-pum\\\/hwa-jang-pum-won-ryo\\\/pep-ta-i-deu\\\/%ec%98%ac%eb%a6%ac%ea%b3%a0%ed%8e%a9%ed%83%80%ec%9d%b4%eb%93%9c-5\\\/\"]}]},{\"@type\":\"ImageObject\",\"inLanguage\":\"ko-KR\",\"@id\":\"https:\\\/\\\/naturalpoland.com\\\/ko\\\/je-pum\\\/hwa-jang-pum-won-ryo\\\/pep-ta-i-deu\\\/%ec%98%ac%eb%a6%ac%ea%b3%a0%ed%8e%a9%ed%83%80%ec%9d%b4%eb%93%9c-5\\\/#primaryimage\",\"url\":\"https:\\\/\\\/naturalpoland.com\\\/wp-content\\\/uploads\\\/oligopeptide-5.webp\",\"contentUrl\":\"https:\\\/\\\/naturalpoland.com\\\/wp-content\\\/uploads\\\/oligopeptide-5.webp\",\"width\":612,\"height\":612,\"caption\":\"\uc62c\ub9ac\uace0\ud3a9\ud0c0\uc774\ub4dc-5\"},{\"@type\":\"BreadcrumbList\",\"@id\":\"https:\\\/\\\/naturalpoland.com\\\/ko\\\/je-pum\\\/hwa-jang-pum-won-ryo\\\/pep-ta-i-deu\\\/%ec%98%ac%eb%a6%ac%ea%b3%a0%ed%8e%a9%ed%83%80%ec%9d%b4%eb%93%9c-5\\\/#breadcrumb\",\"itemListElement\":[{\"@type\":\"ListItem\",\"position\":1,\"name\":\"\ud648\",\"item\":\"https:\\\/\\\/naturalpoland.com\\\/ko\\\/\"},{\"@type\":\"ListItem\",\"position\":2,\"name\":\"\uc81c\ud488\",\"item\":\"https:\\\/\\\/naturalpoland.com\\\/ko\\\/%ec%a0%9c%ed%92%88\\\/\"},{\"@type\":\"ListItem\",\"position\":3,\"name\":\"\uc62c\ub9ac\uace0\ud3a9\ud0c0\uc774\ub4dc-5\"}]},{\"@type\":\"WebSite\",\"@id\":\"https:\\\/\\\/naturalpoland.com\\\/ko\\\/#website\",\"url\":\"https:\\\/\\\/naturalpoland.com\\\/ko\\\/\",\"name\":\"NATURAL POLAND - Hurtowy Dystrybutor Surowc\u00f3w\",\"description\":\"Surowce dla przemys\u0142u spo\u017cywczego, kosmetycznego i farmaceutycznego\",\"publisher\":{\"@id\":\"https:\\\/\\\/naturalpoland.com\\\/ko\\\/#organization\"},\"potentialAction\":[{\"@type\":\"SearchAction\",\"target\":{\"@type\":\"EntryPoint\",\"urlTemplate\":\"https:\\\/\\\/naturalpoland.com\\\/ko\\\/?s={search_term_string}\"},\"query-input\":{\"@type\":\"PropertyValueSpecification\",\"valueRequired\":true,\"valueName\":\"search_term_string\"}}],\"inLanguage\":\"ko-KR\"},{\"@type\":\"Organization\",\"@id\":\"https:\\\/\\\/naturalpoland.com\\\/ko\\\/#organization\",\"name\":\"Natural Poland\",\"url\":\"https:\\\/\\\/naturalpoland.com\\\/ko\\\/\",\"logo\":{\"@type\":\"ImageObject\",\"inLanguage\":\"ko-KR\",\"@id\":\"https:\\\/\\\/naturalpoland.com\\\/ko\\\/#\\\/schema\\\/logo\\\/image\\\/\",\"url\":\"https:\\\/\\\/naturalpoland.com\\\/wp-content\\\/uploads\\\/2021\\\/05\\\/natural-poland-icon.png\",\"contentUrl\":\"https:\\\/\\\/naturalpoland.com\\\/wp-content\\\/uploads\\\/2021\\\/05\\\/natural-poland-icon.png\",\"width\":512,\"height\":512,\"caption\":\"Natural Poland\"},\"image\":{\"@id\":\"https:\\\/\\\/naturalpoland.com\\\/ko\\\/#\\\/schema\\\/logo\\\/image\\\/\"},\"sameAs\":[\"https:\\\/\\\/www.facebook.com\\\/naturalpoland.b2b\",\"https:\\\/\\\/pl.linkedin.com\\\/company\\\/natural-poland\",\"https:\\\/\\\/www.youtube.com\\\/channel\\\/UCgeGGkvOMahZo-xu_MSEWxg\"]}]}<\/script>\n<!-- \/ Yoast SEO plugin. -->","yoast_head_json":{"title":"\uc62c\ub9ac\uace0\ud3a9\ud0c0\uc774\ub4dc-5 - Hurtowy Dystrybutor","description":"\uc62c\ub9ac\uace0\ud3a9\ud0c0\uc774\ub4dc-5\ub294 \uc12c\uc720\uc544\uc138\ud3ec \uc131\uc7a5 \uc778\uc790(FGF) \uacc4\uc5f4\uc5d0 \uc18d\ud558\ub294 \uace0\uae09 \ud654\uc7a5\ud488 \uc131\ubd84\uc785\ub2c8\ub2e4.","robots":{"index":"index","follow":"follow","max-snippet":"max-snippet:-1","max-image-preview":"max-image-preview:large","max-video-preview":"max-video-preview:-1"},"canonical":"https:\/\/naturalpoland.com\/ko\/je-pum\/hwa-jang-pum-won-ryo\/pep-ta-i-deu\/%ec%98%ac%eb%a6%ac%ea%b3%a0%ed%8e%a9%ed%83%80%ec%9d%b4%eb%93%9c-5\/","og_locale":"ko_KR","og_type":"article","og_title":"\uc62c\ub9ac\uace0\ud3a9\ud0c0\uc774\ub4dc-5 - Hurtowy Dystrybutor","og_description":"\uc62c\ub9ac\uace0\ud3a9\ud0c0\uc774\ub4dc-5\ub294 \uc12c\uc720\uc544\uc138\ud3ec \uc131\uc7a5 \uc778\uc790(FGF) \uacc4\uc5f4\uc5d0 \uc18d\ud558\ub294 \uace0\uae09 \ud654\uc7a5\ud488 \uc131\ubd84\uc785\ub2c8\ub2e4.","og_url":"https:\/\/naturalpoland.com\/ko\/je-pum\/hwa-jang-pum-won-ryo\/pep-ta-i-deu\/%ec%98%ac%eb%a6%ac%ea%b3%a0%ed%8e%a9%ed%83%80%ec%9d%b4%eb%93%9c-5\/","og_site_name":"NATURAL POLAND - Hurtowy Dystrybutor Surowc\u00f3w","article_publisher":"https:\/\/www.facebook.com\/naturalpoland.b2b","article_modified_time":"2026-02-04T12:12:36+00:00","og_image":[{"width":612,"height":612,"url":"https:\/\/naturalpoland.com\/wp-content\/uploads\/oligopeptide-5.webp","type":"image\/webp"}],"schema":{"@context":"https:\/\/schema.org","@graph":[{"@type":"WebPage","@id":"https:\/\/naturalpoland.com\/ko\/je-pum\/hwa-jang-pum-won-ryo\/pep-ta-i-deu\/%ec%98%ac%eb%a6%ac%ea%b3%a0%ed%8e%a9%ed%83%80%ec%9d%b4%eb%93%9c-5\/","url":"https:\/\/naturalpoland.com\/ko\/je-pum\/hwa-jang-pum-won-ryo\/pep-ta-i-deu\/%ec%98%ac%eb%a6%ac%ea%b3%a0%ed%8e%a9%ed%83%80%ec%9d%b4%eb%93%9c-5\/","name":"\uc62c\ub9ac\uace0\ud3a9\ud0c0\uc774\ub4dc-5 - Hurtowy Dystrybutor","isPartOf":{"@id":"https:\/\/naturalpoland.com\/ko\/#website"},"primaryImageOfPage":{"@id":"https:\/\/naturalpoland.com\/ko\/je-pum\/hwa-jang-pum-won-ryo\/pep-ta-i-deu\/%ec%98%ac%eb%a6%ac%ea%b3%a0%ed%8e%a9%ed%83%80%ec%9d%b4%eb%93%9c-5\/#primaryimage"},"image":{"@id":"https:\/\/naturalpoland.com\/ko\/je-pum\/hwa-jang-pum-won-ryo\/pep-ta-i-deu\/%ec%98%ac%eb%a6%ac%ea%b3%a0%ed%8e%a9%ed%83%80%ec%9d%b4%eb%93%9c-5\/#primaryimage"},"thumbnailUrl":"https:\/\/naturalpoland.com\/wp-content\/uploads\/oligopeptide-5.webp","datePublished":"2024-01-04T13:50:05+00:00","dateModified":"2026-02-04T12:12:36+00:00","description":"\uc62c\ub9ac\uace0\ud3a9\ud0c0\uc774\ub4dc-5\ub294 \uc12c\uc720\uc544\uc138\ud3ec \uc131\uc7a5 \uc778\uc790(FGF) \uacc4\uc5f4\uc5d0 \uc18d\ud558\ub294 \uace0\uae09 \ud654\uc7a5\ud488 \uc131\ubd84\uc785\ub2c8\ub2e4.","breadcrumb":{"@id":"https:\/\/naturalpoland.com\/ko\/je-pum\/hwa-jang-pum-won-ryo\/pep-ta-i-deu\/%ec%98%ac%eb%a6%ac%ea%b3%a0%ed%8e%a9%ed%83%80%ec%9d%b4%eb%93%9c-5\/#breadcrumb"},"inLanguage":"ko-KR","potentialAction":[{"@type":"ReadAction","target":["https:\/\/naturalpoland.com\/ko\/je-pum\/hwa-jang-pum-won-ryo\/pep-ta-i-deu\/%ec%98%ac%eb%a6%ac%ea%b3%a0%ed%8e%a9%ed%83%80%ec%9d%b4%eb%93%9c-5\/"]}]},{"@type":"ImageObject","inLanguage":"ko-KR","@id":"https:\/\/naturalpoland.com\/ko\/je-pum\/hwa-jang-pum-won-ryo\/pep-ta-i-deu\/%ec%98%ac%eb%a6%ac%ea%b3%a0%ed%8e%a9%ed%83%80%ec%9d%b4%eb%93%9c-5\/#primaryimage","url":"https:\/\/naturalpoland.com\/wp-content\/uploads\/oligopeptide-5.webp","contentUrl":"https:\/\/naturalpoland.com\/wp-content\/uploads\/oligopeptide-5.webp","width":612,"height":612,"caption":"\uc62c\ub9ac\uace0\ud3a9\ud0c0\uc774\ub4dc-5"},{"@type":"BreadcrumbList","@id":"https:\/\/naturalpoland.com\/ko\/je-pum\/hwa-jang-pum-won-ryo\/pep-ta-i-deu\/%ec%98%ac%eb%a6%ac%ea%b3%a0%ed%8e%a9%ed%83%80%ec%9d%b4%eb%93%9c-5\/#breadcrumb","itemListElement":[{"@type":"ListItem","position":1,"name":"\ud648","item":"https:\/\/naturalpoland.com\/ko\/"},{"@type":"ListItem","position":2,"name":"\uc81c\ud488","item":"https:\/\/naturalpoland.com\/ko\/%ec%a0%9c%ed%92%88\/"},{"@type":"ListItem","position":3,"name":"\uc62c\ub9ac\uace0\ud3a9\ud0c0\uc774\ub4dc-5"}]},{"@type":"WebSite","@id":"https:\/\/naturalpoland.com\/ko\/#website","url":"https:\/\/naturalpoland.com\/ko\/","name":"NATURAL POLAND - Hurtowy Dystrybutor Surowc\u00f3w","description":"Surowce dla przemys\u0142u spo\u017cywczego, kosmetycznego i farmaceutycznego","publisher":{"@id":"https:\/\/naturalpoland.com\/ko\/#organization"},"potentialAction":[{"@type":"SearchAction","target":{"@type":"EntryPoint","urlTemplate":"https:\/\/naturalpoland.com\/ko\/?s={search_term_string}"},"query-input":{"@type":"PropertyValueSpecification","valueRequired":true,"valueName":"search_term_string"}}],"inLanguage":"ko-KR"},{"@type":"Organization","@id":"https:\/\/naturalpoland.com\/ko\/#organization","name":"Natural Poland","url":"https:\/\/naturalpoland.com\/ko\/","logo":{"@type":"ImageObject","inLanguage":"ko-KR","@id":"https:\/\/naturalpoland.com\/ko\/#\/schema\/logo\/image\/","url":"https:\/\/naturalpoland.com\/wp-content\/uploads\/2021\/05\/natural-poland-icon.png","contentUrl":"https:\/\/naturalpoland.com\/wp-content\/uploads\/2021\/05\/natural-poland-icon.png","width":512,"height":512,"caption":"Natural Poland"},"image":{"@id":"https:\/\/naturalpoland.com\/ko\/#\/schema\/logo\/image\/"},"sameAs":["https:\/\/www.facebook.com\/naturalpoland.b2b","https:\/\/pl.linkedin.com\/company\/natural-poland","https:\/\/www.youtube.com\/channel\/UCgeGGkvOMahZo-xu_MSEWxg"]}]}},"_links":{"self":[{"href":"https:\/\/naturalpoland.com\/ko\/wp-json\/wp\/v2\/product\/45440","targetHints":{"allow":["GET"]}}],"collection":[{"href":"https:\/\/naturalpoland.com\/ko\/wp-json\/wp\/v2\/product"}],"about":[{"href":"https:\/\/naturalpoland.com\/ko\/wp-json\/wp\/v2\/types\/product"}],"wp:featuredmedia":[{"embeddable":true,"href":"https:\/\/naturalpoland.com\/ko\/wp-json\/wp\/v2\/media\/45441"}],"wp:attachment":[{"href":"https:\/\/naturalpoland.com\/ko\/wp-json\/wp\/v2\/media?parent=45440"}],"wp:term":[{"taxonomy":"product_brand","embeddable":true,"href":"https:\/\/naturalpoland.com\/ko\/wp-json\/wp\/v2\/product_brand?post=45440"},{"taxonomy":"product_cat","embeddable":true,"href":"https:\/\/naturalpoland.com\/ko\/wp-json\/wp\/v2\/product_cat?post=45440"},{"taxonomy":"product_tag","embeddable":true,"href":"https:\/\/naturalpoland.com\/ko\/wp-json\/wp\/v2\/product_tag?post=45440"}],"curies":[{"name":"wp","href":"https:\/\/api.w.org\/{rel}","templated":true}]}}