{"id":45460,"date":"2024-01-16T16:18:33","date_gmt":"2024-01-16T15:18:33","guid":{"rendered":"https:\/\/naturalpoland.com\/produkty\/uncategorized\/%ec%95%84%ec%84%b8%ed%8b%b8-%eb%8b%a4%ec%9d%b4%ed%8e%a9%ed%83%80%ec%9d%b4%eb%93%9c-1-%ec%84%b8%ed%8b%b8-%ec%97%90%ec%8a%a4%ed%84%b0\/"},"modified":"2026-02-04T13:14:15","modified_gmt":"2026-02-04T12:14:15","slug":"%ec%95%84%ec%84%b8%ed%8b%b8-%eb%8b%a4%ec%9d%b4%ed%8e%a9%ed%83%80%ec%9d%b4%eb%93%9c-1-%ec%84%b8%ed%8b%b8-%ec%97%90%ec%8a%a4%ed%84%b0","status":"publish","type":"product","link":"https:\/\/naturalpoland.com\/ko\/je-pum\/hwa-jang-pum-won-ryo\/pep-ta-i-deu\/%ec%95%84%ec%84%b8%ed%8b%b8-%eb%8b%a4%ec%9d%b4%ed%8e%a9%ed%83%80%ec%9d%b4%eb%93%9c-1-%ec%84%b8%ed%8b%b8-%ec%97%90%ec%8a%a4%ed%84%b0\/","title":{"rendered":"\uc544\uc138\ud2f8 \ub2e4\uc774\ud3a9\ud0c0\uc774\ub4dc-1 \uc138\ud2f8 \uc5d0\uc2a4\ud130"},"content":{"rendered":"<h2>\uc791\uc6a9 \uba54\ucee4\ub2c8\uc998:<\/h2>\n<p>\uc544\uc138\ud2f8 \ub2e4\uc774\ud3a9\ud0c0\uc774\ub4dc-1 \uc138\ud2f8 \uc5d0\uc2a4\ud130\ub294 \ubca0\ud0c0-\uc5d4\ub3c4\ub974\ud540\uc758 \uad6c\uc870\ub97c \ubaa8\ubc29\ud558\uc5ec \uc790\uadf9\uc744 \uc644\ud654\ud558\uace0 CGPR \ubc29\ucd9c\uc744 \uc5b5\uc81c\ud569\ub2c8\ub2e4. \uc774\ub97c \ud1b5\ud574 \uc5fc\uc99d \uc720\ubc1c \uc778\uc790 \ud569\uc131\uc744 \uc904\uc774\uace0 \uc5fc\uc99d \ubc0f \ud53c\ubd80 \uc791\uc5f4\uac10\uc744 \uc644\ud654\ud569\ub2c8\ub2e4. \ub3c5\ud2b9\ud55c \uc9c0\uc9c8 \uad6c\uc870\ub294 \ud53c\ubd80\uc5d0 \ud544\uc218 \uc9c0\ubc29\uc744 \uacf5\uae09\ud558\uace0 \uc218\ubd84 \uc99d\ubc1c\uc744 \uc904\uc5ec \ud53c\ubd80\ub97c \ubd80\ub4dc\ub7fd\uace0 \ube5b\ub098\uac8c \ud569\ub2c8\ub2e4. \uc774 \ud3a9\ud0c0\uc774\ub4dc\ub294 \ud53c\ubd80 \uac01\uc9c8\uce35\uc744 \uc27d\uac8c \uce68\ud22c\ud558\uc5ec \uae4a\uc740 \uce35\uae4c\uc9c0 \ub3c4\ub2ec\ud558\uc5ec \ud6a8\uacfc\uc801\uc73c\ub85c \uc791\uc6a9\ud560 \uc218 \uc788\uc2b5\ub2c8\ub2e4.  <\/p>\n<h2>\uc801\uc6a9 \ubd84\uc57c:<\/h2>\n<p>\uc544\uc138\ud2f8 \ub2e4\uc774\ud3a9\ud0c0\uc774\ub4dc-1 \uc138\ud2f8 \uc5d0\uc2a4\ud130\ub294 \uc138\ub7fc, \uc544\uc774\ud06c\ub9bc, \ud398\uc774\uc2a4 \ub9c8\uc2a4\ud06c, \ubcf4\uc2b5 \ud06c\ub9bc \ub4f1 \ub2e4\uc591\ud55c \ud654\uc7a5\ud488\uc5d0 \ub110\ub9ac \uc0ac\uc6a9\ub429\ub2c8\ub2e4. <strong>\uc774 \uc131\ubd84\uc740 \ud56d\uc5fc\uc99d, \ud56d\uc54c\ub808\ub974\uae30, \uc9c4\uc815, \ud53c\ubd80 \uc7ac\uc0dd \ubc0f \uc804\ubc18\uc801\uc778 \ud53c\ubd80 \uc0c1\ud0dc \uac1c\uc120\uc5d0 \uae30\uc5ec\ud569\ub2c8\ub2e4.<\/strong><\/p>\n<p>\ud654\uc7a5\ud488\uc5d0 \uad8c\uc7a5\ub418\ub294 \ucca8\uac00 \ub18d\ub3c4\ub294 0.01%\uc5d0\uc11c 0.025%\uc785\ub2c8\ub2e4. \uc774 \uc131\ubd84\uc740 \ubbfc\uac10\ud558\uace0 \uc790\uadf9\ubc1b\uc740 \ud53c\ubd80, \uc9d1\uc911\uc801\uc778 \uc7ac\uc0dd \ubc0f \ubcf4\uc2b5\uc774 \ud544\uc694\ud55c \ud53c\ubd80\ub97c \uc704\ud55c \uc81c\ud488\uc5d0 \ud2b9\ud788 \uad8c\uc7a5\ub429\ub2c8\ub2e4. <\/p>\n","protected":false},"excerpt":{"rendered":"<p>\uc544\uc138\ud2f8 \ub2e4\uc774\ud3a9\ud0c0\uc774\ub4dc-1 \uc138\ud2f8 \uc5d0\uc2a4\ud130\ub294 \uc21c\ub3c4 \u226598%\uc758 \uc0dd\ubb3c\ud559\uc801 \ubc1c\ud6a8 \ubc29\uc2dd\uc73c\ub85c \uc0dd\uc0b0\ub418\ub294 \uace0\uae09 \ud65c\uc131 \ud654\uc7a5\ud488 \uc131\ubd84\uc785\ub2c8\ub2e4. \ud0c1\uc6d4\ud55c \ud2b9\uc131 \ub355\ubd84\uc5d0 \uc774 \ud3a9\ud0c0\uc774\ub4dc\ub294 \ud53c\ubd80 \uc0c1\ud0dc \uac1c\uc120\uc5d0 \ud06c\uac8c \uae30\uc5ec\ud558\uba70, \ub2e4\uc591\ud55c \uc2a4\ud0a8\ucf00\uc5b4 \ubc0f \uc7ac\uc0dd \ud6a8\uacfc\ub97c \uc81c\uacf5\ud569\ub2c8\ub2e4. <\/p>\n","protected":false},"featured_media":45461,"template":"","meta":{"_acf_changed":false},"product_brand":[],"product_cat":[8157],"product_tag":[],"class_list":{"0":"post-45460","1":"product","2":"type-product","3":"status-publish","4":"has-post-thumbnail","6":"product_cat-pep-ta-i-deu","7":"pa_metoda-pozyskiwania-8282","9":"first","10":"instock","11":"shipping-taxable","12":"product-type-simple"},"acf":[],"yoast_head":"<!-- This site is optimized with the Yoast SEO plugin v27.5 - https:\/\/yoast.com\/product\/yoast-seo-wordpress\/ -->\n<title>\uc544\uc138\ud2f8 \ub2e4\uc774\ud3a9\ud0c0\uc774\ub4dc-1 \uc138\ud2f8 \uc5d0\uc2a4\ud130 - Hurtowy Dystrybutor<\/title>\n<meta name=\"description\" content=\"\uc544\uc138\ud2f8 \ub2e4\uc774\ud3a9\ud0c0\uc774\ub4dc-1 \uc138\ud2f8 \uc5d0\uc2a4\ud130\ub294 \ud53c\ubd80 \uc0c1\ud0dc \uac1c\uc120\uc5d0 \ud06c\uac8c \uae30\uc5ec\ud558\uba70, \ub2e4\uc591\ud55c \uc2a4\ud0a8\ucf00\uc5b4 \ubc0f \uc7ac\uc0dd \ud6a8\uacfc\ub97c \uc81c\uacf5\ud569\ub2c8\ub2e4.\" \/>\n<meta name=\"robots\" content=\"index, follow, max-snippet:-1, max-image-preview:large, max-video-preview:-1\" \/>\n<link rel=\"canonical\" href=\"https:\/\/naturalpoland.com\/ko\/je-pum\/hwa-jang-pum-won-ryo\/pep-ta-i-deu\/%ec%95%84%ec%84%b8%ed%8b%b8-%eb%8b%a4%ec%9d%b4%ed%8e%a9%ed%83%80%ec%9d%b4%eb%93%9c-1-%ec%84%b8%ed%8b%b8-%ec%97%90%ec%8a%a4%ed%84%b0\/\" \/>\n<meta property=\"og:locale\" content=\"ko_KR\" \/>\n<meta property=\"og:type\" content=\"article\" \/>\n<meta property=\"og:title\" content=\"\uc544\uc138\ud2f8 \ub2e4\uc774\ud3a9\ud0c0\uc774\ub4dc-1 \uc138\ud2f8 \uc5d0\uc2a4\ud130 - Hurtowy Dystrybutor\" \/>\n<meta property=\"og:description\" content=\"\uc544\uc138\ud2f8 \ub2e4\uc774\ud3a9\ud0c0\uc774\ub4dc-1 \uc138\ud2f8 \uc5d0\uc2a4\ud130\ub294 \ud53c\ubd80 \uc0c1\ud0dc \uac1c\uc120\uc5d0 \ud06c\uac8c \uae30\uc5ec\ud558\uba70, \ub2e4\uc591\ud55c \uc2a4\ud0a8\ucf00\uc5b4 \ubc0f \uc7ac\uc0dd \ud6a8\uacfc\ub97c \uc81c\uacf5\ud569\ub2c8\ub2e4.\" \/>\n<meta property=\"og:url\" content=\"https:\/\/naturalpoland.com\/ko\/je-pum\/hwa-jang-pum-won-ryo\/pep-ta-i-deu\/%ec%95%84%ec%84%b8%ed%8b%b8-%eb%8b%a4%ec%9d%b4%ed%8e%a9%ed%83%80%ec%9d%b4%eb%93%9c-1-%ec%84%b8%ed%8b%b8-%ec%97%90%ec%8a%a4%ed%84%b0\/\" \/>\n<meta property=\"og:site_name\" content=\"NATURAL POLAND - Hurtowy Dystrybutor Surowc\u00f3w\" \/>\n<meta property=\"article:publisher\" content=\"https:\/\/www.facebook.com\/naturalpoland.b2b\" \/>\n<meta property=\"article:modified_time\" content=\"2026-02-04T12:14:15+00:00\" \/>\n<meta property=\"og:image\" content=\"https:\/\/naturalpoland.com\/wp-content\/uploads\/acetyl_dipeptide-1_cetyl_ester.webp\" \/>\n\t<meta property=\"og:image:width\" content=\"618\" \/>\n\t<meta property=\"og:image:height\" content=\"618\" \/>\n\t<meta property=\"og:image:type\" content=\"image\/webp\" \/>\n<script type=\"application\/ld+json\" class=\"yoast-schema-graph\">{\"@context\":\"https:\\\/\\\/schema.org\",\"@graph\":[{\"@type\":\"WebPage\",\"@id\":\"https:\\\/\\\/naturalpoland.com\\\/ko\\\/je-pum\\\/hwa-jang-pum-won-ryo\\\/pep-ta-i-deu\\\/%ec%95%84%ec%84%b8%ed%8b%b8-%eb%8b%a4%ec%9d%b4%ed%8e%a9%ed%83%80%ec%9d%b4%eb%93%9c-1-%ec%84%b8%ed%8b%b8-%ec%97%90%ec%8a%a4%ed%84%b0\\\/\",\"url\":\"https:\\\/\\\/naturalpoland.com\\\/ko\\\/je-pum\\\/hwa-jang-pum-won-ryo\\\/pep-ta-i-deu\\\/%ec%95%84%ec%84%b8%ed%8b%b8-%eb%8b%a4%ec%9d%b4%ed%8e%a9%ed%83%80%ec%9d%b4%eb%93%9c-1-%ec%84%b8%ed%8b%b8-%ec%97%90%ec%8a%a4%ed%84%b0\\\/\",\"name\":\"\uc544\uc138\ud2f8 \ub2e4\uc774\ud3a9\ud0c0\uc774\ub4dc-1 \uc138\ud2f8 \uc5d0\uc2a4\ud130 - Hurtowy Dystrybutor\",\"isPartOf\":{\"@id\":\"https:\\\/\\\/naturalpoland.com\\\/ko\\\/#website\"},\"primaryImageOfPage\":{\"@id\":\"https:\\\/\\\/naturalpoland.com\\\/ko\\\/je-pum\\\/hwa-jang-pum-won-ryo\\\/pep-ta-i-deu\\\/%ec%95%84%ec%84%b8%ed%8b%b8-%eb%8b%a4%ec%9d%b4%ed%8e%a9%ed%83%80%ec%9d%b4%eb%93%9c-1-%ec%84%b8%ed%8b%b8-%ec%97%90%ec%8a%a4%ed%84%b0\\\/#primaryimage\"},\"image\":{\"@id\":\"https:\\\/\\\/naturalpoland.com\\\/ko\\\/je-pum\\\/hwa-jang-pum-won-ryo\\\/pep-ta-i-deu\\\/%ec%95%84%ec%84%b8%ed%8b%b8-%eb%8b%a4%ec%9d%b4%ed%8e%a9%ed%83%80%ec%9d%b4%eb%93%9c-1-%ec%84%b8%ed%8b%b8-%ec%97%90%ec%8a%a4%ed%84%b0\\\/#primaryimage\"},\"thumbnailUrl\":\"https:\\\/\\\/naturalpoland.com\\\/wp-content\\\/uploads\\\/acetyl_dipeptide-1_cetyl_ester.webp\",\"datePublished\":\"2024-01-16T15:18:33+00:00\",\"dateModified\":\"2026-02-04T12:14:15+00:00\",\"description\":\"\uc544\uc138\ud2f8 \ub2e4\uc774\ud3a9\ud0c0\uc774\ub4dc-1 \uc138\ud2f8 \uc5d0\uc2a4\ud130\ub294 \ud53c\ubd80 \uc0c1\ud0dc \uac1c\uc120\uc5d0 \ud06c\uac8c \uae30\uc5ec\ud558\uba70, \ub2e4\uc591\ud55c \uc2a4\ud0a8\ucf00\uc5b4 \ubc0f \uc7ac\uc0dd \ud6a8\uacfc\ub97c \uc81c\uacf5\ud569\ub2c8\ub2e4.\",\"breadcrumb\":{\"@id\":\"https:\\\/\\\/naturalpoland.com\\\/ko\\\/je-pum\\\/hwa-jang-pum-won-ryo\\\/pep-ta-i-deu\\\/%ec%95%84%ec%84%b8%ed%8b%b8-%eb%8b%a4%ec%9d%b4%ed%8e%a9%ed%83%80%ec%9d%b4%eb%93%9c-1-%ec%84%b8%ed%8b%b8-%ec%97%90%ec%8a%a4%ed%84%b0\\\/#breadcrumb\"},\"inLanguage\":\"ko-KR\",\"potentialAction\":[{\"@type\":\"ReadAction\",\"target\":[\"https:\\\/\\\/naturalpoland.com\\\/ko\\\/je-pum\\\/hwa-jang-pum-won-ryo\\\/pep-ta-i-deu\\\/%ec%95%84%ec%84%b8%ed%8b%b8-%eb%8b%a4%ec%9d%b4%ed%8e%a9%ed%83%80%ec%9d%b4%eb%93%9c-1-%ec%84%b8%ed%8b%b8-%ec%97%90%ec%8a%a4%ed%84%b0\\\/\"]}]},{\"@type\":\"ImageObject\",\"inLanguage\":\"ko-KR\",\"@id\":\"https:\\\/\\\/naturalpoland.com\\\/ko\\\/je-pum\\\/hwa-jang-pum-won-ryo\\\/pep-ta-i-deu\\\/%ec%95%84%ec%84%b8%ed%8b%b8-%eb%8b%a4%ec%9d%b4%ed%8e%a9%ed%83%80%ec%9d%b4%eb%93%9c-1-%ec%84%b8%ed%8b%b8-%ec%97%90%ec%8a%a4%ed%84%b0\\\/#primaryimage\",\"url\":\"https:\\\/\\\/naturalpoland.com\\\/wp-content\\\/uploads\\\/acetyl_dipeptide-1_cetyl_ester.webp\",\"contentUrl\":\"https:\\\/\\\/naturalpoland.com\\\/wp-content\\\/uploads\\\/acetyl_dipeptide-1_cetyl_ester.webp\",\"width\":618,\"height\":618,\"caption\":\"\uc544\uc138\ud2f8 \ub2e4\uc774\ud3a9\ud0c0\uc774\ub4dc-1 \uc138\ud2f8 \uc5d0\uc2a4\ud130\"},{\"@type\":\"BreadcrumbList\",\"@id\":\"https:\\\/\\\/naturalpoland.com\\\/ko\\\/je-pum\\\/hwa-jang-pum-won-ryo\\\/pep-ta-i-deu\\\/%ec%95%84%ec%84%b8%ed%8b%b8-%eb%8b%a4%ec%9d%b4%ed%8e%a9%ed%83%80%ec%9d%b4%eb%93%9c-1-%ec%84%b8%ed%8b%b8-%ec%97%90%ec%8a%a4%ed%84%b0\\\/#breadcrumb\",\"itemListElement\":[{\"@type\":\"ListItem\",\"position\":1,\"name\":\"\ud648\",\"item\":\"https:\\\/\\\/naturalpoland.com\\\/ko\\\/\"},{\"@type\":\"ListItem\",\"position\":2,\"name\":\"\uc81c\ud488\",\"item\":\"https:\\\/\\\/naturalpoland.com\\\/ko\\\/%ec%a0%9c%ed%92%88\\\/\"},{\"@type\":\"ListItem\",\"position\":3,\"name\":\"\uc544\uc138\ud2f8 \ub2e4\uc774\ud3a9\ud0c0\uc774\ub4dc-1 \uc138\ud2f8 \uc5d0\uc2a4\ud130\"}]},{\"@type\":\"WebSite\",\"@id\":\"https:\\\/\\\/naturalpoland.com\\\/ko\\\/#website\",\"url\":\"https:\\\/\\\/naturalpoland.com\\\/ko\\\/\",\"name\":\"NATURAL POLAND - Hurtowy Dystrybutor Surowc\u00f3w\",\"description\":\"Surowce dla przemys\u0142u spo\u017cywczego, kosmetycznego i farmaceutycznego\",\"publisher\":{\"@id\":\"https:\\\/\\\/naturalpoland.com\\\/ko\\\/#organization\"},\"potentialAction\":[{\"@type\":\"SearchAction\",\"target\":{\"@type\":\"EntryPoint\",\"urlTemplate\":\"https:\\\/\\\/naturalpoland.com\\\/ko\\\/?s={search_term_string}\"},\"query-input\":{\"@type\":\"PropertyValueSpecification\",\"valueRequired\":true,\"valueName\":\"search_term_string\"}}],\"inLanguage\":\"ko-KR\"},{\"@type\":\"Organization\",\"@id\":\"https:\\\/\\\/naturalpoland.com\\\/ko\\\/#organization\",\"name\":\"Natural Poland\",\"url\":\"https:\\\/\\\/naturalpoland.com\\\/ko\\\/\",\"logo\":{\"@type\":\"ImageObject\",\"inLanguage\":\"ko-KR\",\"@id\":\"https:\\\/\\\/naturalpoland.com\\\/ko\\\/#\\\/schema\\\/logo\\\/image\\\/\",\"url\":\"https:\\\/\\\/naturalpoland.com\\\/wp-content\\\/uploads\\\/2021\\\/05\\\/natural-poland-icon.png\",\"contentUrl\":\"https:\\\/\\\/naturalpoland.com\\\/wp-content\\\/uploads\\\/2021\\\/05\\\/natural-poland-icon.png\",\"width\":512,\"height\":512,\"caption\":\"Natural Poland\"},\"image\":{\"@id\":\"https:\\\/\\\/naturalpoland.com\\\/ko\\\/#\\\/schema\\\/logo\\\/image\\\/\"},\"sameAs\":[\"https:\\\/\\\/www.facebook.com\\\/naturalpoland.b2b\",\"https:\\\/\\\/pl.linkedin.com\\\/company\\\/natural-poland\",\"https:\\\/\\\/www.youtube.com\\\/channel\\\/UCgeGGkvOMahZo-xu_MSEWxg\"]}]}<\/script>\n<!-- \/ Yoast SEO plugin. -->","yoast_head_json":{"title":"\uc544\uc138\ud2f8 \ub2e4\uc774\ud3a9\ud0c0\uc774\ub4dc-1 \uc138\ud2f8 \uc5d0\uc2a4\ud130 - Hurtowy Dystrybutor","description":"\uc544\uc138\ud2f8 \ub2e4\uc774\ud3a9\ud0c0\uc774\ub4dc-1 \uc138\ud2f8 \uc5d0\uc2a4\ud130\ub294 \ud53c\ubd80 \uc0c1\ud0dc \uac1c\uc120\uc5d0 \ud06c\uac8c \uae30\uc5ec\ud558\uba70, \ub2e4\uc591\ud55c \uc2a4\ud0a8\ucf00\uc5b4 \ubc0f \uc7ac\uc0dd \ud6a8\uacfc\ub97c \uc81c\uacf5\ud569\ub2c8\ub2e4.","robots":{"index":"index","follow":"follow","max-snippet":"max-snippet:-1","max-image-preview":"max-image-preview:large","max-video-preview":"max-video-preview:-1"},"canonical":"https:\/\/naturalpoland.com\/ko\/je-pum\/hwa-jang-pum-won-ryo\/pep-ta-i-deu\/%ec%95%84%ec%84%b8%ed%8b%b8-%eb%8b%a4%ec%9d%b4%ed%8e%a9%ed%83%80%ec%9d%b4%eb%93%9c-1-%ec%84%b8%ed%8b%b8-%ec%97%90%ec%8a%a4%ed%84%b0\/","og_locale":"ko_KR","og_type":"article","og_title":"\uc544\uc138\ud2f8 \ub2e4\uc774\ud3a9\ud0c0\uc774\ub4dc-1 \uc138\ud2f8 \uc5d0\uc2a4\ud130 - Hurtowy Dystrybutor","og_description":"\uc544\uc138\ud2f8 \ub2e4\uc774\ud3a9\ud0c0\uc774\ub4dc-1 \uc138\ud2f8 \uc5d0\uc2a4\ud130\ub294 \ud53c\ubd80 \uc0c1\ud0dc \uac1c\uc120\uc5d0 \ud06c\uac8c \uae30\uc5ec\ud558\uba70, \ub2e4\uc591\ud55c \uc2a4\ud0a8\ucf00\uc5b4 \ubc0f \uc7ac\uc0dd \ud6a8\uacfc\ub97c \uc81c\uacf5\ud569\ub2c8\ub2e4.","og_url":"https:\/\/naturalpoland.com\/ko\/je-pum\/hwa-jang-pum-won-ryo\/pep-ta-i-deu\/%ec%95%84%ec%84%b8%ed%8b%b8-%eb%8b%a4%ec%9d%b4%ed%8e%a9%ed%83%80%ec%9d%b4%eb%93%9c-1-%ec%84%b8%ed%8b%b8-%ec%97%90%ec%8a%a4%ed%84%b0\/","og_site_name":"NATURAL POLAND - Hurtowy Dystrybutor Surowc\u00f3w","article_publisher":"https:\/\/www.facebook.com\/naturalpoland.b2b","article_modified_time":"2026-02-04T12:14:15+00:00","og_image":[{"width":618,"height":618,"url":"https:\/\/naturalpoland.com\/wp-content\/uploads\/acetyl_dipeptide-1_cetyl_ester.webp","type":"image\/webp"}],"schema":{"@context":"https:\/\/schema.org","@graph":[{"@type":"WebPage","@id":"https:\/\/naturalpoland.com\/ko\/je-pum\/hwa-jang-pum-won-ryo\/pep-ta-i-deu\/%ec%95%84%ec%84%b8%ed%8b%b8-%eb%8b%a4%ec%9d%b4%ed%8e%a9%ed%83%80%ec%9d%b4%eb%93%9c-1-%ec%84%b8%ed%8b%b8-%ec%97%90%ec%8a%a4%ed%84%b0\/","url":"https:\/\/naturalpoland.com\/ko\/je-pum\/hwa-jang-pum-won-ryo\/pep-ta-i-deu\/%ec%95%84%ec%84%b8%ed%8b%b8-%eb%8b%a4%ec%9d%b4%ed%8e%a9%ed%83%80%ec%9d%b4%eb%93%9c-1-%ec%84%b8%ed%8b%b8-%ec%97%90%ec%8a%a4%ed%84%b0\/","name":"\uc544\uc138\ud2f8 \ub2e4\uc774\ud3a9\ud0c0\uc774\ub4dc-1 \uc138\ud2f8 \uc5d0\uc2a4\ud130 - Hurtowy Dystrybutor","isPartOf":{"@id":"https:\/\/naturalpoland.com\/ko\/#website"},"primaryImageOfPage":{"@id":"https:\/\/naturalpoland.com\/ko\/je-pum\/hwa-jang-pum-won-ryo\/pep-ta-i-deu\/%ec%95%84%ec%84%b8%ed%8b%b8-%eb%8b%a4%ec%9d%b4%ed%8e%a9%ed%83%80%ec%9d%b4%eb%93%9c-1-%ec%84%b8%ed%8b%b8-%ec%97%90%ec%8a%a4%ed%84%b0\/#primaryimage"},"image":{"@id":"https:\/\/naturalpoland.com\/ko\/je-pum\/hwa-jang-pum-won-ryo\/pep-ta-i-deu\/%ec%95%84%ec%84%b8%ed%8b%b8-%eb%8b%a4%ec%9d%b4%ed%8e%a9%ed%83%80%ec%9d%b4%eb%93%9c-1-%ec%84%b8%ed%8b%b8-%ec%97%90%ec%8a%a4%ed%84%b0\/#primaryimage"},"thumbnailUrl":"https:\/\/naturalpoland.com\/wp-content\/uploads\/acetyl_dipeptide-1_cetyl_ester.webp","datePublished":"2024-01-16T15:18:33+00:00","dateModified":"2026-02-04T12:14:15+00:00","description":"\uc544\uc138\ud2f8 \ub2e4\uc774\ud3a9\ud0c0\uc774\ub4dc-1 \uc138\ud2f8 \uc5d0\uc2a4\ud130\ub294 \ud53c\ubd80 \uc0c1\ud0dc \uac1c\uc120\uc5d0 \ud06c\uac8c \uae30\uc5ec\ud558\uba70, \ub2e4\uc591\ud55c \uc2a4\ud0a8\ucf00\uc5b4 \ubc0f \uc7ac\uc0dd \ud6a8\uacfc\ub97c \uc81c\uacf5\ud569\ub2c8\ub2e4.","breadcrumb":{"@id":"https:\/\/naturalpoland.com\/ko\/je-pum\/hwa-jang-pum-won-ryo\/pep-ta-i-deu\/%ec%95%84%ec%84%b8%ed%8b%b8-%eb%8b%a4%ec%9d%b4%ed%8e%a9%ed%83%80%ec%9d%b4%eb%93%9c-1-%ec%84%b8%ed%8b%b8-%ec%97%90%ec%8a%a4%ed%84%b0\/#breadcrumb"},"inLanguage":"ko-KR","potentialAction":[{"@type":"ReadAction","target":["https:\/\/naturalpoland.com\/ko\/je-pum\/hwa-jang-pum-won-ryo\/pep-ta-i-deu\/%ec%95%84%ec%84%b8%ed%8b%b8-%eb%8b%a4%ec%9d%b4%ed%8e%a9%ed%83%80%ec%9d%b4%eb%93%9c-1-%ec%84%b8%ed%8b%b8-%ec%97%90%ec%8a%a4%ed%84%b0\/"]}]},{"@type":"ImageObject","inLanguage":"ko-KR","@id":"https:\/\/naturalpoland.com\/ko\/je-pum\/hwa-jang-pum-won-ryo\/pep-ta-i-deu\/%ec%95%84%ec%84%b8%ed%8b%b8-%eb%8b%a4%ec%9d%b4%ed%8e%a9%ed%83%80%ec%9d%b4%eb%93%9c-1-%ec%84%b8%ed%8b%b8-%ec%97%90%ec%8a%a4%ed%84%b0\/#primaryimage","url":"https:\/\/naturalpoland.com\/wp-content\/uploads\/acetyl_dipeptide-1_cetyl_ester.webp","contentUrl":"https:\/\/naturalpoland.com\/wp-content\/uploads\/acetyl_dipeptide-1_cetyl_ester.webp","width":618,"height":618,"caption":"\uc544\uc138\ud2f8 \ub2e4\uc774\ud3a9\ud0c0\uc774\ub4dc-1 \uc138\ud2f8 \uc5d0\uc2a4\ud130"},{"@type":"BreadcrumbList","@id":"https:\/\/naturalpoland.com\/ko\/je-pum\/hwa-jang-pum-won-ryo\/pep-ta-i-deu\/%ec%95%84%ec%84%b8%ed%8b%b8-%eb%8b%a4%ec%9d%b4%ed%8e%a9%ed%83%80%ec%9d%b4%eb%93%9c-1-%ec%84%b8%ed%8b%b8-%ec%97%90%ec%8a%a4%ed%84%b0\/#breadcrumb","itemListElement":[{"@type":"ListItem","position":1,"name":"\ud648","item":"https:\/\/naturalpoland.com\/ko\/"},{"@type":"ListItem","position":2,"name":"\uc81c\ud488","item":"https:\/\/naturalpoland.com\/ko\/%ec%a0%9c%ed%92%88\/"},{"@type":"ListItem","position":3,"name":"\uc544\uc138\ud2f8 \ub2e4\uc774\ud3a9\ud0c0\uc774\ub4dc-1 \uc138\ud2f8 \uc5d0\uc2a4\ud130"}]},{"@type":"WebSite","@id":"https:\/\/naturalpoland.com\/ko\/#website","url":"https:\/\/naturalpoland.com\/ko\/","name":"NATURAL POLAND - Hurtowy Dystrybutor Surowc\u00f3w","description":"Surowce dla przemys\u0142u spo\u017cywczego, kosmetycznego i farmaceutycznego","publisher":{"@id":"https:\/\/naturalpoland.com\/ko\/#organization"},"potentialAction":[{"@type":"SearchAction","target":{"@type":"EntryPoint","urlTemplate":"https:\/\/naturalpoland.com\/ko\/?s={search_term_string}"},"query-input":{"@type":"PropertyValueSpecification","valueRequired":true,"valueName":"search_term_string"}}],"inLanguage":"ko-KR"},{"@type":"Organization","@id":"https:\/\/naturalpoland.com\/ko\/#organization","name":"Natural Poland","url":"https:\/\/naturalpoland.com\/ko\/","logo":{"@type":"ImageObject","inLanguage":"ko-KR","@id":"https:\/\/naturalpoland.com\/ko\/#\/schema\/logo\/image\/","url":"https:\/\/naturalpoland.com\/wp-content\/uploads\/2021\/05\/natural-poland-icon.png","contentUrl":"https:\/\/naturalpoland.com\/wp-content\/uploads\/2021\/05\/natural-poland-icon.png","width":512,"height":512,"caption":"Natural Poland"},"image":{"@id":"https:\/\/naturalpoland.com\/ko\/#\/schema\/logo\/image\/"},"sameAs":["https:\/\/www.facebook.com\/naturalpoland.b2b","https:\/\/pl.linkedin.com\/company\/natural-poland","https:\/\/www.youtube.com\/channel\/UCgeGGkvOMahZo-xu_MSEWxg"]}]}},"_links":{"self":[{"href":"https:\/\/naturalpoland.com\/ko\/wp-json\/wp\/v2\/product\/45460","targetHints":{"allow":["GET"]}}],"collection":[{"href":"https:\/\/naturalpoland.com\/ko\/wp-json\/wp\/v2\/product"}],"about":[{"href":"https:\/\/naturalpoland.com\/ko\/wp-json\/wp\/v2\/types\/product"}],"wp:featuredmedia":[{"embeddable":true,"href":"https:\/\/naturalpoland.com\/ko\/wp-json\/wp\/v2\/media\/45461"}],"wp:attachment":[{"href":"https:\/\/naturalpoland.com\/ko\/wp-json\/wp\/v2\/media?parent=45460"}],"wp:term":[{"taxonomy":"product_brand","embeddable":true,"href":"https:\/\/naturalpoland.com\/ko\/wp-json\/wp\/v2\/product_brand?post=45460"},{"taxonomy":"product_cat","embeddable":true,"href":"https:\/\/naturalpoland.com\/ko\/wp-json\/wp\/v2\/product_cat?post=45460"},{"taxonomy":"product_tag","embeddable":true,"href":"https:\/\/naturalpoland.com\/ko\/wp-json\/wp\/v2\/product_tag?post=45460"}],"curies":[{"name":"wp","href":"https:\/\/api.w.org\/{rel}","templated":true}]}}